{"id":161227,"date":"2025-06-14T13:20:22","date_gmt":"2025-06-14T11:20:22","guid":{"rendered":"https:\/\/shopatoa.com\/it\/wella-professionals-color-touch-plus-tinta-per-capelli-colore-33-06-60-ml\/"},"modified":"2025-06-14T13:20:50","modified_gmt":"2025-06-14T11:20:50","slug":"wella-professionals-color-touch-plus-tinta-per-capelli-colore-33-06-60-ml","status":"publish","type":"product","link":"https:\/\/shopatoa.com\/it\/wella-professionals-color-touch-plus-tinta-per-capelli-colore-33-06-60-ml\/","title":{"rendered":"Wella Professionals Color Touch Plus tinta per capelli colore 33\/06 60 ml"},"content":{"rendered":"<p>Wella Professionals Color Touch Plus, 60 ml, Tinte permanenti per capelli per donna, Vuoi ottenere una tonalit\u00e0 di colore brillante a lunga tenuta, coprire i capelli bianchi o cambiare completamente il colore dei tuoi capelli? La tinta permanente per capelli Wella Professionals Color Touch Plus ti regaler\u00e0 il risultato desiderato. Dona ai capelli una tonalit\u00e0 di colore intensa e una lucentezza radiosa, ma a differenza delle tinte semipermanenti, dei prodotti e degli shampoo coloranti, non si lava via n\u00e9 sbiadisce gradualmente, assicurando cos\u00ec ai tuoi capelli una tinta perfetta per molte settimane. La composizione con pigmenti penetra in profondit\u00e0 nella fibra capillare, garantendo un effetto cromatico duraturo che si lava via lentamente nonch\u00e9, per esempio, una copertura perfetta dei capelli grigi. Sia che tu desideri uniformare il colore naturale dei tuoi capelli o cambiarlo completamente, questa tinta permanente non ti deluder\u00e0.  Caratteristiche:  tinge i capelli in modo affidabile dona ai capelli nutrimento e idratazione lascia i capelli sani e morbidi al tatto  Modo d\u2019uso: Solo per uso professionale.<\/p>\n","protected":false},"excerpt":{"rendered":"<p>Wella Professionals Color Touch Plus, 60 ml, Tinte permanenti per capelli per donna, Vuoi ottenere una tonalit\u00e0 di colore brillante a lunga tenuta, coprire i capelli bianchi o cambiare completamente il colore dei tuoi capelli? La tinta permanente per capelli Wella Professionals Color Touch Plus ti regaler\u00e0 il risultato desiderato. Dona ai capelli una tonalit\u00e0&#8230;<\/p>\n","protected":false},"featured_media":161228,"comment_status":"closed","ping_status":"open","template":"","meta":{"_acf_changed":false,"_kadence_starter_templates_imported_post":false,"_kad_post_transparent":"","_kad_post_title":"","_kad_post_layout":"","_kad_post_sidebar_id":"","_kad_post_content_style":"","_kad_post_vertical_padding":"","_kad_post_feature":"","_kad_post_feature_position":"","_kad_post_header":false,"_kad_post_footer":false,"_kad_post_classname":""},"product_brand":[216],"product_cat":[65],"product_tag":[],"class_list":{"0":"post-161227","1":"product","2":"type-product","3":"status-publish","4":"has-post-thumbnail","6":"product_brand-wella-professionals","7":"product_cat-salute-e-bellezza","8":"pa_dimensioni-60-ml","9":"pa_genere-female","11":"first","12":"instock","13":"product-type-external","14":"entry","15":"content-bg","16":"loop-entry"},"acf":[],"yoast_head":"<!-- This site is optimized with the Yoast SEO plugin v27.4 - https:\/\/yoast.com\/product\/yoast-seo-wordpress\/ -->\n<title>Wella Professionals Color Touch Plus tinta per capelli colore 33\/06 60 ml - SHOPATOA.COM<\/title>\n<meta name=\"robots\" content=\"index, follow, max-snippet:-1, max-image-preview:large, max-video-preview:-1\" \/>\n<link rel=\"canonical\" href=\"https:\/\/shopatoa.com\/it\/wella-professionals-color-touch-plus-tinta-per-capelli-colore-33-06-60-ml\/\" \/>\n<meta property=\"og:locale\" content=\"it_IT\" \/>\n<meta property=\"og:type\" content=\"article\" \/>\n<meta property=\"og:title\" content=\"Wella Professionals Color Touch Plus tinta per capelli colore 33\/06 60 ml - SHOPATOA.COM\" \/>\n<meta property=\"og:description\" content=\"Wella Professionals Color Touch Plus, 60 ml, Tinte permanenti per capelli per donna, Vuoi ottenere una tonalit\u00e0 di colore brillante a lunga tenuta, coprire i capelli bianchi o cambiare completamente il colore dei tuoi capelli? La tinta permanente per capelli Wella Professionals Color Touch Plus ti regaler\u00e0 il risultato desiderato. Dona ai capelli una tonalit\u00e0...\" \/>\n<meta property=\"og:url\" content=\"https:\/\/shopatoa.com\/it\/wella-professionals-color-touch-plus-tinta-per-capelli-colore-33-06-60-ml\/\" \/>\n<meta property=\"og:site_name\" content=\"SHOPATOA\" \/>\n<meta property=\"article:modified_time\" content=\"2025-06-14T11:20:50+00:00\" \/>\n<meta property=\"og:image\" content=\"https:\/\/storage.googleapis.com\/cz-shopatoa-img\/it\/f612d32e-unnamed-file.webp\" \/>\n\t<meta property=\"og:image:width\" content=\"800\" \/>\n\t<meta property=\"og:image:height\" content=\"800\" \/>\n\t<meta property=\"og:image:type\" content=\"image\/webp\" \/>\n<meta name=\"twitter:card\" content=\"summary_large_image\" \/>\n<meta name=\"twitter:label1\" content=\"Tempo di lettura stimato\" \/>\n\t<meta name=\"twitter:data1\" content=\"1 minuto\" \/>\n<script type=\"application\/ld+json\" class=\"yoast-schema-graph\">{\"@context\":\"https:\\\/\\\/schema.org\",\"@graph\":[{\"@type\":\"WebPage\",\"@id\":\"https:\\\/\\\/shopatoa.com\\\/it\\\/wella-professionals-color-touch-plus-tinta-per-capelli-colore-33-06-60-ml\\\/\",\"url\":\"https:\\\/\\\/shopatoa.com\\\/it\\\/wella-professionals-color-touch-plus-tinta-per-capelli-colore-33-06-60-ml\\\/\",\"name\":\"Wella Professionals Color Touch Plus tinta per capelli colore 33\\\/06 60 ml - SHOPATOA.COM\",\"isPartOf\":{\"@id\":\"https:\\\/\\\/shopatoa.com\\\/it\\\/#website\"},\"primaryImageOfPage\":{\"@id\":\"https:\\\/\\\/shopatoa.com\\\/it\\\/wella-professionals-color-touch-plus-tinta-per-capelli-colore-33-06-60-ml\\\/#primaryimage\"},\"image\":{\"@id\":\"https:\\\/\\\/shopatoa.com\\\/it\\\/wella-professionals-color-touch-plus-tinta-per-capelli-colore-33-06-60-ml\\\/#primaryimage\"},\"thumbnailUrl\":\"https:\\\/\\\/storage.googleapis.com\\\/cz-shopatoa-img\\\/it\\\/f612d32e-unnamed-file.webp\",\"datePublished\":\"2025-06-14T11:20:22+00:00\",\"dateModified\":\"2025-06-14T11:20:50+00:00\",\"breadcrumb\":{\"@id\":\"https:\\\/\\\/shopatoa.com\\\/it\\\/wella-professionals-color-touch-plus-tinta-per-capelli-colore-33-06-60-ml\\\/#breadcrumb\"},\"inLanguage\":\"it-IT\",\"potentialAction\":[{\"@type\":\"ReadAction\",\"target\":[\"https:\\\/\\\/shopatoa.com\\\/it\\\/wella-professionals-color-touch-plus-tinta-per-capelli-colore-33-06-60-ml\\\/\"]}]},{\"@type\":\"ImageObject\",\"inLanguage\":\"it-IT\",\"@id\":\"https:\\\/\\\/shopatoa.com\\\/it\\\/wella-professionals-color-touch-plus-tinta-per-capelli-colore-33-06-60-ml\\\/#primaryimage\",\"url\":\"https:\\\/\\\/storage.googleapis.com\\\/cz-shopatoa-img\\\/it\\\/f612d32e-unnamed-file.webp\",\"contentUrl\":\"https:\\\/\\\/storage.googleapis.com\\\/cz-shopatoa-img\\\/it\\\/f612d32e-unnamed-file.webp\",\"width\":800,\"height\":800},{\"@type\":\"BreadcrumbList\",\"@id\":\"https:\\\/\\\/shopatoa.com\\\/it\\\/wella-professionals-color-touch-plus-tinta-per-capelli-colore-33-06-60-ml\\\/#breadcrumb\",\"itemListElement\":[{\"@type\":\"ListItem\",\"position\":1,\"name\":\"Dom\u016f\",\"item\":\"https:\\\/\\\/shopatoa.com\\\/it\\\/\"},{\"@type\":\"ListItem\",\"position\":2,\"name\":\"Shop\",\"item\":\"https:\\\/\\\/shopatoa.com\\\/it\\\/shop\\\/\"},{\"@type\":\"ListItem\",\"position\":3,\"name\":\"Wella Professionals Color Touch Plus tinta per capelli colore 33\\\/06 60 ml\"}]},{\"@type\":\"WebSite\",\"@id\":\"https:\\\/\\\/shopatoa.com\\\/it\\\/#website\",\"url\":\"https:\\\/\\\/shopatoa.com\\\/it\\\/\",\"name\":\"SHOPATOA\",\"description\":\"\",\"publisher\":{\"@id\":\"https:\\\/\\\/shopatoa.com\\\/it\\\/#organization\"},\"potentialAction\":[{\"@type\":\"SearchAction\",\"target\":{\"@type\":\"EntryPoint\",\"urlTemplate\":\"https:\\\/\\\/shopatoa.com\\\/it\\\/?s={search_term_string}\"},\"query-input\":{\"@type\":\"PropertyValueSpecification\",\"valueRequired\":true,\"valueName\":\"search_term_string\"}}],\"inLanguage\":\"it-IT\"},{\"@type\":\"Organization\",\"@id\":\"https:\\\/\\\/shopatoa.com\\\/it\\\/#organization\",\"name\":\"SHOPATOA\",\"url\":\"https:\\\/\\\/shopatoa.com\\\/it\\\/\",\"logo\":{\"@type\":\"ImageObject\",\"inLanguage\":\"it-IT\",\"@id\":\"https:\\\/\\\/shopatoa.com\\\/it\\\/#\\\/schema\\\/logo\\\/image\\\/\",\"url\":\"https:\\\/\\\/storage.googleapis.com\\\/cz-shopatoa-img\\\/it\\\/4dc78fd5-shopatoa_logo.png\",\"contentUrl\":\"https:\\\/\\\/storage.googleapis.com\\\/cz-shopatoa-img\\\/it\\\/4dc78fd5-shopatoa_logo.png\",\"width\":416,\"height\":63,\"caption\":\"SHOPATOA\"},\"image\":{\"@id\":\"https:\\\/\\\/shopatoa.com\\\/it\\\/#\\\/schema\\\/logo\\\/image\\\/\"}}]}<\/script>\n<!-- \/ Yoast SEO plugin. -->","yoast_head_json":{"title":"Wella Professionals Color Touch Plus tinta per capelli colore 33\/06 60 ml - SHOPATOA.COM","robots":{"index":"index","follow":"follow","max-snippet":"max-snippet:-1","max-image-preview":"max-image-preview:large","max-video-preview":"max-video-preview:-1"},"canonical":"https:\/\/shopatoa.com\/it\/wella-professionals-color-touch-plus-tinta-per-capelli-colore-33-06-60-ml\/","og_locale":"it_IT","og_type":"article","og_title":"Wella Professionals Color Touch Plus tinta per capelli colore 33\/06 60 ml - SHOPATOA.COM","og_description":"Wella Professionals Color Touch Plus, 60 ml, Tinte permanenti per capelli per donna, Vuoi ottenere una tonalit\u00e0 di colore brillante a lunga tenuta, coprire i capelli bianchi o cambiare completamente il colore dei tuoi capelli? La tinta permanente per capelli Wella Professionals Color Touch Plus ti regaler\u00e0 il risultato desiderato. Dona ai capelli una tonalit\u00e0...","og_url":"https:\/\/shopatoa.com\/it\/wella-professionals-color-touch-plus-tinta-per-capelli-colore-33-06-60-ml\/","og_site_name":"SHOPATOA","article_modified_time":"2025-06-14T11:20:50+00:00","og_image":[{"width":800,"height":800,"url":"https:\/\/storage.googleapis.com\/cz-shopatoa-img\/it\/f612d32e-unnamed-file.webp","type":"image\/webp"}],"twitter_card":"summary_large_image","twitter_misc":{"Tempo di lettura stimato":"1 minuto"},"schema":{"@context":"https:\/\/schema.org","@graph":[{"@type":"WebPage","@id":"https:\/\/shopatoa.com\/it\/wella-professionals-color-touch-plus-tinta-per-capelli-colore-33-06-60-ml\/","url":"https:\/\/shopatoa.com\/it\/wella-professionals-color-touch-plus-tinta-per-capelli-colore-33-06-60-ml\/","name":"Wella Professionals Color Touch Plus tinta per capelli colore 33\/06 60 ml - SHOPATOA.COM","isPartOf":{"@id":"https:\/\/shopatoa.com\/it\/#website"},"primaryImageOfPage":{"@id":"https:\/\/shopatoa.com\/it\/wella-professionals-color-touch-plus-tinta-per-capelli-colore-33-06-60-ml\/#primaryimage"},"image":{"@id":"https:\/\/shopatoa.com\/it\/wella-professionals-color-touch-plus-tinta-per-capelli-colore-33-06-60-ml\/#primaryimage"},"thumbnailUrl":"https:\/\/storage.googleapis.com\/cz-shopatoa-img\/it\/f612d32e-unnamed-file.webp","datePublished":"2025-06-14T11:20:22+00:00","dateModified":"2025-06-14T11:20:50+00:00","breadcrumb":{"@id":"https:\/\/shopatoa.com\/it\/wella-professionals-color-touch-plus-tinta-per-capelli-colore-33-06-60-ml\/#breadcrumb"},"inLanguage":"it-IT","potentialAction":[{"@type":"ReadAction","target":["https:\/\/shopatoa.com\/it\/wella-professionals-color-touch-plus-tinta-per-capelli-colore-33-06-60-ml\/"]}]},{"@type":"ImageObject","inLanguage":"it-IT","@id":"https:\/\/shopatoa.com\/it\/wella-professionals-color-touch-plus-tinta-per-capelli-colore-33-06-60-ml\/#primaryimage","url":"https:\/\/storage.googleapis.com\/cz-shopatoa-img\/it\/f612d32e-unnamed-file.webp","contentUrl":"https:\/\/storage.googleapis.com\/cz-shopatoa-img\/it\/f612d32e-unnamed-file.webp","width":800,"height":800},{"@type":"BreadcrumbList","@id":"https:\/\/shopatoa.com\/it\/wella-professionals-color-touch-plus-tinta-per-capelli-colore-33-06-60-ml\/#breadcrumb","itemListElement":[{"@type":"ListItem","position":1,"name":"Dom\u016f","item":"https:\/\/shopatoa.com\/it\/"},{"@type":"ListItem","position":2,"name":"Shop","item":"https:\/\/shopatoa.com\/it\/shop\/"},{"@type":"ListItem","position":3,"name":"Wella Professionals Color Touch Plus tinta per capelli colore 33\/06 60 ml"}]},{"@type":"WebSite","@id":"https:\/\/shopatoa.com\/it\/#website","url":"https:\/\/shopatoa.com\/it\/","name":"SHOPATOA","description":"","publisher":{"@id":"https:\/\/shopatoa.com\/it\/#organization"},"potentialAction":[{"@type":"SearchAction","target":{"@type":"EntryPoint","urlTemplate":"https:\/\/shopatoa.com\/it\/?s={search_term_string}"},"query-input":{"@type":"PropertyValueSpecification","valueRequired":true,"valueName":"search_term_string"}}],"inLanguage":"it-IT"},{"@type":"Organization","@id":"https:\/\/shopatoa.com\/it\/#organization","name":"SHOPATOA","url":"https:\/\/shopatoa.com\/it\/","logo":{"@type":"ImageObject","inLanguage":"it-IT","@id":"https:\/\/shopatoa.com\/it\/#\/schema\/logo\/image\/","url":"https:\/\/storage.googleapis.com\/cz-shopatoa-img\/it\/4dc78fd5-shopatoa_logo.png","contentUrl":"https:\/\/storage.googleapis.com\/cz-shopatoa-img\/it\/4dc78fd5-shopatoa_logo.png","width":416,"height":63,"caption":"SHOPATOA"},"image":{"@id":"https:\/\/shopatoa.com\/it\/#\/schema\/logo\/image\/"}}]}},"_links":{"self":[{"href":"https:\/\/shopatoa.com\/it\/wp-json\/wp\/v2\/product\/161227","targetHints":{"allow":["GET"]}}],"collection":[{"href":"https:\/\/shopatoa.com\/it\/wp-json\/wp\/v2\/product"}],"about":[{"href":"https:\/\/shopatoa.com\/it\/wp-json\/wp\/v2\/types\/product"}],"replies":[{"embeddable":true,"href":"https:\/\/shopatoa.com\/it\/wp-json\/wp\/v2\/comments?post=161227"}],"wp:featuredmedia":[{"embeddable":true,"href":"https:\/\/shopatoa.com\/it\/wp-json\/wp\/v2\/media\/161228"}],"wp:attachment":[{"href":"https:\/\/shopatoa.com\/it\/wp-json\/wp\/v2\/media?parent=161227"}],"wp:term":[{"taxonomy":"product_brand","embeddable":true,"href":"https:\/\/shopatoa.com\/it\/wp-json\/wp\/v2\/product_brand?post=161227"},{"taxonomy":"product_cat","embeddable":true,"href":"https:\/\/shopatoa.com\/it\/wp-json\/wp\/v2\/product_cat?post=161227"},{"taxonomy":"product_tag","embeddable":true,"href":"https:\/\/shopatoa.com\/it\/wp-json\/wp\/v2\/product_tag?post=161227"}],"curies":[{"name":"wp","href":"https:\/\/api.w.org\/{rel}","templated":true}]}}