{"id":161269,"date":"2025-06-14T13:22:43","date_gmt":"2025-06-14T11:22:43","guid":{"rendered":"https:\/\/shopatoa.com\/it\/luvia-cosmetics-eyeshadow-primer-primer-per-ombretto-3-ml\/"},"modified":"2025-06-14T13:23:22","modified_gmt":"2025-06-14T11:23:22","slug":"luvia-cosmetics-eyeshadow-primer-primer-per-ombretto-3-ml","status":"publish","type":"product","link":"https:\/\/shopatoa.com\/it\/luvia-cosmetics-eyeshadow-primer-primer-per-ombretto-3-ml\/","title":{"rendered":"Luvia Cosmetics Eyeshadow Primer primer per ombretto 3 ml"},"content":{"rendered":"<p>Luvia Cosmetics Eyeshadow Primer, 3 ml, Primer per ombretti per donna, Un trucco occhi perfetto che rimane splendido tutta la giornata? Chi ha detto che sia solo un\u2019utopia. Il primer per ombretto Luvia Cosmetics Eyeshadow Primer prepara le palpebre in modo ideale per il trucco successivo, facilita l\u2019applicazione degli ombretti migliorandone sia l\u2019intensit\u00e0 che la tenuta. La sua consistenza si fonde perfettamente con la pelle senza depositarsi nella piega della palpebra. Durante la giornata impedir\u00e0 cos\u00ec agli ombretti si sbavare e di depositarsi nella piega della palpebra garantendone cos\u00ec un colore pi\u00f9 intenso e un effetto pi\u00f9 duraturo.  Caratteristiche:  previene le sbavature dell&#8217;ombretto prolunga la durata del trucco degli occhi accentua il colore degli ombretti uniforma il colore  Composizione:  prodotto vegano  Modo d\u2019uso: Applicare sulla palpebra uno strato sottile della base in modo uniforme e spalmare. Continuare con l&#8217;applicazione degli ombretti.<\/p>\n","protected":false},"excerpt":{"rendered":"<p>Luvia Cosmetics Eyeshadow Primer, 3 ml, Primer per ombretti per donna, Un trucco occhi perfetto che rimane splendido tutta la giornata? Chi ha detto che sia solo un\u2019utopia. Il primer per ombretto Luvia Cosmetics Eyeshadow Primer prepara le palpebre in modo ideale per il trucco successivo, facilita l\u2019applicazione degli ombretti migliorandone sia l\u2019intensit\u00e0 che la&#8230;<\/p>\n","protected":false},"featured_media":161270,"comment_status":"closed","ping_status":"open","template":"","meta":{"_acf_changed":false,"_kadence_starter_templates_imported_post":false,"_kad_post_transparent":"","_kad_post_title":"","_kad_post_layout":"","_kad_post_sidebar_id":"","_kad_post_content_style":"","_kad_post_vertical_padding":"","_kad_post_feature":"","_kad_post_feature_position":"","_kad_post_header":false,"_kad_post_footer":false,"_kad_post_classname":""},"product_brand":[1205],"product_cat":[77,66,229,65,182,183],"product_tag":[],"class_list":{"0":"post-161269","1":"product","2":"type-product","3":"status-publish","4":"has-post-thumbnail","6":"product_brand-luvia-cosmetics","7":"product_cat-cosmetici","8":"product_cat-cura-della-persona","9":"product_cat-ombretto","10":"product_cat-salute-e-bellezza","11":"product_cat-trucco","12":"product_cat-trucco-degli-occhi","13":"pa_dimensioni-3-ml","14":"pa_genere-female","16":"first","17":"instock","18":"product-type-external","19":"entry","20":"content-bg","21":"loop-entry"},"acf":[],"yoast_head":"<!-- This site is optimized with the Yoast SEO plugin v27.4 - https:\/\/yoast.com\/product\/yoast-seo-wordpress\/ -->\n<title>Luvia Cosmetics Eyeshadow Primer primer per ombretto 3 ml - SHOPATOA.COM<\/title>\n<meta name=\"robots\" content=\"index, follow, max-snippet:-1, max-image-preview:large, max-video-preview:-1\" \/>\n<link rel=\"canonical\" href=\"https:\/\/shopatoa.com\/it\/luvia-cosmetics-eyeshadow-primer-primer-per-ombretto-3-ml\/\" \/>\n<meta property=\"og:locale\" content=\"it_IT\" \/>\n<meta property=\"og:type\" content=\"article\" \/>\n<meta property=\"og:title\" content=\"Luvia Cosmetics Eyeshadow Primer primer per ombretto 3 ml - SHOPATOA.COM\" \/>\n<meta property=\"og:description\" content=\"Luvia Cosmetics Eyeshadow Primer, 3 ml, Primer per ombretti per donna, Un trucco occhi perfetto che rimane splendido tutta la giornata? Chi ha detto che sia solo un\u2019utopia. Il primer per ombretto Luvia Cosmetics Eyeshadow Primer prepara le palpebre in modo ideale per il trucco successivo, facilita l\u2019applicazione degli ombretti migliorandone sia l\u2019intensit\u00e0 che la...\" \/>\n<meta property=\"og:url\" content=\"https:\/\/shopatoa.com\/it\/luvia-cosmetics-eyeshadow-primer-primer-per-ombretto-3-ml\/\" \/>\n<meta property=\"og:site_name\" content=\"SHOPATOA\" \/>\n<meta property=\"article:modified_time\" content=\"2025-06-14T11:23:22+00:00\" \/>\n<meta property=\"og:image\" content=\"https:\/\/storage.googleapis.com\/cz-shopatoa-img\/it\/7ec7175d-unnamed-file.webp\" \/>\n\t<meta property=\"og:image:width\" content=\"800\" \/>\n\t<meta property=\"og:image:height\" content=\"800\" \/>\n\t<meta property=\"og:image:type\" content=\"image\/webp\" \/>\n<meta name=\"twitter:card\" content=\"summary_large_image\" \/>\n<meta name=\"twitter:label1\" content=\"Tempo di lettura stimato\" \/>\n\t<meta name=\"twitter:data1\" content=\"1 minuto\" \/>\n<script type=\"application\/ld+json\" class=\"yoast-schema-graph\">{\"@context\":\"https:\\\/\\\/schema.org\",\"@graph\":[{\"@type\":\"WebPage\",\"@id\":\"https:\\\/\\\/shopatoa.com\\\/it\\\/luvia-cosmetics-eyeshadow-primer-primer-per-ombretto-3-ml\\\/\",\"url\":\"https:\\\/\\\/shopatoa.com\\\/it\\\/luvia-cosmetics-eyeshadow-primer-primer-per-ombretto-3-ml\\\/\",\"name\":\"Luvia Cosmetics Eyeshadow Primer primer per ombretto 3 ml - SHOPATOA.COM\",\"isPartOf\":{\"@id\":\"https:\\\/\\\/shopatoa.com\\\/it\\\/#website\"},\"primaryImageOfPage\":{\"@id\":\"https:\\\/\\\/shopatoa.com\\\/it\\\/luvia-cosmetics-eyeshadow-primer-primer-per-ombretto-3-ml\\\/#primaryimage\"},\"image\":{\"@id\":\"https:\\\/\\\/shopatoa.com\\\/it\\\/luvia-cosmetics-eyeshadow-primer-primer-per-ombretto-3-ml\\\/#primaryimage\"},\"thumbnailUrl\":\"https:\\\/\\\/storage.googleapis.com\\\/cz-shopatoa-img\\\/it\\\/7ec7175d-unnamed-file.webp\",\"datePublished\":\"2025-06-14T11:22:43+00:00\",\"dateModified\":\"2025-06-14T11:23:22+00:00\",\"breadcrumb\":{\"@id\":\"https:\\\/\\\/shopatoa.com\\\/it\\\/luvia-cosmetics-eyeshadow-primer-primer-per-ombretto-3-ml\\\/#breadcrumb\"},\"inLanguage\":\"it-IT\",\"potentialAction\":[{\"@type\":\"ReadAction\",\"target\":[\"https:\\\/\\\/shopatoa.com\\\/it\\\/luvia-cosmetics-eyeshadow-primer-primer-per-ombretto-3-ml\\\/\"]}]},{\"@type\":\"ImageObject\",\"inLanguage\":\"it-IT\",\"@id\":\"https:\\\/\\\/shopatoa.com\\\/it\\\/luvia-cosmetics-eyeshadow-primer-primer-per-ombretto-3-ml\\\/#primaryimage\",\"url\":\"https:\\\/\\\/storage.googleapis.com\\\/cz-shopatoa-img\\\/it\\\/7ec7175d-unnamed-file.webp\",\"contentUrl\":\"https:\\\/\\\/storage.googleapis.com\\\/cz-shopatoa-img\\\/it\\\/7ec7175d-unnamed-file.webp\",\"width\":800,\"height\":800},{\"@type\":\"BreadcrumbList\",\"@id\":\"https:\\\/\\\/shopatoa.com\\\/it\\\/luvia-cosmetics-eyeshadow-primer-primer-per-ombretto-3-ml\\\/#breadcrumb\",\"itemListElement\":[{\"@type\":\"ListItem\",\"position\":1,\"name\":\"Dom\u016f\",\"item\":\"https:\\\/\\\/shopatoa.com\\\/it\\\/\"},{\"@type\":\"ListItem\",\"position\":2,\"name\":\"Shop\",\"item\":\"https:\\\/\\\/shopatoa.com\\\/it\\\/shop\\\/\"},{\"@type\":\"ListItem\",\"position\":3,\"name\":\"Luvia Cosmetics Eyeshadow Primer primer per ombretto 3 ml\"}]},{\"@type\":\"WebSite\",\"@id\":\"https:\\\/\\\/shopatoa.com\\\/it\\\/#website\",\"url\":\"https:\\\/\\\/shopatoa.com\\\/it\\\/\",\"name\":\"SHOPATOA\",\"description\":\"\",\"publisher\":{\"@id\":\"https:\\\/\\\/shopatoa.com\\\/it\\\/#organization\"},\"potentialAction\":[{\"@type\":\"SearchAction\",\"target\":{\"@type\":\"EntryPoint\",\"urlTemplate\":\"https:\\\/\\\/shopatoa.com\\\/it\\\/?s={search_term_string}\"},\"query-input\":{\"@type\":\"PropertyValueSpecification\",\"valueRequired\":true,\"valueName\":\"search_term_string\"}}],\"inLanguage\":\"it-IT\"},{\"@type\":\"Organization\",\"@id\":\"https:\\\/\\\/shopatoa.com\\\/it\\\/#organization\",\"name\":\"SHOPATOA\",\"url\":\"https:\\\/\\\/shopatoa.com\\\/it\\\/\",\"logo\":{\"@type\":\"ImageObject\",\"inLanguage\":\"it-IT\",\"@id\":\"https:\\\/\\\/shopatoa.com\\\/it\\\/#\\\/schema\\\/logo\\\/image\\\/\",\"url\":\"https:\\\/\\\/storage.googleapis.com\\\/cz-shopatoa-img\\\/it\\\/4dc78fd5-shopatoa_logo.png\",\"contentUrl\":\"https:\\\/\\\/storage.googleapis.com\\\/cz-shopatoa-img\\\/it\\\/4dc78fd5-shopatoa_logo.png\",\"width\":416,\"height\":63,\"caption\":\"SHOPATOA\"},\"image\":{\"@id\":\"https:\\\/\\\/shopatoa.com\\\/it\\\/#\\\/schema\\\/logo\\\/image\\\/\"}}]}<\/script>\n<!-- \/ Yoast SEO plugin. -->","yoast_head_json":{"title":"Luvia Cosmetics Eyeshadow Primer primer per ombretto 3 ml - SHOPATOA.COM","robots":{"index":"index","follow":"follow","max-snippet":"max-snippet:-1","max-image-preview":"max-image-preview:large","max-video-preview":"max-video-preview:-1"},"canonical":"https:\/\/shopatoa.com\/it\/luvia-cosmetics-eyeshadow-primer-primer-per-ombretto-3-ml\/","og_locale":"it_IT","og_type":"article","og_title":"Luvia Cosmetics Eyeshadow Primer primer per ombretto 3 ml - SHOPATOA.COM","og_description":"Luvia Cosmetics Eyeshadow Primer, 3 ml, Primer per ombretti per donna, Un trucco occhi perfetto che rimane splendido tutta la giornata? Chi ha detto che sia solo un\u2019utopia. Il primer per ombretto Luvia Cosmetics Eyeshadow Primer prepara le palpebre in modo ideale per il trucco successivo, facilita l\u2019applicazione degli ombretti migliorandone sia l\u2019intensit\u00e0 che la...","og_url":"https:\/\/shopatoa.com\/it\/luvia-cosmetics-eyeshadow-primer-primer-per-ombretto-3-ml\/","og_site_name":"SHOPATOA","article_modified_time":"2025-06-14T11:23:22+00:00","og_image":[{"width":800,"height":800,"url":"https:\/\/storage.googleapis.com\/cz-shopatoa-img\/it\/7ec7175d-unnamed-file.webp","type":"image\/webp"}],"twitter_card":"summary_large_image","twitter_misc":{"Tempo di lettura stimato":"1 minuto"},"schema":{"@context":"https:\/\/schema.org","@graph":[{"@type":"WebPage","@id":"https:\/\/shopatoa.com\/it\/luvia-cosmetics-eyeshadow-primer-primer-per-ombretto-3-ml\/","url":"https:\/\/shopatoa.com\/it\/luvia-cosmetics-eyeshadow-primer-primer-per-ombretto-3-ml\/","name":"Luvia Cosmetics Eyeshadow Primer primer per ombretto 3 ml - SHOPATOA.COM","isPartOf":{"@id":"https:\/\/shopatoa.com\/it\/#website"},"primaryImageOfPage":{"@id":"https:\/\/shopatoa.com\/it\/luvia-cosmetics-eyeshadow-primer-primer-per-ombretto-3-ml\/#primaryimage"},"image":{"@id":"https:\/\/shopatoa.com\/it\/luvia-cosmetics-eyeshadow-primer-primer-per-ombretto-3-ml\/#primaryimage"},"thumbnailUrl":"https:\/\/storage.googleapis.com\/cz-shopatoa-img\/it\/7ec7175d-unnamed-file.webp","datePublished":"2025-06-14T11:22:43+00:00","dateModified":"2025-06-14T11:23:22+00:00","breadcrumb":{"@id":"https:\/\/shopatoa.com\/it\/luvia-cosmetics-eyeshadow-primer-primer-per-ombretto-3-ml\/#breadcrumb"},"inLanguage":"it-IT","potentialAction":[{"@type":"ReadAction","target":["https:\/\/shopatoa.com\/it\/luvia-cosmetics-eyeshadow-primer-primer-per-ombretto-3-ml\/"]}]},{"@type":"ImageObject","inLanguage":"it-IT","@id":"https:\/\/shopatoa.com\/it\/luvia-cosmetics-eyeshadow-primer-primer-per-ombretto-3-ml\/#primaryimage","url":"https:\/\/storage.googleapis.com\/cz-shopatoa-img\/it\/7ec7175d-unnamed-file.webp","contentUrl":"https:\/\/storage.googleapis.com\/cz-shopatoa-img\/it\/7ec7175d-unnamed-file.webp","width":800,"height":800},{"@type":"BreadcrumbList","@id":"https:\/\/shopatoa.com\/it\/luvia-cosmetics-eyeshadow-primer-primer-per-ombretto-3-ml\/#breadcrumb","itemListElement":[{"@type":"ListItem","position":1,"name":"Dom\u016f","item":"https:\/\/shopatoa.com\/it\/"},{"@type":"ListItem","position":2,"name":"Shop","item":"https:\/\/shopatoa.com\/it\/shop\/"},{"@type":"ListItem","position":3,"name":"Luvia Cosmetics Eyeshadow Primer primer per ombretto 3 ml"}]},{"@type":"WebSite","@id":"https:\/\/shopatoa.com\/it\/#website","url":"https:\/\/shopatoa.com\/it\/","name":"SHOPATOA","description":"","publisher":{"@id":"https:\/\/shopatoa.com\/it\/#organization"},"potentialAction":[{"@type":"SearchAction","target":{"@type":"EntryPoint","urlTemplate":"https:\/\/shopatoa.com\/it\/?s={search_term_string}"},"query-input":{"@type":"PropertyValueSpecification","valueRequired":true,"valueName":"search_term_string"}}],"inLanguage":"it-IT"},{"@type":"Organization","@id":"https:\/\/shopatoa.com\/it\/#organization","name":"SHOPATOA","url":"https:\/\/shopatoa.com\/it\/","logo":{"@type":"ImageObject","inLanguage":"it-IT","@id":"https:\/\/shopatoa.com\/it\/#\/schema\/logo\/image\/","url":"https:\/\/storage.googleapis.com\/cz-shopatoa-img\/it\/4dc78fd5-shopatoa_logo.png","contentUrl":"https:\/\/storage.googleapis.com\/cz-shopatoa-img\/it\/4dc78fd5-shopatoa_logo.png","width":416,"height":63,"caption":"SHOPATOA"},"image":{"@id":"https:\/\/shopatoa.com\/it\/#\/schema\/logo\/image\/"}}]}},"_links":{"self":[{"href":"https:\/\/shopatoa.com\/it\/wp-json\/wp\/v2\/product\/161269","targetHints":{"allow":["GET"]}}],"collection":[{"href":"https:\/\/shopatoa.com\/it\/wp-json\/wp\/v2\/product"}],"about":[{"href":"https:\/\/shopatoa.com\/it\/wp-json\/wp\/v2\/types\/product"}],"replies":[{"embeddable":true,"href":"https:\/\/shopatoa.com\/it\/wp-json\/wp\/v2\/comments?post=161269"}],"wp:featuredmedia":[{"embeddable":true,"href":"https:\/\/shopatoa.com\/it\/wp-json\/wp\/v2\/media\/161270"}],"wp:attachment":[{"href":"https:\/\/shopatoa.com\/it\/wp-json\/wp\/v2\/media?parent=161269"}],"wp:term":[{"taxonomy":"product_brand","embeddable":true,"href":"https:\/\/shopatoa.com\/it\/wp-json\/wp\/v2\/product_brand?post=161269"},{"taxonomy":"product_cat","embeddable":true,"href":"https:\/\/shopatoa.com\/it\/wp-json\/wp\/v2\/product_cat?post=161269"},{"taxonomy":"product_tag","embeddable":true,"href":"https:\/\/shopatoa.com\/it\/wp-json\/wp\/v2\/product_tag?post=161269"}],"curies":[{"name":"wp","href":"https:\/\/api.w.org\/{rel}","templated":true}]}}