{"id":167703,"date":"2025-06-14T19:36:42","date_gmt":"2025-06-14T17:36:42","guid":{"rendered":"https:\/\/shopatoa.com\/it\/joko-bohemian-harmony-set-di-applicatori\/"},"modified":"2025-06-14T19:37:36","modified_gmt":"2025-06-14T17:37:36","slug":"joko-bohemian-harmony-set-di-applicatori","status":"publish","type":"product","link":"https:\/\/shopatoa.com\/it\/joko-bohemian-harmony-set-di-applicatori\/","title":{"rendered":"JOKO Bohemian Harmony set di applicatori"},"content":{"rendered":"<p>JOKO Bohemian Harmony, 3 pz, Spugnette per donna, Hai la sensazione che applicando il fondotinta con le dita o con un pennello non ottieni il risultato che ti aspettavi? Prova un\u2019alternativa ai classici pennelli. La spugnetta per fondotinta JOKO Bohemian Harmony si prender\u00e0 cura di un\u2019applicazione perfetta del fondotinta per un trucco professionale. Ti aiuter\u00e0 a coprire alla perfezione tutte le imperfezioni della pelle e il risultato sembrer\u00e0 molto pi\u00f9 naturale rispetto all\u2019applicazione del trucco con le dita. La sua forma si adatta ai contorni di ogni viso e applica il prodotto in tutte le pieghe, mentre la superficie ultra fine garantisce un\u2019applicazione uniforme e precisa senza sbavature e con un consumo minimo del fondotinta.  Caratteristiche:  comodo da tenere in mano applica con precisione il trucco cremoso o liquido assicura un&#8217;applicazione uniforme conferisce al trucco un aspetto professionale applicatore in materiale espanso morbido  Modo d\u2019uso: Usare una spugna per applicare il fondotinta sul viso secondo necessit\u00e0.<\/p>\n","protected":false},"excerpt":{"rendered":"<p>JOKO Bohemian Harmony, 3 pz, Spugnette per donna, Hai la sensazione che applicando il fondotinta con le dita o con un pennello non ottieni il risultato che ti aspettavi? Prova un\u2019alternativa ai classici pennelli. La spugnetta per fondotinta JOKO Bohemian Harmony si prender\u00e0 cura di un\u2019applicazione perfetta del fondotinta per un trucco professionale. Ti aiuter\u00e0&#8230;<\/p>\n","protected":false},"featured_media":167704,"comment_status":"closed","ping_status":"open","template":"","meta":{"_acf_changed":false,"_kadence_starter_templates_imported_post":false,"_kad_post_transparent":"","_kad_post_title":"","_kad_post_layout":"","_kad_post_sidebar_id":"","_kad_post_content_style":"","_kad_post_vertical_padding":"","_kad_post_feature":"","_kad_post_feature_position":"","_kad_post_header":false,"_kad_post_footer":false,"_kad_post_classname":""},"product_brand":[3171],"product_cat":[77,66,65,182,185],"product_tag":[],"class_list":{"0":"post-167703","1":"product","2":"type-product","3":"status-publish","4":"has-post-thumbnail","6":"product_brand-joko","7":"product_cat-cosmetici","8":"product_cat-cura-della-persona","9":"product_cat-salute-e-bellezza","10":"product_cat-trucco","11":"product_cat-trucco-viso-e-guance","12":"pa_dimensioni-3-pz","13":"pa_genere-female","15":"first","16":"instock","17":"product-type-external","18":"entry","19":"content-bg","20":"loop-entry"},"acf":[],"yoast_head":"<!-- This site is optimized with the Yoast SEO plugin v27.4 - https:\/\/yoast.com\/product\/yoast-seo-wordpress\/ -->\n<title>JOKO Bohemian Harmony set di applicatori - SHOPATOA.COM<\/title>\n<meta name=\"robots\" content=\"index, follow, max-snippet:-1, max-image-preview:large, max-video-preview:-1\" \/>\n<link rel=\"canonical\" href=\"https:\/\/shopatoa.com\/it\/joko-bohemian-harmony-set-di-applicatori\/\" \/>\n<meta property=\"og:locale\" content=\"it_IT\" \/>\n<meta property=\"og:type\" content=\"article\" \/>\n<meta property=\"og:title\" content=\"JOKO Bohemian Harmony set di applicatori - SHOPATOA.COM\" \/>\n<meta property=\"og:description\" content=\"JOKO Bohemian Harmony, 3 pz, Spugnette per donna, Hai la sensazione che applicando il fondotinta con le dita o con un pennello non ottieni il risultato che ti aspettavi? Prova un\u2019alternativa ai classici pennelli. La spugnetta per fondotinta JOKO Bohemian Harmony si prender\u00e0 cura di un\u2019applicazione perfetta del fondotinta per un trucco professionale. Ti aiuter\u00e0...\" \/>\n<meta property=\"og:url\" content=\"https:\/\/shopatoa.com\/it\/joko-bohemian-harmony-set-di-applicatori\/\" \/>\n<meta property=\"og:site_name\" content=\"SHOPATOA\" \/>\n<meta property=\"article:modified_time\" content=\"2025-06-14T17:37:36+00:00\" \/>\n<meta property=\"og:image\" content=\"https:\/\/storage.googleapis.com\/cz-shopatoa-img\/it\/a51c37d9-unnamed-file.webp\" \/>\n\t<meta property=\"og:image:width\" content=\"800\" \/>\n\t<meta property=\"og:image:height\" content=\"800\" \/>\n\t<meta property=\"og:image:type\" content=\"image\/webp\" \/>\n<meta name=\"twitter:card\" content=\"summary_large_image\" \/>\n<meta name=\"twitter:label1\" content=\"Tempo di lettura stimato\" \/>\n\t<meta name=\"twitter:data1\" content=\"1 minuto\" \/>\n<script type=\"application\/ld+json\" class=\"yoast-schema-graph\">{\"@context\":\"https:\\\/\\\/schema.org\",\"@graph\":[{\"@type\":\"WebPage\",\"@id\":\"https:\\\/\\\/shopatoa.com\\\/it\\\/joko-bohemian-harmony-set-di-applicatori\\\/\",\"url\":\"https:\\\/\\\/shopatoa.com\\\/it\\\/joko-bohemian-harmony-set-di-applicatori\\\/\",\"name\":\"JOKO Bohemian Harmony set di applicatori - SHOPATOA.COM\",\"isPartOf\":{\"@id\":\"https:\\\/\\\/shopatoa.com\\\/it\\\/#website\"},\"primaryImageOfPage\":{\"@id\":\"https:\\\/\\\/shopatoa.com\\\/it\\\/joko-bohemian-harmony-set-di-applicatori\\\/#primaryimage\"},\"image\":{\"@id\":\"https:\\\/\\\/shopatoa.com\\\/it\\\/joko-bohemian-harmony-set-di-applicatori\\\/#primaryimage\"},\"thumbnailUrl\":\"https:\\\/\\\/storage.googleapis.com\\\/cz-shopatoa-img\\\/it\\\/a51c37d9-unnamed-file.webp\",\"datePublished\":\"2025-06-14T17:36:42+00:00\",\"dateModified\":\"2025-06-14T17:37:36+00:00\",\"breadcrumb\":{\"@id\":\"https:\\\/\\\/shopatoa.com\\\/it\\\/joko-bohemian-harmony-set-di-applicatori\\\/#breadcrumb\"},\"inLanguage\":\"it-IT\",\"potentialAction\":[{\"@type\":\"ReadAction\",\"target\":[\"https:\\\/\\\/shopatoa.com\\\/it\\\/joko-bohemian-harmony-set-di-applicatori\\\/\"]}]},{\"@type\":\"ImageObject\",\"inLanguage\":\"it-IT\",\"@id\":\"https:\\\/\\\/shopatoa.com\\\/it\\\/joko-bohemian-harmony-set-di-applicatori\\\/#primaryimage\",\"url\":\"https:\\\/\\\/storage.googleapis.com\\\/cz-shopatoa-img\\\/it\\\/a51c37d9-unnamed-file.webp\",\"contentUrl\":\"https:\\\/\\\/storage.googleapis.com\\\/cz-shopatoa-img\\\/it\\\/a51c37d9-unnamed-file.webp\",\"width\":800,\"height\":800},{\"@type\":\"BreadcrumbList\",\"@id\":\"https:\\\/\\\/shopatoa.com\\\/it\\\/joko-bohemian-harmony-set-di-applicatori\\\/#breadcrumb\",\"itemListElement\":[{\"@type\":\"ListItem\",\"position\":1,\"name\":\"Dom\u016f\",\"item\":\"https:\\\/\\\/shopatoa.com\\\/it\\\/\"},{\"@type\":\"ListItem\",\"position\":2,\"name\":\"Shop\",\"item\":\"https:\\\/\\\/shopatoa.com\\\/it\\\/shop\\\/\"},{\"@type\":\"ListItem\",\"position\":3,\"name\":\"JOKO Bohemian Harmony set di applicatori\"}]},{\"@type\":\"WebSite\",\"@id\":\"https:\\\/\\\/shopatoa.com\\\/it\\\/#website\",\"url\":\"https:\\\/\\\/shopatoa.com\\\/it\\\/\",\"name\":\"SHOPATOA\",\"description\":\"\",\"publisher\":{\"@id\":\"https:\\\/\\\/shopatoa.com\\\/it\\\/#organization\"},\"potentialAction\":[{\"@type\":\"SearchAction\",\"target\":{\"@type\":\"EntryPoint\",\"urlTemplate\":\"https:\\\/\\\/shopatoa.com\\\/it\\\/?s={search_term_string}\"},\"query-input\":{\"@type\":\"PropertyValueSpecification\",\"valueRequired\":true,\"valueName\":\"search_term_string\"}}],\"inLanguage\":\"it-IT\"},{\"@type\":\"Organization\",\"@id\":\"https:\\\/\\\/shopatoa.com\\\/it\\\/#organization\",\"name\":\"SHOPATOA\",\"url\":\"https:\\\/\\\/shopatoa.com\\\/it\\\/\",\"logo\":{\"@type\":\"ImageObject\",\"inLanguage\":\"it-IT\",\"@id\":\"https:\\\/\\\/shopatoa.com\\\/it\\\/#\\\/schema\\\/logo\\\/image\\\/\",\"url\":\"https:\\\/\\\/storage.googleapis.com\\\/cz-shopatoa-img\\\/it\\\/4dc78fd5-shopatoa_logo.png\",\"contentUrl\":\"https:\\\/\\\/storage.googleapis.com\\\/cz-shopatoa-img\\\/it\\\/4dc78fd5-shopatoa_logo.png\",\"width\":416,\"height\":63,\"caption\":\"SHOPATOA\"},\"image\":{\"@id\":\"https:\\\/\\\/shopatoa.com\\\/it\\\/#\\\/schema\\\/logo\\\/image\\\/\"}}]}<\/script>\n<!-- \/ Yoast SEO plugin. -->","yoast_head_json":{"title":"JOKO Bohemian Harmony set di applicatori - SHOPATOA.COM","robots":{"index":"index","follow":"follow","max-snippet":"max-snippet:-1","max-image-preview":"max-image-preview:large","max-video-preview":"max-video-preview:-1"},"canonical":"https:\/\/shopatoa.com\/it\/joko-bohemian-harmony-set-di-applicatori\/","og_locale":"it_IT","og_type":"article","og_title":"JOKO Bohemian Harmony set di applicatori - SHOPATOA.COM","og_description":"JOKO Bohemian Harmony, 3 pz, Spugnette per donna, Hai la sensazione che applicando il fondotinta con le dita o con un pennello non ottieni il risultato che ti aspettavi? Prova un\u2019alternativa ai classici pennelli. La spugnetta per fondotinta JOKO Bohemian Harmony si prender\u00e0 cura di un\u2019applicazione perfetta del fondotinta per un trucco professionale. Ti aiuter\u00e0...","og_url":"https:\/\/shopatoa.com\/it\/joko-bohemian-harmony-set-di-applicatori\/","og_site_name":"SHOPATOA","article_modified_time":"2025-06-14T17:37:36+00:00","og_image":[{"width":800,"height":800,"url":"https:\/\/storage.googleapis.com\/cz-shopatoa-img\/it\/a51c37d9-unnamed-file.webp","type":"image\/webp"}],"twitter_card":"summary_large_image","twitter_misc":{"Tempo di lettura stimato":"1 minuto"},"schema":{"@context":"https:\/\/schema.org","@graph":[{"@type":"WebPage","@id":"https:\/\/shopatoa.com\/it\/joko-bohemian-harmony-set-di-applicatori\/","url":"https:\/\/shopatoa.com\/it\/joko-bohemian-harmony-set-di-applicatori\/","name":"JOKO Bohemian Harmony set di applicatori - SHOPATOA.COM","isPartOf":{"@id":"https:\/\/shopatoa.com\/it\/#website"},"primaryImageOfPage":{"@id":"https:\/\/shopatoa.com\/it\/joko-bohemian-harmony-set-di-applicatori\/#primaryimage"},"image":{"@id":"https:\/\/shopatoa.com\/it\/joko-bohemian-harmony-set-di-applicatori\/#primaryimage"},"thumbnailUrl":"https:\/\/storage.googleapis.com\/cz-shopatoa-img\/it\/a51c37d9-unnamed-file.webp","datePublished":"2025-06-14T17:36:42+00:00","dateModified":"2025-06-14T17:37:36+00:00","breadcrumb":{"@id":"https:\/\/shopatoa.com\/it\/joko-bohemian-harmony-set-di-applicatori\/#breadcrumb"},"inLanguage":"it-IT","potentialAction":[{"@type":"ReadAction","target":["https:\/\/shopatoa.com\/it\/joko-bohemian-harmony-set-di-applicatori\/"]}]},{"@type":"ImageObject","inLanguage":"it-IT","@id":"https:\/\/shopatoa.com\/it\/joko-bohemian-harmony-set-di-applicatori\/#primaryimage","url":"https:\/\/storage.googleapis.com\/cz-shopatoa-img\/it\/a51c37d9-unnamed-file.webp","contentUrl":"https:\/\/storage.googleapis.com\/cz-shopatoa-img\/it\/a51c37d9-unnamed-file.webp","width":800,"height":800},{"@type":"BreadcrumbList","@id":"https:\/\/shopatoa.com\/it\/joko-bohemian-harmony-set-di-applicatori\/#breadcrumb","itemListElement":[{"@type":"ListItem","position":1,"name":"Dom\u016f","item":"https:\/\/shopatoa.com\/it\/"},{"@type":"ListItem","position":2,"name":"Shop","item":"https:\/\/shopatoa.com\/it\/shop\/"},{"@type":"ListItem","position":3,"name":"JOKO Bohemian Harmony set di applicatori"}]},{"@type":"WebSite","@id":"https:\/\/shopatoa.com\/it\/#website","url":"https:\/\/shopatoa.com\/it\/","name":"SHOPATOA","description":"","publisher":{"@id":"https:\/\/shopatoa.com\/it\/#organization"},"potentialAction":[{"@type":"SearchAction","target":{"@type":"EntryPoint","urlTemplate":"https:\/\/shopatoa.com\/it\/?s={search_term_string}"},"query-input":{"@type":"PropertyValueSpecification","valueRequired":true,"valueName":"search_term_string"}}],"inLanguage":"it-IT"},{"@type":"Organization","@id":"https:\/\/shopatoa.com\/it\/#organization","name":"SHOPATOA","url":"https:\/\/shopatoa.com\/it\/","logo":{"@type":"ImageObject","inLanguage":"it-IT","@id":"https:\/\/shopatoa.com\/it\/#\/schema\/logo\/image\/","url":"https:\/\/storage.googleapis.com\/cz-shopatoa-img\/it\/4dc78fd5-shopatoa_logo.png","contentUrl":"https:\/\/storage.googleapis.com\/cz-shopatoa-img\/it\/4dc78fd5-shopatoa_logo.png","width":416,"height":63,"caption":"SHOPATOA"},"image":{"@id":"https:\/\/shopatoa.com\/it\/#\/schema\/logo\/image\/"}}]}},"_links":{"self":[{"href":"https:\/\/shopatoa.com\/it\/wp-json\/wp\/v2\/product\/167703","targetHints":{"allow":["GET"]}}],"collection":[{"href":"https:\/\/shopatoa.com\/it\/wp-json\/wp\/v2\/product"}],"about":[{"href":"https:\/\/shopatoa.com\/it\/wp-json\/wp\/v2\/types\/product"}],"replies":[{"embeddable":true,"href":"https:\/\/shopatoa.com\/it\/wp-json\/wp\/v2\/comments?post=167703"}],"wp:featuredmedia":[{"embeddable":true,"href":"https:\/\/shopatoa.com\/it\/wp-json\/wp\/v2\/media\/167704"}],"wp:attachment":[{"href":"https:\/\/shopatoa.com\/it\/wp-json\/wp\/v2\/media?parent=167703"}],"wp:term":[{"taxonomy":"product_brand","embeddable":true,"href":"https:\/\/shopatoa.com\/it\/wp-json\/wp\/v2\/product_brand?post=167703"},{"taxonomy":"product_cat","embeddable":true,"href":"https:\/\/shopatoa.com\/it\/wp-json\/wp\/v2\/product_cat?post=167703"},{"taxonomy":"product_tag","embeddable":true,"href":"https:\/\/shopatoa.com\/it\/wp-json\/wp\/v2\/product_tag?post=167703"}],"curies":[{"name":"wp","href":"https:\/\/api.w.org\/{rel}","templated":true}]}}