{"id":175636,"date":"2025-06-27T11:41:53","date_gmt":"2025-06-27T09:41:53","guid":{"rendered":"https:\/\/shopatoa.com\/it\/nuk-teeth-set-per-la-cura-dentale-per-bambini\/"},"modified":"2025-06-27T11:42:03","modified_gmt":"2025-06-27T09:42:03","slug":"nuk-teeth-set-per-la-cura-dentale-per-bambini","status":"publish","type":"product","link":"https:\/\/shopatoa.com\/it\/nuk-teeth-set-per-la-cura-dentale-per-bambini\/","title":{"rendered":"NUK Teeth Set per la cura dentale per bambini"},"content":{"rendered":"<p>NUK Teeth, Dentifrici per bambini per bambini, Rendi l\u2019igiene del neonato pi\u00f9 facile e piacevole per te o per una neomamma a cui tieni particolarmente. Il set per bambini NUK Teeth \u00e8 pieno di prodotti essenziali che ogni mamma premurosa apprezzer\u00e0. Non si pu\u00f2 sbagliare mai con un set cos\u00ec pratico.  Caratteristiche:  la confezione contiene uno spazzolino da dito in silicone ideale per pulire i primi dentini allevia il disagio durante la dentizione protegge efficacemente i denti protegge le gengive  Il set contiene:  dentifricio per bambini spazzolino da dito per bambini  Composizione:  senza fluoro<\/p>\n","protected":false},"excerpt":{"rendered":"<p>NUK Teeth, Dentifrici per bambini per bambini, Rendi l\u2019igiene del neonato pi\u00f9 facile e piacevole per te o per una neomamma a cui tieni particolarmente. Il set per bambini NUK Teeth \u00e8 pieno di prodotti essenziali che ogni mamma premurosa apprezzer\u00e0. Non si pu\u00f2 sbagliare mai con un set cos\u00ec pratico. Caratteristiche: la confezione contiene&#8230;<\/p>\n","protected":false},"featured_media":175637,"comment_status":"closed","ping_status":"open","template":"","meta":{"_acf_changed":false,"_kadence_starter_templates_imported_post":false,"_kad_post_transparent":"","_kad_post_title":"","_kad_post_layout":"","_kad_post_sidebar_id":"","_kad_post_content_style":"","_kad_post_vertical_padding":"","_kad_post_feature":"","_kad_post_feature_position":"","_kad_post_header":false,"_kad_post_footer":false,"_kad_post_classname":""},"product_brand":[859],"product_cat":[66,350,65,425],"product_tag":[],"class_list":{"0":"post-175636","1":"product","2":"type-product","3":"status-publish","4":"has-post-thumbnail","6":"product_brand-nuk","7":"product_cat-cura-della-persona","8":"product_cat-igiene-orale","9":"product_cat-salute-e-bellezza","10":"product_cat-spazzolini","11":"pa_genere-unisex","13":"first","14":"instock","15":"sale","16":"product-type-external","17":"entry","18":"content-bg","19":"loop-entry"},"acf":[],"yoast_head":"<!-- This site is optimized with the Yoast SEO plugin v27.4 - https:\/\/yoast.com\/product\/yoast-seo-wordpress\/ -->\n<title>NUK Teeth Set per la cura dentale per bambini - SHOPATOA.COM<\/title>\n<meta name=\"robots\" content=\"index, follow, max-snippet:-1, max-image-preview:large, max-video-preview:-1\" \/>\n<link rel=\"canonical\" href=\"https:\/\/shopatoa.com\/it\/nuk-teeth-set-per-la-cura-dentale-per-bambini\/\" \/>\n<meta property=\"og:locale\" content=\"it_IT\" \/>\n<meta property=\"og:type\" content=\"article\" \/>\n<meta property=\"og:title\" content=\"NUK Teeth Set per la cura dentale per bambini - SHOPATOA.COM\" \/>\n<meta property=\"og:description\" content=\"NUK Teeth, Dentifrici per bambini per bambini, Rendi l\u2019igiene del neonato pi\u00f9 facile e piacevole per te o per una neomamma a cui tieni particolarmente. Il set per bambini NUK Teeth \u00e8 pieno di prodotti essenziali che ogni mamma premurosa apprezzer\u00e0. Non si pu\u00f2 sbagliare mai con un set cos\u00ec pratico. Caratteristiche: la confezione contiene...\" \/>\n<meta property=\"og:url\" content=\"https:\/\/shopatoa.com\/it\/nuk-teeth-set-per-la-cura-dentale-per-bambini\/\" \/>\n<meta property=\"og:site_name\" content=\"SHOPATOA\" \/>\n<meta property=\"article:modified_time\" content=\"2025-06-27T09:42:03+00:00\" \/>\n<meta property=\"og:image\" content=\"https:\/\/storage.googleapis.com\/cz-shopatoa-img\/it\/119cad9e-unnamed-file.webp\" \/>\n\t<meta property=\"og:image:width\" content=\"800\" \/>\n\t<meta property=\"og:image:height\" content=\"800\" \/>\n\t<meta property=\"og:image:type\" content=\"image\/webp\" \/>\n<meta name=\"twitter:card\" content=\"summary_large_image\" \/>\n<script type=\"application\/ld+json\" class=\"yoast-schema-graph\">{\"@context\":\"https:\\\/\\\/schema.org\",\"@graph\":[{\"@type\":\"WebPage\",\"@id\":\"https:\\\/\\\/shopatoa.com\\\/it\\\/nuk-teeth-set-per-la-cura-dentale-per-bambini\\\/\",\"url\":\"https:\\\/\\\/shopatoa.com\\\/it\\\/nuk-teeth-set-per-la-cura-dentale-per-bambini\\\/\",\"name\":\"NUK Teeth Set per la cura dentale per bambini - SHOPATOA.COM\",\"isPartOf\":{\"@id\":\"https:\\\/\\\/shopatoa.com\\\/it\\\/#website\"},\"primaryImageOfPage\":{\"@id\":\"https:\\\/\\\/shopatoa.com\\\/it\\\/nuk-teeth-set-per-la-cura-dentale-per-bambini\\\/#primaryimage\"},\"image\":{\"@id\":\"https:\\\/\\\/shopatoa.com\\\/it\\\/nuk-teeth-set-per-la-cura-dentale-per-bambini\\\/#primaryimage\"},\"thumbnailUrl\":\"https:\\\/\\\/storage.googleapis.com\\\/cz-shopatoa-img\\\/it\\\/119cad9e-unnamed-file.webp\",\"datePublished\":\"2025-06-27T09:41:53+00:00\",\"dateModified\":\"2025-06-27T09:42:03+00:00\",\"breadcrumb\":{\"@id\":\"https:\\\/\\\/shopatoa.com\\\/it\\\/nuk-teeth-set-per-la-cura-dentale-per-bambini\\\/#breadcrumb\"},\"inLanguage\":\"it-IT\",\"potentialAction\":[{\"@type\":\"ReadAction\",\"target\":[\"https:\\\/\\\/shopatoa.com\\\/it\\\/nuk-teeth-set-per-la-cura-dentale-per-bambini\\\/\"]}]},{\"@type\":\"ImageObject\",\"inLanguage\":\"it-IT\",\"@id\":\"https:\\\/\\\/shopatoa.com\\\/it\\\/nuk-teeth-set-per-la-cura-dentale-per-bambini\\\/#primaryimage\",\"url\":\"https:\\\/\\\/storage.googleapis.com\\\/cz-shopatoa-img\\\/it\\\/119cad9e-unnamed-file.webp\",\"contentUrl\":\"https:\\\/\\\/storage.googleapis.com\\\/cz-shopatoa-img\\\/it\\\/119cad9e-unnamed-file.webp\",\"width\":800,\"height\":800},{\"@type\":\"BreadcrumbList\",\"@id\":\"https:\\\/\\\/shopatoa.com\\\/it\\\/nuk-teeth-set-per-la-cura-dentale-per-bambini\\\/#breadcrumb\",\"itemListElement\":[{\"@type\":\"ListItem\",\"position\":1,\"name\":\"Dom\u016f\",\"item\":\"https:\\\/\\\/shopatoa.com\\\/it\\\/\"},{\"@type\":\"ListItem\",\"position\":2,\"name\":\"Shop\",\"item\":\"https:\\\/\\\/shopatoa.com\\\/it\\\/shop\\\/\"},{\"@type\":\"ListItem\",\"position\":3,\"name\":\"NUK Teeth Set per la cura dentale per bambini\"}]},{\"@type\":\"WebSite\",\"@id\":\"https:\\\/\\\/shopatoa.com\\\/it\\\/#website\",\"url\":\"https:\\\/\\\/shopatoa.com\\\/it\\\/\",\"name\":\"SHOPATOA\",\"description\":\"\",\"publisher\":{\"@id\":\"https:\\\/\\\/shopatoa.com\\\/it\\\/#organization\"},\"potentialAction\":[{\"@type\":\"SearchAction\",\"target\":{\"@type\":\"EntryPoint\",\"urlTemplate\":\"https:\\\/\\\/shopatoa.com\\\/it\\\/?s={search_term_string}\"},\"query-input\":{\"@type\":\"PropertyValueSpecification\",\"valueRequired\":true,\"valueName\":\"search_term_string\"}}],\"inLanguage\":\"it-IT\"},{\"@type\":\"Organization\",\"@id\":\"https:\\\/\\\/shopatoa.com\\\/it\\\/#organization\",\"name\":\"SHOPATOA\",\"url\":\"https:\\\/\\\/shopatoa.com\\\/it\\\/\",\"logo\":{\"@type\":\"ImageObject\",\"inLanguage\":\"it-IT\",\"@id\":\"https:\\\/\\\/shopatoa.com\\\/it\\\/#\\\/schema\\\/logo\\\/image\\\/\",\"url\":\"https:\\\/\\\/storage.googleapis.com\\\/cz-shopatoa-img\\\/it\\\/4dc78fd5-shopatoa_logo.png\",\"contentUrl\":\"https:\\\/\\\/storage.googleapis.com\\\/cz-shopatoa-img\\\/it\\\/4dc78fd5-shopatoa_logo.png\",\"width\":416,\"height\":63,\"caption\":\"SHOPATOA\"},\"image\":{\"@id\":\"https:\\\/\\\/shopatoa.com\\\/it\\\/#\\\/schema\\\/logo\\\/image\\\/\"}}]}<\/script>\n<!-- \/ Yoast SEO plugin. -->","yoast_head_json":{"title":"NUK Teeth Set per la cura dentale per bambini - SHOPATOA.COM","robots":{"index":"index","follow":"follow","max-snippet":"max-snippet:-1","max-image-preview":"max-image-preview:large","max-video-preview":"max-video-preview:-1"},"canonical":"https:\/\/shopatoa.com\/it\/nuk-teeth-set-per-la-cura-dentale-per-bambini\/","og_locale":"it_IT","og_type":"article","og_title":"NUK Teeth Set per la cura dentale per bambini - SHOPATOA.COM","og_description":"NUK Teeth, Dentifrici per bambini per bambini, Rendi l\u2019igiene del neonato pi\u00f9 facile e piacevole per te o per una neomamma a cui tieni particolarmente. Il set per bambini NUK Teeth \u00e8 pieno di prodotti essenziali che ogni mamma premurosa apprezzer\u00e0. Non si pu\u00f2 sbagliare mai con un set cos\u00ec pratico. Caratteristiche: la confezione contiene...","og_url":"https:\/\/shopatoa.com\/it\/nuk-teeth-set-per-la-cura-dentale-per-bambini\/","og_site_name":"SHOPATOA","article_modified_time":"2025-06-27T09:42:03+00:00","og_image":[{"width":800,"height":800,"url":"https:\/\/storage.googleapis.com\/cz-shopatoa-img\/it\/119cad9e-unnamed-file.webp","type":"image\/webp"}],"twitter_card":"summary_large_image","schema":{"@context":"https:\/\/schema.org","@graph":[{"@type":"WebPage","@id":"https:\/\/shopatoa.com\/it\/nuk-teeth-set-per-la-cura-dentale-per-bambini\/","url":"https:\/\/shopatoa.com\/it\/nuk-teeth-set-per-la-cura-dentale-per-bambini\/","name":"NUK Teeth Set per la cura dentale per bambini - SHOPATOA.COM","isPartOf":{"@id":"https:\/\/shopatoa.com\/it\/#website"},"primaryImageOfPage":{"@id":"https:\/\/shopatoa.com\/it\/nuk-teeth-set-per-la-cura-dentale-per-bambini\/#primaryimage"},"image":{"@id":"https:\/\/shopatoa.com\/it\/nuk-teeth-set-per-la-cura-dentale-per-bambini\/#primaryimage"},"thumbnailUrl":"https:\/\/storage.googleapis.com\/cz-shopatoa-img\/it\/119cad9e-unnamed-file.webp","datePublished":"2025-06-27T09:41:53+00:00","dateModified":"2025-06-27T09:42:03+00:00","breadcrumb":{"@id":"https:\/\/shopatoa.com\/it\/nuk-teeth-set-per-la-cura-dentale-per-bambini\/#breadcrumb"},"inLanguage":"it-IT","potentialAction":[{"@type":"ReadAction","target":["https:\/\/shopatoa.com\/it\/nuk-teeth-set-per-la-cura-dentale-per-bambini\/"]}]},{"@type":"ImageObject","inLanguage":"it-IT","@id":"https:\/\/shopatoa.com\/it\/nuk-teeth-set-per-la-cura-dentale-per-bambini\/#primaryimage","url":"https:\/\/storage.googleapis.com\/cz-shopatoa-img\/it\/119cad9e-unnamed-file.webp","contentUrl":"https:\/\/storage.googleapis.com\/cz-shopatoa-img\/it\/119cad9e-unnamed-file.webp","width":800,"height":800},{"@type":"BreadcrumbList","@id":"https:\/\/shopatoa.com\/it\/nuk-teeth-set-per-la-cura-dentale-per-bambini\/#breadcrumb","itemListElement":[{"@type":"ListItem","position":1,"name":"Dom\u016f","item":"https:\/\/shopatoa.com\/it\/"},{"@type":"ListItem","position":2,"name":"Shop","item":"https:\/\/shopatoa.com\/it\/shop\/"},{"@type":"ListItem","position":3,"name":"NUK Teeth Set per la cura dentale per bambini"}]},{"@type":"WebSite","@id":"https:\/\/shopatoa.com\/it\/#website","url":"https:\/\/shopatoa.com\/it\/","name":"SHOPATOA","description":"","publisher":{"@id":"https:\/\/shopatoa.com\/it\/#organization"},"potentialAction":[{"@type":"SearchAction","target":{"@type":"EntryPoint","urlTemplate":"https:\/\/shopatoa.com\/it\/?s={search_term_string}"},"query-input":{"@type":"PropertyValueSpecification","valueRequired":true,"valueName":"search_term_string"}}],"inLanguage":"it-IT"},{"@type":"Organization","@id":"https:\/\/shopatoa.com\/it\/#organization","name":"SHOPATOA","url":"https:\/\/shopatoa.com\/it\/","logo":{"@type":"ImageObject","inLanguage":"it-IT","@id":"https:\/\/shopatoa.com\/it\/#\/schema\/logo\/image\/","url":"https:\/\/storage.googleapis.com\/cz-shopatoa-img\/it\/4dc78fd5-shopatoa_logo.png","contentUrl":"https:\/\/storage.googleapis.com\/cz-shopatoa-img\/it\/4dc78fd5-shopatoa_logo.png","width":416,"height":63,"caption":"SHOPATOA"},"image":{"@id":"https:\/\/shopatoa.com\/it\/#\/schema\/logo\/image\/"}}]}},"_links":{"self":[{"href":"https:\/\/shopatoa.com\/it\/wp-json\/wp\/v2\/product\/175636","targetHints":{"allow":["GET"]}}],"collection":[{"href":"https:\/\/shopatoa.com\/it\/wp-json\/wp\/v2\/product"}],"about":[{"href":"https:\/\/shopatoa.com\/it\/wp-json\/wp\/v2\/types\/product"}],"replies":[{"embeddable":true,"href":"https:\/\/shopatoa.com\/it\/wp-json\/wp\/v2\/comments?post=175636"}],"wp:featuredmedia":[{"embeddable":true,"href":"https:\/\/shopatoa.com\/it\/wp-json\/wp\/v2\/media\/175637"}],"wp:attachment":[{"href":"https:\/\/shopatoa.com\/it\/wp-json\/wp\/v2\/media?parent=175636"}],"wp:term":[{"taxonomy":"product_brand","embeddable":true,"href":"https:\/\/shopatoa.com\/it\/wp-json\/wp\/v2\/product_brand?post=175636"},{"taxonomy":"product_cat","embeddable":true,"href":"https:\/\/shopatoa.com\/it\/wp-json\/wp\/v2\/product_cat?post=175636"},{"taxonomy":"product_tag","embeddable":true,"href":"https:\/\/shopatoa.com\/it\/wp-json\/wp\/v2\/product_tag?post=175636"}],"curies":[{"name":"wp","href":"https:\/\/api.w.org\/{rel}","templated":true}]}}