{"id":42153,"date":"2025-06-07T23:31:06","date_gmt":"2025-06-07T21:31:06","guid":{"rendered":"https:\/\/shopatoa.com\/it\/lancome-idole-aura-eau-de-parfum-da-donna-50-ml\/"},"modified":"2026-04-12T17:35:05","modified_gmt":"2026-04-12T15:35:05","slug":"lancome-idole-aura-eau-de-parfum-da-donna-50-ml","status":"publish","type":"product","link":"https:\/\/shopatoa.com\/it\/lancome-idole-aura-eau-de-parfum-da-donna-50-ml\/","title":{"rendered":"Lanc\u00f4me Id\u00f4le Aura Eau de Parfum da donna 50 ml"},"content":{"rendered":"<p>Lanc\u00f4me Id\u00f4le Aura, 50 ml, Eaux de Parfum per donna, Chiudi gli occhi e immaginati un giardino fiorito pieno dei fiori pi\u00f9 splendidi. Proprio questo \u00e8 il profumo dello spray corpo da donna Lanc\u00f4me Id\u00f4le Aura che con le sue note floreali illuminer\u00e0 giocosamente ogni giornata.  sottolinea la sensualit\u00e0 di ogni donna la scelta ideale per le donne dal pensiero libero profumo di lusso per i pi\u00f9 esigenti<\/p>\n","protected":false},"excerpt":{"rendered":"<p>Lanc\u00f4me Id\u00f4le Aura, 50 ml, Eaux de Parfum per donna, Chiudi gli occhi e immaginati un giardino fiorito pieno dei fiori pi\u00f9 splendidi. Proprio questo \u00e8 il profumo dello spray corpo da donna Lanc\u00f4me Id\u00f4le Aura che con le sue note floreali illuminer\u00e0 giocosamente ogni giornata. sottolinea la sensualit\u00e0 di ogni donna la scelta ideale&#8230;<\/p>\n","protected":false},"featured_media":42154,"comment_status":"closed","ping_status":"open","template":"","meta":{"_acf_changed":false,"_kadence_starter_templates_imported_post":false,"_kad_post_transparent":"","_kad_post_title":"","_kad_post_layout":"","_kad_post_sidebar_id":"","_kad_post_content_style":"","_kad_post_vertical_padding":"","_kad_post_feature":"","_kad_post_feature_position":"","_kad_post_header":false,"_kad_post_footer":false,"_kad_post_classname":""},"product_brand":[128],"product_cat":[77,66,84,65],"product_tag":[],"class_list":{"0":"post-42153","1":"product","2":"type-product","3":"status-publish","4":"has-post-thumbnail","6":"product_brand-lancome","7":"product_cat-cosmetici","8":"product_cat-cura-della-persona","9":"product_cat-profumi-e-colonie","10":"product_cat-salute-e-bellezza","11":"pa_dimensioni-50-ml","12":"pa_genere-female","14":"first","15":"instock","16":"sale","17":"product-type-external","18":"entry","19":"content-bg","20":"loop-entry"},"acf":[],"yoast_head":"<!-- This site is optimized with the Yoast SEO plugin v27.4 - https:\/\/yoast.com\/product\/yoast-seo-wordpress\/ -->\n<title>Lanc\u00f4me Id\u00f4le Aura Eau de Parfum da donna 50 ml - SHOPATOA.COM<\/title>\n<meta name=\"robots\" content=\"index, follow, max-snippet:-1, max-image-preview:large, max-video-preview:-1\" \/>\n<link rel=\"canonical\" href=\"https:\/\/shopatoa.com\/it\/lancome-idole-aura-eau-de-parfum-da-donna-50-ml\/\" \/>\n<meta property=\"og:locale\" content=\"it_IT\" \/>\n<meta property=\"og:type\" content=\"article\" \/>\n<meta property=\"og:title\" content=\"Lanc\u00f4me Id\u00f4le Aura Eau de Parfum da donna 50 ml - SHOPATOA.COM\" \/>\n<meta property=\"og:description\" content=\"Lanc\u00f4me Id\u00f4le Aura, 50 ml, Eaux de Parfum per donna, Chiudi gli occhi e immaginati un giardino fiorito pieno dei fiori pi\u00f9 splendidi. Proprio questo \u00e8 il profumo dello spray corpo da donna Lanc\u00f4me Id\u00f4le Aura che con le sue note floreali illuminer\u00e0 giocosamente ogni giornata. sottolinea la sensualit\u00e0 di ogni donna la scelta ideale...\" \/>\n<meta property=\"og:url\" content=\"https:\/\/shopatoa.com\/it\/lancome-idole-aura-eau-de-parfum-da-donna-50-ml\/\" \/>\n<meta property=\"og:site_name\" content=\"SHOPATOA\" \/>\n<meta property=\"article:modified_time\" content=\"2026-04-12T15:35:05+00:00\" \/>\n<meta property=\"og:image\" content=\"https:\/\/storage.googleapis.com\/cz-shopatoa-img\/it\/49da05ad-unnamed-file.webp\" \/>\n\t<meta property=\"og:image:width\" content=\"800\" \/>\n\t<meta property=\"og:image:height\" content=\"800\" \/>\n\t<meta property=\"og:image:type\" content=\"image\/webp\" \/>\n<meta name=\"twitter:card\" content=\"summary_large_image\" \/>\n<script type=\"application\/ld+json\" class=\"yoast-schema-graph\">{\"@context\":\"https:\\\/\\\/schema.org\",\"@graph\":[{\"@type\":\"WebPage\",\"@id\":\"https:\\\/\\\/shopatoa.com\\\/it\\\/lancome-idole-aura-eau-de-parfum-da-donna-50-ml\\\/\",\"url\":\"https:\\\/\\\/shopatoa.com\\\/it\\\/lancome-idole-aura-eau-de-parfum-da-donna-50-ml\\\/\",\"name\":\"Lanc\u00f4me Id\u00f4le Aura Eau de Parfum da donna 50 ml - SHOPATOA.COM\",\"isPartOf\":{\"@id\":\"https:\\\/\\\/shopatoa.com\\\/it\\\/#website\"},\"primaryImageOfPage\":{\"@id\":\"https:\\\/\\\/shopatoa.com\\\/it\\\/lancome-idole-aura-eau-de-parfum-da-donna-50-ml\\\/#primaryimage\"},\"image\":{\"@id\":\"https:\\\/\\\/shopatoa.com\\\/it\\\/lancome-idole-aura-eau-de-parfum-da-donna-50-ml\\\/#primaryimage\"},\"thumbnailUrl\":\"https:\\\/\\\/storage.googleapis.com\\\/cz-shopatoa-img\\\/it\\\/49da05ad-unnamed-file.webp\",\"datePublished\":\"2025-06-07T21:31:06+00:00\",\"dateModified\":\"2026-04-12T15:35:05+00:00\",\"breadcrumb\":{\"@id\":\"https:\\\/\\\/shopatoa.com\\\/it\\\/lancome-idole-aura-eau-de-parfum-da-donna-50-ml\\\/#breadcrumb\"},\"inLanguage\":\"it-IT\",\"potentialAction\":[{\"@type\":\"ReadAction\",\"target\":[\"https:\\\/\\\/shopatoa.com\\\/it\\\/lancome-idole-aura-eau-de-parfum-da-donna-50-ml\\\/\"]}]},{\"@type\":\"ImageObject\",\"inLanguage\":\"it-IT\",\"@id\":\"https:\\\/\\\/shopatoa.com\\\/it\\\/lancome-idole-aura-eau-de-parfum-da-donna-50-ml\\\/#primaryimage\",\"url\":\"https:\\\/\\\/storage.googleapis.com\\\/cz-shopatoa-img\\\/it\\\/49da05ad-unnamed-file.webp\",\"contentUrl\":\"https:\\\/\\\/storage.googleapis.com\\\/cz-shopatoa-img\\\/it\\\/49da05ad-unnamed-file.webp\",\"width\":800,\"height\":800},{\"@type\":\"BreadcrumbList\",\"@id\":\"https:\\\/\\\/shopatoa.com\\\/it\\\/lancome-idole-aura-eau-de-parfum-da-donna-50-ml\\\/#breadcrumb\",\"itemListElement\":[{\"@type\":\"ListItem\",\"position\":1,\"name\":\"Dom\u016f\",\"item\":\"https:\\\/\\\/shopatoa.com\\\/it\\\/\"},{\"@type\":\"ListItem\",\"position\":2,\"name\":\"Shop\",\"item\":\"https:\\\/\\\/shopatoa.com\\\/it\\\/shop\\\/\"},{\"@type\":\"ListItem\",\"position\":3,\"name\":\"Salute e bellezza\",\"item\":\"https:\\\/\\\/shopatoa.com\\\/it\\\/salute-e-bellezza\\\/\"},{\"@type\":\"ListItem\",\"position\":4,\"name\":\"Cura della persona\",\"item\":\"https:\\\/\\\/shopatoa.com\\\/it\\\/cura-della-persona\\\/\"},{\"@type\":\"ListItem\",\"position\":5,\"name\":\"Cosmetici\",\"item\":\"https:\\\/\\\/shopatoa.com\\\/it\\\/cosmetici\\\/\"},{\"@type\":\"ListItem\",\"position\":6,\"name\":\"Profumi e colonie\",\"item\":\"https:\\\/\\\/shopatoa.com\\\/it\\\/profumi-e-colonie\\\/\"},{\"@type\":\"ListItem\",\"position\":7,\"name\":\"Lanc\u00f4me Id\u00f4le Aura Eau de Parfum da donna 50 ml\"}]},{\"@type\":\"WebSite\",\"@id\":\"https:\\\/\\\/shopatoa.com\\\/it\\\/#website\",\"url\":\"https:\\\/\\\/shopatoa.com\\\/it\\\/\",\"name\":\"SHOPATOA\",\"description\":\"\",\"publisher\":{\"@id\":\"https:\\\/\\\/shopatoa.com\\\/it\\\/#organization\"},\"potentialAction\":[{\"@type\":\"SearchAction\",\"target\":{\"@type\":\"EntryPoint\",\"urlTemplate\":\"https:\\\/\\\/shopatoa.com\\\/it\\\/?s={search_term_string}\"},\"query-input\":{\"@type\":\"PropertyValueSpecification\",\"valueRequired\":true,\"valueName\":\"search_term_string\"}}],\"inLanguage\":\"it-IT\"},{\"@type\":\"Organization\",\"@id\":\"https:\\\/\\\/shopatoa.com\\\/it\\\/#organization\",\"name\":\"SHOPATOA\",\"url\":\"https:\\\/\\\/shopatoa.com\\\/it\\\/\",\"logo\":{\"@type\":\"ImageObject\",\"inLanguage\":\"it-IT\",\"@id\":\"https:\\\/\\\/shopatoa.com\\\/it\\\/#\\\/schema\\\/logo\\\/image\\\/\",\"url\":\"https:\\\/\\\/storage.googleapis.com\\\/cz-shopatoa-img\\\/it\\\/4dc78fd5-shopatoa_logo.png\",\"contentUrl\":\"https:\\\/\\\/storage.googleapis.com\\\/cz-shopatoa-img\\\/it\\\/4dc78fd5-shopatoa_logo.png\",\"width\":416,\"height\":63,\"caption\":\"SHOPATOA\"},\"image\":{\"@id\":\"https:\\\/\\\/shopatoa.com\\\/it\\\/#\\\/schema\\\/logo\\\/image\\\/\"}}]}<\/script>\n<!-- \/ Yoast SEO plugin. -->","yoast_head_json":{"title":"Lanc\u00f4me Id\u00f4le Aura Eau de Parfum da donna 50 ml - SHOPATOA.COM","robots":{"index":"index","follow":"follow","max-snippet":"max-snippet:-1","max-image-preview":"max-image-preview:large","max-video-preview":"max-video-preview:-1"},"canonical":"https:\/\/shopatoa.com\/it\/lancome-idole-aura-eau-de-parfum-da-donna-50-ml\/","og_locale":"it_IT","og_type":"article","og_title":"Lanc\u00f4me Id\u00f4le Aura Eau de Parfum da donna 50 ml - SHOPATOA.COM","og_description":"Lanc\u00f4me Id\u00f4le Aura, 50 ml, Eaux de Parfum per donna, Chiudi gli occhi e immaginati un giardino fiorito pieno dei fiori pi\u00f9 splendidi. Proprio questo \u00e8 il profumo dello spray corpo da donna Lanc\u00f4me Id\u00f4le Aura che con le sue note floreali illuminer\u00e0 giocosamente ogni giornata. sottolinea la sensualit\u00e0 di ogni donna la scelta ideale...","og_url":"https:\/\/shopatoa.com\/it\/lancome-idole-aura-eau-de-parfum-da-donna-50-ml\/","og_site_name":"SHOPATOA","article_modified_time":"2026-04-12T15:35:05+00:00","og_image":[{"width":800,"height":800,"url":"https:\/\/storage.googleapis.com\/cz-shopatoa-img\/it\/49da05ad-unnamed-file.webp","type":"image\/webp"}],"twitter_card":"summary_large_image","schema":{"@context":"https:\/\/schema.org","@graph":[{"@type":"WebPage","@id":"https:\/\/shopatoa.com\/it\/lancome-idole-aura-eau-de-parfum-da-donna-50-ml\/","url":"https:\/\/shopatoa.com\/it\/lancome-idole-aura-eau-de-parfum-da-donna-50-ml\/","name":"Lanc\u00f4me Id\u00f4le Aura Eau de Parfum da donna 50 ml - SHOPATOA.COM","isPartOf":{"@id":"https:\/\/shopatoa.com\/it\/#website"},"primaryImageOfPage":{"@id":"https:\/\/shopatoa.com\/it\/lancome-idole-aura-eau-de-parfum-da-donna-50-ml\/#primaryimage"},"image":{"@id":"https:\/\/shopatoa.com\/it\/lancome-idole-aura-eau-de-parfum-da-donna-50-ml\/#primaryimage"},"thumbnailUrl":"https:\/\/storage.googleapis.com\/cz-shopatoa-img\/it\/49da05ad-unnamed-file.webp","datePublished":"2025-06-07T21:31:06+00:00","dateModified":"2026-04-12T15:35:05+00:00","breadcrumb":{"@id":"https:\/\/shopatoa.com\/it\/lancome-idole-aura-eau-de-parfum-da-donna-50-ml\/#breadcrumb"},"inLanguage":"it-IT","potentialAction":[{"@type":"ReadAction","target":["https:\/\/shopatoa.com\/it\/lancome-idole-aura-eau-de-parfum-da-donna-50-ml\/"]}]},{"@type":"ImageObject","inLanguage":"it-IT","@id":"https:\/\/shopatoa.com\/it\/lancome-idole-aura-eau-de-parfum-da-donna-50-ml\/#primaryimage","url":"https:\/\/storage.googleapis.com\/cz-shopatoa-img\/it\/49da05ad-unnamed-file.webp","contentUrl":"https:\/\/storage.googleapis.com\/cz-shopatoa-img\/it\/49da05ad-unnamed-file.webp","width":800,"height":800},{"@type":"BreadcrumbList","@id":"https:\/\/shopatoa.com\/it\/lancome-idole-aura-eau-de-parfum-da-donna-50-ml\/#breadcrumb","itemListElement":[{"@type":"ListItem","position":1,"name":"Dom\u016f","item":"https:\/\/shopatoa.com\/it\/"},{"@type":"ListItem","position":2,"name":"Shop","item":"https:\/\/shopatoa.com\/it\/shop\/"},{"@type":"ListItem","position":3,"name":"Salute e bellezza","item":"https:\/\/shopatoa.com\/it\/salute-e-bellezza\/"},{"@type":"ListItem","position":4,"name":"Cura della persona","item":"https:\/\/shopatoa.com\/it\/cura-della-persona\/"},{"@type":"ListItem","position":5,"name":"Cosmetici","item":"https:\/\/shopatoa.com\/it\/cosmetici\/"},{"@type":"ListItem","position":6,"name":"Profumi e colonie","item":"https:\/\/shopatoa.com\/it\/profumi-e-colonie\/"},{"@type":"ListItem","position":7,"name":"Lanc\u00f4me Id\u00f4le Aura Eau de Parfum da donna 50 ml"}]},{"@type":"WebSite","@id":"https:\/\/shopatoa.com\/it\/#website","url":"https:\/\/shopatoa.com\/it\/","name":"SHOPATOA","description":"","publisher":{"@id":"https:\/\/shopatoa.com\/it\/#organization"},"potentialAction":[{"@type":"SearchAction","target":{"@type":"EntryPoint","urlTemplate":"https:\/\/shopatoa.com\/it\/?s={search_term_string}"},"query-input":{"@type":"PropertyValueSpecification","valueRequired":true,"valueName":"search_term_string"}}],"inLanguage":"it-IT"},{"@type":"Organization","@id":"https:\/\/shopatoa.com\/it\/#organization","name":"SHOPATOA","url":"https:\/\/shopatoa.com\/it\/","logo":{"@type":"ImageObject","inLanguage":"it-IT","@id":"https:\/\/shopatoa.com\/it\/#\/schema\/logo\/image\/","url":"https:\/\/storage.googleapis.com\/cz-shopatoa-img\/it\/4dc78fd5-shopatoa_logo.png","contentUrl":"https:\/\/storage.googleapis.com\/cz-shopatoa-img\/it\/4dc78fd5-shopatoa_logo.png","width":416,"height":63,"caption":"SHOPATOA"},"image":{"@id":"https:\/\/shopatoa.com\/it\/#\/schema\/logo\/image\/"}}]}},"_links":{"self":[{"href":"https:\/\/shopatoa.com\/it\/wp-json\/wp\/v2\/product\/42153","targetHints":{"allow":["GET"]}}],"collection":[{"href":"https:\/\/shopatoa.com\/it\/wp-json\/wp\/v2\/product"}],"about":[{"href":"https:\/\/shopatoa.com\/it\/wp-json\/wp\/v2\/types\/product"}],"replies":[{"embeddable":true,"href":"https:\/\/shopatoa.com\/it\/wp-json\/wp\/v2\/comments?post=42153"}],"wp:featuredmedia":[{"embeddable":true,"href":"https:\/\/shopatoa.com\/it\/wp-json\/wp\/v2\/media\/42154"}],"wp:attachment":[{"href":"https:\/\/shopatoa.com\/it\/wp-json\/wp\/v2\/media?parent=42153"}],"wp:term":[{"taxonomy":"product_brand","embeddable":true,"href":"https:\/\/shopatoa.com\/it\/wp-json\/wp\/v2\/product_brand?post=42153"},{"taxonomy":"product_cat","embeddable":true,"href":"https:\/\/shopatoa.com\/it\/wp-json\/wp\/v2\/product_cat?post=42153"},{"taxonomy":"product_tag","embeddable":true,"href":"https:\/\/shopatoa.com\/it\/wp-json\/wp\/v2\/product_tag?post=42153"}],"curies":[{"name":"wp","href":"https:\/\/api.w.org\/{rel}","templated":true}]}}