{"id":48957,"date":"2025-06-08T05:36:16","date_gmt":"2025-06-08T03:36:16","guid":{"rendered":"https:\/\/shopatoa.com\/it\/lattafa-asad-eau-de-parfum-per-uomo-100-ml\/"},"modified":"2026-05-09T02:17:29","modified_gmt":"2026-05-09T00:17:29","slug":"lattafa-asad-eau-de-parfum-per-uomo-100-ml","status":"publish","type":"product","link":"https:\/\/shopatoa.com\/it\/lattafa-asad-eau-de-parfum-per-uomo-100-ml\/","title":{"rendered":"Lattafa Asad Eau de Parfum per uomo 100 ml"},"content":{"rendered":"<p>Lattafa Asad, 100 ml, Eaux de Parfum per uomo, L\u2019eau de parfum da uomo Lattafa Asad sveler\u00e0 la virilit\u00e0, la forza e il coraggio che sono nascosti in te. Il profumo sorprende per la sua mascolinit\u00e0 esaltando meravigliosamente il tuo carattere ad ogni passo che fai.  profumo speziato profumo gourmet profumo caldo, ideale per la stagione fredda<\/p>\n","protected":false},"excerpt":{"rendered":"<p>Lattafa Asad, 100 ml, Eaux de Parfum per uomo, L\u2019eau de parfum da uomo Lattafa Asad sveler\u00e0 la virilit\u00e0, la forza e il coraggio che sono nascosti in te. Il profumo sorprende per la sua mascolinit\u00e0 esaltando meravigliosamente il tuo carattere ad ogni passo che fai. profumo speziato profumo gourmet profumo caldo, ideale per la&#8230;<\/p>\n","protected":false},"featured_media":48958,"comment_status":"closed","ping_status":"open","template":"","meta":{"_acf_changed":false,"_kadence_starter_templates_imported_post":false,"_kad_post_transparent":"","_kad_post_title":"","_kad_post_layout":"","_kad_post_sidebar_id":"","_kad_post_content_style":"","_kad_post_vertical_padding":"","_kad_post_feature":"","_kad_post_feature_position":"","_kad_post_header":false,"_kad_post_footer":false,"_kad_post_classname":""},"product_brand":[1120],"product_cat":[77,66,84,65],"product_tag":[],"class_list":{"0":"post-48957","1":"product","2":"type-product","3":"status-publish","4":"has-post-thumbnail","6":"product_brand-lattafa","7":"product_cat-cosmetici","8":"product_cat-cura-della-persona","9":"product_cat-profumi-e-colonie","10":"product_cat-salute-e-bellezza","11":"pa_dimensioni-100-ml","12":"pa_genere-male","14":"first","15":"instock","16":"sale","17":"product-type-external","18":"entry","19":"content-bg","20":"loop-entry"},"acf":[],"yoast_head":"<!-- This site is optimized with the Yoast SEO plugin v27.4 - https:\/\/yoast.com\/product\/yoast-seo-wordpress\/ -->\n<title>Lattafa Asad Eau de Parfum per uomo 100 ml - SHOPATOA.COM<\/title>\n<meta name=\"robots\" content=\"index, follow, max-snippet:-1, max-image-preview:large, max-video-preview:-1\" \/>\n<link rel=\"canonical\" href=\"https:\/\/shopatoa.com\/it\/lattafa-asad-eau-de-parfum-per-uomo-100-ml\/\" \/>\n<meta property=\"og:locale\" content=\"it_IT\" \/>\n<meta property=\"og:type\" content=\"article\" \/>\n<meta property=\"og:title\" content=\"Lattafa Asad Eau de Parfum per uomo 100 ml - SHOPATOA.COM\" \/>\n<meta property=\"og:description\" content=\"Lattafa Asad, 100 ml, Eaux de Parfum per uomo, L\u2019eau de parfum da uomo Lattafa Asad sveler\u00e0 la virilit\u00e0, la forza e il coraggio che sono nascosti in te. Il profumo sorprende per la sua mascolinit\u00e0 esaltando meravigliosamente il tuo carattere ad ogni passo che fai. profumo speziato profumo gourmet profumo caldo, ideale per la...\" \/>\n<meta property=\"og:url\" content=\"https:\/\/shopatoa.com\/it\/lattafa-asad-eau-de-parfum-per-uomo-100-ml\/\" \/>\n<meta property=\"og:site_name\" content=\"SHOPATOA\" \/>\n<meta property=\"article:modified_time\" content=\"2026-05-09T00:17:29+00:00\" \/>\n<meta property=\"og:image\" content=\"https:\/\/storage.googleapis.com\/cz-shopatoa-img\/it\/201358f0-unnamed-file.webp\" \/>\n\t<meta property=\"og:image:width\" content=\"800\" \/>\n\t<meta property=\"og:image:height\" content=\"800\" \/>\n\t<meta property=\"og:image:type\" content=\"image\/webp\" \/>\n<meta name=\"twitter:card\" content=\"summary_large_image\" \/>\n<script type=\"application\/ld+json\" class=\"yoast-schema-graph\">{\"@context\":\"https:\\\/\\\/schema.org\",\"@graph\":[{\"@type\":\"WebPage\",\"@id\":\"https:\\\/\\\/shopatoa.com\\\/it\\\/lattafa-asad-eau-de-parfum-per-uomo-100-ml\\\/\",\"url\":\"https:\\\/\\\/shopatoa.com\\\/it\\\/lattafa-asad-eau-de-parfum-per-uomo-100-ml\\\/\",\"name\":\"Lattafa Asad Eau de Parfum per uomo 100 ml - SHOPATOA.COM\",\"isPartOf\":{\"@id\":\"https:\\\/\\\/shopatoa.com\\\/it\\\/#website\"},\"primaryImageOfPage\":{\"@id\":\"https:\\\/\\\/shopatoa.com\\\/it\\\/lattafa-asad-eau-de-parfum-per-uomo-100-ml\\\/#primaryimage\"},\"image\":{\"@id\":\"https:\\\/\\\/shopatoa.com\\\/it\\\/lattafa-asad-eau-de-parfum-per-uomo-100-ml\\\/#primaryimage\"},\"thumbnailUrl\":\"https:\\\/\\\/storage.googleapis.com\\\/cz-shopatoa-img\\\/it\\\/201358f0-unnamed-file.webp\",\"datePublished\":\"2025-06-08T03:36:16+00:00\",\"dateModified\":\"2026-05-09T00:17:29+00:00\",\"breadcrumb\":{\"@id\":\"https:\\\/\\\/shopatoa.com\\\/it\\\/lattafa-asad-eau-de-parfum-per-uomo-100-ml\\\/#breadcrumb\"},\"inLanguage\":\"it-IT\",\"potentialAction\":[{\"@type\":\"ReadAction\",\"target\":[\"https:\\\/\\\/shopatoa.com\\\/it\\\/lattafa-asad-eau-de-parfum-per-uomo-100-ml\\\/\"]}]},{\"@type\":\"ImageObject\",\"inLanguage\":\"it-IT\",\"@id\":\"https:\\\/\\\/shopatoa.com\\\/it\\\/lattafa-asad-eau-de-parfum-per-uomo-100-ml\\\/#primaryimage\",\"url\":\"https:\\\/\\\/storage.googleapis.com\\\/cz-shopatoa-img\\\/it\\\/201358f0-unnamed-file.webp\",\"contentUrl\":\"https:\\\/\\\/storage.googleapis.com\\\/cz-shopatoa-img\\\/it\\\/201358f0-unnamed-file.webp\",\"width\":800,\"height\":800},{\"@type\":\"BreadcrumbList\",\"@id\":\"https:\\\/\\\/shopatoa.com\\\/it\\\/lattafa-asad-eau-de-parfum-per-uomo-100-ml\\\/#breadcrumb\",\"itemListElement\":[{\"@type\":\"ListItem\",\"position\":1,\"name\":\"Dom\u016f\",\"item\":\"https:\\\/\\\/shopatoa.com\\\/it\\\/\"},{\"@type\":\"ListItem\",\"position\":2,\"name\":\"Shop\",\"item\":\"https:\\\/\\\/shopatoa.com\\\/it\\\/shop\\\/\"},{\"@type\":\"ListItem\",\"position\":3,\"name\":\"Salute e bellezza\",\"item\":\"https:\\\/\\\/shopatoa.com\\\/it\\\/salute-e-bellezza\\\/\"},{\"@type\":\"ListItem\",\"position\":4,\"name\":\"Cura della persona\",\"item\":\"https:\\\/\\\/shopatoa.com\\\/it\\\/cura-della-persona\\\/\"},{\"@type\":\"ListItem\",\"position\":5,\"name\":\"Cosmetici\",\"item\":\"https:\\\/\\\/shopatoa.com\\\/it\\\/cosmetici\\\/\"},{\"@type\":\"ListItem\",\"position\":6,\"name\":\"Profumi e colonie\",\"item\":\"https:\\\/\\\/shopatoa.com\\\/it\\\/profumi-e-colonie\\\/\"},{\"@type\":\"ListItem\",\"position\":7,\"name\":\"Lattafa Asad Eau de Parfum per uomo 100 ml\"}]},{\"@type\":\"WebSite\",\"@id\":\"https:\\\/\\\/shopatoa.com\\\/it\\\/#website\",\"url\":\"https:\\\/\\\/shopatoa.com\\\/it\\\/\",\"name\":\"SHOPATOA\",\"description\":\"\",\"publisher\":{\"@id\":\"https:\\\/\\\/shopatoa.com\\\/it\\\/#organization\"},\"potentialAction\":[{\"@type\":\"SearchAction\",\"target\":{\"@type\":\"EntryPoint\",\"urlTemplate\":\"https:\\\/\\\/shopatoa.com\\\/it\\\/?s={search_term_string}\"},\"query-input\":{\"@type\":\"PropertyValueSpecification\",\"valueRequired\":true,\"valueName\":\"search_term_string\"}}],\"inLanguage\":\"it-IT\"},{\"@type\":\"Organization\",\"@id\":\"https:\\\/\\\/shopatoa.com\\\/it\\\/#organization\",\"name\":\"SHOPATOA\",\"url\":\"https:\\\/\\\/shopatoa.com\\\/it\\\/\",\"logo\":{\"@type\":\"ImageObject\",\"inLanguage\":\"it-IT\",\"@id\":\"https:\\\/\\\/shopatoa.com\\\/it\\\/#\\\/schema\\\/logo\\\/image\\\/\",\"url\":\"https:\\\/\\\/storage.googleapis.com\\\/cz-shopatoa-img\\\/it\\\/4dc78fd5-shopatoa_logo.png\",\"contentUrl\":\"https:\\\/\\\/storage.googleapis.com\\\/cz-shopatoa-img\\\/it\\\/4dc78fd5-shopatoa_logo.png\",\"width\":416,\"height\":63,\"caption\":\"SHOPATOA\"},\"image\":{\"@id\":\"https:\\\/\\\/shopatoa.com\\\/it\\\/#\\\/schema\\\/logo\\\/image\\\/\"}}]}<\/script>\n<!-- \/ Yoast SEO plugin. -->","yoast_head_json":{"title":"Lattafa Asad Eau de Parfum per uomo 100 ml - SHOPATOA.COM","robots":{"index":"index","follow":"follow","max-snippet":"max-snippet:-1","max-image-preview":"max-image-preview:large","max-video-preview":"max-video-preview:-1"},"canonical":"https:\/\/shopatoa.com\/it\/lattafa-asad-eau-de-parfum-per-uomo-100-ml\/","og_locale":"it_IT","og_type":"article","og_title":"Lattafa Asad Eau de Parfum per uomo 100 ml - SHOPATOA.COM","og_description":"Lattafa Asad, 100 ml, Eaux de Parfum per uomo, L\u2019eau de parfum da uomo Lattafa Asad sveler\u00e0 la virilit\u00e0, la forza e il coraggio che sono nascosti in te. Il profumo sorprende per la sua mascolinit\u00e0 esaltando meravigliosamente il tuo carattere ad ogni passo che fai. profumo speziato profumo gourmet profumo caldo, ideale per la...","og_url":"https:\/\/shopatoa.com\/it\/lattafa-asad-eau-de-parfum-per-uomo-100-ml\/","og_site_name":"SHOPATOA","article_modified_time":"2026-05-09T00:17:29+00:00","og_image":[{"width":800,"height":800,"url":"https:\/\/storage.googleapis.com\/cz-shopatoa-img\/it\/201358f0-unnamed-file.webp","type":"image\/webp"}],"twitter_card":"summary_large_image","schema":{"@context":"https:\/\/schema.org","@graph":[{"@type":"WebPage","@id":"https:\/\/shopatoa.com\/it\/lattafa-asad-eau-de-parfum-per-uomo-100-ml\/","url":"https:\/\/shopatoa.com\/it\/lattafa-asad-eau-de-parfum-per-uomo-100-ml\/","name":"Lattafa Asad Eau de Parfum per uomo 100 ml - SHOPATOA.COM","isPartOf":{"@id":"https:\/\/shopatoa.com\/it\/#website"},"primaryImageOfPage":{"@id":"https:\/\/shopatoa.com\/it\/lattafa-asad-eau-de-parfum-per-uomo-100-ml\/#primaryimage"},"image":{"@id":"https:\/\/shopatoa.com\/it\/lattafa-asad-eau-de-parfum-per-uomo-100-ml\/#primaryimage"},"thumbnailUrl":"https:\/\/storage.googleapis.com\/cz-shopatoa-img\/it\/201358f0-unnamed-file.webp","datePublished":"2025-06-08T03:36:16+00:00","dateModified":"2026-05-09T00:17:29+00:00","breadcrumb":{"@id":"https:\/\/shopatoa.com\/it\/lattafa-asad-eau-de-parfum-per-uomo-100-ml\/#breadcrumb"},"inLanguage":"it-IT","potentialAction":[{"@type":"ReadAction","target":["https:\/\/shopatoa.com\/it\/lattafa-asad-eau-de-parfum-per-uomo-100-ml\/"]}]},{"@type":"ImageObject","inLanguage":"it-IT","@id":"https:\/\/shopatoa.com\/it\/lattafa-asad-eau-de-parfum-per-uomo-100-ml\/#primaryimage","url":"https:\/\/storage.googleapis.com\/cz-shopatoa-img\/it\/201358f0-unnamed-file.webp","contentUrl":"https:\/\/storage.googleapis.com\/cz-shopatoa-img\/it\/201358f0-unnamed-file.webp","width":800,"height":800},{"@type":"BreadcrumbList","@id":"https:\/\/shopatoa.com\/it\/lattafa-asad-eau-de-parfum-per-uomo-100-ml\/#breadcrumb","itemListElement":[{"@type":"ListItem","position":1,"name":"Dom\u016f","item":"https:\/\/shopatoa.com\/it\/"},{"@type":"ListItem","position":2,"name":"Shop","item":"https:\/\/shopatoa.com\/it\/shop\/"},{"@type":"ListItem","position":3,"name":"Salute e bellezza","item":"https:\/\/shopatoa.com\/it\/salute-e-bellezza\/"},{"@type":"ListItem","position":4,"name":"Cura della persona","item":"https:\/\/shopatoa.com\/it\/cura-della-persona\/"},{"@type":"ListItem","position":5,"name":"Cosmetici","item":"https:\/\/shopatoa.com\/it\/cosmetici\/"},{"@type":"ListItem","position":6,"name":"Profumi e colonie","item":"https:\/\/shopatoa.com\/it\/profumi-e-colonie\/"},{"@type":"ListItem","position":7,"name":"Lattafa Asad Eau de Parfum per uomo 100 ml"}]},{"@type":"WebSite","@id":"https:\/\/shopatoa.com\/it\/#website","url":"https:\/\/shopatoa.com\/it\/","name":"SHOPATOA","description":"","publisher":{"@id":"https:\/\/shopatoa.com\/it\/#organization"},"potentialAction":[{"@type":"SearchAction","target":{"@type":"EntryPoint","urlTemplate":"https:\/\/shopatoa.com\/it\/?s={search_term_string}"},"query-input":{"@type":"PropertyValueSpecification","valueRequired":true,"valueName":"search_term_string"}}],"inLanguage":"it-IT"},{"@type":"Organization","@id":"https:\/\/shopatoa.com\/it\/#organization","name":"SHOPATOA","url":"https:\/\/shopatoa.com\/it\/","logo":{"@type":"ImageObject","inLanguage":"it-IT","@id":"https:\/\/shopatoa.com\/it\/#\/schema\/logo\/image\/","url":"https:\/\/storage.googleapis.com\/cz-shopatoa-img\/it\/4dc78fd5-shopatoa_logo.png","contentUrl":"https:\/\/storage.googleapis.com\/cz-shopatoa-img\/it\/4dc78fd5-shopatoa_logo.png","width":416,"height":63,"caption":"SHOPATOA"},"image":{"@id":"https:\/\/shopatoa.com\/it\/#\/schema\/logo\/image\/"}}]}},"_links":{"self":[{"href":"https:\/\/shopatoa.com\/it\/wp-json\/wp\/v2\/product\/48957","targetHints":{"allow":["GET"]}}],"collection":[{"href":"https:\/\/shopatoa.com\/it\/wp-json\/wp\/v2\/product"}],"about":[{"href":"https:\/\/shopatoa.com\/it\/wp-json\/wp\/v2\/types\/product"}],"replies":[{"embeddable":true,"href":"https:\/\/shopatoa.com\/it\/wp-json\/wp\/v2\/comments?post=48957"}],"wp:featuredmedia":[{"embeddable":true,"href":"https:\/\/shopatoa.com\/it\/wp-json\/wp\/v2\/media\/48958"}],"wp:attachment":[{"href":"https:\/\/shopatoa.com\/it\/wp-json\/wp\/v2\/media?parent=48957"}],"wp:term":[{"taxonomy":"product_brand","embeddable":true,"href":"https:\/\/shopatoa.com\/it\/wp-json\/wp\/v2\/product_brand?post=48957"},{"taxonomy":"product_cat","embeddable":true,"href":"https:\/\/shopatoa.com\/it\/wp-json\/wp\/v2\/product_cat?post=48957"},{"taxonomy":"product_tag","embeddable":true,"href":"https:\/\/shopatoa.com\/it\/wp-json\/wp\/v2\/product_tag?post=48957"}],"curies":[{"name":"wp","href":"https:\/\/api.w.org\/{rel}","templated":true}]}}