{"id":61364,"date":"2025-06-08T16:18:10","date_gmt":"2025-06-08T14:18:10","guid":{"rendered":"https:\/\/shopatoa.com\/it\/simply-zen-normalizing-treatment-latte-senza-risciacquo-per-capelli-grassi-100-ml\/"},"modified":"2026-04-08T11:09:40","modified_gmt":"2026-04-08T09:09:40","slug":"simply-zen-normalizing-treatment-latte-senza-risciacquo-per-capelli-grassi-100-ml","status":"publish","type":"product","link":"https:\/\/shopatoa.com\/it\/simply-zen-normalizing-treatment-latte-senza-risciacquo-per-capelli-grassi-100-ml\/","title":{"rendered":"Simply Zen Normalizing Treatment latte senza risciacquo per capelli grassi 100 ml"},"content":{"rendered":"<p>Simply Zen Normalizing Treatment, 100 ml, Balsami e condizionanti per capelli  per donna, Una dose istantanea di idratazione e nutrimento intenso viene fornita dal trattamento senza risciacquoSimply Zen Normalizing Treatment. Fornisce ai tuoi capelli tutto ci\u00f2 di cui hanno bisogno dopo il lavaggio, senza dover passare pi\u00f9 tempo del necessario in bagno. Ti aiuter\u00e0 a lisciare i capelli ripristinando la loro naturale lucentezza e l\u2019integrit\u00e0 della loro struttura. Favorisce la loro rigenerazione e contribuisce a facilitare la pettinatura. Tutto questo in modo semplice, veloce e senza bisogno di risciacquo. Basta applicarlo, lavarlo o pettinarlo per prendersi cura della bellezza e della salute dei tuoi capelli. Prova questo trattamento senza risciacquo e scopri un modo semplice e veloce di rigenerare con tanti altri benefici.  Caratteristiche:  conferisce ai capelli nutrizione e idratazione fornisce nuova forza ai capelli  Modo d\u2019uso: Applicare sui capelli bagnati e tamponati con l\u2019asciugamano. Non risciacquare.<\/p>\n","protected":false},"excerpt":{"rendered":"<p>Simply Zen Normalizing Treatment, 100 ml, Balsami e condizionanti per capelli per donna, Una dose istantanea di idratazione e nutrimento intenso viene fornita dal trattamento senza risciacquoSimply Zen Normalizing Treatment. Fornisce ai tuoi capelli tutto ci\u00f2 di cui hanno bisogno dopo il lavaggio, senza dover passare pi\u00f9 tempo del necessario in bagno. Ti aiuter\u00e0 a&#8230;<\/p>\n","protected":false},"featured_media":61365,"comment_status":"closed","ping_status":"open","template":"","meta":{"_acf_changed":false,"_kadence_starter_templates_imported_post":false,"_kad_post_transparent":"","_kad_post_title":"","_kad_post_layout":"","_kad_post_sidebar_id":"","_kad_post_content_style":"","_kad_post_vertical_padding":"","_kad_post_feature":"","_kad_post_feature_position":"","_kad_post_header":false,"_kad_post_footer":false,"_kad_post_classname":""},"product_brand":[1548],"product_cat":[67,66,65],"product_tag":[],"class_list":{"0":"post-61364","1":"product","2":"type-product","3":"status-publish","4":"has-post-thumbnail","6":"product_brand-simply-zen","7":"product_cat-cura-dei-capelli","8":"product_cat-cura-della-persona","9":"product_cat-salute-e-bellezza","10":"pa_dimensioni-100-ml","11":"pa_genere-female","13":"first","14":"instock","15":"sale","16":"product-type-external","17":"entry","18":"content-bg","19":"loop-entry"},"acf":[],"yoast_head":"<!-- This site is optimized with the Yoast SEO plugin v27.4 - https:\/\/yoast.com\/product\/yoast-seo-wordpress\/ -->\n<title>Simply Zen Normalizing Treatment latte senza risciacquo per capelli grassi 100 ml - SHOPATOA.COM<\/title>\n<meta name=\"robots\" content=\"index, follow, max-snippet:-1, max-image-preview:large, max-video-preview:-1\" \/>\n<link rel=\"canonical\" href=\"https:\/\/shopatoa.com\/it\/simply-zen-normalizing-treatment-latte-senza-risciacquo-per-capelli-grassi-100-ml\/\" \/>\n<meta property=\"og:locale\" content=\"it_IT\" \/>\n<meta property=\"og:type\" content=\"article\" \/>\n<meta property=\"og:title\" content=\"Simply Zen Normalizing Treatment latte senza risciacquo per capelli grassi 100 ml - SHOPATOA.COM\" \/>\n<meta property=\"og:description\" content=\"Simply Zen Normalizing Treatment, 100 ml, Balsami e condizionanti per capelli per donna, Una dose istantanea di idratazione e nutrimento intenso viene fornita dal trattamento senza risciacquoSimply Zen Normalizing Treatment. Fornisce ai tuoi capelli tutto ci\u00f2 di cui hanno bisogno dopo il lavaggio, senza dover passare pi\u00f9 tempo del necessario in bagno. Ti aiuter\u00e0 a...\" \/>\n<meta property=\"og:url\" content=\"https:\/\/shopatoa.com\/it\/simply-zen-normalizing-treatment-latte-senza-risciacquo-per-capelli-grassi-100-ml\/\" \/>\n<meta property=\"og:site_name\" content=\"SHOPATOA\" \/>\n<meta property=\"article:modified_time\" content=\"2026-04-08T09:09:40+00:00\" \/>\n<meta property=\"og:image\" content=\"https:\/\/storage.googleapis.com\/cz-shopatoa-img\/it\/17a8e129-unnamed-file.webp\" \/>\n\t<meta property=\"og:image:width\" content=\"800\" \/>\n\t<meta property=\"og:image:height\" content=\"800\" \/>\n\t<meta property=\"og:image:type\" content=\"image\/webp\" \/>\n<meta name=\"twitter:card\" content=\"summary_large_image\" \/>\n<meta name=\"twitter:label1\" content=\"Tempo di lettura stimato\" \/>\n\t<meta name=\"twitter:data1\" content=\"1 minuto\" \/>\n<script type=\"application\/ld+json\" class=\"yoast-schema-graph\">{\"@context\":\"https:\\\/\\\/schema.org\",\"@graph\":[{\"@type\":\"WebPage\",\"@id\":\"https:\\\/\\\/shopatoa.com\\\/it\\\/simply-zen-normalizing-treatment-latte-senza-risciacquo-per-capelli-grassi-100-ml\\\/\",\"url\":\"https:\\\/\\\/shopatoa.com\\\/it\\\/simply-zen-normalizing-treatment-latte-senza-risciacquo-per-capelli-grassi-100-ml\\\/\",\"name\":\"Simply Zen Normalizing Treatment latte senza risciacquo per capelli grassi 100 ml - SHOPATOA.COM\",\"isPartOf\":{\"@id\":\"https:\\\/\\\/shopatoa.com\\\/it\\\/#website\"},\"primaryImageOfPage\":{\"@id\":\"https:\\\/\\\/shopatoa.com\\\/it\\\/simply-zen-normalizing-treatment-latte-senza-risciacquo-per-capelli-grassi-100-ml\\\/#primaryimage\"},\"image\":{\"@id\":\"https:\\\/\\\/shopatoa.com\\\/it\\\/simply-zen-normalizing-treatment-latte-senza-risciacquo-per-capelli-grassi-100-ml\\\/#primaryimage\"},\"thumbnailUrl\":\"https:\\\/\\\/storage.googleapis.com\\\/cz-shopatoa-img\\\/it\\\/17a8e129-unnamed-file.webp\",\"datePublished\":\"2025-06-08T14:18:10+00:00\",\"dateModified\":\"2026-04-08T09:09:40+00:00\",\"breadcrumb\":{\"@id\":\"https:\\\/\\\/shopatoa.com\\\/it\\\/simply-zen-normalizing-treatment-latte-senza-risciacquo-per-capelli-grassi-100-ml\\\/#breadcrumb\"},\"inLanguage\":\"it-IT\",\"potentialAction\":[{\"@type\":\"ReadAction\",\"target\":[\"https:\\\/\\\/shopatoa.com\\\/it\\\/simply-zen-normalizing-treatment-latte-senza-risciacquo-per-capelli-grassi-100-ml\\\/\"]}]},{\"@type\":\"ImageObject\",\"inLanguage\":\"it-IT\",\"@id\":\"https:\\\/\\\/shopatoa.com\\\/it\\\/simply-zen-normalizing-treatment-latte-senza-risciacquo-per-capelli-grassi-100-ml\\\/#primaryimage\",\"url\":\"https:\\\/\\\/storage.googleapis.com\\\/cz-shopatoa-img\\\/it\\\/17a8e129-unnamed-file.webp\",\"contentUrl\":\"https:\\\/\\\/storage.googleapis.com\\\/cz-shopatoa-img\\\/it\\\/17a8e129-unnamed-file.webp\",\"width\":800,\"height\":800},{\"@type\":\"BreadcrumbList\",\"@id\":\"https:\\\/\\\/shopatoa.com\\\/it\\\/simply-zen-normalizing-treatment-latte-senza-risciacquo-per-capelli-grassi-100-ml\\\/#breadcrumb\",\"itemListElement\":[{\"@type\":\"ListItem\",\"position\":1,\"name\":\"Dom\u016f\",\"item\":\"https:\\\/\\\/shopatoa.com\\\/it\\\/\"},{\"@type\":\"ListItem\",\"position\":2,\"name\":\"Shop\",\"item\":\"https:\\\/\\\/shopatoa.com\\\/it\\\/shop\\\/\"},{\"@type\":\"ListItem\",\"position\":3,\"name\":\"Salute e bellezza\",\"item\":\"https:\\\/\\\/shopatoa.com\\\/it\\\/salute-e-bellezza\\\/\"},{\"@type\":\"ListItem\",\"position\":4,\"name\":\"Cura della persona\",\"item\":\"https:\\\/\\\/shopatoa.com\\\/it\\\/cura-della-persona\\\/\"},{\"@type\":\"ListItem\",\"position\":5,\"name\":\"Cura dei capelli\",\"item\":\"https:\\\/\\\/shopatoa.com\\\/it\\\/cura-dei-capelli\\\/\"},{\"@type\":\"ListItem\",\"position\":6,\"name\":\"Simply Zen Normalizing Treatment latte senza risciacquo per capelli grassi 100 ml\"}]},{\"@type\":\"WebSite\",\"@id\":\"https:\\\/\\\/shopatoa.com\\\/it\\\/#website\",\"url\":\"https:\\\/\\\/shopatoa.com\\\/it\\\/\",\"name\":\"SHOPATOA\",\"description\":\"\",\"publisher\":{\"@id\":\"https:\\\/\\\/shopatoa.com\\\/it\\\/#organization\"},\"potentialAction\":[{\"@type\":\"SearchAction\",\"target\":{\"@type\":\"EntryPoint\",\"urlTemplate\":\"https:\\\/\\\/shopatoa.com\\\/it\\\/?s={search_term_string}\"},\"query-input\":{\"@type\":\"PropertyValueSpecification\",\"valueRequired\":true,\"valueName\":\"search_term_string\"}}],\"inLanguage\":\"it-IT\"},{\"@type\":\"Organization\",\"@id\":\"https:\\\/\\\/shopatoa.com\\\/it\\\/#organization\",\"name\":\"SHOPATOA\",\"url\":\"https:\\\/\\\/shopatoa.com\\\/it\\\/\",\"logo\":{\"@type\":\"ImageObject\",\"inLanguage\":\"it-IT\",\"@id\":\"https:\\\/\\\/shopatoa.com\\\/it\\\/#\\\/schema\\\/logo\\\/image\\\/\",\"url\":\"https:\\\/\\\/storage.googleapis.com\\\/cz-shopatoa-img\\\/it\\\/4dc78fd5-shopatoa_logo.png\",\"contentUrl\":\"https:\\\/\\\/storage.googleapis.com\\\/cz-shopatoa-img\\\/it\\\/4dc78fd5-shopatoa_logo.png\",\"width\":416,\"height\":63,\"caption\":\"SHOPATOA\"},\"image\":{\"@id\":\"https:\\\/\\\/shopatoa.com\\\/it\\\/#\\\/schema\\\/logo\\\/image\\\/\"}}]}<\/script>\n<!-- \/ Yoast SEO plugin. -->","yoast_head_json":{"title":"Simply Zen Normalizing Treatment latte senza risciacquo per capelli grassi 100 ml - SHOPATOA.COM","robots":{"index":"index","follow":"follow","max-snippet":"max-snippet:-1","max-image-preview":"max-image-preview:large","max-video-preview":"max-video-preview:-1"},"canonical":"https:\/\/shopatoa.com\/it\/simply-zen-normalizing-treatment-latte-senza-risciacquo-per-capelli-grassi-100-ml\/","og_locale":"it_IT","og_type":"article","og_title":"Simply Zen Normalizing Treatment latte senza risciacquo per capelli grassi 100 ml - SHOPATOA.COM","og_description":"Simply Zen Normalizing Treatment, 100 ml, Balsami e condizionanti per capelli per donna, Una dose istantanea di idratazione e nutrimento intenso viene fornita dal trattamento senza risciacquoSimply Zen Normalizing Treatment. Fornisce ai tuoi capelli tutto ci\u00f2 di cui hanno bisogno dopo il lavaggio, senza dover passare pi\u00f9 tempo del necessario in bagno. Ti aiuter\u00e0 a...","og_url":"https:\/\/shopatoa.com\/it\/simply-zen-normalizing-treatment-latte-senza-risciacquo-per-capelli-grassi-100-ml\/","og_site_name":"SHOPATOA","article_modified_time":"2026-04-08T09:09:40+00:00","og_image":[{"width":800,"height":800,"url":"https:\/\/storage.googleapis.com\/cz-shopatoa-img\/it\/17a8e129-unnamed-file.webp","type":"image\/webp"}],"twitter_card":"summary_large_image","twitter_misc":{"Tempo di lettura stimato":"1 minuto"},"schema":{"@context":"https:\/\/schema.org","@graph":[{"@type":"WebPage","@id":"https:\/\/shopatoa.com\/it\/simply-zen-normalizing-treatment-latte-senza-risciacquo-per-capelli-grassi-100-ml\/","url":"https:\/\/shopatoa.com\/it\/simply-zen-normalizing-treatment-latte-senza-risciacquo-per-capelli-grassi-100-ml\/","name":"Simply Zen Normalizing Treatment latte senza risciacquo per capelli grassi 100 ml - SHOPATOA.COM","isPartOf":{"@id":"https:\/\/shopatoa.com\/it\/#website"},"primaryImageOfPage":{"@id":"https:\/\/shopatoa.com\/it\/simply-zen-normalizing-treatment-latte-senza-risciacquo-per-capelli-grassi-100-ml\/#primaryimage"},"image":{"@id":"https:\/\/shopatoa.com\/it\/simply-zen-normalizing-treatment-latte-senza-risciacquo-per-capelli-grassi-100-ml\/#primaryimage"},"thumbnailUrl":"https:\/\/storage.googleapis.com\/cz-shopatoa-img\/it\/17a8e129-unnamed-file.webp","datePublished":"2025-06-08T14:18:10+00:00","dateModified":"2026-04-08T09:09:40+00:00","breadcrumb":{"@id":"https:\/\/shopatoa.com\/it\/simply-zen-normalizing-treatment-latte-senza-risciacquo-per-capelli-grassi-100-ml\/#breadcrumb"},"inLanguage":"it-IT","potentialAction":[{"@type":"ReadAction","target":["https:\/\/shopatoa.com\/it\/simply-zen-normalizing-treatment-latte-senza-risciacquo-per-capelli-grassi-100-ml\/"]}]},{"@type":"ImageObject","inLanguage":"it-IT","@id":"https:\/\/shopatoa.com\/it\/simply-zen-normalizing-treatment-latte-senza-risciacquo-per-capelli-grassi-100-ml\/#primaryimage","url":"https:\/\/storage.googleapis.com\/cz-shopatoa-img\/it\/17a8e129-unnamed-file.webp","contentUrl":"https:\/\/storage.googleapis.com\/cz-shopatoa-img\/it\/17a8e129-unnamed-file.webp","width":800,"height":800},{"@type":"BreadcrumbList","@id":"https:\/\/shopatoa.com\/it\/simply-zen-normalizing-treatment-latte-senza-risciacquo-per-capelli-grassi-100-ml\/#breadcrumb","itemListElement":[{"@type":"ListItem","position":1,"name":"Dom\u016f","item":"https:\/\/shopatoa.com\/it\/"},{"@type":"ListItem","position":2,"name":"Shop","item":"https:\/\/shopatoa.com\/it\/shop\/"},{"@type":"ListItem","position":3,"name":"Salute e bellezza","item":"https:\/\/shopatoa.com\/it\/salute-e-bellezza\/"},{"@type":"ListItem","position":4,"name":"Cura della persona","item":"https:\/\/shopatoa.com\/it\/cura-della-persona\/"},{"@type":"ListItem","position":5,"name":"Cura dei capelli","item":"https:\/\/shopatoa.com\/it\/cura-dei-capelli\/"},{"@type":"ListItem","position":6,"name":"Simply Zen Normalizing Treatment latte senza risciacquo per capelli grassi 100 ml"}]},{"@type":"WebSite","@id":"https:\/\/shopatoa.com\/it\/#website","url":"https:\/\/shopatoa.com\/it\/","name":"SHOPATOA","description":"","publisher":{"@id":"https:\/\/shopatoa.com\/it\/#organization"},"potentialAction":[{"@type":"SearchAction","target":{"@type":"EntryPoint","urlTemplate":"https:\/\/shopatoa.com\/it\/?s={search_term_string}"},"query-input":{"@type":"PropertyValueSpecification","valueRequired":true,"valueName":"search_term_string"}}],"inLanguage":"it-IT"},{"@type":"Organization","@id":"https:\/\/shopatoa.com\/it\/#organization","name":"SHOPATOA","url":"https:\/\/shopatoa.com\/it\/","logo":{"@type":"ImageObject","inLanguage":"it-IT","@id":"https:\/\/shopatoa.com\/it\/#\/schema\/logo\/image\/","url":"https:\/\/storage.googleapis.com\/cz-shopatoa-img\/it\/4dc78fd5-shopatoa_logo.png","contentUrl":"https:\/\/storage.googleapis.com\/cz-shopatoa-img\/it\/4dc78fd5-shopatoa_logo.png","width":416,"height":63,"caption":"SHOPATOA"},"image":{"@id":"https:\/\/shopatoa.com\/it\/#\/schema\/logo\/image\/"}}]}},"_links":{"self":[{"href":"https:\/\/shopatoa.com\/it\/wp-json\/wp\/v2\/product\/61364","targetHints":{"allow":["GET"]}}],"collection":[{"href":"https:\/\/shopatoa.com\/it\/wp-json\/wp\/v2\/product"}],"about":[{"href":"https:\/\/shopatoa.com\/it\/wp-json\/wp\/v2\/types\/product"}],"replies":[{"embeddable":true,"href":"https:\/\/shopatoa.com\/it\/wp-json\/wp\/v2\/comments?post=61364"}],"wp:featuredmedia":[{"embeddable":true,"href":"https:\/\/shopatoa.com\/it\/wp-json\/wp\/v2\/media\/61365"}],"wp:attachment":[{"href":"https:\/\/shopatoa.com\/it\/wp-json\/wp\/v2\/media?parent=61364"}],"wp:term":[{"taxonomy":"product_brand","embeddable":true,"href":"https:\/\/shopatoa.com\/it\/wp-json\/wp\/v2\/product_brand?post=61364"},{"taxonomy":"product_cat","embeddable":true,"href":"https:\/\/shopatoa.com\/it\/wp-json\/wp\/v2\/product_cat?post=61364"},{"taxonomy":"product_tag","embeddable":true,"href":"https:\/\/shopatoa.com\/it\/wp-json\/wp\/v2\/product_tag?post=61364"}],"curies":[{"name":"wp","href":"https:\/\/api.w.org\/{rel}","templated":true}]}}