{"id":62142,"date":"2025-06-08T16:58:23","date_gmt":"2025-06-08T14:58:23","guid":{"rendered":"https:\/\/shopatoa.com\/it\/burberry-hero-eau-de-parfum-eau-de-parfum-per-uomo-refill-200-ml\/"},"modified":"2026-05-09T02:58:49","modified_gmt":"2026-05-09T00:58:49","slug":"burberry-hero-eau-de-parfum-eau-de-parfum-per-uomo-refill-200-ml","status":"publish","type":"product","link":"https:\/\/shopatoa.com\/it\/burberry-hero-eau-de-parfum-eau-de-parfum-per-uomo-refill-200-ml\/","title":{"rendered":"Burberry Hero Eau de Parfum Eau de Parfum per uomo Refill 200 ml"},"content":{"rendered":"<p>Burberry Hero Eau de Parfum, 200 ml, Eaux de Parfum per uomo, Indossare l\u2019eau de parfum da uomo Burberry Hero Eau de Parfum sar\u00e0 per te come fuggire nel cuore stesso della natura. Lasciati alle spalle la stressante frenesia della citt\u00e0 e rimani concentrato su quello che conta davvero.  profumo legnoso piacer\u00e0 a ogni moderno gentleman profumo unico per le occasioni speciali profumo di lusso per i pi\u00f9 esigenti un\u2019idea per un regalo che piacer\u00e0 sicuramente<\/p>\n","protected":false},"excerpt":{"rendered":"<p>Burberry Hero Eau de Parfum, 200 ml, Eaux de Parfum per uomo, Indossare l\u2019eau de parfum da uomo Burberry Hero Eau de Parfum sar\u00e0 per te come fuggire nel cuore stesso della natura. Lasciati alle spalle la stressante frenesia della citt\u00e0 e rimani concentrato su quello che conta davvero. profumo legnoso piacer\u00e0 a ogni moderno&#8230;<\/p>\n","protected":false},"featured_media":62143,"comment_status":"closed","ping_status":"open","template":"","meta":{"_acf_changed":false,"_kadence_starter_templates_imported_post":false,"_kad_post_transparent":"","_kad_post_title":"","_kad_post_layout":"","_kad_post_sidebar_id":"","_kad_post_content_style":"","_kad_post_vertical_padding":"","_kad_post_feature":"","_kad_post_feature_position":"","_kad_post_header":false,"_kad_post_footer":false,"_kad_post_classname":""},"product_brand":[95],"product_cat":[77,66,84,65],"product_tag":[],"class_list":{"0":"post-62142","1":"product","2":"type-product","3":"status-publish","4":"has-post-thumbnail","6":"product_brand-burberry","7":"product_cat-cosmetici","8":"product_cat-cura-della-persona","9":"product_cat-profumi-e-colonie","10":"product_cat-salute-e-bellezza","11":"pa_dimensioni-200-ml","12":"pa_genere-male","14":"first","15":"instock","16":"sale","17":"product-type-external","18":"entry","19":"content-bg","20":"loop-entry"},"acf":[],"yoast_head":"<!-- This site is optimized with the Yoast SEO plugin v27.4 - https:\/\/yoast.com\/product\/yoast-seo-wordpress\/ -->\n<title>Burberry Hero Eau de Parfum Eau de Parfum per uomo Refill 200 ml - SHOPATOA.COM<\/title>\n<meta name=\"robots\" content=\"index, follow, max-snippet:-1, max-image-preview:large, max-video-preview:-1\" \/>\n<link rel=\"canonical\" href=\"https:\/\/shopatoa.com\/it\/burberry-hero-eau-de-parfum-eau-de-parfum-per-uomo-refill-200-ml\/\" \/>\n<meta property=\"og:locale\" content=\"it_IT\" \/>\n<meta property=\"og:type\" content=\"article\" \/>\n<meta property=\"og:title\" content=\"Burberry Hero Eau de Parfum Eau de Parfum per uomo Refill 200 ml - SHOPATOA.COM\" \/>\n<meta property=\"og:description\" content=\"Burberry Hero Eau de Parfum, 200 ml, Eaux de Parfum per uomo, Indossare l\u2019eau de parfum da uomo Burberry Hero Eau de Parfum sar\u00e0 per te come fuggire nel cuore stesso della natura. Lasciati alle spalle la stressante frenesia della citt\u00e0 e rimani concentrato su quello che conta davvero. profumo legnoso piacer\u00e0 a ogni moderno...\" \/>\n<meta property=\"og:url\" content=\"https:\/\/shopatoa.com\/it\/burberry-hero-eau-de-parfum-eau-de-parfum-per-uomo-refill-200-ml\/\" \/>\n<meta property=\"og:site_name\" content=\"SHOPATOA\" \/>\n<meta property=\"article:modified_time\" content=\"2026-05-09T00:58:49+00:00\" \/>\n<meta property=\"og:image\" content=\"https:\/\/storage.googleapis.com\/cz-shopatoa-img\/it\/12cfcb59-unnamed-file.webp\" \/>\n\t<meta property=\"og:image:width\" content=\"800\" \/>\n\t<meta property=\"og:image:height\" content=\"800\" \/>\n\t<meta property=\"og:image:type\" content=\"image\/webp\" \/>\n<meta name=\"twitter:card\" content=\"summary_large_image\" \/>\n<script type=\"application\/ld+json\" class=\"yoast-schema-graph\">{\"@context\":\"https:\\\/\\\/schema.org\",\"@graph\":[{\"@type\":\"WebPage\",\"@id\":\"https:\\\/\\\/shopatoa.com\\\/it\\\/burberry-hero-eau-de-parfum-eau-de-parfum-per-uomo-refill-200-ml\\\/\",\"url\":\"https:\\\/\\\/shopatoa.com\\\/it\\\/burberry-hero-eau-de-parfum-eau-de-parfum-per-uomo-refill-200-ml\\\/\",\"name\":\"Burberry Hero Eau de Parfum Eau de Parfum per uomo Refill 200 ml - SHOPATOA.COM\",\"isPartOf\":{\"@id\":\"https:\\\/\\\/shopatoa.com\\\/it\\\/#website\"},\"primaryImageOfPage\":{\"@id\":\"https:\\\/\\\/shopatoa.com\\\/it\\\/burberry-hero-eau-de-parfum-eau-de-parfum-per-uomo-refill-200-ml\\\/#primaryimage\"},\"image\":{\"@id\":\"https:\\\/\\\/shopatoa.com\\\/it\\\/burberry-hero-eau-de-parfum-eau-de-parfum-per-uomo-refill-200-ml\\\/#primaryimage\"},\"thumbnailUrl\":\"https:\\\/\\\/storage.googleapis.com\\\/cz-shopatoa-img\\\/it\\\/12cfcb59-unnamed-file.webp\",\"datePublished\":\"2025-06-08T14:58:23+00:00\",\"dateModified\":\"2026-05-09T00:58:49+00:00\",\"breadcrumb\":{\"@id\":\"https:\\\/\\\/shopatoa.com\\\/it\\\/burberry-hero-eau-de-parfum-eau-de-parfum-per-uomo-refill-200-ml\\\/#breadcrumb\"},\"inLanguage\":\"it-IT\",\"potentialAction\":[{\"@type\":\"ReadAction\",\"target\":[\"https:\\\/\\\/shopatoa.com\\\/it\\\/burberry-hero-eau-de-parfum-eau-de-parfum-per-uomo-refill-200-ml\\\/\"]}]},{\"@type\":\"ImageObject\",\"inLanguage\":\"it-IT\",\"@id\":\"https:\\\/\\\/shopatoa.com\\\/it\\\/burberry-hero-eau-de-parfum-eau-de-parfum-per-uomo-refill-200-ml\\\/#primaryimage\",\"url\":\"https:\\\/\\\/storage.googleapis.com\\\/cz-shopatoa-img\\\/it\\\/12cfcb59-unnamed-file.webp\",\"contentUrl\":\"https:\\\/\\\/storage.googleapis.com\\\/cz-shopatoa-img\\\/it\\\/12cfcb59-unnamed-file.webp\",\"width\":800,\"height\":800},{\"@type\":\"BreadcrumbList\",\"@id\":\"https:\\\/\\\/shopatoa.com\\\/it\\\/burberry-hero-eau-de-parfum-eau-de-parfum-per-uomo-refill-200-ml\\\/#breadcrumb\",\"itemListElement\":[{\"@type\":\"ListItem\",\"position\":1,\"name\":\"Dom\u016f\",\"item\":\"https:\\\/\\\/shopatoa.com\\\/it\\\/\"},{\"@type\":\"ListItem\",\"position\":2,\"name\":\"Shop\",\"item\":\"https:\\\/\\\/shopatoa.com\\\/it\\\/shop\\\/\"},{\"@type\":\"ListItem\",\"position\":3,\"name\":\"Salute e bellezza\",\"item\":\"https:\\\/\\\/shopatoa.com\\\/it\\\/salute-e-bellezza\\\/\"},{\"@type\":\"ListItem\",\"position\":4,\"name\":\"Cura della persona\",\"item\":\"https:\\\/\\\/shopatoa.com\\\/it\\\/cura-della-persona\\\/\"},{\"@type\":\"ListItem\",\"position\":5,\"name\":\"Cosmetici\",\"item\":\"https:\\\/\\\/shopatoa.com\\\/it\\\/cosmetici\\\/\"},{\"@type\":\"ListItem\",\"position\":6,\"name\":\"Profumi e colonie\",\"item\":\"https:\\\/\\\/shopatoa.com\\\/it\\\/profumi-e-colonie\\\/\"},{\"@type\":\"ListItem\",\"position\":7,\"name\":\"Burberry Hero Eau de Parfum Eau de Parfum per uomo Refill 200 ml\"}]},{\"@type\":\"WebSite\",\"@id\":\"https:\\\/\\\/shopatoa.com\\\/it\\\/#website\",\"url\":\"https:\\\/\\\/shopatoa.com\\\/it\\\/\",\"name\":\"SHOPATOA\",\"description\":\"\",\"publisher\":{\"@id\":\"https:\\\/\\\/shopatoa.com\\\/it\\\/#organization\"},\"potentialAction\":[{\"@type\":\"SearchAction\",\"target\":{\"@type\":\"EntryPoint\",\"urlTemplate\":\"https:\\\/\\\/shopatoa.com\\\/it\\\/?s={search_term_string}\"},\"query-input\":{\"@type\":\"PropertyValueSpecification\",\"valueRequired\":true,\"valueName\":\"search_term_string\"}}],\"inLanguage\":\"it-IT\"},{\"@type\":\"Organization\",\"@id\":\"https:\\\/\\\/shopatoa.com\\\/it\\\/#organization\",\"name\":\"SHOPATOA\",\"url\":\"https:\\\/\\\/shopatoa.com\\\/it\\\/\",\"logo\":{\"@type\":\"ImageObject\",\"inLanguage\":\"it-IT\",\"@id\":\"https:\\\/\\\/shopatoa.com\\\/it\\\/#\\\/schema\\\/logo\\\/image\\\/\",\"url\":\"https:\\\/\\\/storage.googleapis.com\\\/cz-shopatoa-img\\\/it\\\/4dc78fd5-shopatoa_logo.png\",\"contentUrl\":\"https:\\\/\\\/storage.googleapis.com\\\/cz-shopatoa-img\\\/it\\\/4dc78fd5-shopatoa_logo.png\",\"width\":416,\"height\":63,\"caption\":\"SHOPATOA\"},\"image\":{\"@id\":\"https:\\\/\\\/shopatoa.com\\\/it\\\/#\\\/schema\\\/logo\\\/image\\\/\"}}]}<\/script>\n<!-- \/ Yoast SEO plugin. -->","yoast_head_json":{"title":"Burberry Hero Eau de Parfum Eau de Parfum per uomo Refill 200 ml - SHOPATOA.COM","robots":{"index":"index","follow":"follow","max-snippet":"max-snippet:-1","max-image-preview":"max-image-preview:large","max-video-preview":"max-video-preview:-1"},"canonical":"https:\/\/shopatoa.com\/it\/burberry-hero-eau-de-parfum-eau-de-parfum-per-uomo-refill-200-ml\/","og_locale":"it_IT","og_type":"article","og_title":"Burberry Hero Eau de Parfum Eau de Parfum per uomo Refill 200 ml - SHOPATOA.COM","og_description":"Burberry Hero Eau de Parfum, 200 ml, Eaux de Parfum per uomo, Indossare l\u2019eau de parfum da uomo Burberry Hero Eau de Parfum sar\u00e0 per te come fuggire nel cuore stesso della natura. Lasciati alle spalle la stressante frenesia della citt\u00e0 e rimani concentrato su quello che conta davvero. profumo legnoso piacer\u00e0 a ogni moderno...","og_url":"https:\/\/shopatoa.com\/it\/burberry-hero-eau-de-parfum-eau-de-parfum-per-uomo-refill-200-ml\/","og_site_name":"SHOPATOA","article_modified_time":"2026-05-09T00:58:49+00:00","og_image":[{"width":800,"height":800,"url":"https:\/\/storage.googleapis.com\/cz-shopatoa-img\/it\/12cfcb59-unnamed-file.webp","type":"image\/webp"}],"twitter_card":"summary_large_image","schema":{"@context":"https:\/\/schema.org","@graph":[{"@type":"WebPage","@id":"https:\/\/shopatoa.com\/it\/burberry-hero-eau-de-parfum-eau-de-parfum-per-uomo-refill-200-ml\/","url":"https:\/\/shopatoa.com\/it\/burberry-hero-eau-de-parfum-eau-de-parfum-per-uomo-refill-200-ml\/","name":"Burberry Hero Eau de Parfum Eau de Parfum per uomo Refill 200 ml - SHOPATOA.COM","isPartOf":{"@id":"https:\/\/shopatoa.com\/it\/#website"},"primaryImageOfPage":{"@id":"https:\/\/shopatoa.com\/it\/burberry-hero-eau-de-parfum-eau-de-parfum-per-uomo-refill-200-ml\/#primaryimage"},"image":{"@id":"https:\/\/shopatoa.com\/it\/burberry-hero-eau-de-parfum-eau-de-parfum-per-uomo-refill-200-ml\/#primaryimage"},"thumbnailUrl":"https:\/\/storage.googleapis.com\/cz-shopatoa-img\/it\/12cfcb59-unnamed-file.webp","datePublished":"2025-06-08T14:58:23+00:00","dateModified":"2026-05-09T00:58:49+00:00","breadcrumb":{"@id":"https:\/\/shopatoa.com\/it\/burberry-hero-eau-de-parfum-eau-de-parfum-per-uomo-refill-200-ml\/#breadcrumb"},"inLanguage":"it-IT","potentialAction":[{"@type":"ReadAction","target":["https:\/\/shopatoa.com\/it\/burberry-hero-eau-de-parfum-eau-de-parfum-per-uomo-refill-200-ml\/"]}]},{"@type":"ImageObject","inLanguage":"it-IT","@id":"https:\/\/shopatoa.com\/it\/burberry-hero-eau-de-parfum-eau-de-parfum-per-uomo-refill-200-ml\/#primaryimage","url":"https:\/\/storage.googleapis.com\/cz-shopatoa-img\/it\/12cfcb59-unnamed-file.webp","contentUrl":"https:\/\/storage.googleapis.com\/cz-shopatoa-img\/it\/12cfcb59-unnamed-file.webp","width":800,"height":800},{"@type":"BreadcrumbList","@id":"https:\/\/shopatoa.com\/it\/burberry-hero-eau-de-parfum-eau-de-parfum-per-uomo-refill-200-ml\/#breadcrumb","itemListElement":[{"@type":"ListItem","position":1,"name":"Dom\u016f","item":"https:\/\/shopatoa.com\/it\/"},{"@type":"ListItem","position":2,"name":"Shop","item":"https:\/\/shopatoa.com\/it\/shop\/"},{"@type":"ListItem","position":3,"name":"Salute e bellezza","item":"https:\/\/shopatoa.com\/it\/salute-e-bellezza\/"},{"@type":"ListItem","position":4,"name":"Cura della persona","item":"https:\/\/shopatoa.com\/it\/cura-della-persona\/"},{"@type":"ListItem","position":5,"name":"Cosmetici","item":"https:\/\/shopatoa.com\/it\/cosmetici\/"},{"@type":"ListItem","position":6,"name":"Profumi e colonie","item":"https:\/\/shopatoa.com\/it\/profumi-e-colonie\/"},{"@type":"ListItem","position":7,"name":"Burberry Hero Eau de Parfum Eau de Parfum per uomo Refill 200 ml"}]},{"@type":"WebSite","@id":"https:\/\/shopatoa.com\/it\/#website","url":"https:\/\/shopatoa.com\/it\/","name":"SHOPATOA","description":"","publisher":{"@id":"https:\/\/shopatoa.com\/it\/#organization"},"potentialAction":[{"@type":"SearchAction","target":{"@type":"EntryPoint","urlTemplate":"https:\/\/shopatoa.com\/it\/?s={search_term_string}"},"query-input":{"@type":"PropertyValueSpecification","valueRequired":true,"valueName":"search_term_string"}}],"inLanguage":"it-IT"},{"@type":"Organization","@id":"https:\/\/shopatoa.com\/it\/#organization","name":"SHOPATOA","url":"https:\/\/shopatoa.com\/it\/","logo":{"@type":"ImageObject","inLanguage":"it-IT","@id":"https:\/\/shopatoa.com\/it\/#\/schema\/logo\/image\/","url":"https:\/\/storage.googleapis.com\/cz-shopatoa-img\/it\/4dc78fd5-shopatoa_logo.png","contentUrl":"https:\/\/storage.googleapis.com\/cz-shopatoa-img\/it\/4dc78fd5-shopatoa_logo.png","width":416,"height":63,"caption":"SHOPATOA"},"image":{"@id":"https:\/\/shopatoa.com\/it\/#\/schema\/logo\/image\/"}}]}},"_links":{"self":[{"href":"https:\/\/shopatoa.com\/it\/wp-json\/wp\/v2\/product\/62142","targetHints":{"allow":["GET"]}}],"collection":[{"href":"https:\/\/shopatoa.com\/it\/wp-json\/wp\/v2\/product"}],"about":[{"href":"https:\/\/shopatoa.com\/it\/wp-json\/wp\/v2\/types\/product"}],"replies":[{"embeddable":true,"href":"https:\/\/shopatoa.com\/it\/wp-json\/wp\/v2\/comments?post=62142"}],"wp:featuredmedia":[{"embeddable":true,"href":"https:\/\/shopatoa.com\/it\/wp-json\/wp\/v2\/media\/62143"}],"wp:attachment":[{"href":"https:\/\/shopatoa.com\/it\/wp-json\/wp\/v2\/media?parent=62142"}],"wp:term":[{"taxonomy":"product_brand","embeddable":true,"href":"https:\/\/shopatoa.com\/it\/wp-json\/wp\/v2\/product_brand?post=62142"},{"taxonomy":"product_cat","embeddable":true,"href":"https:\/\/shopatoa.com\/it\/wp-json\/wp\/v2\/product_cat?post=62142"},{"taxonomy":"product_tag","embeddable":true,"href":"https:\/\/shopatoa.com\/it\/wp-json\/wp\/v2\/product_tag?post=62142"}],"curies":[{"name":"wp","href":"https:\/\/api.w.org\/{rel}","templated":true}]}}