{"id":64248,"date":"2025-06-08T18:48:58","date_gmt":"2025-06-08T16:48:58","guid":{"rendered":"https:\/\/shopatoa.com\/it\/matchstick-monkey-endless-bathtime-fun-bucket-set-giocattolo-acquatico-1-pz\/"},"modified":"2026-05-09T07:36:14","modified_gmt":"2026-05-09T05:36:14","slug":"matchstick-monkey-endless-bathtime-fun-bucket-set-giocattolo-acquatico-1-pz","status":"publish","type":"product","link":"https:\/\/shopatoa.com\/it\/matchstick-monkey-endless-bathtime-fun-bucket-set-giocattolo-acquatico-1-pz\/","title":{"rendered":"Matchstick Monkey Endless Bathtime Fun Bucket Set giocattolo acquatico 1 pz"},"content":{"rendered":"<p>Matchstick Monkey Endless Bathtime Fun Bucket Set, 1 pz, Giocattoli per il bagnetto per bambini, I giocattoli sono un modo ideale per catturare l\u2019attenzione anche dei pi\u00f9 piccoli. Il giocattoloMatchstick Monkey Endless Bathtime Fun Bucket Set non solo far\u00e0 divertire il tuo bimbo, ma lo aiuter\u00e0 anche a sviluppare la sua percezione sensoriale e altre capacit\u00e0.  Caratteristiche:  fa distrarre il bambino durante il bagnetto sviluppano la capacit\u00e0 del bambino di concentrarsi attentamente stimola lo sviluppo della vista e del tatto i colori percepiti stimolano lo sviluppo sensoriale del bambino<\/p>\n","protected":false},"excerpt":{"rendered":"<p>Matchstick Monkey Endless Bathtime Fun Bucket Set, 1 pz, Giocattoli per il bagnetto per bambini, I giocattoli sono un modo ideale per catturare l\u2019attenzione anche dei pi\u00f9 piccoli. Il giocattoloMatchstick Monkey Endless Bathtime Fun Bucket Set non solo far\u00e0 divertire il tuo bimbo, ma lo aiuter\u00e0 anche a sviluppare la sua percezione sensoriale e altre&#8230;<\/p>\n","protected":false},"featured_media":64249,"comment_status":"closed","ping_status":"open","template":"","meta":{"_acf_changed":false,"_kadence_starter_templates_imported_post":false,"_kad_post_transparent":"","_kad_post_title":"","_kad_post_layout":"","_kad_post_sidebar_id":"","_kad_post_content_style":"","_kad_post_vertical_padding":"","_kad_post_feature":"","_kad_post_feature_position":"","_kad_post_header":false,"_kad_post_footer":false,"_kad_post_classname":""},"product_brand":[1650],"product_cat":[65],"product_tag":[],"class_list":{"0":"post-64248","1":"product","2":"type-product","3":"status-publish","4":"has-post-thumbnail","6":"product_brand-matchstick-monkey","7":"product_cat-salute-e-bellezza","8":"pa_dimensioni-1-pz","9":"pa_genere-unisex","11":"first","12":"instock","13":"sale","14":"product-type-external","15":"entry","16":"content-bg","17":"loop-entry"},"acf":[],"yoast_head":"<!-- This site is optimized with the Yoast SEO plugin v27.4 - https:\/\/yoast.com\/product\/yoast-seo-wordpress\/ -->\n<title>Matchstick Monkey Endless Bathtime Fun Bucket Set giocattolo acquatico 1 pz - SHOPATOA.COM<\/title>\n<meta name=\"robots\" content=\"index, follow, max-snippet:-1, max-image-preview:large, max-video-preview:-1\" \/>\n<link rel=\"canonical\" href=\"https:\/\/shopatoa.com\/it\/matchstick-monkey-endless-bathtime-fun-bucket-set-giocattolo-acquatico-1-pz\/\" \/>\n<meta property=\"og:locale\" content=\"it_IT\" \/>\n<meta property=\"og:type\" content=\"article\" \/>\n<meta property=\"og:title\" content=\"Matchstick Monkey Endless Bathtime Fun Bucket Set giocattolo acquatico 1 pz - SHOPATOA.COM\" \/>\n<meta property=\"og:description\" content=\"Matchstick Monkey Endless Bathtime Fun Bucket Set, 1 pz, Giocattoli per il bagnetto per bambini, I giocattoli sono un modo ideale per catturare l\u2019attenzione anche dei pi\u00f9 piccoli. Il giocattoloMatchstick Monkey Endless Bathtime Fun Bucket Set non solo far\u00e0 divertire il tuo bimbo, ma lo aiuter\u00e0 anche a sviluppare la sua percezione sensoriale e altre...\" \/>\n<meta property=\"og:url\" content=\"https:\/\/shopatoa.com\/it\/matchstick-monkey-endless-bathtime-fun-bucket-set-giocattolo-acquatico-1-pz\/\" \/>\n<meta property=\"og:site_name\" content=\"SHOPATOA\" \/>\n<meta property=\"article:modified_time\" content=\"2026-05-09T05:36:14+00:00\" \/>\n<meta property=\"og:image\" content=\"https:\/\/storage.googleapis.com\/cz-shopatoa-img\/it\/2308489a-unnamed-file.webp\" \/>\n\t<meta property=\"og:image:width\" content=\"800\" \/>\n\t<meta property=\"og:image:height\" content=\"800\" \/>\n\t<meta property=\"og:image:type\" content=\"image\/webp\" \/>\n<meta name=\"twitter:card\" content=\"summary_large_image\" \/>\n<script type=\"application\/ld+json\" class=\"yoast-schema-graph\">{\"@context\":\"https:\\\/\\\/schema.org\",\"@graph\":[{\"@type\":\"WebPage\",\"@id\":\"https:\\\/\\\/shopatoa.com\\\/it\\\/matchstick-monkey-endless-bathtime-fun-bucket-set-giocattolo-acquatico-1-pz\\\/\",\"url\":\"https:\\\/\\\/shopatoa.com\\\/it\\\/matchstick-monkey-endless-bathtime-fun-bucket-set-giocattolo-acquatico-1-pz\\\/\",\"name\":\"Matchstick Monkey Endless Bathtime Fun Bucket Set giocattolo acquatico 1 pz - SHOPATOA.COM\",\"isPartOf\":{\"@id\":\"https:\\\/\\\/shopatoa.com\\\/it\\\/#website\"},\"primaryImageOfPage\":{\"@id\":\"https:\\\/\\\/shopatoa.com\\\/it\\\/matchstick-monkey-endless-bathtime-fun-bucket-set-giocattolo-acquatico-1-pz\\\/#primaryimage\"},\"image\":{\"@id\":\"https:\\\/\\\/shopatoa.com\\\/it\\\/matchstick-monkey-endless-bathtime-fun-bucket-set-giocattolo-acquatico-1-pz\\\/#primaryimage\"},\"thumbnailUrl\":\"https:\\\/\\\/storage.googleapis.com\\\/cz-shopatoa-img\\\/it\\\/2308489a-unnamed-file.webp\",\"datePublished\":\"2025-06-08T16:48:58+00:00\",\"dateModified\":\"2026-05-09T05:36:14+00:00\",\"breadcrumb\":{\"@id\":\"https:\\\/\\\/shopatoa.com\\\/it\\\/matchstick-monkey-endless-bathtime-fun-bucket-set-giocattolo-acquatico-1-pz\\\/#breadcrumb\"},\"inLanguage\":\"it-IT\",\"potentialAction\":[{\"@type\":\"ReadAction\",\"target\":[\"https:\\\/\\\/shopatoa.com\\\/it\\\/matchstick-monkey-endless-bathtime-fun-bucket-set-giocattolo-acquatico-1-pz\\\/\"]}]},{\"@type\":\"ImageObject\",\"inLanguage\":\"it-IT\",\"@id\":\"https:\\\/\\\/shopatoa.com\\\/it\\\/matchstick-monkey-endless-bathtime-fun-bucket-set-giocattolo-acquatico-1-pz\\\/#primaryimage\",\"url\":\"https:\\\/\\\/storage.googleapis.com\\\/cz-shopatoa-img\\\/it\\\/2308489a-unnamed-file.webp\",\"contentUrl\":\"https:\\\/\\\/storage.googleapis.com\\\/cz-shopatoa-img\\\/it\\\/2308489a-unnamed-file.webp\",\"width\":800,\"height\":800},{\"@type\":\"BreadcrumbList\",\"@id\":\"https:\\\/\\\/shopatoa.com\\\/it\\\/matchstick-monkey-endless-bathtime-fun-bucket-set-giocattolo-acquatico-1-pz\\\/#breadcrumb\",\"itemListElement\":[{\"@type\":\"ListItem\",\"position\":1,\"name\":\"Dom\u016f\",\"item\":\"https:\\\/\\\/shopatoa.com\\\/it\\\/\"},{\"@type\":\"ListItem\",\"position\":2,\"name\":\"Shop\",\"item\":\"https:\\\/\\\/shopatoa.com\\\/it\\\/shop\\\/\"},{\"@type\":\"ListItem\",\"position\":3,\"name\":\"Salute e bellezza\",\"item\":\"https:\\\/\\\/shopatoa.com\\\/it\\\/salute-e-bellezza\\\/\"},{\"@type\":\"ListItem\",\"position\":4,\"name\":\"Matchstick Monkey Endless Bathtime Fun Bucket Set giocattolo acquatico 1 pz\"}]},{\"@type\":\"WebSite\",\"@id\":\"https:\\\/\\\/shopatoa.com\\\/it\\\/#website\",\"url\":\"https:\\\/\\\/shopatoa.com\\\/it\\\/\",\"name\":\"SHOPATOA\",\"description\":\"\",\"publisher\":{\"@id\":\"https:\\\/\\\/shopatoa.com\\\/it\\\/#organization\"},\"potentialAction\":[{\"@type\":\"SearchAction\",\"target\":{\"@type\":\"EntryPoint\",\"urlTemplate\":\"https:\\\/\\\/shopatoa.com\\\/it\\\/?s={search_term_string}\"},\"query-input\":{\"@type\":\"PropertyValueSpecification\",\"valueRequired\":true,\"valueName\":\"search_term_string\"}}],\"inLanguage\":\"it-IT\"},{\"@type\":\"Organization\",\"@id\":\"https:\\\/\\\/shopatoa.com\\\/it\\\/#organization\",\"name\":\"SHOPATOA\",\"url\":\"https:\\\/\\\/shopatoa.com\\\/it\\\/\",\"logo\":{\"@type\":\"ImageObject\",\"inLanguage\":\"it-IT\",\"@id\":\"https:\\\/\\\/shopatoa.com\\\/it\\\/#\\\/schema\\\/logo\\\/image\\\/\",\"url\":\"https:\\\/\\\/storage.googleapis.com\\\/cz-shopatoa-img\\\/it\\\/4dc78fd5-shopatoa_logo.png\",\"contentUrl\":\"https:\\\/\\\/storage.googleapis.com\\\/cz-shopatoa-img\\\/it\\\/4dc78fd5-shopatoa_logo.png\",\"width\":416,\"height\":63,\"caption\":\"SHOPATOA\"},\"image\":{\"@id\":\"https:\\\/\\\/shopatoa.com\\\/it\\\/#\\\/schema\\\/logo\\\/image\\\/\"}}]}<\/script>\n<!-- \/ Yoast SEO plugin. -->","yoast_head_json":{"title":"Matchstick Monkey Endless Bathtime Fun Bucket Set giocattolo acquatico 1 pz - SHOPATOA.COM","robots":{"index":"index","follow":"follow","max-snippet":"max-snippet:-1","max-image-preview":"max-image-preview:large","max-video-preview":"max-video-preview:-1"},"canonical":"https:\/\/shopatoa.com\/it\/matchstick-monkey-endless-bathtime-fun-bucket-set-giocattolo-acquatico-1-pz\/","og_locale":"it_IT","og_type":"article","og_title":"Matchstick Monkey Endless Bathtime Fun Bucket Set giocattolo acquatico 1 pz - SHOPATOA.COM","og_description":"Matchstick Monkey Endless Bathtime Fun Bucket Set, 1 pz, Giocattoli per il bagnetto per bambini, I giocattoli sono un modo ideale per catturare l\u2019attenzione anche dei pi\u00f9 piccoli. Il giocattoloMatchstick Monkey Endless Bathtime Fun Bucket Set non solo far\u00e0 divertire il tuo bimbo, ma lo aiuter\u00e0 anche a sviluppare la sua percezione sensoriale e altre...","og_url":"https:\/\/shopatoa.com\/it\/matchstick-monkey-endless-bathtime-fun-bucket-set-giocattolo-acquatico-1-pz\/","og_site_name":"SHOPATOA","article_modified_time":"2026-05-09T05:36:14+00:00","og_image":[{"width":800,"height":800,"url":"https:\/\/storage.googleapis.com\/cz-shopatoa-img\/it\/2308489a-unnamed-file.webp","type":"image\/webp"}],"twitter_card":"summary_large_image","schema":{"@context":"https:\/\/schema.org","@graph":[{"@type":"WebPage","@id":"https:\/\/shopatoa.com\/it\/matchstick-monkey-endless-bathtime-fun-bucket-set-giocattolo-acquatico-1-pz\/","url":"https:\/\/shopatoa.com\/it\/matchstick-monkey-endless-bathtime-fun-bucket-set-giocattolo-acquatico-1-pz\/","name":"Matchstick Monkey Endless Bathtime Fun Bucket Set giocattolo acquatico 1 pz - SHOPATOA.COM","isPartOf":{"@id":"https:\/\/shopatoa.com\/it\/#website"},"primaryImageOfPage":{"@id":"https:\/\/shopatoa.com\/it\/matchstick-monkey-endless-bathtime-fun-bucket-set-giocattolo-acquatico-1-pz\/#primaryimage"},"image":{"@id":"https:\/\/shopatoa.com\/it\/matchstick-monkey-endless-bathtime-fun-bucket-set-giocattolo-acquatico-1-pz\/#primaryimage"},"thumbnailUrl":"https:\/\/storage.googleapis.com\/cz-shopatoa-img\/it\/2308489a-unnamed-file.webp","datePublished":"2025-06-08T16:48:58+00:00","dateModified":"2026-05-09T05:36:14+00:00","breadcrumb":{"@id":"https:\/\/shopatoa.com\/it\/matchstick-monkey-endless-bathtime-fun-bucket-set-giocattolo-acquatico-1-pz\/#breadcrumb"},"inLanguage":"it-IT","potentialAction":[{"@type":"ReadAction","target":["https:\/\/shopatoa.com\/it\/matchstick-monkey-endless-bathtime-fun-bucket-set-giocattolo-acquatico-1-pz\/"]}]},{"@type":"ImageObject","inLanguage":"it-IT","@id":"https:\/\/shopatoa.com\/it\/matchstick-monkey-endless-bathtime-fun-bucket-set-giocattolo-acquatico-1-pz\/#primaryimage","url":"https:\/\/storage.googleapis.com\/cz-shopatoa-img\/it\/2308489a-unnamed-file.webp","contentUrl":"https:\/\/storage.googleapis.com\/cz-shopatoa-img\/it\/2308489a-unnamed-file.webp","width":800,"height":800},{"@type":"BreadcrumbList","@id":"https:\/\/shopatoa.com\/it\/matchstick-monkey-endless-bathtime-fun-bucket-set-giocattolo-acquatico-1-pz\/#breadcrumb","itemListElement":[{"@type":"ListItem","position":1,"name":"Dom\u016f","item":"https:\/\/shopatoa.com\/it\/"},{"@type":"ListItem","position":2,"name":"Shop","item":"https:\/\/shopatoa.com\/it\/shop\/"},{"@type":"ListItem","position":3,"name":"Salute e bellezza","item":"https:\/\/shopatoa.com\/it\/salute-e-bellezza\/"},{"@type":"ListItem","position":4,"name":"Matchstick Monkey Endless Bathtime Fun Bucket Set giocattolo acquatico 1 pz"}]},{"@type":"WebSite","@id":"https:\/\/shopatoa.com\/it\/#website","url":"https:\/\/shopatoa.com\/it\/","name":"SHOPATOA","description":"","publisher":{"@id":"https:\/\/shopatoa.com\/it\/#organization"},"potentialAction":[{"@type":"SearchAction","target":{"@type":"EntryPoint","urlTemplate":"https:\/\/shopatoa.com\/it\/?s={search_term_string}"},"query-input":{"@type":"PropertyValueSpecification","valueRequired":true,"valueName":"search_term_string"}}],"inLanguage":"it-IT"},{"@type":"Organization","@id":"https:\/\/shopatoa.com\/it\/#organization","name":"SHOPATOA","url":"https:\/\/shopatoa.com\/it\/","logo":{"@type":"ImageObject","inLanguage":"it-IT","@id":"https:\/\/shopatoa.com\/it\/#\/schema\/logo\/image\/","url":"https:\/\/storage.googleapis.com\/cz-shopatoa-img\/it\/4dc78fd5-shopatoa_logo.png","contentUrl":"https:\/\/storage.googleapis.com\/cz-shopatoa-img\/it\/4dc78fd5-shopatoa_logo.png","width":416,"height":63,"caption":"SHOPATOA"},"image":{"@id":"https:\/\/shopatoa.com\/it\/#\/schema\/logo\/image\/"}}]}},"_links":{"self":[{"href":"https:\/\/shopatoa.com\/it\/wp-json\/wp\/v2\/product\/64248","targetHints":{"allow":["GET"]}}],"collection":[{"href":"https:\/\/shopatoa.com\/it\/wp-json\/wp\/v2\/product"}],"about":[{"href":"https:\/\/shopatoa.com\/it\/wp-json\/wp\/v2\/types\/product"}],"replies":[{"embeddable":true,"href":"https:\/\/shopatoa.com\/it\/wp-json\/wp\/v2\/comments?post=64248"}],"wp:featuredmedia":[{"embeddable":true,"href":"https:\/\/shopatoa.com\/it\/wp-json\/wp\/v2\/media\/64249"}],"wp:attachment":[{"href":"https:\/\/shopatoa.com\/it\/wp-json\/wp\/v2\/media?parent=64248"}],"wp:term":[{"taxonomy":"product_brand","embeddable":true,"href":"https:\/\/shopatoa.com\/it\/wp-json\/wp\/v2\/product_brand?post=64248"},{"taxonomy":"product_cat","embeddable":true,"href":"https:\/\/shopatoa.com\/it\/wp-json\/wp\/v2\/product_cat?post=64248"},{"taxonomy":"product_tag","embeddable":true,"href":"https:\/\/shopatoa.com\/it\/wp-json\/wp\/v2\/product_tag?post=64248"}],"curies":[{"name":"wp","href":"https:\/\/api.w.org\/{rel}","templated":true}]}}