{"id":64292,"date":"2025-06-08T18:50:55","date_gmt":"2025-06-08T16:50:55","guid":{"rendered":"https:\/\/shopatoa.com\/it\/matchstick-monkey-starter-set-pink-confezione-regalo-per-bambini\/"},"modified":"2026-05-09T07:29:42","modified_gmt":"2026-05-09T05:29:42","slug":"matchstick-monkey-starter-set-pink-confezione-regalo-per-bambini","status":"publish","type":"product","link":"https:\/\/shopatoa.com\/it\/matchstick-monkey-starter-set-pink-confezione-regalo-per-bambini\/","title":{"rendered":"Matchstick Monkey Starter Set Pink confezione regalo per bambini"},"content":{"rendered":"<p>Matchstick Monkey Starter Set Pink, 1 pz, Dentaruoli per bambini, Rendi l\u2019igiene del neonato pi\u00f9 facile e piacevole per te o per una neomamma a cui tieni particolarmente. Il set per bambini Matchstick Monkey Starter Set Pink \u00e8 pieno di prodotti essenziali che ogni mamma premurosa apprezzer\u00e0. Non si pu\u00f2 sbagliare mai con un set cos\u00ec pratico.  Caratteristiche:  aiuta ad alleviare il dolore alle gengive durante il periodo della dentizione pu\u00f2 essere afferrato bene dalle piccole mani dei bambini design giocoso per i bambini  Il set contiene:   Pink dentaruolo con spazzolino 2 in 1 1 pz  Pink dentaruolo 1 pz Pink spazzolino da dito per bambini 1 pz<\/p>\n","protected":false},"excerpt":{"rendered":"<p>Matchstick Monkey Starter Set Pink, 1 pz, Dentaruoli per bambini, Rendi l\u2019igiene del neonato pi\u00f9 facile e piacevole per te o per una neomamma a cui tieni particolarmente. Il set per bambini Matchstick Monkey Starter Set Pink \u00e8 pieno di prodotti essenziali che ogni mamma premurosa apprezzer\u00e0. Non si pu\u00f2 sbagliare mai con un set&#8230;<\/p>\n","protected":false},"featured_media":64293,"comment_status":"closed","ping_status":"open","template":"","meta":{"_acf_changed":false,"_kadence_starter_templates_imported_post":false,"_kad_post_transparent":"","_kad_post_title":"","_kad_post_layout":"","_kad_post_sidebar_id":"","_kad_post_content_style":"","_kad_post_vertical_padding":"","_kad_post_feature":"","_kad_post_feature_position":"","_kad_post_header":false,"_kad_post_footer":false,"_kad_post_classname":""},"product_brand":[1650],"product_cat":[66,350,65,425],"product_tag":[],"class_list":{"0":"post-64292","1":"product","2":"type-product","3":"status-publish","4":"has-post-thumbnail","6":"product_brand-matchstick-monkey","7":"product_cat-cura-della-persona","8":"product_cat-igiene-orale","9":"product_cat-salute-e-bellezza","10":"product_cat-spazzolini","11":"pa_dimensioni-1-pz","12":"pa_genere-unisex","14":"first","15":"instock","16":"sale","17":"product-type-external","18":"entry","19":"content-bg","20":"loop-entry"},"acf":[],"yoast_head":"<!-- This site is optimized with the Yoast SEO plugin v27.4 - https:\/\/yoast.com\/product\/yoast-seo-wordpress\/ -->\n<title>Matchstick Monkey Starter Set Pink confezione regalo per bambini - SHOPATOA.COM<\/title>\n<meta name=\"robots\" content=\"index, follow, max-snippet:-1, max-image-preview:large, max-video-preview:-1\" \/>\n<link rel=\"canonical\" href=\"https:\/\/shopatoa.com\/it\/matchstick-monkey-starter-set-pink-confezione-regalo-per-bambini\/\" \/>\n<meta property=\"og:locale\" content=\"it_IT\" \/>\n<meta property=\"og:type\" content=\"article\" \/>\n<meta property=\"og:title\" content=\"Matchstick Monkey Starter Set Pink confezione regalo per bambini - SHOPATOA.COM\" \/>\n<meta property=\"og:description\" content=\"Matchstick Monkey Starter Set Pink, 1 pz, Dentaruoli per bambini, Rendi l\u2019igiene del neonato pi\u00f9 facile e piacevole per te o per una neomamma a cui tieni particolarmente. Il set per bambini Matchstick Monkey Starter Set Pink \u00e8 pieno di prodotti essenziali che ogni mamma premurosa apprezzer\u00e0. Non si pu\u00f2 sbagliare mai con un set...\" \/>\n<meta property=\"og:url\" content=\"https:\/\/shopatoa.com\/it\/matchstick-monkey-starter-set-pink-confezione-regalo-per-bambini\/\" \/>\n<meta property=\"og:site_name\" content=\"SHOPATOA\" \/>\n<meta property=\"article:modified_time\" content=\"2026-05-09T05:29:42+00:00\" \/>\n<meta property=\"og:image\" content=\"https:\/\/storage.googleapis.com\/cz-shopatoa-img\/it\/26287e9d-unnamed-file.webp\" \/>\n\t<meta property=\"og:image:width\" content=\"800\" \/>\n\t<meta property=\"og:image:height\" content=\"800\" \/>\n\t<meta property=\"og:image:type\" content=\"image\/webp\" \/>\n<meta name=\"twitter:card\" content=\"summary_large_image\" \/>\n<meta name=\"twitter:label1\" content=\"Tempo di lettura stimato\" \/>\n\t<meta name=\"twitter:data1\" content=\"1 minuto\" \/>\n<script type=\"application\/ld+json\" class=\"yoast-schema-graph\">{\"@context\":\"https:\\\/\\\/schema.org\",\"@graph\":[{\"@type\":\"WebPage\",\"@id\":\"https:\\\/\\\/shopatoa.com\\\/it\\\/matchstick-monkey-starter-set-pink-confezione-regalo-per-bambini\\\/\",\"url\":\"https:\\\/\\\/shopatoa.com\\\/it\\\/matchstick-monkey-starter-set-pink-confezione-regalo-per-bambini\\\/\",\"name\":\"Matchstick Monkey Starter Set Pink confezione regalo per bambini - SHOPATOA.COM\",\"isPartOf\":{\"@id\":\"https:\\\/\\\/shopatoa.com\\\/it\\\/#website\"},\"primaryImageOfPage\":{\"@id\":\"https:\\\/\\\/shopatoa.com\\\/it\\\/matchstick-monkey-starter-set-pink-confezione-regalo-per-bambini\\\/#primaryimage\"},\"image\":{\"@id\":\"https:\\\/\\\/shopatoa.com\\\/it\\\/matchstick-monkey-starter-set-pink-confezione-regalo-per-bambini\\\/#primaryimage\"},\"thumbnailUrl\":\"https:\\\/\\\/storage.googleapis.com\\\/cz-shopatoa-img\\\/it\\\/26287e9d-unnamed-file.webp\",\"datePublished\":\"2025-06-08T16:50:55+00:00\",\"dateModified\":\"2026-05-09T05:29:42+00:00\",\"breadcrumb\":{\"@id\":\"https:\\\/\\\/shopatoa.com\\\/it\\\/matchstick-monkey-starter-set-pink-confezione-regalo-per-bambini\\\/#breadcrumb\"},\"inLanguage\":\"it-IT\",\"potentialAction\":[{\"@type\":\"ReadAction\",\"target\":[\"https:\\\/\\\/shopatoa.com\\\/it\\\/matchstick-monkey-starter-set-pink-confezione-regalo-per-bambini\\\/\"]}]},{\"@type\":\"ImageObject\",\"inLanguage\":\"it-IT\",\"@id\":\"https:\\\/\\\/shopatoa.com\\\/it\\\/matchstick-monkey-starter-set-pink-confezione-regalo-per-bambini\\\/#primaryimage\",\"url\":\"https:\\\/\\\/storage.googleapis.com\\\/cz-shopatoa-img\\\/it\\\/26287e9d-unnamed-file.webp\",\"contentUrl\":\"https:\\\/\\\/storage.googleapis.com\\\/cz-shopatoa-img\\\/it\\\/26287e9d-unnamed-file.webp\",\"width\":800,\"height\":800},{\"@type\":\"BreadcrumbList\",\"@id\":\"https:\\\/\\\/shopatoa.com\\\/it\\\/matchstick-monkey-starter-set-pink-confezione-regalo-per-bambini\\\/#breadcrumb\",\"itemListElement\":[{\"@type\":\"ListItem\",\"position\":1,\"name\":\"Dom\u016f\",\"item\":\"https:\\\/\\\/shopatoa.com\\\/it\\\/\"},{\"@type\":\"ListItem\",\"position\":2,\"name\":\"Shop\",\"item\":\"https:\\\/\\\/shopatoa.com\\\/it\\\/shop\\\/\"},{\"@type\":\"ListItem\",\"position\":3,\"name\":\"Salute e bellezza\",\"item\":\"https:\\\/\\\/shopatoa.com\\\/it\\\/salute-e-bellezza\\\/\"},{\"@type\":\"ListItem\",\"position\":4,\"name\":\"Cura della persona\",\"item\":\"https:\\\/\\\/shopatoa.com\\\/it\\\/cura-della-persona\\\/\"},{\"@type\":\"ListItem\",\"position\":5,\"name\":\"Igiene orale\",\"item\":\"https:\\\/\\\/shopatoa.com\\\/it\\\/igiene-orale\\\/\"},{\"@type\":\"ListItem\",\"position\":6,\"name\":\"Spazzolini\",\"item\":\"https:\\\/\\\/shopatoa.com\\\/it\\\/spazzolini\\\/\"},{\"@type\":\"ListItem\",\"position\":7,\"name\":\"Matchstick Monkey Starter Set Pink confezione regalo per bambini\"}]},{\"@type\":\"WebSite\",\"@id\":\"https:\\\/\\\/shopatoa.com\\\/it\\\/#website\",\"url\":\"https:\\\/\\\/shopatoa.com\\\/it\\\/\",\"name\":\"SHOPATOA\",\"description\":\"\",\"publisher\":{\"@id\":\"https:\\\/\\\/shopatoa.com\\\/it\\\/#organization\"},\"potentialAction\":[{\"@type\":\"SearchAction\",\"target\":{\"@type\":\"EntryPoint\",\"urlTemplate\":\"https:\\\/\\\/shopatoa.com\\\/it\\\/?s={search_term_string}\"},\"query-input\":{\"@type\":\"PropertyValueSpecification\",\"valueRequired\":true,\"valueName\":\"search_term_string\"}}],\"inLanguage\":\"it-IT\"},{\"@type\":\"Organization\",\"@id\":\"https:\\\/\\\/shopatoa.com\\\/it\\\/#organization\",\"name\":\"SHOPATOA\",\"url\":\"https:\\\/\\\/shopatoa.com\\\/it\\\/\",\"logo\":{\"@type\":\"ImageObject\",\"inLanguage\":\"it-IT\",\"@id\":\"https:\\\/\\\/shopatoa.com\\\/it\\\/#\\\/schema\\\/logo\\\/image\\\/\",\"url\":\"https:\\\/\\\/storage.googleapis.com\\\/cz-shopatoa-img\\\/it\\\/4dc78fd5-shopatoa_logo.png\",\"contentUrl\":\"https:\\\/\\\/storage.googleapis.com\\\/cz-shopatoa-img\\\/it\\\/4dc78fd5-shopatoa_logo.png\",\"width\":416,\"height\":63,\"caption\":\"SHOPATOA\"},\"image\":{\"@id\":\"https:\\\/\\\/shopatoa.com\\\/it\\\/#\\\/schema\\\/logo\\\/image\\\/\"}}]}<\/script>\n<!-- \/ Yoast SEO plugin. -->","yoast_head_json":{"title":"Matchstick Monkey Starter Set Pink confezione regalo per bambini - SHOPATOA.COM","robots":{"index":"index","follow":"follow","max-snippet":"max-snippet:-1","max-image-preview":"max-image-preview:large","max-video-preview":"max-video-preview:-1"},"canonical":"https:\/\/shopatoa.com\/it\/matchstick-monkey-starter-set-pink-confezione-regalo-per-bambini\/","og_locale":"it_IT","og_type":"article","og_title":"Matchstick Monkey Starter Set Pink confezione regalo per bambini - SHOPATOA.COM","og_description":"Matchstick Monkey Starter Set Pink, 1 pz, Dentaruoli per bambini, Rendi l\u2019igiene del neonato pi\u00f9 facile e piacevole per te o per una neomamma a cui tieni particolarmente. Il set per bambini Matchstick Monkey Starter Set Pink \u00e8 pieno di prodotti essenziali che ogni mamma premurosa apprezzer\u00e0. Non si pu\u00f2 sbagliare mai con un set...","og_url":"https:\/\/shopatoa.com\/it\/matchstick-monkey-starter-set-pink-confezione-regalo-per-bambini\/","og_site_name":"SHOPATOA","article_modified_time":"2026-05-09T05:29:42+00:00","og_image":[{"width":800,"height":800,"url":"https:\/\/storage.googleapis.com\/cz-shopatoa-img\/it\/26287e9d-unnamed-file.webp","type":"image\/webp"}],"twitter_card":"summary_large_image","twitter_misc":{"Tempo di lettura stimato":"1 minuto"},"schema":{"@context":"https:\/\/schema.org","@graph":[{"@type":"WebPage","@id":"https:\/\/shopatoa.com\/it\/matchstick-monkey-starter-set-pink-confezione-regalo-per-bambini\/","url":"https:\/\/shopatoa.com\/it\/matchstick-monkey-starter-set-pink-confezione-regalo-per-bambini\/","name":"Matchstick Monkey Starter Set Pink confezione regalo per bambini - SHOPATOA.COM","isPartOf":{"@id":"https:\/\/shopatoa.com\/it\/#website"},"primaryImageOfPage":{"@id":"https:\/\/shopatoa.com\/it\/matchstick-monkey-starter-set-pink-confezione-regalo-per-bambini\/#primaryimage"},"image":{"@id":"https:\/\/shopatoa.com\/it\/matchstick-monkey-starter-set-pink-confezione-regalo-per-bambini\/#primaryimage"},"thumbnailUrl":"https:\/\/storage.googleapis.com\/cz-shopatoa-img\/it\/26287e9d-unnamed-file.webp","datePublished":"2025-06-08T16:50:55+00:00","dateModified":"2026-05-09T05:29:42+00:00","breadcrumb":{"@id":"https:\/\/shopatoa.com\/it\/matchstick-monkey-starter-set-pink-confezione-regalo-per-bambini\/#breadcrumb"},"inLanguage":"it-IT","potentialAction":[{"@type":"ReadAction","target":["https:\/\/shopatoa.com\/it\/matchstick-monkey-starter-set-pink-confezione-regalo-per-bambini\/"]}]},{"@type":"ImageObject","inLanguage":"it-IT","@id":"https:\/\/shopatoa.com\/it\/matchstick-monkey-starter-set-pink-confezione-regalo-per-bambini\/#primaryimage","url":"https:\/\/storage.googleapis.com\/cz-shopatoa-img\/it\/26287e9d-unnamed-file.webp","contentUrl":"https:\/\/storage.googleapis.com\/cz-shopatoa-img\/it\/26287e9d-unnamed-file.webp","width":800,"height":800},{"@type":"BreadcrumbList","@id":"https:\/\/shopatoa.com\/it\/matchstick-monkey-starter-set-pink-confezione-regalo-per-bambini\/#breadcrumb","itemListElement":[{"@type":"ListItem","position":1,"name":"Dom\u016f","item":"https:\/\/shopatoa.com\/it\/"},{"@type":"ListItem","position":2,"name":"Shop","item":"https:\/\/shopatoa.com\/it\/shop\/"},{"@type":"ListItem","position":3,"name":"Salute e bellezza","item":"https:\/\/shopatoa.com\/it\/salute-e-bellezza\/"},{"@type":"ListItem","position":4,"name":"Cura della persona","item":"https:\/\/shopatoa.com\/it\/cura-della-persona\/"},{"@type":"ListItem","position":5,"name":"Igiene orale","item":"https:\/\/shopatoa.com\/it\/igiene-orale\/"},{"@type":"ListItem","position":6,"name":"Spazzolini","item":"https:\/\/shopatoa.com\/it\/spazzolini\/"},{"@type":"ListItem","position":7,"name":"Matchstick Monkey Starter Set Pink confezione regalo per bambini"}]},{"@type":"WebSite","@id":"https:\/\/shopatoa.com\/it\/#website","url":"https:\/\/shopatoa.com\/it\/","name":"SHOPATOA","description":"","publisher":{"@id":"https:\/\/shopatoa.com\/it\/#organization"},"potentialAction":[{"@type":"SearchAction","target":{"@type":"EntryPoint","urlTemplate":"https:\/\/shopatoa.com\/it\/?s={search_term_string}"},"query-input":{"@type":"PropertyValueSpecification","valueRequired":true,"valueName":"search_term_string"}}],"inLanguage":"it-IT"},{"@type":"Organization","@id":"https:\/\/shopatoa.com\/it\/#organization","name":"SHOPATOA","url":"https:\/\/shopatoa.com\/it\/","logo":{"@type":"ImageObject","inLanguage":"it-IT","@id":"https:\/\/shopatoa.com\/it\/#\/schema\/logo\/image\/","url":"https:\/\/storage.googleapis.com\/cz-shopatoa-img\/it\/4dc78fd5-shopatoa_logo.png","contentUrl":"https:\/\/storage.googleapis.com\/cz-shopatoa-img\/it\/4dc78fd5-shopatoa_logo.png","width":416,"height":63,"caption":"SHOPATOA"},"image":{"@id":"https:\/\/shopatoa.com\/it\/#\/schema\/logo\/image\/"}}]}},"_links":{"self":[{"href":"https:\/\/shopatoa.com\/it\/wp-json\/wp\/v2\/product\/64292","targetHints":{"allow":["GET"]}}],"collection":[{"href":"https:\/\/shopatoa.com\/it\/wp-json\/wp\/v2\/product"}],"about":[{"href":"https:\/\/shopatoa.com\/it\/wp-json\/wp\/v2\/types\/product"}],"replies":[{"embeddable":true,"href":"https:\/\/shopatoa.com\/it\/wp-json\/wp\/v2\/comments?post=64292"}],"wp:featuredmedia":[{"embeddable":true,"href":"https:\/\/shopatoa.com\/it\/wp-json\/wp\/v2\/media\/64293"}],"wp:attachment":[{"href":"https:\/\/shopatoa.com\/it\/wp-json\/wp\/v2\/media?parent=64292"}],"wp:term":[{"taxonomy":"product_brand","embeddable":true,"href":"https:\/\/shopatoa.com\/it\/wp-json\/wp\/v2\/product_brand?post=64292"},{"taxonomy":"product_cat","embeddable":true,"href":"https:\/\/shopatoa.com\/it\/wp-json\/wp\/v2\/product_cat?post=64292"},{"taxonomy":"product_tag","embeddable":true,"href":"https:\/\/shopatoa.com\/it\/wp-json\/wp\/v2\/product_tag?post=64292"}],"curies":[{"name":"wp","href":"https:\/\/api.w.org\/{rel}","templated":true}]}}