{"id":68828,"date":"2025-06-08T22:39:06","date_gmt":"2025-06-08T20:39:06","guid":{"rendered":"https:\/\/shopatoa.com\/it\/collistar-face-rigenera-siero-illuminante-antirughe-50-ml\/"},"modified":"2026-05-09T04:56:55","modified_gmt":"2026-05-09T02:56:55","slug":"collistar-face-rigenera-siero-illuminante-antirughe-50-ml","status":"publish","type":"product","link":"https:\/\/shopatoa.com\/it\/collistar-face-rigenera-siero-illuminante-antirughe-50-ml\/","title":{"rendered":"Collistar Face RIGENERA siero illuminante antirughe 50 ml"},"content":{"rendered":"<p>Collistar Face RIGENERA, 50 ml, Sieri viso per donna, Il siero viso Collistar Face \u00e8 un prodotto con un alto contenuto di principi attivi. Grazie ad essi fornisce alla pelle una cura davvero esclusiva.  Caratteristiche:  aiuta ad appianare le rughe e le linee sottili elimina i segni della stanchezza restituisce alla pelle freschezza e bellezza giovanile protegge la pelle dagli agenti esterni nocivi illumina agisce contro le imperfezioni leviga la consistenza irregolare della pelle  Composizione:  senza profumazione prodotto vegano  Modo d\u2019uso: Picchiettare con le punte delle dita una quantit\u00e0 adeguata di siero sulla pelle pulita. Applicare su viso, collo e d\u00e9collet\u00e9.<\/p>\n","protected":false},"excerpt":{"rendered":"<p>Collistar Face RIGENERA, 50 ml, Sieri viso per donna, Il siero viso Collistar Face \u00e8 un prodotto con un alto contenuto di principi attivi. Grazie ad essi fornisce alla pelle una cura davvero esclusiva. Caratteristiche: aiuta ad appianare le rughe e le linee sottili elimina i segni della stanchezza restituisce alla pelle freschezza e bellezza&#8230;<\/p>\n","protected":false},"featured_media":68829,"comment_status":"closed","ping_status":"open","template":"","meta":{"_acf_changed":false,"_kadence_starter_templates_imported_post":false,"_kad_post_transparent":"","_kad_post_title":"","_kad_post_layout":"","_kad_post_sidebar_id":"","_kad_post_content_style":"","_kad_post_vertical_padding":"","_kad_post_feature":"","_kad_post_feature_position":"","_kad_post_header":false,"_kad_post_footer":false,"_kad_post_classname":""},"product_brand":[207],"product_cat":[77,82,66,65],"product_tag":[],"class_list":{"0":"post-68828","1":"product","2":"type-product","3":"status-publish","4":"has-post-thumbnail","6":"product_brand-collistar","7":"product_cat-cosmetici","8":"product_cat-cura-della-pelle","9":"product_cat-cura-della-persona","10":"product_cat-salute-e-bellezza","11":"pa_dimensioni-50-ml","12":"pa_genere-female","14":"first","15":"instock","16":"product-type-external","17":"entry","18":"content-bg","19":"loop-entry"},"acf":[],"yoast_head":"<!-- This site is optimized with the Yoast SEO plugin v27.4 - https:\/\/yoast.com\/product\/yoast-seo-wordpress\/ -->\n<title>Collistar Face RIGENERA siero illuminante antirughe 50 ml - SHOPATOA.COM<\/title>\n<meta name=\"robots\" content=\"index, follow, max-snippet:-1, max-image-preview:large, max-video-preview:-1\" \/>\n<link rel=\"canonical\" href=\"https:\/\/shopatoa.com\/it\/collistar-face-rigenera-siero-illuminante-antirughe-50-ml\/\" \/>\n<meta property=\"og:locale\" content=\"it_IT\" \/>\n<meta property=\"og:type\" content=\"article\" \/>\n<meta property=\"og:title\" content=\"Collistar Face RIGENERA siero illuminante antirughe 50 ml - SHOPATOA.COM\" \/>\n<meta property=\"og:description\" content=\"Collistar Face RIGENERA, 50 ml, Sieri viso per donna, Il siero viso Collistar Face \u00e8 un prodotto con un alto contenuto di principi attivi. Grazie ad essi fornisce alla pelle una cura davvero esclusiva. Caratteristiche: aiuta ad appianare le rughe e le linee sottili elimina i segni della stanchezza restituisce alla pelle freschezza e bellezza...\" \/>\n<meta property=\"og:url\" content=\"https:\/\/shopatoa.com\/it\/collistar-face-rigenera-siero-illuminante-antirughe-50-ml\/\" \/>\n<meta property=\"og:site_name\" content=\"SHOPATOA\" \/>\n<meta property=\"article:modified_time\" content=\"2026-05-09T02:56:55+00:00\" \/>\n<meta property=\"og:image\" content=\"https:\/\/storage.googleapis.com\/cz-shopatoa-img\/it\/7857a261-unnamed-file.webp\" \/>\n\t<meta property=\"og:image:width\" content=\"800\" \/>\n\t<meta property=\"og:image:height\" content=\"800\" \/>\n\t<meta property=\"og:image:type\" content=\"image\/webp\" \/>\n<meta name=\"twitter:card\" content=\"summary_large_image\" \/>\n<meta name=\"twitter:label1\" content=\"Tempo di lettura stimato\" \/>\n\t<meta name=\"twitter:data1\" content=\"1 minuto\" \/>\n<script type=\"application\/ld+json\" class=\"yoast-schema-graph\">{\"@context\":\"https:\\\/\\\/schema.org\",\"@graph\":[{\"@type\":\"WebPage\",\"@id\":\"https:\\\/\\\/shopatoa.com\\\/it\\\/collistar-face-rigenera-siero-illuminante-antirughe-50-ml\\\/\",\"url\":\"https:\\\/\\\/shopatoa.com\\\/it\\\/collistar-face-rigenera-siero-illuminante-antirughe-50-ml\\\/\",\"name\":\"Collistar Face RIGENERA siero illuminante antirughe 50 ml - SHOPATOA.COM\",\"isPartOf\":{\"@id\":\"https:\\\/\\\/shopatoa.com\\\/it\\\/#website\"},\"primaryImageOfPage\":{\"@id\":\"https:\\\/\\\/shopatoa.com\\\/it\\\/collistar-face-rigenera-siero-illuminante-antirughe-50-ml\\\/#primaryimage\"},\"image\":{\"@id\":\"https:\\\/\\\/shopatoa.com\\\/it\\\/collistar-face-rigenera-siero-illuminante-antirughe-50-ml\\\/#primaryimage\"},\"thumbnailUrl\":\"https:\\\/\\\/storage.googleapis.com\\\/cz-shopatoa-img\\\/it\\\/7857a261-unnamed-file.webp\",\"datePublished\":\"2025-06-08T20:39:06+00:00\",\"dateModified\":\"2026-05-09T02:56:55+00:00\",\"breadcrumb\":{\"@id\":\"https:\\\/\\\/shopatoa.com\\\/it\\\/collistar-face-rigenera-siero-illuminante-antirughe-50-ml\\\/#breadcrumb\"},\"inLanguage\":\"it-IT\",\"potentialAction\":[{\"@type\":\"ReadAction\",\"target\":[\"https:\\\/\\\/shopatoa.com\\\/it\\\/collistar-face-rigenera-siero-illuminante-antirughe-50-ml\\\/\"]}]},{\"@type\":\"ImageObject\",\"inLanguage\":\"it-IT\",\"@id\":\"https:\\\/\\\/shopatoa.com\\\/it\\\/collistar-face-rigenera-siero-illuminante-antirughe-50-ml\\\/#primaryimage\",\"url\":\"https:\\\/\\\/storage.googleapis.com\\\/cz-shopatoa-img\\\/it\\\/7857a261-unnamed-file.webp\",\"contentUrl\":\"https:\\\/\\\/storage.googleapis.com\\\/cz-shopatoa-img\\\/it\\\/7857a261-unnamed-file.webp\",\"width\":800,\"height\":800},{\"@type\":\"BreadcrumbList\",\"@id\":\"https:\\\/\\\/shopatoa.com\\\/it\\\/collistar-face-rigenera-siero-illuminante-antirughe-50-ml\\\/#breadcrumb\",\"itemListElement\":[{\"@type\":\"ListItem\",\"position\":1,\"name\":\"Dom\u016f\",\"item\":\"https:\\\/\\\/shopatoa.com\\\/it\\\/\"},{\"@type\":\"ListItem\",\"position\":2,\"name\":\"Shop\",\"item\":\"https:\\\/\\\/shopatoa.com\\\/it\\\/shop\\\/\"},{\"@type\":\"ListItem\",\"position\":3,\"name\":\"Salute e bellezza\",\"item\":\"https:\\\/\\\/shopatoa.com\\\/it\\\/salute-e-bellezza\\\/\"},{\"@type\":\"ListItem\",\"position\":4,\"name\":\"Cura della persona\",\"item\":\"https:\\\/\\\/shopatoa.com\\\/it\\\/cura-della-persona\\\/\"},{\"@type\":\"ListItem\",\"position\":5,\"name\":\"Cosmetici\",\"item\":\"https:\\\/\\\/shopatoa.com\\\/it\\\/cosmetici\\\/\"},{\"@type\":\"ListItem\",\"position\":6,\"name\":\"Cura della pelle\",\"item\":\"https:\\\/\\\/shopatoa.com\\\/it\\\/cura-della-pelle\\\/\"},{\"@type\":\"ListItem\",\"position\":7,\"name\":\"Collistar Face RIGENERA siero illuminante antirughe 50 ml\"}]},{\"@type\":\"WebSite\",\"@id\":\"https:\\\/\\\/shopatoa.com\\\/it\\\/#website\",\"url\":\"https:\\\/\\\/shopatoa.com\\\/it\\\/\",\"name\":\"SHOPATOA\",\"description\":\"\",\"publisher\":{\"@id\":\"https:\\\/\\\/shopatoa.com\\\/it\\\/#organization\"},\"potentialAction\":[{\"@type\":\"SearchAction\",\"target\":{\"@type\":\"EntryPoint\",\"urlTemplate\":\"https:\\\/\\\/shopatoa.com\\\/it\\\/?s={search_term_string}\"},\"query-input\":{\"@type\":\"PropertyValueSpecification\",\"valueRequired\":true,\"valueName\":\"search_term_string\"}}],\"inLanguage\":\"it-IT\"},{\"@type\":\"Organization\",\"@id\":\"https:\\\/\\\/shopatoa.com\\\/it\\\/#organization\",\"name\":\"SHOPATOA\",\"url\":\"https:\\\/\\\/shopatoa.com\\\/it\\\/\",\"logo\":{\"@type\":\"ImageObject\",\"inLanguage\":\"it-IT\",\"@id\":\"https:\\\/\\\/shopatoa.com\\\/it\\\/#\\\/schema\\\/logo\\\/image\\\/\",\"url\":\"https:\\\/\\\/storage.googleapis.com\\\/cz-shopatoa-img\\\/it\\\/4dc78fd5-shopatoa_logo.png\",\"contentUrl\":\"https:\\\/\\\/storage.googleapis.com\\\/cz-shopatoa-img\\\/it\\\/4dc78fd5-shopatoa_logo.png\",\"width\":416,\"height\":63,\"caption\":\"SHOPATOA\"},\"image\":{\"@id\":\"https:\\\/\\\/shopatoa.com\\\/it\\\/#\\\/schema\\\/logo\\\/image\\\/\"}}]}<\/script>\n<!-- \/ Yoast SEO plugin. -->","yoast_head_json":{"title":"Collistar Face RIGENERA siero illuminante antirughe 50 ml - SHOPATOA.COM","robots":{"index":"index","follow":"follow","max-snippet":"max-snippet:-1","max-image-preview":"max-image-preview:large","max-video-preview":"max-video-preview:-1"},"canonical":"https:\/\/shopatoa.com\/it\/collistar-face-rigenera-siero-illuminante-antirughe-50-ml\/","og_locale":"it_IT","og_type":"article","og_title":"Collistar Face RIGENERA siero illuminante antirughe 50 ml - SHOPATOA.COM","og_description":"Collistar Face RIGENERA, 50 ml, Sieri viso per donna, Il siero viso Collistar Face \u00e8 un prodotto con un alto contenuto di principi attivi. Grazie ad essi fornisce alla pelle una cura davvero esclusiva. Caratteristiche: aiuta ad appianare le rughe e le linee sottili elimina i segni della stanchezza restituisce alla pelle freschezza e bellezza...","og_url":"https:\/\/shopatoa.com\/it\/collistar-face-rigenera-siero-illuminante-antirughe-50-ml\/","og_site_name":"SHOPATOA","article_modified_time":"2026-05-09T02:56:55+00:00","og_image":[{"width":800,"height":800,"url":"https:\/\/storage.googleapis.com\/cz-shopatoa-img\/it\/7857a261-unnamed-file.webp","type":"image\/webp"}],"twitter_card":"summary_large_image","twitter_misc":{"Tempo di lettura stimato":"1 minuto"},"schema":{"@context":"https:\/\/schema.org","@graph":[{"@type":"WebPage","@id":"https:\/\/shopatoa.com\/it\/collistar-face-rigenera-siero-illuminante-antirughe-50-ml\/","url":"https:\/\/shopatoa.com\/it\/collistar-face-rigenera-siero-illuminante-antirughe-50-ml\/","name":"Collistar Face RIGENERA siero illuminante antirughe 50 ml - SHOPATOA.COM","isPartOf":{"@id":"https:\/\/shopatoa.com\/it\/#website"},"primaryImageOfPage":{"@id":"https:\/\/shopatoa.com\/it\/collistar-face-rigenera-siero-illuminante-antirughe-50-ml\/#primaryimage"},"image":{"@id":"https:\/\/shopatoa.com\/it\/collistar-face-rigenera-siero-illuminante-antirughe-50-ml\/#primaryimage"},"thumbnailUrl":"https:\/\/storage.googleapis.com\/cz-shopatoa-img\/it\/7857a261-unnamed-file.webp","datePublished":"2025-06-08T20:39:06+00:00","dateModified":"2026-05-09T02:56:55+00:00","breadcrumb":{"@id":"https:\/\/shopatoa.com\/it\/collistar-face-rigenera-siero-illuminante-antirughe-50-ml\/#breadcrumb"},"inLanguage":"it-IT","potentialAction":[{"@type":"ReadAction","target":["https:\/\/shopatoa.com\/it\/collistar-face-rigenera-siero-illuminante-antirughe-50-ml\/"]}]},{"@type":"ImageObject","inLanguage":"it-IT","@id":"https:\/\/shopatoa.com\/it\/collistar-face-rigenera-siero-illuminante-antirughe-50-ml\/#primaryimage","url":"https:\/\/storage.googleapis.com\/cz-shopatoa-img\/it\/7857a261-unnamed-file.webp","contentUrl":"https:\/\/storage.googleapis.com\/cz-shopatoa-img\/it\/7857a261-unnamed-file.webp","width":800,"height":800},{"@type":"BreadcrumbList","@id":"https:\/\/shopatoa.com\/it\/collistar-face-rigenera-siero-illuminante-antirughe-50-ml\/#breadcrumb","itemListElement":[{"@type":"ListItem","position":1,"name":"Dom\u016f","item":"https:\/\/shopatoa.com\/it\/"},{"@type":"ListItem","position":2,"name":"Shop","item":"https:\/\/shopatoa.com\/it\/shop\/"},{"@type":"ListItem","position":3,"name":"Salute e bellezza","item":"https:\/\/shopatoa.com\/it\/salute-e-bellezza\/"},{"@type":"ListItem","position":4,"name":"Cura della persona","item":"https:\/\/shopatoa.com\/it\/cura-della-persona\/"},{"@type":"ListItem","position":5,"name":"Cosmetici","item":"https:\/\/shopatoa.com\/it\/cosmetici\/"},{"@type":"ListItem","position":6,"name":"Cura della pelle","item":"https:\/\/shopatoa.com\/it\/cura-della-pelle\/"},{"@type":"ListItem","position":7,"name":"Collistar Face RIGENERA siero illuminante antirughe 50 ml"}]},{"@type":"WebSite","@id":"https:\/\/shopatoa.com\/it\/#website","url":"https:\/\/shopatoa.com\/it\/","name":"SHOPATOA","description":"","publisher":{"@id":"https:\/\/shopatoa.com\/it\/#organization"},"potentialAction":[{"@type":"SearchAction","target":{"@type":"EntryPoint","urlTemplate":"https:\/\/shopatoa.com\/it\/?s={search_term_string}"},"query-input":{"@type":"PropertyValueSpecification","valueRequired":true,"valueName":"search_term_string"}}],"inLanguage":"it-IT"},{"@type":"Organization","@id":"https:\/\/shopatoa.com\/it\/#organization","name":"SHOPATOA","url":"https:\/\/shopatoa.com\/it\/","logo":{"@type":"ImageObject","inLanguage":"it-IT","@id":"https:\/\/shopatoa.com\/it\/#\/schema\/logo\/image\/","url":"https:\/\/storage.googleapis.com\/cz-shopatoa-img\/it\/4dc78fd5-shopatoa_logo.png","contentUrl":"https:\/\/storage.googleapis.com\/cz-shopatoa-img\/it\/4dc78fd5-shopatoa_logo.png","width":416,"height":63,"caption":"SHOPATOA"},"image":{"@id":"https:\/\/shopatoa.com\/it\/#\/schema\/logo\/image\/"}}]}},"_links":{"self":[{"href":"https:\/\/shopatoa.com\/it\/wp-json\/wp\/v2\/product\/68828","targetHints":{"allow":["GET"]}}],"collection":[{"href":"https:\/\/shopatoa.com\/it\/wp-json\/wp\/v2\/product"}],"about":[{"href":"https:\/\/shopatoa.com\/it\/wp-json\/wp\/v2\/types\/product"}],"replies":[{"embeddable":true,"href":"https:\/\/shopatoa.com\/it\/wp-json\/wp\/v2\/comments?post=68828"}],"wp:featuredmedia":[{"embeddable":true,"href":"https:\/\/shopatoa.com\/it\/wp-json\/wp\/v2\/media\/68829"}],"wp:attachment":[{"href":"https:\/\/shopatoa.com\/it\/wp-json\/wp\/v2\/media?parent=68828"}],"wp:term":[{"taxonomy":"product_brand","embeddable":true,"href":"https:\/\/shopatoa.com\/it\/wp-json\/wp\/v2\/product_brand?post=68828"},{"taxonomy":"product_cat","embeddable":true,"href":"https:\/\/shopatoa.com\/it\/wp-json\/wp\/v2\/product_cat?post=68828"},{"taxonomy":"product_tag","embeddable":true,"href":"https:\/\/shopatoa.com\/it\/wp-json\/wp\/v2\/product_tag?post=68828"}],"curies":[{"name":"wp","href":"https:\/\/api.w.org\/{rel}","templated":true}]}}