{"id":71186,"date":"2025-06-09T00:39:24","date_gmt":"2025-06-08T22:39:24","guid":{"rendered":"https:\/\/shopatoa.com\/it\/the-munio-moss-candela-profumata-515-ml\/"},"modified":"2026-04-14T01:47:11","modified_gmt":"2026-04-13T23:47:11","slug":"the-munio-moss-candela-profumata-515-ml","status":"publish","type":"product","link":"https:\/\/shopatoa.com\/it\/the-munio-moss-candela-profumata-515-ml\/","title":{"rendered":"The Munio Moss candela profumata 515 ml"},"content":{"rendered":"<p>The Munio Moss, 515 ml, Candele profumate Profumo per ambienti, La candela profumata The Munio Moss profuma la tua casa con una fragranza meravigliosa per creare un&#8217;atmosfera accogliente, grazie alla quale ti sentirai sempre alla grande.  Caratteristiche:  prodotto a mano  Composizione:  cera di soia al 100%  Modo d\u2019uso: Appoggiare la candela su una superficie sufficientemente resistente al calore. Non lasciare bruciare per pi\u00f9 di 4 ore. Non lasciare mai bruciare la candela fino alla fine. Non lasciare mai la candela accesa incustodita e in prossimit\u00e0 di oggetti facilmente infiammabili. Tenere fuori dalla portata di bambini e animali domestici. Consentire sempre alla candela di bruciare almeno fino a quando l\u2019intero strato superiore non si sar\u00e0 sciolto. Ci\u00f2 impedir\u00e0 la formazione della depressione indesiderata nella cera. Per una combustione ottimale, si raccomanda di tagliare regolarmente lo stoppino alla lunghezza consigliata.<\/p>\n","protected":false},"excerpt":{"rendered":"<p>The Munio Moss, 515 ml, Candele profumate Profumo per ambienti, La candela profumata The Munio Moss profuma la tua casa con una fragranza meravigliosa per creare un&#8217;atmosfera accogliente, grazie alla quale ti sentirai sempre alla grande. Caratteristiche: prodotto a mano Composizione: cera di soia al 100% Modo d\u2019uso: Appoggiare la candela su una superficie sufficientemente&#8230;<\/p>\n","protected":false},"featured_media":71187,"comment_status":"closed","ping_status":"open","template":"","meta":{"_acf_changed":false,"_kadence_starter_templates_imported_post":false,"_kad_post_transparent":"","_kad_post_title":"","_kad_post_layout":"","_kad_post_sidebar_id":"","_kad_post_content_style":"","_kad_post_vertical_padding":"","_kad_post_feature":"","_kad_post_feature_position":"","_kad_post_header":false,"_kad_post_footer":false,"_kad_post_classname":""},"product_brand":[1771],"product_cat":[460,462,459,461],"product_tag":[],"class_list":{"0":"post-71186","1":"product","2":"type-product","3":"status-publish","4":"has-post-thumbnail","6":"product_brand-the-munio","7":"product_cat-arredo","8":"product_cat-candele","9":"product_cat-casa-e-giardino","10":"product_cat-fragranze-per-la-casa","11":"pa_dimensioni-515-ml","12":"pa_genere-unisex","14":"first","15":"instock","16":"product-type-external","17":"entry","18":"content-bg","19":"loop-entry"},"acf":[],"yoast_head":"<!-- This site is optimized with the Yoast SEO plugin v27.4 - https:\/\/yoast.com\/product\/yoast-seo-wordpress\/ -->\n<title>The Munio Moss candela profumata 515 ml - SHOPATOA.COM<\/title>\n<meta name=\"robots\" content=\"index, follow, max-snippet:-1, max-image-preview:large, max-video-preview:-1\" \/>\n<link rel=\"canonical\" href=\"https:\/\/shopatoa.com\/it\/the-munio-moss-candela-profumata-515-ml\/\" \/>\n<meta property=\"og:locale\" content=\"it_IT\" \/>\n<meta property=\"og:type\" content=\"article\" \/>\n<meta property=\"og:title\" content=\"The Munio Moss candela profumata 515 ml - SHOPATOA.COM\" \/>\n<meta property=\"og:description\" content=\"The Munio Moss, 515 ml, Candele profumate Profumo per ambienti, La candela profumata The Munio Moss profuma la tua casa con una fragranza meravigliosa per creare un&#8217;atmosfera accogliente, grazie alla quale ti sentirai sempre alla grande. Caratteristiche: prodotto a mano Composizione: cera di soia al 100% Modo d\u2019uso: Appoggiare la candela su una superficie sufficientemente...\" \/>\n<meta property=\"og:url\" content=\"https:\/\/shopatoa.com\/it\/the-munio-moss-candela-profumata-515-ml\/\" \/>\n<meta property=\"og:site_name\" content=\"SHOPATOA\" \/>\n<meta property=\"article:modified_time\" content=\"2026-04-13T23:47:11+00:00\" \/>\n<meta property=\"og:image\" content=\"https:\/\/storage.googleapis.com\/cz-shopatoa-img\/it\/ec8e86b7-unnamed-file.webp\" \/>\n\t<meta property=\"og:image:width\" content=\"800\" \/>\n\t<meta property=\"og:image:height\" content=\"800\" \/>\n\t<meta property=\"og:image:type\" content=\"image\/webp\" \/>\n<meta name=\"twitter:card\" content=\"summary_large_image\" \/>\n<meta name=\"twitter:label1\" content=\"Tempo di lettura stimato\" \/>\n\t<meta name=\"twitter:data1\" content=\"1 minuto\" \/>\n<script type=\"application\/ld+json\" class=\"yoast-schema-graph\">{\"@context\":\"https:\\\/\\\/schema.org\",\"@graph\":[{\"@type\":\"WebPage\",\"@id\":\"https:\\\/\\\/shopatoa.com\\\/it\\\/the-munio-moss-candela-profumata-515-ml\\\/\",\"url\":\"https:\\\/\\\/shopatoa.com\\\/it\\\/the-munio-moss-candela-profumata-515-ml\\\/\",\"name\":\"The Munio Moss candela profumata 515 ml - SHOPATOA.COM\",\"isPartOf\":{\"@id\":\"https:\\\/\\\/shopatoa.com\\\/it\\\/#website\"},\"primaryImageOfPage\":{\"@id\":\"https:\\\/\\\/shopatoa.com\\\/it\\\/the-munio-moss-candela-profumata-515-ml\\\/#primaryimage\"},\"image\":{\"@id\":\"https:\\\/\\\/shopatoa.com\\\/it\\\/the-munio-moss-candela-profumata-515-ml\\\/#primaryimage\"},\"thumbnailUrl\":\"https:\\\/\\\/storage.googleapis.com\\\/cz-shopatoa-img\\\/it\\\/ec8e86b7-unnamed-file.webp\",\"datePublished\":\"2025-06-08T22:39:24+00:00\",\"dateModified\":\"2026-04-13T23:47:11+00:00\",\"breadcrumb\":{\"@id\":\"https:\\\/\\\/shopatoa.com\\\/it\\\/the-munio-moss-candela-profumata-515-ml\\\/#breadcrumb\"},\"inLanguage\":\"it-IT\",\"potentialAction\":[{\"@type\":\"ReadAction\",\"target\":[\"https:\\\/\\\/shopatoa.com\\\/it\\\/the-munio-moss-candela-profumata-515-ml\\\/\"]}]},{\"@type\":\"ImageObject\",\"inLanguage\":\"it-IT\",\"@id\":\"https:\\\/\\\/shopatoa.com\\\/it\\\/the-munio-moss-candela-profumata-515-ml\\\/#primaryimage\",\"url\":\"https:\\\/\\\/storage.googleapis.com\\\/cz-shopatoa-img\\\/it\\\/ec8e86b7-unnamed-file.webp\",\"contentUrl\":\"https:\\\/\\\/storage.googleapis.com\\\/cz-shopatoa-img\\\/it\\\/ec8e86b7-unnamed-file.webp\",\"width\":800,\"height\":800},{\"@type\":\"BreadcrumbList\",\"@id\":\"https:\\\/\\\/shopatoa.com\\\/it\\\/the-munio-moss-candela-profumata-515-ml\\\/#breadcrumb\",\"itemListElement\":[{\"@type\":\"ListItem\",\"position\":1,\"name\":\"Dom\u016f\",\"item\":\"https:\\\/\\\/shopatoa.com\\\/it\\\/\"},{\"@type\":\"ListItem\",\"position\":2,\"name\":\"Shop\",\"item\":\"https:\\\/\\\/shopatoa.com\\\/it\\\/shop\\\/\"},{\"@type\":\"ListItem\",\"position\":3,\"name\":\"Casa e giardino\",\"item\":\"https:\\\/\\\/shopatoa.com\\\/it\\\/casa-e-giardino\\\/\"},{\"@type\":\"ListItem\",\"position\":4,\"name\":\"Arredo\",\"item\":\"https:\\\/\\\/shopatoa.com\\\/it\\\/arredo\\\/\"},{\"@type\":\"ListItem\",\"position\":5,\"name\":\"Fragranze per la casa\",\"item\":\"https:\\\/\\\/shopatoa.com\\\/it\\\/fragranze-per-la-casa\\\/\"},{\"@type\":\"ListItem\",\"position\":6,\"name\":\"Candele\",\"item\":\"https:\\\/\\\/shopatoa.com\\\/it\\\/candele\\\/\"},{\"@type\":\"ListItem\",\"position\":7,\"name\":\"The Munio Moss candela profumata 515 ml\"}]},{\"@type\":\"WebSite\",\"@id\":\"https:\\\/\\\/shopatoa.com\\\/it\\\/#website\",\"url\":\"https:\\\/\\\/shopatoa.com\\\/it\\\/\",\"name\":\"SHOPATOA\",\"description\":\"\",\"publisher\":{\"@id\":\"https:\\\/\\\/shopatoa.com\\\/it\\\/#organization\"},\"potentialAction\":[{\"@type\":\"SearchAction\",\"target\":{\"@type\":\"EntryPoint\",\"urlTemplate\":\"https:\\\/\\\/shopatoa.com\\\/it\\\/?s={search_term_string}\"},\"query-input\":{\"@type\":\"PropertyValueSpecification\",\"valueRequired\":true,\"valueName\":\"search_term_string\"}}],\"inLanguage\":\"it-IT\"},{\"@type\":\"Organization\",\"@id\":\"https:\\\/\\\/shopatoa.com\\\/it\\\/#organization\",\"name\":\"SHOPATOA\",\"url\":\"https:\\\/\\\/shopatoa.com\\\/it\\\/\",\"logo\":{\"@type\":\"ImageObject\",\"inLanguage\":\"it-IT\",\"@id\":\"https:\\\/\\\/shopatoa.com\\\/it\\\/#\\\/schema\\\/logo\\\/image\\\/\",\"url\":\"https:\\\/\\\/storage.googleapis.com\\\/cz-shopatoa-img\\\/it\\\/4dc78fd5-shopatoa_logo.png\",\"contentUrl\":\"https:\\\/\\\/storage.googleapis.com\\\/cz-shopatoa-img\\\/it\\\/4dc78fd5-shopatoa_logo.png\",\"width\":416,\"height\":63,\"caption\":\"SHOPATOA\"},\"image\":{\"@id\":\"https:\\\/\\\/shopatoa.com\\\/it\\\/#\\\/schema\\\/logo\\\/image\\\/\"}}]}<\/script>\n<!-- \/ Yoast SEO plugin. -->","yoast_head_json":{"title":"The Munio Moss candela profumata 515 ml - SHOPATOA.COM","robots":{"index":"index","follow":"follow","max-snippet":"max-snippet:-1","max-image-preview":"max-image-preview:large","max-video-preview":"max-video-preview:-1"},"canonical":"https:\/\/shopatoa.com\/it\/the-munio-moss-candela-profumata-515-ml\/","og_locale":"it_IT","og_type":"article","og_title":"The Munio Moss candela profumata 515 ml - SHOPATOA.COM","og_description":"The Munio Moss, 515 ml, Candele profumate Profumo per ambienti, La candela profumata The Munio Moss profuma la tua casa con una fragranza meravigliosa per creare un&#8217;atmosfera accogliente, grazie alla quale ti sentirai sempre alla grande. Caratteristiche: prodotto a mano Composizione: cera di soia al 100% Modo d\u2019uso: Appoggiare la candela su una superficie sufficientemente...","og_url":"https:\/\/shopatoa.com\/it\/the-munio-moss-candela-profumata-515-ml\/","og_site_name":"SHOPATOA","article_modified_time":"2026-04-13T23:47:11+00:00","og_image":[{"width":800,"height":800,"url":"https:\/\/storage.googleapis.com\/cz-shopatoa-img\/it\/ec8e86b7-unnamed-file.webp","type":"image\/webp"}],"twitter_card":"summary_large_image","twitter_misc":{"Tempo di lettura stimato":"1 minuto"},"schema":{"@context":"https:\/\/schema.org","@graph":[{"@type":"WebPage","@id":"https:\/\/shopatoa.com\/it\/the-munio-moss-candela-profumata-515-ml\/","url":"https:\/\/shopatoa.com\/it\/the-munio-moss-candela-profumata-515-ml\/","name":"The Munio Moss candela profumata 515 ml - SHOPATOA.COM","isPartOf":{"@id":"https:\/\/shopatoa.com\/it\/#website"},"primaryImageOfPage":{"@id":"https:\/\/shopatoa.com\/it\/the-munio-moss-candela-profumata-515-ml\/#primaryimage"},"image":{"@id":"https:\/\/shopatoa.com\/it\/the-munio-moss-candela-profumata-515-ml\/#primaryimage"},"thumbnailUrl":"https:\/\/storage.googleapis.com\/cz-shopatoa-img\/it\/ec8e86b7-unnamed-file.webp","datePublished":"2025-06-08T22:39:24+00:00","dateModified":"2026-04-13T23:47:11+00:00","breadcrumb":{"@id":"https:\/\/shopatoa.com\/it\/the-munio-moss-candela-profumata-515-ml\/#breadcrumb"},"inLanguage":"it-IT","potentialAction":[{"@type":"ReadAction","target":["https:\/\/shopatoa.com\/it\/the-munio-moss-candela-profumata-515-ml\/"]}]},{"@type":"ImageObject","inLanguage":"it-IT","@id":"https:\/\/shopatoa.com\/it\/the-munio-moss-candela-profumata-515-ml\/#primaryimage","url":"https:\/\/storage.googleapis.com\/cz-shopatoa-img\/it\/ec8e86b7-unnamed-file.webp","contentUrl":"https:\/\/storage.googleapis.com\/cz-shopatoa-img\/it\/ec8e86b7-unnamed-file.webp","width":800,"height":800},{"@type":"BreadcrumbList","@id":"https:\/\/shopatoa.com\/it\/the-munio-moss-candela-profumata-515-ml\/#breadcrumb","itemListElement":[{"@type":"ListItem","position":1,"name":"Dom\u016f","item":"https:\/\/shopatoa.com\/it\/"},{"@type":"ListItem","position":2,"name":"Shop","item":"https:\/\/shopatoa.com\/it\/shop\/"},{"@type":"ListItem","position":3,"name":"Casa e giardino","item":"https:\/\/shopatoa.com\/it\/casa-e-giardino\/"},{"@type":"ListItem","position":4,"name":"Arredo","item":"https:\/\/shopatoa.com\/it\/arredo\/"},{"@type":"ListItem","position":5,"name":"Fragranze per la casa","item":"https:\/\/shopatoa.com\/it\/fragranze-per-la-casa\/"},{"@type":"ListItem","position":6,"name":"Candele","item":"https:\/\/shopatoa.com\/it\/candele\/"},{"@type":"ListItem","position":7,"name":"The Munio Moss candela profumata 515 ml"}]},{"@type":"WebSite","@id":"https:\/\/shopatoa.com\/it\/#website","url":"https:\/\/shopatoa.com\/it\/","name":"SHOPATOA","description":"","publisher":{"@id":"https:\/\/shopatoa.com\/it\/#organization"},"potentialAction":[{"@type":"SearchAction","target":{"@type":"EntryPoint","urlTemplate":"https:\/\/shopatoa.com\/it\/?s={search_term_string}"},"query-input":{"@type":"PropertyValueSpecification","valueRequired":true,"valueName":"search_term_string"}}],"inLanguage":"it-IT"},{"@type":"Organization","@id":"https:\/\/shopatoa.com\/it\/#organization","name":"SHOPATOA","url":"https:\/\/shopatoa.com\/it\/","logo":{"@type":"ImageObject","inLanguage":"it-IT","@id":"https:\/\/shopatoa.com\/it\/#\/schema\/logo\/image\/","url":"https:\/\/storage.googleapis.com\/cz-shopatoa-img\/it\/4dc78fd5-shopatoa_logo.png","contentUrl":"https:\/\/storage.googleapis.com\/cz-shopatoa-img\/it\/4dc78fd5-shopatoa_logo.png","width":416,"height":63,"caption":"SHOPATOA"},"image":{"@id":"https:\/\/shopatoa.com\/it\/#\/schema\/logo\/image\/"}}]}},"_links":{"self":[{"href":"https:\/\/shopatoa.com\/it\/wp-json\/wp\/v2\/product\/71186","targetHints":{"allow":["GET"]}}],"collection":[{"href":"https:\/\/shopatoa.com\/it\/wp-json\/wp\/v2\/product"}],"about":[{"href":"https:\/\/shopatoa.com\/it\/wp-json\/wp\/v2\/types\/product"}],"replies":[{"embeddable":true,"href":"https:\/\/shopatoa.com\/it\/wp-json\/wp\/v2\/comments?post=71186"}],"wp:featuredmedia":[{"embeddable":true,"href":"https:\/\/shopatoa.com\/it\/wp-json\/wp\/v2\/media\/71187"}],"wp:attachment":[{"href":"https:\/\/shopatoa.com\/it\/wp-json\/wp\/v2\/media?parent=71186"}],"wp:term":[{"taxonomy":"product_brand","embeddable":true,"href":"https:\/\/shopatoa.com\/it\/wp-json\/wp\/v2\/product_brand?post=71186"},{"taxonomy":"product_cat","embeddable":true,"href":"https:\/\/shopatoa.com\/it\/wp-json\/wp\/v2\/product_cat?post=71186"},{"taxonomy":"product_tag","embeddable":true,"href":"https:\/\/shopatoa.com\/it\/wp-json\/wp\/v2\/product_tag?post=71186"}],"curies":[{"name":"wp","href":"https:\/\/api.w.org\/{rel}","templated":true}]}}