{"id":71871,"date":"2025-06-09T01:25:38","date_gmt":"2025-06-08T23:25:38","guid":{"rendered":"https:\/\/shopatoa.com\/it\/kms-add-volume-solid-shampoo-shampoo-solido-per-il-volume-dei-capelli-75-g\/"},"modified":"2026-05-04T20:43:03","modified_gmt":"2026-05-04T18:43:03","slug":"kms-add-volume-solid-shampoo-shampoo-solido-per-il-volume-dei-capelli-75-g","status":"publish","type":"product","link":"https:\/\/shopatoa.com\/it\/kms-add-volume-solid-shampoo-shampoo-solido-per-il-volume-dei-capelli-75-g\/","title":{"rendered":"KMS Add Volume Solid Shampoo Shampoo solido per il volume dei capelli 75 g"},"content":{"rendered":"<p>KMS Add Volume Solid Shampoo, 75 g, Shampoo solidi per donna, Oggi \u00e8 importante ogni passo verso la preservazione dell\u2019ambiente. Lo shampoo solido KMS Add Volume Solid Shampoo ha gli stessi effetti di quello classico liquido, ma in pi\u00f9 \u00e8 ecologico e molto pratico. Come uno shampoo comune, aiuta a rimuovere lo sporco e il grasso dai capelli e dal cuoio capelluto, ma non contenendo acqua, non necessita di un imballaggio in plastica rispettando cos\u00ec l\u2019ambiente. Puoi conservarlo facilmente in una scatola di carta o di metallo. Grazie alla sua consistenza solida, \u00e8 ideale anche in viaggio \u2013 non rischi perdite e quando hai una quantit\u00e0 limitata di liquidi consentiti a bordo dell\u2019aereo, ti fa anche risparmiare spazio per altri prodotti liquidi. Dagli una chance e presto capirai perch\u00e9 non pu\u00f2 mancare nel tuo beauty case.  Caratteristiche:  forma compatta e pratica adatta in viaggio grazie alla forma solida \u00e8 perfetto per viaggiare in aereo pulisce a fondo i capelli e il cuoio capelluto  Composizione:  non contiene SLS ed SLES  Modo d\u2019uso: Inumidire accuratamente i capelli e lo shampoo Passare con lo shampoo direttamente sui capelli e il cuoio capelluto. Formare una schiuma. Infine risciacquare accuratamente.<\/p>\n","protected":false},"excerpt":{"rendered":"<p>KMS Add Volume Solid Shampoo, 75 g, Shampoo solidi per donna, Oggi \u00e8 importante ogni passo verso la preservazione dell\u2019ambiente. Lo shampoo solido KMS Add Volume Solid Shampoo ha gli stessi effetti di quello classico liquido, ma in pi\u00f9 \u00e8 ecologico e molto pratico. Come uno shampoo comune, aiuta a rimuovere lo sporco e il&#8230;<\/p>\n","protected":false},"featured_media":71872,"comment_status":"closed","ping_status":"open","template":"","meta":{"_acf_changed":false,"_kadence_starter_templates_imported_post":false,"_kad_post_transparent":"","_kad_post_title":"","_kad_post_layout":"","_kad_post_sidebar_id":"","_kad_post_content_style":"","_kad_post_vertical_padding":"","_kad_post_feature":"","_kad_post_feature_position":"","_kad_post_header":false,"_kad_post_footer":false,"_kad_post_classname":""},"product_brand":[1852],"product_cat":[67,66,65,1853,68],"product_tag":[],"class_list":{"0":"post-71871","1":"product","2":"type-product","3":"status-publish","4":"has-post-thumbnail","6":"product_brand-kms","7":"product_cat-cura-dei-capelli","8":"product_cat-cura-della-persona","9":"product_cat-salute-e-bellezza","10":"product_cat-shampoo","11":"product_cat-shampoo-e-balsamo","12":"pa_dimensioni-75-g","13":"pa_genere-female","15":"first","16":"instock","17":"sale","18":"product-type-external","19":"entry","20":"content-bg","21":"loop-entry"},"acf":[],"yoast_head":"<!-- This site is optimized with the Yoast SEO plugin v27.4 - https:\/\/yoast.com\/product\/yoast-seo-wordpress\/ -->\n<title>KMS Add Volume Solid Shampoo Shampoo solido per il volume dei capelli 75 g - SHOPATOA.COM<\/title>\n<meta name=\"robots\" content=\"index, follow, max-snippet:-1, max-image-preview:large, max-video-preview:-1\" \/>\n<link rel=\"canonical\" href=\"https:\/\/shopatoa.com\/it\/kms-add-volume-solid-shampoo-shampoo-solido-per-il-volume-dei-capelli-75-g\/\" \/>\n<meta property=\"og:locale\" content=\"it_IT\" \/>\n<meta property=\"og:type\" content=\"article\" \/>\n<meta property=\"og:title\" content=\"KMS Add Volume Solid Shampoo Shampoo solido per il volume dei capelli 75 g - SHOPATOA.COM\" \/>\n<meta property=\"og:description\" content=\"KMS Add Volume Solid Shampoo, 75 g, Shampoo solidi per donna, Oggi \u00e8 importante ogni passo verso la preservazione dell\u2019ambiente. Lo shampoo solido KMS Add Volume Solid Shampoo ha gli stessi effetti di quello classico liquido, ma in pi\u00f9 \u00e8 ecologico e molto pratico. Come uno shampoo comune, aiuta a rimuovere lo sporco e il...\" \/>\n<meta property=\"og:url\" content=\"https:\/\/shopatoa.com\/it\/kms-add-volume-solid-shampoo-shampoo-solido-per-il-volume-dei-capelli-75-g\/\" \/>\n<meta property=\"og:site_name\" content=\"SHOPATOA\" \/>\n<meta property=\"article:modified_time\" content=\"2026-05-04T18:43:03+00:00\" \/>\n<meta property=\"og:image\" content=\"https:\/\/storage.googleapis.com\/cz-shopatoa-img\/it\/0de44468-unnamed-file.webp\" \/>\n\t<meta property=\"og:image:width\" content=\"800\" \/>\n\t<meta property=\"og:image:height\" content=\"800\" \/>\n\t<meta property=\"og:image:type\" content=\"image\/webp\" \/>\n<meta name=\"twitter:card\" content=\"summary_large_image\" \/>\n<meta name=\"twitter:label1\" content=\"Tempo di lettura stimato\" \/>\n\t<meta name=\"twitter:data1\" content=\"1 minuto\" \/>\n<script type=\"application\/ld+json\" class=\"yoast-schema-graph\">{\"@context\":\"https:\\\/\\\/schema.org\",\"@graph\":[{\"@type\":\"WebPage\",\"@id\":\"https:\\\/\\\/shopatoa.com\\\/it\\\/kms-add-volume-solid-shampoo-shampoo-solido-per-il-volume-dei-capelli-75-g\\\/\",\"url\":\"https:\\\/\\\/shopatoa.com\\\/it\\\/kms-add-volume-solid-shampoo-shampoo-solido-per-il-volume-dei-capelli-75-g\\\/\",\"name\":\"KMS Add Volume Solid Shampoo Shampoo solido per il volume dei capelli 75 g - SHOPATOA.COM\",\"isPartOf\":{\"@id\":\"https:\\\/\\\/shopatoa.com\\\/it\\\/#website\"},\"primaryImageOfPage\":{\"@id\":\"https:\\\/\\\/shopatoa.com\\\/it\\\/kms-add-volume-solid-shampoo-shampoo-solido-per-il-volume-dei-capelli-75-g\\\/#primaryimage\"},\"image\":{\"@id\":\"https:\\\/\\\/shopatoa.com\\\/it\\\/kms-add-volume-solid-shampoo-shampoo-solido-per-il-volume-dei-capelli-75-g\\\/#primaryimage\"},\"thumbnailUrl\":\"https:\\\/\\\/storage.googleapis.com\\\/cz-shopatoa-img\\\/it\\\/0de44468-unnamed-file.webp\",\"datePublished\":\"2025-06-08T23:25:38+00:00\",\"dateModified\":\"2026-05-04T18:43:03+00:00\",\"breadcrumb\":{\"@id\":\"https:\\\/\\\/shopatoa.com\\\/it\\\/kms-add-volume-solid-shampoo-shampoo-solido-per-il-volume-dei-capelli-75-g\\\/#breadcrumb\"},\"inLanguage\":\"it-IT\",\"potentialAction\":[{\"@type\":\"ReadAction\",\"target\":[\"https:\\\/\\\/shopatoa.com\\\/it\\\/kms-add-volume-solid-shampoo-shampoo-solido-per-il-volume-dei-capelli-75-g\\\/\"]}]},{\"@type\":\"ImageObject\",\"inLanguage\":\"it-IT\",\"@id\":\"https:\\\/\\\/shopatoa.com\\\/it\\\/kms-add-volume-solid-shampoo-shampoo-solido-per-il-volume-dei-capelli-75-g\\\/#primaryimage\",\"url\":\"https:\\\/\\\/storage.googleapis.com\\\/cz-shopatoa-img\\\/it\\\/0de44468-unnamed-file.webp\",\"contentUrl\":\"https:\\\/\\\/storage.googleapis.com\\\/cz-shopatoa-img\\\/it\\\/0de44468-unnamed-file.webp\",\"width\":800,\"height\":800},{\"@type\":\"BreadcrumbList\",\"@id\":\"https:\\\/\\\/shopatoa.com\\\/it\\\/kms-add-volume-solid-shampoo-shampoo-solido-per-il-volume-dei-capelli-75-g\\\/#breadcrumb\",\"itemListElement\":[{\"@type\":\"ListItem\",\"position\":1,\"name\":\"Dom\u016f\",\"item\":\"https:\\\/\\\/shopatoa.com\\\/it\\\/\"},{\"@type\":\"ListItem\",\"position\":2,\"name\":\"Shop\",\"item\":\"https:\\\/\\\/shopatoa.com\\\/it\\\/shop\\\/\"},{\"@type\":\"ListItem\",\"position\":3,\"name\":\"Salute e bellezza\",\"item\":\"https:\\\/\\\/shopatoa.com\\\/it\\\/salute-e-bellezza\\\/\"},{\"@type\":\"ListItem\",\"position\":4,\"name\":\"Cura della persona\",\"item\":\"https:\\\/\\\/shopatoa.com\\\/it\\\/cura-della-persona\\\/\"},{\"@type\":\"ListItem\",\"position\":5,\"name\":\"Cura dei capelli\",\"item\":\"https:\\\/\\\/shopatoa.com\\\/it\\\/cura-dei-capelli\\\/\"},{\"@type\":\"ListItem\",\"position\":6,\"name\":\"Shampoo e balsamo\",\"item\":\"https:\\\/\\\/shopatoa.com\\\/it\\\/shampoo-e-balsamo\\\/\"},{\"@type\":\"ListItem\",\"position\":7,\"name\":\"Shampoo\",\"item\":\"https:\\\/\\\/shopatoa.com\\\/it\\\/shampoo\\\/\"},{\"@type\":\"ListItem\",\"position\":8,\"name\":\"KMS Add Volume Solid Shampoo Shampoo solido per il volume dei capelli 75 g\"}]},{\"@type\":\"WebSite\",\"@id\":\"https:\\\/\\\/shopatoa.com\\\/it\\\/#website\",\"url\":\"https:\\\/\\\/shopatoa.com\\\/it\\\/\",\"name\":\"SHOPATOA\",\"description\":\"\",\"publisher\":{\"@id\":\"https:\\\/\\\/shopatoa.com\\\/it\\\/#organization\"},\"potentialAction\":[{\"@type\":\"SearchAction\",\"target\":{\"@type\":\"EntryPoint\",\"urlTemplate\":\"https:\\\/\\\/shopatoa.com\\\/it\\\/?s={search_term_string}\"},\"query-input\":{\"@type\":\"PropertyValueSpecification\",\"valueRequired\":true,\"valueName\":\"search_term_string\"}}],\"inLanguage\":\"it-IT\"},{\"@type\":\"Organization\",\"@id\":\"https:\\\/\\\/shopatoa.com\\\/it\\\/#organization\",\"name\":\"SHOPATOA\",\"url\":\"https:\\\/\\\/shopatoa.com\\\/it\\\/\",\"logo\":{\"@type\":\"ImageObject\",\"inLanguage\":\"it-IT\",\"@id\":\"https:\\\/\\\/shopatoa.com\\\/it\\\/#\\\/schema\\\/logo\\\/image\\\/\",\"url\":\"https:\\\/\\\/storage.googleapis.com\\\/cz-shopatoa-img\\\/it\\\/4dc78fd5-shopatoa_logo.png\",\"contentUrl\":\"https:\\\/\\\/storage.googleapis.com\\\/cz-shopatoa-img\\\/it\\\/4dc78fd5-shopatoa_logo.png\",\"width\":416,\"height\":63,\"caption\":\"SHOPATOA\"},\"image\":{\"@id\":\"https:\\\/\\\/shopatoa.com\\\/it\\\/#\\\/schema\\\/logo\\\/image\\\/\"}}]}<\/script>\n<!-- \/ Yoast SEO plugin. -->","yoast_head_json":{"title":"KMS Add Volume Solid Shampoo Shampoo solido per il volume dei capelli 75 g - SHOPATOA.COM","robots":{"index":"index","follow":"follow","max-snippet":"max-snippet:-1","max-image-preview":"max-image-preview:large","max-video-preview":"max-video-preview:-1"},"canonical":"https:\/\/shopatoa.com\/it\/kms-add-volume-solid-shampoo-shampoo-solido-per-il-volume-dei-capelli-75-g\/","og_locale":"it_IT","og_type":"article","og_title":"KMS Add Volume Solid Shampoo Shampoo solido per il volume dei capelli 75 g - SHOPATOA.COM","og_description":"KMS Add Volume Solid Shampoo, 75 g, Shampoo solidi per donna, Oggi \u00e8 importante ogni passo verso la preservazione dell\u2019ambiente. Lo shampoo solido KMS Add Volume Solid Shampoo ha gli stessi effetti di quello classico liquido, ma in pi\u00f9 \u00e8 ecologico e molto pratico. Come uno shampoo comune, aiuta a rimuovere lo sporco e il...","og_url":"https:\/\/shopatoa.com\/it\/kms-add-volume-solid-shampoo-shampoo-solido-per-il-volume-dei-capelli-75-g\/","og_site_name":"SHOPATOA","article_modified_time":"2026-05-04T18:43:03+00:00","og_image":[{"width":800,"height":800,"url":"https:\/\/storage.googleapis.com\/cz-shopatoa-img\/it\/0de44468-unnamed-file.webp","type":"image\/webp"}],"twitter_card":"summary_large_image","twitter_misc":{"Tempo di lettura stimato":"1 minuto"},"schema":{"@context":"https:\/\/schema.org","@graph":[{"@type":"WebPage","@id":"https:\/\/shopatoa.com\/it\/kms-add-volume-solid-shampoo-shampoo-solido-per-il-volume-dei-capelli-75-g\/","url":"https:\/\/shopatoa.com\/it\/kms-add-volume-solid-shampoo-shampoo-solido-per-il-volume-dei-capelli-75-g\/","name":"KMS Add Volume Solid Shampoo Shampoo solido per il volume dei capelli 75 g - SHOPATOA.COM","isPartOf":{"@id":"https:\/\/shopatoa.com\/it\/#website"},"primaryImageOfPage":{"@id":"https:\/\/shopatoa.com\/it\/kms-add-volume-solid-shampoo-shampoo-solido-per-il-volume-dei-capelli-75-g\/#primaryimage"},"image":{"@id":"https:\/\/shopatoa.com\/it\/kms-add-volume-solid-shampoo-shampoo-solido-per-il-volume-dei-capelli-75-g\/#primaryimage"},"thumbnailUrl":"https:\/\/storage.googleapis.com\/cz-shopatoa-img\/it\/0de44468-unnamed-file.webp","datePublished":"2025-06-08T23:25:38+00:00","dateModified":"2026-05-04T18:43:03+00:00","breadcrumb":{"@id":"https:\/\/shopatoa.com\/it\/kms-add-volume-solid-shampoo-shampoo-solido-per-il-volume-dei-capelli-75-g\/#breadcrumb"},"inLanguage":"it-IT","potentialAction":[{"@type":"ReadAction","target":["https:\/\/shopatoa.com\/it\/kms-add-volume-solid-shampoo-shampoo-solido-per-il-volume-dei-capelli-75-g\/"]}]},{"@type":"ImageObject","inLanguage":"it-IT","@id":"https:\/\/shopatoa.com\/it\/kms-add-volume-solid-shampoo-shampoo-solido-per-il-volume-dei-capelli-75-g\/#primaryimage","url":"https:\/\/storage.googleapis.com\/cz-shopatoa-img\/it\/0de44468-unnamed-file.webp","contentUrl":"https:\/\/storage.googleapis.com\/cz-shopatoa-img\/it\/0de44468-unnamed-file.webp","width":800,"height":800},{"@type":"BreadcrumbList","@id":"https:\/\/shopatoa.com\/it\/kms-add-volume-solid-shampoo-shampoo-solido-per-il-volume-dei-capelli-75-g\/#breadcrumb","itemListElement":[{"@type":"ListItem","position":1,"name":"Dom\u016f","item":"https:\/\/shopatoa.com\/it\/"},{"@type":"ListItem","position":2,"name":"Shop","item":"https:\/\/shopatoa.com\/it\/shop\/"},{"@type":"ListItem","position":3,"name":"Salute e bellezza","item":"https:\/\/shopatoa.com\/it\/salute-e-bellezza\/"},{"@type":"ListItem","position":4,"name":"Cura della persona","item":"https:\/\/shopatoa.com\/it\/cura-della-persona\/"},{"@type":"ListItem","position":5,"name":"Cura dei capelli","item":"https:\/\/shopatoa.com\/it\/cura-dei-capelli\/"},{"@type":"ListItem","position":6,"name":"Shampoo e balsamo","item":"https:\/\/shopatoa.com\/it\/shampoo-e-balsamo\/"},{"@type":"ListItem","position":7,"name":"Shampoo","item":"https:\/\/shopatoa.com\/it\/shampoo\/"},{"@type":"ListItem","position":8,"name":"KMS Add Volume Solid Shampoo Shampoo solido per il volume dei capelli 75 g"}]},{"@type":"WebSite","@id":"https:\/\/shopatoa.com\/it\/#website","url":"https:\/\/shopatoa.com\/it\/","name":"SHOPATOA","description":"","publisher":{"@id":"https:\/\/shopatoa.com\/it\/#organization"},"potentialAction":[{"@type":"SearchAction","target":{"@type":"EntryPoint","urlTemplate":"https:\/\/shopatoa.com\/it\/?s={search_term_string}"},"query-input":{"@type":"PropertyValueSpecification","valueRequired":true,"valueName":"search_term_string"}}],"inLanguage":"it-IT"},{"@type":"Organization","@id":"https:\/\/shopatoa.com\/it\/#organization","name":"SHOPATOA","url":"https:\/\/shopatoa.com\/it\/","logo":{"@type":"ImageObject","inLanguage":"it-IT","@id":"https:\/\/shopatoa.com\/it\/#\/schema\/logo\/image\/","url":"https:\/\/storage.googleapis.com\/cz-shopatoa-img\/it\/4dc78fd5-shopatoa_logo.png","contentUrl":"https:\/\/storage.googleapis.com\/cz-shopatoa-img\/it\/4dc78fd5-shopatoa_logo.png","width":416,"height":63,"caption":"SHOPATOA"},"image":{"@id":"https:\/\/shopatoa.com\/it\/#\/schema\/logo\/image\/"}}]}},"_links":{"self":[{"href":"https:\/\/shopatoa.com\/it\/wp-json\/wp\/v2\/product\/71871","targetHints":{"allow":["GET"]}}],"collection":[{"href":"https:\/\/shopatoa.com\/it\/wp-json\/wp\/v2\/product"}],"about":[{"href":"https:\/\/shopatoa.com\/it\/wp-json\/wp\/v2\/types\/product"}],"replies":[{"embeddable":true,"href":"https:\/\/shopatoa.com\/it\/wp-json\/wp\/v2\/comments?post=71871"}],"wp:featuredmedia":[{"embeddable":true,"href":"https:\/\/shopatoa.com\/it\/wp-json\/wp\/v2\/media\/71872"}],"wp:attachment":[{"href":"https:\/\/shopatoa.com\/it\/wp-json\/wp\/v2\/media?parent=71871"}],"wp:term":[{"taxonomy":"product_brand","embeddable":true,"href":"https:\/\/shopatoa.com\/it\/wp-json\/wp\/v2\/product_brand?post=71871"},{"taxonomy":"product_cat","embeddable":true,"href":"https:\/\/shopatoa.com\/it\/wp-json\/wp\/v2\/product_cat?post=71871"},{"taxonomy":"product_tag","embeddable":true,"href":"https:\/\/shopatoa.com\/it\/wp-json\/wp\/v2\/product_tag?post=71871"}],"curies":[{"name":"wp","href":"https:\/\/api.w.org\/{rel}","templated":true}]}}