{"id":75347,"date":"2025-06-09T04:35:37","date_gmt":"2025-06-09T02:35:37","guid":{"rendered":"https:\/\/shopatoa.com\/it\/collistar-impeccabile-mascara-base-primer-per-mascara-12-5-ml\/"},"modified":"2026-05-06T06:17:19","modified_gmt":"2026-05-06T04:17:19","slug":"collistar-impeccabile-mascara-base-primer-per-mascara-12-5-ml","status":"publish","type":"product","link":"https:\/\/shopatoa.com\/it\/collistar-impeccabile-mascara-base-primer-per-mascara-12-5-ml\/","title":{"rendered":"Collistar Impeccabile Mascara Base primer per mascara 12.5 ml"},"content":{"rendered":"<p>Collistar Impeccabile Mascara Base, 12.5 ml, Cura e regolazione delle ciglia per donna, Vuoi enfatizzare i tuoi occhi mettendone in risalto la loro bellezza naturale con un trucco che duri anche in caso di pioggia, mentre fai sport o in situazioni emotivamente tese? Ti aiuter\u00e0 il mascara Collistar Impeccabile Mascara Base. Avvolger\u00e0 ogni singolo ciglio dalla radice alla punta con uno strato continuo di colore intenso e ricco, allungando cos\u00ec le ciglia otticamente e donando loro un volume straordinario. In un baleno appariranno rinfoltite e complessivamente pi\u00f9 voluminose, e il tuo sguardo acquisir\u00e0 profondit\u00e0 e drammaticit\u00e0. La formula resistente all\u2019acqua garantisce una lunga durata senza sbavature, anche in caso di contatto con acqua, umidit\u00e0 o magari lacrime.  Caratteristiche:  rende le ciglia incredibilmente folte allunga le ciglia ha un effetto ciglia finte non appiccica le ciglia separa singolarmente ogni ciglia garantisce un volume intenso gi\u00e0 al primo strato ha un effetto di lunga durata non si sbriciola  Composizione:  prodotto vegano  Modo d\u2019uso: Applicare il mascara con movimenti delicati sulle ciglia, dalle radici alle punte. Per evidenziare ancora di pi\u00f9 le ciglia, applicare pi\u00f9 strati.<\/p>\n","protected":false},"excerpt":{"rendered":"<p>Collistar Impeccabile Mascara Base, 12.5 ml, Cura e regolazione delle ciglia per donna, Vuoi enfatizzare i tuoi occhi mettendone in risalto la loro bellezza naturale con un trucco che duri anche in caso di pioggia, mentre fai sport o in situazioni emotivamente tese? Ti aiuter\u00e0 il mascara Collistar Impeccabile Mascara Base. Avvolger\u00e0 ogni singolo ciglio&#8230;<\/p>\n","protected":false},"featured_media":75348,"comment_status":"closed","ping_status":"open","template":"","meta":{"_acf_changed":false,"_kadence_starter_templates_imported_post":false,"_kad_post_transparent":"","_kad_post_title":"","_kad_post_layout":"","_kad_post_sidebar_id":"","_kad_post_content_style":"","_kad_post_vertical_padding":"","_kad_post_feature":"","_kad_post_feature_position":"","_kad_post_header":false,"_kad_post_footer":false,"_kad_post_classname":""},"product_brand":[207],"product_cat":[77,66,184,65,182,183],"product_tag":[],"class_list":{"0":"post-75347","1":"product","2":"type-product","3":"status-publish","4":"has-post-thumbnail","6":"product_brand-collistar","7":"product_cat-cosmetici","8":"product_cat-cura-della-persona","9":"product_cat-mascara","10":"product_cat-salute-e-bellezza","11":"product_cat-trucco","12":"product_cat-trucco-degli-occhi","13":"pa_dimensioni-12-5-ml","14":"pa_genere-female","16":"first","17":"instock","18":"sale","19":"product-type-external","20":"entry","21":"content-bg","22":"loop-entry"},"acf":[],"yoast_head":"<!-- This site is optimized with the Yoast SEO plugin v27.4 - https:\/\/yoast.com\/product\/yoast-seo-wordpress\/ -->\n<title>Collistar Impeccabile Mascara Base primer per mascara 12.5 ml - SHOPATOA.COM<\/title>\n<meta name=\"robots\" content=\"index, follow, max-snippet:-1, max-image-preview:large, max-video-preview:-1\" \/>\n<link rel=\"canonical\" href=\"https:\/\/shopatoa.com\/it\/collistar-impeccabile-mascara-base-primer-per-mascara-12-5-ml\/\" \/>\n<meta property=\"og:locale\" content=\"it_IT\" \/>\n<meta property=\"og:type\" content=\"article\" \/>\n<meta property=\"og:title\" content=\"Collistar Impeccabile Mascara Base primer per mascara 12.5 ml - SHOPATOA.COM\" \/>\n<meta property=\"og:description\" content=\"Collistar Impeccabile Mascara Base, 12.5 ml, Cura e regolazione delle ciglia per donna, Vuoi enfatizzare i tuoi occhi mettendone in risalto la loro bellezza naturale con un trucco che duri anche in caso di pioggia, mentre fai sport o in situazioni emotivamente tese? Ti aiuter\u00e0 il mascara Collistar Impeccabile Mascara Base. Avvolger\u00e0 ogni singolo ciglio...\" \/>\n<meta property=\"og:url\" content=\"https:\/\/shopatoa.com\/it\/collistar-impeccabile-mascara-base-primer-per-mascara-12-5-ml\/\" \/>\n<meta property=\"og:site_name\" content=\"SHOPATOA\" \/>\n<meta property=\"article:modified_time\" content=\"2026-05-06T04:17:19+00:00\" \/>\n<meta property=\"og:image\" content=\"https:\/\/storage.googleapis.com\/cz-shopatoa-img\/it\/9b9c2bb3-unnamed-file.webp\" \/>\n\t<meta property=\"og:image:width\" content=\"800\" \/>\n\t<meta property=\"og:image:height\" content=\"800\" \/>\n\t<meta property=\"og:image:type\" content=\"image\/webp\" \/>\n<meta name=\"twitter:card\" content=\"summary_large_image\" \/>\n<meta name=\"twitter:label1\" content=\"Tempo di lettura stimato\" \/>\n\t<meta name=\"twitter:data1\" content=\"1 minuto\" \/>\n<script type=\"application\/ld+json\" class=\"yoast-schema-graph\">{\"@context\":\"https:\\\/\\\/schema.org\",\"@graph\":[{\"@type\":\"WebPage\",\"@id\":\"https:\\\/\\\/shopatoa.com\\\/it\\\/collistar-impeccabile-mascara-base-primer-per-mascara-12-5-ml\\\/\",\"url\":\"https:\\\/\\\/shopatoa.com\\\/it\\\/collistar-impeccabile-mascara-base-primer-per-mascara-12-5-ml\\\/\",\"name\":\"Collistar Impeccabile Mascara Base primer per mascara 12.5 ml - SHOPATOA.COM\",\"isPartOf\":{\"@id\":\"https:\\\/\\\/shopatoa.com\\\/it\\\/#website\"},\"primaryImageOfPage\":{\"@id\":\"https:\\\/\\\/shopatoa.com\\\/it\\\/collistar-impeccabile-mascara-base-primer-per-mascara-12-5-ml\\\/#primaryimage\"},\"image\":{\"@id\":\"https:\\\/\\\/shopatoa.com\\\/it\\\/collistar-impeccabile-mascara-base-primer-per-mascara-12-5-ml\\\/#primaryimage\"},\"thumbnailUrl\":\"https:\\\/\\\/storage.googleapis.com\\\/cz-shopatoa-img\\\/it\\\/9b9c2bb3-unnamed-file.webp\",\"datePublished\":\"2025-06-09T02:35:37+00:00\",\"dateModified\":\"2026-05-06T04:17:19+00:00\",\"breadcrumb\":{\"@id\":\"https:\\\/\\\/shopatoa.com\\\/it\\\/collistar-impeccabile-mascara-base-primer-per-mascara-12-5-ml\\\/#breadcrumb\"},\"inLanguage\":\"it-IT\",\"potentialAction\":[{\"@type\":\"ReadAction\",\"target\":[\"https:\\\/\\\/shopatoa.com\\\/it\\\/collistar-impeccabile-mascara-base-primer-per-mascara-12-5-ml\\\/\"]}]},{\"@type\":\"ImageObject\",\"inLanguage\":\"it-IT\",\"@id\":\"https:\\\/\\\/shopatoa.com\\\/it\\\/collistar-impeccabile-mascara-base-primer-per-mascara-12-5-ml\\\/#primaryimage\",\"url\":\"https:\\\/\\\/storage.googleapis.com\\\/cz-shopatoa-img\\\/it\\\/9b9c2bb3-unnamed-file.webp\",\"contentUrl\":\"https:\\\/\\\/storage.googleapis.com\\\/cz-shopatoa-img\\\/it\\\/9b9c2bb3-unnamed-file.webp\",\"width\":800,\"height\":800},{\"@type\":\"BreadcrumbList\",\"@id\":\"https:\\\/\\\/shopatoa.com\\\/it\\\/collistar-impeccabile-mascara-base-primer-per-mascara-12-5-ml\\\/#breadcrumb\",\"itemListElement\":[{\"@type\":\"ListItem\",\"position\":1,\"name\":\"Dom\u016f\",\"item\":\"https:\\\/\\\/shopatoa.com\\\/it\\\/\"},{\"@type\":\"ListItem\",\"position\":2,\"name\":\"Shop\",\"item\":\"https:\\\/\\\/shopatoa.com\\\/it\\\/shop\\\/\"},{\"@type\":\"ListItem\",\"position\":3,\"name\":\"Salute e bellezza\",\"item\":\"https:\\\/\\\/shopatoa.com\\\/it\\\/salute-e-bellezza\\\/\"},{\"@type\":\"ListItem\",\"position\":4,\"name\":\"Cura della persona\",\"item\":\"https:\\\/\\\/shopatoa.com\\\/it\\\/cura-della-persona\\\/\"},{\"@type\":\"ListItem\",\"position\":5,\"name\":\"Cosmetici\",\"item\":\"https:\\\/\\\/shopatoa.com\\\/it\\\/cosmetici\\\/\"},{\"@type\":\"ListItem\",\"position\":6,\"name\":\"Trucco\",\"item\":\"https:\\\/\\\/shopatoa.com\\\/it\\\/trucco\\\/\"},{\"@type\":\"ListItem\",\"position\":7,\"name\":\"Trucco degli occhi\",\"item\":\"https:\\\/\\\/shopatoa.com\\\/it\\\/trucco-degli-occhi\\\/\"},{\"@type\":\"ListItem\",\"position\":8,\"name\":\"Mascara\",\"item\":\"https:\\\/\\\/shopatoa.com\\\/it\\\/mascara\\\/\"},{\"@type\":\"ListItem\",\"position\":9,\"name\":\"Collistar Impeccabile Mascara Base primer per mascara 12.5 ml\"}]},{\"@type\":\"WebSite\",\"@id\":\"https:\\\/\\\/shopatoa.com\\\/it\\\/#website\",\"url\":\"https:\\\/\\\/shopatoa.com\\\/it\\\/\",\"name\":\"SHOPATOA\",\"description\":\"\",\"publisher\":{\"@id\":\"https:\\\/\\\/shopatoa.com\\\/it\\\/#organization\"},\"potentialAction\":[{\"@type\":\"SearchAction\",\"target\":{\"@type\":\"EntryPoint\",\"urlTemplate\":\"https:\\\/\\\/shopatoa.com\\\/it\\\/?s={search_term_string}\"},\"query-input\":{\"@type\":\"PropertyValueSpecification\",\"valueRequired\":true,\"valueName\":\"search_term_string\"}}],\"inLanguage\":\"it-IT\"},{\"@type\":\"Organization\",\"@id\":\"https:\\\/\\\/shopatoa.com\\\/it\\\/#organization\",\"name\":\"SHOPATOA\",\"url\":\"https:\\\/\\\/shopatoa.com\\\/it\\\/\",\"logo\":{\"@type\":\"ImageObject\",\"inLanguage\":\"it-IT\",\"@id\":\"https:\\\/\\\/shopatoa.com\\\/it\\\/#\\\/schema\\\/logo\\\/image\\\/\",\"url\":\"https:\\\/\\\/storage.googleapis.com\\\/cz-shopatoa-img\\\/it\\\/4dc78fd5-shopatoa_logo.png\",\"contentUrl\":\"https:\\\/\\\/storage.googleapis.com\\\/cz-shopatoa-img\\\/it\\\/4dc78fd5-shopatoa_logo.png\",\"width\":416,\"height\":63,\"caption\":\"SHOPATOA\"},\"image\":{\"@id\":\"https:\\\/\\\/shopatoa.com\\\/it\\\/#\\\/schema\\\/logo\\\/image\\\/\"}}]}<\/script>\n<!-- \/ Yoast SEO plugin. -->","yoast_head_json":{"title":"Collistar Impeccabile Mascara Base primer per mascara 12.5 ml - SHOPATOA.COM","robots":{"index":"index","follow":"follow","max-snippet":"max-snippet:-1","max-image-preview":"max-image-preview:large","max-video-preview":"max-video-preview:-1"},"canonical":"https:\/\/shopatoa.com\/it\/collistar-impeccabile-mascara-base-primer-per-mascara-12-5-ml\/","og_locale":"it_IT","og_type":"article","og_title":"Collistar Impeccabile Mascara Base primer per mascara 12.5 ml - SHOPATOA.COM","og_description":"Collistar Impeccabile Mascara Base, 12.5 ml, Cura e regolazione delle ciglia per donna, Vuoi enfatizzare i tuoi occhi mettendone in risalto la loro bellezza naturale con un trucco che duri anche in caso di pioggia, mentre fai sport o in situazioni emotivamente tese? Ti aiuter\u00e0 il mascara Collistar Impeccabile Mascara Base. Avvolger\u00e0 ogni singolo ciglio...","og_url":"https:\/\/shopatoa.com\/it\/collistar-impeccabile-mascara-base-primer-per-mascara-12-5-ml\/","og_site_name":"SHOPATOA","article_modified_time":"2026-05-06T04:17:19+00:00","og_image":[{"width":800,"height":800,"url":"https:\/\/storage.googleapis.com\/cz-shopatoa-img\/it\/9b9c2bb3-unnamed-file.webp","type":"image\/webp"}],"twitter_card":"summary_large_image","twitter_misc":{"Tempo di lettura stimato":"1 minuto"},"schema":{"@context":"https:\/\/schema.org","@graph":[{"@type":"WebPage","@id":"https:\/\/shopatoa.com\/it\/collistar-impeccabile-mascara-base-primer-per-mascara-12-5-ml\/","url":"https:\/\/shopatoa.com\/it\/collistar-impeccabile-mascara-base-primer-per-mascara-12-5-ml\/","name":"Collistar Impeccabile Mascara Base primer per mascara 12.5 ml - SHOPATOA.COM","isPartOf":{"@id":"https:\/\/shopatoa.com\/it\/#website"},"primaryImageOfPage":{"@id":"https:\/\/shopatoa.com\/it\/collistar-impeccabile-mascara-base-primer-per-mascara-12-5-ml\/#primaryimage"},"image":{"@id":"https:\/\/shopatoa.com\/it\/collistar-impeccabile-mascara-base-primer-per-mascara-12-5-ml\/#primaryimage"},"thumbnailUrl":"https:\/\/storage.googleapis.com\/cz-shopatoa-img\/it\/9b9c2bb3-unnamed-file.webp","datePublished":"2025-06-09T02:35:37+00:00","dateModified":"2026-05-06T04:17:19+00:00","breadcrumb":{"@id":"https:\/\/shopatoa.com\/it\/collistar-impeccabile-mascara-base-primer-per-mascara-12-5-ml\/#breadcrumb"},"inLanguage":"it-IT","potentialAction":[{"@type":"ReadAction","target":["https:\/\/shopatoa.com\/it\/collistar-impeccabile-mascara-base-primer-per-mascara-12-5-ml\/"]}]},{"@type":"ImageObject","inLanguage":"it-IT","@id":"https:\/\/shopatoa.com\/it\/collistar-impeccabile-mascara-base-primer-per-mascara-12-5-ml\/#primaryimage","url":"https:\/\/storage.googleapis.com\/cz-shopatoa-img\/it\/9b9c2bb3-unnamed-file.webp","contentUrl":"https:\/\/storage.googleapis.com\/cz-shopatoa-img\/it\/9b9c2bb3-unnamed-file.webp","width":800,"height":800},{"@type":"BreadcrumbList","@id":"https:\/\/shopatoa.com\/it\/collistar-impeccabile-mascara-base-primer-per-mascara-12-5-ml\/#breadcrumb","itemListElement":[{"@type":"ListItem","position":1,"name":"Dom\u016f","item":"https:\/\/shopatoa.com\/it\/"},{"@type":"ListItem","position":2,"name":"Shop","item":"https:\/\/shopatoa.com\/it\/shop\/"},{"@type":"ListItem","position":3,"name":"Salute e bellezza","item":"https:\/\/shopatoa.com\/it\/salute-e-bellezza\/"},{"@type":"ListItem","position":4,"name":"Cura della persona","item":"https:\/\/shopatoa.com\/it\/cura-della-persona\/"},{"@type":"ListItem","position":5,"name":"Cosmetici","item":"https:\/\/shopatoa.com\/it\/cosmetici\/"},{"@type":"ListItem","position":6,"name":"Trucco","item":"https:\/\/shopatoa.com\/it\/trucco\/"},{"@type":"ListItem","position":7,"name":"Trucco degli occhi","item":"https:\/\/shopatoa.com\/it\/trucco-degli-occhi\/"},{"@type":"ListItem","position":8,"name":"Mascara","item":"https:\/\/shopatoa.com\/it\/mascara\/"},{"@type":"ListItem","position":9,"name":"Collistar Impeccabile Mascara Base primer per mascara 12.5 ml"}]},{"@type":"WebSite","@id":"https:\/\/shopatoa.com\/it\/#website","url":"https:\/\/shopatoa.com\/it\/","name":"SHOPATOA","description":"","publisher":{"@id":"https:\/\/shopatoa.com\/it\/#organization"},"potentialAction":[{"@type":"SearchAction","target":{"@type":"EntryPoint","urlTemplate":"https:\/\/shopatoa.com\/it\/?s={search_term_string}"},"query-input":{"@type":"PropertyValueSpecification","valueRequired":true,"valueName":"search_term_string"}}],"inLanguage":"it-IT"},{"@type":"Organization","@id":"https:\/\/shopatoa.com\/it\/#organization","name":"SHOPATOA","url":"https:\/\/shopatoa.com\/it\/","logo":{"@type":"ImageObject","inLanguage":"it-IT","@id":"https:\/\/shopatoa.com\/it\/#\/schema\/logo\/image\/","url":"https:\/\/storage.googleapis.com\/cz-shopatoa-img\/it\/4dc78fd5-shopatoa_logo.png","contentUrl":"https:\/\/storage.googleapis.com\/cz-shopatoa-img\/it\/4dc78fd5-shopatoa_logo.png","width":416,"height":63,"caption":"SHOPATOA"},"image":{"@id":"https:\/\/shopatoa.com\/it\/#\/schema\/logo\/image\/"}}]}},"_links":{"self":[{"href":"https:\/\/shopatoa.com\/it\/wp-json\/wp\/v2\/product\/75347","targetHints":{"allow":["GET"]}}],"collection":[{"href":"https:\/\/shopatoa.com\/it\/wp-json\/wp\/v2\/product"}],"about":[{"href":"https:\/\/shopatoa.com\/it\/wp-json\/wp\/v2\/types\/product"}],"replies":[{"embeddable":true,"href":"https:\/\/shopatoa.com\/it\/wp-json\/wp\/v2\/comments?post=75347"}],"wp:featuredmedia":[{"embeddable":true,"href":"https:\/\/shopatoa.com\/it\/wp-json\/wp\/v2\/media\/75348"}],"wp:attachment":[{"href":"https:\/\/shopatoa.com\/it\/wp-json\/wp\/v2\/media?parent=75347"}],"wp:term":[{"taxonomy":"product_brand","embeddable":true,"href":"https:\/\/shopatoa.com\/it\/wp-json\/wp\/v2\/product_brand?post=75347"},{"taxonomy":"product_cat","embeddable":true,"href":"https:\/\/shopatoa.com\/it\/wp-json\/wp\/v2\/product_cat?post=75347"},{"taxonomy":"product_tag","embeddable":true,"href":"https:\/\/shopatoa.com\/it\/wp-json\/wp\/v2\/product_tag?post=75347"}],"curies":[{"name":"wp","href":"https:\/\/api.w.org\/{rel}","templated":true}]}}