{"id":79483,"date":"2025-06-09T08:10:46","date_gmt":"2025-06-09T06:10:46","guid":{"rendered":"https:\/\/shopatoa.com\/it\/topicrem-gift-box-set-per-bebe-e-bambini\/"},"modified":"2025-06-09T08:11:26","modified_gmt":"2025-06-09T06:11:26","slug":"topicrem-gift-box-set-per-bebe-e-bambini","status":"publish","type":"product","link":"https:\/\/shopatoa.com\/it\/topicrem-gift-box-set-per-bebe-e-bambini\/","title":{"rendered":"Topicrem Gift Box set per beb\u00e8 e bambini"},"content":{"rendered":"<p>Topicrem Gift Box, 3 pz, Gel doccia per bambini per bambini, Rendi l\u2019igiene del neonato pi\u00f9 facile e piacevole per te o per una neomamma a cui tieni particolarmente. Il set per bambini Topicrem Gift Box \u00e8 pieno di prodotti essenziali che ogni mamma premurosa apprezzer\u00e0. Non si pu\u00f2 sbagliare mai con un set cos\u00ec pratico.  Caratteristiche:  nutre efficacemente facile da spalmare e di rapido assorbimento lava via lo sporco si sciacqua facilmente  Il set contiene:   Topicrem Soothing Cream crema rigenerante e lenitiva 100 ml  Topicrem BABY My 1st Ultra-Moisturizing Milk latte idratante per corpo e viso per pelli secche e sensibili 500 ml  Topicrem BABY My 1st Cleansing Gel 2in1 gel detergente per corpo e capelli per neonati 500 ml<\/p>\n","protected":false},"excerpt":{"rendered":"<p>Topicrem Gift Box, 3 pz, Gel doccia per bambini per bambini, Rendi l\u2019igiene del neonato pi\u00f9 facile e piacevole per te o per una neomamma a cui tieni particolarmente. Il set per bambini Topicrem Gift Box \u00e8 pieno di prodotti essenziali che ogni mamma premurosa apprezzer\u00e0. Non si pu\u00f2 sbagliare mai con un set cos\u00ec&#8230;<\/p>\n","protected":false},"featured_media":79484,"comment_status":"closed","ping_status":"open","template":"","meta":{"_acf_changed":false,"_kadence_starter_templates_imported_post":false,"_kad_post_transparent":"","_kad_post_title":"","_kad_post_layout":"","_kad_post_sidebar_id":"","_kad_post_content_style":"","_kad_post_vertical_padding":"","_kad_post_feature":"","_kad_post_feature_position":"","_kad_post_header":false,"_kad_post_footer":false,"_kad_post_classname":""},"product_brand":[668],"product_cat":[77,82,66,65],"product_tag":[],"class_list":{"0":"post-79483","1":"product","2":"type-product","3":"status-publish","4":"has-post-thumbnail","6":"product_brand-topicrem","7":"product_cat-cosmetici","8":"product_cat-cura-della-pelle","9":"product_cat-cura-della-persona","10":"product_cat-salute-e-bellezza","11":"pa_dimensioni-3-pz","12":"pa_genere-unisex","14":"first","15":"instock","16":"sale","17":"product-type-external","18":"entry","19":"content-bg","20":"loop-entry"},"acf":[],"yoast_head":"<!-- This site is optimized with the Yoast SEO plugin v27.4 - https:\/\/yoast.com\/product\/yoast-seo-wordpress\/ -->\n<title>Topicrem Gift Box set per beb\u00e8 e bambini - SHOPATOA.COM<\/title>\n<meta name=\"robots\" content=\"index, follow, max-snippet:-1, max-image-preview:large, max-video-preview:-1\" \/>\n<link rel=\"canonical\" href=\"https:\/\/shopatoa.com\/it\/topicrem-gift-box-set-per-bebe-e-bambini\/\" \/>\n<meta property=\"og:locale\" content=\"it_IT\" \/>\n<meta property=\"og:type\" content=\"article\" \/>\n<meta property=\"og:title\" content=\"Topicrem Gift Box set per beb\u00e8 e bambini - SHOPATOA.COM\" \/>\n<meta property=\"og:description\" content=\"Topicrem Gift Box, 3 pz, Gel doccia per bambini per bambini, Rendi l\u2019igiene del neonato pi\u00f9 facile e piacevole per te o per una neomamma a cui tieni particolarmente. Il set per bambini Topicrem Gift Box \u00e8 pieno di prodotti essenziali che ogni mamma premurosa apprezzer\u00e0. Non si pu\u00f2 sbagliare mai con un set cos\u00ec...\" \/>\n<meta property=\"og:url\" content=\"https:\/\/shopatoa.com\/it\/topicrem-gift-box-set-per-bebe-e-bambini\/\" \/>\n<meta property=\"og:site_name\" content=\"SHOPATOA\" \/>\n<meta property=\"article:modified_time\" content=\"2025-06-09T06:11:26+00:00\" \/>\n<meta property=\"og:image\" content=\"https:\/\/storage.googleapis.com\/cz-shopatoa-img\/it\/c8e9e894-unnamed-file.webp\" \/>\n\t<meta property=\"og:image:width\" content=\"800\" \/>\n\t<meta property=\"og:image:height\" content=\"800\" \/>\n\t<meta property=\"og:image:type\" content=\"image\/webp\" \/>\n<meta name=\"twitter:card\" content=\"summary_large_image\" \/>\n<meta name=\"twitter:label1\" content=\"Tempo di lettura stimato\" \/>\n\t<meta name=\"twitter:data1\" content=\"1 minuto\" \/>\n<script type=\"application\/ld+json\" class=\"yoast-schema-graph\">{\"@context\":\"https:\\\/\\\/schema.org\",\"@graph\":[{\"@type\":\"WebPage\",\"@id\":\"https:\\\/\\\/shopatoa.com\\\/it\\\/topicrem-gift-box-set-per-bebe-e-bambini\\\/\",\"url\":\"https:\\\/\\\/shopatoa.com\\\/it\\\/topicrem-gift-box-set-per-bebe-e-bambini\\\/\",\"name\":\"Topicrem Gift Box set per beb\u00e8 e bambini - SHOPATOA.COM\",\"isPartOf\":{\"@id\":\"https:\\\/\\\/shopatoa.com\\\/it\\\/#website\"},\"primaryImageOfPage\":{\"@id\":\"https:\\\/\\\/shopatoa.com\\\/it\\\/topicrem-gift-box-set-per-bebe-e-bambini\\\/#primaryimage\"},\"image\":{\"@id\":\"https:\\\/\\\/shopatoa.com\\\/it\\\/topicrem-gift-box-set-per-bebe-e-bambini\\\/#primaryimage\"},\"thumbnailUrl\":\"https:\\\/\\\/storage.googleapis.com\\\/cz-shopatoa-img\\\/it\\\/c8e9e894-unnamed-file.webp\",\"datePublished\":\"2025-06-09T06:10:46+00:00\",\"dateModified\":\"2025-06-09T06:11:26+00:00\",\"breadcrumb\":{\"@id\":\"https:\\\/\\\/shopatoa.com\\\/it\\\/topicrem-gift-box-set-per-bebe-e-bambini\\\/#breadcrumb\"},\"inLanguage\":\"it-IT\",\"potentialAction\":[{\"@type\":\"ReadAction\",\"target\":[\"https:\\\/\\\/shopatoa.com\\\/it\\\/topicrem-gift-box-set-per-bebe-e-bambini\\\/\"]}]},{\"@type\":\"ImageObject\",\"inLanguage\":\"it-IT\",\"@id\":\"https:\\\/\\\/shopatoa.com\\\/it\\\/topicrem-gift-box-set-per-bebe-e-bambini\\\/#primaryimage\",\"url\":\"https:\\\/\\\/storage.googleapis.com\\\/cz-shopatoa-img\\\/it\\\/c8e9e894-unnamed-file.webp\",\"contentUrl\":\"https:\\\/\\\/storage.googleapis.com\\\/cz-shopatoa-img\\\/it\\\/c8e9e894-unnamed-file.webp\",\"width\":800,\"height\":800},{\"@type\":\"BreadcrumbList\",\"@id\":\"https:\\\/\\\/shopatoa.com\\\/it\\\/topicrem-gift-box-set-per-bebe-e-bambini\\\/#breadcrumb\",\"itemListElement\":[{\"@type\":\"ListItem\",\"position\":1,\"name\":\"Dom\u016f\",\"item\":\"https:\\\/\\\/shopatoa.com\\\/it\\\/\"},{\"@type\":\"ListItem\",\"position\":2,\"name\":\"Shop\",\"item\":\"https:\\\/\\\/shopatoa.com\\\/it\\\/shop\\\/\"},{\"@type\":\"ListItem\",\"position\":3,\"name\":\"Topicrem Gift Box set per beb\u00e8 e bambini\"}]},{\"@type\":\"WebSite\",\"@id\":\"https:\\\/\\\/shopatoa.com\\\/it\\\/#website\",\"url\":\"https:\\\/\\\/shopatoa.com\\\/it\\\/\",\"name\":\"SHOPATOA\",\"description\":\"\",\"publisher\":{\"@id\":\"https:\\\/\\\/shopatoa.com\\\/it\\\/#organization\"},\"potentialAction\":[{\"@type\":\"SearchAction\",\"target\":{\"@type\":\"EntryPoint\",\"urlTemplate\":\"https:\\\/\\\/shopatoa.com\\\/it\\\/?s={search_term_string}\"},\"query-input\":{\"@type\":\"PropertyValueSpecification\",\"valueRequired\":true,\"valueName\":\"search_term_string\"}}],\"inLanguage\":\"it-IT\"},{\"@type\":\"Organization\",\"@id\":\"https:\\\/\\\/shopatoa.com\\\/it\\\/#organization\",\"name\":\"SHOPATOA\",\"url\":\"https:\\\/\\\/shopatoa.com\\\/it\\\/\",\"logo\":{\"@type\":\"ImageObject\",\"inLanguage\":\"it-IT\",\"@id\":\"https:\\\/\\\/shopatoa.com\\\/it\\\/#\\\/schema\\\/logo\\\/image\\\/\",\"url\":\"https:\\\/\\\/storage.googleapis.com\\\/cz-shopatoa-img\\\/it\\\/4dc78fd5-shopatoa_logo.png\",\"contentUrl\":\"https:\\\/\\\/storage.googleapis.com\\\/cz-shopatoa-img\\\/it\\\/4dc78fd5-shopatoa_logo.png\",\"width\":416,\"height\":63,\"caption\":\"SHOPATOA\"},\"image\":{\"@id\":\"https:\\\/\\\/shopatoa.com\\\/it\\\/#\\\/schema\\\/logo\\\/image\\\/\"}}]}<\/script>\n<!-- \/ Yoast SEO plugin. -->","yoast_head_json":{"title":"Topicrem Gift Box set per beb\u00e8 e bambini - SHOPATOA.COM","robots":{"index":"index","follow":"follow","max-snippet":"max-snippet:-1","max-image-preview":"max-image-preview:large","max-video-preview":"max-video-preview:-1"},"canonical":"https:\/\/shopatoa.com\/it\/topicrem-gift-box-set-per-bebe-e-bambini\/","og_locale":"it_IT","og_type":"article","og_title":"Topicrem Gift Box set per beb\u00e8 e bambini - SHOPATOA.COM","og_description":"Topicrem Gift Box, 3 pz, Gel doccia per bambini per bambini, Rendi l\u2019igiene del neonato pi\u00f9 facile e piacevole per te o per una neomamma a cui tieni particolarmente. Il set per bambini Topicrem Gift Box \u00e8 pieno di prodotti essenziali che ogni mamma premurosa apprezzer\u00e0. Non si pu\u00f2 sbagliare mai con un set cos\u00ec...","og_url":"https:\/\/shopatoa.com\/it\/topicrem-gift-box-set-per-bebe-e-bambini\/","og_site_name":"SHOPATOA","article_modified_time":"2025-06-09T06:11:26+00:00","og_image":[{"width":800,"height":800,"url":"https:\/\/storage.googleapis.com\/cz-shopatoa-img\/it\/c8e9e894-unnamed-file.webp","type":"image\/webp"}],"twitter_card":"summary_large_image","twitter_misc":{"Tempo di lettura stimato":"1 minuto"},"schema":{"@context":"https:\/\/schema.org","@graph":[{"@type":"WebPage","@id":"https:\/\/shopatoa.com\/it\/topicrem-gift-box-set-per-bebe-e-bambini\/","url":"https:\/\/shopatoa.com\/it\/topicrem-gift-box-set-per-bebe-e-bambini\/","name":"Topicrem Gift Box set per beb\u00e8 e bambini - SHOPATOA.COM","isPartOf":{"@id":"https:\/\/shopatoa.com\/it\/#website"},"primaryImageOfPage":{"@id":"https:\/\/shopatoa.com\/it\/topicrem-gift-box-set-per-bebe-e-bambini\/#primaryimage"},"image":{"@id":"https:\/\/shopatoa.com\/it\/topicrem-gift-box-set-per-bebe-e-bambini\/#primaryimage"},"thumbnailUrl":"https:\/\/storage.googleapis.com\/cz-shopatoa-img\/it\/c8e9e894-unnamed-file.webp","datePublished":"2025-06-09T06:10:46+00:00","dateModified":"2025-06-09T06:11:26+00:00","breadcrumb":{"@id":"https:\/\/shopatoa.com\/it\/topicrem-gift-box-set-per-bebe-e-bambini\/#breadcrumb"},"inLanguage":"it-IT","potentialAction":[{"@type":"ReadAction","target":["https:\/\/shopatoa.com\/it\/topicrem-gift-box-set-per-bebe-e-bambini\/"]}]},{"@type":"ImageObject","inLanguage":"it-IT","@id":"https:\/\/shopatoa.com\/it\/topicrem-gift-box-set-per-bebe-e-bambini\/#primaryimage","url":"https:\/\/storage.googleapis.com\/cz-shopatoa-img\/it\/c8e9e894-unnamed-file.webp","contentUrl":"https:\/\/storage.googleapis.com\/cz-shopatoa-img\/it\/c8e9e894-unnamed-file.webp","width":800,"height":800},{"@type":"BreadcrumbList","@id":"https:\/\/shopatoa.com\/it\/topicrem-gift-box-set-per-bebe-e-bambini\/#breadcrumb","itemListElement":[{"@type":"ListItem","position":1,"name":"Dom\u016f","item":"https:\/\/shopatoa.com\/it\/"},{"@type":"ListItem","position":2,"name":"Shop","item":"https:\/\/shopatoa.com\/it\/shop\/"},{"@type":"ListItem","position":3,"name":"Topicrem Gift Box set per beb\u00e8 e bambini"}]},{"@type":"WebSite","@id":"https:\/\/shopatoa.com\/it\/#website","url":"https:\/\/shopatoa.com\/it\/","name":"SHOPATOA","description":"","publisher":{"@id":"https:\/\/shopatoa.com\/it\/#organization"},"potentialAction":[{"@type":"SearchAction","target":{"@type":"EntryPoint","urlTemplate":"https:\/\/shopatoa.com\/it\/?s={search_term_string}"},"query-input":{"@type":"PropertyValueSpecification","valueRequired":true,"valueName":"search_term_string"}}],"inLanguage":"it-IT"},{"@type":"Organization","@id":"https:\/\/shopatoa.com\/it\/#organization","name":"SHOPATOA","url":"https:\/\/shopatoa.com\/it\/","logo":{"@type":"ImageObject","inLanguage":"it-IT","@id":"https:\/\/shopatoa.com\/it\/#\/schema\/logo\/image\/","url":"https:\/\/storage.googleapis.com\/cz-shopatoa-img\/it\/4dc78fd5-shopatoa_logo.png","contentUrl":"https:\/\/storage.googleapis.com\/cz-shopatoa-img\/it\/4dc78fd5-shopatoa_logo.png","width":416,"height":63,"caption":"SHOPATOA"},"image":{"@id":"https:\/\/shopatoa.com\/it\/#\/schema\/logo\/image\/"}}]}},"_links":{"self":[{"href":"https:\/\/shopatoa.com\/it\/wp-json\/wp\/v2\/product\/79483","targetHints":{"allow":["GET"]}}],"collection":[{"href":"https:\/\/shopatoa.com\/it\/wp-json\/wp\/v2\/product"}],"about":[{"href":"https:\/\/shopatoa.com\/it\/wp-json\/wp\/v2\/types\/product"}],"replies":[{"embeddable":true,"href":"https:\/\/shopatoa.com\/it\/wp-json\/wp\/v2\/comments?post=79483"}],"wp:featuredmedia":[{"embeddable":true,"href":"https:\/\/shopatoa.com\/it\/wp-json\/wp\/v2\/media\/79484"}],"wp:attachment":[{"href":"https:\/\/shopatoa.com\/it\/wp-json\/wp\/v2\/media?parent=79483"}],"wp:term":[{"taxonomy":"product_brand","embeddable":true,"href":"https:\/\/shopatoa.com\/it\/wp-json\/wp\/v2\/product_brand?post=79483"},{"taxonomy":"product_cat","embeddable":true,"href":"https:\/\/shopatoa.com\/it\/wp-json\/wp\/v2\/product_cat?post=79483"},{"taxonomy":"product_tag","embeddable":true,"href":"https:\/\/shopatoa.com\/it\/wp-json\/wp\/v2\/product_tag?post=79483"}],"curies":[{"name":"wp","href":"https:\/\/api.w.org\/{rel}","templated":true}]}}