{"id":80991,"date":"2025-06-09T09:30:36","date_gmt":"2025-06-09T07:30:36","guid":{"rendered":"https:\/\/shopatoa.com\/it\/lattafa-asad-confezione-regalo-per-uomo-3-pz\/"},"modified":"2026-04-16T01:37:11","modified_gmt":"2026-04-15T23:37:11","slug":"lattafa-asad-confezione-regalo-per-uomo-3-pz","status":"publish","type":"product","link":"https:\/\/shopatoa.com\/it\/lattafa-asad-confezione-regalo-per-uomo-3-pz\/","title":{"rendered":"Lattafa Asad confezione regalo per uomo 3 pz"},"content":{"rendered":"<p>Lattafa Asad, 3 pz, Set da uomo per uomo, Stai cercando il regalo perfetto per la tua dolce met\u00e0, tuo fratello, tuo padre o magari un tuo amico? Il set di profumi da uomo Lattafa Asad far\u00e0 sicuramente la gioia di ogni uomo. Regala alle persone pi\u00f9 care un set che include non una, ma diverse sorprese profumate.  Caratteristiche:  i cosmetici profumati prolungano la durata del profumo eccellente come regalo  Il set contiene:   Lattafa Asad Eau de Parfum 100 ml  spray corpo profumato 200 ml spray per capelli con profumazione 50 ml<\/p>\n","protected":false},"excerpt":{"rendered":"<p>Lattafa Asad, 3 pz, Set da uomo per uomo, Stai cercando il regalo perfetto per la tua dolce met\u00e0, tuo fratello, tuo padre o magari un tuo amico? Il set di profumi da uomo Lattafa Asad far\u00e0 sicuramente la gioia di ogni uomo. Regala alle persone pi\u00f9 care un set che include non una, ma&#8230;<\/p>\n","protected":false},"featured_media":80992,"comment_status":"closed","ping_status":"open","template":"","meta":{"_acf_changed":false,"_kadence_starter_templates_imported_post":false,"_kad_post_transparent":"","_kad_post_title":"","_kad_post_layout":"","_kad_post_sidebar_id":"","_kad_post_content_style":"","_kad_post_vertical_padding":"","_kad_post_feature":"","_kad_post_feature_position":"","_kad_post_header":false,"_kad_post_footer":false,"_kad_post_classname":""},"product_brand":[1120],"product_cat":[77,66,78,65],"product_tag":[],"class_list":{"0":"post-80991","1":"product","2":"type-product","3":"status-publish","4":"has-post-thumbnail","6":"product_brand-lattafa","7":"product_cat-cosmetici","8":"product_cat-cura-della-persona","9":"product_cat-kit-per-il-trucco","10":"product_cat-salute-e-bellezza","11":"pa_dimensioni-3-pz","12":"pa_genere-male","14":"first","15":"instock","16":"product-type-external","17":"entry","18":"content-bg","19":"loop-entry"},"acf":[],"yoast_head":"<!-- This site is optimized with the Yoast SEO plugin v27.4 - https:\/\/yoast.com\/product\/yoast-seo-wordpress\/ -->\n<title>Lattafa Asad confezione regalo per uomo 3 pz - SHOPATOA.COM<\/title>\n<meta name=\"robots\" content=\"index, follow, max-snippet:-1, max-image-preview:large, max-video-preview:-1\" \/>\n<link rel=\"canonical\" href=\"https:\/\/shopatoa.com\/it\/lattafa-asad-confezione-regalo-per-uomo-3-pz\/\" \/>\n<meta property=\"og:locale\" content=\"it_IT\" \/>\n<meta property=\"og:type\" content=\"article\" \/>\n<meta property=\"og:title\" content=\"Lattafa Asad confezione regalo per uomo 3 pz - SHOPATOA.COM\" \/>\n<meta property=\"og:description\" content=\"Lattafa Asad, 3 pz, Set da uomo per uomo, Stai cercando il regalo perfetto per la tua dolce met\u00e0, tuo fratello, tuo padre o magari un tuo amico? Il set di profumi da uomo Lattafa Asad far\u00e0 sicuramente la gioia di ogni uomo. Regala alle persone pi\u00f9 care un set che include non una, ma...\" \/>\n<meta property=\"og:url\" content=\"https:\/\/shopatoa.com\/it\/lattafa-asad-confezione-regalo-per-uomo-3-pz\/\" \/>\n<meta property=\"og:site_name\" content=\"SHOPATOA\" \/>\n<meta property=\"article:modified_time\" content=\"2026-04-15T23:37:11+00:00\" \/>\n<meta property=\"og:image\" content=\"https:\/\/storage.googleapis.com\/cz-shopatoa-img\/it\/701e3966-unnamed-file.webp\" \/>\n\t<meta property=\"og:image:width\" content=\"800\" \/>\n\t<meta property=\"og:image:height\" content=\"800\" \/>\n\t<meta property=\"og:image:type\" content=\"image\/webp\" \/>\n<meta name=\"twitter:card\" content=\"summary_large_image\" \/>\n<script type=\"application\/ld+json\" class=\"yoast-schema-graph\">{\"@context\":\"https:\\\/\\\/schema.org\",\"@graph\":[{\"@type\":\"WebPage\",\"@id\":\"https:\\\/\\\/shopatoa.com\\\/it\\\/lattafa-asad-confezione-regalo-per-uomo-3-pz\\\/\",\"url\":\"https:\\\/\\\/shopatoa.com\\\/it\\\/lattafa-asad-confezione-regalo-per-uomo-3-pz\\\/\",\"name\":\"Lattafa Asad confezione regalo per uomo 3 pz - SHOPATOA.COM\",\"isPartOf\":{\"@id\":\"https:\\\/\\\/shopatoa.com\\\/it\\\/#website\"},\"primaryImageOfPage\":{\"@id\":\"https:\\\/\\\/shopatoa.com\\\/it\\\/lattafa-asad-confezione-regalo-per-uomo-3-pz\\\/#primaryimage\"},\"image\":{\"@id\":\"https:\\\/\\\/shopatoa.com\\\/it\\\/lattafa-asad-confezione-regalo-per-uomo-3-pz\\\/#primaryimage\"},\"thumbnailUrl\":\"https:\\\/\\\/storage.googleapis.com\\\/cz-shopatoa-img\\\/it\\\/701e3966-unnamed-file.webp\",\"datePublished\":\"2025-06-09T07:30:36+00:00\",\"dateModified\":\"2026-04-15T23:37:11+00:00\",\"breadcrumb\":{\"@id\":\"https:\\\/\\\/shopatoa.com\\\/it\\\/lattafa-asad-confezione-regalo-per-uomo-3-pz\\\/#breadcrumb\"},\"inLanguage\":\"it-IT\",\"potentialAction\":[{\"@type\":\"ReadAction\",\"target\":[\"https:\\\/\\\/shopatoa.com\\\/it\\\/lattafa-asad-confezione-regalo-per-uomo-3-pz\\\/\"]}]},{\"@type\":\"ImageObject\",\"inLanguage\":\"it-IT\",\"@id\":\"https:\\\/\\\/shopatoa.com\\\/it\\\/lattafa-asad-confezione-regalo-per-uomo-3-pz\\\/#primaryimage\",\"url\":\"https:\\\/\\\/storage.googleapis.com\\\/cz-shopatoa-img\\\/it\\\/701e3966-unnamed-file.webp\",\"contentUrl\":\"https:\\\/\\\/storage.googleapis.com\\\/cz-shopatoa-img\\\/it\\\/701e3966-unnamed-file.webp\",\"width\":800,\"height\":800},{\"@type\":\"BreadcrumbList\",\"@id\":\"https:\\\/\\\/shopatoa.com\\\/it\\\/lattafa-asad-confezione-regalo-per-uomo-3-pz\\\/#breadcrumb\",\"itemListElement\":[{\"@type\":\"ListItem\",\"position\":1,\"name\":\"Dom\u016f\",\"item\":\"https:\\\/\\\/shopatoa.com\\\/it\\\/\"},{\"@type\":\"ListItem\",\"position\":2,\"name\":\"Shop\",\"item\":\"https:\\\/\\\/shopatoa.com\\\/it\\\/shop\\\/\"},{\"@type\":\"ListItem\",\"position\":3,\"name\":\"Salute e bellezza\",\"item\":\"https:\\\/\\\/shopatoa.com\\\/it\\\/salute-e-bellezza\\\/\"},{\"@type\":\"ListItem\",\"position\":4,\"name\":\"Cura della persona\",\"item\":\"https:\\\/\\\/shopatoa.com\\\/it\\\/cura-della-persona\\\/\"},{\"@type\":\"ListItem\",\"position\":5,\"name\":\"Cosmetici\",\"item\":\"https:\\\/\\\/shopatoa.com\\\/it\\\/cosmetici\\\/\"},{\"@type\":\"ListItem\",\"position\":6,\"name\":\"Kit per il trucco\",\"item\":\"https:\\\/\\\/shopatoa.com\\\/it\\\/kit-per-il-trucco\\\/\"},{\"@type\":\"ListItem\",\"position\":7,\"name\":\"Lattafa Asad confezione regalo per uomo 3 pz\"}]},{\"@type\":\"WebSite\",\"@id\":\"https:\\\/\\\/shopatoa.com\\\/it\\\/#website\",\"url\":\"https:\\\/\\\/shopatoa.com\\\/it\\\/\",\"name\":\"SHOPATOA\",\"description\":\"\",\"publisher\":{\"@id\":\"https:\\\/\\\/shopatoa.com\\\/it\\\/#organization\"},\"potentialAction\":[{\"@type\":\"SearchAction\",\"target\":{\"@type\":\"EntryPoint\",\"urlTemplate\":\"https:\\\/\\\/shopatoa.com\\\/it\\\/?s={search_term_string}\"},\"query-input\":{\"@type\":\"PropertyValueSpecification\",\"valueRequired\":true,\"valueName\":\"search_term_string\"}}],\"inLanguage\":\"it-IT\"},{\"@type\":\"Organization\",\"@id\":\"https:\\\/\\\/shopatoa.com\\\/it\\\/#organization\",\"name\":\"SHOPATOA\",\"url\":\"https:\\\/\\\/shopatoa.com\\\/it\\\/\",\"logo\":{\"@type\":\"ImageObject\",\"inLanguage\":\"it-IT\",\"@id\":\"https:\\\/\\\/shopatoa.com\\\/it\\\/#\\\/schema\\\/logo\\\/image\\\/\",\"url\":\"https:\\\/\\\/storage.googleapis.com\\\/cz-shopatoa-img\\\/it\\\/4dc78fd5-shopatoa_logo.png\",\"contentUrl\":\"https:\\\/\\\/storage.googleapis.com\\\/cz-shopatoa-img\\\/it\\\/4dc78fd5-shopatoa_logo.png\",\"width\":416,\"height\":63,\"caption\":\"SHOPATOA\"},\"image\":{\"@id\":\"https:\\\/\\\/shopatoa.com\\\/it\\\/#\\\/schema\\\/logo\\\/image\\\/\"}}]}<\/script>\n<!-- \/ Yoast SEO plugin. -->","yoast_head_json":{"title":"Lattafa Asad confezione regalo per uomo 3 pz - SHOPATOA.COM","robots":{"index":"index","follow":"follow","max-snippet":"max-snippet:-1","max-image-preview":"max-image-preview:large","max-video-preview":"max-video-preview:-1"},"canonical":"https:\/\/shopatoa.com\/it\/lattafa-asad-confezione-regalo-per-uomo-3-pz\/","og_locale":"it_IT","og_type":"article","og_title":"Lattafa Asad confezione regalo per uomo 3 pz - SHOPATOA.COM","og_description":"Lattafa Asad, 3 pz, Set da uomo per uomo, Stai cercando il regalo perfetto per la tua dolce met\u00e0, tuo fratello, tuo padre o magari un tuo amico? Il set di profumi da uomo Lattafa Asad far\u00e0 sicuramente la gioia di ogni uomo. Regala alle persone pi\u00f9 care un set che include non una, ma...","og_url":"https:\/\/shopatoa.com\/it\/lattafa-asad-confezione-regalo-per-uomo-3-pz\/","og_site_name":"SHOPATOA","article_modified_time":"2026-04-15T23:37:11+00:00","og_image":[{"width":800,"height":800,"url":"https:\/\/storage.googleapis.com\/cz-shopatoa-img\/it\/701e3966-unnamed-file.webp","type":"image\/webp"}],"twitter_card":"summary_large_image","schema":{"@context":"https:\/\/schema.org","@graph":[{"@type":"WebPage","@id":"https:\/\/shopatoa.com\/it\/lattafa-asad-confezione-regalo-per-uomo-3-pz\/","url":"https:\/\/shopatoa.com\/it\/lattafa-asad-confezione-regalo-per-uomo-3-pz\/","name":"Lattafa Asad confezione regalo per uomo 3 pz - SHOPATOA.COM","isPartOf":{"@id":"https:\/\/shopatoa.com\/it\/#website"},"primaryImageOfPage":{"@id":"https:\/\/shopatoa.com\/it\/lattafa-asad-confezione-regalo-per-uomo-3-pz\/#primaryimage"},"image":{"@id":"https:\/\/shopatoa.com\/it\/lattafa-asad-confezione-regalo-per-uomo-3-pz\/#primaryimage"},"thumbnailUrl":"https:\/\/storage.googleapis.com\/cz-shopatoa-img\/it\/701e3966-unnamed-file.webp","datePublished":"2025-06-09T07:30:36+00:00","dateModified":"2026-04-15T23:37:11+00:00","breadcrumb":{"@id":"https:\/\/shopatoa.com\/it\/lattafa-asad-confezione-regalo-per-uomo-3-pz\/#breadcrumb"},"inLanguage":"it-IT","potentialAction":[{"@type":"ReadAction","target":["https:\/\/shopatoa.com\/it\/lattafa-asad-confezione-regalo-per-uomo-3-pz\/"]}]},{"@type":"ImageObject","inLanguage":"it-IT","@id":"https:\/\/shopatoa.com\/it\/lattafa-asad-confezione-regalo-per-uomo-3-pz\/#primaryimage","url":"https:\/\/storage.googleapis.com\/cz-shopatoa-img\/it\/701e3966-unnamed-file.webp","contentUrl":"https:\/\/storage.googleapis.com\/cz-shopatoa-img\/it\/701e3966-unnamed-file.webp","width":800,"height":800},{"@type":"BreadcrumbList","@id":"https:\/\/shopatoa.com\/it\/lattafa-asad-confezione-regalo-per-uomo-3-pz\/#breadcrumb","itemListElement":[{"@type":"ListItem","position":1,"name":"Dom\u016f","item":"https:\/\/shopatoa.com\/it\/"},{"@type":"ListItem","position":2,"name":"Shop","item":"https:\/\/shopatoa.com\/it\/shop\/"},{"@type":"ListItem","position":3,"name":"Salute e bellezza","item":"https:\/\/shopatoa.com\/it\/salute-e-bellezza\/"},{"@type":"ListItem","position":4,"name":"Cura della persona","item":"https:\/\/shopatoa.com\/it\/cura-della-persona\/"},{"@type":"ListItem","position":5,"name":"Cosmetici","item":"https:\/\/shopatoa.com\/it\/cosmetici\/"},{"@type":"ListItem","position":6,"name":"Kit per il trucco","item":"https:\/\/shopatoa.com\/it\/kit-per-il-trucco\/"},{"@type":"ListItem","position":7,"name":"Lattafa Asad confezione regalo per uomo 3 pz"}]},{"@type":"WebSite","@id":"https:\/\/shopatoa.com\/it\/#website","url":"https:\/\/shopatoa.com\/it\/","name":"SHOPATOA","description":"","publisher":{"@id":"https:\/\/shopatoa.com\/it\/#organization"},"potentialAction":[{"@type":"SearchAction","target":{"@type":"EntryPoint","urlTemplate":"https:\/\/shopatoa.com\/it\/?s={search_term_string}"},"query-input":{"@type":"PropertyValueSpecification","valueRequired":true,"valueName":"search_term_string"}}],"inLanguage":"it-IT"},{"@type":"Organization","@id":"https:\/\/shopatoa.com\/it\/#organization","name":"SHOPATOA","url":"https:\/\/shopatoa.com\/it\/","logo":{"@type":"ImageObject","inLanguage":"it-IT","@id":"https:\/\/shopatoa.com\/it\/#\/schema\/logo\/image\/","url":"https:\/\/storage.googleapis.com\/cz-shopatoa-img\/it\/4dc78fd5-shopatoa_logo.png","contentUrl":"https:\/\/storage.googleapis.com\/cz-shopatoa-img\/it\/4dc78fd5-shopatoa_logo.png","width":416,"height":63,"caption":"SHOPATOA"},"image":{"@id":"https:\/\/shopatoa.com\/it\/#\/schema\/logo\/image\/"}}]}},"_links":{"self":[{"href":"https:\/\/shopatoa.com\/it\/wp-json\/wp\/v2\/product\/80991","targetHints":{"allow":["GET"]}}],"collection":[{"href":"https:\/\/shopatoa.com\/it\/wp-json\/wp\/v2\/product"}],"about":[{"href":"https:\/\/shopatoa.com\/it\/wp-json\/wp\/v2\/types\/product"}],"replies":[{"embeddable":true,"href":"https:\/\/shopatoa.com\/it\/wp-json\/wp\/v2\/comments?post=80991"}],"wp:featuredmedia":[{"embeddable":true,"href":"https:\/\/shopatoa.com\/it\/wp-json\/wp\/v2\/media\/80992"}],"wp:attachment":[{"href":"https:\/\/shopatoa.com\/it\/wp-json\/wp\/v2\/media?parent=80991"}],"wp:term":[{"taxonomy":"product_brand","embeddable":true,"href":"https:\/\/shopatoa.com\/it\/wp-json\/wp\/v2\/product_brand?post=80991"},{"taxonomy":"product_cat","embeddable":true,"href":"https:\/\/shopatoa.com\/it\/wp-json\/wp\/v2\/product_cat?post=80991"},{"taxonomy":"product_tag","embeddable":true,"href":"https:\/\/shopatoa.com\/it\/wp-json\/wp\/v2\/product_tag?post=80991"}],"curies":[{"name":"wp","href":"https:\/\/api.w.org\/{rel}","templated":true}]}}