{"id":86189,"date":"2025-06-09T14:08:55","date_gmt":"2025-06-09T12:08:55","guid":{"rendered":"https:\/\/shopatoa.com\/it\/small-foot-babys-first-toy-set-set-per-bebe-2-m\/"},"modified":"2025-06-09T14:08:59","modified_gmt":"2025-06-09T12:08:59","slug":"small-foot-babys-first-toy-set-set-per-bebe-2-m","status":"publish","type":"product","link":"https:\/\/shopatoa.com\/it\/small-foot-babys-first-toy-set-set-per-bebe-2-m\/","title":{"rendered":"Small foot Baby&#8217;s First Toy Set set per beb\u00e8 2 m+"},"content":{"rendered":"<p>Small foot Baby&#8217;s First Toy Set, 3 pz, Giocattoli in legno per bambini, Questo non \u00e8 solo un giocattolo per intrattenere i bambini, ma anche uno strumento che aiuta a massaggiare le gengive e ad alleviare il dolore durante il periodo della dentizione. Il massaggiagengive Small foot Baby&#8217;s First Toy Set ha un design giocoso ed \u00e8 facile da tenere anche nelle piccole mani del bambino.  Caratteristiche:  eccellente come regalo aiuta ad alleviare il dolore alle gengive durante il periodo della dentizione massaggiagengive con sonaglio materiale resistente ai morsi il massaggiagengive \u00e8 leggero pu\u00f2 essere afferrato bene dalle piccole mani dei bambini sviluppo delle capacit\u00e0 motorie fini versione colorata cattura l\u2019attenzione del bambino i colori contrastanti suscitano l\u2019interesse del bambino e aiutano lo sviluppo della sua vista sviluppano la capacit\u00e0 del bambino di concentrarsi attentamente  Il set contiene:  giocattolo 1 pz dentaruolo con sonaglio 1 pz asciugamano 1 pz<\/p>\n","protected":false},"excerpt":{"rendered":"<p>Small foot Baby&#8217;s First Toy Set, 3 pz, Giocattoli in legno per bambini, Questo non \u00e8 solo un giocattolo per intrattenere i bambini, ma anche uno strumento che aiuta a massaggiare le gengive e ad alleviare il dolore durante il periodo della dentizione. Il massaggiagengive Small foot Baby&#8217;s First Toy Set ha un design giocoso&#8230;<\/p>\n","protected":false},"featured_media":86190,"comment_status":"closed","ping_status":"open","template":"","meta":{"_acf_changed":false,"_kadence_starter_templates_imported_post":false,"_kad_post_transparent":"","_kad_post_title":"","_kad_post_layout":"","_kad_post_sidebar_id":"","_kad_post_content_style":"","_kad_post_vertical_padding":"","_kad_post_feature":"","_kad_post_feature_position":"","_kad_post_header":false,"_kad_post_footer":false,"_kad_post_classname":""},"product_brand":[1642],"product_cat":[65],"product_tag":[],"class_list":{"0":"post-86189","1":"product","2":"type-product","3":"status-publish","4":"has-post-thumbnail","6":"product_brand-small-foot","7":"product_cat-salute-e-bellezza","8":"pa_dimensioni-3-pz","9":"pa_genere-unisex","11":"first","12":"instock","13":"sale","14":"product-type-external","15":"entry","16":"content-bg","17":"loop-entry"},"acf":[],"yoast_head":"<!-- This site is optimized with the Yoast SEO plugin v27.4 - https:\/\/yoast.com\/product\/yoast-seo-wordpress\/ -->\n<title>Small foot Baby&#039;s First Toy Set set per beb\u00e8 2 m+ - SHOPATOA.COM<\/title>\n<meta name=\"robots\" content=\"index, follow, max-snippet:-1, max-image-preview:large, max-video-preview:-1\" \/>\n<link rel=\"canonical\" href=\"https:\/\/shopatoa.com\/it\/small-foot-babys-first-toy-set-set-per-bebe-2-m\/\" \/>\n<meta property=\"og:locale\" content=\"it_IT\" \/>\n<meta property=\"og:type\" content=\"article\" \/>\n<meta property=\"og:title\" content=\"Small foot Baby&#039;s First Toy Set set per beb\u00e8 2 m+ - SHOPATOA.COM\" \/>\n<meta property=\"og:description\" content=\"Small foot Baby&#8217;s First Toy Set, 3 pz, Giocattoli in legno per bambini, Questo non \u00e8 solo un giocattolo per intrattenere i bambini, ma anche uno strumento che aiuta a massaggiare le gengive e ad alleviare il dolore durante il periodo della dentizione. Il massaggiagengive Small foot Baby&#8217;s First Toy Set ha un design giocoso...\" \/>\n<meta property=\"og:url\" content=\"https:\/\/shopatoa.com\/it\/small-foot-babys-first-toy-set-set-per-bebe-2-m\/\" \/>\n<meta property=\"og:site_name\" content=\"SHOPATOA\" \/>\n<meta property=\"article:modified_time\" content=\"2025-06-09T12:08:59+00:00\" \/>\n<meta property=\"og:image\" content=\"https:\/\/storage.googleapis.com\/cz-shopatoa-img\/it\/9820ca84-unnamed-file.webp\" \/>\n\t<meta property=\"og:image:width\" content=\"800\" \/>\n\t<meta property=\"og:image:height\" content=\"800\" \/>\n\t<meta property=\"og:image:type\" content=\"image\/webp\" \/>\n<meta name=\"twitter:card\" content=\"summary_large_image\" \/>\n<meta name=\"twitter:label1\" content=\"Tempo di lettura stimato\" \/>\n\t<meta name=\"twitter:data1\" content=\"1 minuto\" \/>\n<script type=\"application\/ld+json\" class=\"yoast-schema-graph\">{\"@context\":\"https:\\\/\\\/schema.org\",\"@graph\":[{\"@type\":\"WebPage\",\"@id\":\"https:\\\/\\\/shopatoa.com\\\/it\\\/small-foot-babys-first-toy-set-set-per-bebe-2-m\\\/\",\"url\":\"https:\\\/\\\/shopatoa.com\\\/it\\\/small-foot-babys-first-toy-set-set-per-bebe-2-m\\\/\",\"name\":\"Small foot Baby's First Toy Set set per beb\u00e8 2 m+ - SHOPATOA.COM\",\"isPartOf\":{\"@id\":\"https:\\\/\\\/shopatoa.com\\\/it\\\/#website\"},\"primaryImageOfPage\":{\"@id\":\"https:\\\/\\\/shopatoa.com\\\/it\\\/small-foot-babys-first-toy-set-set-per-bebe-2-m\\\/#primaryimage\"},\"image\":{\"@id\":\"https:\\\/\\\/shopatoa.com\\\/it\\\/small-foot-babys-first-toy-set-set-per-bebe-2-m\\\/#primaryimage\"},\"thumbnailUrl\":\"https:\\\/\\\/storage.googleapis.com\\\/cz-shopatoa-img\\\/it\\\/9820ca84-unnamed-file.webp\",\"datePublished\":\"2025-06-09T12:08:55+00:00\",\"dateModified\":\"2025-06-09T12:08:59+00:00\",\"breadcrumb\":{\"@id\":\"https:\\\/\\\/shopatoa.com\\\/it\\\/small-foot-babys-first-toy-set-set-per-bebe-2-m\\\/#breadcrumb\"},\"inLanguage\":\"it-IT\",\"potentialAction\":[{\"@type\":\"ReadAction\",\"target\":[\"https:\\\/\\\/shopatoa.com\\\/it\\\/small-foot-babys-first-toy-set-set-per-bebe-2-m\\\/\"]}]},{\"@type\":\"ImageObject\",\"inLanguage\":\"it-IT\",\"@id\":\"https:\\\/\\\/shopatoa.com\\\/it\\\/small-foot-babys-first-toy-set-set-per-bebe-2-m\\\/#primaryimage\",\"url\":\"https:\\\/\\\/storage.googleapis.com\\\/cz-shopatoa-img\\\/it\\\/9820ca84-unnamed-file.webp\",\"contentUrl\":\"https:\\\/\\\/storage.googleapis.com\\\/cz-shopatoa-img\\\/it\\\/9820ca84-unnamed-file.webp\",\"width\":800,\"height\":800},{\"@type\":\"BreadcrumbList\",\"@id\":\"https:\\\/\\\/shopatoa.com\\\/it\\\/small-foot-babys-first-toy-set-set-per-bebe-2-m\\\/#breadcrumb\",\"itemListElement\":[{\"@type\":\"ListItem\",\"position\":1,\"name\":\"Dom\u016f\",\"item\":\"https:\\\/\\\/shopatoa.com\\\/it\\\/\"},{\"@type\":\"ListItem\",\"position\":2,\"name\":\"Shop\",\"item\":\"https:\\\/\\\/shopatoa.com\\\/it\\\/shop\\\/\"},{\"@type\":\"ListItem\",\"position\":3,\"name\":\"Small foot Baby&#8217;s First Toy Set set per beb\u00e8 2 m+\"}]},{\"@type\":\"WebSite\",\"@id\":\"https:\\\/\\\/shopatoa.com\\\/it\\\/#website\",\"url\":\"https:\\\/\\\/shopatoa.com\\\/it\\\/\",\"name\":\"SHOPATOA\",\"description\":\"\",\"publisher\":{\"@id\":\"https:\\\/\\\/shopatoa.com\\\/it\\\/#organization\"},\"potentialAction\":[{\"@type\":\"SearchAction\",\"target\":{\"@type\":\"EntryPoint\",\"urlTemplate\":\"https:\\\/\\\/shopatoa.com\\\/it\\\/?s={search_term_string}\"},\"query-input\":{\"@type\":\"PropertyValueSpecification\",\"valueRequired\":true,\"valueName\":\"search_term_string\"}}],\"inLanguage\":\"it-IT\"},{\"@type\":\"Organization\",\"@id\":\"https:\\\/\\\/shopatoa.com\\\/it\\\/#organization\",\"name\":\"SHOPATOA\",\"url\":\"https:\\\/\\\/shopatoa.com\\\/it\\\/\",\"logo\":{\"@type\":\"ImageObject\",\"inLanguage\":\"it-IT\",\"@id\":\"https:\\\/\\\/shopatoa.com\\\/it\\\/#\\\/schema\\\/logo\\\/image\\\/\",\"url\":\"https:\\\/\\\/storage.googleapis.com\\\/cz-shopatoa-img\\\/it\\\/4dc78fd5-shopatoa_logo.png\",\"contentUrl\":\"https:\\\/\\\/storage.googleapis.com\\\/cz-shopatoa-img\\\/it\\\/4dc78fd5-shopatoa_logo.png\",\"width\":416,\"height\":63,\"caption\":\"SHOPATOA\"},\"image\":{\"@id\":\"https:\\\/\\\/shopatoa.com\\\/it\\\/#\\\/schema\\\/logo\\\/image\\\/\"}}]}<\/script>\n<!-- \/ Yoast SEO plugin. -->","yoast_head_json":{"title":"Small foot Baby's First Toy Set set per beb\u00e8 2 m+ - SHOPATOA.COM","robots":{"index":"index","follow":"follow","max-snippet":"max-snippet:-1","max-image-preview":"max-image-preview:large","max-video-preview":"max-video-preview:-1"},"canonical":"https:\/\/shopatoa.com\/it\/small-foot-babys-first-toy-set-set-per-bebe-2-m\/","og_locale":"it_IT","og_type":"article","og_title":"Small foot Baby's First Toy Set set per beb\u00e8 2 m+ - SHOPATOA.COM","og_description":"Small foot Baby&#8217;s First Toy Set, 3 pz, Giocattoli in legno per bambini, Questo non \u00e8 solo un giocattolo per intrattenere i bambini, ma anche uno strumento che aiuta a massaggiare le gengive e ad alleviare il dolore durante il periodo della dentizione. Il massaggiagengive Small foot Baby&#8217;s First Toy Set ha un design giocoso...","og_url":"https:\/\/shopatoa.com\/it\/small-foot-babys-first-toy-set-set-per-bebe-2-m\/","og_site_name":"SHOPATOA","article_modified_time":"2025-06-09T12:08:59+00:00","og_image":[{"width":800,"height":800,"url":"https:\/\/storage.googleapis.com\/cz-shopatoa-img\/it\/9820ca84-unnamed-file.webp","type":"image\/webp"}],"twitter_card":"summary_large_image","twitter_misc":{"Tempo di lettura stimato":"1 minuto"},"schema":{"@context":"https:\/\/schema.org","@graph":[{"@type":"WebPage","@id":"https:\/\/shopatoa.com\/it\/small-foot-babys-first-toy-set-set-per-bebe-2-m\/","url":"https:\/\/shopatoa.com\/it\/small-foot-babys-first-toy-set-set-per-bebe-2-m\/","name":"Small foot Baby's First Toy Set set per beb\u00e8 2 m+ - SHOPATOA.COM","isPartOf":{"@id":"https:\/\/shopatoa.com\/it\/#website"},"primaryImageOfPage":{"@id":"https:\/\/shopatoa.com\/it\/small-foot-babys-first-toy-set-set-per-bebe-2-m\/#primaryimage"},"image":{"@id":"https:\/\/shopatoa.com\/it\/small-foot-babys-first-toy-set-set-per-bebe-2-m\/#primaryimage"},"thumbnailUrl":"https:\/\/storage.googleapis.com\/cz-shopatoa-img\/it\/9820ca84-unnamed-file.webp","datePublished":"2025-06-09T12:08:55+00:00","dateModified":"2025-06-09T12:08:59+00:00","breadcrumb":{"@id":"https:\/\/shopatoa.com\/it\/small-foot-babys-first-toy-set-set-per-bebe-2-m\/#breadcrumb"},"inLanguage":"it-IT","potentialAction":[{"@type":"ReadAction","target":["https:\/\/shopatoa.com\/it\/small-foot-babys-first-toy-set-set-per-bebe-2-m\/"]}]},{"@type":"ImageObject","inLanguage":"it-IT","@id":"https:\/\/shopatoa.com\/it\/small-foot-babys-first-toy-set-set-per-bebe-2-m\/#primaryimage","url":"https:\/\/storage.googleapis.com\/cz-shopatoa-img\/it\/9820ca84-unnamed-file.webp","contentUrl":"https:\/\/storage.googleapis.com\/cz-shopatoa-img\/it\/9820ca84-unnamed-file.webp","width":800,"height":800},{"@type":"BreadcrumbList","@id":"https:\/\/shopatoa.com\/it\/small-foot-babys-first-toy-set-set-per-bebe-2-m\/#breadcrumb","itemListElement":[{"@type":"ListItem","position":1,"name":"Dom\u016f","item":"https:\/\/shopatoa.com\/it\/"},{"@type":"ListItem","position":2,"name":"Shop","item":"https:\/\/shopatoa.com\/it\/shop\/"},{"@type":"ListItem","position":3,"name":"Small foot Baby&#8217;s First Toy Set set per beb\u00e8 2 m+"}]},{"@type":"WebSite","@id":"https:\/\/shopatoa.com\/it\/#website","url":"https:\/\/shopatoa.com\/it\/","name":"SHOPATOA","description":"","publisher":{"@id":"https:\/\/shopatoa.com\/it\/#organization"},"potentialAction":[{"@type":"SearchAction","target":{"@type":"EntryPoint","urlTemplate":"https:\/\/shopatoa.com\/it\/?s={search_term_string}"},"query-input":{"@type":"PropertyValueSpecification","valueRequired":true,"valueName":"search_term_string"}}],"inLanguage":"it-IT"},{"@type":"Organization","@id":"https:\/\/shopatoa.com\/it\/#organization","name":"SHOPATOA","url":"https:\/\/shopatoa.com\/it\/","logo":{"@type":"ImageObject","inLanguage":"it-IT","@id":"https:\/\/shopatoa.com\/it\/#\/schema\/logo\/image\/","url":"https:\/\/storage.googleapis.com\/cz-shopatoa-img\/it\/4dc78fd5-shopatoa_logo.png","contentUrl":"https:\/\/storage.googleapis.com\/cz-shopatoa-img\/it\/4dc78fd5-shopatoa_logo.png","width":416,"height":63,"caption":"SHOPATOA"},"image":{"@id":"https:\/\/shopatoa.com\/it\/#\/schema\/logo\/image\/"}}]}},"_links":{"self":[{"href":"https:\/\/shopatoa.com\/it\/wp-json\/wp\/v2\/product\/86189","targetHints":{"allow":["GET"]}}],"collection":[{"href":"https:\/\/shopatoa.com\/it\/wp-json\/wp\/v2\/product"}],"about":[{"href":"https:\/\/shopatoa.com\/it\/wp-json\/wp\/v2\/types\/product"}],"replies":[{"embeddable":true,"href":"https:\/\/shopatoa.com\/it\/wp-json\/wp\/v2\/comments?post=86189"}],"wp:featuredmedia":[{"embeddable":true,"href":"https:\/\/shopatoa.com\/it\/wp-json\/wp\/v2\/media\/86190"}],"wp:attachment":[{"href":"https:\/\/shopatoa.com\/it\/wp-json\/wp\/v2\/media?parent=86189"}],"wp:term":[{"taxonomy":"product_brand","embeddable":true,"href":"https:\/\/shopatoa.com\/it\/wp-json\/wp\/v2\/product_brand?post=86189"},{"taxonomy":"product_cat","embeddable":true,"href":"https:\/\/shopatoa.com\/it\/wp-json\/wp\/v2\/product_cat?post=86189"},{"taxonomy":"product_tag","embeddable":true,"href":"https:\/\/shopatoa.com\/it\/wp-json\/wp\/v2\/product_tag?post=86189"}],"curies":[{"name":"wp","href":"https:\/\/api.w.org\/{rel}","templated":true}]}}