{"id":87271,"date":"2025-06-09T15:11:57","date_gmt":"2025-06-09T13:11:57","guid":{"rendered":"https:\/\/shopatoa.com\/it\/collistar-sun-kit-confezione-regalo-solare\/"},"modified":"2025-06-09T15:12:13","modified_gmt":"2025-06-09T13:12:13","slug":"collistar-sun-kit-confezione-regalo-solare","status":"publish","type":"product","link":"https:\/\/shopatoa.com\/it\/collistar-sun-kit-confezione-regalo-solare\/","title":{"rendered":"Collistar Sun Kit confezione regalo solare"},"content":{"rendered":"<p>Collistar Sun Kit, 2&#215;150 ml, Prodotti doposole per donna, Affinch\u00e9 la pelle del tuo corpo non soffra a causa dell\u2019esposizione al sole, \u00e8 importante prendersene cura non solo prima dell\u2019esposizione al sole ma anche dopo. Il prodotto doposole Collistar Sun Kit si occuper\u00e0 di lenire complessivamente e reintegrare l\u2019umidit\u00e0 perduta, aiuter\u00e0 la pelle a rigenerarsi e contribuir\u00e0 a ridurre gli arrossamenti.  Il set contiene:   Collistar Special Perfect Tan After Shower-Shampoo Moisturizing Restorative gel doccia doposole per corpo e capelli 150 ml  Collistar Tanning Moisturizing Milk Spray latte abbronzante idratante 150 ml  Caratteristiche:  ripara i capelli esposti all&#8217;acqua salata o con cloro dona l&#8217;idratazione necessaria alla pelle protegge la pelle dai raggi UVA e UVB favorisce il naturale processo di abbronzatura pu\u00f2 essere applicato anche sulla pelle bagnata non lascia una sensazione di unto idrata intensamente  Modo d\u2019uso: Applicare prodotti protettivi in quantit\u00e0 sufficienti e ripetutamente.<\/p>\n","protected":false},"excerpt":{"rendered":"<p>Collistar Sun Kit, 2&#215;150 ml, Prodotti doposole per donna, Affinch\u00e9 la pelle del tuo corpo non soffra a causa dell\u2019esposizione al sole, \u00e8 importante prendersene cura non solo prima dell\u2019esposizione al sole ma anche dopo. Il prodotto doposole Collistar Sun Kit si occuper\u00e0 di lenire complessivamente e reintegrare l\u2019umidit\u00e0 perduta, aiuter\u00e0 la pelle a rigenerarsi&#8230;<\/p>\n","protected":false},"featured_media":87272,"comment_status":"closed","ping_status":"open","template":"","meta":{"_acf_changed":false,"_kadence_starter_templates_imported_post":false,"_kad_post_transparent":"","_kad_post_title":"","_kad_post_layout":"","_kad_post_sidebar_id":"","_kad_post_content_style":"","_kad_post_vertical_padding":"","_kad_post_feature":"","_kad_post_feature_position":"","_kad_post_header":false,"_kad_post_footer":false,"_kad_post_classname":""},"product_brand":[207],"product_cat":[65],"product_tag":[],"class_list":{"0":"post-87271","1":"product","2":"type-product","3":"status-publish","4":"has-post-thumbnail","6":"product_brand-collistar","7":"product_cat-salute-e-bellezza","8":"pa_dimensioni-2x150-ml","9":"pa_genere-female","11":"first","12":"instock","13":"product-type-external","14":"entry","15":"content-bg","16":"loop-entry"},"acf":[],"yoast_head":"<!-- This site is optimized with the Yoast SEO plugin v27.4 - https:\/\/yoast.com\/product\/yoast-seo-wordpress\/ -->\n<title>Collistar Sun Kit confezione regalo solare - SHOPATOA.COM<\/title>\n<meta name=\"robots\" content=\"index, follow, max-snippet:-1, max-image-preview:large, max-video-preview:-1\" \/>\n<link rel=\"canonical\" href=\"https:\/\/shopatoa.com\/it\/collistar-sun-kit-confezione-regalo-solare\/\" \/>\n<meta property=\"og:locale\" content=\"it_IT\" \/>\n<meta property=\"og:type\" content=\"article\" \/>\n<meta property=\"og:title\" content=\"Collistar Sun Kit confezione regalo solare - SHOPATOA.COM\" \/>\n<meta property=\"og:description\" content=\"Collistar Sun Kit, 2&#215;150 ml, Prodotti doposole per donna, Affinch\u00e9 la pelle del tuo corpo non soffra a causa dell\u2019esposizione al sole, \u00e8 importante prendersene cura non solo prima dell\u2019esposizione al sole ma anche dopo. Il prodotto doposole Collistar Sun Kit si occuper\u00e0 di lenire complessivamente e reintegrare l\u2019umidit\u00e0 perduta, aiuter\u00e0 la pelle a rigenerarsi...\" \/>\n<meta property=\"og:url\" content=\"https:\/\/shopatoa.com\/it\/collistar-sun-kit-confezione-regalo-solare\/\" \/>\n<meta property=\"og:site_name\" content=\"SHOPATOA\" \/>\n<meta property=\"article:modified_time\" content=\"2025-06-09T13:12:13+00:00\" \/>\n<meta property=\"og:image\" content=\"https:\/\/storage.googleapis.com\/cz-shopatoa-img\/it\/cb389c3d-unnamed-file.webp\" \/>\n\t<meta property=\"og:image:width\" content=\"800\" \/>\n\t<meta property=\"og:image:height\" content=\"800\" \/>\n\t<meta property=\"og:image:type\" content=\"image\/webp\" \/>\n<meta name=\"twitter:card\" content=\"summary_large_image\" \/>\n<meta name=\"twitter:label1\" content=\"Tempo di lettura stimato\" \/>\n\t<meta name=\"twitter:data1\" content=\"1 minuto\" \/>\n<script type=\"application\/ld+json\" class=\"yoast-schema-graph\">{\"@context\":\"https:\\\/\\\/schema.org\",\"@graph\":[{\"@type\":\"WebPage\",\"@id\":\"https:\\\/\\\/shopatoa.com\\\/it\\\/collistar-sun-kit-confezione-regalo-solare\\\/\",\"url\":\"https:\\\/\\\/shopatoa.com\\\/it\\\/collistar-sun-kit-confezione-regalo-solare\\\/\",\"name\":\"Collistar Sun Kit confezione regalo solare - SHOPATOA.COM\",\"isPartOf\":{\"@id\":\"https:\\\/\\\/shopatoa.com\\\/it\\\/#website\"},\"primaryImageOfPage\":{\"@id\":\"https:\\\/\\\/shopatoa.com\\\/it\\\/collistar-sun-kit-confezione-regalo-solare\\\/#primaryimage\"},\"image\":{\"@id\":\"https:\\\/\\\/shopatoa.com\\\/it\\\/collistar-sun-kit-confezione-regalo-solare\\\/#primaryimage\"},\"thumbnailUrl\":\"https:\\\/\\\/storage.googleapis.com\\\/cz-shopatoa-img\\\/it\\\/cb389c3d-unnamed-file.webp\",\"datePublished\":\"2025-06-09T13:11:57+00:00\",\"dateModified\":\"2025-06-09T13:12:13+00:00\",\"breadcrumb\":{\"@id\":\"https:\\\/\\\/shopatoa.com\\\/it\\\/collistar-sun-kit-confezione-regalo-solare\\\/#breadcrumb\"},\"inLanguage\":\"it-IT\",\"potentialAction\":[{\"@type\":\"ReadAction\",\"target\":[\"https:\\\/\\\/shopatoa.com\\\/it\\\/collistar-sun-kit-confezione-regalo-solare\\\/\"]}]},{\"@type\":\"ImageObject\",\"inLanguage\":\"it-IT\",\"@id\":\"https:\\\/\\\/shopatoa.com\\\/it\\\/collistar-sun-kit-confezione-regalo-solare\\\/#primaryimage\",\"url\":\"https:\\\/\\\/storage.googleapis.com\\\/cz-shopatoa-img\\\/it\\\/cb389c3d-unnamed-file.webp\",\"contentUrl\":\"https:\\\/\\\/storage.googleapis.com\\\/cz-shopatoa-img\\\/it\\\/cb389c3d-unnamed-file.webp\",\"width\":800,\"height\":800},{\"@type\":\"BreadcrumbList\",\"@id\":\"https:\\\/\\\/shopatoa.com\\\/it\\\/collistar-sun-kit-confezione-regalo-solare\\\/#breadcrumb\",\"itemListElement\":[{\"@type\":\"ListItem\",\"position\":1,\"name\":\"Dom\u016f\",\"item\":\"https:\\\/\\\/shopatoa.com\\\/it\\\/\"},{\"@type\":\"ListItem\",\"position\":2,\"name\":\"Shop\",\"item\":\"https:\\\/\\\/shopatoa.com\\\/it\\\/shop\\\/\"},{\"@type\":\"ListItem\",\"position\":3,\"name\":\"Collistar Sun Kit confezione regalo solare\"}]},{\"@type\":\"WebSite\",\"@id\":\"https:\\\/\\\/shopatoa.com\\\/it\\\/#website\",\"url\":\"https:\\\/\\\/shopatoa.com\\\/it\\\/\",\"name\":\"SHOPATOA\",\"description\":\"\",\"publisher\":{\"@id\":\"https:\\\/\\\/shopatoa.com\\\/it\\\/#organization\"},\"potentialAction\":[{\"@type\":\"SearchAction\",\"target\":{\"@type\":\"EntryPoint\",\"urlTemplate\":\"https:\\\/\\\/shopatoa.com\\\/it\\\/?s={search_term_string}\"},\"query-input\":{\"@type\":\"PropertyValueSpecification\",\"valueRequired\":true,\"valueName\":\"search_term_string\"}}],\"inLanguage\":\"it-IT\"},{\"@type\":\"Organization\",\"@id\":\"https:\\\/\\\/shopatoa.com\\\/it\\\/#organization\",\"name\":\"SHOPATOA\",\"url\":\"https:\\\/\\\/shopatoa.com\\\/it\\\/\",\"logo\":{\"@type\":\"ImageObject\",\"inLanguage\":\"it-IT\",\"@id\":\"https:\\\/\\\/shopatoa.com\\\/it\\\/#\\\/schema\\\/logo\\\/image\\\/\",\"url\":\"https:\\\/\\\/storage.googleapis.com\\\/cz-shopatoa-img\\\/it\\\/4dc78fd5-shopatoa_logo.png\",\"contentUrl\":\"https:\\\/\\\/storage.googleapis.com\\\/cz-shopatoa-img\\\/it\\\/4dc78fd5-shopatoa_logo.png\",\"width\":416,\"height\":63,\"caption\":\"SHOPATOA\"},\"image\":{\"@id\":\"https:\\\/\\\/shopatoa.com\\\/it\\\/#\\\/schema\\\/logo\\\/image\\\/\"}}]}<\/script>\n<!-- \/ Yoast SEO plugin. -->","yoast_head_json":{"title":"Collistar Sun Kit confezione regalo solare - SHOPATOA.COM","robots":{"index":"index","follow":"follow","max-snippet":"max-snippet:-1","max-image-preview":"max-image-preview:large","max-video-preview":"max-video-preview:-1"},"canonical":"https:\/\/shopatoa.com\/it\/collistar-sun-kit-confezione-regalo-solare\/","og_locale":"it_IT","og_type":"article","og_title":"Collistar Sun Kit confezione regalo solare - SHOPATOA.COM","og_description":"Collistar Sun Kit, 2&#215;150 ml, Prodotti doposole per donna, Affinch\u00e9 la pelle del tuo corpo non soffra a causa dell\u2019esposizione al sole, \u00e8 importante prendersene cura non solo prima dell\u2019esposizione al sole ma anche dopo. Il prodotto doposole Collistar Sun Kit si occuper\u00e0 di lenire complessivamente e reintegrare l\u2019umidit\u00e0 perduta, aiuter\u00e0 la pelle a rigenerarsi...","og_url":"https:\/\/shopatoa.com\/it\/collistar-sun-kit-confezione-regalo-solare\/","og_site_name":"SHOPATOA","article_modified_time":"2025-06-09T13:12:13+00:00","og_image":[{"width":800,"height":800,"url":"https:\/\/storage.googleapis.com\/cz-shopatoa-img\/it\/cb389c3d-unnamed-file.webp","type":"image\/webp"}],"twitter_card":"summary_large_image","twitter_misc":{"Tempo di lettura stimato":"1 minuto"},"schema":{"@context":"https:\/\/schema.org","@graph":[{"@type":"WebPage","@id":"https:\/\/shopatoa.com\/it\/collistar-sun-kit-confezione-regalo-solare\/","url":"https:\/\/shopatoa.com\/it\/collistar-sun-kit-confezione-regalo-solare\/","name":"Collistar Sun Kit confezione regalo solare - SHOPATOA.COM","isPartOf":{"@id":"https:\/\/shopatoa.com\/it\/#website"},"primaryImageOfPage":{"@id":"https:\/\/shopatoa.com\/it\/collistar-sun-kit-confezione-regalo-solare\/#primaryimage"},"image":{"@id":"https:\/\/shopatoa.com\/it\/collistar-sun-kit-confezione-regalo-solare\/#primaryimage"},"thumbnailUrl":"https:\/\/storage.googleapis.com\/cz-shopatoa-img\/it\/cb389c3d-unnamed-file.webp","datePublished":"2025-06-09T13:11:57+00:00","dateModified":"2025-06-09T13:12:13+00:00","breadcrumb":{"@id":"https:\/\/shopatoa.com\/it\/collistar-sun-kit-confezione-regalo-solare\/#breadcrumb"},"inLanguage":"it-IT","potentialAction":[{"@type":"ReadAction","target":["https:\/\/shopatoa.com\/it\/collistar-sun-kit-confezione-regalo-solare\/"]}]},{"@type":"ImageObject","inLanguage":"it-IT","@id":"https:\/\/shopatoa.com\/it\/collistar-sun-kit-confezione-regalo-solare\/#primaryimage","url":"https:\/\/storage.googleapis.com\/cz-shopatoa-img\/it\/cb389c3d-unnamed-file.webp","contentUrl":"https:\/\/storage.googleapis.com\/cz-shopatoa-img\/it\/cb389c3d-unnamed-file.webp","width":800,"height":800},{"@type":"BreadcrumbList","@id":"https:\/\/shopatoa.com\/it\/collistar-sun-kit-confezione-regalo-solare\/#breadcrumb","itemListElement":[{"@type":"ListItem","position":1,"name":"Dom\u016f","item":"https:\/\/shopatoa.com\/it\/"},{"@type":"ListItem","position":2,"name":"Shop","item":"https:\/\/shopatoa.com\/it\/shop\/"},{"@type":"ListItem","position":3,"name":"Collistar Sun Kit confezione regalo solare"}]},{"@type":"WebSite","@id":"https:\/\/shopatoa.com\/it\/#website","url":"https:\/\/shopatoa.com\/it\/","name":"SHOPATOA","description":"","publisher":{"@id":"https:\/\/shopatoa.com\/it\/#organization"},"potentialAction":[{"@type":"SearchAction","target":{"@type":"EntryPoint","urlTemplate":"https:\/\/shopatoa.com\/it\/?s={search_term_string}"},"query-input":{"@type":"PropertyValueSpecification","valueRequired":true,"valueName":"search_term_string"}}],"inLanguage":"it-IT"},{"@type":"Organization","@id":"https:\/\/shopatoa.com\/it\/#organization","name":"SHOPATOA","url":"https:\/\/shopatoa.com\/it\/","logo":{"@type":"ImageObject","inLanguage":"it-IT","@id":"https:\/\/shopatoa.com\/it\/#\/schema\/logo\/image\/","url":"https:\/\/storage.googleapis.com\/cz-shopatoa-img\/it\/4dc78fd5-shopatoa_logo.png","contentUrl":"https:\/\/storage.googleapis.com\/cz-shopatoa-img\/it\/4dc78fd5-shopatoa_logo.png","width":416,"height":63,"caption":"SHOPATOA"},"image":{"@id":"https:\/\/shopatoa.com\/it\/#\/schema\/logo\/image\/"}}]}},"_links":{"self":[{"href":"https:\/\/shopatoa.com\/it\/wp-json\/wp\/v2\/product\/87271","targetHints":{"allow":["GET"]}}],"collection":[{"href":"https:\/\/shopatoa.com\/it\/wp-json\/wp\/v2\/product"}],"about":[{"href":"https:\/\/shopatoa.com\/it\/wp-json\/wp\/v2\/types\/product"}],"replies":[{"embeddable":true,"href":"https:\/\/shopatoa.com\/it\/wp-json\/wp\/v2\/comments?post=87271"}],"wp:featuredmedia":[{"embeddable":true,"href":"https:\/\/shopatoa.com\/it\/wp-json\/wp\/v2\/media\/87272"}],"wp:attachment":[{"href":"https:\/\/shopatoa.com\/it\/wp-json\/wp\/v2\/media?parent=87271"}],"wp:term":[{"taxonomy":"product_brand","embeddable":true,"href":"https:\/\/shopatoa.com\/it\/wp-json\/wp\/v2\/product_brand?post=87271"},{"taxonomy":"product_cat","embeddable":true,"href":"https:\/\/shopatoa.com\/it\/wp-json\/wp\/v2\/product_cat?post=87271"},{"taxonomy":"product_tag","embeddable":true,"href":"https:\/\/shopatoa.com\/it\/wp-json\/wp\/v2\/product_tag?post=87271"}],"curies":[{"name":"wp","href":"https:\/\/api.w.org\/{rel}","templated":true}]}}