{"id":90133,"date":"2025-06-09T18:09:27","date_gmt":"2025-06-09T16:09:27","guid":{"rendered":"https:\/\/shopatoa.com\/it\/wella-professionals-sp-hydrate-balsamo-per-capelli-secchi-200-ml\/"},"modified":"2025-06-09T18:09:30","modified_gmt":"2025-06-09T16:09:30","slug":"wella-professionals-sp-hydrate-balsamo-per-capelli-secchi-200-ml","status":"publish","type":"product","link":"https:\/\/shopatoa.com\/it\/wella-professionals-sp-hydrate-balsamo-per-capelli-secchi-200-ml\/","title":{"rendered":"Wella Professionals SP Hydrate balsamo per capelli secchi 200 ml"},"content":{"rendered":"<p>Wella Professionals SP Hydrate, 200 ml, Condizionanti per capelli per donna, Quando ti lavi i capelli, lo shampoo apre la struttura superficiale del capello \u2013 la cuticola. Per questo \u00e8 importante aggiungere una cura ai capelli dopo il lavaggio per richiudere la cuticola. Questo \u00e8 esattamente ci\u00f2 di cui si occuper\u00e0 il balsamo Wella Professionals SP Hydrate . Oltre a chiudere le fibre capillari, provvede al loro nutrimento, idratazione e ammorbidimento, di cui capelli splendidi, lucenti e sani non possono fare a meno. Li protegge dai danni meccanici e dalla secchezza, inoltre ne leviga la superficie aiutando ad ammorbidirli e facilitando la pettinatura e i trattamenti successivi.  Caratteristiche:  facilita la pettinatura e l\u2019acconciatura dona l&#8217;idratazione necessaria  Modo d\u2019uso: Applicare sui capelli lavati con lo shampoo. Lasciare agire per un po&#8217;, quindi sciacquare abbondantemente.<\/p>\n","protected":false},"excerpt":{"rendered":"<p>Wella Professionals SP Hydrate, 200 ml, Condizionanti per capelli per donna, Quando ti lavi i capelli, lo shampoo apre la struttura superficiale del capello \u2013 la cuticola. Per questo \u00e8 importante aggiungere una cura ai capelli dopo il lavaggio per richiudere la cuticola. Questo \u00e8 esattamente ci\u00f2 di cui si occuper\u00e0 il balsamo Wella Professionals&#8230;<\/p>\n","protected":false},"featured_media":90134,"comment_status":"closed","ping_status":"open","template":"","meta":{"_acf_changed":false,"_kadence_starter_templates_imported_post":false,"_kad_post_transparent":"","_kad_post_title":"","_kad_post_layout":"","_kad_post_sidebar_id":"","_kad_post_content_style":"","_kad_post_vertical_padding":"","_kad_post_feature":"","_kad_post_feature_position":"","_kad_post_header":false,"_kad_post_footer":false,"_kad_post_classname":""},"product_brand":[216],"product_cat":[67,66,65,68],"product_tag":[],"class_list":{"0":"post-90133","1":"product","2":"type-product","3":"status-publish","4":"has-post-thumbnail","6":"product_brand-wella-professionals","7":"product_cat-cura-dei-capelli","8":"product_cat-cura-della-persona","9":"product_cat-salute-e-bellezza","10":"product_cat-shampoo-e-balsamo","11":"pa_dimensioni-200-ml","12":"pa_genere-female","14":"first","15":"instock","16":"sale","17":"product-type-external","18":"entry","19":"content-bg","20":"loop-entry"},"acf":[],"yoast_head":"<!-- This site is optimized with the Yoast SEO plugin v27.4 - https:\/\/yoast.com\/product\/yoast-seo-wordpress\/ -->\n<title>Wella Professionals SP Hydrate balsamo per capelli secchi 200 ml - SHOPATOA.COM<\/title>\n<meta name=\"robots\" content=\"index, follow, max-snippet:-1, max-image-preview:large, max-video-preview:-1\" \/>\n<link rel=\"canonical\" href=\"https:\/\/shopatoa.com\/it\/wella-professionals-sp-hydrate-balsamo-per-capelli-secchi-200-ml\/\" \/>\n<meta property=\"og:locale\" content=\"it_IT\" \/>\n<meta property=\"og:type\" content=\"article\" \/>\n<meta property=\"og:title\" content=\"Wella Professionals SP Hydrate balsamo per capelli secchi 200 ml - SHOPATOA.COM\" \/>\n<meta property=\"og:description\" content=\"Wella Professionals SP Hydrate, 200 ml, Condizionanti per capelli per donna, Quando ti lavi i capelli, lo shampoo apre la struttura superficiale del capello \u2013 la cuticola. Per questo \u00e8 importante aggiungere una cura ai capelli dopo il lavaggio per richiudere la cuticola. Questo \u00e8 esattamente ci\u00f2 di cui si occuper\u00e0 il balsamo Wella Professionals...\" \/>\n<meta property=\"og:url\" content=\"https:\/\/shopatoa.com\/it\/wella-professionals-sp-hydrate-balsamo-per-capelli-secchi-200-ml\/\" \/>\n<meta property=\"og:site_name\" content=\"SHOPATOA\" \/>\n<meta property=\"article:modified_time\" content=\"2025-06-09T16:09:30+00:00\" \/>\n<meta property=\"og:image\" content=\"https:\/\/storage.googleapis.com\/cz-shopatoa-img\/it\/d5c2e3ab-unnamed-file.webp\" \/>\n\t<meta property=\"og:image:width\" content=\"800\" \/>\n\t<meta property=\"og:image:height\" content=\"800\" \/>\n\t<meta property=\"og:image:type\" content=\"image\/webp\" \/>\n<meta name=\"twitter:card\" content=\"summary_large_image\" \/>\n<meta name=\"twitter:label1\" content=\"Tempo di lettura stimato\" \/>\n\t<meta name=\"twitter:data1\" content=\"1 minuto\" \/>\n<script type=\"application\/ld+json\" class=\"yoast-schema-graph\">{\"@context\":\"https:\\\/\\\/schema.org\",\"@graph\":[{\"@type\":\"WebPage\",\"@id\":\"https:\\\/\\\/shopatoa.com\\\/it\\\/wella-professionals-sp-hydrate-balsamo-per-capelli-secchi-200-ml\\\/\",\"url\":\"https:\\\/\\\/shopatoa.com\\\/it\\\/wella-professionals-sp-hydrate-balsamo-per-capelli-secchi-200-ml\\\/\",\"name\":\"Wella Professionals SP Hydrate balsamo per capelli secchi 200 ml - SHOPATOA.COM\",\"isPartOf\":{\"@id\":\"https:\\\/\\\/shopatoa.com\\\/it\\\/#website\"},\"primaryImageOfPage\":{\"@id\":\"https:\\\/\\\/shopatoa.com\\\/it\\\/wella-professionals-sp-hydrate-balsamo-per-capelli-secchi-200-ml\\\/#primaryimage\"},\"image\":{\"@id\":\"https:\\\/\\\/shopatoa.com\\\/it\\\/wella-professionals-sp-hydrate-balsamo-per-capelli-secchi-200-ml\\\/#primaryimage\"},\"thumbnailUrl\":\"https:\\\/\\\/storage.googleapis.com\\\/cz-shopatoa-img\\\/it\\\/d5c2e3ab-unnamed-file.webp\",\"datePublished\":\"2025-06-09T16:09:27+00:00\",\"dateModified\":\"2025-06-09T16:09:30+00:00\",\"breadcrumb\":{\"@id\":\"https:\\\/\\\/shopatoa.com\\\/it\\\/wella-professionals-sp-hydrate-balsamo-per-capelli-secchi-200-ml\\\/#breadcrumb\"},\"inLanguage\":\"it-IT\",\"potentialAction\":[{\"@type\":\"ReadAction\",\"target\":[\"https:\\\/\\\/shopatoa.com\\\/it\\\/wella-professionals-sp-hydrate-balsamo-per-capelli-secchi-200-ml\\\/\"]}]},{\"@type\":\"ImageObject\",\"inLanguage\":\"it-IT\",\"@id\":\"https:\\\/\\\/shopatoa.com\\\/it\\\/wella-professionals-sp-hydrate-balsamo-per-capelli-secchi-200-ml\\\/#primaryimage\",\"url\":\"https:\\\/\\\/storage.googleapis.com\\\/cz-shopatoa-img\\\/it\\\/d5c2e3ab-unnamed-file.webp\",\"contentUrl\":\"https:\\\/\\\/storage.googleapis.com\\\/cz-shopatoa-img\\\/it\\\/d5c2e3ab-unnamed-file.webp\",\"width\":800,\"height\":800},{\"@type\":\"BreadcrumbList\",\"@id\":\"https:\\\/\\\/shopatoa.com\\\/it\\\/wella-professionals-sp-hydrate-balsamo-per-capelli-secchi-200-ml\\\/#breadcrumb\",\"itemListElement\":[{\"@type\":\"ListItem\",\"position\":1,\"name\":\"Dom\u016f\",\"item\":\"https:\\\/\\\/shopatoa.com\\\/it\\\/\"},{\"@type\":\"ListItem\",\"position\":2,\"name\":\"Shop\",\"item\":\"https:\\\/\\\/shopatoa.com\\\/it\\\/shop\\\/\"},{\"@type\":\"ListItem\",\"position\":3,\"name\":\"Wella Professionals SP Hydrate balsamo per capelli secchi 200 ml\"}]},{\"@type\":\"WebSite\",\"@id\":\"https:\\\/\\\/shopatoa.com\\\/it\\\/#website\",\"url\":\"https:\\\/\\\/shopatoa.com\\\/it\\\/\",\"name\":\"SHOPATOA\",\"description\":\"\",\"publisher\":{\"@id\":\"https:\\\/\\\/shopatoa.com\\\/it\\\/#organization\"},\"potentialAction\":[{\"@type\":\"SearchAction\",\"target\":{\"@type\":\"EntryPoint\",\"urlTemplate\":\"https:\\\/\\\/shopatoa.com\\\/it\\\/?s={search_term_string}\"},\"query-input\":{\"@type\":\"PropertyValueSpecification\",\"valueRequired\":true,\"valueName\":\"search_term_string\"}}],\"inLanguage\":\"it-IT\"},{\"@type\":\"Organization\",\"@id\":\"https:\\\/\\\/shopatoa.com\\\/it\\\/#organization\",\"name\":\"SHOPATOA\",\"url\":\"https:\\\/\\\/shopatoa.com\\\/it\\\/\",\"logo\":{\"@type\":\"ImageObject\",\"inLanguage\":\"it-IT\",\"@id\":\"https:\\\/\\\/shopatoa.com\\\/it\\\/#\\\/schema\\\/logo\\\/image\\\/\",\"url\":\"https:\\\/\\\/storage.googleapis.com\\\/cz-shopatoa-img\\\/it\\\/4dc78fd5-shopatoa_logo.png\",\"contentUrl\":\"https:\\\/\\\/storage.googleapis.com\\\/cz-shopatoa-img\\\/it\\\/4dc78fd5-shopatoa_logo.png\",\"width\":416,\"height\":63,\"caption\":\"SHOPATOA\"},\"image\":{\"@id\":\"https:\\\/\\\/shopatoa.com\\\/it\\\/#\\\/schema\\\/logo\\\/image\\\/\"}}]}<\/script>\n<!-- \/ Yoast SEO plugin. -->","yoast_head_json":{"title":"Wella Professionals SP Hydrate balsamo per capelli secchi 200 ml - SHOPATOA.COM","robots":{"index":"index","follow":"follow","max-snippet":"max-snippet:-1","max-image-preview":"max-image-preview:large","max-video-preview":"max-video-preview:-1"},"canonical":"https:\/\/shopatoa.com\/it\/wella-professionals-sp-hydrate-balsamo-per-capelli-secchi-200-ml\/","og_locale":"it_IT","og_type":"article","og_title":"Wella Professionals SP Hydrate balsamo per capelli secchi 200 ml - SHOPATOA.COM","og_description":"Wella Professionals SP Hydrate, 200 ml, Condizionanti per capelli per donna, Quando ti lavi i capelli, lo shampoo apre la struttura superficiale del capello \u2013 la cuticola. Per questo \u00e8 importante aggiungere una cura ai capelli dopo il lavaggio per richiudere la cuticola. Questo \u00e8 esattamente ci\u00f2 di cui si occuper\u00e0 il balsamo Wella Professionals...","og_url":"https:\/\/shopatoa.com\/it\/wella-professionals-sp-hydrate-balsamo-per-capelli-secchi-200-ml\/","og_site_name":"SHOPATOA","article_modified_time":"2025-06-09T16:09:30+00:00","og_image":[{"width":800,"height":800,"url":"https:\/\/storage.googleapis.com\/cz-shopatoa-img\/it\/d5c2e3ab-unnamed-file.webp","type":"image\/webp"}],"twitter_card":"summary_large_image","twitter_misc":{"Tempo di lettura stimato":"1 minuto"},"schema":{"@context":"https:\/\/schema.org","@graph":[{"@type":"WebPage","@id":"https:\/\/shopatoa.com\/it\/wella-professionals-sp-hydrate-balsamo-per-capelli-secchi-200-ml\/","url":"https:\/\/shopatoa.com\/it\/wella-professionals-sp-hydrate-balsamo-per-capelli-secchi-200-ml\/","name":"Wella Professionals SP Hydrate balsamo per capelli secchi 200 ml - SHOPATOA.COM","isPartOf":{"@id":"https:\/\/shopatoa.com\/it\/#website"},"primaryImageOfPage":{"@id":"https:\/\/shopatoa.com\/it\/wella-professionals-sp-hydrate-balsamo-per-capelli-secchi-200-ml\/#primaryimage"},"image":{"@id":"https:\/\/shopatoa.com\/it\/wella-professionals-sp-hydrate-balsamo-per-capelli-secchi-200-ml\/#primaryimage"},"thumbnailUrl":"https:\/\/storage.googleapis.com\/cz-shopatoa-img\/it\/d5c2e3ab-unnamed-file.webp","datePublished":"2025-06-09T16:09:27+00:00","dateModified":"2025-06-09T16:09:30+00:00","breadcrumb":{"@id":"https:\/\/shopatoa.com\/it\/wella-professionals-sp-hydrate-balsamo-per-capelli-secchi-200-ml\/#breadcrumb"},"inLanguage":"it-IT","potentialAction":[{"@type":"ReadAction","target":["https:\/\/shopatoa.com\/it\/wella-professionals-sp-hydrate-balsamo-per-capelli-secchi-200-ml\/"]}]},{"@type":"ImageObject","inLanguage":"it-IT","@id":"https:\/\/shopatoa.com\/it\/wella-professionals-sp-hydrate-balsamo-per-capelli-secchi-200-ml\/#primaryimage","url":"https:\/\/storage.googleapis.com\/cz-shopatoa-img\/it\/d5c2e3ab-unnamed-file.webp","contentUrl":"https:\/\/storage.googleapis.com\/cz-shopatoa-img\/it\/d5c2e3ab-unnamed-file.webp","width":800,"height":800},{"@type":"BreadcrumbList","@id":"https:\/\/shopatoa.com\/it\/wella-professionals-sp-hydrate-balsamo-per-capelli-secchi-200-ml\/#breadcrumb","itemListElement":[{"@type":"ListItem","position":1,"name":"Dom\u016f","item":"https:\/\/shopatoa.com\/it\/"},{"@type":"ListItem","position":2,"name":"Shop","item":"https:\/\/shopatoa.com\/it\/shop\/"},{"@type":"ListItem","position":3,"name":"Wella Professionals SP Hydrate balsamo per capelli secchi 200 ml"}]},{"@type":"WebSite","@id":"https:\/\/shopatoa.com\/it\/#website","url":"https:\/\/shopatoa.com\/it\/","name":"SHOPATOA","description":"","publisher":{"@id":"https:\/\/shopatoa.com\/it\/#organization"},"potentialAction":[{"@type":"SearchAction","target":{"@type":"EntryPoint","urlTemplate":"https:\/\/shopatoa.com\/it\/?s={search_term_string}"},"query-input":{"@type":"PropertyValueSpecification","valueRequired":true,"valueName":"search_term_string"}}],"inLanguage":"it-IT"},{"@type":"Organization","@id":"https:\/\/shopatoa.com\/it\/#organization","name":"SHOPATOA","url":"https:\/\/shopatoa.com\/it\/","logo":{"@type":"ImageObject","inLanguage":"it-IT","@id":"https:\/\/shopatoa.com\/it\/#\/schema\/logo\/image\/","url":"https:\/\/storage.googleapis.com\/cz-shopatoa-img\/it\/4dc78fd5-shopatoa_logo.png","contentUrl":"https:\/\/storage.googleapis.com\/cz-shopatoa-img\/it\/4dc78fd5-shopatoa_logo.png","width":416,"height":63,"caption":"SHOPATOA"},"image":{"@id":"https:\/\/shopatoa.com\/it\/#\/schema\/logo\/image\/"}}]}},"_links":{"self":[{"href":"https:\/\/shopatoa.com\/it\/wp-json\/wp\/v2\/product\/90133","targetHints":{"allow":["GET"]}}],"collection":[{"href":"https:\/\/shopatoa.com\/it\/wp-json\/wp\/v2\/product"}],"about":[{"href":"https:\/\/shopatoa.com\/it\/wp-json\/wp\/v2\/types\/product"}],"replies":[{"embeddable":true,"href":"https:\/\/shopatoa.com\/it\/wp-json\/wp\/v2\/comments?post=90133"}],"wp:featuredmedia":[{"embeddable":true,"href":"https:\/\/shopatoa.com\/it\/wp-json\/wp\/v2\/media\/90134"}],"wp:attachment":[{"href":"https:\/\/shopatoa.com\/it\/wp-json\/wp\/v2\/media?parent=90133"}],"wp:term":[{"taxonomy":"product_brand","embeddable":true,"href":"https:\/\/shopatoa.com\/it\/wp-json\/wp\/v2\/product_brand?post=90133"},{"taxonomy":"product_cat","embeddable":true,"href":"https:\/\/shopatoa.com\/it\/wp-json\/wp\/v2\/product_cat?post=90133"},{"taxonomy":"product_tag","embeddable":true,"href":"https:\/\/shopatoa.com\/it\/wp-json\/wp\/v2\/product_tag?post=90133"}],"curies":[{"name":"wp","href":"https:\/\/api.w.org\/{rel}","templated":true}]}}