{"id":94871,"date":"2025-06-09T22:19:19","date_gmt":"2025-06-09T20:19:19","guid":{"rendered":"https:\/\/shopatoa.com\/it\/dermacol-16h-matic-eyeliner-matita-automatica-per-gli-occhi-colore-03-0-3-g\/"},"modified":"2025-06-09T22:19:45","modified_gmt":"2025-06-09T20:19:45","slug":"dermacol-16h-matic-eyeliner-matita-automatica-per-gli-occhi-colore-03-0-3-g","status":"publish","type":"product","link":"https:\/\/shopatoa.com\/it\/dermacol-16h-matic-eyeliner-matita-automatica-per-gli-occhi-colore-03-0-3-g\/","title":{"rendered":"Dermacol 16H Matic Eyeliner matita automatica per gli occhi colore 03 0.3 g"},"content":{"rendered":"<p>Dermacol 16H Matic Eyeliner, 0.3 g, Eyeliner per donna, Vuoi evidenziare il contorno occhi attirando cos\u00ec l\u2019attenzione sui tuoi occhi? Il prodotto Dermacol 16H Matic Eyeliner ti aiuter\u00e0. Aggiunge intensit\u00e0 e un effetto drammatico al tuo look enfatizzando inoltre qualsiasi altro trucco. Grazie alla sua consistenza facile da applicare potrai creare una linea precisa dal colore intenso e ricco con un solo movimento, incorniciando perfettamente i tuoi occhi e mettendone in risalto la bellezza. Non importa per che occasione ti stai preparando, otterrai sempre facilmente e rapidamente un trucco perfetto che durer\u00e0 a lungo.  Caratteristiche:  la linea \u00e8 resistente e non sbava crea linee spesse e sottili colore ricco e intenso il prodotto \u00e8 impermeabile  Modo d\u2019uso: Tracciare una linea sottile sulla palpebra. Lasciare asciugare.<\/p>\n","protected":false},"excerpt":{"rendered":"<p>Dermacol 16H Matic Eyeliner, 0.3 g, Eyeliner per donna, Vuoi evidenziare il contorno occhi attirando cos\u00ec l\u2019attenzione sui tuoi occhi? Il prodotto Dermacol 16H Matic Eyeliner ti aiuter\u00e0. Aggiunge intensit\u00e0 e un effetto drammatico al tuo look enfatizzando inoltre qualsiasi altro trucco. Grazie alla sua consistenza facile da applicare potrai creare una linea precisa dal&#8230;<\/p>\n","protected":false},"featured_media":94872,"comment_status":"closed","ping_status":"open","template":"","meta":{"_acf_changed":false,"_kadence_starter_templates_imported_post":false,"_kad_post_transparent":"","_kad_post_title":"","_kad_post_layout":"","_kad_post_sidebar_id":"","_kad_post_content_style":"","_kad_post_vertical_padding":"","_kad_post_feature":"","_kad_post_feature_position":"","_kad_post_header":false,"_kad_post_footer":false,"_kad_post_classname":""},"product_brand":[275],"product_cat":[77,66,197,65,182,183],"product_tag":[],"class_list":{"0":"post-94871","1":"product","2":"type-product","3":"status-publish","4":"has-post-thumbnail","6":"product_brand-dermacol","7":"product_cat-cosmetici","8":"product_cat-cura-della-persona","9":"product_cat-eyeliner","10":"product_cat-salute-e-bellezza","11":"product_cat-trucco","12":"product_cat-trucco-degli-occhi","13":"pa_dimensioni-0-3-g","14":"pa_genere-female","16":"first","17":"instock","18":"product-type-external","19":"entry","20":"content-bg","21":"loop-entry"},"acf":[],"yoast_head":"<!-- This site is optimized with the Yoast SEO plugin v27.4 - https:\/\/yoast.com\/product\/yoast-seo-wordpress\/ -->\n<title>Dermacol 16H Matic Eyeliner matita automatica per gli occhi colore 03 0.3 g - SHOPATOA.COM<\/title>\n<meta name=\"robots\" content=\"index, follow, max-snippet:-1, max-image-preview:large, max-video-preview:-1\" \/>\n<link rel=\"canonical\" href=\"https:\/\/shopatoa.com\/it\/dermacol-16h-matic-eyeliner-matita-automatica-per-gli-occhi-colore-03-0-3-g\/\" \/>\n<meta property=\"og:locale\" content=\"it_IT\" \/>\n<meta property=\"og:type\" content=\"article\" \/>\n<meta property=\"og:title\" content=\"Dermacol 16H Matic Eyeliner matita automatica per gli occhi colore 03 0.3 g - SHOPATOA.COM\" \/>\n<meta property=\"og:description\" content=\"Dermacol 16H Matic Eyeliner, 0.3 g, Eyeliner per donna, Vuoi evidenziare il contorno occhi attirando cos\u00ec l\u2019attenzione sui tuoi occhi? Il prodotto Dermacol 16H Matic Eyeliner ti aiuter\u00e0. Aggiunge intensit\u00e0 e un effetto drammatico al tuo look enfatizzando inoltre qualsiasi altro trucco. Grazie alla sua consistenza facile da applicare potrai creare una linea precisa dal...\" \/>\n<meta property=\"og:url\" content=\"https:\/\/shopatoa.com\/it\/dermacol-16h-matic-eyeliner-matita-automatica-per-gli-occhi-colore-03-0-3-g\/\" \/>\n<meta property=\"og:site_name\" content=\"SHOPATOA\" \/>\n<meta property=\"article:modified_time\" content=\"2025-06-09T20:19:45+00:00\" \/>\n<meta property=\"og:image\" content=\"https:\/\/storage.googleapis.com\/cz-shopatoa-img\/it\/364c10d5-unnamed-file.webp\" \/>\n\t<meta property=\"og:image:width\" content=\"800\" \/>\n\t<meta property=\"og:image:height\" content=\"800\" \/>\n\t<meta property=\"og:image:type\" content=\"image\/webp\" \/>\n<meta name=\"twitter:card\" content=\"summary_large_image\" \/>\n<meta name=\"twitter:label1\" content=\"Tempo di lettura stimato\" \/>\n\t<meta name=\"twitter:data1\" content=\"1 minuto\" \/>\n<script type=\"application\/ld+json\" class=\"yoast-schema-graph\">{\"@context\":\"https:\\\/\\\/schema.org\",\"@graph\":[{\"@type\":\"WebPage\",\"@id\":\"https:\\\/\\\/shopatoa.com\\\/it\\\/dermacol-16h-matic-eyeliner-matita-automatica-per-gli-occhi-colore-03-0-3-g\\\/\",\"url\":\"https:\\\/\\\/shopatoa.com\\\/it\\\/dermacol-16h-matic-eyeliner-matita-automatica-per-gli-occhi-colore-03-0-3-g\\\/\",\"name\":\"Dermacol 16H Matic Eyeliner matita automatica per gli occhi colore 03 0.3 g - SHOPATOA.COM\",\"isPartOf\":{\"@id\":\"https:\\\/\\\/shopatoa.com\\\/it\\\/#website\"},\"primaryImageOfPage\":{\"@id\":\"https:\\\/\\\/shopatoa.com\\\/it\\\/dermacol-16h-matic-eyeliner-matita-automatica-per-gli-occhi-colore-03-0-3-g\\\/#primaryimage\"},\"image\":{\"@id\":\"https:\\\/\\\/shopatoa.com\\\/it\\\/dermacol-16h-matic-eyeliner-matita-automatica-per-gli-occhi-colore-03-0-3-g\\\/#primaryimage\"},\"thumbnailUrl\":\"https:\\\/\\\/storage.googleapis.com\\\/cz-shopatoa-img\\\/it\\\/364c10d5-unnamed-file.webp\",\"datePublished\":\"2025-06-09T20:19:19+00:00\",\"dateModified\":\"2025-06-09T20:19:45+00:00\",\"breadcrumb\":{\"@id\":\"https:\\\/\\\/shopatoa.com\\\/it\\\/dermacol-16h-matic-eyeliner-matita-automatica-per-gli-occhi-colore-03-0-3-g\\\/#breadcrumb\"},\"inLanguage\":\"it-IT\",\"potentialAction\":[{\"@type\":\"ReadAction\",\"target\":[\"https:\\\/\\\/shopatoa.com\\\/it\\\/dermacol-16h-matic-eyeliner-matita-automatica-per-gli-occhi-colore-03-0-3-g\\\/\"]}]},{\"@type\":\"ImageObject\",\"inLanguage\":\"it-IT\",\"@id\":\"https:\\\/\\\/shopatoa.com\\\/it\\\/dermacol-16h-matic-eyeliner-matita-automatica-per-gli-occhi-colore-03-0-3-g\\\/#primaryimage\",\"url\":\"https:\\\/\\\/storage.googleapis.com\\\/cz-shopatoa-img\\\/it\\\/364c10d5-unnamed-file.webp\",\"contentUrl\":\"https:\\\/\\\/storage.googleapis.com\\\/cz-shopatoa-img\\\/it\\\/364c10d5-unnamed-file.webp\",\"width\":800,\"height\":800},{\"@type\":\"BreadcrumbList\",\"@id\":\"https:\\\/\\\/shopatoa.com\\\/it\\\/dermacol-16h-matic-eyeliner-matita-automatica-per-gli-occhi-colore-03-0-3-g\\\/#breadcrumb\",\"itemListElement\":[{\"@type\":\"ListItem\",\"position\":1,\"name\":\"Dom\u016f\",\"item\":\"https:\\\/\\\/shopatoa.com\\\/it\\\/\"},{\"@type\":\"ListItem\",\"position\":2,\"name\":\"Shop\",\"item\":\"https:\\\/\\\/shopatoa.com\\\/it\\\/shop\\\/\"},{\"@type\":\"ListItem\",\"position\":3,\"name\":\"Dermacol 16H Matic Eyeliner matita automatica per gli occhi colore 03 0.3 g\"}]},{\"@type\":\"WebSite\",\"@id\":\"https:\\\/\\\/shopatoa.com\\\/it\\\/#website\",\"url\":\"https:\\\/\\\/shopatoa.com\\\/it\\\/\",\"name\":\"SHOPATOA\",\"description\":\"\",\"publisher\":{\"@id\":\"https:\\\/\\\/shopatoa.com\\\/it\\\/#organization\"},\"potentialAction\":[{\"@type\":\"SearchAction\",\"target\":{\"@type\":\"EntryPoint\",\"urlTemplate\":\"https:\\\/\\\/shopatoa.com\\\/it\\\/?s={search_term_string}\"},\"query-input\":{\"@type\":\"PropertyValueSpecification\",\"valueRequired\":true,\"valueName\":\"search_term_string\"}}],\"inLanguage\":\"it-IT\"},{\"@type\":\"Organization\",\"@id\":\"https:\\\/\\\/shopatoa.com\\\/it\\\/#organization\",\"name\":\"SHOPATOA\",\"url\":\"https:\\\/\\\/shopatoa.com\\\/it\\\/\",\"logo\":{\"@type\":\"ImageObject\",\"inLanguage\":\"it-IT\",\"@id\":\"https:\\\/\\\/shopatoa.com\\\/it\\\/#\\\/schema\\\/logo\\\/image\\\/\",\"url\":\"https:\\\/\\\/storage.googleapis.com\\\/cz-shopatoa-img\\\/it\\\/4dc78fd5-shopatoa_logo.png\",\"contentUrl\":\"https:\\\/\\\/storage.googleapis.com\\\/cz-shopatoa-img\\\/it\\\/4dc78fd5-shopatoa_logo.png\",\"width\":416,\"height\":63,\"caption\":\"SHOPATOA\"},\"image\":{\"@id\":\"https:\\\/\\\/shopatoa.com\\\/it\\\/#\\\/schema\\\/logo\\\/image\\\/\"}}]}<\/script>\n<!-- \/ Yoast SEO plugin. -->","yoast_head_json":{"title":"Dermacol 16H Matic Eyeliner matita automatica per gli occhi colore 03 0.3 g - SHOPATOA.COM","robots":{"index":"index","follow":"follow","max-snippet":"max-snippet:-1","max-image-preview":"max-image-preview:large","max-video-preview":"max-video-preview:-1"},"canonical":"https:\/\/shopatoa.com\/it\/dermacol-16h-matic-eyeliner-matita-automatica-per-gli-occhi-colore-03-0-3-g\/","og_locale":"it_IT","og_type":"article","og_title":"Dermacol 16H Matic Eyeliner matita automatica per gli occhi colore 03 0.3 g - SHOPATOA.COM","og_description":"Dermacol 16H Matic Eyeliner, 0.3 g, Eyeliner per donna, Vuoi evidenziare il contorno occhi attirando cos\u00ec l\u2019attenzione sui tuoi occhi? Il prodotto Dermacol 16H Matic Eyeliner ti aiuter\u00e0. Aggiunge intensit\u00e0 e un effetto drammatico al tuo look enfatizzando inoltre qualsiasi altro trucco. Grazie alla sua consistenza facile da applicare potrai creare una linea precisa dal...","og_url":"https:\/\/shopatoa.com\/it\/dermacol-16h-matic-eyeliner-matita-automatica-per-gli-occhi-colore-03-0-3-g\/","og_site_name":"SHOPATOA","article_modified_time":"2025-06-09T20:19:45+00:00","og_image":[{"width":800,"height":800,"url":"https:\/\/storage.googleapis.com\/cz-shopatoa-img\/it\/364c10d5-unnamed-file.webp","type":"image\/webp"}],"twitter_card":"summary_large_image","twitter_misc":{"Tempo di lettura stimato":"1 minuto"},"schema":{"@context":"https:\/\/schema.org","@graph":[{"@type":"WebPage","@id":"https:\/\/shopatoa.com\/it\/dermacol-16h-matic-eyeliner-matita-automatica-per-gli-occhi-colore-03-0-3-g\/","url":"https:\/\/shopatoa.com\/it\/dermacol-16h-matic-eyeliner-matita-automatica-per-gli-occhi-colore-03-0-3-g\/","name":"Dermacol 16H Matic Eyeliner matita automatica per gli occhi colore 03 0.3 g - SHOPATOA.COM","isPartOf":{"@id":"https:\/\/shopatoa.com\/it\/#website"},"primaryImageOfPage":{"@id":"https:\/\/shopatoa.com\/it\/dermacol-16h-matic-eyeliner-matita-automatica-per-gli-occhi-colore-03-0-3-g\/#primaryimage"},"image":{"@id":"https:\/\/shopatoa.com\/it\/dermacol-16h-matic-eyeliner-matita-automatica-per-gli-occhi-colore-03-0-3-g\/#primaryimage"},"thumbnailUrl":"https:\/\/storage.googleapis.com\/cz-shopatoa-img\/it\/364c10d5-unnamed-file.webp","datePublished":"2025-06-09T20:19:19+00:00","dateModified":"2025-06-09T20:19:45+00:00","breadcrumb":{"@id":"https:\/\/shopatoa.com\/it\/dermacol-16h-matic-eyeliner-matita-automatica-per-gli-occhi-colore-03-0-3-g\/#breadcrumb"},"inLanguage":"it-IT","potentialAction":[{"@type":"ReadAction","target":["https:\/\/shopatoa.com\/it\/dermacol-16h-matic-eyeliner-matita-automatica-per-gli-occhi-colore-03-0-3-g\/"]}]},{"@type":"ImageObject","inLanguage":"it-IT","@id":"https:\/\/shopatoa.com\/it\/dermacol-16h-matic-eyeliner-matita-automatica-per-gli-occhi-colore-03-0-3-g\/#primaryimage","url":"https:\/\/storage.googleapis.com\/cz-shopatoa-img\/it\/364c10d5-unnamed-file.webp","contentUrl":"https:\/\/storage.googleapis.com\/cz-shopatoa-img\/it\/364c10d5-unnamed-file.webp","width":800,"height":800},{"@type":"BreadcrumbList","@id":"https:\/\/shopatoa.com\/it\/dermacol-16h-matic-eyeliner-matita-automatica-per-gli-occhi-colore-03-0-3-g\/#breadcrumb","itemListElement":[{"@type":"ListItem","position":1,"name":"Dom\u016f","item":"https:\/\/shopatoa.com\/it\/"},{"@type":"ListItem","position":2,"name":"Shop","item":"https:\/\/shopatoa.com\/it\/shop\/"},{"@type":"ListItem","position":3,"name":"Dermacol 16H Matic Eyeliner matita automatica per gli occhi colore 03 0.3 g"}]},{"@type":"WebSite","@id":"https:\/\/shopatoa.com\/it\/#website","url":"https:\/\/shopatoa.com\/it\/","name":"SHOPATOA","description":"","publisher":{"@id":"https:\/\/shopatoa.com\/it\/#organization"},"potentialAction":[{"@type":"SearchAction","target":{"@type":"EntryPoint","urlTemplate":"https:\/\/shopatoa.com\/it\/?s={search_term_string}"},"query-input":{"@type":"PropertyValueSpecification","valueRequired":true,"valueName":"search_term_string"}}],"inLanguage":"it-IT"},{"@type":"Organization","@id":"https:\/\/shopatoa.com\/it\/#organization","name":"SHOPATOA","url":"https:\/\/shopatoa.com\/it\/","logo":{"@type":"ImageObject","inLanguage":"it-IT","@id":"https:\/\/shopatoa.com\/it\/#\/schema\/logo\/image\/","url":"https:\/\/storage.googleapis.com\/cz-shopatoa-img\/it\/4dc78fd5-shopatoa_logo.png","contentUrl":"https:\/\/storage.googleapis.com\/cz-shopatoa-img\/it\/4dc78fd5-shopatoa_logo.png","width":416,"height":63,"caption":"SHOPATOA"},"image":{"@id":"https:\/\/shopatoa.com\/it\/#\/schema\/logo\/image\/"}}]}},"_links":{"self":[{"href":"https:\/\/shopatoa.com\/it\/wp-json\/wp\/v2\/product\/94871","targetHints":{"allow":["GET"]}}],"collection":[{"href":"https:\/\/shopatoa.com\/it\/wp-json\/wp\/v2\/product"}],"about":[{"href":"https:\/\/shopatoa.com\/it\/wp-json\/wp\/v2\/types\/product"}],"replies":[{"embeddable":true,"href":"https:\/\/shopatoa.com\/it\/wp-json\/wp\/v2\/comments?post=94871"}],"wp:featuredmedia":[{"embeddable":true,"href":"https:\/\/shopatoa.com\/it\/wp-json\/wp\/v2\/media\/94872"}],"wp:attachment":[{"href":"https:\/\/shopatoa.com\/it\/wp-json\/wp\/v2\/media?parent=94871"}],"wp:term":[{"taxonomy":"product_brand","embeddable":true,"href":"https:\/\/shopatoa.com\/it\/wp-json\/wp\/v2\/product_brand?post=94871"},{"taxonomy":"product_cat","embeddable":true,"href":"https:\/\/shopatoa.com\/it\/wp-json\/wp\/v2\/product_cat?post=94871"},{"taxonomy":"product_tag","embeddable":true,"href":"https:\/\/shopatoa.com\/it\/wp-json\/wp\/v2\/product_tag?post=94871"}],"curies":[{"name":"wp","href":"https:\/\/api.w.org\/{rel}","templated":true}]}}