{"id":251804,"date":"2025-04-25T15:06:16","date_gmt":"2025-04-25T13:06:16","guid":{"rendered":"https:\/\/shopatoa.com\/ro\/kneipp-sare-de-baie-vis-de-lavanda-600-g\/"},"modified":"2025-12-12T11:04:47","modified_gmt":"2025-12-12T10:04:47","slug":"kneipp-sare-de-baie-vis-de-lavanda-600-g","status":"publish","type":"product","link":"https:\/\/shopatoa.com\/ro\/kneipp-sare-de-baie-vis-de-lavanda-600-g\/","title":{"rendered":"Kneipp Sare de baie Vis de lavand\u0103 600 g"},"content":{"rendered":"<p>Pentru eliberare \u0219i relaxare dup\u0103 o zi plin\u0103 de stres \u0219i agita\u021bie. Sare termic\u0103 din minele subterane din Germania, \u00een v\u00e2rst\u0103 de mai mult de 250 de milioane de ani. In sarea de baie Kneipp\u00ae se g\u0103se\u0219te \u00eentr-un volum concentrat (98%), care are acela\u0219i efect ca \u0219i cum ai fi \u00een aerul de mare. Propriet\u0103\u021bile sale cu un efect benefic asupra s\u0103n\u0103t\u0103\u021bii umane au fost cunoscute \u00eenc\u0103 din Evul Mediu. Sare de baie Kneipp con\u021bine uleiuri esen\u021biale valoroase din plante medicinale \u0219i uleiuri naturale presate la rece. Bucura\u021bi-v\u0103 de baia perfect\u0103! Marca Kneipp ofer\u0103 sare , spume \u0219i uleiuri de baie .<\/p>\n","protected":false},"excerpt":{"rendered":"<p>Pentru eliberare \u0219i relaxare dup\u0103 o zi plin\u0103 de stres \u0219i agita\u021bie. Sare termic\u0103 din minele subterane din Germania, \u00een v\u00e2rst\u0103 de mai mult de 250 de milioane de ani. In sarea de baie Kneipp\u00ae se g\u0103se\u0219te \u00eentr-un volum concentrat (98%), care are acela\u0219i efect ca \u0219i cum ai fi \u00een aerul de mare. Propriet\u0103\u021bile&#8230;<\/p>\n","protected":false},"featured_media":251805,"comment_status":"closed","ping_status":"open","template":"","meta":{"_acf_changed":false,"_kadence_starter_templates_imported_post":false,"_kad_post_transparent":"","_kad_post_title":"","_kad_post_layout":"","_kad_post_sidebar_id":"","_kad_post_content_style":"","_kad_post_vertical_padding":"","_kad_post_feature":"","_kad_post_feature_position":"","_kad_post_header":false,"_kad_post_footer":false,"_kad_post_classname":""},"product_brand":[90],"product_cat":[246,641,611],"product_tag":[],"class_list":{"0":"post-251804","1":"product","2":"type-product","3":"status-publish","4":"has-post-thumbnail","6":"product_brand-kneipp","7":"product_cat-cosmetice","8":"product_cat-cosmetice-pentru-dus-si-baie","9":"product_cat-produse-cosmetice-pentru-corp","11":"first","12":"instock","13":"product-type-external","14":"entry","15":"content-bg","16":"loop-entry"},"acf":[],"yoast_head":"<!-- This site is optimized with the Yoast SEO plugin v27.3 - https:\/\/yoast.com\/product\/yoast-seo-wordpress\/ -->\n<title>Kneipp Sare de baie Vis de lavand\u0103 600 g - SHOPATOA.COM<\/title>\n<meta name=\"robots\" content=\"index, follow, max-snippet:-1, max-image-preview:large, max-video-preview:-1\" \/>\n<link rel=\"canonical\" href=\"https:\/\/shopatoa.com\/ro\/kneipp-sare-de-baie-vis-de-lavanda-600-g\/\" \/>\n<meta property=\"og:locale\" content=\"ro_RO\" \/>\n<meta property=\"og:type\" content=\"article\" \/>\n<meta property=\"og:title\" content=\"Kneipp Sare de baie Vis de lavand\u0103 600 g - SHOPATOA.COM\" \/>\n<meta property=\"og:description\" content=\"Pentru eliberare \u0219i relaxare dup\u0103 o zi plin\u0103 de stres \u0219i agita\u021bie. Sare termic\u0103 din minele subterane din Germania, \u00een v\u00e2rst\u0103 de mai mult de 250 de milioane de ani. In sarea de baie Kneipp\u00ae se g\u0103se\u0219te \u00eentr-un volum concentrat (98%), care are acela\u0219i efect ca \u0219i cum ai fi \u00een aerul de mare. Propriet\u0103\u021bile...\" \/>\n<meta property=\"og:url\" content=\"https:\/\/shopatoa.com\/ro\/kneipp-sare-de-baie-vis-de-lavanda-600-g\/\" \/>\n<meta property=\"og:site_name\" content=\"SHOPATOA\" \/>\n<meta property=\"article:modified_time\" content=\"2025-12-12T10:04:47+00:00\" \/>\n<meta property=\"og:image\" content=\"https:\/\/storage.googleapis.com\/cz-shopatoa-img\/ro\/560b4ce5-unnamed-file.webp\" \/>\n\t<meta property=\"og:image:width\" content=\"800\" \/>\n\t<meta property=\"og:image:height\" content=\"800\" \/>\n\t<meta property=\"og:image:type\" content=\"image\/webp\" \/>\n<meta name=\"twitter:card\" content=\"summary_large_image\" \/>\n<meta name=\"twitter:label1\" content=\"Timp estimat pentru citire\" \/>\n\t<meta name=\"twitter:data1\" content=\"1 minut\" \/>\n<script type=\"application\/ld+json\" class=\"yoast-schema-graph\">{\"@context\":\"https:\\\/\\\/schema.org\",\"@graph\":[{\"@type\":\"WebPage\",\"@id\":\"https:\\\/\\\/shopatoa.com\\\/ro\\\/kneipp-sare-de-baie-vis-de-lavanda-600-g\\\/\",\"url\":\"https:\\\/\\\/shopatoa.com\\\/ro\\\/kneipp-sare-de-baie-vis-de-lavanda-600-g\\\/\",\"name\":\"Kneipp Sare de baie Vis de lavand\u0103 600 g - SHOPATOA.COM\",\"isPartOf\":{\"@id\":\"https:\\\/\\\/shopatoa.com\\\/ro\\\/#website\"},\"primaryImageOfPage\":{\"@id\":\"https:\\\/\\\/shopatoa.com\\\/ro\\\/kneipp-sare-de-baie-vis-de-lavanda-600-g\\\/#primaryimage\"},\"image\":{\"@id\":\"https:\\\/\\\/shopatoa.com\\\/ro\\\/kneipp-sare-de-baie-vis-de-lavanda-600-g\\\/#primaryimage\"},\"thumbnailUrl\":\"https:\\\/\\\/storage.googleapis.com\\\/cz-shopatoa-img\\\/ro\\\/560b4ce5-unnamed-file.webp\",\"datePublished\":\"2025-04-25T13:06:16+00:00\",\"dateModified\":\"2025-12-12T10:04:47+00:00\",\"breadcrumb\":{\"@id\":\"https:\\\/\\\/shopatoa.com\\\/ro\\\/kneipp-sare-de-baie-vis-de-lavanda-600-g\\\/#breadcrumb\"},\"inLanguage\":\"ro-RO\",\"potentialAction\":[{\"@type\":\"ReadAction\",\"target\":[\"https:\\\/\\\/shopatoa.com\\\/ro\\\/kneipp-sare-de-baie-vis-de-lavanda-600-g\\\/\"]}]},{\"@type\":\"ImageObject\",\"inLanguage\":\"ro-RO\",\"@id\":\"https:\\\/\\\/shopatoa.com\\\/ro\\\/kneipp-sare-de-baie-vis-de-lavanda-600-g\\\/#primaryimage\",\"url\":\"https:\\\/\\\/storage.googleapis.com\\\/cz-shopatoa-img\\\/ro\\\/560b4ce5-unnamed-file.webp\",\"contentUrl\":\"https:\\\/\\\/storage.googleapis.com\\\/cz-shopatoa-img\\\/ro\\\/560b4ce5-unnamed-file.webp\",\"width\":800,\"height\":800},{\"@type\":\"BreadcrumbList\",\"@id\":\"https:\\\/\\\/shopatoa.com\\\/ro\\\/kneipp-sare-de-baie-vis-de-lavanda-600-g\\\/#breadcrumb\",\"itemListElement\":[{\"@type\":\"ListItem\",\"position\":1,\"name\":\"Dom\u016f\",\"item\":\"https:\\\/\\\/shopatoa.com\\\/ro\\\/\"},{\"@type\":\"ListItem\",\"position\":2,\"name\":\"Shop\",\"item\":\"https:\\\/\\\/shopatoa.com\\\/ro\\\/shop\\\/\"},{\"@type\":\"ListItem\",\"position\":3,\"name\":\"Cosmetice\",\"item\":\"https:\\\/\\\/shopatoa.com\\\/ro\\\/cosmetice\\\/\"},{\"@type\":\"ListItem\",\"position\":4,\"name\":\"Produse cosmetice pentru corp\",\"item\":\"https:\\\/\\\/shopatoa.com\\\/ro\\\/produse-cosmetice-pentru-corp\\\/\"},{\"@type\":\"ListItem\",\"position\":5,\"name\":\"Cosmetice pentru du\u0219 \u0219i baie\",\"item\":\"https:\\\/\\\/shopatoa.com\\\/ro\\\/cosmetice-pentru-dus-si-baie\\\/\"},{\"@type\":\"ListItem\",\"position\":6,\"name\":\"Kneipp Sare de baie Vis de lavand\u0103 600 g\"}]},{\"@type\":\"WebSite\",\"@id\":\"https:\\\/\\\/shopatoa.com\\\/ro\\\/#website\",\"url\":\"https:\\\/\\\/shopatoa.com\\\/ro\\\/\",\"name\":\"SHOPATOA\",\"description\":\"\",\"publisher\":{\"@id\":\"https:\\\/\\\/shopatoa.com\\\/ro\\\/#organization\"},\"potentialAction\":[{\"@type\":\"SearchAction\",\"target\":{\"@type\":\"EntryPoint\",\"urlTemplate\":\"https:\\\/\\\/shopatoa.com\\\/ro\\\/?s={search_term_string}\"},\"query-input\":{\"@type\":\"PropertyValueSpecification\",\"valueRequired\":true,\"valueName\":\"search_term_string\"}}],\"inLanguage\":\"ro-RO\"},{\"@type\":\"Organization\",\"@id\":\"https:\\\/\\\/shopatoa.com\\\/ro\\\/#organization\",\"name\":\"SHOPATOA\",\"url\":\"https:\\\/\\\/shopatoa.com\\\/ro\\\/\",\"logo\":{\"@type\":\"ImageObject\",\"inLanguage\":\"ro-RO\",\"@id\":\"https:\\\/\\\/shopatoa.com\\\/ro\\\/#\\\/schema\\\/logo\\\/image\\\/\",\"url\":\"https:\\\/\\\/storage.googleapis.com\\\/cz-shopatoa-img\\\/ro\\\/b4dac915-shopatoa_logo.png\",\"contentUrl\":\"https:\\\/\\\/storage.googleapis.com\\\/cz-shopatoa-img\\\/ro\\\/b4dac915-shopatoa_logo.png\",\"width\":416,\"height\":63,\"caption\":\"SHOPATOA\"},\"image\":{\"@id\":\"https:\\\/\\\/shopatoa.com\\\/ro\\\/#\\\/schema\\\/logo\\\/image\\\/\"}}]}<\/script>\n<!-- \/ Yoast SEO plugin. -->","yoast_head_json":{"title":"Kneipp Sare de baie Vis de lavand\u0103 600 g - SHOPATOA.COM","robots":{"index":"index","follow":"follow","max-snippet":"max-snippet:-1","max-image-preview":"max-image-preview:large","max-video-preview":"max-video-preview:-1"},"canonical":"https:\/\/shopatoa.com\/ro\/kneipp-sare-de-baie-vis-de-lavanda-600-g\/","og_locale":"ro_RO","og_type":"article","og_title":"Kneipp Sare de baie Vis de lavand\u0103 600 g - SHOPATOA.COM","og_description":"Pentru eliberare \u0219i relaxare dup\u0103 o zi plin\u0103 de stres \u0219i agita\u021bie. Sare termic\u0103 din minele subterane din Germania, \u00een v\u00e2rst\u0103 de mai mult de 250 de milioane de ani. In sarea de baie Kneipp\u00ae se g\u0103se\u0219te \u00eentr-un volum concentrat (98%), care are acela\u0219i efect ca \u0219i cum ai fi \u00een aerul de mare. Propriet\u0103\u021bile...","og_url":"https:\/\/shopatoa.com\/ro\/kneipp-sare-de-baie-vis-de-lavanda-600-g\/","og_site_name":"SHOPATOA","article_modified_time":"2025-12-12T10:04:47+00:00","og_image":[{"width":800,"height":800,"url":"https:\/\/storage.googleapis.com\/cz-shopatoa-img\/ro\/560b4ce5-unnamed-file.webp","type":"image\/webp"}],"twitter_card":"summary_large_image","twitter_misc":{"Timp estimat pentru citire":"1 minut"},"schema":{"@context":"https:\/\/schema.org","@graph":[{"@type":"WebPage","@id":"https:\/\/shopatoa.com\/ro\/kneipp-sare-de-baie-vis-de-lavanda-600-g\/","url":"https:\/\/shopatoa.com\/ro\/kneipp-sare-de-baie-vis-de-lavanda-600-g\/","name":"Kneipp Sare de baie Vis de lavand\u0103 600 g - SHOPATOA.COM","isPartOf":{"@id":"https:\/\/shopatoa.com\/ro\/#website"},"primaryImageOfPage":{"@id":"https:\/\/shopatoa.com\/ro\/kneipp-sare-de-baie-vis-de-lavanda-600-g\/#primaryimage"},"image":{"@id":"https:\/\/shopatoa.com\/ro\/kneipp-sare-de-baie-vis-de-lavanda-600-g\/#primaryimage"},"thumbnailUrl":"https:\/\/storage.googleapis.com\/cz-shopatoa-img\/ro\/560b4ce5-unnamed-file.webp","datePublished":"2025-04-25T13:06:16+00:00","dateModified":"2025-12-12T10:04:47+00:00","breadcrumb":{"@id":"https:\/\/shopatoa.com\/ro\/kneipp-sare-de-baie-vis-de-lavanda-600-g\/#breadcrumb"},"inLanguage":"ro-RO","potentialAction":[{"@type":"ReadAction","target":["https:\/\/shopatoa.com\/ro\/kneipp-sare-de-baie-vis-de-lavanda-600-g\/"]}]},{"@type":"ImageObject","inLanguage":"ro-RO","@id":"https:\/\/shopatoa.com\/ro\/kneipp-sare-de-baie-vis-de-lavanda-600-g\/#primaryimage","url":"https:\/\/storage.googleapis.com\/cz-shopatoa-img\/ro\/560b4ce5-unnamed-file.webp","contentUrl":"https:\/\/storage.googleapis.com\/cz-shopatoa-img\/ro\/560b4ce5-unnamed-file.webp","width":800,"height":800},{"@type":"BreadcrumbList","@id":"https:\/\/shopatoa.com\/ro\/kneipp-sare-de-baie-vis-de-lavanda-600-g\/#breadcrumb","itemListElement":[{"@type":"ListItem","position":1,"name":"Dom\u016f","item":"https:\/\/shopatoa.com\/ro\/"},{"@type":"ListItem","position":2,"name":"Shop","item":"https:\/\/shopatoa.com\/ro\/shop\/"},{"@type":"ListItem","position":3,"name":"Cosmetice","item":"https:\/\/shopatoa.com\/ro\/cosmetice\/"},{"@type":"ListItem","position":4,"name":"Produse cosmetice pentru corp","item":"https:\/\/shopatoa.com\/ro\/produse-cosmetice-pentru-corp\/"},{"@type":"ListItem","position":5,"name":"Cosmetice pentru du\u0219 \u0219i baie","item":"https:\/\/shopatoa.com\/ro\/cosmetice-pentru-dus-si-baie\/"},{"@type":"ListItem","position":6,"name":"Kneipp Sare de baie Vis de lavand\u0103 600 g"}]},{"@type":"WebSite","@id":"https:\/\/shopatoa.com\/ro\/#website","url":"https:\/\/shopatoa.com\/ro\/","name":"SHOPATOA","description":"","publisher":{"@id":"https:\/\/shopatoa.com\/ro\/#organization"},"potentialAction":[{"@type":"SearchAction","target":{"@type":"EntryPoint","urlTemplate":"https:\/\/shopatoa.com\/ro\/?s={search_term_string}"},"query-input":{"@type":"PropertyValueSpecification","valueRequired":true,"valueName":"search_term_string"}}],"inLanguage":"ro-RO"},{"@type":"Organization","@id":"https:\/\/shopatoa.com\/ro\/#organization","name":"SHOPATOA","url":"https:\/\/shopatoa.com\/ro\/","logo":{"@type":"ImageObject","inLanguage":"ro-RO","@id":"https:\/\/shopatoa.com\/ro\/#\/schema\/logo\/image\/","url":"https:\/\/storage.googleapis.com\/cz-shopatoa-img\/ro\/b4dac915-shopatoa_logo.png","contentUrl":"https:\/\/storage.googleapis.com\/cz-shopatoa-img\/ro\/b4dac915-shopatoa_logo.png","width":416,"height":63,"caption":"SHOPATOA"},"image":{"@id":"https:\/\/shopatoa.com\/ro\/#\/schema\/logo\/image\/"}}]}},"_links":{"self":[{"href":"https:\/\/shopatoa.com\/ro\/wp-json\/wp\/v2\/product\/251804","targetHints":{"allow":["GET"]}}],"collection":[{"href":"https:\/\/shopatoa.com\/ro\/wp-json\/wp\/v2\/product"}],"about":[{"href":"https:\/\/shopatoa.com\/ro\/wp-json\/wp\/v2\/types\/product"}],"replies":[{"embeddable":true,"href":"https:\/\/shopatoa.com\/ro\/wp-json\/wp\/v2\/comments?post=251804"}],"wp:featuredmedia":[{"embeddable":true,"href":"https:\/\/shopatoa.com\/ro\/wp-json\/wp\/v2\/media\/251805"}],"wp:attachment":[{"href":"https:\/\/shopatoa.com\/ro\/wp-json\/wp\/v2\/media?parent=251804"}],"wp:term":[{"taxonomy":"product_brand","embeddable":true,"href":"https:\/\/shopatoa.com\/ro\/wp-json\/wp\/v2\/product_brand?post=251804"},{"taxonomy":"product_cat","embeddable":true,"href":"https:\/\/shopatoa.com\/ro\/wp-json\/wp\/v2\/product_cat?post=251804"},{"taxonomy":"product_tag","embeddable":true,"href":"https:\/\/shopatoa.com\/ro\/wp-json\/wp\/v2\/product_tag?post=251804"}],"curies":[{"name":"wp","href":"https:\/\/api.w.org\/{rel}","templated":true}]}}