{"id":251808,"date":"2025-04-25T15:06:35","date_gmt":"2025-04-25T13:06:35","guid":{"rendered":"https:\/\/shopatoa.com\/ro\/matrix-sampon-pentru-parul-vopsit-total-results-keep-me-vivid-pearl-infusion-shampoo-300-ml\/"},"modified":"2025-11-09T09:24:32","modified_gmt":"2025-11-09T08:24:32","slug":"matrix-sampon-pentru-parul-vopsit-total-results-keep-me-vivid-pearl-infusion-shampoo-300-ml","status":"publish","type":"product","link":"https:\/\/shopatoa.com\/ro\/matrix-sampon-pentru-parul-vopsit-total-results-keep-me-vivid-pearl-infusion-shampoo-300-ml\/","title":{"rendered":"Matrix Sampon pentru p\u0103rul vopsit Total Results Keep Me Vivid (Pearl Infusion Shampoo) 300 ml"},"content":{"rendered":"<p>Samponul pentru p\u0103rul vopsit Total Results Keep Me Vivid spal\u0103 perfect p\u0103rul \u0219i cur\u0103\u021b\u0103 scalpul. \u00cen acela\u0219i timp, \u0219amponul prelunge\u0219te durata culorii \u0219i parfumeaz\u0103 p\u0103rul cu un parfum delicat. Rezultatul este p\u0103rul curat, moale \u0219i s\u0103n\u0103tos cu aspect complet.<\/p>\n","protected":false},"excerpt":{"rendered":"<p>Samponul pentru p\u0103rul vopsit Total Results Keep Me Vivid spal\u0103 perfect p\u0103rul \u0219i cur\u0103\u021b\u0103 scalpul. \u00cen acela\u0219i timp, \u0219amponul prelunge\u0219te durata culorii \u0219i parfumeaz\u0103 p\u0103rul cu un parfum delicat. Rezultatul este p\u0103rul curat, moale \u0219i s\u0103n\u0103tos cu aspect complet.<\/p>\n","protected":false},"featured_media":251809,"comment_status":"closed","ping_status":"closed","template":"","meta":{"_acf_changed":false,"_kadence_starter_templates_imported_post":false,"_kad_post_transparent":"default","_kad_post_title":"","_kad_post_layout":"default","_kad_post_sidebar_id":"","_kad_post_content_style":"default","_kad_post_vertical_padding":"default","_kad_post_feature":"","_kad_post_feature_position":"","_kad_post_header":false,"_kad_post_footer":false,"_kad_post_classname":""},"product_brand":[93],"product_cat":[246,644,623,645],"product_tag":[],"class_list":{"0":"post-251808","1":"product","2":"type-product","3":"status-publish","4":"has-post-thumbnail","6":"product_brand-matrix","7":"product_cat-cosmetice","8":"product_cat-cosmetice-pentru-spalarea-parului","9":"product_cat-produse-cosmetice-pentru-par","10":"product_cat-sampoanele","12":"first","13":"instock","14":"sale","15":"product-type-external","16":"entry","17":"content-bg","18":"loop-entry"},"acf":[],"yoast_head":"<!-- This site is optimized with the Yoast SEO plugin v27.3 - https:\/\/yoast.com\/product\/yoast-seo-wordpress\/ -->\n<title>Matrix Sampon pentru p\u0103rul vopsit Total Results Keep Me Vivid (Pearl Infusion Shampoo) 300 ml - SHOPATOA.COM<\/title>\n<meta name=\"robots\" content=\"index, follow, max-snippet:-1, max-image-preview:large, max-video-preview:-1\" \/>\n<link rel=\"canonical\" href=\"https:\/\/shopatoa.com\/ro\/matrix-sampon-pentru-parul-vopsit-total-results-keep-me-vivid-pearl-infusion-shampoo-300-ml\/\" \/>\n<meta property=\"og:locale\" content=\"ro_RO\" \/>\n<meta property=\"og:type\" content=\"article\" \/>\n<meta property=\"og:title\" content=\"Matrix Sampon pentru p\u0103rul vopsit Total Results Keep Me Vivid (Pearl Infusion Shampoo) 300 ml - SHOPATOA.COM\" \/>\n<meta property=\"og:description\" content=\"Samponul pentru p\u0103rul vopsit Total Results Keep Me Vivid spal\u0103 perfect p\u0103rul \u0219i cur\u0103\u021b\u0103 scalpul. \u00cen acela\u0219i timp, \u0219amponul prelunge\u0219te durata culorii \u0219i parfumeaz\u0103 p\u0103rul cu un parfum delicat. Rezultatul este p\u0103rul curat, moale \u0219i s\u0103n\u0103tos cu aspect complet.\" \/>\n<meta property=\"og:url\" content=\"https:\/\/shopatoa.com\/ro\/matrix-sampon-pentru-parul-vopsit-total-results-keep-me-vivid-pearl-infusion-shampoo-300-ml\/\" \/>\n<meta property=\"og:site_name\" content=\"SHOPATOA\" \/>\n<meta property=\"article:modified_time\" content=\"2025-11-09T08:24:32+00:00\" \/>\n<meta property=\"og:image\" content=\"https:\/\/storage.googleapis.com\/cz-shopatoa-img\/ro\/6b0d6fb0-unnamed-file.webp\" \/>\n\t<meta property=\"og:image:width\" content=\"800\" \/>\n\t<meta property=\"og:image:height\" content=\"800\" \/>\n\t<meta property=\"og:image:type\" content=\"image\/webp\" \/>\n<meta name=\"twitter:card\" content=\"summary_large_image\" \/>\n<meta name=\"twitter:label1\" content=\"Timp estimat pentru citire\" \/>\n\t<meta name=\"twitter:data1\" content=\"1 minut\" \/>\n<script type=\"application\/ld+json\" class=\"yoast-schema-graph\">{\"@context\":\"https:\\\/\\\/schema.org\",\"@graph\":[{\"@type\":\"WebPage\",\"@id\":\"https:\\\/\\\/shopatoa.com\\\/ro\\\/matrix-sampon-pentru-parul-vopsit-total-results-keep-me-vivid-pearl-infusion-shampoo-300-ml\\\/\",\"url\":\"https:\\\/\\\/shopatoa.com\\\/ro\\\/matrix-sampon-pentru-parul-vopsit-total-results-keep-me-vivid-pearl-infusion-shampoo-300-ml\\\/\",\"name\":\"Matrix Sampon pentru p\u0103rul vopsit Total Results Keep Me Vivid (Pearl Infusion Shampoo) 300 ml - SHOPATOA.COM\",\"isPartOf\":{\"@id\":\"https:\\\/\\\/shopatoa.com\\\/ro\\\/#website\"},\"primaryImageOfPage\":{\"@id\":\"https:\\\/\\\/shopatoa.com\\\/ro\\\/matrix-sampon-pentru-parul-vopsit-total-results-keep-me-vivid-pearl-infusion-shampoo-300-ml\\\/#primaryimage\"},\"image\":{\"@id\":\"https:\\\/\\\/shopatoa.com\\\/ro\\\/matrix-sampon-pentru-parul-vopsit-total-results-keep-me-vivid-pearl-infusion-shampoo-300-ml\\\/#primaryimage\"},\"thumbnailUrl\":\"https:\\\/\\\/storage.googleapis.com\\\/cz-shopatoa-img\\\/ro\\\/6b0d6fb0-unnamed-file.webp\",\"datePublished\":\"2025-04-25T13:06:35+00:00\",\"dateModified\":\"2025-11-09T08:24:32+00:00\",\"breadcrumb\":{\"@id\":\"https:\\\/\\\/shopatoa.com\\\/ro\\\/matrix-sampon-pentru-parul-vopsit-total-results-keep-me-vivid-pearl-infusion-shampoo-300-ml\\\/#breadcrumb\"},\"inLanguage\":\"ro-RO\",\"potentialAction\":[{\"@type\":\"ReadAction\",\"target\":[\"https:\\\/\\\/shopatoa.com\\\/ro\\\/matrix-sampon-pentru-parul-vopsit-total-results-keep-me-vivid-pearl-infusion-shampoo-300-ml\\\/\"]}]},{\"@type\":\"ImageObject\",\"inLanguage\":\"ro-RO\",\"@id\":\"https:\\\/\\\/shopatoa.com\\\/ro\\\/matrix-sampon-pentru-parul-vopsit-total-results-keep-me-vivid-pearl-infusion-shampoo-300-ml\\\/#primaryimage\",\"url\":\"https:\\\/\\\/storage.googleapis.com\\\/cz-shopatoa-img\\\/ro\\\/6b0d6fb0-unnamed-file.webp\",\"contentUrl\":\"https:\\\/\\\/storage.googleapis.com\\\/cz-shopatoa-img\\\/ro\\\/6b0d6fb0-unnamed-file.webp\",\"width\":800,\"height\":800},{\"@type\":\"BreadcrumbList\",\"@id\":\"https:\\\/\\\/shopatoa.com\\\/ro\\\/matrix-sampon-pentru-parul-vopsit-total-results-keep-me-vivid-pearl-infusion-shampoo-300-ml\\\/#breadcrumb\",\"itemListElement\":[{\"@type\":\"ListItem\",\"position\":1,\"name\":\"Dom\u016f\",\"item\":\"https:\\\/\\\/shopatoa.com\\\/ro\\\/\"},{\"@type\":\"ListItem\",\"position\":2,\"name\":\"Shop\",\"item\":\"https:\\\/\\\/shopatoa.com\\\/ro\\\/shop\\\/\"},{\"@type\":\"ListItem\",\"position\":3,\"name\":\"Cosmetice\",\"item\":\"https:\\\/\\\/shopatoa.com\\\/ro\\\/cosmetice\\\/\"},{\"@type\":\"ListItem\",\"position\":4,\"name\":\"Produse cosmetice pentru p\u0103r\",\"item\":\"https:\\\/\\\/shopatoa.com\\\/ro\\\/produse-cosmetice-pentru-par\\\/\"},{\"@type\":\"ListItem\",\"position\":5,\"name\":\"Cosmetice pentru sp\u0103larea p\u0103rului\",\"item\":\"https:\\\/\\\/shopatoa.com\\\/ro\\\/cosmetice-pentru-spalarea-parului\\\/\"},{\"@type\":\"ListItem\",\"position\":6,\"name\":\"Sampoanele\",\"item\":\"https:\\\/\\\/shopatoa.com\\\/ro\\\/sampoanele\\\/\"},{\"@type\":\"ListItem\",\"position\":7,\"name\":\"Matrix Sampon pentru p\u0103rul vopsit Total Results Keep Me Vivid (Pearl Infusion Shampoo) 300 ml\"}]},{\"@type\":\"WebSite\",\"@id\":\"https:\\\/\\\/shopatoa.com\\\/ro\\\/#website\",\"url\":\"https:\\\/\\\/shopatoa.com\\\/ro\\\/\",\"name\":\"SHOPATOA\",\"description\":\"\",\"publisher\":{\"@id\":\"https:\\\/\\\/shopatoa.com\\\/ro\\\/#organization\"},\"potentialAction\":[{\"@type\":\"SearchAction\",\"target\":{\"@type\":\"EntryPoint\",\"urlTemplate\":\"https:\\\/\\\/shopatoa.com\\\/ro\\\/?s={search_term_string}\"},\"query-input\":{\"@type\":\"PropertyValueSpecification\",\"valueRequired\":true,\"valueName\":\"search_term_string\"}}],\"inLanguage\":\"ro-RO\"},{\"@type\":\"Organization\",\"@id\":\"https:\\\/\\\/shopatoa.com\\\/ro\\\/#organization\",\"name\":\"SHOPATOA\",\"url\":\"https:\\\/\\\/shopatoa.com\\\/ro\\\/\",\"logo\":{\"@type\":\"ImageObject\",\"inLanguage\":\"ro-RO\",\"@id\":\"https:\\\/\\\/shopatoa.com\\\/ro\\\/#\\\/schema\\\/logo\\\/image\\\/\",\"url\":\"https:\\\/\\\/storage.googleapis.com\\\/cz-shopatoa-img\\\/ro\\\/b4dac915-shopatoa_logo.png\",\"contentUrl\":\"https:\\\/\\\/storage.googleapis.com\\\/cz-shopatoa-img\\\/ro\\\/b4dac915-shopatoa_logo.png\",\"width\":416,\"height\":63,\"caption\":\"SHOPATOA\"},\"image\":{\"@id\":\"https:\\\/\\\/shopatoa.com\\\/ro\\\/#\\\/schema\\\/logo\\\/image\\\/\"}}]}<\/script>\n<!-- \/ Yoast SEO plugin. -->","yoast_head_json":{"title":"Matrix Sampon pentru p\u0103rul vopsit Total Results Keep Me Vivid (Pearl Infusion Shampoo) 300 ml - SHOPATOA.COM","robots":{"index":"index","follow":"follow","max-snippet":"max-snippet:-1","max-image-preview":"max-image-preview:large","max-video-preview":"max-video-preview:-1"},"canonical":"https:\/\/shopatoa.com\/ro\/matrix-sampon-pentru-parul-vopsit-total-results-keep-me-vivid-pearl-infusion-shampoo-300-ml\/","og_locale":"ro_RO","og_type":"article","og_title":"Matrix Sampon pentru p\u0103rul vopsit Total Results Keep Me Vivid (Pearl Infusion Shampoo) 300 ml - SHOPATOA.COM","og_description":"Samponul pentru p\u0103rul vopsit Total Results Keep Me Vivid spal\u0103 perfect p\u0103rul \u0219i cur\u0103\u021b\u0103 scalpul. \u00cen acela\u0219i timp, \u0219amponul prelunge\u0219te durata culorii \u0219i parfumeaz\u0103 p\u0103rul cu un parfum delicat. Rezultatul este p\u0103rul curat, moale \u0219i s\u0103n\u0103tos cu aspect complet.","og_url":"https:\/\/shopatoa.com\/ro\/matrix-sampon-pentru-parul-vopsit-total-results-keep-me-vivid-pearl-infusion-shampoo-300-ml\/","og_site_name":"SHOPATOA","article_modified_time":"2025-11-09T08:24:32+00:00","og_image":[{"width":800,"height":800,"url":"https:\/\/storage.googleapis.com\/cz-shopatoa-img\/ro\/6b0d6fb0-unnamed-file.webp","type":"image\/webp"}],"twitter_card":"summary_large_image","twitter_misc":{"Timp estimat pentru citire":"1 minut"},"schema":{"@context":"https:\/\/schema.org","@graph":[{"@type":"WebPage","@id":"https:\/\/shopatoa.com\/ro\/matrix-sampon-pentru-parul-vopsit-total-results-keep-me-vivid-pearl-infusion-shampoo-300-ml\/","url":"https:\/\/shopatoa.com\/ro\/matrix-sampon-pentru-parul-vopsit-total-results-keep-me-vivid-pearl-infusion-shampoo-300-ml\/","name":"Matrix Sampon pentru p\u0103rul vopsit Total Results Keep Me Vivid (Pearl Infusion Shampoo) 300 ml - SHOPATOA.COM","isPartOf":{"@id":"https:\/\/shopatoa.com\/ro\/#website"},"primaryImageOfPage":{"@id":"https:\/\/shopatoa.com\/ro\/matrix-sampon-pentru-parul-vopsit-total-results-keep-me-vivid-pearl-infusion-shampoo-300-ml\/#primaryimage"},"image":{"@id":"https:\/\/shopatoa.com\/ro\/matrix-sampon-pentru-parul-vopsit-total-results-keep-me-vivid-pearl-infusion-shampoo-300-ml\/#primaryimage"},"thumbnailUrl":"https:\/\/storage.googleapis.com\/cz-shopatoa-img\/ro\/6b0d6fb0-unnamed-file.webp","datePublished":"2025-04-25T13:06:35+00:00","dateModified":"2025-11-09T08:24:32+00:00","breadcrumb":{"@id":"https:\/\/shopatoa.com\/ro\/matrix-sampon-pentru-parul-vopsit-total-results-keep-me-vivid-pearl-infusion-shampoo-300-ml\/#breadcrumb"},"inLanguage":"ro-RO","potentialAction":[{"@type":"ReadAction","target":["https:\/\/shopatoa.com\/ro\/matrix-sampon-pentru-parul-vopsit-total-results-keep-me-vivid-pearl-infusion-shampoo-300-ml\/"]}]},{"@type":"ImageObject","inLanguage":"ro-RO","@id":"https:\/\/shopatoa.com\/ro\/matrix-sampon-pentru-parul-vopsit-total-results-keep-me-vivid-pearl-infusion-shampoo-300-ml\/#primaryimage","url":"https:\/\/storage.googleapis.com\/cz-shopatoa-img\/ro\/6b0d6fb0-unnamed-file.webp","contentUrl":"https:\/\/storage.googleapis.com\/cz-shopatoa-img\/ro\/6b0d6fb0-unnamed-file.webp","width":800,"height":800},{"@type":"BreadcrumbList","@id":"https:\/\/shopatoa.com\/ro\/matrix-sampon-pentru-parul-vopsit-total-results-keep-me-vivid-pearl-infusion-shampoo-300-ml\/#breadcrumb","itemListElement":[{"@type":"ListItem","position":1,"name":"Dom\u016f","item":"https:\/\/shopatoa.com\/ro\/"},{"@type":"ListItem","position":2,"name":"Shop","item":"https:\/\/shopatoa.com\/ro\/shop\/"},{"@type":"ListItem","position":3,"name":"Cosmetice","item":"https:\/\/shopatoa.com\/ro\/cosmetice\/"},{"@type":"ListItem","position":4,"name":"Produse cosmetice pentru p\u0103r","item":"https:\/\/shopatoa.com\/ro\/produse-cosmetice-pentru-par\/"},{"@type":"ListItem","position":5,"name":"Cosmetice pentru sp\u0103larea p\u0103rului","item":"https:\/\/shopatoa.com\/ro\/cosmetice-pentru-spalarea-parului\/"},{"@type":"ListItem","position":6,"name":"Sampoanele","item":"https:\/\/shopatoa.com\/ro\/sampoanele\/"},{"@type":"ListItem","position":7,"name":"Matrix Sampon pentru p\u0103rul vopsit Total Results Keep Me Vivid (Pearl Infusion Shampoo) 300 ml"}]},{"@type":"WebSite","@id":"https:\/\/shopatoa.com\/ro\/#website","url":"https:\/\/shopatoa.com\/ro\/","name":"SHOPATOA","description":"","publisher":{"@id":"https:\/\/shopatoa.com\/ro\/#organization"},"potentialAction":[{"@type":"SearchAction","target":{"@type":"EntryPoint","urlTemplate":"https:\/\/shopatoa.com\/ro\/?s={search_term_string}"},"query-input":{"@type":"PropertyValueSpecification","valueRequired":true,"valueName":"search_term_string"}}],"inLanguage":"ro-RO"},{"@type":"Organization","@id":"https:\/\/shopatoa.com\/ro\/#organization","name":"SHOPATOA","url":"https:\/\/shopatoa.com\/ro\/","logo":{"@type":"ImageObject","inLanguage":"ro-RO","@id":"https:\/\/shopatoa.com\/ro\/#\/schema\/logo\/image\/","url":"https:\/\/storage.googleapis.com\/cz-shopatoa-img\/ro\/b4dac915-shopatoa_logo.png","contentUrl":"https:\/\/storage.googleapis.com\/cz-shopatoa-img\/ro\/b4dac915-shopatoa_logo.png","width":416,"height":63,"caption":"SHOPATOA"},"image":{"@id":"https:\/\/shopatoa.com\/ro\/#\/schema\/logo\/image\/"}}]}},"_links":{"self":[{"href":"https:\/\/shopatoa.com\/ro\/wp-json\/wp\/v2\/product\/251808","targetHints":{"allow":["GET"]}}],"collection":[{"href":"https:\/\/shopatoa.com\/ro\/wp-json\/wp\/v2\/product"}],"about":[{"href":"https:\/\/shopatoa.com\/ro\/wp-json\/wp\/v2\/types\/product"}],"replies":[{"embeddable":true,"href":"https:\/\/shopatoa.com\/ro\/wp-json\/wp\/v2\/comments?post=251808"}],"wp:featuredmedia":[{"embeddable":true,"href":"https:\/\/shopatoa.com\/ro\/wp-json\/wp\/v2\/media\/251809"}],"wp:attachment":[{"href":"https:\/\/shopatoa.com\/ro\/wp-json\/wp\/v2\/media?parent=251808"}],"wp:term":[{"taxonomy":"product_brand","embeddable":true,"href":"https:\/\/shopatoa.com\/ro\/wp-json\/wp\/v2\/product_brand?post=251808"},{"taxonomy":"product_cat","embeddable":true,"href":"https:\/\/shopatoa.com\/ro\/wp-json\/wp\/v2\/product_cat?post=251808"},{"taxonomy":"product_tag","embeddable":true,"href":"https:\/\/shopatoa.com\/ro\/wp-json\/wp\/v2\/product_tag?post=251808"}],"curies":[{"name":"wp","href":"https:\/\/api.w.org\/{rel}","templated":true}]}}