{"id":251818,"date":"2025-04-25T15:10:24","date_gmt":"2025-04-25T13:10:24","guid":{"rendered":"https:\/\/shopatoa.com\/ro\/david-beckham-classic-blue-deodorant-spray-150-ml\/"},"modified":"2025-12-12T11:02:56","modified_gmt":"2025-12-12T10:02:56","slug":"david-beckham-classic-blue-deodorant-spray-150-ml","status":"publish","type":"product","link":"https:\/\/shopatoa.com\/ro\/david-beckham-classic-blue-deodorant-spray-150-ml\/","title":{"rendered":"David Beckham Classic Blue &#8211; deodorant spray 150 ml"},"content":{"rendered":"<p>David Beckham a prezentat \u00een anul 2013 parfumul Classic, care este dedicat b\u0103rba\u021bilor care au stil. Acum vine cu un nou parfum Classic Blue, care este inspirat de stilul \u0219i elegan\u021ba sa clasic\u0103, combinate cu detalii moderne. David Beckham \u00eensu\u0219i prezint\u0103 acest parfum ca \u201eo interpretare modern\u0103 a unui parfum clasic atemporal\u201d. Dl. Jean-Christophe Herault se afl\u0103 \u00een spatele cre\u0103rii acestei noi edi\u021bii. Compozi\u021bia este mai \u00eendr\u0103znea\u021b\u0103 dec\u00e2t parfumul clasic original. Primele note sunt acorduri timide de ananas, grapefruit \u0219i frunze de violete. Inima este format\u0103 din geranium, salvie \u0219i m\u0103r. \u00cen dep\u0103rtare &#8211; \u00eentr-o p\u0103dure deas\u0103, v\u0103 va fermeca ca\u0219mirul, paciuli \u0219i mu\u0219chiul.<\/p>\n","protected":false},"excerpt":{"rendered":"<p>David Beckham a prezentat \u00een anul 2013 parfumul Classic, care este dedicat b\u0103rba\u021bilor care au stil. Acum vine cu un nou parfum Classic Blue, care este inspirat de stilul \u0219i elegan\u021ba sa clasic\u0103, combinate cu detalii moderne. David Beckham \u00eensu\u0219i prezint\u0103 acest parfum ca \u201eo interpretare modern\u0103 a unui parfum clasic atemporal\u201d. Dl. Jean-Christophe Herault&#8230;<\/p>\n","protected":false},"featured_media":251819,"comment_status":"closed","ping_status":"open","template":"","meta":{"_acf_changed":false,"_kadence_starter_templates_imported_post":false,"_kad_post_transparent":"","_kad_post_title":"","_kad_post_layout":"","_kad_post_sidebar_id":"","_kad_post_content_style":"","_kad_post_vertical_padding":"","_kad_post_feature":"","_kad_post_feature_position":"","_kad_post_header":false,"_kad_post_footer":false,"_kad_post_classname":""},"product_brand":[99],"product_cat":[646,246,611],"product_tag":[],"class_list":{"0":"post-251818","1":"product","2":"type-product","3":"status-publish","4":"has-post-thumbnail","6":"product_brand-david-beckham","7":"product_cat-antiperspirante-si-deodorante","8":"product_cat-cosmetice","9":"product_cat-produse-cosmetice-pentru-corp","11":"first","12":"instock","13":"sale","14":"product-type-external","15":"entry","16":"content-bg","17":"loop-entry"},"acf":[],"yoast_head":"<!-- This site is optimized with the Yoast SEO plugin v27.3 - https:\/\/yoast.com\/product\/yoast-seo-wordpress\/ -->\n<title>David Beckham Classic Blue - deodorant spray 150 ml - SHOPATOA.COM<\/title>\n<meta name=\"robots\" content=\"index, follow, max-snippet:-1, max-image-preview:large, max-video-preview:-1\" \/>\n<link rel=\"canonical\" href=\"https:\/\/shopatoa.com\/ro\/david-beckham-classic-blue-deodorant-spray-150-ml\/\" \/>\n<meta property=\"og:locale\" content=\"ro_RO\" \/>\n<meta property=\"og:type\" content=\"article\" \/>\n<meta property=\"og:title\" content=\"David Beckham Classic Blue - deodorant spray 150 ml - SHOPATOA.COM\" \/>\n<meta property=\"og:description\" content=\"David Beckham a prezentat \u00een anul 2013 parfumul Classic, care este dedicat b\u0103rba\u021bilor care au stil. Acum vine cu un nou parfum Classic Blue, care este inspirat de stilul \u0219i elegan\u021ba sa clasic\u0103, combinate cu detalii moderne. David Beckham \u00eensu\u0219i prezint\u0103 acest parfum ca \u201eo interpretare modern\u0103 a unui parfum clasic atemporal\u201d. Dl. Jean-Christophe Herault...\" \/>\n<meta property=\"og:url\" content=\"https:\/\/shopatoa.com\/ro\/david-beckham-classic-blue-deodorant-spray-150-ml\/\" \/>\n<meta property=\"og:site_name\" content=\"SHOPATOA\" \/>\n<meta property=\"article:modified_time\" content=\"2025-12-12T10:02:56+00:00\" \/>\n<meta property=\"og:image\" content=\"https:\/\/storage.googleapis.com\/cz-shopatoa-img\/ro\/696d829d-unnamed-file.webp\" \/>\n\t<meta property=\"og:image:width\" content=\"800\" \/>\n\t<meta property=\"og:image:height\" content=\"800\" \/>\n\t<meta property=\"og:image:type\" content=\"image\/webp\" \/>\n<meta name=\"twitter:card\" content=\"summary_large_image\" \/>\n<meta name=\"twitter:label1\" content=\"Timp estimat pentru citire\" \/>\n\t<meta name=\"twitter:data1\" content=\"1 minut\" \/>\n<script type=\"application\/ld+json\" class=\"yoast-schema-graph\">{\"@context\":\"https:\\\/\\\/schema.org\",\"@graph\":[{\"@type\":\"WebPage\",\"@id\":\"https:\\\/\\\/shopatoa.com\\\/ro\\\/david-beckham-classic-blue-deodorant-spray-150-ml\\\/\",\"url\":\"https:\\\/\\\/shopatoa.com\\\/ro\\\/david-beckham-classic-blue-deodorant-spray-150-ml\\\/\",\"name\":\"David Beckham Classic Blue - deodorant spray 150 ml - SHOPATOA.COM\",\"isPartOf\":{\"@id\":\"https:\\\/\\\/shopatoa.com\\\/ro\\\/#website\"},\"primaryImageOfPage\":{\"@id\":\"https:\\\/\\\/shopatoa.com\\\/ro\\\/david-beckham-classic-blue-deodorant-spray-150-ml\\\/#primaryimage\"},\"image\":{\"@id\":\"https:\\\/\\\/shopatoa.com\\\/ro\\\/david-beckham-classic-blue-deodorant-spray-150-ml\\\/#primaryimage\"},\"thumbnailUrl\":\"https:\\\/\\\/storage.googleapis.com\\\/cz-shopatoa-img\\\/ro\\\/696d829d-unnamed-file.webp\",\"datePublished\":\"2025-04-25T13:10:24+00:00\",\"dateModified\":\"2025-12-12T10:02:56+00:00\",\"breadcrumb\":{\"@id\":\"https:\\\/\\\/shopatoa.com\\\/ro\\\/david-beckham-classic-blue-deodorant-spray-150-ml\\\/#breadcrumb\"},\"inLanguage\":\"ro-RO\",\"potentialAction\":[{\"@type\":\"ReadAction\",\"target\":[\"https:\\\/\\\/shopatoa.com\\\/ro\\\/david-beckham-classic-blue-deodorant-spray-150-ml\\\/\"]}]},{\"@type\":\"ImageObject\",\"inLanguage\":\"ro-RO\",\"@id\":\"https:\\\/\\\/shopatoa.com\\\/ro\\\/david-beckham-classic-blue-deodorant-spray-150-ml\\\/#primaryimage\",\"url\":\"https:\\\/\\\/storage.googleapis.com\\\/cz-shopatoa-img\\\/ro\\\/696d829d-unnamed-file.webp\",\"contentUrl\":\"https:\\\/\\\/storage.googleapis.com\\\/cz-shopatoa-img\\\/ro\\\/696d829d-unnamed-file.webp\",\"width\":800,\"height\":800},{\"@type\":\"BreadcrumbList\",\"@id\":\"https:\\\/\\\/shopatoa.com\\\/ro\\\/david-beckham-classic-blue-deodorant-spray-150-ml\\\/#breadcrumb\",\"itemListElement\":[{\"@type\":\"ListItem\",\"position\":1,\"name\":\"Dom\u016f\",\"item\":\"https:\\\/\\\/shopatoa.com\\\/ro\\\/\"},{\"@type\":\"ListItem\",\"position\":2,\"name\":\"Shop\",\"item\":\"https:\\\/\\\/shopatoa.com\\\/ro\\\/shop\\\/\"},{\"@type\":\"ListItem\",\"position\":3,\"name\":\"Cosmetice\",\"item\":\"https:\\\/\\\/shopatoa.com\\\/ro\\\/cosmetice\\\/\"},{\"@type\":\"ListItem\",\"position\":4,\"name\":\"Produse cosmetice pentru corp\",\"item\":\"https:\\\/\\\/shopatoa.com\\\/ro\\\/produse-cosmetice-pentru-corp\\\/\"},{\"@type\":\"ListItem\",\"position\":5,\"name\":\"Antiperspirante si deodorante\",\"item\":\"https:\\\/\\\/shopatoa.com\\\/ro\\\/antiperspirante-si-deodorante\\\/\"},{\"@type\":\"ListItem\",\"position\":6,\"name\":\"David Beckham Classic Blue &#8211; deodorant spray 150 ml\"}]},{\"@type\":\"WebSite\",\"@id\":\"https:\\\/\\\/shopatoa.com\\\/ro\\\/#website\",\"url\":\"https:\\\/\\\/shopatoa.com\\\/ro\\\/\",\"name\":\"SHOPATOA\",\"description\":\"\",\"publisher\":{\"@id\":\"https:\\\/\\\/shopatoa.com\\\/ro\\\/#organization\"},\"potentialAction\":[{\"@type\":\"SearchAction\",\"target\":{\"@type\":\"EntryPoint\",\"urlTemplate\":\"https:\\\/\\\/shopatoa.com\\\/ro\\\/?s={search_term_string}\"},\"query-input\":{\"@type\":\"PropertyValueSpecification\",\"valueRequired\":true,\"valueName\":\"search_term_string\"}}],\"inLanguage\":\"ro-RO\"},{\"@type\":\"Organization\",\"@id\":\"https:\\\/\\\/shopatoa.com\\\/ro\\\/#organization\",\"name\":\"SHOPATOA\",\"url\":\"https:\\\/\\\/shopatoa.com\\\/ro\\\/\",\"logo\":{\"@type\":\"ImageObject\",\"inLanguage\":\"ro-RO\",\"@id\":\"https:\\\/\\\/shopatoa.com\\\/ro\\\/#\\\/schema\\\/logo\\\/image\\\/\",\"url\":\"https:\\\/\\\/storage.googleapis.com\\\/cz-shopatoa-img\\\/ro\\\/b4dac915-shopatoa_logo.png\",\"contentUrl\":\"https:\\\/\\\/storage.googleapis.com\\\/cz-shopatoa-img\\\/ro\\\/b4dac915-shopatoa_logo.png\",\"width\":416,\"height\":63,\"caption\":\"SHOPATOA\"},\"image\":{\"@id\":\"https:\\\/\\\/shopatoa.com\\\/ro\\\/#\\\/schema\\\/logo\\\/image\\\/\"}}]}<\/script>\n<!-- \/ Yoast SEO plugin. -->","yoast_head_json":{"title":"David Beckham Classic Blue - deodorant spray 150 ml - SHOPATOA.COM","robots":{"index":"index","follow":"follow","max-snippet":"max-snippet:-1","max-image-preview":"max-image-preview:large","max-video-preview":"max-video-preview:-1"},"canonical":"https:\/\/shopatoa.com\/ro\/david-beckham-classic-blue-deodorant-spray-150-ml\/","og_locale":"ro_RO","og_type":"article","og_title":"David Beckham Classic Blue - deodorant spray 150 ml - SHOPATOA.COM","og_description":"David Beckham a prezentat \u00een anul 2013 parfumul Classic, care este dedicat b\u0103rba\u021bilor care au stil. Acum vine cu un nou parfum Classic Blue, care este inspirat de stilul \u0219i elegan\u021ba sa clasic\u0103, combinate cu detalii moderne. David Beckham \u00eensu\u0219i prezint\u0103 acest parfum ca \u201eo interpretare modern\u0103 a unui parfum clasic atemporal\u201d. Dl. Jean-Christophe Herault...","og_url":"https:\/\/shopatoa.com\/ro\/david-beckham-classic-blue-deodorant-spray-150-ml\/","og_site_name":"SHOPATOA","article_modified_time":"2025-12-12T10:02:56+00:00","og_image":[{"width":800,"height":800,"url":"https:\/\/storage.googleapis.com\/cz-shopatoa-img\/ro\/696d829d-unnamed-file.webp","type":"image\/webp"}],"twitter_card":"summary_large_image","twitter_misc":{"Timp estimat pentru citire":"1 minut"},"schema":{"@context":"https:\/\/schema.org","@graph":[{"@type":"WebPage","@id":"https:\/\/shopatoa.com\/ro\/david-beckham-classic-blue-deodorant-spray-150-ml\/","url":"https:\/\/shopatoa.com\/ro\/david-beckham-classic-blue-deodorant-spray-150-ml\/","name":"David Beckham Classic Blue - deodorant spray 150 ml - SHOPATOA.COM","isPartOf":{"@id":"https:\/\/shopatoa.com\/ro\/#website"},"primaryImageOfPage":{"@id":"https:\/\/shopatoa.com\/ro\/david-beckham-classic-blue-deodorant-spray-150-ml\/#primaryimage"},"image":{"@id":"https:\/\/shopatoa.com\/ro\/david-beckham-classic-blue-deodorant-spray-150-ml\/#primaryimage"},"thumbnailUrl":"https:\/\/storage.googleapis.com\/cz-shopatoa-img\/ro\/696d829d-unnamed-file.webp","datePublished":"2025-04-25T13:10:24+00:00","dateModified":"2025-12-12T10:02:56+00:00","breadcrumb":{"@id":"https:\/\/shopatoa.com\/ro\/david-beckham-classic-blue-deodorant-spray-150-ml\/#breadcrumb"},"inLanguage":"ro-RO","potentialAction":[{"@type":"ReadAction","target":["https:\/\/shopatoa.com\/ro\/david-beckham-classic-blue-deodorant-spray-150-ml\/"]}]},{"@type":"ImageObject","inLanguage":"ro-RO","@id":"https:\/\/shopatoa.com\/ro\/david-beckham-classic-blue-deodorant-spray-150-ml\/#primaryimage","url":"https:\/\/storage.googleapis.com\/cz-shopatoa-img\/ro\/696d829d-unnamed-file.webp","contentUrl":"https:\/\/storage.googleapis.com\/cz-shopatoa-img\/ro\/696d829d-unnamed-file.webp","width":800,"height":800},{"@type":"BreadcrumbList","@id":"https:\/\/shopatoa.com\/ro\/david-beckham-classic-blue-deodorant-spray-150-ml\/#breadcrumb","itemListElement":[{"@type":"ListItem","position":1,"name":"Dom\u016f","item":"https:\/\/shopatoa.com\/ro\/"},{"@type":"ListItem","position":2,"name":"Shop","item":"https:\/\/shopatoa.com\/ro\/shop\/"},{"@type":"ListItem","position":3,"name":"Cosmetice","item":"https:\/\/shopatoa.com\/ro\/cosmetice\/"},{"@type":"ListItem","position":4,"name":"Produse cosmetice pentru corp","item":"https:\/\/shopatoa.com\/ro\/produse-cosmetice-pentru-corp\/"},{"@type":"ListItem","position":5,"name":"Antiperspirante si deodorante","item":"https:\/\/shopatoa.com\/ro\/antiperspirante-si-deodorante\/"},{"@type":"ListItem","position":6,"name":"David Beckham Classic Blue &#8211; deodorant spray 150 ml"}]},{"@type":"WebSite","@id":"https:\/\/shopatoa.com\/ro\/#website","url":"https:\/\/shopatoa.com\/ro\/","name":"SHOPATOA","description":"","publisher":{"@id":"https:\/\/shopatoa.com\/ro\/#organization"},"potentialAction":[{"@type":"SearchAction","target":{"@type":"EntryPoint","urlTemplate":"https:\/\/shopatoa.com\/ro\/?s={search_term_string}"},"query-input":{"@type":"PropertyValueSpecification","valueRequired":true,"valueName":"search_term_string"}}],"inLanguage":"ro-RO"},{"@type":"Organization","@id":"https:\/\/shopatoa.com\/ro\/#organization","name":"SHOPATOA","url":"https:\/\/shopatoa.com\/ro\/","logo":{"@type":"ImageObject","inLanguage":"ro-RO","@id":"https:\/\/shopatoa.com\/ro\/#\/schema\/logo\/image\/","url":"https:\/\/storage.googleapis.com\/cz-shopatoa-img\/ro\/b4dac915-shopatoa_logo.png","contentUrl":"https:\/\/storage.googleapis.com\/cz-shopatoa-img\/ro\/b4dac915-shopatoa_logo.png","width":416,"height":63,"caption":"SHOPATOA"},"image":{"@id":"https:\/\/shopatoa.com\/ro\/#\/schema\/logo\/image\/"}}]}},"_links":{"self":[{"href":"https:\/\/shopatoa.com\/ro\/wp-json\/wp\/v2\/product\/251818","targetHints":{"allow":["GET"]}}],"collection":[{"href":"https:\/\/shopatoa.com\/ro\/wp-json\/wp\/v2\/product"}],"about":[{"href":"https:\/\/shopatoa.com\/ro\/wp-json\/wp\/v2\/types\/product"}],"replies":[{"embeddable":true,"href":"https:\/\/shopatoa.com\/ro\/wp-json\/wp\/v2\/comments?post=251818"}],"wp:featuredmedia":[{"embeddable":true,"href":"https:\/\/shopatoa.com\/ro\/wp-json\/wp\/v2\/media\/251819"}],"wp:attachment":[{"href":"https:\/\/shopatoa.com\/ro\/wp-json\/wp\/v2\/media?parent=251818"}],"wp:term":[{"taxonomy":"product_brand","embeddable":true,"href":"https:\/\/shopatoa.com\/ro\/wp-json\/wp\/v2\/product_brand?post=251818"},{"taxonomy":"product_cat","embeddable":true,"href":"https:\/\/shopatoa.com\/ro\/wp-json\/wp\/v2\/product_cat?post=251818"},{"taxonomy":"product_tag","embeddable":true,"href":"https:\/\/shopatoa.com\/ro\/wp-json\/wp\/v2\/product_tag?post=251818"}],"curies":[{"name":"wp","href":"https:\/\/api.w.org\/{rel}","templated":true}]}}