{"id":252028,"date":"2025-04-25T15:55:04","date_gmt":"2025-04-25T13:55:04","guid":{"rendered":"https:\/\/shopatoa.com\/ro\/annemarie-borlind-fluid-de-bronzare-impotriva-alergiilor-solare-spf-20-bielenda-sun-care-sun-fluid-125-ml\/"},"modified":"2025-05-14T12:58:50","modified_gmt":"2025-05-14T10:58:50","slug":"annemarie-borlind-fluid-de-bronzare-impotriva-alergiilor-solare-spf-20-bielenda-sun-care-sun-fluid-125-ml","status":"publish","type":"product","link":"https:\/\/shopatoa.com\/ro\/annemarie-borlind-fluid-de-bronzare-impotriva-alergiilor-solare-spf-20-bielenda-sun-care-sun-fluid-125-ml\/","title":{"rendered":"ANNEMARIE BORLIND Fluid de bronzare \u00eempotriva alergiilor solare SPF 20 Bielenda Sun Care (Sun Fluid) 125 ml"},"content":{"rendered":"<p>Lichidul de bronzare rezistent la ap\u0103 ofer\u0103 un grad ridicat de protec\u021bie solar\u0103. Acest produs nu con\u021bine gr\u0103simi \u0219i emulgatori \u0219i este optim pentru pielea predispus\u0103 la reac\u021bii alergice la soare. Previne eficient erup\u021bia solar\u0103. Filtrele UVA\/UVB optime ofer\u0103 protec\u021bie \u00eempotriva radia\u021biilor UV d\u0103un\u0103toare. Substan\u021bele din plante \u00eembun\u0103t\u0103\u021besc rezisten\u021ba \u0219i autoprotec\u021bia pielii. Complexul patentat RADICARE\u00ae cu melis\u0103, orz si deriva\u021bi de rutin\u0103 protejeaz\u0103 pielea de imb\u0103tr\u00e2nirea prematur\u0103. Complexul hidratant cu pantenol si sorbitol asigur\u0103 o hidratare intensiv\u0103 a pielii.<\/p>\n","protected":false},"excerpt":{"rendered":"<p>Lichidul de bronzare rezistent la ap\u0103 ofer\u0103 un grad ridicat de protec\u021bie solar\u0103. Acest produs nu con\u021bine gr\u0103simi \u0219i emulgatori \u0219i este optim pentru pielea predispus\u0103 la reac\u021bii alergice la soare. Previne eficient erup\u021bia solar\u0103. Filtrele UVA\/UVB optime ofer\u0103 protec\u021bie \u00eempotriva radia\u021biilor UV d\u0103un\u0103toare. Substan\u021bele din plante \u00eembun\u0103t\u0103\u021besc rezisten\u021ba \u0219i autoprotec\u021bia pielii. Complexul patentat RADICARE\u00ae&#8230;<\/p>\n","protected":false},"featured_media":252029,"comment_status":"closed","ping_status":"open","template":"","meta":{"_acf_changed":false,"_kadence_starter_templates_imported_post":false,"_kad_post_transparent":"","_kad_post_title":"","_kad_post_layout":"","_kad_post_sidebar_id":"","_kad_post_content_style":"","_kad_post_vertical_padding":"","_kad_post_feature":"","_kad_post_feature_position":"","_kad_post_header":false,"_kad_post_footer":false,"_kad_post_classname":""},"product_brand":[112],"product_cat":[246,642,643],"product_tag":[],"class_list":{"0":"post-252028","1":"product","2":"type-product","3":"status-publish","4":"has-post-thumbnail","6":"product_brand-annemarie-borlind","7":"product_cat-cosmetice","8":"product_cat-cosmetice-de-protectie-solara","9":"product_cat-produse-pentru-bronzare","11":"first","12":"instock","13":"product-type-external","14":"entry","15":"content-bg","16":"loop-entry"},"acf":[],"yoast_head":"<!-- This site is optimized with the Yoast SEO plugin v27.3 - https:\/\/yoast.com\/product\/yoast-seo-wordpress\/ -->\n<title>ANNEMARIE BORLIND Fluid de bronzare \u00eempotriva alergiilor solare SPF 20 Bielenda Sun Care (Sun Fluid) 125 ml - SHOPATOA.COM<\/title>\n<meta name=\"robots\" content=\"index, follow, max-snippet:-1, max-image-preview:large, max-video-preview:-1\" \/>\n<link rel=\"canonical\" href=\"https:\/\/shopatoa.com\/ro\/annemarie-borlind-fluid-de-bronzare-impotriva-alergiilor-solare-spf-20-bielenda-sun-care-sun-fluid-125-ml\/\" \/>\n<meta property=\"og:locale\" content=\"ro_RO\" \/>\n<meta property=\"og:type\" content=\"article\" \/>\n<meta property=\"og:title\" content=\"ANNEMARIE BORLIND Fluid de bronzare \u00eempotriva alergiilor solare SPF 20 Bielenda Sun Care (Sun Fluid) 125 ml - SHOPATOA.COM\" \/>\n<meta property=\"og:description\" content=\"Lichidul de bronzare rezistent la ap\u0103 ofer\u0103 un grad ridicat de protec\u021bie solar\u0103. Acest produs nu con\u021bine gr\u0103simi \u0219i emulgatori \u0219i este optim pentru pielea predispus\u0103 la reac\u021bii alergice la soare. Previne eficient erup\u021bia solar\u0103. Filtrele UVA\/UVB optime ofer\u0103 protec\u021bie \u00eempotriva radia\u021biilor UV d\u0103un\u0103toare. Substan\u021bele din plante \u00eembun\u0103t\u0103\u021besc rezisten\u021ba \u0219i autoprotec\u021bia pielii. Complexul patentat RADICARE\u00ae...\" \/>\n<meta property=\"og:url\" content=\"https:\/\/shopatoa.com\/ro\/annemarie-borlind-fluid-de-bronzare-impotriva-alergiilor-solare-spf-20-bielenda-sun-care-sun-fluid-125-ml\/\" \/>\n<meta property=\"og:site_name\" content=\"SHOPATOA\" \/>\n<meta property=\"article:modified_time\" content=\"2025-05-14T10:58:50+00:00\" \/>\n<meta property=\"og:image\" content=\"https:\/\/storage.googleapis.com\/cz-shopatoa-img\/ro\/fa89cd29-unnamed-file.webp\" \/>\n\t<meta property=\"og:image:width\" content=\"800\" \/>\n\t<meta property=\"og:image:height\" content=\"800\" \/>\n\t<meta property=\"og:image:type\" content=\"image\/webp\" \/>\n<meta name=\"twitter:card\" content=\"summary_large_image\" \/>\n<script type=\"application\/ld+json\" class=\"yoast-schema-graph\">{\"@context\":\"https:\\\/\\\/schema.org\",\"@graph\":[{\"@type\":\"WebPage\",\"@id\":\"https:\\\/\\\/shopatoa.com\\\/ro\\\/annemarie-borlind-fluid-de-bronzare-impotriva-alergiilor-solare-spf-20-bielenda-sun-care-sun-fluid-125-ml\\\/\",\"url\":\"https:\\\/\\\/shopatoa.com\\\/ro\\\/annemarie-borlind-fluid-de-bronzare-impotriva-alergiilor-solare-spf-20-bielenda-sun-care-sun-fluid-125-ml\\\/\",\"name\":\"ANNEMARIE BORLIND Fluid de bronzare \u00eempotriva alergiilor solare SPF 20 Bielenda Sun Care (Sun Fluid) 125 ml - SHOPATOA.COM\",\"isPartOf\":{\"@id\":\"https:\\\/\\\/shopatoa.com\\\/ro\\\/#website\"},\"primaryImageOfPage\":{\"@id\":\"https:\\\/\\\/shopatoa.com\\\/ro\\\/annemarie-borlind-fluid-de-bronzare-impotriva-alergiilor-solare-spf-20-bielenda-sun-care-sun-fluid-125-ml\\\/#primaryimage\"},\"image\":{\"@id\":\"https:\\\/\\\/shopatoa.com\\\/ro\\\/annemarie-borlind-fluid-de-bronzare-impotriva-alergiilor-solare-spf-20-bielenda-sun-care-sun-fluid-125-ml\\\/#primaryimage\"},\"thumbnailUrl\":\"https:\\\/\\\/storage.googleapis.com\\\/cz-shopatoa-img\\\/ro\\\/fa89cd29-unnamed-file.webp\",\"datePublished\":\"2025-04-25T13:55:04+00:00\",\"dateModified\":\"2025-05-14T10:58:50+00:00\",\"breadcrumb\":{\"@id\":\"https:\\\/\\\/shopatoa.com\\\/ro\\\/annemarie-borlind-fluid-de-bronzare-impotriva-alergiilor-solare-spf-20-bielenda-sun-care-sun-fluid-125-ml\\\/#breadcrumb\"},\"inLanguage\":\"ro-RO\",\"potentialAction\":[{\"@type\":\"ReadAction\",\"target\":[\"https:\\\/\\\/shopatoa.com\\\/ro\\\/annemarie-borlind-fluid-de-bronzare-impotriva-alergiilor-solare-spf-20-bielenda-sun-care-sun-fluid-125-ml\\\/\"]}]},{\"@type\":\"ImageObject\",\"inLanguage\":\"ro-RO\",\"@id\":\"https:\\\/\\\/shopatoa.com\\\/ro\\\/annemarie-borlind-fluid-de-bronzare-impotriva-alergiilor-solare-spf-20-bielenda-sun-care-sun-fluid-125-ml\\\/#primaryimage\",\"url\":\"https:\\\/\\\/storage.googleapis.com\\\/cz-shopatoa-img\\\/ro\\\/fa89cd29-unnamed-file.webp\",\"contentUrl\":\"https:\\\/\\\/storage.googleapis.com\\\/cz-shopatoa-img\\\/ro\\\/fa89cd29-unnamed-file.webp\",\"width\":800,\"height\":800},{\"@type\":\"BreadcrumbList\",\"@id\":\"https:\\\/\\\/shopatoa.com\\\/ro\\\/annemarie-borlind-fluid-de-bronzare-impotriva-alergiilor-solare-spf-20-bielenda-sun-care-sun-fluid-125-ml\\\/#breadcrumb\",\"itemListElement\":[{\"@type\":\"ListItem\",\"position\":1,\"name\":\"Dom\u016f\",\"item\":\"https:\\\/\\\/shopatoa.com\\\/ro\\\/\"},{\"@type\":\"ListItem\",\"position\":2,\"name\":\"Shop\",\"item\":\"https:\\\/\\\/shopatoa.com\\\/ro\\\/shop\\\/\"},{\"@type\":\"ListItem\",\"position\":3,\"name\":\"Cosmetice\",\"item\":\"https:\\\/\\\/shopatoa.com\\\/ro\\\/cosmetice\\\/\"},{\"@type\":\"ListItem\",\"position\":4,\"name\":\"Cosmetice de protec\u021bie solar\u0103\",\"item\":\"https:\\\/\\\/shopatoa.com\\\/ro\\\/cosmetice-de-protectie-solara\\\/\"},{\"@type\":\"ListItem\",\"position\":5,\"name\":\"Produse pentru bronzare\",\"item\":\"https:\\\/\\\/shopatoa.com\\\/ro\\\/produse-pentru-bronzare\\\/\"},{\"@type\":\"ListItem\",\"position\":6,\"name\":\"ANNEMARIE BORLIND Fluid de bronzare \u00eempotriva alergiilor solare SPF 20 Bielenda Sun Care (Sun Fluid) 125 ml\"}]},{\"@type\":\"WebSite\",\"@id\":\"https:\\\/\\\/shopatoa.com\\\/ro\\\/#website\",\"url\":\"https:\\\/\\\/shopatoa.com\\\/ro\\\/\",\"name\":\"SHOPATOA\",\"description\":\"\",\"publisher\":{\"@id\":\"https:\\\/\\\/shopatoa.com\\\/ro\\\/#organization\"},\"potentialAction\":[{\"@type\":\"SearchAction\",\"target\":{\"@type\":\"EntryPoint\",\"urlTemplate\":\"https:\\\/\\\/shopatoa.com\\\/ro\\\/?s={search_term_string}\"},\"query-input\":{\"@type\":\"PropertyValueSpecification\",\"valueRequired\":true,\"valueName\":\"search_term_string\"}}],\"inLanguage\":\"ro-RO\"},{\"@type\":\"Organization\",\"@id\":\"https:\\\/\\\/shopatoa.com\\\/ro\\\/#organization\",\"name\":\"SHOPATOA\",\"url\":\"https:\\\/\\\/shopatoa.com\\\/ro\\\/\",\"logo\":{\"@type\":\"ImageObject\",\"inLanguage\":\"ro-RO\",\"@id\":\"https:\\\/\\\/shopatoa.com\\\/ro\\\/#\\\/schema\\\/logo\\\/image\\\/\",\"url\":\"https:\\\/\\\/storage.googleapis.com\\\/cz-shopatoa-img\\\/ro\\\/b4dac915-shopatoa_logo.png\",\"contentUrl\":\"https:\\\/\\\/storage.googleapis.com\\\/cz-shopatoa-img\\\/ro\\\/b4dac915-shopatoa_logo.png\",\"width\":416,\"height\":63,\"caption\":\"SHOPATOA\"},\"image\":{\"@id\":\"https:\\\/\\\/shopatoa.com\\\/ro\\\/#\\\/schema\\\/logo\\\/image\\\/\"}}]}<\/script>\n<!-- \/ Yoast SEO plugin. -->","yoast_head_json":{"title":"ANNEMARIE BORLIND Fluid de bronzare \u00eempotriva alergiilor solare SPF 20 Bielenda Sun Care (Sun Fluid) 125 ml - SHOPATOA.COM","robots":{"index":"index","follow":"follow","max-snippet":"max-snippet:-1","max-image-preview":"max-image-preview:large","max-video-preview":"max-video-preview:-1"},"canonical":"https:\/\/shopatoa.com\/ro\/annemarie-borlind-fluid-de-bronzare-impotriva-alergiilor-solare-spf-20-bielenda-sun-care-sun-fluid-125-ml\/","og_locale":"ro_RO","og_type":"article","og_title":"ANNEMARIE BORLIND Fluid de bronzare \u00eempotriva alergiilor solare SPF 20 Bielenda Sun Care (Sun Fluid) 125 ml - SHOPATOA.COM","og_description":"Lichidul de bronzare rezistent la ap\u0103 ofer\u0103 un grad ridicat de protec\u021bie solar\u0103. Acest produs nu con\u021bine gr\u0103simi \u0219i emulgatori \u0219i este optim pentru pielea predispus\u0103 la reac\u021bii alergice la soare. Previne eficient erup\u021bia solar\u0103. Filtrele UVA\/UVB optime ofer\u0103 protec\u021bie \u00eempotriva radia\u021biilor UV d\u0103un\u0103toare. Substan\u021bele din plante \u00eembun\u0103t\u0103\u021besc rezisten\u021ba \u0219i autoprotec\u021bia pielii. Complexul patentat RADICARE\u00ae...","og_url":"https:\/\/shopatoa.com\/ro\/annemarie-borlind-fluid-de-bronzare-impotriva-alergiilor-solare-spf-20-bielenda-sun-care-sun-fluid-125-ml\/","og_site_name":"SHOPATOA","article_modified_time":"2025-05-14T10:58:50+00:00","og_image":[{"width":800,"height":800,"url":"https:\/\/storage.googleapis.com\/cz-shopatoa-img\/ro\/fa89cd29-unnamed-file.webp","type":"image\/webp"}],"twitter_card":"summary_large_image","schema":{"@context":"https:\/\/schema.org","@graph":[{"@type":"WebPage","@id":"https:\/\/shopatoa.com\/ro\/annemarie-borlind-fluid-de-bronzare-impotriva-alergiilor-solare-spf-20-bielenda-sun-care-sun-fluid-125-ml\/","url":"https:\/\/shopatoa.com\/ro\/annemarie-borlind-fluid-de-bronzare-impotriva-alergiilor-solare-spf-20-bielenda-sun-care-sun-fluid-125-ml\/","name":"ANNEMARIE BORLIND Fluid de bronzare \u00eempotriva alergiilor solare SPF 20 Bielenda Sun Care (Sun Fluid) 125 ml - SHOPATOA.COM","isPartOf":{"@id":"https:\/\/shopatoa.com\/ro\/#website"},"primaryImageOfPage":{"@id":"https:\/\/shopatoa.com\/ro\/annemarie-borlind-fluid-de-bronzare-impotriva-alergiilor-solare-spf-20-bielenda-sun-care-sun-fluid-125-ml\/#primaryimage"},"image":{"@id":"https:\/\/shopatoa.com\/ro\/annemarie-borlind-fluid-de-bronzare-impotriva-alergiilor-solare-spf-20-bielenda-sun-care-sun-fluid-125-ml\/#primaryimage"},"thumbnailUrl":"https:\/\/storage.googleapis.com\/cz-shopatoa-img\/ro\/fa89cd29-unnamed-file.webp","datePublished":"2025-04-25T13:55:04+00:00","dateModified":"2025-05-14T10:58:50+00:00","breadcrumb":{"@id":"https:\/\/shopatoa.com\/ro\/annemarie-borlind-fluid-de-bronzare-impotriva-alergiilor-solare-spf-20-bielenda-sun-care-sun-fluid-125-ml\/#breadcrumb"},"inLanguage":"ro-RO","potentialAction":[{"@type":"ReadAction","target":["https:\/\/shopatoa.com\/ro\/annemarie-borlind-fluid-de-bronzare-impotriva-alergiilor-solare-spf-20-bielenda-sun-care-sun-fluid-125-ml\/"]}]},{"@type":"ImageObject","inLanguage":"ro-RO","@id":"https:\/\/shopatoa.com\/ro\/annemarie-borlind-fluid-de-bronzare-impotriva-alergiilor-solare-spf-20-bielenda-sun-care-sun-fluid-125-ml\/#primaryimage","url":"https:\/\/storage.googleapis.com\/cz-shopatoa-img\/ro\/fa89cd29-unnamed-file.webp","contentUrl":"https:\/\/storage.googleapis.com\/cz-shopatoa-img\/ro\/fa89cd29-unnamed-file.webp","width":800,"height":800},{"@type":"BreadcrumbList","@id":"https:\/\/shopatoa.com\/ro\/annemarie-borlind-fluid-de-bronzare-impotriva-alergiilor-solare-spf-20-bielenda-sun-care-sun-fluid-125-ml\/#breadcrumb","itemListElement":[{"@type":"ListItem","position":1,"name":"Dom\u016f","item":"https:\/\/shopatoa.com\/ro\/"},{"@type":"ListItem","position":2,"name":"Shop","item":"https:\/\/shopatoa.com\/ro\/shop\/"},{"@type":"ListItem","position":3,"name":"Cosmetice","item":"https:\/\/shopatoa.com\/ro\/cosmetice\/"},{"@type":"ListItem","position":4,"name":"Cosmetice de protec\u021bie solar\u0103","item":"https:\/\/shopatoa.com\/ro\/cosmetice-de-protectie-solara\/"},{"@type":"ListItem","position":5,"name":"Produse pentru bronzare","item":"https:\/\/shopatoa.com\/ro\/produse-pentru-bronzare\/"},{"@type":"ListItem","position":6,"name":"ANNEMARIE BORLIND Fluid de bronzare \u00eempotriva alergiilor solare SPF 20 Bielenda Sun Care (Sun Fluid) 125 ml"}]},{"@type":"WebSite","@id":"https:\/\/shopatoa.com\/ro\/#website","url":"https:\/\/shopatoa.com\/ro\/","name":"SHOPATOA","description":"","publisher":{"@id":"https:\/\/shopatoa.com\/ro\/#organization"},"potentialAction":[{"@type":"SearchAction","target":{"@type":"EntryPoint","urlTemplate":"https:\/\/shopatoa.com\/ro\/?s={search_term_string}"},"query-input":{"@type":"PropertyValueSpecification","valueRequired":true,"valueName":"search_term_string"}}],"inLanguage":"ro-RO"},{"@type":"Organization","@id":"https:\/\/shopatoa.com\/ro\/#organization","name":"SHOPATOA","url":"https:\/\/shopatoa.com\/ro\/","logo":{"@type":"ImageObject","inLanguage":"ro-RO","@id":"https:\/\/shopatoa.com\/ro\/#\/schema\/logo\/image\/","url":"https:\/\/storage.googleapis.com\/cz-shopatoa-img\/ro\/b4dac915-shopatoa_logo.png","contentUrl":"https:\/\/storage.googleapis.com\/cz-shopatoa-img\/ro\/b4dac915-shopatoa_logo.png","width":416,"height":63,"caption":"SHOPATOA"},"image":{"@id":"https:\/\/shopatoa.com\/ro\/#\/schema\/logo\/image\/"}}]}},"_links":{"self":[{"href":"https:\/\/shopatoa.com\/ro\/wp-json\/wp\/v2\/product\/252028","targetHints":{"allow":["GET"]}}],"collection":[{"href":"https:\/\/shopatoa.com\/ro\/wp-json\/wp\/v2\/product"}],"about":[{"href":"https:\/\/shopatoa.com\/ro\/wp-json\/wp\/v2\/types\/product"}],"replies":[{"embeddable":true,"href":"https:\/\/shopatoa.com\/ro\/wp-json\/wp\/v2\/comments?post=252028"}],"wp:featuredmedia":[{"embeddable":true,"href":"https:\/\/shopatoa.com\/ro\/wp-json\/wp\/v2\/media\/252029"}],"wp:attachment":[{"href":"https:\/\/shopatoa.com\/ro\/wp-json\/wp\/v2\/media?parent=252028"}],"wp:term":[{"taxonomy":"product_brand","embeddable":true,"href":"https:\/\/shopatoa.com\/ro\/wp-json\/wp\/v2\/product_brand?post=252028"},{"taxonomy":"product_cat","embeddable":true,"href":"https:\/\/shopatoa.com\/ro\/wp-json\/wp\/v2\/product_cat?post=252028"},{"taxonomy":"product_tag","embeddable":true,"href":"https:\/\/shopatoa.com\/ro\/wp-json\/wp\/v2\/product_tag?post=252028"}],"curies":[{"name":"wp","href":"https:\/\/api.w.org\/{rel}","templated":true}]}}