{"id":252148,"date":"2025-04-25T16:16:55","date_gmt":"2025-04-25T14:16:55","guid":{"rendered":"https:\/\/shopatoa.com\/ro\/millefiori-milano-betisoare-de-rezerva-pentru-difuzor-air-design-3-buc\/"},"modified":"2025-09-29T22:57:45","modified_gmt":"2025-09-29T20:57:45","slug":"millefiori-milano-betisoare-de-rezerva-pentru-difuzor-air-design-3-buc","status":"publish","type":"product","link":"https:\/\/shopatoa.com\/ro\/millefiori-milano-betisoare-de-rezerva-pentru-difuzor-air-design-3-buc\/","title":{"rendered":"Millefiori Milano Be\u021bi\u0219oare de rezerv\u0103 pentru difuzor Air Design 3 buc"},"content":{"rendered":"<p>Be\u021bi\u0219oare de \u00eenlocuire pentru difuzoarele Air Design \u00een form\u0103 de vaz\u0103 sau carcas\u0103. Intensitatea parfumului este reglat\u0103 de num\u0103rul de be\u021bi\u0219oare plasate \u00een recipient \u0219i de lungimea acestora. Cu c\u00e2t be\u021bi\u0219oarele sunt mai lungi \u0219i num\u0103rul este mai mare, cu at\u00e2t parfumarea este mai puternic\u0103. V\u0103 recomand\u0103m s\u0103 \u00eenlocui\u021bi be\u021bele atunci c\u00e2nd reumple\u021bi cu un cartu\u0219 nou sau c\u00e2nd schimba\u021bi mirosul din difuzor.<\/p>\n","protected":false},"excerpt":{"rendered":"<p>Be\u021bi\u0219oare de \u00eenlocuire pentru difuzoarele Air Design \u00een form\u0103 de vaz\u0103 sau carcas\u0103. Intensitatea parfumului este reglat\u0103 de num\u0103rul de be\u021bi\u0219oare plasate \u00een recipient \u0219i de lungimea acestora. Cu c\u00e2t be\u021bi\u0219oarele sunt mai lungi \u0219i num\u0103rul este mai mare, cu at\u00e2t parfumarea este mai puternic\u0103. V\u0103 recomand\u0103m s\u0103 \u00eenlocui\u021bi be\u021bele atunci c\u00e2nd reumple\u021bi cu un&#8230;<\/p>\n","protected":false},"featured_media":252149,"comment_status":"closed","ping_status":"open","template":"","meta":{"_acf_changed":false,"_kadence_starter_templates_imported_post":false,"_kad_post_transparent":"","_kad_post_title":"","_kad_post_layout":"","_kad_post_sidebar_id":"","_kad_post_content_style":"","_kad_post_vertical_padding":"","_kad_post_feature":"","_kad_post_feature_position":"","_kad_post_header":false,"_kad_post_footer":false,"_kad_post_classname":""},"product_brand":[254],"product_cat":[699,246,654],"product_tag":[],"class_list":{"0":"post-252148","1":"product","2":"type-product","3":"status-publish","4":"has-post-thumbnail","6":"product_brand-millefiori-milano","7":"product_cat-aromaterapie","8":"product_cat-cosmetice","9":"product_cat-lumanari-parfumate-si-arome","11":"first","12":"instock","13":"product-type-external","14":"entry","15":"content-bg","16":"loop-entry"},"acf":[],"yoast_head":"<!-- This site is optimized with the Yoast SEO plugin v27.4 - https:\/\/yoast.com\/product\/yoast-seo-wordpress\/ -->\n<title>Millefiori Milano Be\u021bi\u0219oare de rezerv\u0103 pentru difuzor Air Design 3 buc - SHOPATOA.COM<\/title>\n<meta name=\"robots\" content=\"index, follow, max-snippet:-1, max-image-preview:large, max-video-preview:-1\" \/>\n<link rel=\"canonical\" href=\"https:\/\/shopatoa.com\/ro\/millefiori-milano-betisoare-de-rezerva-pentru-difuzor-air-design-3-buc\/\" \/>\n<meta property=\"og:locale\" content=\"ro_RO\" \/>\n<meta property=\"og:type\" content=\"article\" \/>\n<meta property=\"og:title\" content=\"Millefiori Milano Be\u021bi\u0219oare de rezerv\u0103 pentru difuzor Air Design 3 buc - SHOPATOA.COM\" \/>\n<meta property=\"og:description\" content=\"Be\u021bi\u0219oare de \u00eenlocuire pentru difuzoarele Air Design \u00een form\u0103 de vaz\u0103 sau carcas\u0103. Intensitatea parfumului este reglat\u0103 de num\u0103rul de be\u021bi\u0219oare plasate \u00een recipient \u0219i de lungimea acestora. Cu c\u00e2t be\u021bi\u0219oarele sunt mai lungi \u0219i num\u0103rul este mai mare, cu at\u00e2t parfumarea este mai puternic\u0103. V\u0103 recomand\u0103m s\u0103 \u00eenlocui\u021bi be\u021bele atunci c\u00e2nd reumple\u021bi cu un...\" \/>\n<meta property=\"og:url\" content=\"https:\/\/shopatoa.com\/ro\/millefiori-milano-betisoare-de-rezerva-pentru-difuzor-air-design-3-buc\/\" \/>\n<meta property=\"og:site_name\" content=\"SHOPATOA\" \/>\n<meta property=\"article:modified_time\" content=\"2025-09-29T20:57:45+00:00\" \/>\n<meta property=\"og:image\" content=\"https:\/\/storage.googleapis.com\/cz-shopatoa-img\/ro\/498eed7d-unnamed-file.webp\" \/>\n\t<meta property=\"og:image:width\" content=\"800\" \/>\n\t<meta property=\"og:image:height\" content=\"800\" \/>\n\t<meta property=\"og:image:type\" content=\"image\/webp\" \/>\n<meta name=\"twitter:card\" content=\"summary_large_image\" \/>\n<script type=\"application\/ld+json\" class=\"yoast-schema-graph\">{\"@context\":\"https:\\\/\\\/schema.org\",\"@graph\":[{\"@type\":\"WebPage\",\"@id\":\"https:\\\/\\\/shopatoa.com\\\/ro\\\/millefiori-milano-betisoare-de-rezerva-pentru-difuzor-air-design-3-buc\\\/\",\"url\":\"https:\\\/\\\/shopatoa.com\\\/ro\\\/millefiori-milano-betisoare-de-rezerva-pentru-difuzor-air-design-3-buc\\\/\",\"name\":\"Millefiori Milano Be\u021bi\u0219oare de rezerv\u0103 pentru difuzor Air Design 3 buc - SHOPATOA.COM\",\"isPartOf\":{\"@id\":\"https:\\\/\\\/shopatoa.com\\\/ro\\\/#website\"},\"primaryImageOfPage\":{\"@id\":\"https:\\\/\\\/shopatoa.com\\\/ro\\\/millefiori-milano-betisoare-de-rezerva-pentru-difuzor-air-design-3-buc\\\/#primaryimage\"},\"image\":{\"@id\":\"https:\\\/\\\/shopatoa.com\\\/ro\\\/millefiori-milano-betisoare-de-rezerva-pentru-difuzor-air-design-3-buc\\\/#primaryimage\"},\"thumbnailUrl\":\"https:\\\/\\\/storage.googleapis.com\\\/cz-shopatoa-img\\\/ro\\\/498eed7d-unnamed-file.webp\",\"datePublished\":\"2025-04-25T14:16:55+00:00\",\"dateModified\":\"2025-09-29T20:57:45+00:00\",\"breadcrumb\":{\"@id\":\"https:\\\/\\\/shopatoa.com\\\/ro\\\/millefiori-milano-betisoare-de-rezerva-pentru-difuzor-air-design-3-buc\\\/#breadcrumb\"},\"inLanguage\":\"ro-RO\",\"potentialAction\":[{\"@type\":\"ReadAction\",\"target\":[\"https:\\\/\\\/shopatoa.com\\\/ro\\\/millefiori-milano-betisoare-de-rezerva-pentru-difuzor-air-design-3-buc\\\/\"]}]},{\"@type\":\"ImageObject\",\"inLanguage\":\"ro-RO\",\"@id\":\"https:\\\/\\\/shopatoa.com\\\/ro\\\/millefiori-milano-betisoare-de-rezerva-pentru-difuzor-air-design-3-buc\\\/#primaryimage\",\"url\":\"https:\\\/\\\/storage.googleapis.com\\\/cz-shopatoa-img\\\/ro\\\/498eed7d-unnamed-file.webp\",\"contentUrl\":\"https:\\\/\\\/storage.googleapis.com\\\/cz-shopatoa-img\\\/ro\\\/498eed7d-unnamed-file.webp\",\"width\":800,\"height\":800},{\"@type\":\"BreadcrumbList\",\"@id\":\"https:\\\/\\\/shopatoa.com\\\/ro\\\/millefiori-milano-betisoare-de-rezerva-pentru-difuzor-air-design-3-buc\\\/#breadcrumb\",\"itemListElement\":[{\"@type\":\"ListItem\",\"position\":1,\"name\":\"Dom\u016f\",\"item\":\"https:\\\/\\\/shopatoa.com\\\/ro\\\/\"},{\"@type\":\"ListItem\",\"position\":2,\"name\":\"Shop\",\"item\":\"https:\\\/\\\/shopatoa.com\\\/ro\\\/shop\\\/\"},{\"@type\":\"ListItem\",\"position\":3,\"name\":\"Cosmetice\",\"item\":\"https:\\\/\\\/shopatoa.com\\\/ro\\\/cosmetice\\\/\"},{\"@type\":\"ListItem\",\"position\":4,\"name\":\"Lum\u00e2n\u0103ri parfumate \u0219i arome\",\"item\":\"https:\\\/\\\/shopatoa.com\\\/ro\\\/lumanari-parfumate-si-arome\\\/\"},{\"@type\":\"ListItem\",\"position\":5,\"name\":\"Aromaterapie\",\"item\":\"https:\\\/\\\/shopatoa.com\\\/ro\\\/aromaterapie\\\/\"},{\"@type\":\"ListItem\",\"position\":6,\"name\":\"Millefiori Milano Be\u021bi\u0219oare de rezerv\u0103 pentru difuzor Air Design 3 buc\"}]},{\"@type\":\"WebSite\",\"@id\":\"https:\\\/\\\/shopatoa.com\\\/ro\\\/#website\",\"url\":\"https:\\\/\\\/shopatoa.com\\\/ro\\\/\",\"name\":\"SHOPATOA\",\"description\":\"\",\"publisher\":{\"@id\":\"https:\\\/\\\/shopatoa.com\\\/ro\\\/#organization\"},\"potentialAction\":[{\"@type\":\"SearchAction\",\"target\":{\"@type\":\"EntryPoint\",\"urlTemplate\":\"https:\\\/\\\/shopatoa.com\\\/ro\\\/?s={search_term_string}\"},\"query-input\":{\"@type\":\"PropertyValueSpecification\",\"valueRequired\":true,\"valueName\":\"search_term_string\"}}],\"inLanguage\":\"ro-RO\"},{\"@type\":\"Organization\",\"@id\":\"https:\\\/\\\/shopatoa.com\\\/ro\\\/#organization\",\"name\":\"SHOPATOA\",\"url\":\"https:\\\/\\\/shopatoa.com\\\/ro\\\/\",\"logo\":{\"@type\":\"ImageObject\",\"inLanguage\":\"ro-RO\",\"@id\":\"https:\\\/\\\/shopatoa.com\\\/ro\\\/#\\\/schema\\\/logo\\\/image\\\/\",\"url\":\"https:\\\/\\\/storage.googleapis.com\\\/cz-shopatoa-img\\\/ro\\\/b4dac915-shopatoa_logo.png\",\"contentUrl\":\"https:\\\/\\\/storage.googleapis.com\\\/cz-shopatoa-img\\\/ro\\\/b4dac915-shopatoa_logo.png\",\"width\":416,\"height\":63,\"caption\":\"SHOPATOA\"},\"image\":{\"@id\":\"https:\\\/\\\/shopatoa.com\\\/ro\\\/#\\\/schema\\\/logo\\\/image\\\/\"}}]}<\/script>\n<!-- \/ Yoast SEO plugin. -->","yoast_head_json":{"title":"Millefiori Milano Be\u021bi\u0219oare de rezerv\u0103 pentru difuzor Air Design 3 buc - SHOPATOA.COM","robots":{"index":"index","follow":"follow","max-snippet":"max-snippet:-1","max-image-preview":"max-image-preview:large","max-video-preview":"max-video-preview:-1"},"canonical":"https:\/\/shopatoa.com\/ro\/millefiori-milano-betisoare-de-rezerva-pentru-difuzor-air-design-3-buc\/","og_locale":"ro_RO","og_type":"article","og_title":"Millefiori Milano Be\u021bi\u0219oare de rezerv\u0103 pentru difuzor Air Design 3 buc - SHOPATOA.COM","og_description":"Be\u021bi\u0219oare de \u00eenlocuire pentru difuzoarele Air Design \u00een form\u0103 de vaz\u0103 sau carcas\u0103. Intensitatea parfumului este reglat\u0103 de num\u0103rul de be\u021bi\u0219oare plasate \u00een recipient \u0219i de lungimea acestora. Cu c\u00e2t be\u021bi\u0219oarele sunt mai lungi \u0219i num\u0103rul este mai mare, cu at\u00e2t parfumarea este mai puternic\u0103. V\u0103 recomand\u0103m s\u0103 \u00eenlocui\u021bi be\u021bele atunci c\u00e2nd reumple\u021bi cu un...","og_url":"https:\/\/shopatoa.com\/ro\/millefiori-milano-betisoare-de-rezerva-pentru-difuzor-air-design-3-buc\/","og_site_name":"SHOPATOA","article_modified_time":"2025-09-29T20:57:45+00:00","og_image":[{"width":800,"height":800,"url":"https:\/\/storage.googleapis.com\/cz-shopatoa-img\/ro\/498eed7d-unnamed-file.webp","type":"image\/webp"}],"twitter_card":"summary_large_image","schema":{"@context":"https:\/\/schema.org","@graph":[{"@type":"WebPage","@id":"https:\/\/shopatoa.com\/ro\/millefiori-milano-betisoare-de-rezerva-pentru-difuzor-air-design-3-buc\/","url":"https:\/\/shopatoa.com\/ro\/millefiori-milano-betisoare-de-rezerva-pentru-difuzor-air-design-3-buc\/","name":"Millefiori Milano Be\u021bi\u0219oare de rezerv\u0103 pentru difuzor Air Design 3 buc - SHOPATOA.COM","isPartOf":{"@id":"https:\/\/shopatoa.com\/ro\/#website"},"primaryImageOfPage":{"@id":"https:\/\/shopatoa.com\/ro\/millefiori-milano-betisoare-de-rezerva-pentru-difuzor-air-design-3-buc\/#primaryimage"},"image":{"@id":"https:\/\/shopatoa.com\/ro\/millefiori-milano-betisoare-de-rezerva-pentru-difuzor-air-design-3-buc\/#primaryimage"},"thumbnailUrl":"https:\/\/storage.googleapis.com\/cz-shopatoa-img\/ro\/498eed7d-unnamed-file.webp","datePublished":"2025-04-25T14:16:55+00:00","dateModified":"2025-09-29T20:57:45+00:00","breadcrumb":{"@id":"https:\/\/shopatoa.com\/ro\/millefiori-milano-betisoare-de-rezerva-pentru-difuzor-air-design-3-buc\/#breadcrumb"},"inLanguage":"ro-RO","potentialAction":[{"@type":"ReadAction","target":["https:\/\/shopatoa.com\/ro\/millefiori-milano-betisoare-de-rezerva-pentru-difuzor-air-design-3-buc\/"]}]},{"@type":"ImageObject","inLanguage":"ro-RO","@id":"https:\/\/shopatoa.com\/ro\/millefiori-milano-betisoare-de-rezerva-pentru-difuzor-air-design-3-buc\/#primaryimage","url":"https:\/\/storage.googleapis.com\/cz-shopatoa-img\/ro\/498eed7d-unnamed-file.webp","contentUrl":"https:\/\/storage.googleapis.com\/cz-shopatoa-img\/ro\/498eed7d-unnamed-file.webp","width":800,"height":800},{"@type":"BreadcrumbList","@id":"https:\/\/shopatoa.com\/ro\/millefiori-milano-betisoare-de-rezerva-pentru-difuzor-air-design-3-buc\/#breadcrumb","itemListElement":[{"@type":"ListItem","position":1,"name":"Dom\u016f","item":"https:\/\/shopatoa.com\/ro\/"},{"@type":"ListItem","position":2,"name":"Shop","item":"https:\/\/shopatoa.com\/ro\/shop\/"},{"@type":"ListItem","position":3,"name":"Cosmetice","item":"https:\/\/shopatoa.com\/ro\/cosmetice\/"},{"@type":"ListItem","position":4,"name":"Lum\u00e2n\u0103ri parfumate \u0219i arome","item":"https:\/\/shopatoa.com\/ro\/lumanari-parfumate-si-arome\/"},{"@type":"ListItem","position":5,"name":"Aromaterapie","item":"https:\/\/shopatoa.com\/ro\/aromaterapie\/"},{"@type":"ListItem","position":6,"name":"Millefiori Milano Be\u021bi\u0219oare de rezerv\u0103 pentru difuzor Air Design 3 buc"}]},{"@type":"WebSite","@id":"https:\/\/shopatoa.com\/ro\/#website","url":"https:\/\/shopatoa.com\/ro\/","name":"SHOPATOA","description":"","publisher":{"@id":"https:\/\/shopatoa.com\/ro\/#organization"},"potentialAction":[{"@type":"SearchAction","target":{"@type":"EntryPoint","urlTemplate":"https:\/\/shopatoa.com\/ro\/?s={search_term_string}"},"query-input":{"@type":"PropertyValueSpecification","valueRequired":true,"valueName":"search_term_string"}}],"inLanguage":"ro-RO"},{"@type":"Organization","@id":"https:\/\/shopatoa.com\/ro\/#organization","name":"SHOPATOA","url":"https:\/\/shopatoa.com\/ro\/","logo":{"@type":"ImageObject","inLanguage":"ro-RO","@id":"https:\/\/shopatoa.com\/ro\/#\/schema\/logo\/image\/","url":"https:\/\/storage.googleapis.com\/cz-shopatoa-img\/ro\/b4dac915-shopatoa_logo.png","contentUrl":"https:\/\/storage.googleapis.com\/cz-shopatoa-img\/ro\/b4dac915-shopatoa_logo.png","width":416,"height":63,"caption":"SHOPATOA"},"image":{"@id":"https:\/\/shopatoa.com\/ro\/#\/schema\/logo\/image\/"}}]}},"_links":{"self":[{"href":"https:\/\/shopatoa.com\/ro\/wp-json\/wp\/v2\/product\/252148","targetHints":{"allow":["GET"]}}],"collection":[{"href":"https:\/\/shopatoa.com\/ro\/wp-json\/wp\/v2\/product"}],"about":[{"href":"https:\/\/shopatoa.com\/ro\/wp-json\/wp\/v2\/types\/product"}],"replies":[{"embeddable":true,"href":"https:\/\/shopatoa.com\/ro\/wp-json\/wp\/v2\/comments?post=252148"}],"wp:featuredmedia":[{"embeddable":true,"href":"https:\/\/shopatoa.com\/ro\/wp-json\/wp\/v2\/media\/252149"}],"wp:attachment":[{"href":"https:\/\/shopatoa.com\/ro\/wp-json\/wp\/v2\/media?parent=252148"}],"wp:term":[{"taxonomy":"product_brand","embeddable":true,"href":"https:\/\/shopatoa.com\/ro\/wp-json\/wp\/v2\/product_brand?post=252148"},{"taxonomy":"product_cat","embeddable":true,"href":"https:\/\/shopatoa.com\/ro\/wp-json\/wp\/v2\/product_cat?post=252148"},{"taxonomy":"product_tag","embeddable":true,"href":"https:\/\/shopatoa.com\/ro\/wp-json\/wp\/v2\/product_tag?post=252148"}],"curies":[{"name":"wp","href":"https:\/\/api.w.org\/{rel}","templated":true}]}}