{"id":252154,"date":"2025-04-25T16:20:27","date_gmt":"2025-04-25T14:20:27","guid":{"rendered":"https:\/\/shopatoa.com\/ro\/millefiori-milano-parfum-pentru-masina-icon-textil-magnolia-blossom-wood\/"},"modified":"2025-12-12T09:04:42","modified_gmt":"2025-12-12T08:04:42","slug":"millefiori-milano-parfum-pentru-masina-icon-textil-magnolia-blossom-wood","status":"publish","type":"product","link":"https:\/\/shopatoa.com\/ro\/millefiori-milano-parfum-pentru-masina-icon-textil-magnolia-blossom-wood\/","title":{"rendered":"Millefiori Milano Parfum pentru ma\u0219in\u0103 Icon Textil Magnolia Blossom &amp; Wood"},"content":{"rendered":"<p>Parfumul pentru ma\u0219in\u0103 este fabricat din aluminiu anodizat \u0219i cauciuc parfumat, pe care \u00eel pute\u021bi introduce cu u\u0219urin\u021b\u0103 \u00een spatele p\u0103r\u021bilor laterale \u00een carcas\u0103 \u0219i nu exist\u0103 riscul de v\u0103rsare. Poate fi ata\u0219at cu u\u0219urin\u021b\u0103 cu o clem\u0103 la orificiile de aer condi\u021bionat, iar ma\u0219ina dvs. se va re\u00eemprosp\u0103ta timp de dou\u0103 luni. Mirosul care dezv\u0103luie p\u0103r\u021bile ascunse p\u00e2n\u0103 acum ale magnoliei magice: vis\u00e2nd sub un copac de magnolie \u00eenflorit, inhal\u00e2nd parfumul proasp\u0103t verde \u0219i fructat al mugurilor \u00eenflori\u021bi, precum \u0219i tonuri de chihlimbar, lemn de santal \u0219i paciuli.<\/p>\n","protected":false},"excerpt":{"rendered":"<p>Parfumul pentru ma\u0219in\u0103 este fabricat din aluminiu anodizat \u0219i cauciuc parfumat, pe care \u00eel pute\u021bi introduce cu u\u0219urin\u021b\u0103 \u00een spatele p\u0103r\u021bilor laterale \u00een carcas\u0103 \u0219i nu exist\u0103 riscul de v\u0103rsare. Poate fi ata\u0219at cu u\u0219urin\u021b\u0103 cu o clem\u0103 la orificiile de aer condi\u021bionat, iar ma\u0219ina dvs. se va re\u00eemprosp\u0103ta timp de dou\u0103 luni. Mirosul care&#8230;<\/p>\n","protected":false},"featured_media":252155,"comment_status":"closed","ping_status":"open","template":"","meta":{"_acf_changed":false,"_kadence_starter_templates_imported_post":false,"_kad_post_transparent":"","_kad_post_title":"","_kad_post_layout":"","_kad_post_sidebar_id":"","_kad_post_content_style":"","_kad_post_vertical_padding":"","_kad_post_feature":"","_kad_post_feature_position":"","_kad_post_header":false,"_kad_post_footer":false,"_kad_post_classname":""},"product_brand":[254],"product_cat":[246,654,687],"product_tag":[],"class_list":{"0":"post-252154","1":"product","2":"type-product","3":"status-publish","4":"has-post-thumbnail","6":"product_brand-millefiori-milano","7":"product_cat-cosmetice","8":"product_cat-lumanari-parfumate-si-arome","9":"product_cat-mirosul-masinii","11":"first","12":"instock","13":"sale","14":"product-type-external","15":"entry","16":"content-bg","17":"loop-entry"},"acf":[],"yoast_head":"<!-- This site is optimized with the Yoast SEO plugin v27.4 - https:\/\/yoast.com\/product\/yoast-seo-wordpress\/ -->\n<title>Millefiori Milano Parfum pentru ma\u0219in\u0103 Icon Textil Magnolia Blossom &amp; Wood - SHOPATOA.COM<\/title>\n<meta name=\"robots\" content=\"index, follow, max-snippet:-1, max-image-preview:large, max-video-preview:-1\" \/>\n<link rel=\"canonical\" href=\"https:\/\/shopatoa.com\/ro\/millefiori-milano-parfum-pentru-masina-icon-textil-magnolia-blossom-wood\/\" \/>\n<meta property=\"og:locale\" content=\"ro_RO\" \/>\n<meta property=\"og:type\" content=\"article\" \/>\n<meta property=\"og:title\" content=\"Millefiori Milano Parfum pentru ma\u0219in\u0103 Icon Textil Magnolia Blossom &amp; Wood - SHOPATOA.COM\" \/>\n<meta property=\"og:description\" content=\"Parfumul pentru ma\u0219in\u0103 este fabricat din aluminiu anodizat \u0219i cauciuc parfumat, pe care \u00eel pute\u021bi introduce cu u\u0219urin\u021b\u0103 \u00een spatele p\u0103r\u021bilor laterale \u00een carcas\u0103 \u0219i nu exist\u0103 riscul de v\u0103rsare. Poate fi ata\u0219at cu u\u0219urin\u021b\u0103 cu o clem\u0103 la orificiile de aer condi\u021bionat, iar ma\u0219ina dvs. se va re\u00eemprosp\u0103ta timp de dou\u0103 luni. Mirosul care...\" \/>\n<meta property=\"og:url\" content=\"https:\/\/shopatoa.com\/ro\/millefiori-milano-parfum-pentru-masina-icon-textil-magnolia-blossom-wood\/\" \/>\n<meta property=\"og:site_name\" content=\"SHOPATOA\" \/>\n<meta property=\"article:modified_time\" content=\"2025-12-12T08:04:42+00:00\" \/>\n<meta property=\"og:image\" content=\"https:\/\/storage.googleapis.com\/cz-shopatoa-img\/ro\/8a33d1e5-unnamed-file.webp\" \/>\n\t<meta property=\"og:image:width\" content=\"800\" \/>\n\t<meta property=\"og:image:height\" content=\"800\" \/>\n\t<meta property=\"og:image:type\" content=\"image\/webp\" \/>\n<meta name=\"twitter:card\" content=\"summary_large_image\" \/>\n<meta name=\"twitter:label1\" content=\"Timp estimat pentru citire\" \/>\n\t<meta name=\"twitter:data1\" content=\"1 minut\" \/>\n<script type=\"application\/ld+json\" class=\"yoast-schema-graph\">{\"@context\":\"https:\\\/\\\/schema.org\",\"@graph\":[{\"@type\":\"WebPage\",\"@id\":\"https:\\\/\\\/shopatoa.com\\\/ro\\\/millefiori-milano-parfum-pentru-masina-icon-textil-magnolia-blossom-wood\\\/\",\"url\":\"https:\\\/\\\/shopatoa.com\\\/ro\\\/millefiori-milano-parfum-pentru-masina-icon-textil-magnolia-blossom-wood\\\/\",\"name\":\"Millefiori Milano Parfum pentru ma\u0219in\u0103 Icon Textil Magnolia Blossom & Wood - SHOPATOA.COM\",\"isPartOf\":{\"@id\":\"https:\\\/\\\/shopatoa.com\\\/ro\\\/#website\"},\"primaryImageOfPage\":{\"@id\":\"https:\\\/\\\/shopatoa.com\\\/ro\\\/millefiori-milano-parfum-pentru-masina-icon-textil-magnolia-blossom-wood\\\/#primaryimage\"},\"image\":{\"@id\":\"https:\\\/\\\/shopatoa.com\\\/ro\\\/millefiori-milano-parfum-pentru-masina-icon-textil-magnolia-blossom-wood\\\/#primaryimage\"},\"thumbnailUrl\":\"https:\\\/\\\/storage.googleapis.com\\\/cz-shopatoa-img\\\/ro\\\/8a33d1e5-unnamed-file.webp\",\"datePublished\":\"2025-04-25T14:20:27+00:00\",\"dateModified\":\"2025-12-12T08:04:42+00:00\",\"breadcrumb\":{\"@id\":\"https:\\\/\\\/shopatoa.com\\\/ro\\\/millefiori-milano-parfum-pentru-masina-icon-textil-magnolia-blossom-wood\\\/#breadcrumb\"},\"inLanguage\":\"ro-RO\",\"potentialAction\":[{\"@type\":\"ReadAction\",\"target\":[\"https:\\\/\\\/shopatoa.com\\\/ro\\\/millefiori-milano-parfum-pentru-masina-icon-textil-magnolia-blossom-wood\\\/\"]}]},{\"@type\":\"ImageObject\",\"inLanguage\":\"ro-RO\",\"@id\":\"https:\\\/\\\/shopatoa.com\\\/ro\\\/millefiori-milano-parfum-pentru-masina-icon-textil-magnolia-blossom-wood\\\/#primaryimage\",\"url\":\"https:\\\/\\\/storage.googleapis.com\\\/cz-shopatoa-img\\\/ro\\\/8a33d1e5-unnamed-file.webp\",\"contentUrl\":\"https:\\\/\\\/storage.googleapis.com\\\/cz-shopatoa-img\\\/ro\\\/8a33d1e5-unnamed-file.webp\",\"width\":800,\"height\":800},{\"@type\":\"BreadcrumbList\",\"@id\":\"https:\\\/\\\/shopatoa.com\\\/ro\\\/millefiori-milano-parfum-pentru-masina-icon-textil-magnolia-blossom-wood\\\/#breadcrumb\",\"itemListElement\":[{\"@type\":\"ListItem\",\"position\":1,\"name\":\"Dom\u016f\",\"item\":\"https:\\\/\\\/shopatoa.com\\\/ro\\\/\"},{\"@type\":\"ListItem\",\"position\":2,\"name\":\"Shop\",\"item\":\"https:\\\/\\\/shopatoa.com\\\/ro\\\/shop\\\/\"},{\"@type\":\"ListItem\",\"position\":3,\"name\":\"Cosmetice\",\"item\":\"https:\\\/\\\/shopatoa.com\\\/ro\\\/cosmetice\\\/\"},{\"@type\":\"ListItem\",\"position\":4,\"name\":\"Lum\u00e2n\u0103ri parfumate \u0219i arome\",\"item\":\"https:\\\/\\\/shopatoa.com\\\/ro\\\/lumanari-parfumate-si-arome\\\/\"},{\"@type\":\"ListItem\",\"position\":5,\"name\":\"Mirosul ma\u0219inii\",\"item\":\"https:\\\/\\\/shopatoa.com\\\/ro\\\/mirosul-masinii\\\/\"},{\"@type\":\"ListItem\",\"position\":6,\"name\":\"Millefiori Milano Parfum pentru ma\u0219in\u0103 Icon Textil Magnolia Blossom &amp; Wood\"}]},{\"@type\":\"WebSite\",\"@id\":\"https:\\\/\\\/shopatoa.com\\\/ro\\\/#website\",\"url\":\"https:\\\/\\\/shopatoa.com\\\/ro\\\/\",\"name\":\"SHOPATOA\",\"description\":\"\",\"publisher\":{\"@id\":\"https:\\\/\\\/shopatoa.com\\\/ro\\\/#organization\"},\"potentialAction\":[{\"@type\":\"SearchAction\",\"target\":{\"@type\":\"EntryPoint\",\"urlTemplate\":\"https:\\\/\\\/shopatoa.com\\\/ro\\\/?s={search_term_string}\"},\"query-input\":{\"@type\":\"PropertyValueSpecification\",\"valueRequired\":true,\"valueName\":\"search_term_string\"}}],\"inLanguage\":\"ro-RO\"},{\"@type\":\"Organization\",\"@id\":\"https:\\\/\\\/shopatoa.com\\\/ro\\\/#organization\",\"name\":\"SHOPATOA\",\"url\":\"https:\\\/\\\/shopatoa.com\\\/ro\\\/\",\"logo\":{\"@type\":\"ImageObject\",\"inLanguage\":\"ro-RO\",\"@id\":\"https:\\\/\\\/shopatoa.com\\\/ro\\\/#\\\/schema\\\/logo\\\/image\\\/\",\"url\":\"https:\\\/\\\/storage.googleapis.com\\\/cz-shopatoa-img\\\/ro\\\/b4dac915-shopatoa_logo.png\",\"contentUrl\":\"https:\\\/\\\/storage.googleapis.com\\\/cz-shopatoa-img\\\/ro\\\/b4dac915-shopatoa_logo.png\",\"width\":416,\"height\":63,\"caption\":\"SHOPATOA\"},\"image\":{\"@id\":\"https:\\\/\\\/shopatoa.com\\\/ro\\\/#\\\/schema\\\/logo\\\/image\\\/\"}}]}<\/script>\n<!-- \/ Yoast SEO plugin. -->","yoast_head_json":{"title":"Millefiori Milano Parfum pentru ma\u0219in\u0103 Icon Textil Magnolia Blossom & Wood - SHOPATOA.COM","robots":{"index":"index","follow":"follow","max-snippet":"max-snippet:-1","max-image-preview":"max-image-preview:large","max-video-preview":"max-video-preview:-1"},"canonical":"https:\/\/shopatoa.com\/ro\/millefiori-milano-parfum-pentru-masina-icon-textil-magnolia-blossom-wood\/","og_locale":"ro_RO","og_type":"article","og_title":"Millefiori Milano Parfum pentru ma\u0219in\u0103 Icon Textil Magnolia Blossom & Wood - SHOPATOA.COM","og_description":"Parfumul pentru ma\u0219in\u0103 este fabricat din aluminiu anodizat \u0219i cauciuc parfumat, pe care \u00eel pute\u021bi introduce cu u\u0219urin\u021b\u0103 \u00een spatele p\u0103r\u021bilor laterale \u00een carcas\u0103 \u0219i nu exist\u0103 riscul de v\u0103rsare. Poate fi ata\u0219at cu u\u0219urin\u021b\u0103 cu o clem\u0103 la orificiile de aer condi\u021bionat, iar ma\u0219ina dvs. se va re\u00eemprosp\u0103ta timp de dou\u0103 luni. Mirosul care...","og_url":"https:\/\/shopatoa.com\/ro\/millefiori-milano-parfum-pentru-masina-icon-textil-magnolia-blossom-wood\/","og_site_name":"SHOPATOA","article_modified_time":"2025-12-12T08:04:42+00:00","og_image":[{"width":800,"height":800,"url":"https:\/\/storage.googleapis.com\/cz-shopatoa-img\/ro\/8a33d1e5-unnamed-file.webp","type":"image\/webp"}],"twitter_card":"summary_large_image","twitter_misc":{"Timp estimat pentru citire":"1 minut"},"schema":{"@context":"https:\/\/schema.org","@graph":[{"@type":"WebPage","@id":"https:\/\/shopatoa.com\/ro\/millefiori-milano-parfum-pentru-masina-icon-textil-magnolia-blossom-wood\/","url":"https:\/\/shopatoa.com\/ro\/millefiori-milano-parfum-pentru-masina-icon-textil-magnolia-blossom-wood\/","name":"Millefiori Milano Parfum pentru ma\u0219in\u0103 Icon Textil Magnolia Blossom & Wood - SHOPATOA.COM","isPartOf":{"@id":"https:\/\/shopatoa.com\/ro\/#website"},"primaryImageOfPage":{"@id":"https:\/\/shopatoa.com\/ro\/millefiori-milano-parfum-pentru-masina-icon-textil-magnolia-blossom-wood\/#primaryimage"},"image":{"@id":"https:\/\/shopatoa.com\/ro\/millefiori-milano-parfum-pentru-masina-icon-textil-magnolia-blossom-wood\/#primaryimage"},"thumbnailUrl":"https:\/\/storage.googleapis.com\/cz-shopatoa-img\/ro\/8a33d1e5-unnamed-file.webp","datePublished":"2025-04-25T14:20:27+00:00","dateModified":"2025-12-12T08:04:42+00:00","breadcrumb":{"@id":"https:\/\/shopatoa.com\/ro\/millefiori-milano-parfum-pentru-masina-icon-textil-magnolia-blossom-wood\/#breadcrumb"},"inLanguage":"ro-RO","potentialAction":[{"@type":"ReadAction","target":["https:\/\/shopatoa.com\/ro\/millefiori-milano-parfum-pentru-masina-icon-textil-magnolia-blossom-wood\/"]}]},{"@type":"ImageObject","inLanguage":"ro-RO","@id":"https:\/\/shopatoa.com\/ro\/millefiori-milano-parfum-pentru-masina-icon-textil-magnolia-blossom-wood\/#primaryimage","url":"https:\/\/storage.googleapis.com\/cz-shopatoa-img\/ro\/8a33d1e5-unnamed-file.webp","contentUrl":"https:\/\/storage.googleapis.com\/cz-shopatoa-img\/ro\/8a33d1e5-unnamed-file.webp","width":800,"height":800},{"@type":"BreadcrumbList","@id":"https:\/\/shopatoa.com\/ro\/millefiori-milano-parfum-pentru-masina-icon-textil-magnolia-blossom-wood\/#breadcrumb","itemListElement":[{"@type":"ListItem","position":1,"name":"Dom\u016f","item":"https:\/\/shopatoa.com\/ro\/"},{"@type":"ListItem","position":2,"name":"Shop","item":"https:\/\/shopatoa.com\/ro\/shop\/"},{"@type":"ListItem","position":3,"name":"Cosmetice","item":"https:\/\/shopatoa.com\/ro\/cosmetice\/"},{"@type":"ListItem","position":4,"name":"Lum\u00e2n\u0103ri parfumate \u0219i arome","item":"https:\/\/shopatoa.com\/ro\/lumanari-parfumate-si-arome\/"},{"@type":"ListItem","position":5,"name":"Mirosul ma\u0219inii","item":"https:\/\/shopatoa.com\/ro\/mirosul-masinii\/"},{"@type":"ListItem","position":6,"name":"Millefiori Milano Parfum pentru ma\u0219in\u0103 Icon Textil Magnolia Blossom &amp; Wood"}]},{"@type":"WebSite","@id":"https:\/\/shopatoa.com\/ro\/#website","url":"https:\/\/shopatoa.com\/ro\/","name":"SHOPATOA","description":"","publisher":{"@id":"https:\/\/shopatoa.com\/ro\/#organization"},"potentialAction":[{"@type":"SearchAction","target":{"@type":"EntryPoint","urlTemplate":"https:\/\/shopatoa.com\/ro\/?s={search_term_string}"},"query-input":{"@type":"PropertyValueSpecification","valueRequired":true,"valueName":"search_term_string"}}],"inLanguage":"ro-RO"},{"@type":"Organization","@id":"https:\/\/shopatoa.com\/ro\/#organization","name":"SHOPATOA","url":"https:\/\/shopatoa.com\/ro\/","logo":{"@type":"ImageObject","inLanguage":"ro-RO","@id":"https:\/\/shopatoa.com\/ro\/#\/schema\/logo\/image\/","url":"https:\/\/storage.googleapis.com\/cz-shopatoa-img\/ro\/b4dac915-shopatoa_logo.png","contentUrl":"https:\/\/storage.googleapis.com\/cz-shopatoa-img\/ro\/b4dac915-shopatoa_logo.png","width":416,"height":63,"caption":"SHOPATOA"},"image":{"@id":"https:\/\/shopatoa.com\/ro\/#\/schema\/logo\/image\/"}}]}},"_links":{"self":[{"href":"https:\/\/shopatoa.com\/ro\/wp-json\/wp\/v2\/product\/252154","targetHints":{"allow":["GET"]}}],"collection":[{"href":"https:\/\/shopatoa.com\/ro\/wp-json\/wp\/v2\/product"}],"about":[{"href":"https:\/\/shopatoa.com\/ro\/wp-json\/wp\/v2\/types\/product"}],"replies":[{"embeddable":true,"href":"https:\/\/shopatoa.com\/ro\/wp-json\/wp\/v2\/comments?post=252154"}],"wp:featuredmedia":[{"embeddable":true,"href":"https:\/\/shopatoa.com\/ro\/wp-json\/wp\/v2\/media\/252155"}],"wp:attachment":[{"href":"https:\/\/shopatoa.com\/ro\/wp-json\/wp\/v2\/media?parent=252154"}],"wp:term":[{"taxonomy":"product_brand","embeddable":true,"href":"https:\/\/shopatoa.com\/ro\/wp-json\/wp\/v2\/product_brand?post=252154"},{"taxonomy":"product_cat","embeddable":true,"href":"https:\/\/shopatoa.com\/ro\/wp-json\/wp\/v2\/product_cat?post=252154"},{"taxonomy":"product_tag","embeddable":true,"href":"https:\/\/shopatoa.com\/ro\/wp-json\/wp\/v2\/product_tag?post=252154"}],"curies":[{"name":"wp","href":"https:\/\/api.w.org\/{rel}","templated":true}]}}