{"id":252156,"date":"2025-04-25T16:20:38","date_gmt":"2025-04-25T14:20:38","guid":{"rendered":"https:\/\/shopatoa.com\/ro\/millefiori-milano-parfum-pentru-masina-icon-textil-silver-spirit\/"},"modified":"2025-12-12T09:04:35","modified_gmt":"2025-12-12T08:04:35","slug":"millefiori-milano-parfum-pentru-masina-icon-textil-silver-spirit","status":"publish","type":"product","link":"https:\/\/shopatoa.com\/ro\/millefiori-milano-parfum-pentru-masina-icon-textil-silver-spirit\/","title":{"rendered":"Millefiori Milano Parfum pentru ma\u0219in\u0103 Icon Textil Silver Spirit"},"content":{"rendered":"<p>Parfumul pentru ma\u0219in\u0103 este fabricat din aluminiu anodizat \u0219i cauciuc parfumat, pe care \u00eel pute\u021bi glisa cu u\u0219urin\u021b\u0103 \u00een spatele p\u0103r\u021bilor laterale \u00een carcas\u0103 \u0219i nu exist\u0103 riscul de v\u0103rsare. Poate fi ata\u0219at cu u\u0219urin\u021b\u0103 cu o clem\u0103 la orificiile de aer condi\u021bionat, iar ma\u0219ina dvs. se va re\u00eemprosp\u0103ta timp de dou\u0103 luni. Un parfum de mosc, \u00eembog\u0103\u021bit cu prospe\u021bimea radiant\u0103 a citricelor, a mal\u021bului ars \u0219i a florilor fragede.<\/p>\n","protected":false},"excerpt":{"rendered":"<p>Parfumul pentru ma\u0219in\u0103 este fabricat din aluminiu anodizat \u0219i cauciuc parfumat, pe care \u00eel pute\u021bi glisa cu u\u0219urin\u021b\u0103 \u00een spatele p\u0103r\u021bilor laterale \u00een carcas\u0103 \u0219i nu exist\u0103 riscul de v\u0103rsare. Poate fi ata\u0219at cu u\u0219urin\u021b\u0103 cu o clem\u0103 la orificiile de aer condi\u021bionat, iar ma\u0219ina dvs. se va re\u00eemprosp\u0103ta timp de dou\u0103 luni. Un parfum&#8230;<\/p>\n","protected":false},"featured_media":252157,"comment_status":"closed","ping_status":"open","template":"","meta":{"_acf_changed":false,"_kadence_starter_templates_imported_post":false,"_kad_post_transparent":"","_kad_post_title":"","_kad_post_layout":"","_kad_post_sidebar_id":"","_kad_post_content_style":"","_kad_post_vertical_padding":"","_kad_post_feature":"","_kad_post_feature_position":"","_kad_post_header":false,"_kad_post_footer":false,"_kad_post_classname":""},"product_brand":[254],"product_cat":[246,654,687],"product_tag":[],"class_list":{"0":"post-252156","1":"product","2":"type-product","3":"status-publish","4":"has-post-thumbnail","6":"product_brand-millefiori-milano","7":"product_cat-cosmetice","8":"product_cat-lumanari-parfumate-si-arome","9":"product_cat-mirosul-masinii","11":"first","12":"instock","13":"product-type-external","14":"entry","15":"content-bg","16":"loop-entry"},"acf":[],"yoast_head":"<!-- This site is optimized with the Yoast SEO plugin v27.4 - https:\/\/yoast.com\/product\/yoast-seo-wordpress\/ -->\n<title>Millefiori Milano Parfum pentru ma\u0219in\u0103 Icon Textil Silver Spirit - SHOPATOA.COM<\/title>\n<meta name=\"robots\" content=\"index, follow, max-snippet:-1, max-image-preview:large, max-video-preview:-1\" \/>\n<link rel=\"canonical\" href=\"https:\/\/shopatoa.com\/ro\/millefiori-milano-parfum-pentru-masina-icon-textil-silver-spirit\/\" \/>\n<meta property=\"og:locale\" content=\"ro_RO\" \/>\n<meta property=\"og:type\" content=\"article\" \/>\n<meta property=\"og:title\" content=\"Millefiori Milano Parfum pentru ma\u0219in\u0103 Icon Textil Silver Spirit - SHOPATOA.COM\" \/>\n<meta property=\"og:description\" content=\"Parfumul pentru ma\u0219in\u0103 este fabricat din aluminiu anodizat \u0219i cauciuc parfumat, pe care \u00eel pute\u021bi glisa cu u\u0219urin\u021b\u0103 \u00een spatele p\u0103r\u021bilor laterale \u00een carcas\u0103 \u0219i nu exist\u0103 riscul de v\u0103rsare. Poate fi ata\u0219at cu u\u0219urin\u021b\u0103 cu o clem\u0103 la orificiile de aer condi\u021bionat, iar ma\u0219ina dvs. se va re\u00eemprosp\u0103ta timp de dou\u0103 luni. Un parfum...\" \/>\n<meta property=\"og:url\" content=\"https:\/\/shopatoa.com\/ro\/millefiori-milano-parfum-pentru-masina-icon-textil-silver-spirit\/\" \/>\n<meta property=\"og:site_name\" content=\"SHOPATOA\" \/>\n<meta property=\"article:modified_time\" content=\"2025-12-12T08:04:35+00:00\" \/>\n<meta property=\"og:image\" content=\"https:\/\/storage.googleapis.com\/cz-shopatoa-img\/ro\/3b052965-unnamed-file.webp\" \/>\n\t<meta property=\"og:image:width\" content=\"800\" \/>\n\t<meta property=\"og:image:height\" content=\"800\" \/>\n\t<meta property=\"og:image:type\" content=\"image\/webp\" \/>\n<meta name=\"twitter:card\" content=\"summary_large_image\" \/>\n<script type=\"application\/ld+json\" class=\"yoast-schema-graph\">{\"@context\":\"https:\\\/\\\/schema.org\",\"@graph\":[{\"@type\":\"WebPage\",\"@id\":\"https:\\\/\\\/shopatoa.com\\\/ro\\\/millefiori-milano-parfum-pentru-masina-icon-textil-silver-spirit\\\/\",\"url\":\"https:\\\/\\\/shopatoa.com\\\/ro\\\/millefiori-milano-parfum-pentru-masina-icon-textil-silver-spirit\\\/\",\"name\":\"Millefiori Milano Parfum pentru ma\u0219in\u0103 Icon Textil Silver Spirit - SHOPATOA.COM\",\"isPartOf\":{\"@id\":\"https:\\\/\\\/shopatoa.com\\\/ro\\\/#website\"},\"primaryImageOfPage\":{\"@id\":\"https:\\\/\\\/shopatoa.com\\\/ro\\\/millefiori-milano-parfum-pentru-masina-icon-textil-silver-spirit\\\/#primaryimage\"},\"image\":{\"@id\":\"https:\\\/\\\/shopatoa.com\\\/ro\\\/millefiori-milano-parfum-pentru-masina-icon-textil-silver-spirit\\\/#primaryimage\"},\"thumbnailUrl\":\"https:\\\/\\\/storage.googleapis.com\\\/cz-shopatoa-img\\\/ro\\\/3b052965-unnamed-file.webp\",\"datePublished\":\"2025-04-25T14:20:38+00:00\",\"dateModified\":\"2025-12-12T08:04:35+00:00\",\"breadcrumb\":{\"@id\":\"https:\\\/\\\/shopatoa.com\\\/ro\\\/millefiori-milano-parfum-pentru-masina-icon-textil-silver-spirit\\\/#breadcrumb\"},\"inLanguage\":\"ro-RO\",\"potentialAction\":[{\"@type\":\"ReadAction\",\"target\":[\"https:\\\/\\\/shopatoa.com\\\/ro\\\/millefiori-milano-parfum-pentru-masina-icon-textil-silver-spirit\\\/\"]}]},{\"@type\":\"ImageObject\",\"inLanguage\":\"ro-RO\",\"@id\":\"https:\\\/\\\/shopatoa.com\\\/ro\\\/millefiori-milano-parfum-pentru-masina-icon-textil-silver-spirit\\\/#primaryimage\",\"url\":\"https:\\\/\\\/storage.googleapis.com\\\/cz-shopatoa-img\\\/ro\\\/3b052965-unnamed-file.webp\",\"contentUrl\":\"https:\\\/\\\/storage.googleapis.com\\\/cz-shopatoa-img\\\/ro\\\/3b052965-unnamed-file.webp\",\"width\":800,\"height\":800},{\"@type\":\"BreadcrumbList\",\"@id\":\"https:\\\/\\\/shopatoa.com\\\/ro\\\/millefiori-milano-parfum-pentru-masina-icon-textil-silver-spirit\\\/#breadcrumb\",\"itemListElement\":[{\"@type\":\"ListItem\",\"position\":1,\"name\":\"Dom\u016f\",\"item\":\"https:\\\/\\\/shopatoa.com\\\/ro\\\/\"},{\"@type\":\"ListItem\",\"position\":2,\"name\":\"Shop\",\"item\":\"https:\\\/\\\/shopatoa.com\\\/ro\\\/shop\\\/\"},{\"@type\":\"ListItem\",\"position\":3,\"name\":\"Cosmetice\",\"item\":\"https:\\\/\\\/shopatoa.com\\\/ro\\\/cosmetice\\\/\"},{\"@type\":\"ListItem\",\"position\":4,\"name\":\"Lum\u00e2n\u0103ri parfumate \u0219i arome\",\"item\":\"https:\\\/\\\/shopatoa.com\\\/ro\\\/lumanari-parfumate-si-arome\\\/\"},{\"@type\":\"ListItem\",\"position\":5,\"name\":\"Mirosul ma\u0219inii\",\"item\":\"https:\\\/\\\/shopatoa.com\\\/ro\\\/mirosul-masinii\\\/\"},{\"@type\":\"ListItem\",\"position\":6,\"name\":\"Millefiori Milano Parfum pentru ma\u0219in\u0103 Icon Textil Silver Spirit\"}]},{\"@type\":\"WebSite\",\"@id\":\"https:\\\/\\\/shopatoa.com\\\/ro\\\/#website\",\"url\":\"https:\\\/\\\/shopatoa.com\\\/ro\\\/\",\"name\":\"SHOPATOA\",\"description\":\"\",\"publisher\":{\"@id\":\"https:\\\/\\\/shopatoa.com\\\/ro\\\/#organization\"},\"potentialAction\":[{\"@type\":\"SearchAction\",\"target\":{\"@type\":\"EntryPoint\",\"urlTemplate\":\"https:\\\/\\\/shopatoa.com\\\/ro\\\/?s={search_term_string}\"},\"query-input\":{\"@type\":\"PropertyValueSpecification\",\"valueRequired\":true,\"valueName\":\"search_term_string\"}}],\"inLanguage\":\"ro-RO\"},{\"@type\":\"Organization\",\"@id\":\"https:\\\/\\\/shopatoa.com\\\/ro\\\/#organization\",\"name\":\"SHOPATOA\",\"url\":\"https:\\\/\\\/shopatoa.com\\\/ro\\\/\",\"logo\":{\"@type\":\"ImageObject\",\"inLanguage\":\"ro-RO\",\"@id\":\"https:\\\/\\\/shopatoa.com\\\/ro\\\/#\\\/schema\\\/logo\\\/image\\\/\",\"url\":\"https:\\\/\\\/storage.googleapis.com\\\/cz-shopatoa-img\\\/ro\\\/b4dac915-shopatoa_logo.png\",\"contentUrl\":\"https:\\\/\\\/storage.googleapis.com\\\/cz-shopatoa-img\\\/ro\\\/b4dac915-shopatoa_logo.png\",\"width\":416,\"height\":63,\"caption\":\"SHOPATOA\"},\"image\":{\"@id\":\"https:\\\/\\\/shopatoa.com\\\/ro\\\/#\\\/schema\\\/logo\\\/image\\\/\"}}]}<\/script>\n<!-- \/ Yoast SEO plugin. -->","yoast_head_json":{"title":"Millefiori Milano Parfum pentru ma\u0219in\u0103 Icon Textil Silver Spirit - SHOPATOA.COM","robots":{"index":"index","follow":"follow","max-snippet":"max-snippet:-1","max-image-preview":"max-image-preview:large","max-video-preview":"max-video-preview:-1"},"canonical":"https:\/\/shopatoa.com\/ro\/millefiori-milano-parfum-pentru-masina-icon-textil-silver-spirit\/","og_locale":"ro_RO","og_type":"article","og_title":"Millefiori Milano Parfum pentru ma\u0219in\u0103 Icon Textil Silver Spirit - SHOPATOA.COM","og_description":"Parfumul pentru ma\u0219in\u0103 este fabricat din aluminiu anodizat \u0219i cauciuc parfumat, pe care \u00eel pute\u021bi glisa cu u\u0219urin\u021b\u0103 \u00een spatele p\u0103r\u021bilor laterale \u00een carcas\u0103 \u0219i nu exist\u0103 riscul de v\u0103rsare. Poate fi ata\u0219at cu u\u0219urin\u021b\u0103 cu o clem\u0103 la orificiile de aer condi\u021bionat, iar ma\u0219ina dvs. se va re\u00eemprosp\u0103ta timp de dou\u0103 luni. Un parfum...","og_url":"https:\/\/shopatoa.com\/ro\/millefiori-milano-parfum-pentru-masina-icon-textil-silver-spirit\/","og_site_name":"SHOPATOA","article_modified_time":"2025-12-12T08:04:35+00:00","og_image":[{"width":800,"height":800,"url":"https:\/\/storage.googleapis.com\/cz-shopatoa-img\/ro\/3b052965-unnamed-file.webp","type":"image\/webp"}],"twitter_card":"summary_large_image","schema":{"@context":"https:\/\/schema.org","@graph":[{"@type":"WebPage","@id":"https:\/\/shopatoa.com\/ro\/millefiori-milano-parfum-pentru-masina-icon-textil-silver-spirit\/","url":"https:\/\/shopatoa.com\/ro\/millefiori-milano-parfum-pentru-masina-icon-textil-silver-spirit\/","name":"Millefiori Milano Parfum pentru ma\u0219in\u0103 Icon Textil Silver Spirit - SHOPATOA.COM","isPartOf":{"@id":"https:\/\/shopatoa.com\/ro\/#website"},"primaryImageOfPage":{"@id":"https:\/\/shopatoa.com\/ro\/millefiori-milano-parfum-pentru-masina-icon-textil-silver-spirit\/#primaryimage"},"image":{"@id":"https:\/\/shopatoa.com\/ro\/millefiori-milano-parfum-pentru-masina-icon-textil-silver-spirit\/#primaryimage"},"thumbnailUrl":"https:\/\/storage.googleapis.com\/cz-shopatoa-img\/ro\/3b052965-unnamed-file.webp","datePublished":"2025-04-25T14:20:38+00:00","dateModified":"2025-12-12T08:04:35+00:00","breadcrumb":{"@id":"https:\/\/shopatoa.com\/ro\/millefiori-milano-parfum-pentru-masina-icon-textil-silver-spirit\/#breadcrumb"},"inLanguage":"ro-RO","potentialAction":[{"@type":"ReadAction","target":["https:\/\/shopatoa.com\/ro\/millefiori-milano-parfum-pentru-masina-icon-textil-silver-spirit\/"]}]},{"@type":"ImageObject","inLanguage":"ro-RO","@id":"https:\/\/shopatoa.com\/ro\/millefiori-milano-parfum-pentru-masina-icon-textil-silver-spirit\/#primaryimage","url":"https:\/\/storage.googleapis.com\/cz-shopatoa-img\/ro\/3b052965-unnamed-file.webp","contentUrl":"https:\/\/storage.googleapis.com\/cz-shopatoa-img\/ro\/3b052965-unnamed-file.webp","width":800,"height":800},{"@type":"BreadcrumbList","@id":"https:\/\/shopatoa.com\/ro\/millefiori-milano-parfum-pentru-masina-icon-textil-silver-spirit\/#breadcrumb","itemListElement":[{"@type":"ListItem","position":1,"name":"Dom\u016f","item":"https:\/\/shopatoa.com\/ro\/"},{"@type":"ListItem","position":2,"name":"Shop","item":"https:\/\/shopatoa.com\/ro\/shop\/"},{"@type":"ListItem","position":3,"name":"Cosmetice","item":"https:\/\/shopatoa.com\/ro\/cosmetice\/"},{"@type":"ListItem","position":4,"name":"Lum\u00e2n\u0103ri parfumate \u0219i arome","item":"https:\/\/shopatoa.com\/ro\/lumanari-parfumate-si-arome\/"},{"@type":"ListItem","position":5,"name":"Mirosul ma\u0219inii","item":"https:\/\/shopatoa.com\/ro\/mirosul-masinii\/"},{"@type":"ListItem","position":6,"name":"Millefiori Milano Parfum pentru ma\u0219in\u0103 Icon Textil Silver Spirit"}]},{"@type":"WebSite","@id":"https:\/\/shopatoa.com\/ro\/#website","url":"https:\/\/shopatoa.com\/ro\/","name":"SHOPATOA","description":"","publisher":{"@id":"https:\/\/shopatoa.com\/ro\/#organization"},"potentialAction":[{"@type":"SearchAction","target":{"@type":"EntryPoint","urlTemplate":"https:\/\/shopatoa.com\/ro\/?s={search_term_string}"},"query-input":{"@type":"PropertyValueSpecification","valueRequired":true,"valueName":"search_term_string"}}],"inLanguage":"ro-RO"},{"@type":"Organization","@id":"https:\/\/shopatoa.com\/ro\/#organization","name":"SHOPATOA","url":"https:\/\/shopatoa.com\/ro\/","logo":{"@type":"ImageObject","inLanguage":"ro-RO","@id":"https:\/\/shopatoa.com\/ro\/#\/schema\/logo\/image\/","url":"https:\/\/storage.googleapis.com\/cz-shopatoa-img\/ro\/b4dac915-shopatoa_logo.png","contentUrl":"https:\/\/storage.googleapis.com\/cz-shopatoa-img\/ro\/b4dac915-shopatoa_logo.png","width":416,"height":63,"caption":"SHOPATOA"},"image":{"@id":"https:\/\/shopatoa.com\/ro\/#\/schema\/logo\/image\/"}}]}},"_links":{"self":[{"href":"https:\/\/shopatoa.com\/ro\/wp-json\/wp\/v2\/product\/252156","targetHints":{"allow":["GET"]}}],"collection":[{"href":"https:\/\/shopatoa.com\/ro\/wp-json\/wp\/v2\/product"}],"about":[{"href":"https:\/\/shopatoa.com\/ro\/wp-json\/wp\/v2\/types\/product"}],"replies":[{"embeddable":true,"href":"https:\/\/shopatoa.com\/ro\/wp-json\/wp\/v2\/comments?post=252156"}],"wp:featuredmedia":[{"embeddable":true,"href":"https:\/\/shopatoa.com\/ro\/wp-json\/wp\/v2\/media\/252157"}],"wp:attachment":[{"href":"https:\/\/shopatoa.com\/ro\/wp-json\/wp\/v2\/media?parent=252156"}],"wp:term":[{"taxonomy":"product_brand","embeddable":true,"href":"https:\/\/shopatoa.com\/ro\/wp-json\/wp\/v2\/product_brand?post=252156"},{"taxonomy":"product_cat","embeddable":true,"href":"https:\/\/shopatoa.com\/ro\/wp-json\/wp\/v2\/product_cat?post=252156"},{"taxonomy":"product_tag","embeddable":true,"href":"https:\/\/shopatoa.com\/ro\/wp-json\/wp\/v2\/product_tag?post=252156"}],"curies":[{"name":"wp","href":"https:\/\/api.w.org\/{rel}","templated":true}]}}