{"id":252248,"date":"2025-04-25T16:40:14","date_gmt":"2025-04-25T14:40:14","guid":{"rendered":"https:\/\/shopatoa.com\/ro\/acm-ser-intensiv-pentru-piele-impotriva-ridurilor-duolys-a-intensive-anti-wrinkle-serum-30-ml\/"},"modified":"2025-12-12T08:15:27","modified_gmt":"2025-12-12T07:15:27","slug":"acm-ser-intensiv-pentru-piele-impotriva-ridurilor-duolys-a-intensive-anti-wrinkle-serum-30-ml","status":"publish","type":"product","link":"https:\/\/shopatoa.com\/ro\/acm-ser-intensiv-pentru-piele-impotriva-ridurilor-duolys-a-intensive-anti-wrinkle-serum-30-ml\/","title":{"rendered":"ACM Ser intensiv pentru piele \u00eempotriva ridurilor Duolys A (Intensive Anti-Wrinkle Serum) 30 ml"},"content":{"rendered":"<p>Datorit\u0103 combina\u021biei unice \u0219i sinergice de retinol \u0219i retinoat de tocoferil, serul intensiv antirid \u00eembun\u0103t\u0103\u021be\u0219te semnele \u00eemb\u0103tr\u00e2nirii pielii. Neteze\u0219te ridurile fine \u0219i mai profunde, \u00eent\u0103re\u0219te pielea, uniformizeaz\u0103 nuan\u021ba pielii \u0219i ac\u021bioneaz\u0103 asupra petelor mici \u0219i a altor imperfec\u021biuni ale pielii. Protejeaz\u0103 celulele de daune cauzate de stresul oxidativ. Este un ser ultra-u\u0219or, dar foarte concentrat, care este absorbit instantaneu \u00een piele, f\u0103r\u0103 o senza\u021bie lipicioas\u0103. Compozi\u021bia nu con\u021bine conservan\u021bi, silicon \u0219i nu are parfum. Ingrediente active: &#8211; retinoat de tocoferil = derivat al vitaminei E (tocoferol) \u0219i forme active ale vitaminei A (acid retinoic) \u2192 are efect antioxidant \u2192 neteze\u0219te ridurile \u2192 \u00eent\u0103re\u0219te pielea \u2192 unific\u0103 nuan\u021ba pielii \u2192 prezint\u0103 o bun\u0103 toleran\u021b\u0103 a pielii in compara\u021bie cu acidul retinoic &#8211; 0,1% retinol = una dintre formele vitaminei A. La aplicare are loc dublu metabolism si formarea acidului retinoic \u2192 Neteze\u0219te textura \u0219i lumineaz\u0103 pielea \u2192 \u00cembun\u0103t\u0103\u021be\u0219te aspectul pielii predispuse la acnee \u0219i regleaz\u0103 produc\u021bia de sebum \u2192 Reduce vizibil petele pigmentare \u2192 neteze\u0219te ridurile \u2192 Sprijin\u0103 re\u00eennoirea \u0219i str\u0103lucirea pielii &#8211; ulei de floarea soarelui (bogat in acid linoleic si vitamina E) \u2192 hr\u0103ne\u0219te si regenereaz\u0103 pielea &#8211; ulei de soia \u2192 hidrateaz\u0103 si are efecte antioxidante<\/p>\n","protected":false},"excerpt":{"rendered":"<p>Datorit\u0103 combina\u021biei unice \u0219i sinergice de retinol \u0219i retinoat de tocoferil, serul intensiv antirid \u00eembun\u0103t\u0103\u021be\u0219te semnele \u00eemb\u0103tr\u00e2nirii pielii. Neteze\u0219te ridurile fine \u0219i mai profunde, \u00eent\u0103re\u0219te pielea, uniformizeaz\u0103 nuan\u021ba pielii \u0219i ac\u021bioneaz\u0103 asupra petelor mici \u0219i a altor imperfec\u021biuni ale pielii. Protejeaz\u0103 celulele de daune cauzate de stresul oxidativ. Este un ser ultra-u\u0219or, dar foarte concentrat,&#8230;<\/p>\n","protected":false},"featured_media":252249,"comment_status":"closed","ping_status":"open","template":"","meta":{"_acf_changed":false,"_kadence_starter_templates_imported_post":false,"_kad_post_transparent":"","_kad_post_title":"","_kad_post_layout":"","_kad_post_sidebar_id":"","_kad_post_content_style":"","_kad_post_vertical_padding":"","_kad_post_feature":"","_kad_post_feature_position":"","_kad_post_header":false,"_kad_post_footer":false,"_kad_post_classname":""},"product_brand":[281],"product_cat":[246,634,633,665],"product_tag":[],"class_list":{"0":"post-252248","1":"product","2":"type-product","3":"status-publish","4":"has-post-thumbnail","6":"product_brand-acm","7":"product_cat-cosmetice","8":"product_cat-produse-cosmetice-de-ingrijire-a-pielii","9":"product_cat-produse-cosmetice-pentru-piele","10":"product_cat-produse-cosmetice-pentru-riduri-si-anti-imbatranire","12":"first","13":"instock","14":"sale","15":"product-type-external","16":"entry","17":"content-bg","18":"loop-entry"},"acf":[],"yoast_head":"<!-- This site is optimized with the Yoast SEO plugin v27.3 - https:\/\/yoast.com\/product\/yoast-seo-wordpress\/ -->\n<title>ACM Ser intensiv pentru piele \u00eempotriva ridurilor Duolys A (Intensive Anti-Wrinkle Serum) 30 ml - SHOPATOA.COM<\/title>\n<meta name=\"robots\" content=\"index, follow, max-snippet:-1, max-image-preview:large, max-video-preview:-1\" \/>\n<link rel=\"canonical\" href=\"https:\/\/shopatoa.com\/ro\/acm-ser-intensiv-pentru-piele-impotriva-ridurilor-duolys-a-intensive-anti-wrinkle-serum-30-ml\/\" \/>\n<meta property=\"og:locale\" content=\"ro_RO\" \/>\n<meta property=\"og:type\" content=\"article\" \/>\n<meta property=\"og:title\" content=\"ACM Ser intensiv pentru piele \u00eempotriva ridurilor Duolys A (Intensive Anti-Wrinkle Serum) 30 ml - SHOPATOA.COM\" \/>\n<meta property=\"og:description\" content=\"Datorit\u0103 combina\u021biei unice \u0219i sinergice de retinol \u0219i retinoat de tocoferil, serul intensiv antirid \u00eembun\u0103t\u0103\u021be\u0219te semnele \u00eemb\u0103tr\u00e2nirii pielii. Neteze\u0219te ridurile fine \u0219i mai profunde, \u00eent\u0103re\u0219te pielea, uniformizeaz\u0103 nuan\u021ba pielii \u0219i ac\u021bioneaz\u0103 asupra petelor mici \u0219i a altor imperfec\u021biuni ale pielii. Protejeaz\u0103 celulele de daune cauzate de stresul oxidativ. Este un ser ultra-u\u0219or, dar foarte concentrat,...\" \/>\n<meta property=\"og:url\" content=\"https:\/\/shopatoa.com\/ro\/acm-ser-intensiv-pentru-piele-impotriva-ridurilor-duolys-a-intensive-anti-wrinkle-serum-30-ml\/\" \/>\n<meta property=\"og:site_name\" content=\"SHOPATOA\" \/>\n<meta property=\"article:modified_time\" content=\"2025-12-12T07:15:27+00:00\" \/>\n<meta property=\"og:image\" content=\"https:\/\/storage.googleapis.com\/cz-shopatoa-img\/ro\/527031bb-unnamed-file.webp\" \/>\n\t<meta property=\"og:image:width\" content=\"800\" \/>\n\t<meta property=\"og:image:height\" content=\"800\" \/>\n\t<meta property=\"og:image:type\" content=\"image\/webp\" \/>\n<meta name=\"twitter:card\" content=\"summary_large_image\" \/>\n<meta name=\"twitter:label1\" content=\"Timp estimat pentru citire\" \/>\n\t<meta name=\"twitter:data1\" content=\"1 minut\" \/>\n<script type=\"application\/ld+json\" class=\"yoast-schema-graph\">{\"@context\":\"https:\\\/\\\/schema.org\",\"@graph\":[{\"@type\":\"WebPage\",\"@id\":\"https:\\\/\\\/shopatoa.com\\\/ro\\\/acm-ser-intensiv-pentru-piele-impotriva-ridurilor-duolys-a-intensive-anti-wrinkle-serum-30-ml\\\/\",\"url\":\"https:\\\/\\\/shopatoa.com\\\/ro\\\/acm-ser-intensiv-pentru-piele-impotriva-ridurilor-duolys-a-intensive-anti-wrinkle-serum-30-ml\\\/\",\"name\":\"ACM Ser intensiv pentru piele \u00eempotriva ridurilor Duolys A (Intensive Anti-Wrinkle Serum) 30 ml - SHOPATOA.COM\",\"isPartOf\":{\"@id\":\"https:\\\/\\\/shopatoa.com\\\/ro\\\/#website\"},\"primaryImageOfPage\":{\"@id\":\"https:\\\/\\\/shopatoa.com\\\/ro\\\/acm-ser-intensiv-pentru-piele-impotriva-ridurilor-duolys-a-intensive-anti-wrinkle-serum-30-ml\\\/#primaryimage\"},\"image\":{\"@id\":\"https:\\\/\\\/shopatoa.com\\\/ro\\\/acm-ser-intensiv-pentru-piele-impotriva-ridurilor-duolys-a-intensive-anti-wrinkle-serum-30-ml\\\/#primaryimage\"},\"thumbnailUrl\":\"https:\\\/\\\/storage.googleapis.com\\\/cz-shopatoa-img\\\/ro\\\/527031bb-unnamed-file.webp\",\"datePublished\":\"2025-04-25T14:40:14+00:00\",\"dateModified\":\"2025-12-12T07:15:27+00:00\",\"breadcrumb\":{\"@id\":\"https:\\\/\\\/shopatoa.com\\\/ro\\\/acm-ser-intensiv-pentru-piele-impotriva-ridurilor-duolys-a-intensive-anti-wrinkle-serum-30-ml\\\/#breadcrumb\"},\"inLanguage\":\"ro-RO\",\"potentialAction\":[{\"@type\":\"ReadAction\",\"target\":[\"https:\\\/\\\/shopatoa.com\\\/ro\\\/acm-ser-intensiv-pentru-piele-impotriva-ridurilor-duolys-a-intensive-anti-wrinkle-serum-30-ml\\\/\"]}]},{\"@type\":\"ImageObject\",\"inLanguage\":\"ro-RO\",\"@id\":\"https:\\\/\\\/shopatoa.com\\\/ro\\\/acm-ser-intensiv-pentru-piele-impotriva-ridurilor-duolys-a-intensive-anti-wrinkle-serum-30-ml\\\/#primaryimage\",\"url\":\"https:\\\/\\\/storage.googleapis.com\\\/cz-shopatoa-img\\\/ro\\\/527031bb-unnamed-file.webp\",\"contentUrl\":\"https:\\\/\\\/storage.googleapis.com\\\/cz-shopatoa-img\\\/ro\\\/527031bb-unnamed-file.webp\",\"width\":800,\"height\":800},{\"@type\":\"BreadcrumbList\",\"@id\":\"https:\\\/\\\/shopatoa.com\\\/ro\\\/acm-ser-intensiv-pentru-piele-impotriva-ridurilor-duolys-a-intensive-anti-wrinkle-serum-30-ml\\\/#breadcrumb\",\"itemListElement\":[{\"@type\":\"ListItem\",\"position\":1,\"name\":\"Dom\u016f\",\"item\":\"https:\\\/\\\/shopatoa.com\\\/ro\\\/\"},{\"@type\":\"ListItem\",\"position\":2,\"name\":\"Shop\",\"item\":\"https:\\\/\\\/shopatoa.com\\\/ro\\\/shop\\\/\"},{\"@type\":\"ListItem\",\"position\":3,\"name\":\"Cosmetice\",\"item\":\"https:\\\/\\\/shopatoa.com\\\/ro\\\/cosmetice\\\/\"},{\"@type\":\"ListItem\",\"position\":4,\"name\":\"Produse cosmetice pentru piele\",\"item\":\"https:\\\/\\\/shopatoa.com\\\/ro\\\/produse-cosmetice-pentru-piele\\\/\"},{\"@type\":\"ListItem\",\"position\":5,\"name\":\"Produse cosmetice de \u00eengrijire a pielii\",\"item\":\"https:\\\/\\\/shopatoa.com\\\/ro\\\/produse-cosmetice-de-ingrijire-a-pielii\\\/\"},{\"@type\":\"ListItem\",\"position\":6,\"name\":\"Produse cosmetice pentru riduri \u0219i anti-\u00eemb\u0103tr\u00e2nire\",\"item\":\"https:\\\/\\\/shopatoa.com\\\/ro\\\/produse-cosmetice-pentru-riduri-si-anti-imbatranire\\\/\"},{\"@type\":\"ListItem\",\"position\":7,\"name\":\"ACM Ser intensiv pentru piele \u00eempotriva ridurilor Duolys A (Intensive Anti-Wrinkle Serum) 30 ml\"}]},{\"@type\":\"WebSite\",\"@id\":\"https:\\\/\\\/shopatoa.com\\\/ro\\\/#website\",\"url\":\"https:\\\/\\\/shopatoa.com\\\/ro\\\/\",\"name\":\"SHOPATOA\",\"description\":\"\",\"publisher\":{\"@id\":\"https:\\\/\\\/shopatoa.com\\\/ro\\\/#organization\"},\"potentialAction\":[{\"@type\":\"SearchAction\",\"target\":{\"@type\":\"EntryPoint\",\"urlTemplate\":\"https:\\\/\\\/shopatoa.com\\\/ro\\\/?s={search_term_string}\"},\"query-input\":{\"@type\":\"PropertyValueSpecification\",\"valueRequired\":true,\"valueName\":\"search_term_string\"}}],\"inLanguage\":\"ro-RO\"},{\"@type\":\"Organization\",\"@id\":\"https:\\\/\\\/shopatoa.com\\\/ro\\\/#organization\",\"name\":\"SHOPATOA\",\"url\":\"https:\\\/\\\/shopatoa.com\\\/ro\\\/\",\"logo\":{\"@type\":\"ImageObject\",\"inLanguage\":\"ro-RO\",\"@id\":\"https:\\\/\\\/shopatoa.com\\\/ro\\\/#\\\/schema\\\/logo\\\/image\\\/\",\"url\":\"https:\\\/\\\/storage.googleapis.com\\\/cz-shopatoa-img\\\/ro\\\/b4dac915-shopatoa_logo.png\",\"contentUrl\":\"https:\\\/\\\/storage.googleapis.com\\\/cz-shopatoa-img\\\/ro\\\/b4dac915-shopatoa_logo.png\",\"width\":416,\"height\":63,\"caption\":\"SHOPATOA\"},\"image\":{\"@id\":\"https:\\\/\\\/shopatoa.com\\\/ro\\\/#\\\/schema\\\/logo\\\/image\\\/\"}}]}<\/script>\n<!-- \/ Yoast SEO plugin. -->","yoast_head_json":{"title":"ACM Ser intensiv pentru piele \u00eempotriva ridurilor Duolys A (Intensive Anti-Wrinkle Serum) 30 ml - SHOPATOA.COM","robots":{"index":"index","follow":"follow","max-snippet":"max-snippet:-1","max-image-preview":"max-image-preview:large","max-video-preview":"max-video-preview:-1"},"canonical":"https:\/\/shopatoa.com\/ro\/acm-ser-intensiv-pentru-piele-impotriva-ridurilor-duolys-a-intensive-anti-wrinkle-serum-30-ml\/","og_locale":"ro_RO","og_type":"article","og_title":"ACM Ser intensiv pentru piele \u00eempotriva ridurilor Duolys A (Intensive Anti-Wrinkle Serum) 30 ml - SHOPATOA.COM","og_description":"Datorit\u0103 combina\u021biei unice \u0219i sinergice de retinol \u0219i retinoat de tocoferil, serul intensiv antirid \u00eembun\u0103t\u0103\u021be\u0219te semnele \u00eemb\u0103tr\u00e2nirii pielii. Neteze\u0219te ridurile fine \u0219i mai profunde, \u00eent\u0103re\u0219te pielea, uniformizeaz\u0103 nuan\u021ba pielii \u0219i ac\u021bioneaz\u0103 asupra petelor mici \u0219i a altor imperfec\u021biuni ale pielii. Protejeaz\u0103 celulele de daune cauzate de stresul oxidativ. Este un ser ultra-u\u0219or, dar foarte concentrat,...","og_url":"https:\/\/shopatoa.com\/ro\/acm-ser-intensiv-pentru-piele-impotriva-ridurilor-duolys-a-intensive-anti-wrinkle-serum-30-ml\/","og_site_name":"SHOPATOA","article_modified_time":"2025-12-12T07:15:27+00:00","og_image":[{"width":800,"height":800,"url":"https:\/\/storage.googleapis.com\/cz-shopatoa-img\/ro\/527031bb-unnamed-file.webp","type":"image\/webp"}],"twitter_card":"summary_large_image","twitter_misc":{"Timp estimat pentru citire":"1 minut"},"schema":{"@context":"https:\/\/schema.org","@graph":[{"@type":"WebPage","@id":"https:\/\/shopatoa.com\/ro\/acm-ser-intensiv-pentru-piele-impotriva-ridurilor-duolys-a-intensive-anti-wrinkle-serum-30-ml\/","url":"https:\/\/shopatoa.com\/ro\/acm-ser-intensiv-pentru-piele-impotriva-ridurilor-duolys-a-intensive-anti-wrinkle-serum-30-ml\/","name":"ACM Ser intensiv pentru piele \u00eempotriva ridurilor Duolys A (Intensive Anti-Wrinkle Serum) 30 ml - SHOPATOA.COM","isPartOf":{"@id":"https:\/\/shopatoa.com\/ro\/#website"},"primaryImageOfPage":{"@id":"https:\/\/shopatoa.com\/ro\/acm-ser-intensiv-pentru-piele-impotriva-ridurilor-duolys-a-intensive-anti-wrinkle-serum-30-ml\/#primaryimage"},"image":{"@id":"https:\/\/shopatoa.com\/ro\/acm-ser-intensiv-pentru-piele-impotriva-ridurilor-duolys-a-intensive-anti-wrinkle-serum-30-ml\/#primaryimage"},"thumbnailUrl":"https:\/\/storage.googleapis.com\/cz-shopatoa-img\/ro\/527031bb-unnamed-file.webp","datePublished":"2025-04-25T14:40:14+00:00","dateModified":"2025-12-12T07:15:27+00:00","breadcrumb":{"@id":"https:\/\/shopatoa.com\/ro\/acm-ser-intensiv-pentru-piele-impotriva-ridurilor-duolys-a-intensive-anti-wrinkle-serum-30-ml\/#breadcrumb"},"inLanguage":"ro-RO","potentialAction":[{"@type":"ReadAction","target":["https:\/\/shopatoa.com\/ro\/acm-ser-intensiv-pentru-piele-impotriva-ridurilor-duolys-a-intensive-anti-wrinkle-serum-30-ml\/"]}]},{"@type":"ImageObject","inLanguage":"ro-RO","@id":"https:\/\/shopatoa.com\/ro\/acm-ser-intensiv-pentru-piele-impotriva-ridurilor-duolys-a-intensive-anti-wrinkle-serum-30-ml\/#primaryimage","url":"https:\/\/storage.googleapis.com\/cz-shopatoa-img\/ro\/527031bb-unnamed-file.webp","contentUrl":"https:\/\/storage.googleapis.com\/cz-shopatoa-img\/ro\/527031bb-unnamed-file.webp","width":800,"height":800},{"@type":"BreadcrumbList","@id":"https:\/\/shopatoa.com\/ro\/acm-ser-intensiv-pentru-piele-impotriva-ridurilor-duolys-a-intensive-anti-wrinkle-serum-30-ml\/#breadcrumb","itemListElement":[{"@type":"ListItem","position":1,"name":"Dom\u016f","item":"https:\/\/shopatoa.com\/ro\/"},{"@type":"ListItem","position":2,"name":"Shop","item":"https:\/\/shopatoa.com\/ro\/shop\/"},{"@type":"ListItem","position":3,"name":"Cosmetice","item":"https:\/\/shopatoa.com\/ro\/cosmetice\/"},{"@type":"ListItem","position":4,"name":"Produse cosmetice pentru piele","item":"https:\/\/shopatoa.com\/ro\/produse-cosmetice-pentru-piele\/"},{"@type":"ListItem","position":5,"name":"Produse cosmetice de \u00eengrijire a pielii","item":"https:\/\/shopatoa.com\/ro\/produse-cosmetice-de-ingrijire-a-pielii\/"},{"@type":"ListItem","position":6,"name":"Produse cosmetice pentru riduri \u0219i anti-\u00eemb\u0103tr\u00e2nire","item":"https:\/\/shopatoa.com\/ro\/produse-cosmetice-pentru-riduri-si-anti-imbatranire\/"},{"@type":"ListItem","position":7,"name":"ACM Ser intensiv pentru piele \u00eempotriva ridurilor Duolys A (Intensive Anti-Wrinkle Serum) 30 ml"}]},{"@type":"WebSite","@id":"https:\/\/shopatoa.com\/ro\/#website","url":"https:\/\/shopatoa.com\/ro\/","name":"SHOPATOA","description":"","publisher":{"@id":"https:\/\/shopatoa.com\/ro\/#organization"},"potentialAction":[{"@type":"SearchAction","target":{"@type":"EntryPoint","urlTemplate":"https:\/\/shopatoa.com\/ro\/?s={search_term_string}"},"query-input":{"@type":"PropertyValueSpecification","valueRequired":true,"valueName":"search_term_string"}}],"inLanguage":"ro-RO"},{"@type":"Organization","@id":"https:\/\/shopatoa.com\/ro\/#organization","name":"SHOPATOA","url":"https:\/\/shopatoa.com\/ro\/","logo":{"@type":"ImageObject","inLanguage":"ro-RO","@id":"https:\/\/shopatoa.com\/ro\/#\/schema\/logo\/image\/","url":"https:\/\/storage.googleapis.com\/cz-shopatoa-img\/ro\/b4dac915-shopatoa_logo.png","contentUrl":"https:\/\/storage.googleapis.com\/cz-shopatoa-img\/ro\/b4dac915-shopatoa_logo.png","width":416,"height":63,"caption":"SHOPATOA"},"image":{"@id":"https:\/\/shopatoa.com\/ro\/#\/schema\/logo\/image\/"}}]}},"_links":{"self":[{"href":"https:\/\/shopatoa.com\/ro\/wp-json\/wp\/v2\/product\/252248","targetHints":{"allow":["GET"]}}],"collection":[{"href":"https:\/\/shopatoa.com\/ro\/wp-json\/wp\/v2\/product"}],"about":[{"href":"https:\/\/shopatoa.com\/ro\/wp-json\/wp\/v2\/types\/product"}],"replies":[{"embeddable":true,"href":"https:\/\/shopatoa.com\/ro\/wp-json\/wp\/v2\/comments?post=252248"}],"wp:featuredmedia":[{"embeddable":true,"href":"https:\/\/shopatoa.com\/ro\/wp-json\/wp\/v2\/media\/252249"}],"wp:attachment":[{"href":"https:\/\/shopatoa.com\/ro\/wp-json\/wp\/v2\/media?parent=252248"}],"wp:term":[{"taxonomy":"product_brand","embeddable":true,"href":"https:\/\/shopatoa.com\/ro\/wp-json\/wp\/v2\/product_brand?post=252248"},{"taxonomy":"product_cat","embeddable":true,"href":"https:\/\/shopatoa.com\/ro\/wp-json\/wp\/v2\/product_cat?post=252248"},{"taxonomy":"product_tag","embeddable":true,"href":"https:\/\/shopatoa.com\/ro\/wp-json\/wp\/v2\/product_tag?post=252248"}],"curies":[{"name":"wp","href":"https:\/\/api.w.org\/{rel}","templated":true}]}}