{"id":252338,"date":"2025-04-25T17:00:04","date_gmt":"2025-04-25T15:00:04","guid":{"rendered":"https:\/\/shopatoa.com\/ro\/valentino-uomo-born-in-roma-yellow-edt-50-ml\/"},"modified":"2025-12-14T10:22:29","modified_gmt":"2025-12-14T09:22:29","slug":"valentino-uomo-born-in-roma-yellow-edt-50-ml","status":"publish","type":"product","link":"https:\/\/shopatoa.com\/ro\/valentino-uomo-born-in-roma-yellow-edt-50-ml\/","title":{"rendered":"Valentino Uomo Born In Roma Yellow- EDT 50 ml"},"content":{"rendered":"<p>Roma este un ora\u0219 al dragostei, pasiunii \u0219i romantismului. Valentino Born In Roma Uomo Yellow Dream este personificarea sa olfactiv\u0103. Compozi\u021bia pentru b\u0103rba\u021bi, creat\u0103 \u00een 2021 de parfumierul Julie Mac\u00e9 \u0219i Violaine Colas, este o declara\u021bie de dragoste \u0219i recuno\u0219tin\u021b\u0103 pentru inspira\u021bia legendarului ora\u0219 italian. Apa de toalet\u0103 dezv\u0103luie sunetul extraordinar, senzual al acordurilor orientale, lemnoase \u0219i picante. Parfumul este g\u0103zduit \u00eentr-o sticl\u0103 tradi\u021bional\u0103 de marc\u0103 \u0219i versatil\u0103, care transmite frumuse\u021bea arhitecturii romane.<\/p>\n","protected":false},"excerpt":{"rendered":"<p>Roma este un ora\u0219 al dragostei, pasiunii \u0219i romantismului. Valentino Born In Roma Uomo Yellow Dream este personificarea sa olfactiv\u0103. Compozi\u021bia pentru b\u0103rba\u021bi, creat\u0103 \u00een 2021 de parfumierul Julie Mac\u00e9 \u0219i Violaine Colas, este o declara\u021bie de dragoste \u0219i recuno\u0219tin\u021b\u0103 pentru inspira\u021bia legendarului ora\u0219 italian. Apa de toalet\u0103 dezv\u0103luie sunetul extraordinar, senzual al acordurilor orientale,&#8230;<\/p>\n","protected":false},"featured_media":252339,"comment_status":"closed","ping_status":"open","template":"","meta":{"_acf_changed":false,"_kadence_starter_templates_imported_post":false,"_kad_post_transparent":"","_kad_post_title":"","_kad_post_layout":"","_kad_post_sidebar_id":"","_kad_post_content_style":"","_kad_post_vertical_padding":"","_kad_post_feature":"","_kad_post_feature_position":"","_kad_post_header":false,"_kad_post_footer":false,"_kad_post_classname":""},"product_brand":[286],"product_cat":[615,614],"product_tag":[],"class_list":{"0":"post-252338","1":"product","2":"type-product","3":"status-publish","4":"has-post-thumbnail","6":"product_brand-valentino","7":"product_cat-ape-de-toaleta-edt","8":"product_cat-parfumuri","10":"first","11":"instock","12":"product-type-external","13":"entry","14":"content-bg","15":"loop-entry"},"acf":[],"yoast_head":"<!-- This site is optimized with the Yoast SEO plugin v27.4 - https:\/\/yoast.com\/product\/yoast-seo-wordpress\/ -->\n<title>Valentino Uomo Born In Roma Yellow- EDT 50 ml - SHOPATOA.COM<\/title>\n<meta name=\"robots\" content=\"index, follow, max-snippet:-1, max-image-preview:large, max-video-preview:-1\" \/>\n<link rel=\"canonical\" href=\"https:\/\/shopatoa.com\/ro\/valentino-uomo-born-in-roma-yellow-edt-50-ml\/\" \/>\n<meta property=\"og:locale\" content=\"ro_RO\" \/>\n<meta property=\"og:type\" content=\"article\" \/>\n<meta property=\"og:title\" content=\"Valentino Uomo Born In Roma Yellow- EDT 50 ml - SHOPATOA.COM\" \/>\n<meta property=\"og:description\" content=\"Roma este un ora\u0219 al dragostei, pasiunii \u0219i romantismului. Valentino Born In Roma Uomo Yellow Dream este personificarea sa olfactiv\u0103. Compozi\u021bia pentru b\u0103rba\u021bi, creat\u0103 \u00een 2021 de parfumierul Julie Mac\u00e9 \u0219i Violaine Colas, este o declara\u021bie de dragoste \u0219i recuno\u0219tin\u021b\u0103 pentru inspira\u021bia legendarului ora\u0219 italian. Apa de toalet\u0103 dezv\u0103luie sunetul extraordinar, senzual al acordurilor orientale,...\" \/>\n<meta property=\"og:url\" content=\"https:\/\/shopatoa.com\/ro\/valentino-uomo-born-in-roma-yellow-edt-50-ml\/\" \/>\n<meta property=\"og:site_name\" content=\"SHOPATOA\" \/>\n<meta property=\"article:modified_time\" content=\"2025-12-14T09:22:29+00:00\" \/>\n<meta property=\"og:image\" content=\"https:\/\/storage.googleapis.com\/cz-shopatoa-img\/ro\/f4beb5f7-unnamed-file.webp\" \/>\n\t<meta property=\"og:image:width\" content=\"800\" \/>\n\t<meta property=\"og:image:height\" content=\"800\" \/>\n\t<meta property=\"og:image:type\" content=\"image\/webp\" \/>\n<meta name=\"twitter:card\" content=\"summary_large_image\" \/>\n<script type=\"application\/ld+json\" class=\"yoast-schema-graph\">{\"@context\":\"https:\\\/\\\/schema.org\",\"@graph\":[{\"@type\":\"WebPage\",\"@id\":\"https:\\\/\\\/shopatoa.com\\\/ro\\\/valentino-uomo-born-in-roma-yellow-edt-50-ml\\\/\",\"url\":\"https:\\\/\\\/shopatoa.com\\\/ro\\\/valentino-uomo-born-in-roma-yellow-edt-50-ml\\\/\",\"name\":\"Valentino Uomo Born In Roma Yellow- EDT 50 ml - SHOPATOA.COM\",\"isPartOf\":{\"@id\":\"https:\\\/\\\/shopatoa.com\\\/ro\\\/#website\"},\"primaryImageOfPage\":{\"@id\":\"https:\\\/\\\/shopatoa.com\\\/ro\\\/valentino-uomo-born-in-roma-yellow-edt-50-ml\\\/#primaryimage\"},\"image\":{\"@id\":\"https:\\\/\\\/shopatoa.com\\\/ro\\\/valentino-uomo-born-in-roma-yellow-edt-50-ml\\\/#primaryimage\"},\"thumbnailUrl\":\"https:\\\/\\\/storage.googleapis.com\\\/cz-shopatoa-img\\\/ro\\\/f4beb5f7-unnamed-file.webp\",\"datePublished\":\"2025-04-25T15:00:04+00:00\",\"dateModified\":\"2025-12-14T09:22:29+00:00\",\"breadcrumb\":{\"@id\":\"https:\\\/\\\/shopatoa.com\\\/ro\\\/valentino-uomo-born-in-roma-yellow-edt-50-ml\\\/#breadcrumb\"},\"inLanguage\":\"ro-RO\",\"potentialAction\":[{\"@type\":\"ReadAction\",\"target\":[\"https:\\\/\\\/shopatoa.com\\\/ro\\\/valentino-uomo-born-in-roma-yellow-edt-50-ml\\\/\"]}]},{\"@type\":\"ImageObject\",\"inLanguage\":\"ro-RO\",\"@id\":\"https:\\\/\\\/shopatoa.com\\\/ro\\\/valentino-uomo-born-in-roma-yellow-edt-50-ml\\\/#primaryimage\",\"url\":\"https:\\\/\\\/storage.googleapis.com\\\/cz-shopatoa-img\\\/ro\\\/f4beb5f7-unnamed-file.webp\",\"contentUrl\":\"https:\\\/\\\/storage.googleapis.com\\\/cz-shopatoa-img\\\/ro\\\/f4beb5f7-unnamed-file.webp\",\"width\":800,\"height\":800},{\"@type\":\"BreadcrumbList\",\"@id\":\"https:\\\/\\\/shopatoa.com\\\/ro\\\/valentino-uomo-born-in-roma-yellow-edt-50-ml\\\/#breadcrumb\",\"itemListElement\":[{\"@type\":\"ListItem\",\"position\":1,\"name\":\"Dom\u016f\",\"item\":\"https:\\\/\\\/shopatoa.com\\\/ro\\\/\"},{\"@type\":\"ListItem\",\"position\":2,\"name\":\"Shop\",\"item\":\"https:\\\/\\\/shopatoa.com\\\/ro\\\/shop\\\/\"},{\"@type\":\"ListItem\",\"position\":3,\"name\":\"Parfumuri\",\"item\":\"https:\\\/\\\/shopatoa.com\\\/ro\\\/parfumuri\\\/\"},{\"@type\":\"ListItem\",\"position\":4,\"name\":\"Ape de toalet\u0103 (EDT)\",\"item\":\"https:\\\/\\\/shopatoa.com\\\/ro\\\/ape-de-toaleta-edt\\\/\"},{\"@type\":\"ListItem\",\"position\":5,\"name\":\"Valentino Uomo Born In Roma Yellow- EDT 50 ml\"}]},{\"@type\":\"WebSite\",\"@id\":\"https:\\\/\\\/shopatoa.com\\\/ro\\\/#website\",\"url\":\"https:\\\/\\\/shopatoa.com\\\/ro\\\/\",\"name\":\"SHOPATOA\",\"description\":\"\",\"publisher\":{\"@id\":\"https:\\\/\\\/shopatoa.com\\\/ro\\\/#organization\"},\"potentialAction\":[{\"@type\":\"SearchAction\",\"target\":{\"@type\":\"EntryPoint\",\"urlTemplate\":\"https:\\\/\\\/shopatoa.com\\\/ro\\\/?s={search_term_string}\"},\"query-input\":{\"@type\":\"PropertyValueSpecification\",\"valueRequired\":true,\"valueName\":\"search_term_string\"}}],\"inLanguage\":\"ro-RO\"},{\"@type\":\"Organization\",\"@id\":\"https:\\\/\\\/shopatoa.com\\\/ro\\\/#organization\",\"name\":\"SHOPATOA\",\"url\":\"https:\\\/\\\/shopatoa.com\\\/ro\\\/\",\"logo\":{\"@type\":\"ImageObject\",\"inLanguage\":\"ro-RO\",\"@id\":\"https:\\\/\\\/shopatoa.com\\\/ro\\\/#\\\/schema\\\/logo\\\/image\\\/\",\"url\":\"https:\\\/\\\/storage.googleapis.com\\\/cz-shopatoa-img\\\/ro\\\/b4dac915-shopatoa_logo.png\",\"contentUrl\":\"https:\\\/\\\/storage.googleapis.com\\\/cz-shopatoa-img\\\/ro\\\/b4dac915-shopatoa_logo.png\",\"width\":416,\"height\":63,\"caption\":\"SHOPATOA\"},\"image\":{\"@id\":\"https:\\\/\\\/shopatoa.com\\\/ro\\\/#\\\/schema\\\/logo\\\/image\\\/\"}}]}<\/script>\n<!-- \/ Yoast SEO plugin. -->","yoast_head_json":{"title":"Valentino Uomo Born In Roma Yellow- EDT 50 ml - SHOPATOA.COM","robots":{"index":"index","follow":"follow","max-snippet":"max-snippet:-1","max-image-preview":"max-image-preview:large","max-video-preview":"max-video-preview:-1"},"canonical":"https:\/\/shopatoa.com\/ro\/valentino-uomo-born-in-roma-yellow-edt-50-ml\/","og_locale":"ro_RO","og_type":"article","og_title":"Valentino Uomo Born In Roma Yellow- EDT 50 ml - SHOPATOA.COM","og_description":"Roma este un ora\u0219 al dragostei, pasiunii \u0219i romantismului. Valentino Born In Roma Uomo Yellow Dream este personificarea sa olfactiv\u0103. Compozi\u021bia pentru b\u0103rba\u021bi, creat\u0103 \u00een 2021 de parfumierul Julie Mac\u00e9 \u0219i Violaine Colas, este o declara\u021bie de dragoste \u0219i recuno\u0219tin\u021b\u0103 pentru inspira\u021bia legendarului ora\u0219 italian. Apa de toalet\u0103 dezv\u0103luie sunetul extraordinar, senzual al acordurilor orientale,...","og_url":"https:\/\/shopatoa.com\/ro\/valentino-uomo-born-in-roma-yellow-edt-50-ml\/","og_site_name":"SHOPATOA","article_modified_time":"2025-12-14T09:22:29+00:00","og_image":[{"width":800,"height":800,"url":"https:\/\/storage.googleapis.com\/cz-shopatoa-img\/ro\/f4beb5f7-unnamed-file.webp","type":"image\/webp"}],"twitter_card":"summary_large_image","schema":{"@context":"https:\/\/schema.org","@graph":[{"@type":"WebPage","@id":"https:\/\/shopatoa.com\/ro\/valentino-uomo-born-in-roma-yellow-edt-50-ml\/","url":"https:\/\/shopatoa.com\/ro\/valentino-uomo-born-in-roma-yellow-edt-50-ml\/","name":"Valentino Uomo Born In Roma Yellow- EDT 50 ml - SHOPATOA.COM","isPartOf":{"@id":"https:\/\/shopatoa.com\/ro\/#website"},"primaryImageOfPage":{"@id":"https:\/\/shopatoa.com\/ro\/valentino-uomo-born-in-roma-yellow-edt-50-ml\/#primaryimage"},"image":{"@id":"https:\/\/shopatoa.com\/ro\/valentino-uomo-born-in-roma-yellow-edt-50-ml\/#primaryimage"},"thumbnailUrl":"https:\/\/storage.googleapis.com\/cz-shopatoa-img\/ro\/f4beb5f7-unnamed-file.webp","datePublished":"2025-04-25T15:00:04+00:00","dateModified":"2025-12-14T09:22:29+00:00","breadcrumb":{"@id":"https:\/\/shopatoa.com\/ro\/valentino-uomo-born-in-roma-yellow-edt-50-ml\/#breadcrumb"},"inLanguage":"ro-RO","potentialAction":[{"@type":"ReadAction","target":["https:\/\/shopatoa.com\/ro\/valentino-uomo-born-in-roma-yellow-edt-50-ml\/"]}]},{"@type":"ImageObject","inLanguage":"ro-RO","@id":"https:\/\/shopatoa.com\/ro\/valentino-uomo-born-in-roma-yellow-edt-50-ml\/#primaryimage","url":"https:\/\/storage.googleapis.com\/cz-shopatoa-img\/ro\/f4beb5f7-unnamed-file.webp","contentUrl":"https:\/\/storage.googleapis.com\/cz-shopatoa-img\/ro\/f4beb5f7-unnamed-file.webp","width":800,"height":800},{"@type":"BreadcrumbList","@id":"https:\/\/shopatoa.com\/ro\/valentino-uomo-born-in-roma-yellow-edt-50-ml\/#breadcrumb","itemListElement":[{"@type":"ListItem","position":1,"name":"Dom\u016f","item":"https:\/\/shopatoa.com\/ro\/"},{"@type":"ListItem","position":2,"name":"Shop","item":"https:\/\/shopatoa.com\/ro\/shop\/"},{"@type":"ListItem","position":3,"name":"Parfumuri","item":"https:\/\/shopatoa.com\/ro\/parfumuri\/"},{"@type":"ListItem","position":4,"name":"Ape de toalet\u0103 (EDT)","item":"https:\/\/shopatoa.com\/ro\/ape-de-toaleta-edt\/"},{"@type":"ListItem","position":5,"name":"Valentino Uomo Born In Roma Yellow- EDT 50 ml"}]},{"@type":"WebSite","@id":"https:\/\/shopatoa.com\/ro\/#website","url":"https:\/\/shopatoa.com\/ro\/","name":"SHOPATOA","description":"","publisher":{"@id":"https:\/\/shopatoa.com\/ro\/#organization"},"potentialAction":[{"@type":"SearchAction","target":{"@type":"EntryPoint","urlTemplate":"https:\/\/shopatoa.com\/ro\/?s={search_term_string}"},"query-input":{"@type":"PropertyValueSpecification","valueRequired":true,"valueName":"search_term_string"}}],"inLanguage":"ro-RO"},{"@type":"Organization","@id":"https:\/\/shopatoa.com\/ro\/#organization","name":"SHOPATOA","url":"https:\/\/shopatoa.com\/ro\/","logo":{"@type":"ImageObject","inLanguage":"ro-RO","@id":"https:\/\/shopatoa.com\/ro\/#\/schema\/logo\/image\/","url":"https:\/\/storage.googleapis.com\/cz-shopatoa-img\/ro\/b4dac915-shopatoa_logo.png","contentUrl":"https:\/\/storage.googleapis.com\/cz-shopatoa-img\/ro\/b4dac915-shopatoa_logo.png","width":416,"height":63,"caption":"SHOPATOA"},"image":{"@id":"https:\/\/shopatoa.com\/ro\/#\/schema\/logo\/image\/"}}]}},"_links":{"self":[{"href":"https:\/\/shopatoa.com\/ro\/wp-json\/wp\/v2\/product\/252338","targetHints":{"allow":["GET"]}}],"collection":[{"href":"https:\/\/shopatoa.com\/ro\/wp-json\/wp\/v2\/product"}],"about":[{"href":"https:\/\/shopatoa.com\/ro\/wp-json\/wp\/v2\/types\/product"}],"replies":[{"embeddable":true,"href":"https:\/\/shopatoa.com\/ro\/wp-json\/wp\/v2\/comments?post=252338"}],"wp:featuredmedia":[{"embeddable":true,"href":"https:\/\/shopatoa.com\/ro\/wp-json\/wp\/v2\/media\/252339"}],"wp:attachment":[{"href":"https:\/\/shopatoa.com\/ro\/wp-json\/wp\/v2\/media?parent=252338"}],"wp:term":[{"taxonomy":"product_brand","embeddable":true,"href":"https:\/\/shopatoa.com\/ro\/wp-json\/wp\/v2\/product_brand?post=252338"},{"taxonomy":"product_cat","embeddable":true,"href":"https:\/\/shopatoa.com\/ro\/wp-json\/wp\/v2\/product_cat?post=252338"},{"taxonomy":"product_tag","embeddable":true,"href":"https:\/\/shopatoa.com\/ro\/wp-json\/wp\/v2\/product_tag?post=252338"}],"curies":[{"name":"wp","href":"https:\/\/api.w.org\/{rel}","templated":true}]}}