{"id":252508,"date":"2025-04-25T17:36:33","date_gmt":"2025-04-25T15:36:33","guid":{"rendered":"https:\/\/shopatoa.com\/ro\/gillette-aparat-de-ras-mach3-reg-12-capete\/"},"modified":"2025-12-12T05:52:27","modified_gmt":"2025-12-12T04:52:27","slug":"gillette-aparat-de-ras-mach3-reg-12-capete","status":"publish","type":"product","link":"https:\/\/shopatoa.com\/ro\/gillette-aparat-de-ras-mach3-reg-12-capete\/","title":{"rendered":"Gillette Aparat de ras Mach3 Reg+ 12 capete"},"content":{"rendered":"<p>Aparatul de b\u0103rbierit manual pentru b\u0103rba\u021bi are lame mai puternice dec\u00e2t o\u021belul, care r\u0103m\u00e2n ascu\u021bite mai mult timp (\u00een compara\u021bie cu aparatul de ras Sensor3). Datorit\u0103 lamelor mai ascu\u021bite, poate rezista la 15 b\u0103rbieriri confortabile. Aceste aparate de ras Gillette au o banda hidratant\u0103 care alunec\u0103 pe piele \u0219i o ajut\u0103 s\u0103 o protejeze de ro\u0219ea\u021b\u0103 \u0219i micro-lame SkinGuard care str\u00e2ng pielea \u0219i preg\u0103tesc barba pentru b\u0103rbierit.<\/p>\n","protected":false},"excerpt":{"rendered":"<p>Aparatul de b\u0103rbierit manual pentru b\u0103rba\u021bi are lame mai puternice dec\u00e2t o\u021belul, care r\u0103m\u00e2n ascu\u021bite mai mult timp (\u00een compara\u021bie cu aparatul de ras Sensor3). Datorit\u0103 lamelor mai ascu\u021bite, poate rezista la 15 b\u0103rbieriri confortabile. Aceste aparate de ras Gillette au o banda hidratant\u0103 care alunec\u0103 pe piele \u0219i o ajut\u0103 s\u0103 o protejeze de&#8230;<\/p>\n","protected":false},"featured_media":252509,"comment_status":"closed","ping_status":"open","template":"","meta":{"_acf_changed":false,"_kadence_starter_templates_imported_post":false,"_kad_post_transparent":"","_kad_post_title":"","_kad_post_layout":"","_kad_post_sidebar_id":"","_kad_post_content_style":"","_kad_post_vertical_padding":"","_kad_post_feature":"","_kad_post_feature_position":"","_kad_post_header":false,"_kad_post_footer":false,"_kad_post_classname":""},"product_brand":[184],"product_cat":[670,671,246],"product_tag":[],"class_list":{"0":"post-252508","1":"product","2":"type-product","3":"status-publish","4":"has-post-thumbnail","6":"product_brand-gillette","7":"product_cat-barber-shop","8":"product_cat-barber-shop-barbierit","9":"product_cat-cosmetice","11":"first","12":"instock","13":"product-type-external","14":"entry","15":"content-bg","16":"loop-entry"},"acf":[],"yoast_head":"<!-- This site is optimized with the Yoast SEO plugin v27.4 - https:\/\/yoast.com\/product\/yoast-seo-wordpress\/ -->\n<title>Gillette Aparat de ras Mach3 Reg+ 12 capete - SHOPATOA.COM<\/title>\n<meta name=\"robots\" content=\"index, follow, max-snippet:-1, max-image-preview:large, max-video-preview:-1\" \/>\n<link rel=\"canonical\" href=\"https:\/\/shopatoa.com\/ro\/gillette-aparat-de-ras-mach3-reg-12-capete\/\" \/>\n<meta property=\"og:locale\" content=\"ro_RO\" \/>\n<meta property=\"og:type\" content=\"article\" \/>\n<meta property=\"og:title\" content=\"Gillette Aparat de ras Mach3 Reg+ 12 capete - SHOPATOA.COM\" \/>\n<meta property=\"og:description\" content=\"Aparatul de b\u0103rbierit manual pentru b\u0103rba\u021bi are lame mai puternice dec\u00e2t o\u021belul, care r\u0103m\u00e2n ascu\u021bite mai mult timp (\u00een compara\u021bie cu aparatul de ras Sensor3). Datorit\u0103 lamelor mai ascu\u021bite, poate rezista la 15 b\u0103rbieriri confortabile. Aceste aparate de ras Gillette au o banda hidratant\u0103 care alunec\u0103 pe piele \u0219i o ajut\u0103 s\u0103 o protejeze de...\" \/>\n<meta property=\"og:url\" content=\"https:\/\/shopatoa.com\/ro\/gillette-aparat-de-ras-mach3-reg-12-capete\/\" \/>\n<meta property=\"og:site_name\" content=\"SHOPATOA\" \/>\n<meta property=\"article:modified_time\" content=\"2025-12-12T04:52:27+00:00\" \/>\n<meta property=\"og:image\" content=\"https:\/\/storage.googleapis.com\/cz-shopatoa-img\/ro\/ee47259e-unnamed-file.webp\" \/>\n\t<meta property=\"og:image:width\" content=\"800\" \/>\n\t<meta property=\"og:image:height\" content=\"800\" \/>\n\t<meta property=\"og:image:type\" content=\"image\/webp\" \/>\n<meta name=\"twitter:card\" content=\"summary_large_image\" \/>\n<script type=\"application\/ld+json\" class=\"yoast-schema-graph\">{\"@context\":\"https:\\\/\\\/schema.org\",\"@graph\":[{\"@type\":\"WebPage\",\"@id\":\"https:\\\/\\\/shopatoa.com\\\/ro\\\/gillette-aparat-de-ras-mach3-reg-12-capete\\\/\",\"url\":\"https:\\\/\\\/shopatoa.com\\\/ro\\\/gillette-aparat-de-ras-mach3-reg-12-capete\\\/\",\"name\":\"Gillette Aparat de ras Mach3 Reg+ 12 capete - SHOPATOA.COM\",\"isPartOf\":{\"@id\":\"https:\\\/\\\/shopatoa.com\\\/ro\\\/#website\"},\"primaryImageOfPage\":{\"@id\":\"https:\\\/\\\/shopatoa.com\\\/ro\\\/gillette-aparat-de-ras-mach3-reg-12-capete\\\/#primaryimage\"},\"image\":{\"@id\":\"https:\\\/\\\/shopatoa.com\\\/ro\\\/gillette-aparat-de-ras-mach3-reg-12-capete\\\/#primaryimage\"},\"thumbnailUrl\":\"https:\\\/\\\/storage.googleapis.com\\\/cz-shopatoa-img\\\/ro\\\/ee47259e-unnamed-file.webp\",\"datePublished\":\"2025-04-25T15:36:33+00:00\",\"dateModified\":\"2025-12-12T04:52:27+00:00\",\"breadcrumb\":{\"@id\":\"https:\\\/\\\/shopatoa.com\\\/ro\\\/gillette-aparat-de-ras-mach3-reg-12-capete\\\/#breadcrumb\"},\"inLanguage\":\"ro-RO\",\"potentialAction\":[{\"@type\":\"ReadAction\",\"target\":[\"https:\\\/\\\/shopatoa.com\\\/ro\\\/gillette-aparat-de-ras-mach3-reg-12-capete\\\/\"]}]},{\"@type\":\"ImageObject\",\"inLanguage\":\"ro-RO\",\"@id\":\"https:\\\/\\\/shopatoa.com\\\/ro\\\/gillette-aparat-de-ras-mach3-reg-12-capete\\\/#primaryimage\",\"url\":\"https:\\\/\\\/storage.googleapis.com\\\/cz-shopatoa-img\\\/ro\\\/ee47259e-unnamed-file.webp\",\"contentUrl\":\"https:\\\/\\\/storage.googleapis.com\\\/cz-shopatoa-img\\\/ro\\\/ee47259e-unnamed-file.webp\",\"width\":800,\"height\":800},{\"@type\":\"BreadcrumbList\",\"@id\":\"https:\\\/\\\/shopatoa.com\\\/ro\\\/gillette-aparat-de-ras-mach3-reg-12-capete\\\/#breadcrumb\",\"itemListElement\":[{\"@type\":\"ListItem\",\"position\":1,\"name\":\"Dom\u016f\",\"item\":\"https:\\\/\\\/shopatoa.com\\\/ro\\\/\"},{\"@type\":\"ListItem\",\"position\":2,\"name\":\"Shop\",\"item\":\"https:\\\/\\\/shopatoa.com\\\/ro\\\/shop\\\/\"},{\"@type\":\"ListItem\",\"position\":3,\"name\":\"Cosmetice\",\"item\":\"https:\\\/\\\/shopatoa.com\\\/ro\\\/cosmetice\\\/\"},{\"@type\":\"ListItem\",\"position\":4,\"name\":\"Barber Shop\",\"item\":\"https:\\\/\\\/shopatoa.com\\\/ro\\\/barber-shop\\\/\"},{\"@type\":\"ListItem\",\"position\":5,\"name\":\"Barber Shop \u2013 b\u0103rbierit\",\"item\":\"https:\\\/\\\/shopatoa.com\\\/ro\\\/barber-shop-barbierit\\\/\"},{\"@type\":\"ListItem\",\"position\":6,\"name\":\"Gillette Aparat de ras Mach3 Reg+ 12 capete\"}]},{\"@type\":\"WebSite\",\"@id\":\"https:\\\/\\\/shopatoa.com\\\/ro\\\/#website\",\"url\":\"https:\\\/\\\/shopatoa.com\\\/ro\\\/\",\"name\":\"SHOPATOA\",\"description\":\"\",\"publisher\":{\"@id\":\"https:\\\/\\\/shopatoa.com\\\/ro\\\/#organization\"},\"potentialAction\":[{\"@type\":\"SearchAction\",\"target\":{\"@type\":\"EntryPoint\",\"urlTemplate\":\"https:\\\/\\\/shopatoa.com\\\/ro\\\/?s={search_term_string}\"},\"query-input\":{\"@type\":\"PropertyValueSpecification\",\"valueRequired\":true,\"valueName\":\"search_term_string\"}}],\"inLanguage\":\"ro-RO\"},{\"@type\":\"Organization\",\"@id\":\"https:\\\/\\\/shopatoa.com\\\/ro\\\/#organization\",\"name\":\"SHOPATOA\",\"url\":\"https:\\\/\\\/shopatoa.com\\\/ro\\\/\",\"logo\":{\"@type\":\"ImageObject\",\"inLanguage\":\"ro-RO\",\"@id\":\"https:\\\/\\\/shopatoa.com\\\/ro\\\/#\\\/schema\\\/logo\\\/image\\\/\",\"url\":\"https:\\\/\\\/storage.googleapis.com\\\/cz-shopatoa-img\\\/ro\\\/b4dac915-shopatoa_logo.png\",\"contentUrl\":\"https:\\\/\\\/storage.googleapis.com\\\/cz-shopatoa-img\\\/ro\\\/b4dac915-shopatoa_logo.png\",\"width\":416,\"height\":63,\"caption\":\"SHOPATOA\"},\"image\":{\"@id\":\"https:\\\/\\\/shopatoa.com\\\/ro\\\/#\\\/schema\\\/logo\\\/image\\\/\"}}]}<\/script>\n<!-- \/ Yoast SEO plugin. -->","yoast_head_json":{"title":"Gillette Aparat de ras Mach3 Reg+ 12 capete - SHOPATOA.COM","robots":{"index":"index","follow":"follow","max-snippet":"max-snippet:-1","max-image-preview":"max-image-preview:large","max-video-preview":"max-video-preview:-1"},"canonical":"https:\/\/shopatoa.com\/ro\/gillette-aparat-de-ras-mach3-reg-12-capete\/","og_locale":"ro_RO","og_type":"article","og_title":"Gillette Aparat de ras Mach3 Reg+ 12 capete - SHOPATOA.COM","og_description":"Aparatul de b\u0103rbierit manual pentru b\u0103rba\u021bi are lame mai puternice dec\u00e2t o\u021belul, care r\u0103m\u00e2n ascu\u021bite mai mult timp (\u00een compara\u021bie cu aparatul de ras Sensor3). Datorit\u0103 lamelor mai ascu\u021bite, poate rezista la 15 b\u0103rbieriri confortabile. Aceste aparate de ras Gillette au o banda hidratant\u0103 care alunec\u0103 pe piele \u0219i o ajut\u0103 s\u0103 o protejeze de...","og_url":"https:\/\/shopatoa.com\/ro\/gillette-aparat-de-ras-mach3-reg-12-capete\/","og_site_name":"SHOPATOA","article_modified_time":"2025-12-12T04:52:27+00:00","og_image":[{"width":800,"height":800,"url":"https:\/\/storage.googleapis.com\/cz-shopatoa-img\/ro\/ee47259e-unnamed-file.webp","type":"image\/webp"}],"twitter_card":"summary_large_image","schema":{"@context":"https:\/\/schema.org","@graph":[{"@type":"WebPage","@id":"https:\/\/shopatoa.com\/ro\/gillette-aparat-de-ras-mach3-reg-12-capete\/","url":"https:\/\/shopatoa.com\/ro\/gillette-aparat-de-ras-mach3-reg-12-capete\/","name":"Gillette Aparat de ras Mach3 Reg+ 12 capete - SHOPATOA.COM","isPartOf":{"@id":"https:\/\/shopatoa.com\/ro\/#website"},"primaryImageOfPage":{"@id":"https:\/\/shopatoa.com\/ro\/gillette-aparat-de-ras-mach3-reg-12-capete\/#primaryimage"},"image":{"@id":"https:\/\/shopatoa.com\/ro\/gillette-aparat-de-ras-mach3-reg-12-capete\/#primaryimage"},"thumbnailUrl":"https:\/\/storage.googleapis.com\/cz-shopatoa-img\/ro\/ee47259e-unnamed-file.webp","datePublished":"2025-04-25T15:36:33+00:00","dateModified":"2025-12-12T04:52:27+00:00","breadcrumb":{"@id":"https:\/\/shopatoa.com\/ro\/gillette-aparat-de-ras-mach3-reg-12-capete\/#breadcrumb"},"inLanguage":"ro-RO","potentialAction":[{"@type":"ReadAction","target":["https:\/\/shopatoa.com\/ro\/gillette-aparat-de-ras-mach3-reg-12-capete\/"]}]},{"@type":"ImageObject","inLanguage":"ro-RO","@id":"https:\/\/shopatoa.com\/ro\/gillette-aparat-de-ras-mach3-reg-12-capete\/#primaryimage","url":"https:\/\/storage.googleapis.com\/cz-shopatoa-img\/ro\/ee47259e-unnamed-file.webp","contentUrl":"https:\/\/storage.googleapis.com\/cz-shopatoa-img\/ro\/ee47259e-unnamed-file.webp","width":800,"height":800},{"@type":"BreadcrumbList","@id":"https:\/\/shopatoa.com\/ro\/gillette-aparat-de-ras-mach3-reg-12-capete\/#breadcrumb","itemListElement":[{"@type":"ListItem","position":1,"name":"Dom\u016f","item":"https:\/\/shopatoa.com\/ro\/"},{"@type":"ListItem","position":2,"name":"Shop","item":"https:\/\/shopatoa.com\/ro\/shop\/"},{"@type":"ListItem","position":3,"name":"Cosmetice","item":"https:\/\/shopatoa.com\/ro\/cosmetice\/"},{"@type":"ListItem","position":4,"name":"Barber Shop","item":"https:\/\/shopatoa.com\/ro\/barber-shop\/"},{"@type":"ListItem","position":5,"name":"Barber Shop \u2013 b\u0103rbierit","item":"https:\/\/shopatoa.com\/ro\/barber-shop-barbierit\/"},{"@type":"ListItem","position":6,"name":"Gillette Aparat de ras Mach3 Reg+ 12 capete"}]},{"@type":"WebSite","@id":"https:\/\/shopatoa.com\/ro\/#website","url":"https:\/\/shopatoa.com\/ro\/","name":"SHOPATOA","description":"","publisher":{"@id":"https:\/\/shopatoa.com\/ro\/#organization"},"potentialAction":[{"@type":"SearchAction","target":{"@type":"EntryPoint","urlTemplate":"https:\/\/shopatoa.com\/ro\/?s={search_term_string}"},"query-input":{"@type":"PropertyValueSpecification","valueRequired":true,"valueName":"search_term_string"}}],"inLanguage":"ro-RO"},{"@type":"Organization","@id":"https:\/\/shopatoa.com\/ro\/#organization","name":"SHOPATOA","url":"https:\/\/shopatoa.com\/ro\/","logo":{"@type":"ImageObject","inLanguage":"ro-RO","@id":"https:\/\/shopatoa.com\/ro\/#\/schema\/logo\/image\/","url":"https:\/\/storage.googleapis.com\/cz-shopatoa-img\/ro\/b4dac915-shopatoa_logo.png","contentUrl":"https:\/\/storage.googleapis.com\/cz-shopatoa-img\/ro\/b4dac915-shopatoa_logo.png","width":416,"height":63,"caption":"SHOPATOA"},"image":{"@id":"https:\/\/shopatoa.com\/ro\/#\/schema\/logo\/image\/"}}]}},"_links":{"self":[{"href":"https:\/\/shopatoa.com\/ro\/wp-json\/wp\/v2\/product\/252508","targetHints":{"allow":["GET"]}}],"collection":[{"href":"https:\/\/shopatoa.com\/ro\/wp-json\/wp\/v2\/product"}],"about":[{"href":"https:\/\/shopatoa.com\/ro\/wp-json\/wp\/v2\/types\/product"}],"replies":[{"embeddable":true,"href":"https:\/\/shopatoa.com\/ro\/wp-json\/wp\/v2\/comments?post=252508"}],"wp:featuredmedia":[{"embeddable":true,"href":"https:\/\/shopatoa.com\/ro\/wp-json\/wp\/v2\/media\/252509"}],"wp:attachment":[{"href":"https:\/\/shopatoa.com\/ro\/wp-json\/wp\/v2\/media?parent=252508"}],"wp:term":[{"taxonomy":"product_brand","embeddable":true,"href":"https:\/\/shopatoa.com\/ro\/wp-json\/wp\/v2\/product_brand?post=252508"},{"taxonomy":"product_cat","embeddable":true,"href":"https:\/\/shopatoa.com\/ro\/wp-json\/wp\/v2\/product_cat?post=252508"},{"taxonomy":"product_tag","embeddable":true,"href":"https:\/\/shopatoa.com\/ro\/wp-json\/wp\/v2\/product_tag?post=252508"}],"curies":[{"name":"wp","href":"https:\/\/api.w.org\/{rel}","templated":true}]}}