{"id":252758,"date":"2025-04-25T18:36:04","date_gmt":"2025-04-25T16:36:04","guid":{"rendered":"https:\/\/shopatoa.com\/ro\/michael-kors-parker-mk5491\/"},"modified":"2025-05-14T12:43:37","modified_gmt":"2025-05-14T10:43:37","slug":"michael-kors-parker-mk5491","status":"publish","type":"product","link":"https:\/\/shopatoa.com\/ro\/michael-kors-parker-mk5491\/","title":{"rendered":"Michael Kors Parker MK5491"},"content":{"rendered":"<p>Legendarul moda marca Michael Kors este popular cu doamnele din intreaga lume pentru capacitatea sa de a furniza orice tinuta o nota de lux si eleganta. Sechestra vraja ei \u0219i tu \u0219i ata\u0219a\u021bi un ceas de m\u00e2n\u0103 frumoas\u0103 colec\u021bie de Parker. Locuin\u021bele \u0219i for\u021ba de trac\u021biune de roz din o\u021bel placat cu aur de \u00eenalt\u0103 calitate le face cu adev\u0103rat accesoriu distinctiv pentru mediul dvs. nu trece sub t\u0103cere. Fa\u021ba de ceas are trei cronograf cu func\u021bie de cronometru \u0219i timp de 24 de ore, exist\u0103 , de asemenea , Dater situate \u00eentre indicii 4 \u0219i 5. m\u00e2inile luminescente semnificative asigura buna lizibilitate a timpului \u00een mijlocul nop\u021bii. Cireasa de pe proverbialul indicilor tort sunt echipate cu cristal clar c\u0103 cu fiecare mi\u0219care a lumini\u021be tale orbitor. Paria\u021bi pe suplimentul, care devine o comoar\u0103 \u00een caseta de bijuterii.<\/p>\n","protected":false},"excerpt":{"rendered":"<p>Legendarul moda marca Michael Kors este popular cu doamnele din intreaga lume pentru capacitatea sa de a furniza orice tinuta o nota de lux si eleganta. Sechestra vraja ei \u0219i tu \u0219i ata\u0219a\u021bi un ceas de m\u00e2n\u0103 frumoas\u0103 colec\u021bie de Parker. Locuin\u021bele \u0219i for\u021ba de trac\u021biune de roz din o\u021bel placat cu aur de \u00eenalt\u0103&#8230;<\/p>\n","protected":false},"featured_media":252759,"comment_status":"closed","ping_status":"open","template":"","meta":{"_acf_changed":false,"_kadence_starter_templates_imported_post":false,"_kad_post_transparent":"","_kad_post_title":"","_kad_post_layout":"","_kad_post_sidebar_id":"","_kad_post_content_style":"","_kad_post_vertical_padding":"","_kad_post_feature":"","_kad_post_feature_position":"","_kad_post_header":false,"_kad_post_footer":false,"_kad_post_classname":""},"product_brand":[206],"product_cat":[629,659],"product_tag":[],"class_list":{"0":"post-252758","1":"product","2":"type-product","3":"status-publish","4":"has-post-thumbnail","6":"product_brand-michael-kors","7":"product_cat-ceasuri","8":"product_cat-ceasuri-la-moda","10":"first","11":"instock","12":"product-type-external","13":"entry","14":"content-bg","15":"loop-entry"},"acf":[],"yoast_head":"<!-- This site is optimized with the Yoast SEO plugin v27.4 - https:\/\/yoast.com\/product\/yoast-seo-wordpress\/ -->\n<title>Michael Kors Parker MK5491 - SHOPATOA.COM<\/title>\n<meta name=\"robots\" content=\"index, follow, max-snippet:-1, max-image-preview:large, max-video-preview:-1\" \/>\n<link rel=\"canonical\" href=\"https:\/\/shopatoa.com\/ro\/michael-kors-parker-mk5491\/\" \/>\n<meta property=\"og:locale\" content=\"ro_RO\" \/>\n<meta property=\"og:type\" content=\"article\" \/>\n<meta property=\"og:title\" content=\"Michael Kors Parker MK5491 - SHOPATOA.COM\" \/>\n<meta property=\"og:description\" content=\"Legendarul moda marca Michael Kors este popular cu doamnele din intreaga lume pentru capacitatea sa de a furniza orice tinuta o nota de lux si eleganta. Sechestra vraja ei \u0219i tu \u0219i ata\u0219a\u021bi un ceas de m\u00e2n\u0103 frumoas\u0103 colec\u021bie de Parker. Locuin\u021bele \u0219i for\u021ba de trac\u021biune de roz din o\u021bel placat cu aur de \u00eenalt\u0103...\" \/>\n<meta property=\"og:url\" content=\"https:\/\/shopatoa.com\/ro\/michael-kors-parker-mk5491\/\" \/>\n<meta property=\"og:site_name\" content=\"SHOPATOA\" \/>\n<meta property=\"article:modified_time\" content=\"2025-05-14T10:43:37+00:00\" \/>\n<meta property=\"og:image\" content=\"https:\/\/storage.googleapis.com\/cz-shopatoa-img\/ro\/2ab31b3e-unnamed-file.webp\" \/>\n\t<meta property=\"og:image:width\" content=\"800\" \/>\n\t<meta property=\"og:image:height\" content=\"800\" \/>\n\t<meta property=\"og:image:type\" content=\"image\/webp\" \/>\n<meta name=\"twitter:card\" content=\"summary_large_image\" \/>\n<meta name=\"twitter:label1\" content=\"Timp estimat pentru citire\" \/>\n\t<meta name=\"twitter:data1\" content=\"1 minut\" \/>\n<script type=\"application\/ld+json\" class=\"yoast-schema-graph\">{\"@context\":\"https:\\\/\\\/schema.org\",\"@graph\":[{\"@type\":\"WebPage\",\"@id\":\"https:\\\/\\\/shopatoa.com\\\/ro\\\/michael-kors-parker-mk5491\\\/\",\"url\":\"https:\\\/\\\/shopatoa.com\\\/ro\\\/michael-kors-parker-mk5491\\\/\",\"name\":\"Michael Kors Parker MK5491 - SHOPATOA.COM\",\"isPartOf\":{\"@id\":\"https:\\\/\\\/shopatoa.com\\\/ro\\\/#website\"},\"primaryImageOfPage\":{\"@id\":\"https:\\\/\\\/shopatoa.com\\\/ro\\\/michael-kors-parker-mk5491\\\/#primaryimage\"},\"image\":{\"@id\":\"https:\\\/\\\/shopatoa.com\\\/ro\\\/michael-kors-parker-mk5491\\\/#primaryimage\"},\"thumbnailUrl\":\"https:\\\/\\\/storage.googleapis.com\\\/cz-shopatoa-img\\\/ro\\\/2ab31b3e-unnamed-file.webp\",\"datePublished\":\"2025-04-25T16:36:04+00:00\",\"dateModified\":\"2025-05-14T10:43:37+00:00\",\"breadcrumb\":{\"@id\":\"https:\\\/\\\/shopatoa.com\\\/ro\\\/michael-kors-parker-mk5491\\\/#breadcrumb\"},\"inLanguage\":\"ro-RO\",\"potentialAction\":[{\"@type\":\"ReadAction\",\"target\":[\"https:\\\/\\\/shopatoa.com\\\/ro\\\/michael-kors-parker-mk5491\\\/\"]}]},{\"@type\":\"ImageObject\",\"inLanguage\":\"ro-RO\",\"@id\":\"https:\\\/\\\/shopatoa.com\\\/ro\\\/michael-kors-parker-mk5491\\\/#primaryimage\",\"url\":\"https:\\\/\\\/storage.googleapis.com\\\/cz-shopatoa-img\\\/ro\\\/2ab31b3e-unnamed-file.webp\",\"contentUrl\":\"https:\\\/\\\/storage.googleapis.com\\\/cz-shopatoa-img\\\/ro\\\/2ab31b3e-unnamed-file.webp\",\"width\":800,\"height\":800},{\"@type\":\"BreadcrumbList\",\"@id\":\"https:\\\/\\\/shopatoa.com\\\/ro\\\/michael-kors-parker-mk5491\\\/#breadcrumb\",\"itemListElement\":[{\"@type\":\"ListItem\",\"position\":1,\"name\":\"Dom\u016f\",\"item\":\"https:\\\/\\\/shopatoa.com\\\/ro\\\/\"},{\"@type\":\"ListItem\",\"position\":2,\"name\":\"Shop\",\"item\":\"https:\\\/\\\/shopatoa.com\\\/ro\\\/shop\\\/\"},{\"@type\":\"ListItem\",\"position\":3,\"name\":\"Ceasuri\",\"item\":\"https:\\\/\\\/shopatoa.com\\\/ro\\\/ceasuri\\\/\"},{\"@type\":\"ListItem\",\"position\":4,\"name\":\"Ceasuri la mod\u0103\",\"item\":\"https:\\\/\\\/shopatoa.com\\\/ro\\\/ceasuri-la-moda\\\/\"},{\"@type\":\"ListItem\",\"position\":5,\"name\":\"Michael Kors Parker MK5491\"}]},{\"@type\":\"WebSite\",\"@id\":\"https:\\\/\\\/shopatoa.com\\\/ro\\\/#website\",\"url\":\"https:\\\/\\\/shopatoa.com\\\/ro\\\/\",\"name\":\"SHOPATOA\",\"description\":\"\",\"publisher\":{\"@id\":\"https:\\\/\\\/shopatoa.com\\\/ro\\\/#organization\"},\"potentialAction\":[{\"@type\":\"SearchAction\",\"target\":{\"@type\":\"EntryPoint\",\"urlTemplate\":\"https:\\\/\\\/shopatoa.com\\\/ro\\\/?s={search_term_string}\"},\"query-input\":{\"@type\":\"PropertyValueSpecification\",\"valueRequired\":true,\"valueName\":\"search_term_string\"}}],\"inLanguage\":\"ro-RO\"},{\"@type\":\"Organization\",\"@id\":\"https:\\\/\\\/shopatoa.com\\\/ro\\\/#organization\",\"name\":\"SHOPATOA\",\"url\":\"https:\\\/\\\/shopatoa.com\\\/ro\\\/\",\"logo\":{\"@type\":\"ImageObject\",\"inLanguage\":\"ro-RO\",\"@id\":\"https:\\\/\\\/shopatoa.com\\\/ro\\\/#\\\/schema\\\/logo\\\/image\\\/\",\"url\":\"https:\\\/\\\/storage.googleapis.com\\\/cz-shopatoa-img\\\/ro\\\/b4dac915-shopatoa_logo.png\",\"contentUrl\":\"https:\\\/\\\/storage.googleapis.com\\\/cz-shopatoa-img\\\/ro\\\/b4dac915-shopatoa_logo.png\",\"width\":416,\"height\":63,\"caption\":\"SHOPATOA\"},\"image\":{\"@id\":\"https:\\\/\\\/shopatoa.com\\\/ro\\\/#\\\/schema\\\/logo\\\/image\\\/\"}}]}<\/script>\n<!-- \/ Yoast SEO plugin. -->","yoast_head_json":{"title":"Michael Kors Parker MK5491 - SHOPATOA.COM","robots":{"index":"index","follow":"follow","max-snippet":"max-snippet:-1","max-image-preview":"max-image-preview:large","max-video-preview":"max-video-preview:-1"},"canonical":"https:\/\/shopatoa.com\/ro\/michael-kors-parker-mk5491\/","og_locale":"ro_RO","og_type":"article","og_title":"Michael Kors Parker MK5491 - SHOPATOA.COM","og_description":"Legendarul moda marca Michael Kors este popular cu doamnele din intreaga lume pentru capacitatea sa de a furniza orice tinuta o nota de lux si eleganta. Sechestra vraja ei \u0219i tu \u0219i ata\u0219a\u021bi un ceas de m\u00e2n\u0103 frumoas\u0103 colec\u021bie de Parker. Locuin\u021bele \u0219i for\u021ba de trac\u021biune de roz din o\u021bel placat cu aur de \u00eenalt\u0103...","og_url":"https:\/\/shopatoa.com\/ro\/michael-kors-parker-mk5491\/","og_site_name":"SHOPATOA","article_modified_time":"2025-05-14T10:43:37+00:00","og_image":[{"width":800,"height":800,"url":"https:\/\/storage.googleapis.com\/cz-shopatoa-img\/ro\/2ab31b3e-unnamed-file.webp","type":"image\/webp"}],"twitter_card":"summary_large_image","twitter_misc":{"Timp estimat pentru citire":"1 minut"},"schema":{"@context":"https:\/\/schema.org","@graph":[{"@type":"WebPage","@id":"https:\/\/shopatoa.com\/ro\/michael-kors-parker-mk5491\/","url":"https:\/\/shopatoa.com\/ro\/michael-kors-parker-mk5491\/","name":"Michael Kors Parker MK5491 - SHOPATOA.COM","isPartOf":{"@id":"https:\/\/shopatoa.com\/ro\/#website"},"primaryImageOfPage":{"@id":"https:\/\/shopatoa.com\/ro\/michael-kors-parker-mk5491\/#primaryimage"},"image":{"@id":"https:\/\/shopatoa.com\/ro\/michael-kors-parker-mk5491\/#primaryimage"},"thumbnailUrl":"https:\/\/storage.googleapis.com\/cz-shopatoa-img\/ro\/2ab31b3e-unnamed-file.webp","datePublished":"2025-04-25T16:36:04+00:00","dateModified":"2025-05-14T10:43:37+00:00","breadcrumb":{"@id":"https:\/\/shopatoa.com\/ro\/michael-kors-parker-mk5491\/#breadcrumb"},"inLanguage":"ro-RO","potentialAction":[{"@type":"ReadAction","target":["https:\/\/shopatoa.com\/ro\/michael-kors-parker-mk5491\/"]}]},{"@type":"ImageObject","inLanguage":"ro-RO","@id":"https:\/\/shopatoa.com\/ro\/michael-kors-parker-mk5491\/#primaryimage","url":"https:\/\/storage.googleapis.com\/cz-shopatoa-img\/ro\/2ab31b3e-unnamed-file.webp","contentUrl":"https:\/\/storage.googleapis.com\/cz-shopatoa-img\/ro\/2ab31b3e-unnamed-file.webp","width":800,"height":800},{"@type":"BreadcrumbList","@id":"https:\/\/shopatoa.com\/ro\/michael-kors-parker-mk5491\/#breadcrumb","itemListElement":[{"@type":"ListItem","position":1,"name":"Dom\u016f","item":"https:\/\/shopatoa.com\/ro\/"},{"@type":"ListItem","position":2,"name":"Shop","item":"https:\/\/shopatoa.com\/ro\/shop\/"},{"@type":"ListItem","position":3,"name":"Ceasuri","item":"https:\/\/shopatoa.com\/ro\/ceasuri\/"},{"@type":"ListItem","position":4,"name":"Ceasuri la mod\u0103","item":"https:\/\/shopatoa.com\/ro\/ceasuri-la-moda\/"},{"@type":"ListItem","position":5,"name":"Michael Kors Parker MK5491"}]},{"@type":"WebSite","@id":"https:\/\/shopatoa.com\/ro\/#website","url":"https:\/\/shopatoa.com\/ro\/","name":"SHOPATOA","description":"","publisher":{"@id":"https:\/\/shopatoa.com\/ro\/#organization"},"potentialAction":[{"@type":"SearchAction","target":{"@type":"EntryPoint","urlTemplate":"https:\/\/shopatoa.com\/ro\/?s={search_term_string}"},"query-input":{"@type":"PropertyValueSpecification","valueRequired":true,"valueName":"search_term_string"}}],"inLanguage":"ro-RO"},{"@type":"Organization","@id":"https:\/\/shopatoa.com\/ro\/#organization","name":"SHOPATOA","url":"https:\/\/shopatoa.com\/ro\/","logo":{"@type":"ImageObject","inLanguage":"ro-RO","@id":"https:\/\/shopatoa.com\/ro\/#\/schema\/logo\/image\/","url":"https:\/\/storage.googleapis.com\/cz-shopatoa-img\/ro\/b4dac915-shopatoa_logo.png","contentUrl":"https:\/\/storage.googleapis.com\/cz-shopatoa-img\/ro\/b4dac915-shopatoa_logo.png","width":416,"height":63,"caption":"SHOPATOA"},"image":{"@id":"https:\/\/shopatoa.com\/ro\/#\/schema\/logo\/image\/"}}]}},"_links":{"self":[{"href":"https:\/\/shopatoa.com\/ro\/wp-json\/wp\/v2\/product\/252758","targetHints":{"allow":["GET"]}}],"collection":[{"href":"https:\/\/shopatoa.com\/ro\/wp-json\/wp\/v2\/product"}],"about":[{"href":"https:\/\/shopatoa.com\/ro\/wp-json\/wp\/v2\/types\/product"}],"replies":[{"embeddable":true,"href":"https:\/\/shopatoa.com\/ro\/wp-json\/wp\/v2\/comments?post=252758"}],"wp:featuredmedia":[{"embeddable":true,"href":"https:\/\/shopatoa.com\/ro\/wp-json\/wp\/v2\/media\/252759"}],"wp:attachment":[{"href":"https:\/\/shopatoa.com\/ro\/wp-json\/wp\/v2\/media?parent=252758"}],"wp:term":[{"taxonomy":"product_brand","embeddable":true,"href":"https:\/\/shopatoa.com\/ro\/wp-json\/wp\/v2\/product_brand?post=252758"},{"taxonomy":"product_cat","embeddable":true,"href":"https:\/\/shopatoa.com\/ro\/wp-json\/wp\/v2\/product_cat?post=252758"},{"taxonomy":"product_tag","embeddable":true,"href":"https:\/\/shopatoa.com\/ro\/wp-json\/wp\/v2\/product_tag?post=252758"}],"curies":[{"name":"wp","href":"https:\/\/api.w.org\/{rel}","templated":true}]}}