{"id":252932,"date":"2025-04-25T19:15:45","date_gmt":"2025-04-25T17:15:45","guid":{"rendered":"https:\/\/shopatoa.com\/ro\/laica-j9064a1-cana-filtranta-tosca-set-4-filtre-pentru-filtrarea-apei\/"},"modified":"2025-12-12T01:35:01","modified_gmt":"2025-12-12T00:35:01","slug":"laica-j9064a1-cana-filtranta-tosca-set-4-filtre-pentru-filtrarea-apei","status":"publish","type":"product","link":"https:\/\/shopatoa.com\/ro\/laica-j9064a1-cana-filtranta-tosca-set-4-filtre-pentru-filtrarea-apei\/","title":{"rendered":"Laica J9064A1 Can\u0103 filtrant\u0103 Tosca SET + 4 filtre pentru filtrarea apei"},"content":{"rendered":"<p>SET TOSCA + 4 filtre can\u0103 filtrant\u0103 pentru filtrarea apei. Cu cana filtrant\u0103 LAICA Tosca, v\u0103 pute\u021bi bucur\u0103 de ap\u0103 de la robinet f\u0103r\u0103 mirosul nepl\u0103cut de clor, con\u021binutul de metale grele, calcar \u0219i bacterii. Cu o umplere, can\u0103 filtrant\u0103 filtreaz\u0103 p\u00e2n\u0103 la 1,2 litri de ap\u0103 \u00een aproximativ 3 minute. Rezultatul este o ap\u0103 mai s\u0103n\u0103toas\u0103, limpede, f\u0103r\u0103 miros, cu un gust mai bun \u0219i un raport echilibrat de minerale.<\/p>\n","protected":false},"excerpt":{"rendered":"<p>SET TOSCA + 4 filtre can\u0103 filtrant\u0103 pentru filtrarea apei. Cu cana filtrant\u0103 LAICA Tosca, v\u0103 pute\u021bi bucur\u0103 de ap\u0103 de la robinet f\u0103r\u0103 mirosul nepl\u0103cut de clor, con\u021binutul de metale grele, calcar \u0219i bacterii. Cu o umplere, can\u0103 filtrant\u0103 filtreaz\u0103 p\u00e2n\u0103 la 1,2 litri de ap\u0103 \u00een aproximativ 3 minute. Rezultatul este o ap\u0103&#8230;<\/p>\n","protected":false},"featured_media":252933,"comment_status":"closed","ping_status":"open","template":"","meta":{"_acf_changed":false,"_kadence_starter_templates_imported_post":false,"_kad_post_transparent":"","_kad_post_title":"","_kad_post_layout":"","_kad_post_sidebar_id":"","_kad_post_content_style":"","_kad_post_vertical_padding":"","_kad_post_feature":"","_kad_post_feature_position":"","_kad_post_header":false,"_kad_post_footer":false,"_kad_post_classname":""},"product_brand":[268],"product_cat":[703,353],"product_tag":[],"class_list":{"0":"post-252932","1":"product","2":"type-product","3":"status-publish","4":"has-post-thumbnail","6":"product_brand-laica","7":"product_cat-gospodarie","8":"product_cat-sanatate","10":"first","11":"instock","12":"product-type-external","13":"entry","14":"content-bg","15":"loop-entry"},"acf":[],"yoast_head":"<!-- This site is optimized with the Yoast SEO plugin v27.4 - https:\/\/yoast.com\/product\/yoast-seo-wordpress\/ -->\n<title>Laica J9064A1 Can\u0103 filtrant\u0103 Tosca SET + 4 filtre pentru filtrarea apei - SHOPATOA.COM<\/title>\n<meta name=\"robots\" content=\"index, follow, max-snippet:-1, max-image-preview:large, max-video-preview:-1\" \/>\n<link rel=\"canonical\" href=\"https:\/\/shopatoa.com\/ro\/laica-j9064a1-cana-filtranta-tosca-set-4-filtre-pentru-filtrarea-apei\/\" \/>\n<meta property=\"og:locale\" content=\"ro_RO\" \/>\n<meta property=\"og:type\" content=\"article\" \/>\n<meta property=\"og:title\" content=\"Laica J9064A1 Can\u0103 filtrant\u0103 Tosca SET + 4 filtre pentru filtrarea apei - SHOPATOA.COM\" \/>\n<meta property=\"og:description\" content=\"SET TOSCA + 4 filtre can\u0103 filtrant\u0103 pentru filtrarea apei. Cu cana filtrant\u0103 LAICA Tosca, v\u0103 pute\u021bi bucur\u0103 de ap\u0103 de la robinet f\u0103r\u0103 mirosul nepl\u0103cut de clor, con\u021binutul de metale grele, calcar \u0219i bacterii. Cu o umplere, can\u0103 filtrant\u0103 filtreaz\u0103 p\u00e2n\u0103 la 1,2 litri de ap\u0103 \u00een aproximativ 3 minute. Rezultatul este o ap\u0103...\" \/>\n<meta property=\"og:url\" content=\"https:\/\/shopatoa.com\/ro\/laica-j9064a1-cana-filtranta-tosca-set-4-filtre-pentru-filtrarea-apei\/\" \/>\n<meta property=\"og:site_name\" content=\"SHOPATOA\" \/>\n<meta property=\"article:modified_time\" content=\"2025-12-12T00:35:01+00:00\" \/>\n<meta property=\"og:image\" content=\"https:\/\/storage.googleapis.com\/cz-shopatoa-img\/ro\/880cd25e-unnamed-file.webp\" \/>\n\t<meta property=\"og:image:width\" content=\"800\" \/>\n\t<meta property=\"og:image:height\" content=\"800\" \/>\n\t<meta property=\"og:image:type\" content=\"image\/webp\" \/>\n<meta name=\"twitter:card\" content=\"summary_large_image\" \/>\n<script type=\"application\/ld+json\" class=\"yoast-schema-graph\">{\"@context\":\"https:\\\/\\\/schema.org\",\"@graph\":[{\"@type\":\"WebPage\",\"@id\":\"https:\\\/\\\/shopatoa.com\\\/ro\\\/laica-j9064a1-cana-filtranta-tosca-set-4-filtre-pentru-filtrarea-apei\\\/\",\"url\":\"https:\\\/\\\/shopatoa.com\\\/ro\\\/laica-j9064a1-cana-filtranta-tosca-set-4-filtre-pentru-filtrarea-apei\\\/\",\"name\":\"Laica J9064A1 Can\u0103 filtrant\u0103 Tosca SET + 4 filtre pentru filtrarea apei - SHOPATOA.COM\",\"isPartOf\":{\"@id\":\"https:\\\/\\\/shopatoa.com\\\/ro\\\/#website\"},\"primaryImageOfPage\":{\"@id\":\"https:\\\/\\\/shopatoa.com\\\/ro\\\/laica-j9064a1-cana-filtranta-tosca-set-4-filtre-pentru-filtrarea-apei\\\/#primaryimage\"},\"image\":{\"@id\":\"https:\\\/\\\/shopatoa.com\\\/ro\\\/laica-j9064a1-cana-filtranta-tosca-set-4-filtre-pentru-filtrarea-apei\\\/#primaryimage\"},\"thumbnailUrl\":\"https:\\\/\\\/storage.googleapis.com\\\/cz-shopatoa-img\\\/ro\\\/880cd25e-unnamed-file.webp\",\"datePublished\":\"2025-04-25T17:15:45+00:00\",\"dateModified\":\"2025-12-12T00:35:01+00:00\",\"breadcrumb\":{\"@id\":\"https:\\\/\\\/shopatoa.com\\\/ro\\\/laica-j9064a1-cana-filtranta-tosca-set-4-filtre-pentru-filtrarea-apei\\\/#breadcrumb\"},\"inLanguage\":\"ro-RO\",\"potentialAction\":[{\"@type\":\"ReadAction\",\"target\":[\"https:\\\/\\\/shopatoa.com\\\/ro\\\/laica-j9064a1-cana-filtranta-tosca-set-4-filtre-pentru-filtrarea-apei\\\/\"]}]},{\"@type\":\"ImageObject\",\"inLanguage\":\"ro-RO\",\"@id\":\"https:\\\/\\\/shopatoa.com\\\/ro\\\/laica-j9064a1-cana-filtranta-tosca-set-4-filtre-pentru-filtrarea-apei\\\/#primaryimage\",\"url\":\"https:\\\/\\\/storage.googleapis.com\\\/cz-shopatoa-img\\\/ro\\\/880cd25e-unnamed-file.webp\",\"contentUrl\":\"https:\\\/\\\/storage.googleapis.com\\\/cz-shopatoa-img\\\/ro\\\/880cd25e-unnamed-file.webp\",\"width\":800,\"height\":800},{\"@type\":\"BreadcrumbList\",\"@id\":\"https:\\\/\\\/shopatoa.com\\\/ro\\\/laica-j9064a1-cana-filtranta-tosca-set-4-filtre-pentru-filtrarea-apei\\\/#breadcrumb\",\"itemListElement\":[{\"@type\":\"ListItem\",\"position\":1,\"name\":\"Dom\u016f\",\"item\":\"https:\\\/\\\/shopatoa.com\\\/ro\\\/\"},{\"@type\":\"ListItem\",\"position\":2,\"name\":\"Shop\",\"item\":\"https:\\\/\\\/shopatoa.com\\\/ro\\\/shop\\\/\"},{\"@type\":\"ListItem\",\"position\":3,\"name\":\"S\u0103n\u0103tate\",\"item\":\"https:\\\/\\\/shopatoa.com\\\/ro\\\/sanatate\\\/\"},{\"@type\":\"ListItem\",\"position\":4,\"name\":\"Gospod\u0103rie\",\"item\":\"https:\\\/\\\/shopatoa.com\\\/ro\\\/gospodarie\\\/\"},{\"@type\":\"ListItem\",\"position\":5,\"name\":\"Laica J9064A1 Can\u0103 filtrant\u0103 Tosca SET + 4 filtre pentru filtrarea apei\"}]},{\"@type\":\"WebSite\",\"@id\":\"https:\\\/\\\/shopatoa.com\\\/ro\\\/#website\",\"url\":\"https:\\\/\\\/shopatoa.com\\\/ro\\\/\",\"name\":\"SHOPATOA\",\"description\":\"\",\"publisher\":{\"@id\":\"https:\\\/\\\/shopatoa.com\\\/ro\\\/#organization\"},\"potentialAction\":[{\"@type\":\"SearchAction\",\"target\":{\"@type\":\"EntryPoint\",\"urlTemplate\":\"https:\\\/\\\/shopatoa.com\\\/ro\\\/?s={search_term_string}\"},\"query-input\":{\"@type\":\"PropertyValueSpecification\",\"valueRequired\":true,\"valueName\":\"search_term_string\"}}],\"inLanguage\":\"ro-RO\"},{\"@type\":\"Organization\",\"@id\":\"https:\\\/\\\/shopatoa.com\\\/ro\\\/#organization\",\"name\":\"SHOPATOA\",\"url\":\"https:\\\/\\\/shopatoa.com\\\/ro\\\/\",\"logo\":{\"@type\":\"ImageObject\",\"inLanguage\":\"ro-RO\",\"@id\":\"https:\\\/\\\/shopatoa.com\\\/ro\\\/#\\\/schema\\\/logo\\\/image\\\/\",\"url\":\"https:\\\/\\\/storage.googleapis.com\\\/cz-shopatoa-img\\\/ro\\\/b4dac915-shopatoa_logo.png\",\"contentUrl\":\"https:\\\/\\\/storage.googleapis.com\\\/cz-shopatoa-img\\\/ro\\\/b4dac915-shopatoa_logo.png\",\"width\":416,\"height\":63,\"caption\":\"SHOPATOA\"},\"image\":{\"@id\":\"https:\\\/\\\/shopatoa.com\\\/ro\\\/#\\\/schema\\\/logo\\\/image\\\/\"}}]}<\/script>\n<!-- \/ Yoast SEO plugin. -->","yoast_head_json":{"title":"Laica J9064A1 Can\u0103 filtrant\u0103 Tosca SET + 4 filtre pentru filtrarea apei - SHOPATOA.COM","robots":{"index":"index","follow":"follow","max-snippet":"max-snippet:-1","max-image-preview":"max-image-preview:large","max-video-preview":"max-video-preview:-1"},"canonical":"https:\/\/shopatoa.com\/ro\/laica-j9064a1-cana-filtranta-tosca-set-4-filtre-pentru-filtrarea-apei\/","og_locale":"ro_RO","og_type":"article","og_title":"Laica J9064A1 Can\u0103 filtrant\u0103 Tosca SET + 4 filtre pentru filtrarea apei - SHOPATOA.COM","og_description":"SET TOSCA + 4 filtre can\u0103 filtrant\u0103 pentru filtrarea apei. Cu cana filtrant\u0103 LAICA Tosca, v\u0103 pute\u021bi bucur\u0103 de ap\u0103 de la robinet f\u0103r\u0103 mirosul nepl\u0103cut de clor, con\u021binutul de metale grele, calcar \u0219i bacterii. Cu o umplere, can\u0103 filtrant\u0103 filtreaz\u0103 p\u00e2n\u0103 la 1,2 litri de ap\u0103 \u00een aproximativ 3 minute. Rezultatul este o ap\u0103...","og_url":"https:\/\/shopatoa.com\/ro\/laica-j9064a1-cana-filtranta-tosca-set-4-filtre-pentru-filtrarea-apei\/","og_site_name":"SHOPATOA","article_modified_time":"2025-12-12T00:35:01+00:00","og_image":[{"width":800,"height":800,"url":"https:\/\/storage.googleapis.com\/cz-shopatoa-img\/ro\/880cd25e-unnamed-file.webp","type":"image\/webp"}],"twitter_card":"summary_large_image","schema":{"@context":"https:\/\/schema.org","@graph":[{"@type":"WebPage","@id":"https:\/\/shopatoa.com\/ro\/laica-j9064a1-cana-filtranta-tosca-set-4-filtre-pentru-filtrarea-apei\/","url":"https:\/\/shopatoa.com\/ro\/laica-j9064a1-cana-filtranta-tosca-set-4-filtre-pentru-filtrarea-apei\/","name":"Laica J9064A1 Can\u0103 filtrant\u0103 Tosca SET + 4 filtre pentru filtrarea apei - SHOPATOA.COM","isPartOf":{"@id":"https:\/\/shopatoa.com\/ro\/#website"},"primaryImageOfPage":{"@id":"https:\/\/shopatoa.com\/ro\/laica-j9064a1-cana-filtranta-tosca-set-4-filtre-pentru-filtrarea-apei\/#primaryimage"},"image":{"@id":"https:\/\/shopatoa.com\/ro\/laica-j9064a1-cana-filtranta-tosca-set-4-filtre-pentru-filtrarea-apei\/#primaryimage"},"thumbnailUrl":"https:\/\/storage.googleapis.com\/cz-shopatoa-img\/ro\/880cd25e-unnamed-file.webp","datePublished":"2025-04-25T17:15:45+00:00","dateModified":"2025-12-12T00:35:01+00:00","breadcrumb":{"@id":"https:\/\/shopatoa.com\/ro\/laica-j9064a1-cana-filtranta-tosca-set-4-filtre-pentru-filtrarea-apei\/#breadcrumb"},"inLanguage":"ro-RO","potentialAction":[{"@type":"ReadAction","target":["https:\/\/shopatoa.com\/ro\/laica-j9064a1-cana-filtranta-tosca-set-4-filtre-pentru-filtrarea-apei\/"]}]},{"@type":"ImageObject","inLanguage":"ro-RO","@id":"https:\/\/shopatoa.com\/ro\/laica-j9064a1-cana-filtranta-tosca-set-4-filtre-pentru-filtrarea-apei\/#primaryimage","url":"https:\/\/storage.googleapis.com\/cz-shopatoa-img\/ro\/880cd25e-unnamed-file.webp","contentUrl":"https:\/\/storage.googleapis.com\/cz-shopatoa-img\/ro\/880cd25e-unnamed-file.webp","width":800,"height":800},{"@type":"BreadcrumbList","@id":"https:\/\/shopatoa.com\/ro\/laica-j9064a1-cana-filtranta-tosca-set-4-filtre-pentru-filtrarea-apei\/#breadcrumb","itemListElement":[{"@type":"ListItem","position":1,"name":"Dom\u016f","item":"https:\/\/shopatoa.com\/ro\/"},{"@type":"ListItem","position":2,"name":"Shop","item":"https:\/\/shopatoa.com\/ro\/shop\/"},{"@type":"ListItem","position":3,"name":"S\u0103n\u0103tate","item":"https:\/\/shopatoa.com\/ro\/sanatate\/"},{"@type":"ListItem","position":4,"name":"Gospod\u0103rie","item":"https:\/\/shopatoa.com\/ro\/gospodarie\/"},{"@type":"ListItem","position":5,"name":"Laica J9064A1 Can\u0103 filtrant\u0103 Tosca SET + 4 filtre pentru filtrarea apei"}]},{"@type":"WebSite","@id":"https:\/\/shopatoa.com\/ro\/#website","url":"https:\/\/shopatoa.com\/ro\/","name":"SHOPATOA","description":"","publisher":{"@id":"https:\/\/shopatoa.com\/ro\/#organization"},"potentialAction":[{"@type":"SearchAction","target":{"@type":"EntryPoint","urlTemplate":"https:\/\/shopatoa.com\/ro\/?s={search_term_string}"},"query-input":{"@type":"PropertyValueSpecification","valueRequired":true,"valueName":"search_term_string"}}],"inLanguage":"ro-RO"},{"@type":"Organization","@id":"https:\/\/shopatoa.com\/ro\/#organization","name":"SHOPATOA","url":"https:\/\/shopatoa.com\/ro\/","logo":{"@type":"ImageObject","inLanguage":"ro-RO","@id":"https:\/\/shopatoa.com\/ro\/#\/schema\/logo\/image\/","url":"https:\/\/storage.googleapis.com\/cz-shopatoa-img\/ro\/b4dac915-shopatoa_logo.png","contentUrl":"https:\/\/storage.googleapis.com\/cz-shopatoa-img\/ro\/b4dac915-shopatoa_logo.png","width":416,"height":63,"caption":"SHOPATOA"},"image":{"@id":"https:\/\/shopatoa.com\/ro\/#\/schema\/logo\/image\/"}}]}},"_links":{"self":[{"href":"https:\/\/shopatoa.com\/ro\/wp-json\/wp\/v2\/product\/252932","targetHints":{"allow":["GET"]}}],"collection":[{"href":"https:\/\/shopatoa.com\/ro\/wp-json\/wp\/v2\/product"}],"about":[{"href":"https:\/\/shopatoa.com\/ro\/wp-json\/wp\/v2\/types\/product"}],"replies":[{"embeddable":true,"href":"https:\/\/shopatoa.com\/ro\/wp-json\/wp\/v2\/comments?post=252932"}],"wp:featuredmedia":[{"embeddable":true,"href":"https:\/\/shopatoa.com\/ro\/wp-json\/wp\/v2\/media\/252933"}],"wp:attachment":[{"href":"https:\/\/shopatoa.com\/ro\/wp-json\/wp\/v2\/media?parent=252932"}],"wp:term":[{"taxonomy":"product_brand","embeddable":true,"href":"https:\/\/shopatoa.com\/ro\/wp-json\/wp\/v2\/product_brand?post=252932"},{"taxonomy":"product_cat","embeddable":true,"href":"https:\/\/shopatoa.com\/ro\/wp-json\/wp\/v2\/product_cat?post=252932"},{"taxonomy":"product_tag","embeddable":true,"href":"https:\/\/shopatoa.com\/ro\/wp-json\/wp\/v2\/product_tag?post=252932"}],"curies":[{"name":"wp","href":"https:\/\/api.w.org\/{rel}","templated":true}]}}