{"id":253039,"date":"2025-04-25T19:26:46","date_gmt":"2025-04-25T17:26:46","guid":{"rendered":"https:\/\/shopatoa.com\/ro\/kenzo-leau-kenzo-pour-femme-edt-30-ml\/"},"modified":"2025-12-12T01:12:59","modified_gmt":"2025-12-12T00:12:59","slug":"kenzo-leau-kenzo-pour-femme-edt-30-ml","status":"publish","type":"product","link":"https:\/\/shopatoa.com\/ro\/kenzo-leau-kenzo-pour-femme-edt-30-ml\/","title":{"rendered":"Kenzo L\u00b4Eau Kenzo Pour Femme &#8211; EDT 30 ml"},"content":{"rendered":"<p>Simplitate. Sinceritate. Aceste dou\u0103 calit\u0103\u021bi pe care le iube\u0219te Kenzo. Parfumul este o s\u0103rb\u0103toare a prospe\u021bimii pure. Sclipitor, modern, curat, albastru azuriu, perfect moderat, departe de zgomotul nebun. Un parfum elegant, distinctiv, lipsit de orice moft. Armonie rafinat\u0103, sincer\u0103. Parfumul s\u0103u u\u0219or \u00eentruchipeaz\u0103 valorile de baz\u0103 ale vie\u021bii. Este proasp\u0103t, revigorant, translucid.<\/p>\n","protected":false},"excerpt":{"rendered":"<p>Simplitate. Sinceritate. Aceste dou\u0103 calit\u0103\u021bi pe care le iube\u0219te Kenzo. Parfumul este o s\u0103rb\u0103toare a prospe\u021bimii pure. Sclipitor, modern, curat, albastru azuriu, perfect moderat, departe de zgomotul nebun. Un parfum elegant, distinctiv, lipsit de orice moft. Armonie rafinat\u0103, sincer\u0103. Parfumul s\u0103u u\u0219or \u00eentruchipeaz\u0103 valorile de baz\u0103 ale vie\u021bii. Este proasp\u0103t, revigorant, translucid.<\/p>\n","protected":false},"featured_media":253040,"comment_status":"closed","ping_status":"open","template":"","meta":{"_acf_changed":false,"_kadence_starter_templates_imported_post":false,"_kad_post_transparent":"","_kad_post_title":"","_kad_post_layout":"","_kad_post_sidebar_id":"","_kad_post_content_style":"","_kad_post_vertical_padding":"","_kad_post_feature":"","_kad_post_feature_position":"","_kad_post_header":false,"_kad_post_footer":false,"_kad_post_classname":""},"product_brand":[401],"product_cat":[615,614],"product_tag":[],"class_list":{"0":"post-253039","1":"product","2":"type-product","3":"status-publish","4":"has-post-thumbnail","6":"product_brand-kenzo","7":"product_cat-ape-de-toaleta-edt","8":"product_cat-parfumuri","10":"first","11":"instock","12":"product-type-external","13":"entry","14":"content-bg","15":"loop-entry"},"acf":[],"yoast_head":"<!-- This site is optimized with the Yoast SEO plugin v27.4 - https:\/\/yoast.com\/product\/yoast-seo-wordpress\/ -->\n<title>Kenzo L\u00b4Eau Kenzo Pour Femme - EDT 30 ml - SHOPATOA.COM<\/title>\n<meta name=\"robots\" content=\"index, follow, max-snippet:-1, max-image-preview:large, max-video-preview:-1\" \/>\n<link rel=\"canonical\" href=\"https:\/\/shopatoa.com\/ro\/kenzo-leau-kenzo-pour-femme-edt-30-ml\/\" \/>\n<meta property=\"og:locale\" content=\"ro_RO\" \/>\n<meta property=\"og:type\" content=\"article\" \/>\n<meta property=\"og:title\" content=\"Kenzo L\u00b4Eau Kenzo Pour Femme - EDT 30 ml - SHOPATOA.COM\" \/>\n<meta property=\"og:description\" content=\"Simplitate. Sinceritate. Aceste dou\u0103 calit\u0103\u021bi pe care le iube\u0219te Kenzo. Parfumul este o s\u0103rb\u0103toare a prospe\u021bimii pure. Sclipitor, modern, curat, albastru azuriu, perfect moderat, departe de zgomotul nebun. Un parfum elegant, distinctiv, lipsit de orice moft. Armonie rafinat\u0103, sincer\u0103. Parfumul s\u0103u u\u0219or \u00eentruchipeaz\u0103 valorile de baz\u0103 ale vie\u021bii. Este proasp\u0103t, revigorant, translucid.\" \/>\n<meta property=\"og:url\" content=\"https:\/\/shopatoa.com\/ro\/kenzo-leau-kenzo-pour-femme-edt-30-ml\/\" \/>\n<meta property=\"og:site_name\" content=\"SHOPATOA\" \/>\n<meta property=\"article:modified_time\" content=\"2025-12-12T00:12:59+00:00\" \/>\n<meta property=\"og:image\" content=\"https:\/\/storage.googleapis.com\/cz-shopatoa-img\/ro\/213cd9e9-unnamed-file.webp\" \/>\n\t<meta property=\"og:image:width\" content=\"800\" \/>\n\t<meta property=\"og:image:height\" content=\"800\" \/>\n\t<meta property=\"og:image:type\" content=\"image\/webp\" \/>\n<meta name=\"twitter:card\" content=\"summary_large_image\" \/>\n<script type=\"application\/ld+json\" class=\"yoast-schema-graph\">{\"@context\":\"https:\\\/\\\/schema.org\",\"@graph\":[{\"@type\":\"WebPage\",\"@id\":\"https:\\\/\\\/shopatoa.com\\\/ro\\\/kenzo-leau-kenzo-pour-femme-edt-30-ml\\\/\",\"url\":\"https:\\\/\\\/shopatoa.com\\\/ro\\\/kenzo-leau-kenzo-pour-femme-edt-30-ml\\\/\",\"name\":\"Kenzo L\u00b4Eau Kenzo Pour Femme - EDT 30 ml - SHOPATOA.COM\",\"isPartOf\":{\"@id\":\"https:\\\/\\\/shopatoa.com\\\/ro\\\/#website\"},\"primaryImageOfPage\":{\"@id\":\"https:\\\/\\\/shopatoa.com\\\/ro\\\/kenzo-leau-kenzo-pour-femme-edt-30-ml\\\/#primaryimage\"},\"image\":{\"@id\":\"https:\\\/\\\/shopatoa.com\\\/ro\\\/kenzo-leau-kenzo-pour-femme-edt-30-ml\\\/#primaryimage\"},\"thumbnailUrl\":\"https:\\\/\\\/storage.googleapis.com\\\/cz-shopatoa-img\\\/ro\\\/213cd9e9-unnamed-file.webp\",\"datePublished\":\"2025-04-25T17:26:46+00:00\",\"dateModified\":\"2025-12-12T00:12:59+00:00\",\"breadcrumb\":{\"@id\":\"https:\\\/\\\/shopatoa.com\\\/ro\\\/kenzo-leau-kenzo-pour-femme-edt-30-ml\\\/#breadcrumb\"},\"inLanguage\":\"ro-RO\",\"potentialAction\":[{\"@type\":\"ReadAction\",\"target\":[\"https:\\\/\\\/shopatoa.com\\\/ro\\\/kenzo-leau-kenzo-pour-femme-edt-30-ml\\\/\"]}]},{\"@type\":\"ImageObject\",\"inLanguage\":\"ro-RO\",\"@id\":\"https:\\\/\\\/shopatoa.com\\\/ro\\\/kenzo-leau-kenzo-pour-femme-edt-30-ml\\\/#primaryimage\",\"url\":\"https:\\\/\\\/storage.googleapis.com\\\/cz-shopatoa-img\\\/ro\\\/213cd9e9-unnamed-file.webp\",\"contentUrl\":\"https:\\\/\\\/storage.googleapis.com\\\/cz-shopatoa-img\\\/ro\\\/213cd9e9-unnamed-file.webp\",\"width\":800,\"height\":800},{\"@type\":\"BreadcrumbList\",\"@id\":\"https:\\\/\\\/shopatoa.com\\\/ro\\\/kenzo-leau-kenzo-pour-femme-edt-30-ml\\\/#breadcrumb\",\"itemListElement\":[{\"@type\":\"ListItem\",\"position\":1,\"name\":\"Dom\u016f\",\"item\":\"https:\\\/\\\/shopatoa.com\\\/ro\\\/\"},{\"@type\":\"ListItem\",\"position\":2,\"name\":\"Shop\",\"item\":\"https:\\\/\\\/shopatoa.com\\\/ro\\\/shop\\\/\"},{\"@type\":\"ListItem\",\"position\":3,\"name\":\"Parfumuri\",\"item\":\"https:\\\/\\\/shopatoa.com\\\/ro\\\/parfumuri\\\/\"},{\"@type\":\"ListItem\",\"position\":4,\"name\":\"Ape de toalet\u0103 (EDT)\",\"item\":\"https:\\\/\\\/shopatoa.com\\\/ro\\\/ape-de-toaleta-edt\\\/\"},{\"@type\":\"ListItem\",\"position\":5,\"name\":\"Kenzo L\u00b4Eau Kenzo Pour Femme &#8211; EDT 30 ml\"}]},{\"@type\":\"WebSite\",\"@id\":\"https:\\\/\\\/shopatoa.com\\\/ro\\\/#website\",\"url\":\"https:\\\/\\\/shopatoa.com\\\/ro\\\/\",\"name\":\"SHOPATOA\",\"description\":\"\",\"publisher\":{\"@id\":\"https:\\\/\\\/shopatoa.com\\\/ro\\\/#organization\"},\"potentialAction\":[{\"@type\":\"SearchAction\",\"target\":{\"@type\":\"EntryPoint\",\"urlTemplate\":\"https:\\\/\\\/shopatoa.com\\\/ro\\\/?s={search_term_string}\"},\"query-input\":{\"@type\":\"PropertyValueSpecification\",\"valueRequired\":true,\"valueName\":\"search_term_string\"}}],\"inLanguage\":\"ro-RO\"},{\"@type\":\"Organization\",\"@id\":\"https:\\\/\\\/shopatoa.com\\\/ro\\\/#organization\",\"name\":\"SHOPATOA\",\"url\":\"https:\\\/\\\/shopatoa.com\\\/ro\\\/\",\"logo\":{\"@type\":\"ImageObject\",\"inLanguage\":\"ro-RO\",\"@id\":\"https:\\\/\\\/shopatoa.com\\\/ro\\\/#\\\/schema\\\/logo\\\/image\\\/\",\"url\":\"https:\\\/\\\/storage.googleapis.com\\\/cz-shopatoa-img\\\/ro\\\/b4dac915-shopatoa_logo.png\",\"contentUrl\":\"https:\\\/\\\/storage.googleapis.com\\\/cz-shopatoa-img\\\/ro\\\/b4dac915-shopatoa_logo.png\",\"width\":416,\"height\":63,\"caption\":\"SHOPATOA\"},\"image\":{\"@id\":\"https:\\\/\\\/shopatoa.com\\\/ro\\\/#\\\/schema\\\/logo\\\/image\\\/\"}}]}<\/script>\n<!-- \/ Yoast SEO plugin. -->","yoast_head_json":{"title":"Kenzo L\u00b4Eau Kenzo Pour Femme - EDT 30 ml - SHOPATOA.COM","robots":{"index":"index","follow":"follow","max-snippet":"max-snippet:-1","max-image-preview":"max-image-preview:large","max-video-preview":"max-video-preview:-1"},"canonical":"https:\/\/shopatoa.com\/ro\/kenzo-leau-kenzo-pour-femme-edt-30-ml\/","og_locale":"ro_RO","og_type":"article","og_title":"Kenzo L\u00b4Eau Kenzo Pour Femme - EDT 30 ml - SHOPATOA.COM","og_description":"Simplitate. Sinceritate. Aceste dou\u0103 calit\u0103\u021bi pe care le iube\u0219te Kenzo. Parfumul este o s\u0103rb\u0103toare a prospe\u021bimii pure. Sclipitor, modern, curat, albastru azuriu, perfect moderat, departe de zgomotul nebun. Un parfum elegant, distinctiv, lipsit de orice moft. Armonie rafinat\u0103, sincer\u0103. Parfumul s\u0103u u\u0219or \u00eentruchipeaz\u0103 valorile de baz\u0103 ale vie\u021bii. Este proasp\u0103t, revigorant, translucid.","og_url":"https:\/\/shopatoa.com\/ro\/kenzo-leau-kenzo-pour-femme-edt-30-ml\/","og_site_name":"SHOPATOA","article_modified_time":"2025-12-12T00:12:59+00:00","og_image":[{"width":800,"height":800,"url":"https:\/\/storage.googleapis.com\/cz-shopatoa-img\/ro\/213cd9e9-unnamed-file.webp","type":"image\/webp"}],"twitter_card":"summary_large_image","schema":{"@context":"https:\/\/schema.org","@graph":[{"@type":"WebPage","@id":"https:\/\/shopatoa.com\/ro\/kenzo-leau-kenzo-pour-femme-edt-30-ml\/","url":"https:\/\/shopatoa.com\/ro\/kenzo-leau-kenzo-pour-femme-edt-30-ml\/","name":"Kenzo L\u00b4Eau Kenzo Pour Femme - EDT 30 ml - SHOPATOA.COM","isPartOf":{"@id":"https:\/\/shopatoa.com\/ro\/#website"},"primaryImageOfPage":{"@id":"https:\/\/shopatoa.com\/ro\/kenzo-leau-kenzo-pour-femme-edt-30-ml\/#primaryimage"},"image":{"@id":"https:\/\/shopatoa.com\/ro\/kenzo-leau-kenzo-pour-femme-edt-30-ml\/#primaryimage"},"thumbnailUrl":"https:\/\/storage.googleapis.com\/cz-shopatoa-img\/ro\/213cd9e9-unnamed-file.webp","datePublished":"2025-04-25T17:26:46+00:00","dateModified":"2025-12-12T00:12:59+00:00","breadcrumb":{"@id":"https:\/\/shopatoa.com\/ro\/kenzo-leau-kenzo-pour-femme-edt-30-ml\/#breadcrumb"},"inLanguage":"ro-RO","potentialAction":[{"@type":"ReadAction","target":["https:\/\/shopatoa.com\/ro\/kenzo-leau-kenzo-pour-femme-edt-30-ml\/"]}]},{"@type":"ImageObject","inLanguage":"ro-RO","@id":"https:\/\/shopatoa.com\/ro\/kenzo-leau-kenzo-pour-femme-edt-30-ml\/#primaryimage","url":"https:\/\/storage.googleapis.com\/cz-shopatoa-img\/ro\/213cd9e9-unnamed-file.webp","contentUrl":"https:\/\/storage.googleapis.com\/cz-shopatoa-img\/ro\/213cd9e9-unnamed-file.webp","width":800,"height":800},{"@type":"BreadcrumbList","@id":"https:\/\/shopatoa.com\/ro\/kenzo-leau-kenzo-pour-femme-edt-30-ml\/#breadcrumb","itemListElement":[{"@type":"ListItem","position":1,"name":"Dom\u016f","item":"https:\/\/shopatoa.com\/ro\/"},{"@type":"ListItem","position":2,"name":"Shop","item":"https:\/\/shopatoa.com\/ro\/shop\/"},{"@type":"ListItem","position":3,"name":"Parfumuri","item":"https:\/\/shopatoa.com\/ro\/parfumuri\/"},{"@type":"ListItem","position":4,"name":"Ape de toalet\u0103 (EDT)","item":"https:\/\/shopatoa.com\/ro\/ape-de-toaleta-edt\/"},{"@type":"ListItem","position":5,"name":"Kenzo L\u00b4Eau Kenzo Pour Femme &#8211; EDT 30 ml"}]},{"@type":"WebSite","@id":"https:\/\/shopatoa.com\/ro\/#website","url":"https:\/\/shopatoa.com\/ro\/","name":"SHOPATOA","description":"","publisher":{"@id":"https:\/\/shopatoa.com\/ro\/#organization"},"potentialAction":[{"@type":"SearchAction","target":{"@type":"EntryPoint","urlTemplate":"https:\/\/shopatoa.com\/ro\/?s={search_term_string}"},"query-input":{"@type":"PropertyValueSpecification","valueRequired":true,"valueName":"search_term_string"}}],"inLanguage":"ro-RO"},{"@type":"Organization","@id":"https:\/\/shopatoa.com\/ro\/#organization","name":"SHOPATOA","url":"https:\/\/shopatoa.com\/ro\/","logo":{"@type":"ImageObject","inLanguage":"ro-RO","@id":"https:\/\/shopatoa.com\/ro\/#\/schema\/logo\/image\/","url":"https:\/\/storage.googleapis.com\/cz-shopatoa-img\/ro\/b4dac915-shopatoa_logo.png","contentUrl":"https:\/\/storage.googleapis.com\/cz-shopatoa-img\/ro\/b4dac915-shopatoa_logo.png","width":416,"height":63,"caption":"SHOPATOA"},"image":{"@id":"https:\/\/shopatoa.com\/ro\/#\/schema\/logo\/image\/"}}]}},"_links":{"self":[{"href":"https:\/\/shopatoa.com\/ro\/wp-json\/wp\/v2\/product\/253039","targetHints":{"allow":["GET"]}}],"collection":[{"href":"https:\/\/shopatoa.com\/ro\/wp-json\/wp\/v2\/product"}],"about":[{"href":"https:\/\/shopatoa.com\/ro\/wp-json\/wp\/v2\/types\/product"}],"replies":[{"embeddable":true,"href":"https:\/\/shopatoa.com\/ro\/wp-json\/wp\/v2\/comments?post=253039"}],"wp:featuredmedia":[{"embeddable":true,"href":"https:\/\/shopatoa.com\/ro\/wp-json\/wp\/v2\/media\/253040"}],"wp:attachment":[{"href":"https:\/\/shopatoa.com\/ro\/wp-json\/wp\/v2\/media?parent=253039"}],"wp:term":[{"taxonomy":"product_brand","embeddable":true,"href":"https:\/\/shopatoa.com\/ro\/wp-json\/wp\/v2\/product_brand?post=253039"},{"taxonomy":"product_cat","embeddable":true,"href":"https:\/\/shopatoa.com\/ro\/wp-json\/wp\/v2\/product_cat?post=253039"},{"taxonomy":"product_tag","embeddable":true,"href":"https:\/\/shopatoa.com\/ro\/wp-json\/wp\/v2\/product_tag?post=253039"}],"curies":[{"name":"wp","href":"https:\/\/api.w.org\/{rel}","templated":true}]}}