{"id":253087,"date":"2025-04-25T19:35:47","date_gmt":"2025-04-25T17:35:47","guid":{"rendered":"https:\/\/shopatoa.com\/ro\/revitalash-gel-pentru-sprancene-hi-def-tinted-brow-gel-74-ml-soft-brown\/"},"modified":"2025-12-12T00:52:33","modified_gmt":"2025-12-11T23:52:33","slug":"revitalash-gel-pentru-sprancene-hi-def-tinted-brow-gel-74-ml-soft-brown","status":"publish","type":"product","link":"https:\/\/shopatoa.com\/ro\/revitalash-gel-pentru-sprancene-hi-def-tinted-brow-gel-74-ml-soft-brown\/","title":{"rendered":"RevitaLash Gel pentru spr\u00e2ncene (Hi-Def Tinted Brow Gel) 7,4 ml Soft Brown"},"content":{"rendered":"<p>Gelul de fixare pe spr\u00e2ncene accentueaz\u0103 spr\u00e2ncenele chiar \u0219i in locurile in care sunt sub\u021biri \u0219i neclare. Nuan\u021bele naturale sunt potrivite pentru toate femeile \u0219i se adapteaz\u0103 fiec\u0103rei nuan\u021be de piele. Gelul fixeaz\u0103 perfect spr\u00e2ncenele chiar \u0219i pe timpul verii, c\u00e2nd transpir\u0103m mai mult, in timpul activit\u0103\u021bilor sportive \u0219i \u00een saun\u0103.<\/p>\n","protected":false},"excerpt":{"rendered":"<p>Gelul de fixare pe spr\u00e2ncene accentueaz\u0103 spr\u00e2ncenele chiar \u0219i in locurile in care sunt sub\u021biri \u0219i neclare. Nuan\u021bele naturale sunt potrivite pentru toate femeile \u0219i se adapteaz\u0103 fiec\u0103rei nuan\u021be de piele. Gelul fixeaz\u0103 perfect spr\u00e2ncenele chiar \u0219i pe timpul verii, c\u00e2nd transpir\u0103m mai mult, in timpul activit\u0103\u021bilor sportive \u0219i \u00een saun\u0103.<\/p>\n","protected":false},"featured_media":253088,"comment_status":"closed","ping_status":"open","template":"","meta":{"_acf_changed":false,"_kadence_starter_templates_imported_post":false,"_kad_post_transparent":"","_kad_post_title":"","_kad_post_layout":"","_kad_post_sidebar_id":"","_kad_post_content_style":"","_kad_post_vertical_padding":"","_kad_post_feature":"","_kad_post_feature_position":"","_kad_post_header":false,"_kad_post_footer":false,"_kad_post_classname":""},"product_brand":[298],"product_cat":[246,609,610,741],"product_tag":[],"class_list":{"0":"post-253087","1":"product","2":"type-product","3":"status-publish","4":"has-post-thumbnail","6":"product_brand-revitalash","7":"product_cat-cosmetice","8":"product_cat-cosmetice-decorative","9":"product_cat-cosmetice-decorative-pentru-sprancene","10":"product_cat-vopsele-pentru-sprancene-si-gene","12":"first","13":"instock","14":"product-type-external","15":"entry","16":"content-bg","17":"loop-entry"},"acf":[],"yoast_head":"<!-- This site is optimized with the Yoast SEO plugin v27.3 - https:\/\/yoast.com\/product\/yoast-seo-wordpress\/ -->\n<title>RevitaLash Gel pentru spr\u00e2ncene (Hi-Def Tinted Brow Gel) 7,4 ml Soft Brown - SHOPATOA.COM<\/title>\n<meta name=\"robots\" content=\"index, follow, max-snippet:-1, max-image-preview:large, max-video-preview:-1\" \/>\n<link rel=\"canonical\" href=\"https:\/\/shopatoa.com\/ro\/revitalash-gel-pentru-sprancene-hi-def-tinted-brow-gel-74-ml-soft-brown\/\" \/>\n<meta property=\"og:locale\" content=\"ro_RO\" \/>\n<meta property=\"og:type\" content=\"article\" \/>\n<meta property=\"og:title\" content=\"RevitaLash Gel pentru spr\u00e2ncene (Hi-Def Tinted Brow Gel) 7,4 ml Soft Brown - SHOPATOA.COM\" \/>\n<meta property=\"og:description\" content=\"Gelul de fixare pe spr\u00e2ncene accentueaz\u0103 spr\u00e2ncenele chiar \u0219i in locurile in care sunt sub\u021biri \u0219i neclare. Nuan\u021bele naturale sunt potrivite pentru toate femeile \u0219i se adapteaz\u0103 fiec\u0103rei nuan\u021be de piele. Gelul fixeaz\u0103 perfect spr\u00e2ncenele chiar \u0219i pe timpul verii, c\u00e2nd transpir\u0103m mai mult, in timpul activit\u0103\u021bilor sportive \u0219i \u00een saun\u0103.\" \/>\n<meta property=\"og:url\" content=\"https:\/\/shopatoa.com\/ro\/revitalash-gel-pentru-sprancene-hi-def-tinted-brow-gel-74-ml-soft-brown\/\" \/>\n<meta property=\"og:site_name\" content=\"SHOPATOA\" \/>\n<meta property=\"article:modified_time\" content=\"2025-12-11T23:52:33+00:00\" \/>\n<meta property=\"og:image\" content=\"https:\/\/storage.googleapis.com\/cz-shopatoa-img\/ro\/2531d219-unnamed-file.webp\" \/>\n\t<meta property=\"og:image:width\" content=\"800\" \/>\n\t<meta property=\"og:image:height\" content=\"800\" \/>\n\t<meta property=\"og:image:type\" content=\"image\/webp\" \/>\n<meta name=\"twitter:card\" content=\"summary_large_image\" \/>\n<script type=\"application\/ld+json\" class=\"yoast-schema-graph\">{\"@context\":\"https:\\\/\\\/schema.org\",\"@graph\":[{\"@type\":\"WebPage\",\"@id\":\"https:\\\/\\\/shopatoa.com\\\/ro\\\/revitalash-gel-pentru-sprancene-hi-def-tinted-brow-gel-74-ml-soft-brown\\\/\",\"url\":\"https:\\\/\\\/shopatoa.com\\\/ro\\\/revitalash-gel-pentru-sprancene-hi-def-tinted-brow-gel-74-ml-soft-brown\\\/\",\"name\":\"RevitaLash Gel pentru spr\u00e2ncene (Hi-Def Tinted Brow Gel) 7,4 ml Soft Brown - SHOPATOA.COM\",\"isPartOf\":{\"@id\":\"https:\\\/\\\/shopatoa.com\\\/ro\\\/#website\"},\"primaryImageOfPage\":{\"@id\":\"https:\\\/\\\/shopatoa.com\\\/ro\\\/revitalash-gel-pentru-sprancene-hi-def-tinted-brow-gel-74-ml-soft-brown\\\/#primaryimage\"},\"image\":{\"@id\":\"https:\\\/\\\/shopatoa.com\\\/ro\\\/revitalash-gel-pentru-sprancene-hi-def-tinted-brow-gel-74-ml-soft-brown\\\/#primaryimage\"},\"thumbnailUrl\":\"https:\\\/\\\/storage.googleapis.com\\\/cz-shopatoa-img\\\/ro\\\/2531d219-unnamed-file.webp\",\"datePublished\":\"2025-04-25T17:35:47+00:00\",\"dateModified\":\"2025-12-11T23:52:33+00:00\",\"breadcrumb\":{\"@id\":\"https:\\\/\\\/shopatoa.com\\\/ro\\\/revitalash-gel-pentru-sprancene-hi-def-tinted-brow-gel-74-ml-soft-brown\\\/#breadcrumb\"},\"inLanguage\":\"ro-RO\",\"potentialAction\":[{\"@type\":\"ReadAction\",\"target\":[\"https:\\\/\\\/shopatoa.com\\\/ro\\\/revitalash-gel-pentru-sprancene-hi-def-tinted-brow-gel-74-ml-soft-brown\\\/\"]}]},{\"@type\":\"ImageObject\",\"inLanguage\":\"ro-RO\",\"@id\":\"https:\\\/\\\/shopatoa.com\\\/ro\\\/revitalash-gel-pentru-sprancene-hi-def-tinted-brow-gel-74-ml-soft-brown\\\/#primaryimage\",\"url\":\"https:\\\/\\\/storage.googleapis.com\\\/cz-shopatoa-img\\\/ro\\\/2531d219-unnamed-file.webp\",\"contentUrl\":\"https:\\\/\\\/storage.googleapis.com\\\/cz-shopatoa-img\\\/ro\\\/2531d219-unnamed-file.webp\",\"width\":800,\"height\":800},{\"@type\":\"BreadcrumbList\",\"@id\":\"https:\\\/\\\/shopatoa.com\\\/ro\\\/revitalash-gel-pentru-sprancene-hi-def-tinted-brow-gel-74-ml-soft-brown\\\/#breadcrumb\",\"itemListElement\":[{\"@type\":\"ListItem\",\"position\":1,\"name\":\"Dom\u016f\",\"item\":\"https:\\\/\\\/shopatoa.com\\\/ro\\\/\"},{\"@type\":\"ListItem\",\"position\":2,\"name\":\"Shop\",\"item\":\"https:\\\/\\\/shopatoa.com\\\/ro\\\/shop\\\/\"},{\"@type\":\"ListItem\",\"position\":3,\"name\":\"Cosmetice\",\"item\":\"https:\\\/\\\/shopatoa.com\\\/ro\\\/cosmetice\\\/\"},{\"@type\":\"ListItem\",\"position\":4,\"name\":\"Cosmetice decorative\",\"item\":\"https:\\\/\\\/shopatoa.com\\\/ro\\\/cosmetice-decorative\\\/\"},{\"@type\":\"ListItem\",\"position\":5,\"name\":\"Cosmetice decorative pentru spr\u00e2ncene\",\"item\":\"https:\\\/\\\/shopatoa.com\\\/ro\\\/cosmetice-decorative-pentru-sprancene\\\/\"},{\"@type\":\"ListItem\",\"position\":6,\"name\":\"Vopsele pentru spr\u00e2ncene \u0219i gene\",\"item\":\"https:\\\/\\\/shopatoa.com\\\/ro\\\/vopsele-pentru-sprancene-si-gene\\\/\"},{\"@type\":\"ListItem\",\"position\":7,\"name\":\"RevitaLash Gel pentru spr\u00e2ncene (Hi-Def Tinted Brow Gel) 7,4 ml Soft Brown\"}]},{\"@type\":\"WebSite\",\"@id\":\"https:\\\/\\\/shopatoa.com\\\/ro\\\/#website\",\"url\":\"https:\\\/\\\/shopatoa.com\\\/ro\\\/\",\"name\":\"SHOPATOA\",\"description\":\"\",\"publisher\":{\"@id\":\"https:\\\/\\\/shopatoa.com\\\/ro\\\/#organization\"},\"potentialAction\":[{\"@type\":\"SearchAction\",\"target\":{\"@type\":\"EntryPoint\",\"urlTemplate\":\"https:\\\/\\\/shopatoa.com\\\/ro\\\/?s={search_term_string}\"},\"query-input\":{\"@type\":\"PropertyValueSpecification\",\"valueRequired\":true,\"valueName\":\"search_term_string\"}}],\"inLanguage\":\"ro-RO\"},{\"@type\":\"Organization\",\"@id\":\"https:\\\/\\\/shopatoa.com\\\/ro\\\/#organization\",\"name\":\"SHOPATOA\",\"url\":\"https:\\\/\\\/shopatoa.com\\\/ro\\\/\",\"logo\":{\"@type\":\"ImageObject\",\"inLanguage\":\"ro-RO\",\"@id\":\"https:\\\/\\\/shopatoa.com\\\/ro\\\/#\\\/schema\\\/logo\\\/image\\\/\",\"url\":\"https:\\\/\\\/storage.googleapis.com\\\/cz-shopatoa-img\\\/ro\\\/b4dac915-shopatoa_logo.png\",\"contentUrl\":\"https:\\\/\\\/storage.googleapis.com\\\/cz-shopatoa-img\\\/ro\\\/b4dac915-shopatoa_logo.png\",\"width\":416,\"height\":63,\"caption\":\"SHOPATOA\"},\"image\":{\"@id\":\"https:\\\/\\\/shopatoa.com\\\/ro\\\/#\\\/schema\\\/logo\\\/image\\\/\"}}]}<\/script>\n<!-- \/ Yoast SEO plugin. -->","yoast_head_json":{"title":"RevitaLash Gel pentru spr\u00e2ncene (Hi-Def Tinted Brow Gel) 7,4 ml Soft Brown - SHOPATOA.COM","robots":{"index":"index","follow":"follow","max-snippet":"max-snippet:-1","max-image-preview":"max-image-preview:large","max-video-preview":"max-video-preview:-1"},"canonical":"https:\/\/shopatoa.com\/ro\/revitalash-gel-pentru-sprancene-hi-def-tinted-brow-gel-74-ml-soft-brown\/","og_locale":"ro_RO","og_type":"article","og_title":"RevitaLash Gel pentru spr\u00e2ncene (Hi-Def Tinted Brow Gel) 7,4 ml Soft Brown - SHOPATOA.COM","og_description":"Gelul de fixare pe spr\u00e2ncene accentueaz\u0103 spr\u00e2ncenele chiar \u0219i in locurile in care sunt sub\u021biri \u0219i neclare. Nuan\u021bele naturale sunt potrivite pentru toate femeile \u0219i se adapteaz\u0103 fiec\u0103rei nuan\u021be de piele. Gelul fixeaz\u0103 perfect spr\u00e2ncenele chiar \u0219i pe timpul verii, c\u00e2nd transpir\u0103m mai mult, in timpul activit\u0103\u021bilor sportive \u0219i \u00een saun\u0103.","og_url":"https:\/\/shopatoa.com\/ro\/revitalash-gel-pentru-sprancene-hi-def-tinted-brow-gel-74-ml-soft-brown\/","og_site_name":"SHOPATOA","article_modified_time":"2025-12-11T23:52:33+00:00","og_image":[{"width":800,"height":800,"url":"https:\/\/storage.googleapis.com\/cz-shopatoa-img\/ro\/2531d219-unnamed-file.webp","type":"image\/webp"}],"twitter_card":"summary_large_image","schema":{"@context":"https:\/\/schema.org","@graph":[{"@type":"WebPage","@id":"https:\/\/shopatoa.com\/ro\/revitalash-gel-pentru-sprancene-hi-def-tinted-brow-gel-74-ml-soft-brown\/","url":"https:\/\/shopatoa.com\/ro\/revitalash-gel-pentru-sprancene-hi-def-tinted-brow-gel-74-ml-soft-brown\/","name":"RevitaLash Gel pentru spr\u00e2ncene (Hi-Def Tinted Brow Gel) 7,4 ml Soft Brown - SHOPATOA.COM","isPartOf":{"@id":"https:\/\/shopatoa.com\/ro\/#website"},"primaryImageOfPage":{"@id":"https:\/\/shopatoa.com\/ro\/revitalash-gel-pentru-sprancene-hi-def-tinted-brow-gel-74-ml-soft-brown\/#primaryimage"},"image":{"@id":"https:\/\/shopatoa.com\/ro\/revitalash-gel-pentru-sprancene-hi-def-tinted-brow-gel-74-ml-soft-brown\/#primaryimage"},"thumbnailUrl":"https:\/\/storage.googleapis.com\/cz-shopatoa-img\/ro\/2531d219-unnamed-file.webp","datePublished":"2025-04-25T17:35:47+00:00","dateModified":"2025-12-11T23:52:33+00:00","breadcrumb":{"@id":"https:\/\/shopatoa.com\/ro\/revitalash-gel-pentru-sprancene-hi-def-tinted-brow-gel-74-ml-soft-brown\/#breadcrumb"},"inLanguage":"ro-RO","potentialAction":[{"@type":"ReadAction","target":["https:\/\/shopatoa.com\/ro\/revitalash-gel-pentru-sprancene-hi-def-tinted-brow-gel-74-ml-soft-brown\/"]}]},{"@type":"ImageObject","inLanguage":"ro-RO","@id":"https:\/\/shopatoa.com\/ro\/revitalash-gel-pentru-sprancene-hi-def-tinted-brow-gel-74-ml-soft-brown\/#primaryimage","url":"https:\/\/storage.googleapis.com\/cz-shopatoa-img\/ro\/2531d219-unnamed-file.webp","contentUrl":"https:\/\/storage.googleapis.com\/cz-shopatoa-img\/ro\/2531d219-unnamed-file.webp","width":800,"height":800},{"@type":"BreadcrumbList","@id":"https:\/\/shopatoa.com\/ro\/revitalash-gel-pentru-sprancene-hi-def-tinted-brow-gel-74-ml-soft-brown\/#breadcrumb","itemListElement":[{"@type":"ListItem","position":1,"name":"Dom\u016f","item":"https:\/\/shopatoa.com\/ro\/"},{"@type":"ListItem","position":2,"name":"Shop","item":"https:\/\/shopatoa.com\/ro\/shop\/"},{"@type":"ListItem","position":3,"name":"Cosmetice","item":"https:\/\/shopatoa.com\/ro\/cosmetice\/"},{"@type":"ListItem","position":4,"name":"Cosmetice decorative","item":"https:\/\/shopatoa.com\/ro\/cosmetice-decorative\/"},{"@type":"ListItem","position":5,"name":"Cosmetice decorative pentru spr\u00e2ncene","item":"https:\/\/shopatoa.com\/ro\/cosmetice-decorative-pentru-sprancene\/"},{"@type":"ListItem","position":6,"name":"Vopsele pentru spr\u00e2ncene \u0219i gene","item":"https:\/\/shopatoa.com\/ro\/vopsele-pentru-sprancene-si-gene\/"},{"@type":"ListItem","position":7,"name":"RevitaLash Gel pentru spr\u00e2ncene (Hi-Def Tinted Brow Gel) 7,4 ml Soft Brown"}]},{"@type":"WebSite","@id":"https:\/\/shopatoa.com\/ro\/#website","url":"https:\/\/shopatoa.com\/ro\/","name":"SHOPATOA","description":"","publisher":{"@id":"https:\/\/shopatoa.com\/ro\/#organization"},"potentialAction":[{"@type":"SearchAction","target":{"@type":"EntryPoint","urlTemplate":"https:\/\/shopatoa.com\/ro\/?s={search_term_string}"},"query-input":{"@type":"PropertyValueSpecification","valueRequired":true,"valueName":"search_term_string"}}],"inLanguage":"ro-RO"},{"@type":"Organization","@id":"https:\/\/shopatoa.com\/ro\/#organization","name":"SHOPATOA","url":"https:\/\/shopatoa.com\/ro\/","logo":{"@type":"ImageObject","inLanguage":"ro-RO","@id":"https:\/\/shopatoa.com\/ro\/#\/schema\/logo\/image\/","url":"https:\/\/storage.googleapis.com\/cz-shopatoa-img\/ro\/b4dac915-shopatoa_logo.png","contentUrl":"https:\/\/storage.googleapis.com\/cz-shopatoa-img\/ro\/b4dac915-shopatoa_logo.png","width":416,"height":63,"caption":"SHOPATOA"},"image":{"@id":"https:\/\/shopatoa.com\/ro\/#\/schema\/logo\/image\/"}}]}},"_links":{"self":[{"href":"https:\/\/shopatoa.com\/ro\/wp-json\/wp\/v2\/product\/253087","targetHints":{"allow":["GET"]}}],"collection":[{"href":"https:\/\/shopatoa.com\/ro\/wp-json\/wp\/v2\/product"}],"about":[{"href":"https:\/\/shopatoa.com\/ro\/wp-json\/wp\/v2\/types\/product"}],"replies":[{"embeddable":true,"href":"https:\/\/shopatoa.com\/ro\/wp-json\/wp\/v2\/comments?post=253087"}],"wp:featuredmedia":[{"embeddable":true,"href":"https:\/\/shopatoa.com\/ro\/wp-json\/wp\/v2\/media\/253088"}],"wp:attachment":[{"href":"https:\/\/shopatoa.com\/ro\/wp-json\/wp\/v2\/media?parent=253087"}],"wp:term":[{"taxonomy":"product_brand","embeddable":true,"href":"https:\/\/shopatoa.com\/ro\/wp-json\/wp\/v2\/product_brand?post=253087"},{"taxonomy":"product_cat","embeddable":true,"href":"https:\/\/shopatoa.com\/ro\/wp-json\/wp\/v2\/product_cat?post=253087"},{"taxonomy":"product_tag","embeddable":true,"href":"https:\/\/shopatoa.com\/ro\/wp-json\/wp\/v2\/product_tag?post=253087"}],"curies":[{"name":"wp","href":"https:\/\/api.w.org\/{rel}","templated":true}]}}