{"id":253309,"date":"2025-04-25T20:11:34","date_gmt":"2025-04-25T18:11:34","guid":{"rendered":"https:\/\/shopatoa.com\/ro\/my-white-secret-curatitor-de-pete-si-placa-tooth-stain-removers-2-bucati\/"},"modified":"2025-12-11T23:42:34","modified_gmt":"2025-12-11T22:42:34","slug":"my-white-secret-curatitor-de-pete-si-placa-tooth-stain-removers-2-bucati","status":"publish","type":"product","link":"https:\/\/shopatoa.com\/ro\/my-white-secret-curatitor-de-pete-si-placa-tooth-stain-removers-2-bucati\/","title":{"rendered":"My White Secret Cur\u0103\u021bitor de pete \u0219i plac\u0103 (Tooth Stain Removers) 2 buc\u0103\u021bi"},"content":{"rendered":"<p>Un produs de cur\u0103\u021bare unic pentru \u00eendep\u0103rtarea petelor de pigment \u0219i a pl\u0103cii dentare. Red\u0103 str\u0103lucirea natural\u0103 \u0219i netezimea din\u021bilor. Potrivit pentru petele pigmentate cauzate de consumul de vin, cafea, ceai, fumat etc. Capul unic de lustruire este realizat din roc\u0103 vulcanic\u0103, care \u00eendep\u0103rteaz\u0103 u\u0219or, dar eficient petele de pe din\u021bi. Nu deterioreaz\u0103 smal\u021bul din\u021bilor, potrivit chiar \u0219i pentru din\u021bii sensibili.<\/p>\n","protected":false},"excerpt":{"rendered":"<p>Un produs de cur\u0103\u021bare unic pentru \u00eendep\u0103rtarea petelor de pigment \u0219i a pl\u0103cii dentare. Red\u0103 str\u0103lucirea natural\u0103 \u0219i netezimea din\u021bilor. Potrivit pentru petele pigmentate cauzate de consumul de vin, cafea, ceai, fumat etc. Capul unic de lustruire este realizat din roc\u0103 vulcanic\u0103, care \u00eendep\u0103rteaz\u0103 u\u0219or, dar eficient petele de pe din\u021bi. Nu deterioreaz\u0103 smal\u021bul din\u021bilor,&#8230;<\/p>\n","protected":false},"featured_media":253310,"comment_status":"closed","ping_status":"open","template":"","meta":{"_acf_changed":false,"_kadence_starter_templates_imported_post":false,"_kad_post_transparent":"","_kad_post_title":"","_kad_post_layout":"","_kad_post_sidebar_id":"","_kad_post_content_style":"","_kad_post_vertical_padding":"","_kad_post_feature":"","_kad_post_feature_position":"","_kad_post_header":false,"_kad_post_footer":false,"_kad_post_classname":""},"product_brand":[425],"product_cat":[246,709,746],"product_tag":[],"class_list":{"0":"post-253309","1":"product","2":"type-product","3":"status-publish","4":"has-post-thumbnail","6":"product_brand-my-white-secret","7":"product_cat-cosmetice","8":"product_cat-ingrijirea-dentara","9":"product_cat-periute-de-dinti","11":"first","12":"instock","13":"sale","14":"product-type-external","15":"entry","16":"content-bg","17":"loop-entry"},"acf":[],"yoast_head":"<!-- This site is optimized with the Yoast SEO plugin v27.4 - https:\/\/yoast.com\/product\/yoast-seo-wordpress\/ -->\n<title>My White Secret Cur\u0103\u021bitor de pete \u0219i plac\u0103 (Tooth Stain Removers) 2 buc\u0103\u021bi - SHOPATOA.COM<\/title>\n<meta name=\"robots\" content=\"index, follow, max-snippet:-1, max-image-preview:large, max-video-preview:-1\" \/>\n<link rel=\"canonical\" href=\"https:\/\/shopatoa.com\/ro\/my-white-secret-curatitor-de-pete-si-placa-tooth-stain-removers-2-bucati\/\" \/>\n<meta property=\"og:locale\" content=\"ro_RO\" \/>\n<meta property=\"og:type\" content=\"article\" \/>\n<meta property=\"og:title\" content=\"My White Secret Cur\u0103\u021bitor de pete \u0219i plac\u0103 (Tooth Stain Removers) 2 buc\u0103\u021bi - SHOPATOA.COM\" \/>\n<meta property=\"og:description\" content=\"Un produs de cur\u0103\u021bare unic pentru \u00eendep\u0103rtarea petelor de pigment \u0219i a pl\u0103cii dentare. Red\u0103 str\u0103lucirea natural\u0103 \u0219i netezimea din\u021bilor. Potrivit pentru petele pigmentate cauzate de consumul de vin, cafea, ceai, fumat etc. Capul unic de lustruire este realizat din roc\u0103 vulcanic\u0103, care \u00eendep\u0103rteaz\u0103 u\u0219or, dar eficient petele de pe din\u021bi. Nu deterioreaz\u0103 smal\u021bul din\u021bilor,...\" \/>\n<meta property=\"og:url\" content=\"https:\/\/shopatoa.com\/ro\/my-white-secret-curatitor-de-pete-si-placa-tooth-stain-removers-2-bucati\/\" \/>\n<meta property=\"og:site_name\" content=\"SHOPATOA\" \/>\n<meta property=\"article:modified_time\" content=\"2025-12-11T22:42:34+00:00\" \/>\n<meta property=\"og:image\" content=\"https:\/\/storage.googleapis.com\/cz-shopatoa-img\/ro\/13287e94-unnamed-file.webp\" \/>\n\t<meta property=\"og:image:width\" content=\"800\" \/>\n\t<meta property=\"og:image:height\" content=\"800\" \/>\n\t<meta property=\"og:image:type\" content=\"image\/webp\" \/>\n<meta name=\"twitter:card\" content=\"summary_large_image\" \/>\n<script type=\"application\/ld+json\" class=\"yoast-schema-graph\">{\"@context\":\"https:\\\/\\\/schema.org\",\"@graph\":[{\"@type\":\"WebPage\",\"@id\":\"https:\\\/\\\/shopatoa.com\\\/ro\\\/my-white-secret-curatitor-de-pete-si-placa-tooth-stain-removers-2-bucati\\\/\",\"url\":\"https:\\\/\\\/shopatoa.com\\\/ro\\\/my-white-secret-curatitor-de-pete-si-placa-tooth-stain-removers-2-bucati\\\/\",\"name\":\"My White Secret Cur\u0103\u021bitor de pete \u0219i plac\u0103 (Tooth Stain Removers) 2 buc\u0103\u021bi - SHOPATOA.COM\",\"isPartOf\":{\"@id\":\"https:\\\/\\\/shopatoa.com\\\/ro\\\/#website\"},\"primaryImageOfPage\":{\"@id\":\"https:\\\/\\\/shopatoa.com\\\/ro\\\/my-white-secret-curatitor-de-pete-si-placa-tooth-stain-removers-2-bucati\\\/#primaryimage\"},\"image\":{\"@id\":\"https:\\\/\\\/shopatoa.com\\\/ro\\\/my-white-secret-curatitor-de-pete-si-placa-tooth-stain-removers-2-bucati\\\/#primaryimage\"},\"thumbnailUrl\":\"https:\\\/\\\/storage.googleapis.com\\\/cz-shopatoa-img\\\/ro\\\/13287e94-unnamed-file.webp\",\"datePublished\":\"2025-04-25T18:11:34+00:00\",\"dateModified\":\"2025-12-11T22:42:34+00:00\",\"breadcrumb\":{\"@id\":\"https:\\\/\\\/shopatoa.com\\\/ro\\\/my-white-secret-curatitor-de-pete-si-placa-tooth-stain-removers-2-bucati\\\/#breadcrumb\"},\"inLanguage\":\"ro-RO\",\"potentialAction\":[{\"@type\":\"ReadAction\",\"target\":[\"https:\\\/\\\/shopatoa.com\\\/ro\\\/my-white-secret-curatitor-de-pete-si-placa-tooth-stain-removers-2-bucati\\\/\"]}]},{\"@type\":\"ImageObject\",\"inLanguage\":\"ro-RO\",\"@id\":\"https:\\\/\\\/shopatoa.com\\\/ro\\\/my-white-secret-curatitor-de-pete-si-placa-tooth-stain-removers-2-bucati\\\/#primaryimage\",\"url\":\"https:\\\/\\\/storage.googleapis.com\\\/cz-shopatoa-img\\\/ro\\\/13287e94-unnamed-file.webp\",\"contentUrl\":\"https:\\\/\\\/storage.googleapis.com\\\/cz-shopatoa-img\\\/ro\\\/13287e94-unnamed-file.webp\",\"width\":800,\"height\":800},{\"@type\":\"BreadcrumbList\",\"@id\":\"https:\\\/\\\/shopatoa.com\\\/ro\\\/my-white-secret-curatitor-de-pete-si-placa-tooth-stain-removers-2-bucati\\\/#breadcrumb\",\"itemListElement\":[{\"@type\":\"ListItem\",\"position\":1,\"name\":\"Dom\u016f\",\"item\":\"https:\\\/\\\/shopatoa.com\\\/ro\\\/\"},{\"@type\":\"ListItem\",\"position\":2,\"name\":\"Shop\",\"item\":\"https:\\\/\\\/shopatoa.com\\\/ro\\\/shop\\\/\"},{\"@type\":\"ListItem\",\"position\":3,\"name\":\"Cosmetice\",\"item\":\"https:\\\/\\\/shopatoa.com\\\/ro\\\/cosmetice\\\/\"},{\"@type\":\"ListItem\",\"position\":4,\"name\":\"\u00cengrijirea dentar\u0103\",\"item\":\"https:\\\/\\\/shopatoa.com\\\/ro\\\/ingrijirea-dentara\\\/\"},{\"@type\":\"ListItem\",\"position\":5,\"name\":\"Periu\u021be de din\u021bi\",\"item\":\"https:\\\/\\\/shopatoa.com\\\/ro\\\/periute-de-dinti\\\/\"},{\"@type\":\"ListItem\",\"position\":6,\"name\":\"My White Secret Cur\u0103\u021bitor de pete \u0219i plac\u0103 (Tooth Stain Removers) 2 buc\u0103\u021bi\"}]},{\"@type\":\"WebSite\",\"@id\":\"https:\\\/\\\/shopatoa.com\\\/ro\\\/#website\",\"url\":\"https:\\\/\\\/shopatoa.com\\\/ro\\\/\",\"name\":\"SHOPATOA\",\"description\":\"\",\"publisher\":{\"@id\":\"https:\\\/\\\/shopatoa.com\\\/ro\\\/#organization\"},\"potentialAction\":[{\"@type\":\"SearchAction\",\"target\":{\"@type\":\"EntryPoint\",\"urlTemplate\":\"https:\\\/\\\/shopatoa.com\\\/ro\\\/?s={search_term_string}\"},\"query-input\":{\"@type\":\"PropertyValueSpecification\",\"valueRequired\":true,\"valueName\":\"search_term_string\"}}],\"inLanguage\":\"ro-RO\"},{\"@type\":\"Organization\",\"@id\":\"https:\\\/\\\/shopatoa.com\\\/ro\\\/#organization\",\"name\":\"SHOPATOA\",\"url\":\"https:\\\/\\\/shopatoa.com\\\/ro\\\/\",\"logo\":{\"@type\":\"ImageObject\",\"inLanguage\":\"ro-RO\",\"@id\":\"https:\\\/\\\/shopatoa.com\\\/ro\\\/#\\\/schema\\\/logo\\\/image\\\/\",\"url\":\"https:\\\/\\\/storage.googleapis.com\\\/cz-shopatoa-img\\\/ro\\\/b4dac915-shopatoa_logo.png\",\"contentUrl\":\"https:\\\/\\\/storage.googleapis.com\\\/cz-shopatoa-img\\\/ro\\\/b4dac915-shopatoa_logo.png\",\"width\":416,\"height\":63,\"caption\":\"SHOPATOA\"},\"image\":{\"@id\":\"https:\\\/\\\/shopatoa.com\\\/ro\\\/#\\\/schema\\\/logo\\\/image\\\/\"}}]}<\/script>\n<!-- \/ Yoast SEO plugin. -->","yoast_head_json":{"title":"My White Secret Cur\u0103\u021bitor de pete \u0219i plac\u0103 (Tooth Stain Removers) 2 buc\u0103\u021bi - SHOPATOA.COM","robots":{"index":"index","follow":"follow","max-snippet":"max-snippet:-1","max-image-preview":"max-image-preview:large","max-video-preview":"max-video-preview:-1"},"canonical":"https:\/\/shopatoa.com\/ro\/my-white-secret-curatitor-de-pete-si-placa-tooth-stain-removers-2-bucati\/","og_locale":"ro_RO","og_type":"article","og_title":"My White Secret Cur\u0103\u021bitor de pete \u0219i plac\u0103 (Tooth Stain Removers) 2 buc\u0103\u021bi - SHOPATOA.COM","og_description":"Un produs de cur\u0103\u021bare unic pentru \u00eendep\u0103rtarea petelor de pigment \u0219i a pl\u0103cii dentare. Red\u0103 str\u0103lucirea natural\u0103 \u0219i netezimea din\u021bilor. Potrivit pentru petele pigmentate cauzate de consumul de vin, cafea, ceai, fumat etc. Capul unic de lustruire este realizat din roc\u0103 vulcanic\u0103, care \u00eendep\u0103rteaz\u0103 u\u0219or, dar eficient petele de pe din\u021bi. Nu deterioreaz\u0103 smal\u021bul din\u021bilor,...","og_url":"https:\/\/shopatoa.com\/ro\/my-white-secret-curatitor-de-pete-si-placa-tooth-stain-removers-2-bucati\/","og_site_name":"SHOPATOA","article_modified_time":"2025-12-11T22:42:34+00:00","og_image":[{"width":800,"height":800,"url":"https:\/\/storage.googleapis.com\/cz-shopatoa-img\/ro\/13287e94-unnamed-file.webp","type":"image\/webp"}],"twitter_card":"summary_large_image","schema":{"@context":"https:\/\/schema.org","@graph":[{"@type":"WebPage","@id":"https:\/\/shopatoa.com\/ro\/my-white-secret-curatitor-de-pete-si-placa-tooth-stain-removers-2-bucati\/","url":"https:\/\/shopatoa.com\/ro\/my-white-secret-curatitor-de-pete-si-placa-tooth-stain-removers-2-bucati\/","name":"My White Secret Cur\u0103\u021bitor de pete \u0219i plac\u0103 (Tooth Stain Removers) 2 buc\u0103\u021bi - SHOPATOA.COM","isPartOf":{"@id":"https:\/\/shopatoa.com\/ro\/#website"},"primaryImageOfPage":{"@id":"https:\/\/shopatoa.com\/ro\/my-white-secret-curatitor-de-pete-si-placa-tooth-stain-removers-2-bucati\/#primaryimage"},"image":{"@id":"https:\/\/shopatoa.com\/ro\/my-white-secret-curatitor-de-pete-si-placa-tooth-stain-removers-2-bucati\/#primaryimage"},"thumbnailUrl":"https:\/\/storage.googleapis.com\/cz-shopatoa-img\/ro\/13287e94-unnamed-file.webp","datePublished":"2025-04-25T18:11:34+00:00","dateModified":"2025-12-11T22:42:34+00:00","breadcrumb":{"@id":"https:\/\/shopatoa.com\/ro\/my-white-secret-curatitor-de-pete-si-placa-tooth-stain-removers-2-bucati\/#breadcrumb"},"inLanguage":"ro-RO","potentialAction":[{"@type":"ReadAction","target":["https:\/\/shopatoa.com\/ro\/my-white-secret-curatitor-de-pete-si-placa-tooth-stain-removers-2-bucati\/"]}]},{"@type":"ImageObject","inLanguage":"ro-RO","@id":"https:\/\/shopatoa.com\/ro\/my-white-secret-curatitor-de-pete-si-placa-tooth-stain-removers-2-bucati\/#primaryimage","url":"https:\/\/storage.googleapis.com\/cz-shopatoa-img\/ro\/13287e94-unnamed-file.webp","contentUrl":"https:\/\/storage.googleapis.com\/cz-shopatoa-img\/ro\/13287e94-unnamed-file.webp","width":800,"height":800},{"@type":"BreadcrumbList","@id":"https:\/\/shopatoa.com\/ro\/my-white-secret-curatitor-de-pete-si-placa-tooth-stain-removers-2-bucati\/#breadcrumb","itemListElement":[{"@type":"ListItem","position":1,"name":"Dom\u016f","item":"https:\/\/shopatoa.com\/ro\/"},{"@type":"ListItem","position":2,"name":"Shop","item":"https:\/\/shopatoa.com\/ro\/shop\/"},{"@type":"ListItem","position":3,"name":"Cosmetice","item":"https:\/\/shopatoa.com\/ro\/cosmetice\/"},{"@type":"ListItem","position":4,"name":"\u00cengrijirea dentar\u0103","item":"https:\/\/shopatoa.com\/ro\/ingrijirea-dentara\/"},{"@type":"ListItem","position":5,"name":"Periu\u021be de din\u021bi","item":"https:\/\/shopatoa.com\/ro\/periute-de-dinti\/"},{"@type":"ListItem","position":6,"name":"My White Secret Cur\u0103\u021bitor de pete \u0219i plac\u0103 (Tooth Stain Removers) 2 buc\u0103\u021bi"}]},{"@type":"WebSite","@id":"https:\/\/shopatoa.com\/ro\/#website","url":"https:\/\/shopatoa.com\/ro\/","name":"SHOPATOA","description":"","publisher":{"@id":"https:\/\/shopatoa.com\/ro\/#organization"},"potentialAction":[{"@type":"SearchAction","target":{"@type":"EntryPoint","urlTemplate":"https:\/\/shopatoa.com\/ro\/?s={search_term_string}"},"query-input":{"@type":"PropertyValueSpecification","valueRequired":true,"valueName":"search_term_string"}}],"inLanguage":"ro-RO"},{"@type":"Organization","@id":"https:\/\/shopatoa.com\/ro\/#organization","name":"SHOPATOA","url":"https:\/\/shopatoa.com\/ro\/","logo":{"@type":"ImageObject","inLanguage":"ro-RO","@id":"https:\/\/shopatoa.com\/ro\/#\/schema\/logo\/image\/","url":"https:\/\/storage.googleapis.com\/cz-shopatoa-img\/ro\/b4dac915-shopatoa_logo.png","contentUrl":"https:\/\/storage.googleapis.com\/cz-shopatoa-img\/ro\/b4dac915-shopatoa_logo.png","width":416,"height":63,"caption":"SHOPATOA"},"image":{"@id":"https:\/\/shopatoa.com\/ro\/#\/schema\/logo\/image\/"}}]}},"_links":{"self":[{"href":"https:\/\/shopatoa.com\/ro\/wp-json\/wp\/v2\/product\/253309","targetHints":{"allow":["GET"]}}],"collection":[{"href":"https:\/\/shopatoa.com\/ro\/wp-json\/wp\/v2\/product"}],"about":[{"href":"https:\/\/shopatoa.com\/ro\/wp-json\/wp\/v2\/types\/product"}],"replies":[{"embeddable":true,"href":"https:\/\/shopatoa.com\/ro\/wp-json\/wp\/v2\/comments?post=253309"}],"wp:featuredmedia":[{"embeddable":true,"href":"https:\/\/shopatoa.com\/ro\/wp-json\/wp\/v2\/media\/253310"}],"wp:attachment":[{"href":"https:\/\/shopatoa.com\/ro\/wp-json\/wp\/v2\/media?parent=253309"}],"wp:term":[{"taxonomy":"product_brand","embeddable":true,"href":"https:\/\/shopatoa.com\/ro\/wp-json\/wp\/v2\/product_brand?post=253309"},{"taxonomy":"product_cat","embeddable":true,"href":"https:\/\/shopatoa.com\/ro\/wp-json\/wp\/v2\/product_cat?post=253309"},{"taxonomy":"product_tag","embeddable":true,"href":"https:\/\/shopatoa.com\/ro\/wp-json\/wp\/v2\/product_tag?post=253309"}],"curies":[{"name":"wp","href":"https:\/\/api.w.org\/{rel}","templated":true}]}}