{"id":253421,"date":"2025-04-25T20:27:03","date_gmt":"2025-04-25T18:27:03","guid":{"rendered":"https:\/\/shopatoa.com\/ro\/alterna-masca-de-regenerare-profunda-pentru-par-deteriorat-caviar-anti-aging-restructuring-bond-repair-masque-169-ml\/"},"modified":"2025-12-11T22:43:03","modified_gmt":"2025-12-11T21:43:03","slug":"alterna-masca-de-regenerare-profunda-pentru-par-deteriorat-caviar-anti-aging-restructuring-bond-repair-masque-169-ml","status":"publish","type":"product","link":"https:\/\/shopatoa.com\/ro\/alterna-masca-de-regenerare-profunda-pentru-par-deteriorat-caviar-anti-aging-restructuring-bond-repair-masque-169-ml\/","title":{"rendered":"Alterna Masc\u0103 de regenerare profund\u0103 pentru p\u0103r deteriorat Caviar Anti-Aging (Restructuring Bond Repair Masque) 169 ml"},"content":{"rendered":"<p>Masca de restaurare Caviar anti-\u00eemb\u0103tr\u00e2nire \u00eendep\u0103rteaz\u0103 instantaneu p\u0103rul deteriorat \u0219i \u00eel \u00eempiedic\u0103 s\u0103 se rup\u0103 \u0219i s\u0103 se rup\u0103. Poate p\u0103trunde \u00een ad\u00e2ncimea fibrelor de p\u0103r pe care le regenereaz\u0103, hidrateaz\u0103 \u0219i hr\u0103ne\u0219te. P\u0103rul dvs. va fi vizibil mai s\u0103n\u0103tos, mai moale \u0219i mai str\u0103lucitor dup\u0103 utilizare.<\/p>\n","protected":false},"excerpt":{"rendered":"<p>Masca de restaurare Caviar anti-\u00eemb\u0103tr\u00e2nire \u00eendep\u0103rteaz\u0103 instantaneu p\u0103rul deteriorat \u0219i \u00eel \u00eempiedic\u0103 s\u0103 se rup\u0103 \u0219i s\u0103 se rup\u0103. Poate p\u0103trunde \u00een ad\u00e2ncimea fibrelor de p\u0103r pe care le regenereaz\u0103, hidrateaz\u0103 \u0219i hr\u0103ne\u0219te. P\u0103rul dvs. va fi vizibil mai s\u0103n\u0103tos, mai moale \u0219i mai str\u0103lucitor dup\u0103 utilizare.<\/p>\n","protected":false},"featured_media":253422,"comment_status":"closed","ping_status":"open","template":"","meta":{"_acf_changed":false,"_kadence_starter_templates_imported_post":false,"_kad_post_transparent":"","_kad_post_title":"","_kad_post_layout":"","_kad_post_sidebar_id":"","_kad_post_content_style":"","_kad_post_vertical_padding":"","_kad_post_feature":"","_kad_post_feature_position":"","_kad_post_header":false,"_kad_post_footer":false,"_kad_post_classname":""},"product_brand":[155],"product_cat":[680,246,623],"product_tag":[],"class_list":{"0":"post-253421","1":"product","2":"type-product","3":"status-publish","4":"has-post-thumbnail","6":"product_brand-alterna","7":"product_cat-cosmetica-pentru-regenerarea-parului","8":"product_cat-cosmetice","9":"product_cat-produse-cosmetice-pentru-par","11":"first","12":"instock","13":"product-type-external","14":"entry","15":"content-bg","16":"loop-entry"},"acf":[],"yoast_head":"<!-- This site is optimized with the Yoast SEO plugin v27.4 - https:\/\/yoast.com\/product\/yoast-seo-wordpress\/ -->\n<title>Alterna Masc\u0103 de regenerare profund\u0103 pentru p\u0103r deteriorat Caviar Anti-Aging (Restructuring Bond Repair Masque) 169 ml - SHOPATOA.COM<\/title>\n<meta name=\"robots\" content=\"index, follow, max-snippet:-1, max-image-preview:large, max-video-preview:-1\" \/>\n<link rel=\"canonical\" href=\"https:\/\/shopatoa.com\/ro\/alterna-masca-de-regenerare-profunda-pentru-par-deteriorat-caviar-anti-aging-restructuring-bond-repair-masque-169-ml\/\" \/>\n<meta property=\"og:locale\" content=\"ro_RO\" \/>\n<meta property=\"og:type\" content=\"article\" \/>\n<meta property=\"og:title\" content=\"Alterna Masc\u0103 de regenerare profund\u0103 pentru p\u0103r deteriorat Caviar Anti-Aging (Restructuring Bond Repair Masque) 169 ml - SHOPATOA.COM\" \/>\n<meta property=\"og:description\" content=\"Masca de restaurare Caviar anti-\u00eemb\u0103tr\u00e2nire \u00eendep\u0103rteaz\u0103 instantaneu p\u0103rul deteriorat \u0219i \u00eel \u00eempiedic\u0103 s\u0103 se rup\u0103 \u0219i s\u0103 se rup\u0103. Poate p\u0103trunde \u00een ad\u00e2ncimea fibrelor de p\u0103r pe care le regenereaz\u0103, hidrateaz\u0103 \u0219i hr\u0103ne\u0219te. P\u0103rul dvs. va fi vizibil mai s\u0103n\u0103tos, mai moale \u0219i mai str\u0103lucitor dup\u0103 utilizare.\" \/>\n<meta property=\"og:url\" content=\"https:\/\/shopatoa.com\/ro\/alterna-masca-de-regenerare-profunda-pentru-par-deteriorat-caviar-anti-aging-restructuring-bond-repair-masque-169-ml\/\" \/>\n<meta property=\"og:site_name\" content=\"SHOPATOA\" \/>\n<meta property=\"article:modified_time\" content=\"2025-12-11T21:43:03+00:00\" \/>\n<meta property=\"og:image\" content=\"https:\/\/storage.googleapis.com\/cz-shopatoa-img\/ro\/21122540-unnamed-file.webp\" \/>\n\t<meta property=\"og:image:width\" content=\"800\" \/>\n\t<meta property=\"og:image:height\" content=\"800\" \/>\n\t<meta property=\"og:image:type\" content=\"image\/webp\" \/>\n<meta name=\"twitter:card\" content=\"summary_large_image\" \/>\n<script type=\"application\/ld+json\" class=\"yoast-schema-graph\">{\"@context\":\"https:\\\/\\\/schema.org\",\"@graph\":[{\"@type\":\"WebPage\",\"@id\":\"https:\\\/\\\/shopatoa.com\\\/ro\\\/alterna-masca-de-regenerare-profunda-pentru-par-deteriorat-caviar-anti-aging-restructuring-bond-repair-masque-169-ml\\\/\",\"url\":\"https:\\\/\\\/shopatoa.com\\\/ro\\\/alterna-masca-de-regenerare-profunda-pentru-par-deteriorat-caviar-anti-aging-restructuring-bond-repair-masque-169-ml\\\/\",\"name\":\"Alterna Masc\u0103 de regenerare profund\u0103 pentru p\u0103r deteriorat Caviar Anti-Aging (Restructuring Bond Repair Masque) 169 ml - SHOPATOA.COM\",\"isPartOf\":{\"@id\":\"https:\\\/\\\/shopatoa.com\\\/ro\\\/#website\"},\"primaryImageOfPage\":{\"@id\":\"https:\\\/\\\/shopatoa.com\\\/ro\\\/alterna-masca-de-regenerare-profunda-pentru-par-deteriorat-caviar-anti-aging-restructuring-bond-repair-masque-169-ml\\\/#primaryimage\"},\"image\":{\"@id\":\"https:\\\/\\\/shopatoa.com\\\/ro\\\/alterna-masca-de-regenerare-profunda-pentru-par-deteriorat-caviar-anti-aging-restructuring-bond-repair-masque-169-ml\\\/#primaryimage\"},\"thumbnailUrl\":\"https:\\\/\\\/storage.googleapis.com\\\/cz-shopatoa-img\\\/ro\\\/21122540-unnamed-file.webp\",\"datePublished\":\"2025-04-25T18:27:03+00:00\",\"dateModified\":\"2025-12-11T21:43:03+00:00\",\"breadcrumb\":{\"@id\":\"https:\\\/\\\/shopatoa.com\\\/ro\\\/alterna-masca-de-regenerare-profunda-pentru-par-deteriorat-caviar-anti-aging-restructuring-bond-repair-masque-169-ml\\\/#breadcrumb\"},\"inLanguage\":\"ro-RO\",\"potentialAction\":[{\"@type\":\"ReadAction\",\"target\":[\"https:\\\/\\\/shopatoa.com\\\/ro\\\/alterna-masca-de-regenerare-profunda-pentru-par-deteriorat-caviar-anti-aging-restructuring-bond-repair-masque-169-ml\\\/\"]}]},{\"@type\":\"ImageObject\",\"inLanguage\":\"ro-RO\",\"@id\":\"https:\\\/\\\/shopatoa.com\\\/ro\\\/alterna-masca-de-regenerare-profunda-pentru-par-deteriorat-caviar-anti-aging-restructuring-bond-repair-masque-169-ml\\\/#primaryimage\",\"url\":\"https:\\\/\\\/storage.googleapis.com\\\/cz-shopatoa-img\\\/ro\\\/21122540-unnamed-file.webp\",\"contentUrl\":\"https:\\\/\\\/storage.googleapis.com\\\/cz-shopatoa-img\\\/ro\\\/21122540-unnamed-file.webp\",\"width\":800,\"height\":800},{\"@type\":\"BreadcrumbList\",\"@id\":\"https:\\\/\\\/shopatoa.com\\\/ro\\\/alterna-masca-de-regenerare-profunda-pentru-par-deteriorat-caviar-anti-aging-restructuring-bond-repair-masque-169-ml\\\/#breadcrumb\",\"itemListElement\":[{\"@type\":\"ListItem\",\"position\":1,\"name\":\"Dom\u016f\",\"item\":\"https:\\\/\\\/shopatoa.com\\\/ro\\\/\"},{\"@type\":\"ListItem\",\"position\":2,\"name\":\"Shop\",\"item\":\"https:\\\/\\\/shopatoa.com\\\/ro\\\/shop\\\/\"},{\"@type\":\"ListItem\",\"position\":3,\"name\":\"Cosmetice\",\"item\":\"https:\\\/\\\/shopatoa.com\\\/ro\\\/cosmetice\\\/\"},{\"@type\":\"ListItem\",\"position\":4,\"name\":\"Produse cosmetice pentru p\u0103r\",\"item\":\"https:\\\/\\\/shopatoa.com\\\/ro\\\/produse-cosmetice-pentru-par\\\/\"},{\"@type\":\"ListItem\",\"position\":5,\"name\":\"Cosmetica pentru regenerarea parului\",\"item\":\"https:\\\/\\\/shopatoa.com\\\/ro\\\/cosmetica-pentru-regenerarea-parului\\\/\"},{\"@type\":\"ListItem\",\"position\":6,\"name\":\"Alterna Masc\u0103 de regenerare profund\u0103 pentru p\u0103r deteriorat Caviar Anti-Aging (Restructuring Bond Repair Masque) 169 ml\"}]},{\"@type\":\"WebSite\",\"@id\":\"https:\\\/\\\/shopatoa.com\\\/ro\\\/#website\",\"url\":\"https:\\\/\\\/shopatoa.com\\\/ro\\\/\",\"name\":\"SHOPATOA\",\"description\":\"\",\"publisher\":{\"@id\":\"https:\\\/\\\/shopatoa.com\\\/ro\\\/#organization\"},\"potentialAction\":[{\"@type\":\"SearchAction\",\"target\":{\"@type\":\"EntryPoint\",\"urlTemplate\":\"https:\\\/\\\/shopatoa.com\\\/ro\\\/?s={search_term_string}\"},\"query-input\":{\"@type\":\"PropertyValueSpecification\",\"valueRequired\":true,\"valueName\":\"search_term_string\"}}],\"inLanguage\":\"ro-RO\"},{\"@type\":\"Organization\",\"@id\":\"https:\\\/\\\/shopatoa.com\\\/ro\\\/#organization\",\"name\":\"SHOPATOA\",\"url\":\"https:\\\/\\\/shopatoa.com\\\/ro\\\/\",\"logo\":{\"@type\":\"ImageObject\",\"inLanguage\":\"ro-RO\",\"@id\":\"https:\\\/\\\/shopatoa.com\\\/ro\\\/#\\\/schema\\\/logo\\\/image\\\/\",\"url\":\"https:\\\/\\\/storage.googleapis.com\\\/cz-shopatoa-img\\\/ro\\\/b4dac915-shopatoa_logo.png\",\"contentUrl\":\"https:\\\/\\\/storage.googleapis.com\\\/cz-shopatoa-img\\\/ro\\\/b4dac915-shopatoa_logo.png\",\"width\":416,\"height\":63,\"caption\":\"SHOPATOA\"},\"image\":{\"@id\":\"https:\\\/\\\/shopatoa.com\\\/ro\\\/#\\\/schema\\\/logo\\\/image\\\/\"}}]}<\/script>\n<!-- \/ Yoast SEO plugin. -->","yoast_head_json":{"title":"Alterna Masc\u0103 de regenerare profund\u0103 pentru p\u0103r deteriorat Caviar Anti-Aging (Restructuring Bond Repair Masque) 169 ml - SHOPATOA.COM","robots":{"index":"index","follow":"follow","max-snippet":"max-snippet:-1","max-image-preview":"max-image-preview:large","max-video-preview":"max-video-preview:-1"},"canonical":"https:\/\/shopatoa.com\/ro\/alterna-masca-de-regenerare-profunda-pentru-par-deteriorat-caviar-anti-aging-restructuring-bond-repair-masque-169-ml\/","og_locale":"ro_RO","og_type":"article","og_title":"Alterna Masc\u0103 de regenerare profund\u0103 pentru p\u0103r deteriorat Caviar Anti-Aging (Restructuring Bond Repair Masque) 169 ml - SHOPATOA.COM","og_description":"Masca de restaurare Caviar anti-\u00eemb\u0103tr\u00e2nire \u00eendep\u0103rteaz\u0103 instantaneu p\u0103rul deteriorat \u0219i \u00eel \u00eempiedic\u0103 s\u0103 se rup\u0103 \u0219i s\u0103 se rup\u0103. Poate p\u0103trunde \u00een ad\u00e2ncimea fibrelor de p\u0103r pe care le regenereaz\u0103, hidrateaz\u0103 \u0219i hr\u0103ne\u0219te. P\u0103rul dvs. va fi vizibil mai s\u0103n\u0103tos, mai moale \u0219i mai str\u0103lucitor dup\u0103 utilizare.","og_url":"https:\/\/shopatoa.com\/ro\/alterna-masca-de-regenerare-profunda-pentru-par-deteriorat-caviar-anti-aging-restructuring-bond-repair-masque-169-ml\/","og_site_name":"SHOPATOA","article_modified_time":"2025-12-11T21:43:03+00:00","og_image":[{"width":800,"height":800,"url":"https:\/\/storage.googleapis.com\/cz-shopatoa-img\/ro\/21122540-unnamed-file.webp","type":"image\/webp"}],"twitter_card":"summary_large_image","schema":{"@context":"https:\/\/schema.org","@graph":[{"@type":"WebPage","@id":"https:\/\/shopatoa.com\/ro\/alterna-masca-de-regenerare-profunda-pentru-par-deteriorat-caviar-anti-aging-restructuring-bond-repair-masque-169-ml\/","url":"https:\/\/shopatoa.com\/ro\/alterna-masca-de-regenerare-profunda-pentru-par-deteriorat-caviar-anti-aging-restructuring-bond-repair-masque-169-ml\/","name":"Alterna Masc\u0103 de regenerare profund\u0103 pentru p\u0103r deteriorat Caviar Anti-Aging (Restructuring Bond Repair Masque) 169 ml - SHOPATOA.COM","isPartOf":{"@id":"https:\/\/shopatoa.com\/ro\/#website"},"primaryImageOfPage":{"@id":"https:\/\/shopatoa.com\/ro\/alterna-masca-de-regenerare-profunda-pentru-par-deteriorat-caviar-anti-aging-restructuring-bond-repair-masque-169-ml\/#primaryimage"},"image":{"@id":"https:\/\/shopatoa.com\/ro\/alterna-masca-de-regenerare-profunda-pentru-par-deteriorat-caviar-anti-aging-restructuring-bond-repair-masque-169-ml\/#primaryimage"},"thumbnailUrl":"https:\/\/storage.googleapis.com\/cz-shopatoa-img\/ro\/21122540-unnamed-file.webp","datePublished":"2025-04-25T18:27:03+00:00","dateModified":"2025-12-11T21:43:03+00:00","breadcrumb":{"@id":"https:\/\/shopatoa.com\/ro\/alterna-masca-de-regenerare-profunda-pentru-par-deteriorat-caviar-anti-aging-restructuring-bond-repair-masque-169-ml\/#breadcrumb"},"inLanguage":"ro-RO","potentialAction":[{"@type":"ReadAction","target":["https:\/\/shopatoa.com\/ro\/alterna-masca-de-regenerare-profunda-pentru-par-deteriorat-caviar-anti-aging-restructuring-bond-repair-masque-169-ml\/"]}]},{"@type":"ImageObject","inLanguage":"ro-RO","@id":"https:\/\/shopatoa.com\/ro\/alterna-masca-de-regenerare-profunda-pentru-par-deteriorat-caviar-anti-aging-restructuring-bond-repair-masque-169-ml\/#primaryimage","url":"https:\/\/storage.googleapis.com\/cz-shopatoa-img\/ro\/21122540-unnamed-file.webp","contentUrl":"https:\/\/storage.googleapis.com\/cz-shopatoa-img\/ro\/21122540-unnamed-file.webp","width":800,"height":800},{"@type":"BreadcrumbList","@id":"https:\/\/shopatoa.com\/ro\/alterna-masca-de-regenerare-profunda-pentru-par-deteriorat-caviar-anti-aging-restructuring-bond-repair-masque-169-ml\/#breadcrumb","itemListElement":[{"@type":"ListItem","position":1,"name":"Dom\u016f","item":"https:\/\/shopatoa.com\/ro\/"},{"@type":"ListItem","position":2,"name":"Shop","item":"https:\/\/shopatoa.com\/ro\/shop\/"},{"@type":"ListItem","position":3,"name":"Cosmetice","item":"https:\/\/shopatoa.com\/ro\/cosmetice\/"},{"@type":"ListItem","position":4,"name":"Produse cosmetice pentru p\u0103r","item":"https:\/\/shopatoa.com\/ro\/produse-cosmetice-pentru-par\/"},{"@type":"ListItem","position":5,"name":"Cosmetica pentru regenerarea parului","item":"https:\/\/shopatoa.com\/ro\/cosmetica-pentru-regenerarea-parului\/"},{"@type":"ListItem","position":6,"name":"Alterna Masc\u0103 de regenerare profund\u0103 pentru p\u0103r deteriorat Caviar Anti-Aging (Restructuring Bond Repair Masque) 169 ml"}]},{"@type":"WebSite","@id":"https:\/\/shopatoa.com\/ro\/#website","url":"https:\/\/shopatoa.com\/ro\/","name":"SHOPATOA","description":"","publisher":{"@id":"https:\/\/shopatoa.com\/ro\/#organization"},"potentialAction":[{"@type":"SearchAction","target":{"@type":"EntryPoint","urlTemplate":"https:\/\/shopatoa.com\/ro\/?s={search_term_string}"},"query-input":{"@type":"PropertyValueSpecification","valueRequired":true,"valueName":"search_term_string"}}],"inLanguage":"ro-RO"},{"@type":"Organization","@id":"https:\/\/shopatoa.com\/ro\/#organization","name":"SHOPATOA","url":"https:\/\/shopatoa.com\/ro\/","logo":{"@type":"ImageObject","inLanguage":"ro-RO","@id":"https:\/\/shopatoa.com\/ro\/#\/schema\/logo\/image\/","url":"https:\/\/storage.googleapis.com\/cz-shopatoa-img\/ro\/b4dac915-shopatoa_logo.png","contentUrl":"https:\/\/storage.googleapis.com\/cz-shopatoa-img\/ro\/b4dac915-shopatoa_logo.png","width":416,"height":63,"caption":"SHOPATOA"},"image":{"@id":"https:\/\/shopatoa.com\/ro\/#\/schema\/logo\/image\/"}}]}},"_links":{"self":[{"href":"https:\/\/shopatoa.com\/ro\/wp-json\/wp\/v2\/product\/253421","targetHints":{"allow":["GET"]}}],"collection":[{"href":"https:\/\/shopatoa.com\/ro\/wp-json\/wp\/v2\/product"}],"about":[{"href":"https:\/\/shopatoa.com\/ro\/wp-json\/wp\/v2\/types\/product"}],"replies":[{"embeddable":true,"href":"https:\/\/shopatoa.com\/ro\/wp-json\/wp\/v2\/comments?post=253421"}],"wp:featuredmedia":[{"embeddable":true,"href":"https:\/\/shopatoa.com\/ro\/wp-json\/wp\/v2\/media\/253422"}],"wp:attachment":[{"href":"https:\/\/shopatoa.com\/ro\/wp-json\/wp\/v2\/media?parent=253421"}],"wp:term":[{"taxonomy":"product_brand","embeddable":true,"href":"https:\/\/shopatoa.com\/ro\/wp-json\/wp\/v2\/product_brand?post=253421"},{"taxonomy":"product_cat","embeddable":true,"href":"https:\/\/shopatoa.com\/ro\/wp-json\/wp\/v2\/product_cat?post=253421"},{"taxonomy":"product_tag","embeddable":true,"href":"https:\/\/shopatoa.com\/ro\/wp-json\/wp\/v2\/product_tag?post=253421"}],"curies":[{"name":"wp","href":"https:\/\/api.w.org\/{rel}","templated":true}]}}