{"id":253579,"date":"2025-04-25T21:05:04","date_gmt":"2025-04-25T19:05:04","guid":{"rendered":"https:\/\/shopatoa.com\/ro\/balmain-spray-pentru-par-care-neutralizeaza-tonurile-galbene-ash-toner-200-mll\/"},"modified":"2025-05-14T12:29:37","modified_gmt":"2025-05-14T10:29:37","slug":"balmain-spray-pentru-par-care-neutralizeaza-tonurile-galbene-ash-toner-200-mll","status":"publish","type":"product","link":"https:\/\/shopatoa.com\/ro\/balmain-spray-pentru-par-care-neutralizeaza-tonurile-galbene-ash-toner-200-mll\/","title":{"rendered":"Balmain Spray pentru p\u0103r care neutralizeaz\u0103 tonurile galbene (Ash Toner) 200 mll"},"content":{"rendered":"<p>P\u0103rul blond deschis, gri sau eviden\u021biat necesit\u0103 o \u00eengrijire constant\u0103. Sunt necesare spray-uri violete profund pigmentate pentru a suprima tonurile calde nedorite. Ash Toner este un spray argintiu care aplic\u0103 pigment violet pe p\u0103r, rup\u00e2nd astfel tonurile calde \u0219i ajut\u00e2nd la luminarea tonurilor argintii. Formula \u00eembog\u0103\u021bit\u0103 cu proteine de m\u0103tase \u0219i elixir organic de argan protejeaz\u0103, \u00eenmoaie \u0219i hr\u0103ne\u0219te p\u0103rul.<\/p>\n","protected":false},"excerpt":{"rendered":"<p>P\u0103rul blond deschis, gri sau eviden\u021biat necesit\u0103 o \u00eengrijire constant\u0103. Sunt necesare spray-uri violete profund pigmentate pentru a suprima tonurile calde nedorite. Ash Toner este un spray argintiu care aplic\u0103 pigment violet pe p\u0103r, rup\u00e2nd astfel tonurile calde \u0219i ajut\u00e2nd la luminarea tonurilor argintii. Formula \u00eembog\u0103\u021bit\u0103 cu proteine de m\u0103tase \u0219i elixir organic de argan&#8230;<\/p>\n","protected":false},"featured_media":253580,"comment_status":"closed","ping_status":"open","template":"","meta":{"_acf_changed":false,"_kadence_starter_templates_imported_post":false,"_kad_post_transparent":"","_kad_post_title":"","_kad_post_layout":"","_kad_post_sidebar_id":"","_kad_post_content_style":"","_kad_post_vertical_padding":"","_kad_post_feature":"","_kad_post_feature_position":"","_kad_post_header":false,"_kad_post_footer":false,"_kad_post_classname":""},"product_brand":[469],"product_cat":[246,696,623],"product_tag":[],"class_list":{"0":"post-253579","1":"product","2":"type-product","3":"status-publish","4":"has-post-thumbnail","6":"product_brand-balmain","7":"product_cat-cosmetice","8":"product_cat-ingrijirea-parului-fara-clatire","9":"product_cat-produse-cosmetice-pentru-par","11":"first","12":"instock","13":"product-type-external","14":"entry","15":"content-bg","16":"loop-entry"},"acf":[],"yoast_head":"<!-- This site is optimized with the Yoast SEO plugin v27.4 - https:\/\/yoast.com\/product\/yoast-seo-wordpress\/ -->\n<title>Balmain Spray pentru p\u0103r care neutralizeaz\u0103 tonurile galbene (Ash Toner) 200 mll - SHOPATOA.COM<\/title>\n<meta name=\"robots\" content=\"index, follow, max-snippet:-1, max-image-preview:large, max-video-preview:-1\" \/>\n<link rel=\"canonical\" href=\"https:\/\/shopatoa.com\/ro\/balmain-spray-pentru-par-care-neutralizeaza-tonurile-galbene-ash-toner-200-mll\/\" \/>\n<meta property=\"og:locale\" content=\"ro_RO\" \/>\n<meta property=\"og:type\" content=\"article\" \/>\n<meta property=\"og:title\" content=\"Balmain Spray pentru p\u0103r care neutralizeaz\u0103 tonurile galbene (Ash Toner) 200 mll - SHOPATOA.COM\" \/>\n<meta property=\"og:description\" content=\"P\u0103rul blond deschis, gri sau eviden\u021biat necesit\u0103 o \u00eengrijire constant\u0103. Sunt necesare spray-uri violete profund pigmentate pentru a suprima tonurile calde nedorite. Ash Toner este un spray argintiu care aplic\u0103 pigment violet pe p\u0103r, rup\u00e2nd astfel tonurile calde \u0219i ajut\u00e2nd la luminarea tonurilor argintii. Formula \u00eembog\u0103\u021bit\u0103 cu proteine de m\u0103tase \u0219i elixir organic de argan...\" \/>\n<meta property=\"og:url\" content=\"https:\/\/shopatoa.com\/ro\/balmain-spray-pentru-par-care-neutralizeaza-tonurile-galbene-ash-toner-200-mll\/\" \/>\n<meta property=\"og:site_name\" content=\"SHOPATOA\" \/>\n<meta property=\"article:modified_time\" content=\"2025-05-14T10:29:37+00:00\" \/>\n<meta property=\"og:image\" content=\"https:\/\/storage.googleapis.com\/cz-shopatoa-img\/ro\/fd6d1ac9-unnamed-file.webp\" \/>\n\t<meta property=\"og:image:width\" content=\"800\" \/>\n\t<meta property=\"og:image:height\" content=\"800\" \/>\n\t<meta property=\"og:image:type\" content=\"image\/webp\" \/>\n<meta name=\"twitter:card\" content=\"summary_large_image\" \/>\n<script type=\"application\/ld+json\" class=\"yoast-schema-graph\">{\"@context\":\"https:\\\/\\\/schema.org\",\"@graph\":[{\"@type\":\"WebPage\",\"@id\":\"https:\\\/\\\/shopatoa.com\\\/ro\\\/balmain-spray-pentru-par-care-neutralizeaza-tonurile-galbene-ash-toner-200-mll\\\/\",\"url\":\"https:\\\/\\\/shopatoa.com\\\/ro\\\/balmain-spray-pentru-par-care-neutralizeaza-tonurile-galbene-ash-toner-200-mll\\\/\",\"name\":\"Balmain Spray pentru p\u0103r care neutralizeaz\u0103 tonurile galbene (Ash Toner) 200 mll - SHOPATOA.COM\",\"isPartOf\":{\"@id\":\"https:\\\/\\\/shopatoa.com\\\/ro\\\/#website\"},\"primaryImageOfPage\":{\"@id\":\"https:\\\/\\\/shopatoa.com\\\/ro\\\/balmain-spray-pentru-par-care-neutralizeaza-tonurile-galbene-ash-toner-200-mll\\\/#primaryimage\"},\"image\":{\"@id\":\"https:\\\/\\\/shopatoa.com\\\/ro\\\/balmain-spray-pentru-par-care-neutralizeaza-tonurile-galbene-ash-toner-200-mll\\\/#primaryimage\"},\"thumbnailUrl\":\"https:\\\/\\\/storage.googleapis.com\\\/cz-shopatoa-img\\\/ro\\\/fd6d1ac9-unnamed-file.webp\",\"datePublished\":\"2025-04-25T19:05:04+00:00\",\"dateModified\":\"2025-05-14T10:29:37+00:00\",\"breadcrumb\":{\"@id\":\"https:\\\/\\\/shopatoa.com\\\/ro\\\/balmain-spray-pentru-par-care-neutralizeaza-tonurile-galbene-ash-toner-200-mll\\\/#breadcrumb\"},\"inLanguage\":\"ro-RO\",\"potentialAction\":[{\"@type\":\"ReadAction\",\"target\":[\"https:\\\/\\\/shopatoa.com\\\/ro\\\/balmain-spray-pentru-par-care-neutralizeaza-tonurile-galbene-ash-toner-200-mll\\\/\"]}]},{\"@type\":\"ImageObject\",\"inLanguage\":\"ro-RO\",\"@id\":\"https:\\\/\\\/shopatoa.com\\\/ro\\\/balmain-spray-pentru-par-care-neutralizeaza-tonurile-galbene-ash-toner-200-mll\\\/#primaryimage\",\"url\":\"https:\\\/\\\/storage.googleapis.com\\\/cz-shopatoa-img\\\/ro\\\/fd6d1ac9-unnamed-file.webp\",\"contentUrl\":\"https:\\\/\\\/storage.googleapis.com\\\/cz-shopatoa-img\\\/ro\\\/fd6d1ac9-unnamed-file.webp\",\"width\":800,\"height\":800},{\"@type\":\"BreadcrumbList\",\"@id\":\"https:\\\/\\\/shopatoa.com\\\/ro\\\/balmain-spray-pentru-par-care-neutralizeaza-tonurile-galbene-ash-toner-200-mll\\\/#breadcrumb\",\"itemListElement\":[{\"@type\":\"ListItem\",\"position\":1,\"name\":\"Dom\u016f\",\"item\":\"https:\\\/\\\/shopatoa.com\\\/ro\\\/\"},{\"@type\":\"ListItem\",\"position\":2,\"name\":\"Shop\",\"item\":\"https:\\\/\\\/shopatoa.com\\\/ro\\\/shop\\\/\"},{\"@type\":\"ListItem\",\"position\":3,\"name\":\"Cosmetice\",\"item\":\"https:\\\/\\\/shopatoa.com\\\/ro\\\/cosmetice\\\/\"},{\"@type\":\"ListItem\",\"position\":4,\"name\":\"Produse cosmetice pentru p\u0103r\",\"item\":\"https:\\\/\\\/shopatoa.com\\\/ro\\\/produse-cosmetice-pentru-par\\\/\"},{\"@type\":\"ListItem\",\"position\":5,\"name\":\"\u00cengrijirea p\u0103rului f\u0103r\u0103 cl\u0103tire\",\"item\":\"https:\\\/\\\/shopatoa.com\\\/ro\\\/ingrijirea-parului-fara-clatire\\\/\"},{\"@type\":\"ListItem\",\"position\":6,\"name\":\"Balmain Spray pentru p\u0103r care neutralizeaz\u0103 tonurile galbene (Ash Toner) 200 mll\"}]},{\"@type\":\"WebSite\",\"@id\":\"https:\\\/\\\/shopatoa.com\\\/ro\\\/#website\",\"url\":\"https:\\\/\\\/shopatoa.com\\\/ro\\\/\",\"name\":\"SHOPATOA\",\"description\":\"\",\"publisher\":{\"@id\":\"https:\\\/\\\/shopatoa.com\\\/ro\\\/#organization\"},\"potentialAction\":[{\"@type\":\"SearchAction\",\"target\":{\"@type\":\"EntryPoint\",\"urlTemplate\":\"https:\\\/\\\/shopatoa.com\\\/ro\\\/?s={search_term_string}\"},\"query-input\":{\"@type\":\"PropertyValueSpecification\",\"valueRequired\":true,\"valueName\":\"search_term_string\"}}],\"inLanguage\":\"ro-RO\"},{\"@type\":\"Organization\",\"@id\":\"https:\\\/\\\/shopatoa.com\\\/ro\\\/#organization\",\"name\":\"SHOPATOA\",\"url\":\"https:\\\/\\\/shopatoa.com\\\/ro\\\/\",\"logo\":{\"@type\":\"ImageObject\",\"inLanguage\":\"ro-RO\",\"@id\":\"https:\\\/\\\/shopatoa.com\\\/ro\\\/#\\\/schema\\\/logo\\\/image\\\/\",\"url\":\"https:\\\/\\\/storage.googleapis.com\\\/cz-shopatoa-img\\\/ro\\\/b4dac915-shopatoa_logo.png\",\"contentUrl\":\"https:\\\/\\\/storage.googleapis.com\\\/cz-shopatoa-img\\\/ro\\\/b4dac915-shopatoa_logo.png\",\"width\":416,\"height\":63,\"caption\":\"SHOPATOA\"},\"image\":{\"@id\":\"https:\\\/\\\/shopatoa.com\\\/ro\\\/#\\\/schema\\\/logo\\\/image\\\/\"}}]}<\/script>\n<!-- \/ Yoast SEO plugin. -->","yoast_head_json":{"title":"Balmain Spray pentru p\u0103r care neutralizeaz\u0103 tonurile galbene (Ash Toner) 200 mll - SHOPATOA.COM","robots":{"index":"index","follow":"follow","max-snippet":"max-snippet:-1","max-image-preview":"max-image-preview:large","max-video-preview":"max-video-preview:-1"},"canonical":"https:\/\/shopatoa.com\/ro\/balmain-spray-pentru-par-care-neutralizeaza-tonurile-galbene-ash-toner-200-mll\/","og_locale":"ro_RO","og_type":"article","og_title":"Balmain Spray pentru p\u0103r care neutralizeaz\u0103 tonurile galbene (Ash Toner) 200 mll - SHOPATOA.COM","og_description":"P\u0103rul blond deschis, gri sau eviden\u021biat necesit\u0103 o \u00eengrijire constant\u0103. Sunt necesare spray-uri violete profund pigmentate pentru a suprima tonurile calde nedorite. Ash Toner este un spray argintiu care aplic\u0103 pigment violet pe p\u0103r, rup\u00e2nd astfel tonurile calde \u0219i ajut\u00e2nd la luminarea tonurilor argintii. Formula \u00eembog\u0103\u021bit\u0103 cu proteine de m\u0103tase \u0219i elixir organic de argan...","og_url":"https:\/\/shopatoa.com\/ro\/balmain-spray-pentru-par-care-neutralizeaza-tonurile-galbene-ash-toner-200-mll\/","og_site_name":"SHOPATOA","article_modified_time":"2025-05-14T10:29:37+00:00","og_image":[{"width":800,"height":800,"url":"https:\/\/storage.googleapis.com\/cz-shopatoa-img\/ro\/fd6d1ac9-unnamed-file.webp","type":"image\/webp"}],"twitter_card":"summary_large_image","schema":{"@context":"https:\/\/schema.org","@graph":[{"@type":"WebPage","@id":"https:\/\/shopatoa.com\/ro\/balmain-spray-pentru-par-care-neutralizeaza-tonurile-galbene-ash-toner-200-mll\/","url":"https:\/\/shopatoa.com\/ro\/balmain-spray-pentru-par-care-neutralizeaza-tonurile-galbene-ash-toner-200-mll\/","name":"Balmain Spray pentru p\u0103r care neutralizeaz\u0103 tonurile galbene (Ash Toner) 200 mll - SHOPATOA.COM","isPartOf":{"@id":"https:\/\/shopatoa.com\/ro\/#website"},"primaryImageOfPage":{"@id":"https:\/\/shopatoa.com\/ro\/balmain-spray-pentru-par-care-neutralizeaza-tonurile-galbene-ash-toner-200-mll\/#primaryimage"},"image":{"@id":"https:\/\/shopatoa.com\/ro\/balmain-spray-pentru-par-care-neutralizeaza-tonurile-galbene-ash-toner-200-mll\/#primaryimage"},"thumbnailUrl":"https:\/\/storage.googleapis.com\/cz-shopatoa-img\/ro\/fd6d1ac9-unnamed-file.webp","datePublished":"2025-04-25T19:05:04+00:00","dateModified":"2025-05-14T10:29:37+00:00","breadcrumb":{"@id":"https:\/\/shopatoa.com\/ro\/balmain-spray-pentru-par-care-neutralizeaza-tonurile-galbene-ash-toner-200-mll\/#breadcrumb"},"inLanguage":"ro-RO","potentialAction":[{"@type":"ReadAction","target":["https:\/\/shopatoa.com\/ro\/balmain-spray-pentru-par-care-neutralizeaza-tonurile-galbene-ash-toner-200-mll\/"]}]},{"@type":"ImageObject","inLanguage":"ro-RO","@id":"https:\/\/shopatoa.com\/ro\/balmain-spray-pentru-par-care-neutralizeaza-tonurile-galbene-ash-toner-200-mll\/#primaryimage","url":"https:\/\/storage.googleapis.com\/cz-shopatoa-img\/ro\/fd6d1ac9-unnamed-file.webp","contentUrl":"https:\/\/storage.googleapis.com\/cz-shopatoa-img\/ro\/fd6d1ac9-unnamed-file.webp","width":800,"height":800},{"@type":"BreadcrumbList","@id":"https:\/\/shopatoa.com\/ro\/balmain-spray-pentru-par-care-neutralizeaza-tonurile-galbene-ash-toner-200-mll\/#breadcrumb","itemListElement":[{"@type":"ListItem","position":1,"name":"Dom\u016f","item":"https:\/\/shopatoa.com\/ro\/"},{"@type":"ListItem","position":2,"name":"Shop","item":"https:\/\/shopatoa.com\/ro\/shop\/"},{"@type":"ListItem","position":3,"name":"Cosmetice","item":"https:\/\/shopatoa.com\/ro\/cosmetice\/"},{"@type":"ListItem","position":4,"name":"Produse cosmetice pentru p\u0103r","item":"https:\/\/shopatoa.com\/ro\/produse-cosmetice-pentru-par\/"},{"@type":"ListItem","position":5,"name":"\u00cengrijirea p\u0103rului f\u0103r\u0103 cl\u0103tire","item":"https:\/\/shopatoa.com\/ro\/ingrijirea-parului-fara-clatire\/"},{"@type":"ListItem","position":6,"name":"Balmain Spray pentru p\u0103r care neutralizeaz\u0103 tonurile galbene (Ash Toner) 200 mll"}]},{"@type":"WebSite","@id":"https:\/\/shopatoa.com\/ro\/#website","url":"https:\/\/shopatoa.com\/ro\/","name":"SHOPATOA","description":"","publisher":{"@id":"https:\/\/shopatoa.com\/ro\/#organization"},"potentialAction":[{"@type":"SearchAction","target":{"@type":"EntryPoint","urlTemplate":"https:\/\/shopatoa.com\/ro\/?s={search_term_string}"},"query-input":{"@type":"PropertyValueSpecification","valueRequired":true,"valueName":"search_term_string"}}],"inLanguage":"ro-RO"},{"@type":"Organization","@id":"https:\/\/shopatoa.com\/ro\/#organization","name":"SHOPATOA","url":"https:\/\/shopatoa.com\/ro\/","logo":{"@type":"ImageObject","inLanguage":"ro-RO","@id":"https:\/\/shopatoa.com\/ro\/#\/schema\/logo\/image\/","url":"https:\/\/storage.googleapis.com\/cz-shopatoa-img\/ro\/b4dac915-shopatoa_logo.png","contentUrl":"https:\/\/storage.googleapis.com\/cz-shopatoa-img\/ro\/b4dac915-shopatoa_logo.png","width":416,"height":63,"caption":"SHOPATOA"},"image":{"@id":"https:\/\/shopatoa.com\/ro\/#\/schema\/logo\/image\/"}}]}},"_links":{"self":[{"href":"https:\/\/shopatoa.com\/ro\/wp-json\/wp\/v2\/product\/253579","targetHints":{"allow":["GET"]}}],"collection":[{"href":"https:\/\/shopatoa.com\/ro\/wp-json\/wp\/v2\/product"}],"about":[{"href":"https:\/\/shopatoa.com\/ro\/wp-json\/wp\/v2\/types\/product"}],"replies":[{"embeddable":true,"href":"https:\/\/shopatoa.com\/ro\/wp-json\/wp\/v2\/comments?post=253579"}],"wp:featuredmedia":[{"embeddable":true,"href":"https:\/\/shopatoa.com\/ro\/wp-json\/wp\/v2\/media\/253580"}],"wp:attachment":[{"href":"https:\/\/shopatoa.com\/ro\/wp-json\/wp\/v2\/media?parent=253579"}],"wp:term":[{"taxonomy":"product_brand","embeddable":true,"href":"https:\/\/shopatoa.com\/ro\/wp-json\/wp\/v2\/product_brand?post=253579"},{"taxonomy":"product_cat","embeddable":true,"href":"https:\/\/shopatoa.com\/ro\/wp-json\/wp\/v2\/product_cat?post=253579"},{"taxonomy":"product_tag","embeddable":true,"href":"https:\/\/shopatoa.com\/ro\/wp-json\/wp\/v2\/product_tag?post=253579"}],"curies":[{"name":"wp","href":"https:\/\/api.w.org\/{rel}","templated":true}]}}