{"id":254017,"date":"2025-04-25T22:45:55","date_gmt":"2025-04-25T20:45:55","guid":{"rendered":"https:\/\/shopatoa.com\/ro\/braun-aparat-de-ras-series-8-8517s\/"},"modified":"2025-12-10T07:45:48","modified_gmt":"2025-12-10T06:45:48","slug":"braun-aparat-de-ras-series-8-8517s","status":"publish","type":"product","link":"https:\/\/shopatoa.com\/ro\/braun-aparat-de-ras-series-8-8517s\/","title":{"rendered":"Braun Aparat de ras Series 8 8517s"},"content":{"rendered":"<p>Radere atent\u0103, rapid\u0103 \u0219i precis\u0103 a b\u0103rbii datorit\u0103 aparatului de ras Braun Series 8 8517s. Aparatul alunec\u0103 lin pe piele \u0219i prinde cantitatea maxim\u0103 de p\u0103r. Capul basculant se adapteaz\u0103 la contururile fe\u021bei \u0219i permite b\u0103rbierirea zonelor greu accesibile. Aparatul este echipat cu tehnologia AutoSense pentru a se adapta tipului dvs. de barb\u0103. B\u0103rba\u021bii cu piele sensibil\u0103 vor aprecia posibilitatea de a-l folosi la du\u0219 sau cu spum\u0103 sau gel de ras.<\/p>\n","protected":false},"excerpt":{"rendered":"<p>Radere atent\u0103, rapid\u0103 \u0219i precis\u0103 a b\u0103rbii datorit\u0103 aparatului de ras Braun Series 8 8517s. Aparatul alunec\u0103 lin pe piele \u0219i prinde cantitatea maxim\u0103 de p\u0103r. Capul basculant se adapteaz\u0103 la contururile fe\u021bei \u0219i permite b\u0103rbierirea zonelor greu accesibile. Aparatul este echipat cu tehnologia AutoSense pentru a se adapta tipului dvs. de barb\u0103. B\u0103rba\u021bii cu&#8230;<\/p>\n","protected":false},"featured_media":254018,"comment_status":"closed","ping_status":"open","template":"","meta":{"_acf_changed":false,"_kadence_starter_templates_imported_post":false,"_kad_post_transparent":"","_kad_post_title":"","_kad_post_layout":"","_kad_post_sidebar_id":"","_kad_post_content_style":"","_kad_post_vertical_padding":"","_kad_post_feature":"","_kad_post_feature_position":"","_kad_post_header":false,"_kad_post_footer":false,"_kad_post_classname":""},"product_brand":[502],"product_cat":[670,765,246],"product_tag":[],"class_list":{"0":"post-254017","1":"product","2":"type-product","3":"status-publish","4":"has-post-thumbnail","6":"product_brand-braun","7":"product_cat-barber-shop","8":"product_cat-barber-shop-taiat","9":"product_cat-cosmetice","11":"first","12":"instock","13":"sale","14":"product-type-external","15":"entry","16":"content-bg","17":"loop-entry"},"acf":[],"yoast_head":"<!-- This site is optimized with the Yoast SEO plugin v27.4 - https:\/\/yoast.com\/product\/yoast-seo-wordpress\/ -->\n<title>Braun Aparat de ras Series 8 8517s - SHOPATOA.COM<\/title>\n<meta name=\"robots\" content=\"index, follow, max-snippet:-1, max-image-preview:large, max-video-preview:-1\" \/>\n<link rel=\"canonical\" href=\"https:\/\/shopatoa.com\/ro\/braun-aparat-de-ras-series-8-8517s\/\" \/>\n<meta property=\"og:locale\" content=\"ro_RO\" \/>\n<meta property=\"og:type\" content=\"article\" \/>\n<meta property=\"og:title\" content=\"Braun Aparat de ras Series 8 8517s - SHOPATOA.COM\" \/>\n<meta property=\"og:description\" content=\"Radere atent\u0103, rapid\u0103 \u0219i precis\u0103 a b\u0103rbii datorit\u0103 aparatului de ras Braun Series 8 8517s. Aparatul alunec\u0103 lin pe piele \u0219i prinde cantitatea maxim\u0103 de p\u0103r. Capul basculant se adapteaz\u0103 la contururile fe\u021bei \u0219i permite b\u0103rbierirea zonelor greu accesibile. Aparatul este echipat cu tehnologia AutoSense pentru a se adapta tipului dvs. de barb\u0103. B\u0103rba\u021bii cu...\" \/>\n<meta property=\"og:url\" content=\"https:\/\/shopatoa.com\/ro\/braun-aparat-de-ras-series-8-8517s\/\" \/>\n<meta property=\"og:site_name\" content=\"SHOPATOA\" \/>\n<meta property=\"article:modified_time\" content=\"2025-12-10T06:45:48+00:00\" \/>\n<meta property=\"og:image\" content=\"https:\/\/storage.googleapis.com\/cz-shopatoa-img\/ro\/916d3742-unnamed-file.webp\" \/>\n\t<meta property=\"og:image:width\" content=\"800\" \/>\n\t<meta property=\"og:image:height\" content=\"800\" \/>\n\t<meta property=\"og:image:type\" content=\"image\/webp\" \/>\n<meta name=\"twitter:card\" content=\"summary_large_image\" \/>\n<script type=\"application\/ld+json\" class=\"yoast-schema-graph\">{\"@context\":\"https:\\\/\\\/schema.org\",\"@graph\":[{\"@type\":\"WebPage\",\"@id\":\"https:\\\/\\\/shopatoa.com\\\/ro\\\/braun-aparat-de-ras-series-8-8517s\\\/\",\"url\":\"https:\\\/\\\/shopatoa.com\\\/ro\\\/braun-aparat-de-ras-series-8-8517s\\\/\",\"name\":\"Braun Aparat de ras Series 8 8517s - SHOPATOA.COM\",\"isPartOf\":{\"@id\":\"https:\\\/\\\/shopatoa.com\\\/ro\\\/#website\"},\"primaryImageOfPage\":{\"@id\":\"https:\\\/\\\/shopatoa.com\\\/ro\\\/braun-aparat-de-ras-series-8-8517s\\\/#primaryimage\"},\"image\":{\"@id\":\"https:\\\/\\\/shopatoa.com\\\/ro\\\/braun-aparat-de-ras-series-8-8517s\\\/#primaryimage\"},\"thumbnailUrl\":\"https:\\\/\\\/storage.googleapis.com\\\/cz-shopatoa-img\\\/ro\\\/916d3742-unnamed-file.webp\",\"datePublished\":\"2025-04-25T20:45:55+00:00\",\"dateModified\":\"2025-12-10T06:45:48+00:00\",\"breadcrumb\":{\"@id\":\"https:\\\/\\\/shopatoa.com\\\/ro\\\/braun-aparat-de-ras-series-8-8517s\\\/#breadcrumb\"},\"inLanguage\":\"ro-RO\",\"potentialAction\":[{\"@type\":\"ReadAction\",\"target\":[\"https:\\\/\\\/shopatoa.com\\\/ro\\\/braun-aparat-de-ras-series-8-8517s\\\/\"]}]},{\"@type\":\"ImageObject\",\"inLanguage\":\"ro-RO\",\"@id\":\"https:\\\/\\\/shopatoa.com\\\/ro\\\/braun-aparat-de-ras-series-8-8517s\\\/#primaryimage\",\"url\":\"https:\\\/\\\/storage.googleapis.com\\\/cz-shopatoa-img\\\/ro\\\/916d3742-unnamed-file.webp\",\"contentUrl\":\"https:\\\/\\\/storage.googleapis.com\\\/cz-shopatoa-img\\\/ro\\\/916d3742-unnamed-file.webp\",\"width\":800,\"height\":800},{\"@type\":\"BreadcrumbList\",\"@id\":\"https:\\\/\\\/shopatoa.com\\\/ro\\\/braun-aparat-de-ras-series-8-8517s\\\/#breadcrumb\",\"itemListElement\":[{\"@type\":\"ListItem\",\"position\":1,\"name\":\"Dom\u016f\",\"item\":\"https:\\\/\\\/shopatoa.com\\\/ro\\\/\"},{\"@type\":\"ListItem\",\"position\":2,\"name\":\"Shop\",\"item\":\"https:\\\/\\\/shopatoa.com\\\/ro\\\/shop\\\/\"},{\"@type\":\"ListItem\",\"position\":3,\"name\":\"Cosmetice\",\"item\":\"https:\\\/\\\/shopatoa.com\\\/ro\\\/cosmetice\\\/\"},{\"@type\":\"ListItem\",\"position\":4,\"name\":\"Barber Shop\",\"item\":\"https:\\\/\\\/shopatoa.com\\\/ro\\\/barber-shop\\\/\"},{\"@type\":\"ListItem\",\"position\":5,\"name\":\"Barber Shop \u2013 t\u0103iat\",\"item\":\"https:\\\/\\\/shopatoa.com\\\/ro\\\/barber-shop-taiat\\\/\"},{\"@type\":\"ListItem\",\"position\":6,\"name\":\"Braun Aparat de ras Series 8 8517s\"}]},{\"@type\":\"WebSite\",\"@id\":\"https:\\\/\\\/shopatoa.com\\\/ro\\\/#website\",\"url\":\"https:\\\/\\\/shopatoa.com\\\/ro\\\/\",\"name\":\"SHOPATOA\",\"description\":\"\",\"publisher\":{\"@id\":\"https:\\\/\\\/shopatoa.com\\\/ro\\\/#organization\"},\"potentialAction\":[{\"@type\":\"SearchAction\",\"target\":{\"@type\":\"EntryPoint\",\"urlTemplate\":\"https:\\\/\\\/shopatoa.com\\\/ro\\\/?s={search_term_string}\"},\"query-input\":{\"@type\":\"PropertyValueSpecification\",\"valueRequired\":true,\"valueName\":\"search_term_string\"}}],\"inLanguage\":\"ro-RO\"},{\"@type\":\"Organization\",\"@id\":\"https:\\\/\\\/shopatoa.com\\\/ro\\\/#organization\",\"name\":\"SHOPATOA\",\"url\":\"https:\\\/\\\/shopatoa.com\\\/ro\\\/\",\"logo\":{\"@type\":\"ImageObject\",\"inLanguage\":\"ro-RO\",\"@id\":\"https:\\\/\\\/shopatoa.com\\\/ro\\\/#\\\/schema\\\/logo\\\/image\\\/\",\"url\":\"https:\\\/\\\/storage.googleapis.com\\\/cz-shopatoa-img\\\/ro\\\/b4dac915-shopatoa_logo.png\",\"contentUrl\":\"https:\\\/\\\/storage.googleapis.com\\\/cz-shopatoa-img\\\/ro\\\/b4dac915-shopatoa_logo.png\",\"width\":416,\"height\":63,\"caption\":\"SHOPATOA\"},\"image\":{\"@id\":\"https:\\\/\\\/shopatoa.com\\\/ro\\\/#\\\/schema\\\/logo\\\/image\\\/\"}}]}<\/script>\n<!-- \/ Yoast SEO plugin. -->","yoast_head_json":{"title":"Braun Aparat de ras Series 8 8517s - SHOPATOA.COM","robots":{"index":"index","follow":"follow","max-snippet":"max-snippet:-1","max-image-preview":"max-image-preview:large","max-video-preview":"max-video-preview:-1"},"canonical":"https:\/\/shopatoa.com\/ro\/braun-aparat-de-ras-series-8-8517s\/","og_locale":"ro_RO","og_type":"article","og_title":"Braun Aparat de ras Series 8 8517s - SHOPATOA.COM","og_description":"Radere atent\u0103, rapid\u0103 \u0219i precis\u0103 a b\u0103rbii datorit\u0103 aparatului de ras Braun Series 8 8517s. Aparatul alunec\u0103 lin pe piele \u0219i prinde cantitatea maxim\u0103 de p\u0103r. Capul basculant se adapteaz\u0103 la contururile fe\u021bei \u0219i permite b\u0103rbierirea zonelor greu accesibile. Aparatul este echipat cu tehnologia AutoSense pentru a se adapta tipului dvs. de barb\u0103. B\u0103rba\u021bii cu...","og_url":"https:\/\/shopatoa.com\/ro\/braun-aparat-de-ras-series-8-8517s\/","og_site_name":"SHOPATOA","article_modified_time":"2025-12-10T06:45:48+00:00","og_image":[{"width":800,"height":800,"url":"https:\/\/storage.googleapis.com\/cz-shopatoa-img\/ro\/916d3742-unnamed-file.webp","type":"image\/webp"}],"twitter_card":"summary_large_image","schema":{"@context":"https:\/\/schema.org","@graph":[{"@type":"WebPage","@id":"https:\/\/shopatoa.com\/ro\/braun-aparat-de-ras-series-8-8517s\/","url":"https:\/\/shopatoa.com\/ro\/braun-aparat-de-ras-series-8-8517s\/","name":"Braun Aparat de ras Series 8 8517s - SHOPATOA.COM","isPartOf":{"@id":"https:\/\/shopatoa.com\/ro\/#website"},"primaryImageOfPage":{"@id":"https:\/\/shopatoa.com\/ro\/braun-aparat-de-ras-series-8-8517s\/#primaryimage"},"image":{"@id":"https:\/\/shopatoa.com\/ro\/braun-aparat-de-ras-series-8-8517s\/#primaryimage"},"thumbnailUrl":"https:\/\/storage.googleapis.com\/cz-shopatoa-img\/ro\/916d3742-unnamed-file.webp","datePublished":"2025-04-25T20:45:55+00:00","dateModified":"2025-12-10T06:45:48+00:00","breadcrumb":{"@id":"https:\/\/shopatoa.com\/ro\/braun-aparat-de-ras-series-8-8517s\/#breadcrumb"},"inLanguage":"ro-RO","potentialAction":[{"@type":"ReadAction","target":["https:\/\/shopatoa.com\/ro\/braun-aparat-de-ras-series-8-8517s\/"]}]},{"@type":"ImageObject","inLanguage":"ro-RO","@id":"https:\/\/shopatoa.com\/ro\/braun-aparat-de-ras-series-8-8517s\/#primaryimage","url":"https:\/\/storage.googleapis.com\/cz-shopatoa-img\/ro\/916d3742-unnamed-file.webp","contentUrl":"https:\/\/storage.googleapis.com\/cz-shopatoa-img\/ro\/916d3742-unnamed-file.webp","width":800,"height":800},{"@type":"BreadcrumbList","@id":"https:\/\/shopatoa.com\/ro\/braun-aparat-de-ras-series-8-8517s\/#breadcrumb","itemListElement":[{"@type":"ListItem","position":1,"name":"Dom\u016f","item":"https:\/\/shopatoa.com\/ro\/"},{"@type":"ListItem","position":2,"name":"Shop","item":"https:\/\/shopatoa.com\/ro\/shop\/"},{"@type":"ListItem","position":3,"name":"Cosmetice","item":"https:\/\/shopatoa.com\/ro\/cosmetice\/"},{"@type":"ListItem","position":4,"name":"Barber Shop","item":"https:\/\/shopatoa.com\/ro\/barber-shop\/"},{"@type":"ListItem","position":5,"name":"Barber Shop \u2013 t\u0103iat","item":"https:\/\/shopatoa.com\/ro\/barber-shop-taiat\/"},{"@type":"ListItem","position":6,"name":"Braun Aparat de ras Series 8 8517s"}]},{"@type":"WebSite","@id":"https:\/\/shopatoa.com\/ro\/#website","url":"https:\/\/shopatoa.com\/ro\/","name":"SHOPATOA","description":"","publisher":{"@id":"https:\/\/shopatoa.com\/ro\/#organization"},"potentialAction":[{"@type":"SearchAction","target":{"@type":"EntryPoint","urlTemplate":"https:\/\/shopatoa.com\/ro\/?s={search_term_string}"},"query-input":{"@type":"PropertyValueSpecification","valueRequired":true,"valueName":"search_term_string"}}],"inLanguage":"ro-RO"},{"@type":"Organization","@id":"https:\/\/shopatoa.com\/ro\/#organization","name":"SHOPATOA","url":"https:\/\/shopatoa.com\/ro\/","logo":{"@type":"ImageObject","inLanguage":"ro-RO","@id":"https:\/\/shopatoa.com\/ro\/#\/schema\/logo\/image\/","url":"https:\/\/storage.googleapis.com\/cz-shopatoa-img\/ro\/b4dac915-shopatoa_logo.png","contentUrl":"https:\/\/storage.googleapis.com\/cz-shopatoa-img\/ro\/b4dac915-shopatoa_logo.png","width":416,"height":63,"caption":"SHOPATOA"},"image":{"@id":"https:\/\/shopatoa.com\/ro\/#\/schema\/logo\/image\/"}}]}},"_links":{"self":[{"href":"https:\/\/shopatoa.com\/ro\/wp-json\/wp\/v2\/product\/254017","targetHints":{"allow":["GET"]}}],"collection":[{"href":"https:\/\/shopatoa.com\/ro\/wp-json\/wp\/v2\/product"}],"about":[{"href":"https:\/\/shopatoa.com\/ro\/wp-json\/wp\/v2\/types\/product"}],"replies":[{"embeddable":true,"href":"https:\/\/shopatoa.com\/ro\/wp-json\/wp\/v2\/comments?post=254017"}],"wp:featuredmedia":[{"embeddable":true,"href":"https:\/\/shopatoa.com\/ro\/wp-json\/wp\/v2\/media\/254018"}],"wp:attachment":[{"href":"https:\/\/shopatoa.com\/ro\/wp-json\/wp\/v2\/media?parent=254017"}],"wp:term":[{"taxonomy":"product_brand","embeddable":true,"href":"https:\/\/shopatoa.com\/ro\/wp-json\/wp\/v2\/product_brand?post=254017"},{"taxonomy":"product_cat","embeddable":true,"href":"https:\/\/shopatoa.com\/ro\/wp-json\/wp\/v2\/product_cat?post=254017"},{"taxonomy":"product_tag","embeddable":true,"href":"https:\/\/shopatoa.com\/ro\/wp-json\/wp\/v2\/product_tag?post=254017"}],"curies":[{"name":"wp","href":"https:\/\/api.w.org\/{rel}","templated":true}]}}