{"id":254163,"date":"2025-04-25T23:20:57","date_gmt":"2025-04-25T21:20:57","guid":{"rendered":"https:\/\/shopatoa.com\/ro\/alcina-creion-de-ochi-perfect-stay-kajal-liner-1-g-dark-green\/"},"modified":"2025-09-27T03:50:39","modified_gmt":"2025-09-27T01:50:39","slug":"alcina-creion-de-ochi-perfect-stay-kajal-liner-1-g-dark-green","status":"publish","type":"product","link":"https:\/\/shopatoa.com\/ro\/alcina-creion-de-ochi-perfect-stay-kajal-liner-1-g-dark-green\/","title":{"rendered":"Alcina Creion de ochi Perfect Stay (Kajal Liner) 1 g Dark Green"},"content":{"rendered":"<p>Acest creion de ochi v\u0103 permite s\u0103 crea\u021bi linii intense \u0219i precise \u00een c\u00e2teva secunde. Datorit\u0103 texturii u\u0219oare creionul este u\u0219or de aplicat, \u00een timp ce formula sa rezistent\u0103 la ap\u0103 \u0219i la abraziune asigur\u0103 o rezisten\u021b\u0103 maxim\u0103 pe tot parcursul zilei.<\/p>\n","protected":false},"excerpt":{"rendered":"<p>Acest creion de ochi v\u0103 permite s\u0103 crea\u021bi linii intense \u0219i precise \u00een c\u00e2teva secunde. Datorit\u0103 texturii u\u0219oare creionul este u\u0219or de aplicat, \u00een timp ce formula sa rezistent\u0103 la ap\u0103 \u0219i la abraziune asigur\u0103 o rezisten\u021b\u0103 maxim\u0103 pe tot parcursul zilei.<\/p>\n","protected":false},"featured_media":254164,"comment_status":"closed","ping_status":"open","template":"","meta":{"_acf_changed":false,"_kadence_starter_templates_imported_post":false,"_kad_post_transparent":"","_kad_post_title":"","_kad_post_layout":"","_kad_post_sidebar_id":"","_kad_post_content_style":"","_kad_post_vertical_padding":"","_kad_post_feature":"","_kad_post_feature_position":"","_kad_post_header":false,"_kad_post_footer":false,"_kad_post_classname":""},"product_brand":[485],"product_cat":[246,609,666,631],"product_tag":[],"class_list":{"0":"post-254163","1":"product","2":"type-product","3":"status-publish","4":"has-post-thumbnail","6":"product_brand-alcina","7":"product_cat-cosmetice","8":"product_cat-cosmetice-decorative","9":"product_cat-creione-de-ochi","10":"product_cat-machiaj-pentru-ochi","12":"first","13":"instock","14":"product-type-external","15":"entry","16":"content-bg","17":"loop-entry"},"acf":[],"yoast_head":"<!-- This site is optimized with the Yoast SEO plugin v27.3 - https:\/\/yoast.com\/product\/yoast-seo-wordpress\/ -->\n<title>Alcina Creion de ochi Perfect Stay (Kajal Liner) 1 g Dark Green - SHOPATOA.COM<\/title>\n<meta name=\"robots\" content=\"index, follow, max-snippet:-1, max-image-preview:large, max-video-preview:-1\" \/>\n<link rel=\"canonical\" href=\"https:\/\/shopatoa.com\/ro\/alcina-creion-de-ochi-perfect-stay-kajal-liner-1-g-dark-green\/\" \/>\n<meta property=\"og:locale\" content=\"ro_RO\" \/>\n<meta property=\"og:type\" content=\"article\" \/>\n<meta property=\"og:title\" content=\"Alcina Creion de ochi Perfect Stay (Kajal Liner) 1 g Dark Green - SHOPATOA.COM\" \/>\n<meta property=\"og:description\" content=\"Acest creion de ochi v\u0103 permite s\u0103 crea\u021bi linii intense \u0219i precise \u00een c\u00e2teva secunde. Datorit\u0103 texturii u\u0219oare creionul este u\u0219or de aplicat, \u00een timp ce formula sa rezistent\u0103 la ap\u0103 \u0219i la abraziune asigur\u0103 o rezisten\u021b\u0103 maxim\u0103 pe tot parcursul zilei.\" \/>\n<meta property=\"og:url\" content=\"https:\/\/shopatoa.com\/ro\/alcina-creion-de-ochi-perfect-stay-kajal-liner-1-g-dark-green\/\" \/>\n<meta property=\"og:site_name\" content=\"SHOPATOA\" \/>\n<meta property=\"article:modified_time\" content=\"2025-09-27T01:50:39+00:00\" \/>\n<meta property=\"og:image\" content=\"https:\/\/storage.googleapis.com\/cz-shopatoa-img\/ro\/2f5acf80-unnamed-file.webp\" \/>\n\t<meta property=\"og:image:width\" content=\"800\" \/>\n\t<meta property=\"og:image:height\" content=\"800\" \/>\n\t<meta property=\"og:image:type\" content=\"image\/webp\" \/>\n<meta name=\"twitter:card\" content=\"summary_large_image\" \/>\n<script type=\"application\/ld+json\" class=\"yoast-schema-graph\">{\"@context\":\"https:\\\/\\\/schema.org\",\"@graph\":[{\"@type\":\"WebPage\",\"@id\":\"https:\\\/\\\/shopatoa.com\\\/ro\\\/alcina-creion-de-ochi-perfect-stay-kajal-liner-1-g-dark-green\\\/\",\"url\":\"https:\\\/\\\/shopatoa.com\\\/ro\\\/alcina-creion-de-ochi-perfect-stay-kajal-liner-1-g-dark-green\\\/\",\"name\":\"Alcina Creion de ochi Perfect Stay (Kajal Liner) 1 g Dark Green - SHOPATOA.COM\",\"isPartOf\":{\"@id\":\"https:\\\/\\\/shopatoa.com\\\/ro\\\/#website\"},\"primaryImageOfPage\":{\"@id\":\"https:\\\/\\\/shopatoa.com\\\/ro\\\/alcina-creion-de-ochi-perfect-stay-kajal-liner-1-g-dark-green\\\/#primaryimage\"},\"image\":{\"@id\":\"https:\\\/\\\/shopatoa.com\\\/ro\\\/alcina-creion-de-ochi-perfect-stay-kajal-liner-1-g-dark-green\\\/#primaryimage\"},\"thumbnailUrl\":\"https:\\\/\\\/storage.googleapis.com\\\/cz-shopatoa-img\\\/ro\\\/2f5acf80-unnamed-file.webp\",\"datePublished\":\"2025-04-25T21:20:57+00:00\",\"dateModified\":\"2025-09-27T01:50:39+00:00\",\"breadcrumb\":{\"@id\":\"https:\\\/\\\/shopatoa.com\\\/ro\\\/alcina-creion-de-ochi-perfect-stay-kajal-liner-1-g-dark-green\\\/#breadcrumb\"},\"inLanguage\":\"ro-RO\",\"potentialAction\":[{\"@type\":\"ReadAction\",\"target\":[\"https:\\\/\\\/shopatoa.com\\\/ro\\\/alcina-creion-de-ochi-perfect-stay-kajal-liner-1-g-dark-green\\\/\"]}]},{\"@type\":\"ImageObject\",\"inLanguage\":\"ro-RO\",\"@id\":\"https:\\\/\\\/shopatoa.com\\\/ro\\\/alcina-creion-de-ochi-perfect-stay-kajal-liner-1-g-dark-green\\\/#primaryimage\",\"url\":\"https:\\\/\\\/storage.googleapis.com\\\/cz-shopatoa-img\\\/ro\\\/2f5acf80-unnamed-file.webp\",\"contentUrl\":\"https:\\\/\\\/storage.googleapis.com\\\/cz-shopatoa-img\\\/ro\\\/2f5acf80-unnamed-file.webp\",\"width\":800,\"height\":800},{\"@type\":\"BreadcrumbList\",\"@id\":\"https:\\\/\\\/shopatoa.com\\\/ro\\\/alcina-creion-de-ochi-perfect-stay-kajal-liner-1-g-dark-green\\\/#breadcrumb\",\"itemListElement\":[{\"@type\":\"ListItem\",\"position\":1,\"name\":\"Dom\u016f\",\"item\":\"https:\\\/\\\/shopatoa.com\\\/ro\\\/\"},{\"@type\":\"ListItem\",\"position\":2,\"name\":\"Shop\",\"item\":\"https:\\\/\\\/shopatoa.com\\\/ro\\\/shop\\\/\"},{\"@type\":\"ListItem\",\"position\":3,\"name\":\"Cosmetice\",\"item\":\"https:\\\/\\\/shopatoa.com\\\/ro\\\/cosmetice\\\/\"},{\"@type\":\"ListItem\",\"position\":4,\"name\":\"Cosmetice decorative\",\"item\":\"https:\\\/\\\/shopatoa.com\\\/ro\\\/cosmetice-decorative\\\/\"},{\"@type\":\"ListItem\",\"position\":5,\"name\":\"Machiaj pentru ochi\",\"item\":\"https:\\\/\\\/shopatoa.com\\\/ro\\\/machiaj-pentru-ochi\\\/\"},{\"@type\":\"ListItem\",\"position\":6,\"name\":\"Creione de ochi\",\"item\":\"https:\\\/\\\/shopatoa.com\\\/ro\\\/creione-de-ochi\\\/\"},{\"@type\":\"ListItem\",\"position\":7,\"name\":\"Alcina Creion de ochi Perfect Stay (Kajal Liner) 1 g Dark Green\"}]},{\"@type\":\"WebSite\",\"@id\":\"https:\\\/\\\/shopatoa.com\\\/ro\\\/#website\",\"url\":\"https:\\\/\\\/shopatoa.com\\\/ro\\\/\",\"name\":\"SHOPATOA\",\"description\":\"\",\"publisher\":{\"@id\":\"https:\\\/\\\/shopatoa.com\\\/ro\\\/#organization\"},\"potentialAction\":[{\"@type\":\"SearchAction\",\"target\":{\"@type\":\"EntryPoint\",\"urlTemplate\":\"https:\\\/\\\/shopatoa.com\\\/ro\\\/?s={search_term_string}\"},\"query-input\":{\"@type\":\"PropertyValueSpecification\",\"valueRequired\":true,\"valueName\":\"search_term_string\"}}],\"inLanguage\":\"ro-RO\"},{\"@type\":\"Organization\",\"@id\":\"https:\\\/\\\/shopatoa.com\\\/ro\\\/#organization\",\"name\":\"SHOPATOA\",\"url\":\"https:\\\/\\\/shopatoa.com\\\/ro\\\/\",\"logo\":{\"@type\":\"ImageObject\",\"inLanguage\":\"ro-RO\",\"@id\":\"https:\\\/\\\/shopatoa.com\\\/ro\\\/#\\\/schema\\\/logo\\\/image\\\/\",\"url\":\"https:\\\/\\\/storage.googleapis.com\\\/cz-shopatoa-img\\\/ro\\\/b4dac915-shopatoa_logo.png\",\"contentUrl\":\"https:\\\/\\\/storage.googleapis.com\\\/cz-shopatoa-img\\\/ro\\\/b4dac915-shopatoa_logo.png\",\"width\":416,\"height\":63,\"caption\":\"SHOPATOA\"},\"image\":{\"@id\":\"https:\\\/\\\/shopatoa.com\\\/ro\\\/#\\\/schema\\\/logo\\\/image\\\/\"}}]}<\/script>\n<!-- \/ Yoast SEO plugin. -->","yoast_head_json":{"title":"Alcina Creion de ochi Perfect Stay (Kajal Liner) 1 g Dark Green - SHOPATOA.COM","robots":{"index":"index","follow":"follow","max-snippet":"max-snippet:-1","max-image-preview":"max-image-preview:large","max-video-preview":"max-video-preview:-1"},"canonical":"https:\/\/shopatoa.com\/ro\/alcina-creion-de-ochi-perfect-stay-kajal-liner-1-g-dark-green\/","og_locale":"ro_RO","og_type":"article","og_title":"Alcina Creion de ochi Perfect Stay (Kajal Liner) 1 g Dark Green - SHOPATOA.COM","og_description":"Acest creion de ochi v\u0103 permite s\u0103 crea\u021bi linii intense \u0219i precise \u00een c\u00e2teva secunde. Datorit\u0103 texturii u\u0219oare creionul este u\u0219or de aplicat, \u00een timp ce formula sa rezistent\u0103 la ap\u0103 \u0219i la abraziune asigur\u0103 o rezisten\u021b\u0103 maxim\u0103 pe tot parcursul zilei.","og_url":"https:\/\/shopatoa.com\/ro\/alcina-creion-de-ochi-perfect-stay-kajal-liner-1-g-dark-green\/","og_site_name":"SHOPATOA","article_modified_time":"2025-09-27T01:50:39+00:00","og_image":[{"width":800,"height":800,"url":"https:\/\/storage.googleapis.com\/cz-shopatoa-img\/ro\/2f5acf80-unnamed-file.webp","type":"image\/webp"}],"twitter_card":"summary_large_image","schema":{"@context":"https:\/\/schema.org","@graph":[{"@type":"WebPage","@id":"https:\/\/shopatoa.com\/ro\/alcina-creion-de-ochi-perfect-stay-kajal-liner-1-g-dark-green\/","url":"https:\/\/shopatoa.com\/ro\/alcina-creion-de-ochi-perfect-stay-kajal-liner-1-g-dark-green\/","name":"Alcina Creion de ochi Perfect Stay (Kajal Liner) 1 g Dark Green - SHOPATOA.COM","isPartOf":{"@id":"https:\/\/shopatoa.com\/ro\/#website"},"primaryImageOfPage":{"@id":"https:\/\/shopatoa.com\/ro\/alcina-creion-de-ochi-perfect-stay-kajal-liner-1-g-dark-green\/#primaryimage"},"image":{"@id":"https:\/\/shopatoa.com\/ro\/alcina-creion-de-ochi-perfect-stay-kajal-liner-1-g-dark-green\/#primaryimage"},"thumbnailUrl":"https:\/\/storage.googleapis.com\/cz-shopatoa-img\/ro\/2f5acf80-unnamed-file.webp","datePublished":"2025-04-25T21:20:57+00:00","dateModified":"2025-09-27T01:50:39+00:00","breadcrumb":{"@id":"https:\/\/shopatoa.com\/ro\/alcina-creion-de-ochi-perfect-stay-kajal-liner-1-g-dark-green\/#breadcrumb"},"inLanguage":"ro-RO","potentialAction":[{"@type":"ReadAction","target":["https:\/\/shopatoa.com\/ro\/alcina-creion-de-ochi-perfect-stay-kajal-liner-1-g-dark-green\/"]}]},{"@type":"ImageObject","inLanguage":"ro-RO","@id":"https:\/\/shopatoa.com\/ro\/alcina-creion-de-ochi-perfect-stay-kajal-liner-1-g-dark-green\/#primaryimage","url":"https:\/\/storage.googleapis.com\/cz-shopatoa-img\/ro\/2f5acf80-unnamed-file.webp","contentUrl":"https:\/\/storage.googleapis.com\/cz-shopatoa-img\/ro\/2f5acf80-unnamed-file.webp","width":800,"height":800},{"@type":"BreadcrumbList","@id":"https:\/\/shopatoa.com\/ro\/alcina-creion-de-ochi-perfect-stay-kajal-liner-1-g-dark-green\/#breadcrumb","itemListElement":[{"@type":"ListItem","position":1,"name":"Dom\u016f","item":"https:\/\/shopatoa.com\/ro\/"},{"@type":"ListItem","position":2,"name":"Shop","item":"https:\/\/shopatoa.com\/ro\/shop\/"},{"@type":"ListItem","position":3,"name":"Cosmetice","item":"https:\/\/shopatoa.com\/ro\/cosmetice\/"},{"@type":"ListItem","position":4,"name":"Cosmetice decorative","item":"https:\/\/shopatoa.com\/ro\/cosmetice-decorative\/"},{"@type":"ListItem","position":5,"name":"Machiaj pentru ochi","item":"https:\/\/shopatoa.com\/ro\/machiaj-pentru-ochi\/"},{"@type":"ListItem","position":6,"name":"Creione de ochi","item":"https:\/\/shopatoa.com\/ro\/creione-de-ochi\/"},{"@type":"ListItem","position":7,"name":"Alcina Creion de ochi Perfect Stay (Kajal Liner) 1 g Dark Green"}]},{"@type":"WebSite","@id":"https:\/\/shopatoa.com\/ro\/#website","url":"https:\/\/shopatoa.com\/ro\/","name":"SHOPATOA","description":"","publisher":{"@id":"https:\/\/shopatoa.com\/ro\/#organization"},"potentialAction":[{"@type":"SearchAction","target":{"@type":"EntryPoint","urlTemplate":"https:\/\/shopatoa.com\/ro\/?s={search_term_string}"},"query-input":{"@type":"PropertyValueSpecification","valueRequired":true,"valueName":"search_term_string"}}],"inLanguage":"ro-RO"},{"@type":"Organization","@id":"https:\/\/shopatoa.com\/ro\/#organization","name":"SHOPATOA","url":"https:\/\/shopatoa.com\/ro\/","logo":{"@type":"ImageObject","inLanguage":"ro-RO","@id":"https:\/\/shopatoa.com\/ro\/#\/schema\/logo\/image\/","url":"https:\/\/storage.googleapis.com\/cz-shopatoa-img\/ro\/b4dac915-shopatoa_logo.png","contentUrl":"https:\/\/storage.googleapis.com\/cz-shopatoa-img\/ro\/b4dac915-shopatoa_logo.png","width":416,"height":63,"caption":"SHOPATOA"},"image":{"@id":"https:\/\/shopatoa.com\/ro\/#\/schema\/logo\/image\/"}}]}},"_links":{"self":[{"href":"https:\/\/shopatoa.com\/ro\/wp-json\/wp\/v2\/product\/254163","targetHints":{"allow":["GET"]}}],"collection":[{"href":"https:\/\/shopatoa.com\/ro\/wp-json\/wp\/v2\/product"}],"about":[{"href":"https:\/\/shopatoa.com\/ro\/wp-json\/wp\/v2\/types\/product"}],"replies":[{"embeddable":true,"href":"https:\/\/shopatoa.com\/ro\/wp-json\/wp\/v2\/comments?post=254163"}],"wp:featuredmedia":[{"embeddable":true,"href":"https:\/\/shopatoa.com\/ro\/wp-json\/wp\/v2\/media\/254164"}],"wp:attachment":[{"href":"https:\/\/shopatoa.com\/ro\/wp-json\/wp\/v2\/media?parent=254163"}],"wp:term":[{"taxonomy":"product_brand","embeddable":true,"href":"https:\/\/shopatoa.com\/ro\/wp-json\/wp\/v2\/product_brand?post=254163"},{"taxonomy":"product_cat","embeddable":true,"href":"https:\/\/shopatoa.com\/ro\/wp-json\/wp\/v2\/product_cat?post=254163"},{"taxonomy":"product_tag","embeddable":true,"href":"https:\/\/shopatoa.com\/ro\/wp-json\/wp\/v2\/product_tag?post=254163"}],"curies":[{"name":"wp","href":"https:\/\/api.w.org\/{rel}","templated":true}]}}