{"id":254197,"date":"2025-04-25T23:30:29","date_gmt":"2025-04-25T21:30:29","guid":{"rendered":"https:\/\/shopatoa.com\/ro\/plumbeauty-gua-sha-piatra-sculpting-stone\/"},"modified":"2025-12-12T15:44:06","modified_gmt":"2025-12-12T14:44:06","slug":"plumbeauty-gua-sha-piatra-sculpting-stone","status":"publish","type":"product","link":"https:\/\/shopatoa.com\/ro\/plumbeauty-gua-sha-piatra-sculpting-stone\/","title":{"rendered":"PlumBeauty Gua Sha piatr\u0103 (Sculpting Stone)"},"content":{"rendered":"<p>\u00cembun\u0103t\u0103\u021bi\u021bi elasticitatea pielii \u0219i ob\u021bine\u021bi un aspect natural tineresc cu Plum Beauty Rose Quartz Contouring Stone. \u00cent\u0103re\u0219te \u0219i tonific\u0103 pielea \u0219i elimin\u0103 umfl\u0103turile. Minimizeaz\u0103 porii, ajut\u0103 la reducerea aspectului liniilor fine \u0219i ridurilor, \u00eembun\u0103t\u0103\u021be\u0219te absorb\u021bia \u0219i eficacitatea produselor. \u00cengrijirea pielii promoveaz\u0103 circula\u021bia s\u00e2ngelui \u0219i drenajul limfatic.<\/p>\n","protected":false},"excerpt":{"rendered":"<p>\u00cembun\u0103t\u0103\u021bi\u021bi elasticitatea pielii \u0219i ob\u021bine\u021bi un aspect natural tineresc cu Plum Beauty Rose Quartz Contouring Stone. \u00cent\u0103re\u0219te \u0219i tonific\u0103 pielea \u0219i elimin\u0103 umfl\u0103turile. Minimizeaz\u0103 porii, ajut\u0103 la reducerea aspectului liniilor fine \u0219i ridurilor, \u00eembun\u0103t\u0103\u021be\u0219te absorb\u021bia \u0219i eficacitatea produselor. \u00cengrijirea pielii promoveaz\u0103 circula\u021bia s\u00e2ngelui \u0219i drenajul limfatic.<\/p>\n","protected":false},"featured_media":254198,"comment_status":"closed","ping_status":"open","template":"","meta":{"_acf_changed":false,"_kadence_starter_templates_imported_post":false,"_kad_post_transparent":"","_kad_post_title":"","_kad_post_layout":"","_kad_post_sidebar_id":"","_kad_post_content_style":"","_kad_post_vertical_padding":"","_kad_post_feature":"","_kad_post_feature_position":"","_kad_post_header":false,"_kad_post_footer":false,"_kad_post_classname":""},"product_brand":[518],"product_cat":[246,688,633,749],"product_tag":[],"class_list":{"0":"post-254197","1":"product","2":"type-product","3":"status-publish","4":"has-post-thumbnail","6":"product_brand-plumbeauty","7":"product_cat-cosmetice","8":"product_cat-dispozitive-cosmetice-pentru-ingrijirea-pielii","9":"product_cat-produse-cosmetice-pentru-piele","10":"product_cat-rollers-si-gua-sha","12":"first","13":"instock","14":"product-type-external","15":"entry","16":"content-bg","17":"loop-entry"},"acf":[],"yoast_head":"<!-- This site is optimized with the Yoast SEO plugin v27.3 - https:\/\/yoast.com\/product\/yoast-seo-wordpress\/ -->\n<title>PlumBeauty Gua Sha piatr\u0103 (Sculpting Stone) - SHOPATOA.COM<\/title>\n<meta name=\"robots\" content=\"index, follow, max-snippet:-1, max-image-preview:large, max-video-preview:-1\" \/>\n<link rel=\"canonical\" href=\"https:\/\/shopatoa.com\/ro\/plumbeauty-gua-sha-piatra-sculpting-stone\/\" \/>\n<meta property=\"og:locale\" content=\"ro_RO\" \/>\n<meta property=\"og:type\" content=\"article\" \/>\n<meta property=\"og:title\" content=\"PlumBeauty Gua Sha piatr\u0103 (Sculpting Stone) - SHOPATOA.COM\" \/>\n<meta property=\"og:description\" content=\"\u00cembun\u0103t\u0103\u021bi\u021bi elasticitatea pielii \u0219i ob\u021bine\u021bi un aspect natural tineresc cu Plum Beauty Rose Quartz Contouring Stone. \u00cent\u0103re\u0219te \u0219i tonific\u0103 pielea \u0219i elimin\u0103 umfl\u0103turile. Minimizeaz\u0103 porii, ajut\u0103 la reducerea aspectului liniilor fine \u0219i ridurilor, \u00eembun\u0103t\u0103\u021be\u0219te absorb\u021bia \u0219i eficacitatea produselor. \u00cengrijirea pielii promoveaz\u0103 circula\u021bia s\u00e2ngelui \u0219i drenajul limfatic.\" \/>\n<meta property=\"og:url\" content=\"https:\/\/shopatoa.com\/ro\/plumbeauty-gua-sha-piatra-sculpting-stone\/\" \/>\n<meta property=\"og:site_name\" content=\"SHOPATOA\" \/>\n<meta property=\"article:modified_time\" content=\"2025-12-12T14:44:06+00:00\" \/>\n<meta property=\"og:image\" content=\"https:\/\/storage.googleapis.com\/cz-shopatoa-img\/ro\/8a014928-unnamed-file.webp\" \/>\n\t<meta property=\"og:image:width\" content=\"800\" \/>\n\t<meta property=\"og:image:height\" content=\"800\" \/>\n\t<meta property=\"og:image:type\" content=\"image\/webp\" \/>\n<meta name=\"twitter:card\" content=\"summary_large_image\" \/>\n<script type=\"application\/ld+json\" class=\"yoast-schema-graph\">{\"@context\":\"https:\\\/\\\/schema.org\",\"@graph\":[{\"@type\":\"WebPage\",\"@id\":\"https:\\\/\\\/shopatoa.com\\\/ro\\\/plumbeauty-gua-sha-piatra-sculpting-stone\\\/\",\"url\":\"https:\\\/\\\/shopatoa.com\\\/ro\\\/plumbeauty-gua-sha-piatra-sculpting-stone\\\/\",\"name\":\"PlumBeauty Gua Sha piatr\u0103 (Sculpting Stone) - SHOPATOA.COM\",\"isPartOf\":{\"@id\":\"https:\\\/\\\/shopatoa.com\\\/ro\\\/#website\"},\"primaryImageOfPage\":{\"@id\":\"https:\\\/\\\/shopatoa.com\\\/ro\\\/plumbeauty-gua-sha-piatra-sculpting-stone\\\/#primaryimage\"},\"image\":{\"@id\":\"https:\\\/\\\/shopatoa.com\\\/ro\\\/plumbeauty-gua-sha-piatra-sculpting-stone\\\/#primaryimage\"},\"thumbnailUrl\":\"https:\\\/\\\/storage.googleapis.com\\\/cz-shopatoa-img\\\/ro\\\/8a014928-unnamed-file.webp\",\"datePublished\":\"2025-04-25T21:30:29+00:00\",\"dateModified\":\"2025-12-12T14:44:06+00:00\",\"breadcrumb\":{\"@id\":\"https:\\\/\\\/shopatoa.com\\\/ro\\\/plumbeauty-gua-sha-piatra-sculpting-stone\\\/#breadcrumb\"},\"inLanguage\":\"ro-RO\",\"potentialAction\":[{\"@type\":\"ReadAction\",\"target\":[\"https:\\\/\\\/shopatoa.com\\\/ro\\\/plumbeauty-gua-sha-piatra-sculpting-stone\\\/\"]}]},{\"@type\":\"ImageObject\",\"inLanguage\":\"ro-RO\",\"@id\":\"https:\\\/\\\/shopatoa.com\\\/ro\\\/plumbeauty-gua-sha-piatra-sculpting-stone\\\/#primaryimage\",\"url\":\"https:\\\/\\\/storage.googleapis.com\\\/cz-shopatoa-img\\\/ro\\\/8a014928-unnamed-file.webp\",\"contentUrl\":\"https:\\\/\\\/storage.googleapis.com\\\/cz-shopatoa-img\\\/ro\\\/8a014928-unnamed-file.webp\",\"width\":800,\"height\":800},{\"@type\":\"BreadcrumbList\",\"@id\":\"https:\\\/\\\/shopatoa.com\\\/ro\\\/plumbeauty-gua-sha-piatra-sculpting-stone\\\/#breadcrumb\",\"itemListElement\":[{\"@type\":\"ListItem\",\"position\":1,\"name\":\"Dom\u016f\",\"item\":\"https:\\\/\\\/shopatoa.com\\\/ro\\\/\"},{\"@type\":\"ListItem\",\"position\":2,\"name\":\"Shop\",\"item\":\"https:\\\/\\\/shopatoa.com\\\/ro\\\/shop\\\/\"},{\"@type\":\"ListItem\",\"position\":3,\"name\":\"Cosmetice\",\"item\":\"https:\\\/\\\/shopatoa.com\\\/ro\\\/cosmetice\\\/\"},{\"@type\":\"ListItem\",\"position\":4,\"name\":\"Produse cosmetice pentru piele\",\"item\":\"https:\\\/\\\/shopatoa.com\\\/ro\\\/produse-cosmetice-pentru-piele\\\/\"},{\"@type\":\"ListItem\",\"position\":5,\"name\":\"Dispozitive cosmetice pentru \u00eengrijirea pielii\",\"item\":\"https:\\\/\\\/shopatoa.com\\\/ro\\\/dispozitive-cosmetice-pentru-ingrijirea-pielii\\\/\"},{\"@type\":\"ListItem\",\"position\":6,\"name\":\"Rollers \u0219i Gua Sha\",\"item\":\"https:\\\/\\\/shopatoa.com\\\/ro\\\/rollers-si-gua-sha\\\/\"},{\"@type\":\"ListItem\",\"position\":7,\"name\":\"PlumBeauty Gua Sha piatr\u0103 (Sculpting Stone)\"}]},{\"@type\":\"WebSite\",\"@id\":\"https:\\\/\\\/shopatoa.com\\\/ro\\\/#website\",\"url\":\"https:\\\/\\\/shopatoa.com\\\/ro\\\/\",\"name\":\"SHOPATOA\",\"description\":\"\",\"publisher\":{\"@id\":\"https:\\\/\\\/shopatoa.com\\\/ro\\\/#organization\"},\"potentialAction\":[{\"@type\":\"SearchAction\",\"target\":{\"@type\":\"EntryPoint\",\"urlTemplate\":\"https:\\\/\\\/shopatoa.com\\\/ro\\\/?s={search_term_string}\"},\"query-input\":{\"@type\":\"PropertyValueSpecification\",\"valueRequired\":true,\"valueName\":\"search_term_string\"}}],\"inLanguage\":\"ro-RO\"},{\"@type\":\"Organization\",\"@id\":\"https:\\\/\\\/shopatoa.com\\\/ro\\\/#organization\",\"name\":\"SHOPATOA\",\"url\":\"https:\\\/\\\/shopatoa.com\\\/ro\\\/\",\"logo\":{\"@type\":\"ImageObject\",\"inLanguage\":\"ro-RO\",\"@id\":\"https:\\\/\\\/shopatoa.com\\\/ro\\\/#\\\/schema\\\/logo\\\/image\\\/\",\"url\":\"https:\\\/\\\/storage.googleapis.com\\\/cz-shopatoa-img\\\/ro\\\/b4dac915-shopatoa_logo.png\",\"contentUrl\":\"https:\\\/\\\/storage.googleapis.com\\\/cz-shopatoa-img\\\/ro\\\/b4dac915-shopatoa_logo.png\",\"width\":416,\"height\":63,\"caption\":\"SHOPATOA\"},\"image\":{\"@id\":\"https:\\\/\\\/shopatoa.com\\\/ro\\\/#\\\/schema\\\/logo\\\/image\\\/\"}}]}<\/script>\n<!-- \/ Yoast SEO plugin. -->","yoast_head_json":{"title":"PlumBeauty Gua Sha piatr\u0103 (Sculpting Stone) - SHOPATOA.COM","robots":{"index":"index","follow":"follow","max-snippet":"max-snippet:-1","max-image-preview":"max-image-preview:large","max-video-preview":"max-video-preview:-1"},"canonical":"https:\/\/shopatoa.com\/ro\/plumbeauty-gua-sha-piatra-sculpting-stone\/","og_locale":"ro_RO","og_type":"article","og_title":"PlumBeauty Gua Sha piatr\u0103 (Sculpting Stone) - SHOPATOA.COM","og_description":"\u00cembun\u0103t\u0103\u021bi\u021bi elasticitatea pielii \u0219i ob\u021bine\u021bi un aspect natural tineresc cu Plum Beauty Rose Quartz Contouring Stone. \u00cent\u0103re\u0219te \u0219i tonific\u0103 pielea \u0219i elimin\u0103 umfl\u0103turile. Minimizeaz\u0103 porii, ajut\u0103 la reducerea aspectului liniilor fine \u0219i ridurilor, \u00eembun\u0103t\u0103\u021be\u0219te absorb\u021bia \u0219i eficacitatea produselor. \u00cengrijirea pielii promoveaz\u0103 circula\u021bia s\u00e2ngelui \u0219i drenajul limfatic.","og_url":"https:\/\/shopatoa.com\/ro\/plumbeauty-gua-sha-piatra-sculpting-stone\/","og_site_name":"SHOPATOA","article_modified_time":"2025-12-12T14:44:06+00:00","og_image":[{"width":800,"height":800,"url":"https:\/\/storage.googleapis.com\/cz-shopatoa-img\/ro\/8a014928-unnamed-file.webp","type":"image\/webp"}],"twitter_card":"summary_large_image","schema":{"@context":"https:\/\/schema.org","@graph":[{"@type":"WebPage","@id":"https:\/\/shopatoa.com\/ro\/plumbeauty-gua-sha-piatra-sculpting-stone\/","url":"https:\/\/shopatoa.com\/ro\/plumbeauty-gua-sha-piatra-sculpting-stone\/","name":"PlumBeauty Gua Sha piatr\u0103 (Sculpting Stone) - SHOPATOA.COM","isPartOf":{"@id":"https:\/\/shopatoa.com\/ro\/#website"},"primaryImageOfPage":{"@id":"https:\/\/shopatoa.com\/ro\/plumbeauty-gua-sha-piatra-sculpting-stone\/#primaryimage"},"image":{"@id":"https:\/\/shopatoa.com\/ro\/plumbeauty-gua-sha-piatra-sculpting-stone\/#primaryimage"},"thumbnailUrl":"https:\/\/storage.googleapis.com\/cz-shopatoa-img\/ro\/8a014928-unnamed-file.webp","datePublished":"2025-04-25T21:30:29+00:00","dateModified":"2025-12-12T14:44:06+00:00","breadcrumb":{"@id":"https:\/\/shopatoa.com\/ro\/plumbeauty-gua-sha-piatra-sculpting-stone\/#breadcrumb"},"inLanguage":"ro-RO","potentialAction":[{"@type":"ReadAction","target":["https:\/\/shopatoa.com\/ro\/plumbeauty-gua-sha-piatra-sculpting-stone\/"]}]},{"@type":"ImageObject","inLanguage":"ro-RO","@id":"https:\/\/shopatoa.com\/ro\/plumbeauty-gua-sha-piatra-sculpting-stone\/#primaryimage","url":"https:\/\/storage.googleapis.com\/cz-shopatoa-img\/ro\/8a014928-unnamed-file.webp","contentUrl":"https:\/\/storage.googleapis.com\/cz-shopatoa-img\/ro\/8a014928-unnamed-file.webp","width":800,"height":800},{"@type":"BreadcrumbList","@id":"https:\/\/shopatoa.com\/ro\/plumbeauty-gua-sha-piatra-sculpting-stone\/#breadcrumb","itemListElement":[{"@type":"ListItem","position":1,"name":"Dom\u016f","item":"https:\/\/shopatoa.com\/ro\/"},{"@type":"ListItem","position":2,"name":"Shop","item":"https:\/\/shopatoa.com\/ro\/shop\/"},{"@type":"ListItem","position":3,"name":"Cosmetice","item":"https:\/\/shopatoa.com\/ro\/cosmetice\/"},{"@type":"ListItem","position":4,"name":"Produse cosmetice pentru piele","item":"https:\/\/shopatoa.com\/ro\/produse-cosmetice-pentru-piele\/"},{"@type":"ListItem","position":5,"name":"Dispozitive cosmetice pentru \u00eengrijirea pielii","item":"https:\/\/shopatoa.com\/ro\/dispozitive-cosmetice-pentru-ingrijirea-pielii\/"},{"@type":"ListItem","position":6,"name":"Rollers \u0219i Gua Sha","item":"https:\/\/shopatoa.com\/ro\/rollers-si-gua-sha\/"},{"@type":"ListItem","position":7,"name":"PlumBeauty Gua Sha piatr\u0103 (Sculpting Stone)"}]},{"@type":"WebSite","@id":"https:\/\/shopatoa.com\/ro\/#website","url":"https:\/\/shopatoa.com\/ro\/","name":"SHOPATOA","description":"","publisher":{"@id":"https:\/\/shopatoa.com\/ro\/#organization"},"potentialAction":[{"@type":"SearchAction","target":{"@type":"EntryPoint","urlTemplate":"https:\/\/shopatoa.com\/ro\/?s={search_term_string}"},"query-input":{"@type":"PropertyValueSpecification","valueRequired":true,"valueName":"search_term_string"}}],"inLanguage":"ro-RO"},{"@type":"Organization","@id":"https:\/\/shopatoa.com\/ro\/#organization","name":"SHOPATOA","url":"https:\/\/shopatoa.com\/ro\/","logo":{"@type":"ImageObject","inLanguage":"ro-RO","@id":"https:\/\/shopatoa.com\/ro\/#\/schema\/logo\/image\/","url":"https:\/\/storage.googleapis.com\/cz-shopatoa-img\/ro\/b4dac915-shopatoa_logo.png","contentUrl":"https:\/\/storage.googleapis.com\/cz-shopatoa-img\/ro\/b4dac915-shopatoa_logo.png","width":416,"height":63,"caption":"SHOPATOA"},"image":{"@id":"https:\/\/shopatoa.com\/ro\/#\/schema\/logo\/image\/"}}]}},"_links":{"self":[{"href":"https:\/\/shopatoa.com\/ro\/wp-json\/wp\/v2\/product\/254197","targetHints":{"allow":["GET"]}}],"collection":[{"href":"https:\/\/shopatoa.com\/ro\/wp-json\/wp\/v2\/product"}],"about":[{"href":"https:\/\/shopatoa.com\/ro\/wp-json\/wp\/v2\/types\/product"}],"replies":[{"embeddable":true,"href":"https:\/\/shopatoa.com\/ro\/wp-json\/wp\/v2\/comments?post=254197"}],"wp:featuredmedia":[{"embeddable":true,"href":"https:\/\/shopatoa.com\/ro\/wp-json\/wp\/v2\/media\/254198"}],"wp:attachment":[{"href":"https:\/\/shopatoa.com\/ro\/wp-json\/wp\/v2\/media?parent=254197"}],"wp:term":[{"taxonomy":"product_brand","embeddable":true,"href":"https:\/\/shopatoa.com\/ro\/wp-json\/wp\/v2\/product_brand?post=254197"},{"taxonomy":"product_cat","embeddable":true,"href":"https:\/\/shopatoa.com\/ro\/wp-json\/wp\/v2\/product_cat?post=254197"},{"taxonomy":"product_tag","embeddable":true,"href":"https:\/\/shopatoa.com\/ro\/wp-json\/wp\/v2\/product_tag?post=254197"}],"curies":[{"name":"wp","href":"https:\/\/api.w.org\/{rel}","templated":true}]}}