{"id":254223,"date":"2025-04-25T23:35:53","date_gmt":"2025-04-25T21:35:53","guid":{"rendered":"https:\/\/shopatoa.com\/ro\/plusone-mini-vibrator-de-culoare-roz\/"},"modified":"2025-12-10T07:22:40","modified_gmt":"2025-12-10T06:22:40","slug":"plusone-mini-vibrator-de-culoare-roz","status":"publish","type":"product","link":"https:\/\/shopatoa.com\/ro\/plusone-mini-vibrator-de-culoare-roz\/","title":{"rendered":"PlusOne Mini vibrator de culoare roz"},"content":{"rendered":"<p>Indiferent dac\u0103 alege\u021bi s\u0103 v\u0103 r\u0103sf\u0103\u021ba\u021bi \u00een intimitatea jocului solo sau s\u0103 intensifica\u021bi experien\u021bele al\u0103turi de partener, mini vibratorul va deveni un partener indispensabil. Pornirea dispozitivului \u0219i alegerea dintre cele 10 niveluri de vibra\u021bie se face u\u0219or cu un singur buton. Materialul din silicon de \u00eenalt\u0103 calitate este sigur \u0219i delicat cu corpul. 100% rezistent la ap\u0103, u\u0219or de cur\u0103\u021bat \u0219i ideal pentru utilizarea sub du\u0219 sau \u00een cad\u0103. Mini vibratorul are o suprafa\u021b\u0103 moale \u0219i catifelat\u0103, fabricat din silicon sigur pentru corp, prietenos cu pielea \u0219i nu con\u021bine ftala\u021bi, BPA sau latex. Design compact \u0219i discret \u2013 similar cu dimensiunea unui ruj preferat, se \u00eencadreaz\u0103 perfect \u00een buzunar, f\u0103c\u00e2ndu-l u\u0219or de transportat oriunde. \u00cenc\u0103rcare prin cablu USB.<\/p>\n","protected":false},"excerpt":{"rendered":"<p>Indiferent dac\u0103 alege\u021bi s\u0103 v\u0103 r\u0103sf\u0103\u021ba\u021bi \u00een intimitatea jocului solo sau s\u0103 intensifica\u021bi experien\u021bele al\u0103turi de partener, mini vibratorul va deveni un partener indispensabil. Pornirea dispozitivului \u0219i alegerea dintre cele 10 niveluri de vibra\u021bie se face u\u0219or cu un singur buton. Materialul din silicon de \u00eenalt\u0103 calitate este sigur \u0219i delicat cu corpul. 100% rezistent&#8230;<\/p>\n","protected":false},"featured_media":254224,"comment_status":"closed","ping_status":"open","template":"","meta":{"_acf_changed":false,"_kadence_starter_templates_imported_post":false,"_kad_post_transparent":"","_kad_post_title":"","_kad_post_layout":"","_kad_post_sidebar_id":"","_kad_post_content_style":"","_kad_post_vertical_padding":"","_kad_post_feature":"","_kad_post_feature_position":"","_kad_post_header":false,"_kad_post_footer":false,"_kad_post_classname":""},"product_brand":[520],"product_cat":[246,668,669,611],"product_tag":[],"class_list":{"0":"post-254223","1":"product","2":"type-product","3":"status-publish","4":"has-post-thumbnail","6":"product_brand-plusone","7":"product_cat-cosmetice","8":"product_cat-jucarii-sexy","9":"product_cat-jucarii-si-produse-erotice","10":"product_cat-produse-cosmetice-pentru-corp","12":"first","13":"instock","14":"product-type-external","15":"entry","16":"content-bg","17":"loop-entry"},"acf":[],"yoast_head":"<!-- This site is optimized with the Yoast SEO plugin v27.4 - https:\/\/yoast.com\/product\/yoast-seo-wordpress\/ -->\n<title>PlusOne Mini vibrator de culoare roz - SHOPATOA.COM<\/title>\n<meta name=\"robots\" content=\"index, follow, max-snippet:-1, max-image-preview:large, max-video-preview:-1\" \/>\n<link rel=\"canonical\" href=\"https:\/\/shopatoa.com\/ro\/plusone-mini-vibrator-de-culoare-roz\/\" \/>\n<meta property=\"og:locale\" content=\"ro_RO\" \/>\n<meta property=\"og:type\" content=\"article\" \/>\n<meta property=\"og:title\" content=\"PlusOne Mini vibrator de culoare roz - SHOPATOA.COM\" \/>\n<meta property=\"og:description\" content=\"Indiferent dac\u0103 alege\u021bi s\u0103 v\u0103 r\u0103sf\u0103\u021ba\u021bi \u00een intimitatea jocului solo sau s\u0103 intensifica\u021bi experien\u021bele al\u0103turi de partener, mini vibratorul va deveni un partener indispensabil. Pornirea dispozitivului \u0219i alegerea dintre cele 10 niveluri de vibra\u021bie se face u\u0219or cu un singur buton. Materialul din silicon de \u00eenalt\u0103 calitate este sigur \u0219i delicat cu corpul. 100% rezistent...\" \/>\n<meta property=\"og:url\" content=\"https:\/\/shopatoa.com\/ro\/plusone-mini-vibrator-de-culoare-roz\/\" \/>\n<meta property=\"og:site_name\" content=\"SHOPATOA\" \/>\n<meta property=\"article:modified_time\" content=\"2025-12-10T06:22:40+00:00\" \/>\n<meta property=\"og:image\" content=\"https:\/\/storage.googleapis.com\/cz-shopatoa-img\/ro\/b07ada63-unnamed-file.webp\" \/>\n\t<meta property=\"og:image:width\" content=\"800\" \/>\n\t<meta property=\"og:image:height\" content=\"800\" \/>\n\t<meta property=\"og:image:type\" content=\"image\/webp\" \/>\n<meta name=\"twitter:card\" content=\"summary_large_image\" \/>\n<meta name=\"twitter:label1\" content=\"Timp estimat pentru citire\" \/>\n\t<meta name=\"twitter:data1\" content=\"1 minut\" \/>\n<script type=\"application\/ld+json\" class=\"yoast-schema-graph\">{\"@context\":\"https:\\\/\\\/schema.org\",\"@graph\":[{\"@type\":\"WebPage\",\"@id\":\"https:\\\/\\\/shopatoa.com\\\/ro\\\/plusone-mini-vibrator-de-culoare-roz\\\/\",\"url\":\"https:\\\/\\\/shopatoa.com\\\/ro\\\/plusone-mini-vibrator-de-culoare-roz\\\/\",\"name\":\"PlusOne Mini vibrator de culoare roz - SHOPATOA.COM\",\"isPartOf\":{\"@id\":\"https:\\\/\\\/shopatoa.com\\\/ro\\\/#website\"},\"primaryImageOfPage\":{\"@id\":\"https:\\\/\\\/shopatoa.com\\\/ro\\\/plusone-mini-vibrator-de-culoare-roz\\\/#primaryimage\"},\"image\":{\"@id\":\"https:\\\/\\\/shopatoa.com\\\/ro\\\/plusone-mini-vibrator-de-culoare-roz\\\/#primaryimage\"},\"thumbnailUrl\":\"https:\\\/\\\/storage.googleapis.com\\\/cz-shopatoa-img\\\/ro\\\/b07ada63-unnamed-file.webp\",\"datePublished\":\"2025-04-25T21:35:53+00:00\",\"dateModified\":\"2025-12-10T06:22:40+00:00\",\"breadcrumb\":{\"@id\":\"https:\\\/\\\/shopatoa.com\\\/ro\\\/plusone-mini-vibrator-de-culoare-roz\\\/#breadcrumb\"},\"inLanguage\":\"ro-RO\",\"potentialAction\":[{\"@type\":\"ReadAction\",\"target\":[\"https:\\\/\\\/shopatoa.com\\\/ro\\\/plusone-mini-vibrator-de-culoare-roz\\\/\"]}]},{\"@type\":\"ImageObject\",\"inLanguage\":\"ro-RO\",\"@id\":\"https:\\\/\\\/shopatoa.com\\\/ro\\\/plusone-mini-vibrator-de-culoare-roz\\\/#primaryimage\",\"url\":\"https:\\\/\\\/storage.googleapis.com\\\/cz-shopatoa-img\\\/ro\\\/b07ada63-unnamed-file.webp\",\"contentUrl\":\"https:\\\/\\\/storage.googleapis.com\\\/cz-shopatoa-img\\\/ro\\\/b07ada63-unnamed-file.webp\",\"width\":800,\"height\":800},{\"@type\":\"BreadcrumbList\",\"@id\":\"https:\\\/\\\/shopatoa.com\\\/ro\\\/plusone-mini-vibrator-de-culoare-roz\\\/#breadcrumb\",\"itemListElement\":[{\"@type\":\"ListItem\",\"position\":1,\"name\":\"Dom\u016f\",\"item\":\"https:\\\/\\\/shopatoa.com\\\/ro\\\/\"},{\"@type\":\"ListItem\",\"position\":2,\"name\":\"Shop\",\"item\":\"https:\\\/\\\/shopatoa.com\\\/ro\\\/shop\\\/\"},{\"@type\":\"ListItem\",\"position\":3,\"name\":\"Cosmetice\",\"item\":\"https:\\\/\\\/shopatoa.com\\\/ro\\\/cosmetice\\\/\"},{\"@type\":\"ListItem\",\"position\":4,\"name\":\"Produse cosmetice pentru corp\",\"item\":\"https:\\\/\\\/shopatoa.com\\\/ro\\\/produse-cosmetice-pentru-corp\\\/\"},{\"@type\":\"ListItem\",\"position\":5,\"name\":\"Juc\u0103rii sexy\",\"item\":\"https:\\\/\\\/shopatoa.com\\\/ro\\\/jucarii-sexy\\\/\"},{\"@type\":\"ListItem\",\"position\":6,\"name\":\"Juc\u0103rii si produse erotice\",\"item\":\"https:\\\/\\\/shopatoa.com\\\/ro\\\/jucarii-si-produse-erotice\\\/\"},{\"@type\":\"ListItem\",\"position\":7,\"name\":\"PlusOne Mini vibrator de culoare roz\"}]},{\"@type\":\"WebSite\",\"@id\":\"https:\\\/\\\/shopatoa.com\\\/ro\\\/#website\",\"url\":\"https:\\\/\\\/shopatoa.com\\\/ro\\\/\",\"name\":\"SHOPATOA\",\"description\":\"\",\"publisher\":{\"@id\":\"https:\\\/\\\/shopatoa.com\\\/ro\\\/#organization\"},\"potentialAction\":[{\"@type\":\"SearchAction\",\"target\":{\"@type\":\"EntryPoint\",\"urlTemplate\":\"https:\\\/\\\/shopatoa.com\\\/ro\\\/?s={search_term_string}\"},\"query-input\":{\"@type\":\"PropertyValueSpecification\",\"valueRequired\":true,\"valueName\":\"search_term_string\"}}],\"inLanguage\":\"ro-RO\"},{\"@type\":\"Organization\",\"@id\":\"https:\\\/\\\/shopatoa.com\\\/ro\\\/#organization\",\"name\":\"SHOPATOA\",\"url\":\"https:\\\/\\\/shopatoa.com\\\/ro\\\/\",\"logo\":{\"@type\":\"ImageObject\",\"inLanguage\":\"ro-RO\",\"@id\":\"https:\\\/\\\/shopatoa.com\\\/ro\\\/#\\\/schema\\\/logo\\\/image\\\/\",\"url\":\"https:\\\/\\\/storage.googleapis.com\\\/cz-shopatoa-img\\\/ro\\\/b4dac915-shopatoa_logo.png\",\"contentUrl\":\"https:\\\/\\\/storage.googleapis.com\\\/cz-shopatoa-img\\\/ro\\\/b4dac915-shopatoa_logo.png\",\"width\":416,\"height\":63,\"caption\":\"SHOPATOA\"},\"image\":{\"@id\":\"https:\\\/\\\/shopatoa.com\\\/ro\\\/#\\\/schema\\\/logo\\\/image\\\/\"}}]}<\/script>\n<!-- \/ Yoast SEO plugin. -->","yoast_head_json":{"title":"PlusOne Mini vibrator de culoare roz - SHOPATOA.COM","robots":{"index":"index","follow":"follow","max-snippet":"max-snippet:-1","max-image-preview":"max-image-preview:large","max-video-preview":"max-video-preview:-1"},"canonical":"https:\/\/shopatoa.com\/ro\/plusone-mini-vibrator-de-culoare-roz\/","og_locale":"ro_RO","og_type":"article","og_title":"PlusOne Mini vibrator de culoare roz - SHOPATOA.COM","og_description":"Indiferent dac\u0103 alege\u021bi s\u0103 v\u0103 r\u0103sf\u0103\u021ba\u021bi \u00een intimitatea jocului solo sau s\u0103 intensifica\u021bi experien\u021bele al\u0103turi de partener, mini vibratorul va deveni un partener indispensabil. Pornirea dispozitivului \u0219i alegerea dintre cele 10 niveluri de vibra\u021bie se face u\u0219or cu un singur buton. Materialul din silicon de \u00eenalt\u0103 calitate este sigur \u0219i delicat cu corpul. 100% rezistent...","og_url":"https:\/\/shopatoa.com\/ro\/plusone-mini-vibrator-de-culoare-roz\/","og_site_name":"SHOPATOA","article_modified_time":"2025-12-10T06:22:40+00:00","og_image":[{"width":800,"height":800,"url":"https:\/\/storage.googleapis.com\/cz-shopatoa-img\/ro\/b07ada63-unnamed-file.webp","type":"image\/webp"}],"twitter_card":"summary_large_image","twitter_misc":{"Timp estimat pentru citire":"1 minut"},"schema":{"@context":"https:\/\/schema.org","@graph":[{"@type":"WebPage","@id":"https:\/\/shopatoa.com\/ro\/plusone-mini-vibrator-de-culoare-roz\/","url":"https:\/\/shopatoa.com\/ro\/plusone-mini-vibrator-de-culoare-roz\/","name":"PlusOne Mini vibrator de culoare roz - SHOPATOA.COM","isPartOf":{"@id":"https:\/\/shopatoa.com\/ro\/#website"},"primaryImageOfPage":{"@id":"https:\/\/shopatoa.com\/ro\/plusone-mini-vibrator-de-culoare-roz\/#primaryimage"},"image":{"@id":"https:\/\/shopatoa.com\/ro\/plusone-mini-vibrator-de-culoare-roz\/#primaryimage"},"thumbnailUrl":"https:\/\/storage.googleapis.com\/cz-shopatoa-img\/ro\/b07ada63-unnamed-file.webp","datePublished":"2025-04-25T21:35:53+00:00","dateModified":"2025-12-10T06:22:40+00:00","breadcrumb":{"@id":"https:\/\/shopatoa.com\/ro\/plusone-mini-vibrator-de-culoare-roz\/#breadcrumb"},"inLanguage":"ro-RO","potentialAction":[{"@type":"ReadAction","target":["https:\/\/shopatoa.com\/ro\/plusone-mini-vibrator-de-culoare-roz\/"]}]},{"@type":"ImageObject","inLanguage":"ro-RO","@id":"https:\/\/shopatoa.com\/ro\/plusone-mini-vibrator-de-culoare-roz\/#primaryimage","url":"https:\/\/storage.googleapis.com\/cz-shopatoa-img\/ro\/b07ada63-unnamed-file.webp","contentUrl":"https:\/\/storage.googleapis.com\/cz-shopatoa-img\/ro\/b07ada63-unnamed-file.webp","width":800,"height":800},{"@type":"BreadcrumbList","@id":"https:\/\/shopatoa.com\/ro\/plusone-mini-vibrator-de-culoare-roz\/#breadcrumb","itemListElement":[{"@type":"ListItem","position":1,"name":"Dom\u016f","item":"https:\/\/shopatoa.com\/ro\/"},{"@type":"ListItem","position":2,"name":"Shop","item":"https:\/\/shopatoa.com\/ro\/shop\/"},{"@type":"ListItem","position":3,"name":"Cosmetice","item":"https:\/\/shopatoa.com\/ro\/cosmetice\/"},{"@type":"ListItem","position":4,"name":"Produse cosmetice pentru corp","item":"https:\/\/shopatoa.com\/ro\/produse-cosmetice-pentru-corp\/"},{"@type":"ListItem","position":5,"name":"Juc\u0103rii sexy","item":"https:\/\/shopatoa.com\/ro\/jucarii-sexy\/"},{"@type":"ListItem","position":6,"name":"Juc\u0103rii si produse erotice","item":"https:\/\/shopatoa.com\/ro\/jucarii-si-produse-erotice\/"},{"@type":"ListItem","position":7,"name":"PlusOne Mini vibrator de culoare roz"}]},{"@type":"WebSite","@id":"https:\/\/shopatoa.com\/ro\/#website","url":"https:\/\/shopatoa.com\/ro\/","name":"SHOPATOA","description":"","publisher":{"@id":"https:\/\/shopatoa.com\/ro\/#organization"},"potentialAction":[{"@type":"SearchAction","target":{"@type":"EntryPoint","urlTemplate":"https:\/\/shopatoa.com\/ro\/?s={search_term_string}"},"query-input":{"@type":"PropertyValueSpecification","valueRequired":true,"valueName":"search_term_string"}}],"inLanguage":"ro-RO"},{"@type":"Organization","@id":"https:\/\/shopatoa.com\/ro\/#organization","name":"SHOPATOA","url":"https:\/\/shopatoa.com\/ro\/","logo":{"@type":"ImageObject","inLanguage":"ro-RO","@id":"https:\/\/shopatoa.com\/ro\/#\/schema\/logo\/image\/","url":"https:\/\/storage.googleapis.com\/cz-shopatoa-img\/ro\/b4dac915-shopatoa_logo.png","contentUrl":"https:\/\/storage.googleapis.com\/cz-shopatoa-img\/ro\/b4dac915-shopatoa_logo.png","width":416,"height":63,"caption":"SHOPATOA"},"image":{"@id":"https:\/\/shopatoa.com\/ro\/#\/schema\/logo\/image\/"}}]}},"_links":{"self":[{"href":"https:\/\/shopatoa.com\/ro\/wp-json\/wp\/v2\/product\/254223","targetHints":{"allow":["GET"]}}],"collection":[{"href":"https:\/\/shopatoa.com\/ro\/wp-json\/wp\/v2\/product"}],"about":[{"href":"https:\/\/shopatoa.com\/ro\/wp-json\/wp\/v2\/types\/product"}],"replies":[{"embeddable":true,"href":"https:\/\/shopatoa.com\/ro\/wp-json\/wp\/v2\/comments?post=254223"}],"wp:featuredmedia":[{"embeddable":true,"href":"https:\/\/shopatoa.com\/ro\/wp-json\/wp\/v2\/media\/254224"}],"wp:attachment":[{"href":"https:\/\/shopatoa.com\/ro\/wp-json\/wp\/v2\/media?parent=254223"}],"wp:term":[{"taxonomy":"product_brand","embeddable":true,"href":"https:\/\/shopatoa.com\/ro\/wp-json\/wp\/v2\/product_brand?post=254223"},{"taxonomy":"product_cat","embeddable":true,"href":"https:\/\/shopatoa.com\/ro\/wp-json\/wp\/v2\/product_cat?post=254223"},{"taxonomy":"product_tag","embeddable":true,"href":"https:\/\/shopatoa.com\/ro\/wp-json\/wp\/v2\/product_tag?post=254223"}],"curies":[{"name":"wp","href":"https:\/\/api.w.org\/{rel}","templated":true}]}}