{"id":254517,"date":"2025-04-26T00:46:15","date_gmt":"2025-04-25T22:46:15","guid":{"rendered":"https:\/\/shopatoa.com\/ro\/naif-servetele-umede-cu-aloe-vera-pentru-copii-si-bebelusi-baby-kids-lotion-wipes-3-x-54-buc\/"},"modified":"2025-12-10T06:35:42","modified_gmt":"2025-12-10T05:35:42","slug":"naif-servetele-umede-cu-aloe-vera-pentru-copii-si-bebelusi-baby-kids-lotion-wipes-3-x-54-buc","status":"publish","type":"product","link":"https:\/\/shopatoa.com\/ro\/naif-servetele-umede-cu-aloe-vera-pentru-copii-si-bebelusi-baby-kids-lotion-wipes-3-x-54-buc\/","title":{"rendered":"NA\u00cfF \u0218erve\u021bele umede cu Aloe Vera pentru copii si bebelu\u0219i Baby &amp; Kids (Lotion Wipes) 3 x 54 buc"},"content":{"rendered":"<p>\u0218erve\u021belele umede pentru copii, un ajutor ideal nu doar la schimbarea scutecelor, potrivite pentru cur\u0103\u021barea m\u00e2inilor sau a fe\u021bei celor mai mici, sunt \u0219i practice pentru c\u0103l\u0103torii. Cur\u0103\u021b\u0103 delicat pielea delicat\u0103 \u0219i sensibil\u0103 a copiilor \u0219i bebelu\u0219ilor f\u0103r\u0103 irita\u021bii, potrivit\u0103 pentru utilizare \u00eenc\u0103 de la na\u0219tere \u0219i pentru pielea extrem de sensibil\u0103. \u0218erve\u021belele con\u021bin ingrediente de \u00eengrijire precum glicerina vegetal\u0103, aloe vera \u0219i extracte de bambus, sunt f\u0103r\u0103 alcool \u0219i parfum. \u0218erve\u021belele sunt testate dermatologic, fabricate din pulp\u0103 de eucalipt prelucrat\u0103 natural \u0219i nu con\u021bin materiale plastice, uleiuri minerale, parabeni, PEG \u0219i agen\u021bi de spumare sintetici, SLS\/SLES, fenoxietanol, conservan\u021bi chimici, uleiuri esen\u021biale sau alte substan\u021be poten\u021bial nocive sau alergene.<\/p>\n","protected":false},"excerpt":{"rendered":"<p>\u0218erve\u021belele umede pentru copii, un ajutor ideal nu doar la schimbarea scutecelor, potrivite pentru cur\u0103\u021barea m\u00e2inilor sau a fe\u021bei celor mai mici, sunt \u0219i practice pentru c\u0103l\u0103torii. Cur\u0103\u021b\u0103 delicat pielea delicat\u0103 \u0219i sensibil\u0103 a copiilor \u0219i bebelu\u0219ilor f\u0103r\u0103 irita\u021bii, potrivit\u0103 pentru utilizare \u00eenc\u0103 de la na\u0219tere \u0219i pentru pielea extrem de sensibil\u0103. \u0218erve\u021belele con\u021bin ingrediente&#8230;<\/p>\n","protected":false},"featured_media":254518,"comment_status":"closed","ping_status":"open","template":"","meta":{"_acf_changed":false,"_kadence_starter_templates_imported_post":false,"_kad_post_transparent":"","_kad_post_title":"","_kad_post_layout":"","_kad_post_sidebar_id":"","_kad_post_content_style":"","_kad_post_vertical_padding":"","_kad_post_feature":"","_kad_post_feature_position":"","_kad_post_header":false,"_kad_post_footer":false,"_kad_post_classname":""},"product_brand":[543],"product_cat":[612,246,611],"product_tag":[],"class_list":{"0":"post-254517","1":"product","2":"type-product","3":"status-publish","4":"has-post-thumbnail","6":"product_brand-naif","7":"product_cat-cosmetica-pentru-ingrijirea-corpului","8":"product_cat-cosmetice","9":"product_cat-produse-cosmetice-pentru-corp","11":"first","12":"instock","13":"product-type-external","14":"entry","15":"content-bg","16":"loop-entry"},"acf":[],"yoast_head":"<!-- This site is optimized with the Yoast SEO plugin v27.4 - https:\/\/yoast.com\/product\/yoast-seo-wordpress\/ -->\n<title>NA\u00cfF \u0218erve\u021bele umede cu Aloe Vera pentru copii si bebelu\u0219i Baby &amp; Kids (Lotion Wipes) 3 x 54 buc - SHOPATOA.COM<\/title>\n<meta name=\"robots\" content=\"index, follow, max-snippet:-1, max-image-preview:large, max-video-preview:-1\" \/>\n<link rel=\"canonical\" href=\"https:\/\/shopatoa.com\/ro\/naif-servetele-umede-cu-aloe-vera-pentru-copii-si-bebelusi-baby-kids-lotion-wipes-3-x-54-buc\/\" \/>\n<meta property=\"og:locale\" content=\"ro_RO\" \/>\n<meta property=\"og:type\" content=\"article\" \/>\n<meta property=\"og:title\" content=\"NA\u00cfF \u0218erve\u021bele umede cu Aloe Vera pentru copii si bebelu\u0219i Baby &amp; Kids (Lotion Wipes) 3 x 54 buc - SHOPATOA.COM\" \/>\n<meta property=\"og:description\" content=\"\u0218erve\u021belele umede pentru copii, un ajutor ideal nu doar la schimbarea scutecelor, potrivite pentru cur\u0103\u021barea m\u00e2inilor sau a fe\u021bei celor mai mici, sunt \u0219i practice pentru c\u0103l\u0103torii. Cur\u0103\u021b\u0103 delicat pielea delicat\u0103 \u0219i sensibil\u0103 a copiilor \u0219i bebelu\u0219ilor f\u0103r\u0103 irita\u021bii, potrivit\u0103 pentru utilizare \u00eenc\u0103 de la na\u0219tere \u0219i pentru pielea extrem de sensibil\u0103. \u0218erve\u021belele con\u021bin ingrediente...\" \/>\n<meta property=\"og:url\" content=\"https:\/\/shopatoa.com\/ro\/naif-servetele-umede-cu-aloe-vera-pentru-copii-si-bebelusi-baby-kids-lotion-wipes-3-x-54-buc\/\" \/>\n<meta property=\"og:site_name\" content=\"SHOPATOA\" \/>\n<meta property=\"article:modified_time\" content=\"2025-12-10T05:35:42+00:00\" \/>\n<meta property=\"og:image\" content=\"https:\/\/storage.googleapis.com\/cz-shopatoa-img\/ro\/d805186e-unnamed-file.webp\" \/>\n\t<meta property=\"og:image:width\" content=\"800\" \/>\n\t<meta property=\"og:image:height\" content=\"800\" \/>\n\t<meta property=\"og:image:type\" content=\"image\/webp\" \/>\n<meta name=\"twitter:card\" content=\"summary_large_image\" \/>\n<meta name=\"twitter:label1\" content=\"Timp estimat pentru citire\" \/>\n\t<meta name=\"twitter:data1\" content=\"1 minut\" \/>\n<script type=\"application\/ld+json\" class=\"yoast-schema-graph\">{\"@context\":\"https:\\\/\\\/schema.org\",\"@graph\":[{\"@type\":\"WebPage\",\"@id\":\"https:\\\/\\\/shopatoa.com\\\/ro\\\/naif-servetele-umede-cu-aloe-vera-pentru-copii-si-bebelusi-baby-kids-lotion-wipes-3-x-54-buc\\\/\",\"url\":\"https:\\\/\\\/shopatoa.com\\\/ro\\\/naif-servetele-umede-cu-aloe-vera-pentru-copii-si-bebelusi-baby-kids-lotion-wipes-3-x-54-buc\\\/\",\"name\":\"NA\u00cfF \u0218erve\u021bele umede cu Aloe Vera pentru copii si bebelu\u0219i Baby & Kids (Lotion Wipes) 3 x 54 buc - SHOPATOA.COM\",\"isPartOf\":{\"@id\":\"https:\\\/\\\/shopatoa.com\\\/ro\\\/#website\"},\"primaryImageOfPage\":{\"@id\":\"https:\\\/\\\/shopatoa.com\\\/ro\\\/naif-servetele-umede-cu-aloe-vera-pentru-copii-si-bebelusi-baby-kids-lotion-wipes-3-x-54-buc\\\/#primaryimage\"},\"image\":{\"@id\":\"https:\\\/\\\/shopatoa.com\\\/ro\\\/naif-servetele-umede-cu-aloe-vera-pentru-copii-si-bebelusi-baby-kids-lotion-wipes-3-x-54-buc\\\/#primaryimage\"},\"thumbnailUrl\":\"https:\\\/\\\/storage.googleapis.com\\\/cz-shopatoa-img\\\/ro\\\/d805186e-unnamed-file.webp\",\"datePublished\":\"2025-04-25T22:46:15+00:00\",\"dateModified\":\"2025-12-10T05:35:42+00:00\",\"breadcrumb\":{\"@id\":\"https:\\\/\\\/shopatoa.com\\\/ro\\\/naif-servetele-umede-cu-aloe-vera-pentru-copii-si-bebelusi-baby-kids-lotion-wipes-3-x-54-buc\\\/#breadcrumb\"},\"inLanguage\":\"ro-RO\",\"potentialAction\":[{\"@type\":\"ReadAction\",\"target\":[\"https:\\\/\\\/shopatoa.com\\\/ro\\\/naif-servetele-umede-cu-aloe-vera-pentru-copii-si-bebelusi-baby-kids-lotion-wipes-3-x-54-buc\\\/\"]}]},{\"@type\":\"ImageObject\",\"inLanguage\":\"ro-RO\",\"@id\":\"https:\\\/\\\/shopatoa.com\\\/ro\\\/naif-servetele-umede-cu-aloe-vera-pentru-copii-si-bebelusi-baby-kids-lotion-wipes-3-x-54-buc\\\/#primaryimage\",\"url\":\"https:\\\/\\\/storage.googleapis.com\\\/cz-shopatoa-img\\\/ro\\\/d805186e-unnamed-file.webp\",\"contentUrl\":\"https:\\\/\\\/storage.googleapis.com\\\/cz-shopatoa-img\\\/ro\\\/d805186e-unnamed-file.webp\",\"width\":800,\"height\":800},{\"@type\":\"BreadcrumbList\",\"@id\":\"https:\\\/\\\/shopatoa.com\\\/ro\\\/naif-servetele-umede-cu-aloe-vera-pentru-copii-si-bebelusi-baby-kids-lotion-wipes-3-x-54-buc\\\/#breadcrumb\",\"itemListElement\":[{\"@type\":\"ListItem\",\"position\":1,\"name\":\"Dom\u016f\",\"item\":\"https:\\\/\\\/shopatoa.com\\\/ro\\\/\"},{\"@type\":\"ListItem\",\"position\":2,\"name\":\"Shop\",\"item\":\"https:\\\/\\\/shopatoa.com\\\/ro\\\/shop\\\/\"},{\"@type\":\"ListItem\",\"position\":3,\"name\":\"Cosmetice\",\"item\":\"https:\\\/\\\/shopatoa.com\\\/ro\\\/cosmetice\\\/\"},{\"@type\":\"ListItem\",\"position\":4,\"name\":\"Produse cosmetice pentru corp\",\"item\":\"https:\\\/\\\/shopatoa.com\\\/ro\\\/produse-cosmetice-pentru-corp\\\/\"},{\"@type\":\"ListItem\",\"position\":5,\"name\":\"Cosmetica pentru \u00eengrijirea corpului\",\"item\":\"https:\\\/\\\/shopatoa.com\\\/ro\\\/cosmetica-pentru-ingrijirea-corpului\\\/\"},{\"@type\":\"ListItem\",\"position\":6,\"name\":\"NA\u00cfF \u0218erve\u021bele umede cu Aloe Vera pentru copii si bebelu\u0219i Baby &amp; Kids (Lotion Wipes) 3 x 54 buc\"}]},{\"@type\":\"WebSite\",\"@id\":\"https:\\\/\\\/shopatoa.com\\\/ro\\\/#website\",\"url\":\"https:\\\/\\\/shopatoa.com\\\/ro\\\/\",\"name\":\"SHOPATOA\",\"description\":\"\",\"publisher\":{\"@id\":\"https:\\\/\\\/shopatoa.com\\\/ro\\\/#organization\"},\"potentialAction\":[{\"@type\":\"SearchAction\",\"target\":{\"@type\":\"EntryPoint\",\"urlTemplate\":\"https:\\\/\\\/shopatoa.com\\\/ro\\\/?s={search_term_string}\"},\"query-input\":{\"@type\":\"PropertyValueSpecification\",\"valueRequired\":true,\"valueName\":\"search_term_string\"}}],\"inLanguage\":\"ro-RO\"},{\"@type\":\"Organization\",\"@id\":\"https:\\\/\\\/shopatoa.com\\\/ro\\\/#organization\",\"name\":\"SHOPATOA\",\"url\":\"https:\\\/\\\/shopatoa.com\\\/ro\\\/\",\"logo\":{\"@type\":\"ImageObject\",\"inLanguage\":\"ro-RO\",\"@id\":\"https:\\\/\\\/shopatoa.com\\\/ro\\\/#\\\/schema\\\/logo\\\/image\\\/\",\"url\":\"https:\\\/\\\/storage.googleapis.com\\\/cz-shopatoa-img\\\/ro\\\/b4dac915-shopatoa_logo.png\",\"contentUrl\":\"https:\\\/\\\/storage.googleapis.com\\\/cz-shopatoa-img\\\/ro\\\/b4dac915-shopatoa_logo.png\",\"width\":416,\"height\":63,\"caption\":\"SHOPATOA\"},\"image\":{\"@id\":\"https:\\\/\\\/shopatoa.com\\\/ro\\\/#\\\/schema\\\/logo\\\/image\\\/\"}}]}<\/script>\n<!-- \/ Yoast SEO plugin. -->","yoast_head_json":{"title":"NA\u00cfF \u0218erve\u021bele umede cu Aloe Vera pentru copii si bebelu\u0219i Baby & Kids (Lotion Wipes) 3 x 54 buc - SHOPATOA.COM","robots":{"index":"index","follow":"follow","max-snippet":"max-snippet:-1","max-image-preview":"max-image-preview:large","max-video-preview":"max-video-preview:-1"},"canonical":"https:\/\/shopatoa.com\/ro\/naif-servetele-umede-cu-aloe-vera-pentru-copii-si-bebelusi-baby-kids-lotion-wipes-3-x-54-buc\/","og_locale":"ro_RO","og_type":"article","og_title":"NA\u00cfF \u0218erve\u021bele umede cu Aloe Vera pentru copii si bebelu\u0219i Baby & Kids (Lotion Wipes) 3 x 54 buc - SHOPATOA.COM","og_description":"\u0218erve\u021belele umede pentru copii, un ajutor ideal nu doar la schimbarea scutecelor, potrivite pentru cur\u0103\u021barea m\u00e2inilor sau a fe\u021bei celor mai mici, sunt \u0219i practice pentru c\u0103l\u0103torii. Cur\u0103\u021b\u0103 delicat pielea delicat\u0103 \u0219i sensibil\u0103 a copiilor \u0219i bebelu\u0219ilor f\u0103r\u0103 irita\u021bii, potrivit\u0103 pentru utilizare \u00eenc\u0103 de la na\u0219tere \u0219i pentru pielea extrem de sensibil\u0103. \u0218erve\u021belele con\u021bin ingrediente...","og_url":"https:\/\/shopatoa.com\/ro\/naif-servetele-umede-cu-aloe-vera-pentru-copii-si-bebelusi-baby-kids-lotion-wipes-3-x-54-buc\/","og_site_name":"SHOPATOA","article_modified_time":"2025-12-10T05:35:42+00:00","og_image":[{"width":800,"height":800,"url":"https:\/\/storage.googleapis.com\/cz-shopatoa-img\/ro\/d805186e-unnamed-file.webp","type":"image\/webp"}],"twitter_card":"summary_large_image","twitter_misc":{"Timp estimat pentru citire":"1 minut"},"schema":{"@context":"https:\/\/schema.org","@graph":[{"@type":"WebPage","@id":"https:\/\/shopatoa.com\/ro\/naif-servetele-umede-cu-aloe-vera-pentru-copii-si-bebelusi-baby-kids-lotion-wipes-3-x-54-buc\/","url":"https:\/\/shopatoa.com\/ro\/naif-servetele-umede-cu-aloe-vera-pentru-copii-si-bebelusi-baby-kids-lotion-wipes-3-x-54-buc\/","name":"NA\u00cfF \u0218erve\u021bele umede cu Aloe Vera pentru copii si bebelu\u0219i Baby & Kids (Lotion Wipes) 3 x 54 buc - SHOPATOA.COM","isPartOf":{"@id":"https:\/\/shopatoa.com\/ro\/#website"},"primaryImageOfPage":{"@id":"https:\/\/shopatoa.com\/ro\/naif-servetele-umede-cu-aloe-vera-pentru-copii-si-bebelusi-baby-kids-lotion-wipes-3-x-54-buc\/#primaryimage"},"image":{"@id":"https:\/\/shopatoa.com\/ro\/naif-servetele-umede-cu-aloe-vera-pentru-copii-si-bebelusi-baby-kids-lotion-wipes-3-x-54-buc\/#primaryimage"},"thumbnailUrl":"https:\/\/storage.googleapis.com\/cz-shopatoa-img\/ro\/d805186e-unnamed-file.webp","datePublished":"2025-04-25T22:46:15+00:00","dateModified":"2025-12-10T05:35:42+00:00","breadcrumb":{"@id":"https:\/\/shopatoa.com\/ro\/naif-servetele-umede-cu-aloe-vera-pentru-copii-si-bebelusi-baby-kids-lotion-wipes-3-x-54-buc\/#breadcrumb"},"inLanguage":"ro-RO","potentialAction":[{"@type":"ReadAction","target":["https:\/\/shopatoa.com\/ro\/naif-servetele-umede-cu-aloe-vera-pentru-copii-si-bebelusi-baby-kids-lotion-wipes-3-x-54-buc\/"]}]},{"@type":"ImageObject","inLanguage":"ro-RO","@id":"https:\/\/shopatoa.com\/ro\/naif-servetele-umede-cu-aloe-vera-pentru-copii-si-bebelusi-baby-kids-lotion-wipes-3-x-54-buc\/#primaryimage","url":"https:\/\/storage.googleapis.com\/cz-shopatoa-img\/ro\/d805186e-unnamed-file.webp","contentUrl":"https:\/\/storage.googleapis.com\/cz-shopatoa-img\/ro\/d805186e-unnamed-file.webp","width":800,"height":800},{"@type":"BreadcrumbList","@id":"https:\/\/shopatoa.com\/ro\/naif-servetele-umede-cu-aloe-vera-pentru-copii-si-bebelusi-baby-kids-lotion-wipes-3-x-54-buc\/#breadcrumb","itemListElement":[{"@type":"ListItem","position":1,"name":"Dom\u016f","item":"https:\/\/shopatoa.com\/ro\/"},{"@type":"ListItem","position":2,"name":"Shop","item":"https:\/\/shopatoa.com\/ro\/shop\/"},{"@type":"ListItem","position":3,"name":"Cosmetice","item":"https:\/\/shopatoa.com\/ro\/cosmetice\/"},{"@type":"ListItem","position":4,"name":"Produse cosmetice pentru corp","item":"https:\/\/shopatoa.com\/ro\/produse-cosmetice-pentru-corp\/"},{"@type":"ListItem","position":5,"name":"Cosmetica pentru \u00eengrijirea corpului","item":"https:\/\/shopatoa.com\/ro\/cosmetica-pentru-ingrijirea-corpului\/"},{"@type":"ListItem","position":6,"name":"NA\u00cfF \u0218erve\u021bele umede cu Aloe Vera pentru copii si bebelu\u0219i Baby &amp; Kids (Lotion Wipes) 3 x 54 buc"}]},{"@type":"WebSite","@id":"https:\/\/shopatoa.com\/ro\/#website","url":"https:\/\/shopatoa.com\/ro\/","name":"SHOPATOA","description":"","publisher":{"@id":"https:\/\/shopatoa.com\/ro\/#organization"},"potentialAction":[{"@type":"SearchAction","target":{"@type":"EntryPoint","urlTemplate":"https:\/\/shopatoa.com\/ro\/?s={search_term_string}"},"query-input":{"@type":"PropertyValueSpecification","valueRequired":true,"valueName":"search_term_string"}}],"inLanguage":"ro-RO"},{"@type":"Organization","@id":"https:\/\/shopatoa.com\/ro\/#organization","name":"SHOPATOA","url":"https:\/\/shopatoa.com\/ro\/","logo":{"@type":"ImageObject","inLanguage":"ro-RO","@id":"https:\/\/shopatoa.com\/ro\/#\/schema\/logo\/image\/","url":"https:\/\/storage.googleapis.com\/cz-shopatoa-img\/ro\/b4dac915-shopatoa_logo.png","contentUrl":"https:\/\/storage.googleapis.com\/cz-shopatoa-img\/ro\/b4dac915-shopatoa_logo.png","width":416,"height":63,"caption":"SHOPATOA"},"image":{"@id":"https:\/\/shopatoa.com\/ro\/#\/schema\/logo\/image\/"}}]}},"_links":{"self":[{"href":"https:\/\/shopatoa.com\/ro\/wp-json\/wp\/v2\/product\/254517","targetHints":{"allow":["GET"]}}],"collection":[{"href":"https:\/\/shopatoa.com\/ro\/wp-json\/wp\/v2\/product"}],"about":[{"href":"https:\/\/shopatoa.com\/ro\/wp-json\/wp\/v2\/types\/product"}],"replies":[{"embeddable":true,"href":"https:\/\/shopatoa.com\/ro\/wp-json\/wp\/v2\/comments?post=254517"}],"wp:featuredmedia":[{"embeddable":true,"href":"https:\/\/shopatoa.com\/ro\/wp-json\/wp\/v2\/media\/254518"}],"wp:attachment":[{"href":"https:\/\/shopatoa.com\/ro\/wp-json\/wp\/v2\/media?parent=254517"}],"wp:term":[{"taxonomy":"product_brand","embeddable":true,"href":"https:\/\/shopatoa.com\/ro\/wp-json\/wp\/v2\/product_brand?post=254517"},{"taxonomy":"product_cat","embeddable":true,"href":"https:\/\/shopatoa.com\/ro\/wp-json\/wp\/v2\/product_cat?post=254517"},{"taxonomy":"product_tag","embeddable":true,"href":"https:\/\/shopatoa.com\/ro\/wp-json\/wp\/v2\/product_tag?post=254517"}],"curies":[{"name":"wp","href":"https:\/\/api.w.org\/{rel}","templated":true}]}}