{"id":254773,"date":"2025-04-26T01:46:03","date_gmt":"2025-04-25T23:46:03","guid":{"rendered":"https:\/\/shopatoa.com\/ro\/doer-medical-doer-medical-aloe-vera-vitamina-e-100-ml\/"},"modified":"2025-12-10T05:44:29","modified_gmt":"2025-12-10T04:44:29","slug":"doer-medical-doer-medical-aloe-vera-vitamina-e-100-ml","status":"publish","type":"product","link":"https:\/\/shopatoa.com\/ro\/doer-medical-doer-medical-aloe-vera-vitamina-e-100-ml\/","title":{"rendered":"Doer Medical\u00ae Doer Medical Aloe vera &amp; vitamina E 100 ml"},"content":{"rendered":"<p>Un gel lubrifiant revolu\u021bionar, neted \u0219i m\u0103t\u0103sos \u0219i balsam de corp pe baz\u0103 de silicon. La baza noii compozi\u021bii revolu\u021bionare este Doer Medical Silk \u00eembog\u0103\u021bit\u0103 cu Aloe vera cu efecte antibiotice \u00eempotriva inflama\u021biilor \u0219i ciupercilor pielii \u0219i vitamina E cu activitate antioxidant\u0103 \u0219i propriet\u0103\u021bi antiinflamatorii. Sprijin\u0103 semnificativ circula\u021bia s\u00e2ngelui \u00een p\u0103r\u021bile intime at\u00e2t ale b\u0103rba\u021bilor, c\u00e2t \u0219i ale femeilor, \u00eembun\u0103t\u0103\u021bind \u00een mod fundamental calitatea experien\u021bei intime a ambilor parteneri, chiar \u0219i f\u0103r\u0103 utilizarea prezervativului.<\/p>\n","protected":false},"excerpt":{"rendered":"<p>Un gel lubrifiant revolu\u021bionar, neted \u0219i m\u0103t\u0103sos \u0219i balsam de corp pe baz\u0103 de silicon. La baza noii compozi\u021bii revolu\u021bionare este Doer Medical Silk \u00eembog\u0103\u021bit\u0103 cu Aloe vera cu efecte antibiotice \u00eempotriva inflama\u021biilor \u0219i ciupercilor pielii \u0219i vitamina E cu activitate antioxidant\u0103 \u0219i propriet\u0103\u021bi antiinflamatorii. Sprijin\u0103 semnificativ circula\u021bia s\u00e2ngelui \u00een p\u0103r\u021bile intime at\u00e2t ale b\u0103rba\u021bilor,&#8230;<\/p>\n","protected":false},"featured_media":254774,"comment_status":"closed","ping_status":"open","template":"","meta":{"_acf_changed":false,"_kadence_starter_templates_imported_post":false,"_kad_post_transparent":"","_kad_post_title":"","_kad_post_layout":"","_kad_post_sidebar_id":"","_kad_post_content_style":"","_kad_post_vertical_padding":"","_kad_post_feature":"","_kad_post_feature_position":"","_kad_post_header":false,"_kad_post_footer":false,"_kad_post_classname":""},"product_brand":[566],"product_cat":[246,676,677,611],"product_tag":[],"class_list":{"0":"post-254773","1":"product","2":"type-product","3":"status-publish","4":"has-post-thumbnail","6":"product_brand-doer-medical","7":"product_cat-cosmetice","8":"product_cat-dispozitive-si-preparate-pentru-masaj","9":"product_cat-preparate-de-masaj","10":"product_cat-produse-cosmetice-pentru-corp","12":"first","13":"instock","14":"product-type-external","15":"entry","16":"content-bg","17":"loop-entry"},"acf":[],"yoast_head":"<!-- This site is optimized with the Yoast SEO plugin v27.4 - https:\/\/yoast.com\/product\/yoast-seo-wordpress\/ -->\n<title>Doer Medical\u00ae Doer Medical Aloe vera &amp; vitamina E 100 ml - SHOPATOA.COM<\/title>\n<meta name=\"robots\" content=\"index, follow, max-snippet:-1, max-image-preview:large, max-video-preview:-1\" \/>\n<link rel=\"canonical\" href=\"https:\/\/shopatoa.com\/ro\/doer-medical-doer-medical-aloe-vera-vitamina-e-100-ml\/\" \/>\n<meta property=\"og:locale\" content=\"ro_RO\" \/>\n<meta property=\"og:type\" content=\"article\" \/>\n<meta property=\"og:title\" content=\"Doer Medical\u00ae Doer Medical Aloe vera &amp; vitamina E 100 ml - SHOPATOA.COM\" \/>\n<meta property=\"og:description\" content=\"Un gel lubrifiant revolu\u021bionar, neted \u0219i m\u0103t\u0103sos \u0219i balsam de corp pe baz\u0103 de silicon. La baza noii compozi\u021bii revolu\u021bionare este Doer Medical Silk \u00eembog\u0103\u021bit\u0103 cu Aloe vera cu efecte antibiotice \u00eempotriva inflama\u021biilor \u0219i ciupercilor pielii \u0219i vitamina E cu activitate antioxidant\u0103 \u0219i propriet\u0103\u021bi antiinflamatorii. Sprijin\u0103 semnificativ circula\u021bia s\u00e2ngelui \u00een p\u0103r\u021bile intime at\u00e2t ale b\u0103rba\u021bilor,...\" \/>\n<meta property=\"og:url\" content=\"https:\/\/shopatoa.com\/ro\/doer-medical-doer-medical-aloe-vera-vitamina-e-100-ml\/\" \/>\n<meta property=\"og:site_name\" content=\"SHOPATOA\" \/>\n<meta property=\"article:modified_time\" content=\"2025-12-10T04:44:29+00:00\" \/>\n<meta property=\"og:image\" content=\"https:\/\/storage.googleapis.com\/cz-shopatoa-img\/ro\/4ec4fe53-unnamed-file.webp\" \/>\n\t<meta property=\"og:image:width\" content=\"800\" \/>\n\t<meta property=\"og:image:height\" content=\"800\" \/>\n\t<meta property=\"og:image:type\" content=\"image\/webp\" \/>\n<meta name=\"twitter:card\" content=\"summary_large_image\" \/>\n<script type=\"application\/ld+json\" class=\"yoast-schema-graph\">{\"@context\":\"https:\\\/\\\/schema.org\",\"@graph\":[{\"@type\":\"WebPage\",\"@id\":\"https:\\\/\\\/shopatoa.com\\\/ro\\\/doer-medical-doer-medical-aloe-vera-vitamina-e-100-ml\\\/\",\"url\":\"https:\\\/\\\/shopatoa.com\\\/ro\\\/doer-medical-doer-medical-aloe-vera-vitamina-e-100-ml\\\/\",\"name\":\"Doer Medical\u00ae Doer Medical Aloe vera & vitamina E 100 ml - SHOPATOA.COM\",\"isPartOf\":{\"@id\":\"https:\\\/\\\/shopatoa.com\\\/ro\\\/#website\"},\"primaryImageOfPage\":{\"@id\":\"https:\\\/\\\/shopatoa.com\\\/ro\\\/doer-medical-doer-medical-aloe-vera-vitamina-e-100-ml\\\/#primaryimage\"},\"image\":{\"@id\":\"https:\\\/\\\/shopatoa.com\\\/ro\\\/doer-medical-doer-medical-aloe-vera-vitamina-e-100-ml\\\/#primaryimage\"},\"thumbnailUrl\":\"https:\\\/\\\/storage.googleapis.com\\\/cz-shopatoa-img\\\/ro\\\/4ec4fe53-unnamed-file.webp\",\"datePublished\":\"2025-04-25T23:46:03+00:00\",\"dateModified\":\"2025-12-10T04:44:29+00:00\",\"breadcrumb\":{\"@id\":\"https:\\\/\\\/shopatoa.com\\\/ro\\\/doer-medical-doer-medical-aloe-vera-vitamina-e-100-ml\\\/#breadcrumb\"},\"inLanguage\":\"ro-RO\",\"potentialAction\":[{\"@type\":\"ReadAction\",\"target\":[\"https:\\\/\\\/shopatoa.com\\\/ro\\\/doer-medical-doer-medical-aloe-vera-vitamina-e-100-ml\\\/\"]}]},{\"@type\":\"ImageObject\",\"inLanguage\":\"ro-RO\",\"@id\":\"https:\\\/\\\/shopatoa.com\\\/ro\\\/doer-medical-doer-medical-aloe-vera-vitamina-e-100-ml\\\/#primaryimage\",\"url\":\"https:\\\/\\\/storage.googleapis.com\\\/cz-shopatoa-img\\\/ro\\\/4ec4fe53-unnamed-file.webp\",\"contentUrl\":\"https:\\\/\\\/storage.googleapis.com\\\/cz-shopatoa-img\\\/ro\\\/4ec4fe53-unnamed-file.webp\",\"width\":800,\"height\":800},{\"@type\":\"BreadcrumbList\",\"@id\":\"https:\\\/\\\/shopatoa.com\\\/ro\\\/doer-medical-doer-medical-aloe-vera-vitamina-e-100-ml\\\/#breadcrumb\",\"itemListElement\":[{\"@type\":\"ListItem\",\"position\":1,\"name\":\"Dom\u016f\",\"item\":\"https:\\\/\\\/shopatoa.com\\\/ro\\\/\"},{\"@type\":\"ListItem\",\"position\":2,\"name\":\"Shop\",\"item\":\"https:\\\/\\\/shopatoa.com\\\/ro\\\/shop\\\/\"},{\"@type\":\"ListItem\",\"position\":3,\"name\":\"Cosmetice\",\"item\":\"https:\\\/\\\/shopatoa.com\\\/ro\\\/cosmetice\\\/\"},{\"@type\":\"ListItem\",\"position\":4,\"name\":\"Produse cosmetice pentru corp\",\"item\":\"https:\\\/\\\/shopatoa.com\\\/ro\\\/produse-cosmetice-pentru-corp\\\/\"},{\"@type\":\"ListItem\",\"position\":5,\"name\":\"Dispozitive \u0219i preparate pentru masaj\",\"item\":\"https:\\\/\\\/shopatoa.com\\\/ro\\\/dispozitive-si-preparate-pentru-masaj\\\/\"},{\"@type\":\"ListItem\",\"position\":6,\"name\":\"Preparate de masaj\",\"item\":\"https:\\\/\\\/shopatoa.com\\\/ro\\\/preparate-de-masaj\\\/\"},{\"@type\":\"ListItem\",\"position\":7,\"name\":\"Doer Medical\u00ae Doer Medical Aloe vera &amp; vitamina E 100 ml\"}]},{\"@type\":\"WebSite\",\"@id\":\"https:\\\/\\\/shopatoa.com\\\/ro\\\/#website\",\"url\":\"https:\\\/\\\/shopatoa.com\\\/ro\\\/\",\"name\":\"SHOPATOA\",\"description\":\"\",\"publisher\":{\"@id\":\"https:\\\/\\\/shopatoa.com\\\/ro\\\/#organization\"},\"potentialAction\":[{\"@type\":\"SearchAction\",\"target\":{\"@type\":\"EntryPoint\",\"urlTemplate\":\"https:\\\/\\\/shopatoa.com\\\/ro\\\/?s={search_term_string}\"},\"query-input\":{\"@type\":\"PropertyValueSpecification\",\"valueRequired\":true,\"valueName\":\"search_term_string\"}}],\"inLanguage\":\"ro-RO\"},{\"@type\":\"Organization\",\"@id\":\"https:\\\/\\\/shopatoa.com\\\/ro\\\/#organization\",\"name\":\"SHOPATOA\",\"url\":\"https:\\\/\\\/shopatoa.com\\\/ro\\\/\",\"logo\":{\"@type\":\"ImageObject\",\"inLanguage\":\"ro-RO\",\"@id\":\"https:\\\/\\\/shopatoa.com\\\/ro\\\/#\\\/schema\\\/logo\\\/image\\\/\",\"url\":\"https:\\\/\\\/storage.googleapis.com\\\/cz-shopatoa-img\\\/ro\\\/b4dac915-shopatoa_logo.png\",\"contentUrl\":\"https:\\\/\\\/storage.googleapis.com\\\/cz-shopatoa-img\\\/ro\\\/b4dac915-shopatoa_logo.png\",\"width\":416,\"height\":63,\"caption\":\"SHOPATOA\"},\"image\":{\"@id\":\"https:\\\/\\\/shopatoa.com\\\/ro\\\/#\\\/schema\\\/logo\\\/image\\\/\"}}]}<\/script>\n<!-- \/ Yoast SEO plugin. -->","yoast_head_json":{"title":"Doer Medical\u00ae Doer Medical Aloe vera & vitamina E 100 ml - SHOPATOA.COM","robots":{"index":"index","follow":"follow","max-snippet":"max-snippet:-1","max-image-preview":"max-image-preview:large","max-video-preview":"max-video-preview:-1"},"canonical":"https:\/\/shopatoa.com\/ro\/doer-medical-doer-medical-aloe-vera-vitamina-e-100-ml\/","og_locale":"ro_RO","og_type":"article","og_title":"Doer Medical\u00ae Doer Medical Aloe vera & vitamina E 100 ml - SHOPATOA.COM","og_description":"Un gel lubrifiant revolu\u021bionar, neted \u0219i m\u0103t\u0103sos \u0219i balsam de corp pe baz\u0103 de silicon. La baza noii compozi\u021bii revolu\u021bionare este Doer Medical Silk \u00eembog\u0103\u021bit\u0103 cu Aloe vera cu efecte antibiotice \u00eempotriva inflama\u021biilor \u0219i ciupercilor pielii \u0219i vitamina E cu activitate antioxidant\u0103 \u0219i propriet\u0103\u021bi antiinflamatorii. Sprijin\u0103 semnificativ circula\u021bia s\u00e2ngelui \u00een p\u0103r\u021bile intime at\u00e2t ale b\u0103rba\u021bilor,...","og_url":"https:\/\/shopatoa.com\/ro\/doer-medical-doer-medical-aloe-vera-vitamina-e-100-ml\/","og_site_name":"SHOPATOA","article_modified_time":"2025-12-10T04:44:29+00:00","og_image":[{"width":800,"height":800,"url":"https:\/\/storage.googleapis.com\/cz-shopatoa-img\/ro\/4ec4fe53-unnamed-file.webp","type":"image\/webp"}],"twitter_card":"summary_large_image","schema":{"@context":"https:\/\/schema.org","@graph":[{"@type":"WebPage","@id":"https:\/\/shopatoa.com\/ro\/doer-medical-doer-medical-aloe-vera-vitamina-e-100-ml\/","url":"https:\/\/shopatoa.com\/ro\/doer-medical-doer-medical-aloe-vera-vitamina-e-100-ml\/","name":"Doer Medical\u00ae Doer Medical Aloe vera & vitamina E 100 ml - SHOPATOA.COM","isPartOf":{"@id":"https:\/\/shopatoa.com\/ro\/#website"},"primaryImageOfPage":{"@id":"https:\/\/shopatoa.com\/ro\/doer-medical-doer-medical-aloe-vera-vitamina-e-100-ml\/#primaryimage"},"image":{"@id":"https:\/\/shopatoa.com\/ro\/doer-medical-doer-medical-aloe-vera-vitamina-e-100-ml\/#primaryimage"},"thumbnailUrl":"https:\/\/storage.googleapis.com\/cz-shopatoa-img\/ro\/4ec4fe53-unnamed-file.webp","datePublished":"2025-04-25T23:46:03+00:00","dateModified":"2025-12-10T04:44:29+00:00","breadcrumb":{"@id":"https:\/\/shopatoa.com\/ro\/doer-medical-doer-medical-aloe-vera-vitamina-e-100-ml\/#breadcrumb"},"inLanguage":"ro-RO","potentialAction":[{"@type":"ReadAction","target":["https:\/\/shopatoa.com\/ro\/doer-medical-doer-medical-aloe-vera-vitamina-e-100-ml\/"]}]},{"@type":"ImageObject","inLanguage":"ro-RO","@id":"https:\/\/shopatoa.com\/ro\/doer-medical-doer-medical-aloe-vera-vitamina-e-100-ml\/#primaryimage","url":"https:\/\/storage.googleapis.com\/cz-shopatoa-img\/ro\/4ec4fe53-unnamed-file.webp","contentUrl":"https:\/\/storage.googleapis.com\/cz-shopatoa-img\/ro\/4ec4fe53-unnamed-file.webp","width":800,"height":800},{"@type":"BreadcrumbList","@id":"https:\/\/shopatoa.com\/ro\/doer-medical-doer-medical-aloe-vera-vitamina-e-100-ml\/#breadcrumb","itemListElement":[{"@type":"ListItem","position":1,"name":"Dom\u016f","item":"https:\/\/shopatoa.com\/ro\/"},{"@type":"ListItem","position":2,"name":"Shop","item":"https:\/\/shopatoa.com\/ro\/shop\/"},{"@type":"ListItem","position":3,"name":"Cosmetice","item":"https:\/\/shopatoa.com\/ro\/cosmetice\/"},{"@type":"ListItem","position":4,"name":"Produse cosmetice pentru corp","item":"https:\/\/shopatoa.com\/ro\/produse-cosmetice-pentru-corp\/"},{"@type":"ListItem","position":5,"name":"Dispozitive \u0219i preparate pentru masaj","item":"https:\/\/shopatoa.com\/ro\/dispozitive-si-preparate-pentru-masaj\/"},{"@type":"ListItem","position":6,"name":"Preparate de masaj","item":"https:\/\/shopatoa.com\/ro\/preparate-de-masaj\/"},{"@type":"ListItem","position":7,"name":"Doer Medical\u00ae Doer Medical Aloe vera &amp; vitamina E 100 ml"}]},{"@type":"WebSite","@id":"https:\/\/shopatoa.com\/ro\/#website","url":"https:\/\/shopatoa.com\/ro\/","name":"SHOPATOA","description":"","publisher":{"@id":"https:\/\/shopatoa.com\/ro\/#organization"},"potentialAction":[{"@type":"SearchAction","target":{"@type":"EntryPoint","urlTemplate":"https:\/\/shopatoa.com\/ro\/?s={search_term_string}"},"query-input":{"@type":"PropertyValueSpecification","valueRequired":true,"valueName":"search_term_string"}}],"inLanguage":"ro-RO"},{"@type":"Organization","@id":"https:\/\/shopatoa.com\/ro\/#organization","name":"SHOPATOA","url":"https:\/\/shopatoa.com\/ro\/","logo":{"@type":"ImageObject","inLanguage":"ro-RO","@id":"https:\/\/shopatoa.com\/ro\/#\/schema\/logo\/image\/","url":"https:\/\/storage.googleapis.com\/cz-shopatoa-img\/ro\/b4dac915-shopatoa_logo.png","contentUrl":"https:\/\/storage.googleapis.com\/cz-shopatoa-img\/ro\/b4dac915-shopatoa_logo.png","width":416,"height":63,"caption":"SHOPATOA"},"image":{"@id":"https:\/\/shopatoa.com\/ro\/#\/schema\/logo\/image\/"}}]}},"_links":{"self":[{"href":"https:\/\/shopatoa.com\/ro\/wp-json\/wp\/v2\/product\/254773","targetHints":{"allow":["GET"]}}],"collection":[{"href":"https:\/\/shopatoa.com\/ro\/wp-json\/wp\/v2\/product"}],"about":[{"href":"https:\/\/shopatoa.com\/ro\/wp-json\/wp\/v2\/types\/product"}],"replies":[{"embeddable":true,"href":"https:\/\/shopatoa.com\/ro\/wp-json\/wp\/v2\/comments?post=254773"}],"wp:featuredmedia":[{"embeddable":true,"href":"https:\/\/shopatoa.com\/ro\/wp-json\/wp\/v2\/media\/254774"}],"wp:attachment":[{"href":"https:\/\/shopatoa.com\/ro\/wp-json\/wp\/v2\/media?parent=254773"}],"wp:term":[{"taxonomy":"product_brand","embeddable":true,"href":"https:\/\/shopatoa.com\/ro\/wp-json\/wp\/v2\/product_brand?post=254773"},{"taxonomy":"product_cat","embeddable":true,"href":"https:\/\/shopatoa.com\/ro\/wp-json\/wp\/v2\/product_cat?post=254773"},{"taxonomy":"product_tag","embeddable":true,"href":"https:\/\/shopatoa.com\/ro\/wp-json\/wp\/v2\/product_tag?post=254773"}],"curies":[{"name":"wp","href":"https:\/\/api.w.org\/{rel}","templated":true}]}}