{"id":254829,"date":"2025-04-26T01:56:55","date_gmt":"2025-04-25T23:56:55","guid":{"rendered":"https:\/\/shopatoa.com\/ro\/tweezerman-set-de-manichiura-cu-pile-de-sticla-glass-manicure-set\/"},"modified":"2025-12-10T05:36:26","modified_gmt":"2025-12-10T04:36:26","slug":"tweezerman-set-de-manichiura-cu-pile-de-sticla-glass-manicure-set","status":"publish","type":"product","link":"https:\/\/shopatoa.com\/ro\/tweezerman-set-de-manichiura-cu-pile-de-sticla-glass-manicure-set\/","title":{"rendered":"Tweezerman Set de manichiur\u0103 cu pile de sticl\u0103 Glass Manicure Set"},"content":{"rendered":"<p>Cele mai bune instrumente pentru a ob\u021bine un aspect natural al unghiilor. Setul de manichiur\u0103 Tweezerman Glass con\u021bine tot ce ave\u021bi nevoie pentru a t\u0103ia, modela, netezi \u0219i lustrui unghiile \u2013 plus \u00eentr-un design din sticl\u0103 \u0219i o\u021bel care este u\u0219or de cur\u0103\u021bat \u0219i dezinfectat. Setul de manichiur\u0103 Tweezerman Glass \u00eentr-un design practic \u0219i igienic de sticl\u0103 v\u0103 va ajuta s\u0103 ave\u021bi grij\u0103 profesionist\u0103 de unghiile dvs.: &#8211; Cle\u0219tele pentru unghii de \u00eenalt\u0103 calitate, cu o lam\u0103 curbat\u0103 foarte ascu\u021bit\u0103 din o\u021bel inoxidabil, care imit\u0103 forma natural\u0103 a unghiilor, este potrivit pentru t\u0103ierea precis\u0103 \u0219i rapid\u0103 a unghiilor &#8211; pil\u0103 de unghii din sticl\u0103 cu dou\u0103 fe\u021be pentru modelarea \u0219i \u0219lefuirea profesional\u0103 precis\u0103 a unghiilor, care previne, de asemenea, r\u0103nirea unghiilor &#8211; \u0219lefuitor unghii din sticl\u0103 pentru netezirea unghiilor si oferirea unei str\u0103luciri ridicate &#8211; un \u00eemping\u0103tor de cuticul\u0103 din o\u021bel inoxidabil de \u00eenalt\u0103 calitate, cu m\u00e2ner antiderapant, al c\u0103rui v\u00e2rf plat sub\u021bire, lustruit manual, \u00eempinge cu u\u0219urin\u021b\u0103 cuticula \u0219i \u00een acela\u0219i timp serve\u0219te la cur\u0103\u021barea murd\u0103riei de sub unghii f\u0103r\u0103 a zg\u00e2ria. \u00cengrijirea sculelor: Dezinfecta\u021bi uneltele dup\u0103 fiecare utilizare cu alcool sau peroxid. Sfat pentru \u00eengrijirea corect\u0103 a unghiilor: 1) \u00cen primul r\u00e2nd, aplica\u021bi o crem\u0103 de m\u00e2ini hidratant\u0103 sau o crem\u0103 special\u0103 pentru cuticule pe unghiile curate pentru a le \u00eenmuia. Apoi folosi\u021bi un \u00eemping\u0103tor pentru a \u00eempinge cuticulele \u0219i cur\u0103\u021ba\u021bi zona de sub \u0219i din jurul unghiilor. 2) T\u0103ia\u021bi unghiile \u00een forma dorit\u0103 cu cle\u0219tele &#8211; proceda\u021bi de la marginea unghiei spre centru. 3) Modela\u021bi \u0219i netezi\u021bi unghiile cu o pil\u0103 de sticl\u0103 &#8211; din nou de la marginea unghiei spre centru, \u00eentotdeauna \u00eentr-o singur\u0103 direc\u021bie. 4) Completa\u021bi \u00eengrijirea cu \u0219lefuitorul din sticl\u0103, care va netezi unghiile \u0219i le va oferi str\u0103lucire.<\/p>\n","protected":false},"excerpt":{"rendered":"<p>Cele mai bune instrumente pentru a ob\u021bine un aspect natural al unghiilor. Setul de manichiur\u0103 Tweezerman Glass con\u021bine tot ce ave\u021bi nevoie pentru a t\u0103ia, modela, netezi \u0219i lustrui unghiile \u2013 plus \u00eentr-un design din sticl\u0103 \u0219i o\u021bel care este u\u0219or de cur\u0103\u021bat \u0219i dezinfectat. Setul de manichiur\u0103 Tweezerman Glass \u00eentr-un design practic \u0219i igienic&#8230;<\/p>\n","protected":false},"featured_media":254830,"comment_status":"closed","ping_status":"open","template":"","meta":{"_acf_changed":false,"_kadence_starter_templates_imported_post":false,"_kad_post_transparent":"","_kad_post_title":"","_kad_post_layout":"","_kad_post_sidebar_id":"","_kad_post_content_style":"","_kad_post_vertical_padding":"","_kad_post_feature":"","_kad_post_feature_position":"","_kad_post_header":false,"_kad_post_footer":false,"_kad_post_classname":""},"product_brand":[371],"product_cat":[246,697,611,728],"product_tag":[],"class_list":{"0":"post-254829","1":"product","2":"type-product","3":"status-publish","4":"has-post-thumbnail","6":"product_brand-tweezerman","7":"product_cat-cosmetice","8":"product_cat-manichiura-si-pedichiura","9":"product_cat-produse-cosmetice-pentru-corp","10":"product_cat-unghiere","12":"first","13":"instock","14":"product-type-external","15":"entry","16":"content-bg","17":"loop-entry"},"acf":[],"yoast_head":"<!-- This site is optimized with the Yoast SEO plugin v27.4 - https:\/\/yoast.com\/product\/yoast-seo-wordpress\/ -->\n<title>Tweezerman Set de manichiur\u0103 cu pile de sticl\u0103 Glass Manicure Set - SHOPATOA.COM<\/title>\n<meta name=\"robots\" content=\"index, follow, max-snippet:-1, max-image-preview:large, max-video-preview:-1\" \/>\n<link rel=\"canonical\" href=\"https:\/\/shopatoa.com\/ro\/tweezerman-set-de-manichiura-cu-pile-de-sticla-glass-manicure-set\/\" \/>\n<meta property=\"og:locale\" content=\"ro_RO\" \/>\n<meta property=\"og:type\" content=\"article\" \/>\n<meta property=\"og:title\" content=\"Tweezerman Set de manichiur\u0103 cu pile de sticl\u0103 Glass Manicure Set - SHOPATOA.COM\" \/>\n<meta property=\"og:description\" content=\"Cele mai bune instrumente pentru a ob\u021bine un aspect natural al unghiilor. Setul de manichiur\u0103 Tweezerman Glass con\u021bine tot ce ave\u021bi nevoie pentru a t\u0103ia, modela, netezi \u0219i lustrui unghiile \u2013 plus \u00eentr-un design din sticl\u0103 \u0219i o\u021bel care este u\u0219or de cur\u0103\u021bat \u0219i dezinfectat. Setul de manichiur\u0103 Tweezerman Glass \u00eentr-un design practic \u0219i igienic...\" \/>\n<meta property=\"og:url\" content=\"https:\/\/shopatoa.com\/ro\/tweezerman-set-de-manichiura-cu-pile-de-sticla-glass-manicure-set\/\" \/>\n<meta property=\"og:site_name\" content=\"SHOPATOA\" \/>\n<meta property=\"article:modified_time\" content=\"2025-12-10T04:36:26+00:00\" \/>\n<meta property=\"og:image\" content=\"https:\/\/storage.googleapis.com\/cz-shopatoa-img\/ro\/0b0ca992-unnamed-file.webp\" \/>\n\t<meta property=\"og:image:width\" content=\"800\" \/>\n\t<meta property=\"og:image:height\" content=\"800\" \/>\n\t<meta property=\"og:image:type\" content=\"image\/webp\" \/>\n<meta name=\"twitter:card\" content=\"summary_large_image\" \/>\n<meta name=\"twitter:label1\" content=\"Timp estimat pentru citire\" \/>\n\t<meta name=\"twitter:data1\" content=\"2 minute\" \/>\n<script type=\"application\/ld+json\" class=\"yoast-schema-graph\">{\"@context\":\"https:\\\/\\\/schema.org\",\"@graph\":[{\"@type\":\"WebPage\",\"@id\":\"https:\\\/\\\/shopatoa.com\\\/ro\\\/tweezerman-set-de-manichiura-cu-pile-de-sticla-glass-manicure-set\\\/\",\"url\":\"https:\\\/\\\/shopatoa.com\\\/ro\\\/tweezerman-set-de-manichiura-cu-pile-de-sticla-glass-manicure-set\\\/\",\"name\":\"Tweezerman Set de manichiur\u0103 cu pile de sticl\u0103 Glass Manicure Set - SHOPATOA.COM\",\"isPartOf\":{\"@id\":\"https:\\\/\\\/shopatoa.com\\\/ro\\\/#website\"},\"primaryImageOfPage\":{\"@id\":\"https:\\\/\\\/shopatoa.com\\\/ro\\\/tweezerman-set-de-manichiura-cu-pile-de-sticla-glass-manicure-set\\\/#primaryimage\"},\"image\":{\"@id\":\"https:\\\/\\\/shopatoa.com\\\/ro\\\/tweezerman-set-de-manichiura-cu-pile-de-sticla-glass-manicure-set\\\/#primaryimage\"},\"thumbnailUrl\":\"https:\\\/\\\/storage.googleapis.com\\\/cz-shopatoa-img\\\/ro\\\/0b0ca992-unnamed-file.webp\",\"datePublished\":\"2025-04-25T23:56:55+00:00\",\"dateModified\":\"2025-12-10T04:36:26+00:00\",\"breadcrumb\":{\"@id\":\"https:\\\/\\\/shopatoa.com\\\/ro\\\/tweezerman-set-de-manichiura-cu-pile-de-sticla-glass-manicure-set\\\/#breadcrumb\"},\"inLanguage\":\"ro-RO\",\"potentialAction\":[{\"@type\":\"ReadAction\",\"target\":[\"https:\\\/\\\/shopatoa.com\\\/ro\\\/tweezerman-set-de-manichiura-cu-pile-de-sticla-glass-manicure-set\\\/\"]}]},{\"@type\":\"ImageObject\",\"inLanguage\":\"ro-RO\",\"@id\":\"https:\\\/\\\/shopatoa.com\\\/ro\\\/tweezerman-set-de-manichiura-cu-pile-de-sticla-glass-manicure-set\\\/#primaryimage\",\"url\":\"https:\\\/\\\/storage.googleapis.com\\\/cz-shopatoa-img\\\/ro\\\/0b0ca992-unnamed-file.webp\",\"contentUrl\":\"https:\\\/\\\/storage.googleapis.com\\\/cz-shopatoa-img\\\/ro\\\/0b0ca992-unnamed-file.webp\",\"width\":800,\"height\":800},{\"@type\":\"BreadcrumbList\",\"@id\":\"https:\\\/\\\/shopatoa.com\\\/ro\\\/tweezerman-set-de-manichiura-cu-pile-de-sticla-glass-manicure-set\\\/#breadcrumb\",\"itemListElement\":[{\"@type\":\"ListItem\",\"position\":1,\"name\":\"Dom\u016f\",\"item\":\"https:\\\/\\\/shopatoa.com\\\/ro\\\/\"},{\"@type\":\"ListItem\",\"position\":2,\"name\":\"Shop\",\"item\":\"https:\\\/\\\/shopatoa.com\\\/ro\\\/shop\\\/\"},{\"@type\":\"ListItem\",\"position\":3,\"name\":\"Cosmetice\",\"item\":\"https:\\\/\\\/shopatoa.com\\\/ro\\\/cosmetice\\\/\"},{\"@type\":\"ListItem\",\"position\":4,\"name\":\"Produse cosmetice pentru corp\",\"item\":\"https:\\\/\\\/shopatoa.com\\\/ro\\\/produse-cosmetice-pentru-corp\\\/\"},{\"@type\":\"ListItem\",\"position\":5,\"name\":\"Manichiura si pedichiura\",\"item\":\"https:\\\/\\\/shopatoa.com\\\/ro\\\/manichiura-si-pedichiura\\\/\"},{\"@type\":\"ListItem\",\"position\":6,\"name\":\"Unghiere\",\"item\":\"https:\\\/\\\/shopatoa.com\\\/ro\\\/unghiere\\\/\"},{\"@type\":\"ListItem\",\"position\":7,\"name\":\"Tweezerman Set de manichiur\u0103 cu pile de sticl\u0103 Glass Manicure Set\"}]},{\"@type\":\"WebSite\",\"@id\":\"https:\\\/\\\/shopatoa.com\\\/ro\\\/#website\",\"url\":\"https:\\\/\\\/shopatoa.com\\\/ro\\\/\",\"name\":\"SHOPATOA\",\"description\":\"\",\"publisher\":{\"@id\":\"https:\\\/\\\/shopatoa.com\\\/ro\\\/#organization\"},\"potentialAction\":[{\"@type\":\"SearchAction\",\"target\":{\"@type\":\"EntryPoint\",\"urlTemplate\":\"https:\\\/\\\/shopatoa.com\\\/ro\\\/?s={search_term_string}\"},\"query-input\":{\"@type\":\"PropertyValueSpecification\",\"valueRequired\":true,\"valueName\":\"search_term_string\"}}],\"inLanguage\":\"ro-RO\"},{\"@type\":\"Organization\",\"@id\":\"https:\\\/\\\/shopatoa.com\\\/ro\\\/#organization\",\"name\":\"SHOPATOA\",\"url\":\"https:\\\/\\\/shopatoa.com\\\/ro\\\/\",\"logo\":{\"@type\":\"ImageObject\",\"inLanguage\":\"ro-RO\",\"@id\":\"https:\\\/\\\/shopatoa.com\\\/ro\\\/#\\\/schema\\\/logo\\\/image\\\/\",\"url\":\"https:\\\/\\\/storage.googleapis.com\\\/cz-shopatoa-img\\\/ro\\\/b4dac915-shopatoa_logo.png\",\"contentUrl\":\"https:\\\/\\\/storage.googleapis.com\\\/cz-shopatoa-img\\\/ro\\\/b4dac915-shopatoa_logo.png\",\"width\":416,\"height\":63,\"caption\":\"SHOPATOA\"},\"image\":{\"@id\":\"https:\\\/\\\/shopatoa.com\\\/ro\\\/#\\\/schema\\\/logo\\\/image\\\/\"}}]}<\/script>\n<!-- \/ Yoast SEO plugin. -->","yoast_head_json":{"title":"Tweezerman Set de manichiur\u0103 cu pile de sticl\u0103 Glass Manicure Set - SHOPATOA.COM","robots":{"index":"index","follow":"follow","max-snippet":"max-snippet:-1","max-image-preview":"max-image-preview:large","max-video-preview":"max-video-preview:-1"},"canonical":"https:\/\/shopatoa.com\/ro\/tweezerman-set-de-manichiura-cu-pile-de-sticla-glass-manicure-set\/","og_locale":"ro_RO","og_type":"article","og_title":"Tweezerman Set de manichiur\u0103 cu pile de sticl\u0103 Glass Manicure Set - SHOPATOA.COM","og_description":"Cele mai bune instrumente pentru a ob\u021bine un aspect natural al unghiilor. Setul de manichiur\u0103 Tweezerman Glass con\u021bine tot ce ave\u021bi nevoie pentru a t\u0103ia, modela, netezi \u0219i lustrui unghiile \u2013 plus \u00eentr-un design din sticl\u0103 \u0219i o\u021bel care este u\u0219or de cur\u0103\u021bat \u0219i dezinfectat. Setul de manichiur\u0103 Tweezerman Glass \u00eentr-un design practic \u0219i igienic...","og_url":"https:\/\/shopatoa.com\/ro\/tweezerman-set-de-manichiura-cu-pile-de-sticla-glass-manicure-set\/","og_site_name":"SHOPATOA","article_modified_time":"2025-12-10T04:36:26+00:00","og_image":[{"width":800,"height":800,"url":"https:\/\/storage.googleapis.com\/cz-shopatoa-img\/ro\/0b0ca992-unnamed-file.webp","type":"image\/webp"}],"twitter_card":"summary_large_image","twitter_misc":{"Timp estimat pentru citire":"2 minute"},"schema":{"@context":"https:\/\/schema.org","@graph":[{"@type":"WebPage","@id":"https:\/\/shopatoa.com\/ro\/tweezerman-set-de-manichiura-cu-pile-de-sticla-glass-manicure-set\/","url":"https:\/\/shopatoa.com\/ro\/tweezerman-set-de-manichiura-cu-pile-de-sticla-glass-manicure-set\/","name":"Tweezerman Set de manichiur\u0103 cu pile de sticl\u0103 Glass Manicure Set - SHOPATOA.COM","isPartOf":{"@id":"https:\/\/shopatoa.com\/ro\/#website"},"primaryImageOfPage":{"@id":"https:\/\/shopatoa.com\/ro\/tweezerman-set-de-manichiura-cu-pile-de-sticla-glass-manicure-set\/#primaryimage"},"image":{"@id":"https:\/\/shopatoa.com\/ro\/tweezerman-set-de-manichiura-cu-pile-de-sticla-glass-manicure-set\/#primaryimage"},"thumbnailUrl":"https:\/\/storage.googleapis.com\/cz-shopatoa-img\/ro\/0b0ca992-unnamed-file.webp","datePublished":"2025-04-25T23:56:55+00:00","dateModified":"2025-12-10T04:36:26+00:00","breadcrumb":{"@id":"https:\/\/shopatoa.com\/ro\/tweezerman-set-de-manichiura-cu-pile-de-sticla-glass-manicure-set\/#breadcrumb"},"inLanguage":"ro-RO","potentialAction":[{"@type":"ReadAction","target":["https:\/\/shopatoa.com\/ro\/tweezerman-set-de-manichiura-cu-pile-de-sticla-glass-manicure-set\/"]}]},{"@type":"ImageObject","inLanguage":"ro-RO","@id":"https:\/\/shopatoa.com\/ro\/tweezerman-set-de-manichiura-cu-pile-de-sticla-glass-manicure-set\/#primaryimage","url":"https:\/\/storage.googleapis.com\/cz-shopatoa-img\/ro\/0b0ca992-unnamed-file.webp","contentUrl":"https:\/\/storage.googleapis.com\/cz-shopatoa-img\/ro\/0b0ca992-unnamed-file.webp","width":800,"height":800},{"@type":"BreadcrumbList","@id":"https:\/\/shopatoa.com\/ro\/tweezerman-set-de-manichiura-cu-pile-de-sticla-glass-manicure-set\/#breadcrumb","itemListElement":[{"@type":"ListItem","position":1,"name":"Dom\u016f","item":"https:\/\/shopatoa.com\/ro\/"},{"@type":"ListItem","position":2,"name":"Shop","item":"https:\/\/shopatoa.com\/ro\/shop\/"},{"@type":"ListItem","position":3,"name":"Cosmetice","item":"https:\/\/shopatoa.com\/ro\/cosmetice\/"},{"@type":"ListItem","position":4,"name":"Produse cosmetice pentru corp","item":"https:\/\/shopatoa.com\/ro\/produse-cosmetice-pentru-corp\/"},{"@type":"ListItem","position":5,"name":"Manichiura si pedichiura","item":"https:\/\/shopatoa.com\/ro\/manichiura-si-pedichiura\/"},{"@type":"ListItem","position":6,"name":"Unghiere","item":"https:\/\/shopatoa.com\/ro\/unghiere\/"},{"@type":"ListItem","position":7,"name":"Tweezerman Set de manichiur\u0103 cu pile de sticl\u0103 Glass Manicure Set"}]},{"@type":"WebSite","@id":"https:\/\/shopatoa.com\/ro\/#website","url":"https:\/\/shopatoa.com\/ro\/","name":"SHOPATOA","description":"","publisher":{"@id":"https:\/\/shopatoa.com\/ro\/#organization"},"potentialAction":[{"@type":"SearchAction","target":{"@type":"EntryPoint","urlTemplate":"https:\/\/shopatoa.com\/ro\/?s={search_term_string}"},"query-input":{"@type":"PropertyValueSpecification","valueRequired":true,"valueName":"search_term_string"}}],"inLanguage":"ro-RO"},{"@type":"Organization","@id":"https:\/\/shopatoa.com\/ro\/#organization","name":"SHOPATOA","url":"https:\/\/shopatoa.com\/ro\/","logo":{"@type":"ImageObject","inLanguage":"ro-RO","@id":"https:\/\/shopatoa.com\/ro\/#\/schema\/logo\/image\/","url":"https:\/\/storage.googleapis.com\/cz-shopatoa-img\/ro\/b4dac915-shopatoa_logo.png","contentUrl":"https:\/\/storage.googleapis.com\/cz-shopatoa-img\/ro\/b4dac915-shopatoa_logo.png","width":416,"height":63,"caption":"SHOPATOA"},"image":{"@id":"https:\/\/shopatoa.com\/ro\/#\/schema\/logo\/image\/"}}]}},"_links":{"self":[{"href":"https:\/\/shopatoa.com\/ro\/wp-json\/wp\/v2\/product\/254829","targetHints":{"allow":["GET"]}}],"collection":[{"href":"https:\/\/shopatoa.com\/ro\/wp-json\/wp\/v2\/product"}],"about":[{"href":"https:\/\/shopatoa.com\/ro\/wp-json\/wp\/v2\/types\/product"}],"replies":[{"embeddable":true,"href":"https:\/\/shopatoa.com\/ro\/wp-json\/wp\/v2\/comments?post=254829"}],"wp:featuredmedia":[{"embeddable":true,"href":"https:\/\/shopatoa.com\/ro\/wp-json\/wp\/v2\/media\/254830"}],"wp:attachment":[{"href":"https:\/\/shopatoa.com\/ro\/wp-json\/wp\/v2\/media?parent=254829"}],"wp:term":[{"taxonomy":"product_brand","embeddable":true,"href":"https:\/\/shopatoa.com\/ro\/wp-json\/wp\/v2\/product_brand?post=254829"},{"taxonomy":"product_cat","embeddable":true,"href":"https:\/\/shopatoa.com\/ro\/wp-json\/wp\/v2\/product_cat?post=254829"},{"taxonomy":"product_tag","embeddable":true,"href":"https:\/\/shopatoa.com\/ro\/wp-json\/wp\/v2\/product_tag?post=254829"}],"curies":[{"name":"wp","href":"https:\/\/api.w.org\/{rel}","templated":true}]}}