{"id":254923,"date":"2025-04-26T02:16:57","date_gmt":"2025-04-26T00:16:57","guid":{"rendered":"https:\/\/shopatoa.com\/ro\/nivea-set-de-ingrijire-faciala-cellular-filler\/"},"modified":"2025-12-10T05:23:25","modified_gmt":"2025-12-10T04:23:25","slug":"nivea-set-de-ingrijire-faciala-cellular-filler","status":"publish","type":"product","link":"https:\/\/shopatoa.com\/ro\/nivea-set-de-ingrijire-faciala-cellular-filler\/","title":{"rendered":"Nivea Set de \u00eengrijire facial\u0103 Cellular Filler"},"content":{"rendered":"<p>V\u0103 \u00eentreba\u021bi cum s\u0103 reda\u021bi pielii elasticitatea \u0219i s\u0103 sc\u0103pa\u021bi de riduri? Ridurile nu sunt doar o consecin\u021b\u0103 natural\u0103 a \u00eemb\u0103tr\u00e2nirii pielii, ci \u0219i un semn al lipsei de hidratare. Formula lejer\u0103 \u0219i eficient\u0103 a serului de umplere nu doar c\u0103 umple pielea \u0219i reduce liniile fine \u0219i ridurile, ci \u0219i hidrateaz\u0103 intens pielea \u0219i o neteze\u0219te eficient. \u00cen plus, ac\u021bioneaz\u0103 ca o m\u0103sur\u0103 preventiv\u0103 \u00eempotriva apari\u021biei altor riduri. Concentratul de 20% acid hialuronic pur, combinat cu elixirul HYDRA, lupt\u0103 \u00eempotriva \u00eemb\u0103tr\u00e2nirii pielii \u0219i previne formarea altor riduri. Experimenta\u021bi efectul de umplere a pielii \u00een doar 24 de ore pe propria dumneavoastr\u0103 piele. Mai multe substan\u021be foarte eficiente se ocup\u0103 de structura celular\u0103 a pielii. Primul ajutor este acidul folic, care stimuleaz\u0103 regenerarea celulelor, sus\u021bine regenerarea lor \u0219i repar\u0103 celulele deteriorate, cum ar fi cele afectate de expunerea la soare. Astfel, pielea \u00eemb\u0103tr\u00e2ne\u0219te mai lent. \u00cen combina\u021bie cu acidul hialuronic dublu, pielea ob\u021bine fermitate \u0219i un aspect tineresc. \u00cen timp ce acidul hialuronic macro hidrateaz\u0103 \u0219i \u00eenmoaie intens, omologul s\u0103u micro p\u0103trunde ad\u00e2nc \u00een structura pielii, umpl\u00e2nd ridurile ad\u00e2nci \u0219i conferind pielii un aspect mai neted. Nu trebuie s\u0103 v\u0103 aminti\u021bi doar de o piele ferm\u0103 f\u0103r\u0103 riduri, pute\u021bi s\u0103 o redob\u00e2ndi\u021bi. Setul include: Crem\u0103 de zi anti-rid SPF 15 Cellular Expert Filler (Intensive Anti-Age Day Care) 50 ml Ser de umplere pentru ten Cellular Expert Filler (Hyaluron Serum) 30 ml<\/p>\n","protected":false},"excerpt":{"rendered":"<p>V\u0103 \u00eentreba\u021bi cum s\u0103 reda\u021bi pielii elasticitatea \u0219i s\u0103 sc\u0103pa\u021bi de riduri? Ridurile nu sunt doar o consecin\u021b\u0103 natural\u0103 a \u00eemb\u0103tr\u00e2nirii pielii, ci \u0219i un semn al lipsei de hidratare. Formula lejer\u0103 \u0219i eficient\u0103 a serului de umplere nu doar c\u0103 umple pielea \u0219i reduce liniile fine \u0219i ridurile, ci \u0219i hidrateaz\u0103 intens pielea \u0219i&#8230;<\/p>\n","protected":false},"featured_media":254924,"comment_status":"closed","ping_status":"open","template":"","meta":{"_acf_changed":false,"_kadence_starter_templates_imported_post":false,"_kad_post_transparent":"","_kad_post_title":"","_kad_post_layout":"","_kad_post_sidebar_id":"","_kad_post_content_style":"","_kad_post_vertical_padding":"","_kad_post_feature":"","_kad_post_feature_position":"","_kad_post_header":false,"_kad_post_footer":false,"_kad_post_classname":""},"product_brand":[91],"product_cat":[246,634,633,665],"product_tag":[],"class_list":{"0":"post-254923","1":"product","2":"type-product","3":"status-publish","4":"has-post-thumbnail","6":"product_brand-nivea","7":"product_cat-cosmetice","8":"product_cat-produse-cosmetice-de-ingrijire-a-pielii","9":"product_cat-produse-cosmetice-pentru-piele","10":"product_cat-produse-cosmetice-pentru-riduri-si-anti-imbatranire","12":"first","13":"instock","14":"sale","15":"product-type-external","16":"entry","17":"content-bg","18":"loop-entry"},"acf":[],"yoast_head":"<!-- This site is optimized with the Yoast SEO plugin v27.3 - https:\/\/yoast.com\/product\/yoast-seo-wordpress\/ -->\n<title>Nivea Set de \u00eengrijire facial\u0103 Cellular Filler - SHOPATOA.COM<\/title>\n<meta name=\"robots\" content=\"index, follow, max-snippet:-1, max-image-preview:large, max-video-preview:-1\" \/>\n<link rel=\"canonical\" href=\"https:\/\/shopatoa.com\/ro\/nivea-set-de-ingrijire-faciala-cellular-filler\/\" \/>\n<meta property=\"og:locale\" content=\"ro_RO\" \/>\n<meta property=\"og:type\" content=\"article\" \/>\n<meta property=\"og:title\" content=\"Nivea Set de \u00eengrijire facial\u0103 Cellular Filler - SHOPATOA.COM\" \/>\n<meta property=\"og:description\" content=\"V\u0103 \u00eentreba\u021bi cum s\u0103 reda\u021bi pielii elasticitatea \u0219i s\u0103 sc\u0103pa\u021bi de riduri? Ridurile nu sunt doar o consecin\u021b\u0103 natural\u0103 a \u00eemb\u0103tr\u00e2nirii pielii, ci \u0219i un semn al lipsei de hidratare. Formula lejer\u0103 \u0219i eficient\u0103 a serului de umplere nu doar c\u0103 umple pielea \u0219i reduce liniile fine \u0219i ridurile, ci \u0219i hidrateaz\u0103 intens pielea \u0219i...\" \/>\n<meta property=\"og:url\" content=\"https:\/\/shopatoa.com\/ro\/nivea-set-de-ingrijire-faciala-cellular-filler\/\" \/>\n<meta property=\"og:site_name\" content=\"SHOPATOA\" \/>\n<meta property=\"article:modified_time\" content=\"2025-12-10T04:23:25+00:00\" \/>\n<meta property=\"og:image\" content=\"https:\/\/storage.googleapis.com\/cz-shopatoa-img\/ro\/ec2a1baf-unnamed-file.webp\" \/>\n\t<meta property=\"og:image:width\" content=\"800\" \/>\n\t<meta property=\"og:image:height\" content=\"800\" \/>\n\t<meta property=\"og:image:type\" content=\"image\/webp\" \/>\n<meta name=\"twitter:card\" content=\"summary_large_image\" \/>\n<meta name=\"twitter:label1\" content=\"Timp estimat pentru citire\" \/>\n\t<meta name=\"twitter:data1\" content=\"1 minut\" \/>\n<script type=\"application\/ld+json\" class=\"yoast-schema-graph\">{\"@context\":\"https:\\\/\\\/schema.org\",\"@graph\":[{\"@type\":\"WebPage\",\"@id\":\"https:\\\/\\\/shopatoa.com\\\/ro\\\/nivea-set-de-ingrijire-faciala-cellular-filler\\\/\",\"url\":\"https:\\\/\\\/shopatoa.com\\\/ro\\\/nivea-set-de-ingrijire-faciala-cellular-filler\\\/\",\"name\":\"Nivea Set de \u00eengrijire facial\u0103 Cellular Filler - SHOPATOA.COM\",\"isPartOf\":{\"@id\":\"https:\\\/\\\/shopatoa.com\\\/ro\\\/#website\"},\"primaryImageOfPage\":{\"@id\":\"https:\\\/\\\/shopatoa.com\\\/ro\\\/nivea-set-de-ingrijire-faciala-cellular-filler\\\/#primaryimage\"},\"image\":{\"@id\":\"https:\\\/\\\/shopatoa.com\\\/ro\\\/nivea-set-de-ingrijire-faciala-cellular-filler\\\/#primaryimage\"},\"thumbnailUrl\":\"https:\\\/\\\/storage.googleapis.com\\\/cz-shopatoa-img\\\/ro\\\/ec2a1baf-unnamed-file.webp\",\"datePublished\":\"2025-04-26T00:16:57+00:00\",\"dateModified\":\"2025-12-10T04:23:25+00:00\",\"breadcrumb\":{\"@id\":\"https:\\\/\\\/shopatoa.com\\\/ro\\\/nivea-set-de-ingrijire-faciala-cellular-filler\\\/#breadcrumb\"},\"inLanguage\":\"ro-RO\",\"potentialAction\":[{\"@type\":\"ReadAction\",\"target\":[\"https:\\\/\\\/shopatoa.com\\\/ro\\\/nivea-set-de-ingrijire-faciala-cellular-filler\\\/\"]}]},{\"@type\":\"ImageObject\",\"inLanguage\":\"ro-RO\",\"@id\":\"https:\\\/\\\/shopatoa.com\\\/ro\\\/nivea-set-de-ingrijire-faciala-cellular-filler\\\/#primaryimage\",\"url\":\"https:\\\/\\\/storage.googleapis.com\\\/cz-shopatoa-img\\\/ro\\\/ec2a1baf-unnamed-file.webp\",\"contentUrl\":\"https:\\\/\\\/storage.googleapis.com\\\/cz-shopatoa-img\\\/ro\\\/ec2a1baf-unnamed-file.webp\",\"width\":800,\"height\":800},{\"@type\":\"BreadcrumbList\",\"@id\":\"https:\\\/\\\/shopatoa.com\\\/ro\\\/nivea-set-de-ingrijire-faciala-cellular-filler\\\/#breadcrumb\",\"itemListElement\":[{\"@type\":\"ListItem\",\"position\":1,\"name\":\"Dom\u016f\",\"item\":\"https:\\\/\\\/shopatoa.com\\\/ro\\\/\"},{\"@type\":\"ListItem\",\"position\":2,\"name\":\"Shop\",\"item\":\"https:\\\/\\\/shopatoa.com\\\/ro\\\/shop\\\/\"},{\"@type\":\"ListItem\",\"position\":3,\"name\":\"Cosmetice\",\"item\":\"https:\\\/\\\/shopatoa.com\\\/ro\\\/cosmetice\\\/\"},{\"@type\":\"ListItem\",\"position\":4,\"name\":\"Produse cosmetice pentru piele\",\"item\":\"https:\\\/\\\/shopatoa.com\\\/ro\\\/produse-cosmetice-pentru-piele\\\/\"},{\"@type\":\"ListItem\",\"position\":5,\"name\":\"Produse cosmetice de \u00eengrijire a pielii\",\"item\":\"https:\\\/\\\/shopatoa.com\\\/ro\\\/produse-cosmetice-de-ingrijire-a-pielii\\\/\"},{\"@type\":\"ListItem\",\"position\":6,\"name\":\"Produse cosmetice pentru riduri \u0219i anti-\u00eemb\u0103tr\u00e2nire\",\"item\":\"https:\\\/\\\/shopatoa.com\\\/ro\\\/produse-cosmetice-pentru-riduri-si-anti-imbatranire\\\/\"},{\"@type\":\"ListItem\",\"position\":7,\"name\":\"Nivea Set de \u00eengrijire facial\u0103 Cellular Filler\"}]},{\"@type\":\"WebSite\",\"@id\":\"https:\\\/\\\/shopatoa.com\\\/ro\\\/#website\",\"url\":\"https:\\\/\\\/shopatoa.com\\\/ro\\\/\",\"name\":\"SHOPATOA\",\"description\":\"\",\"publisher\":{\"@id\":\"https:\\\/\\\/shopatoa.com\\\/ro\\\/#organization\"},\"potentialAction\":[{\"@type\":\"SearchAction\",\"target\":{\"@type\":\"EntryPoint\",\"urlTemplate\":\"https:\\\/\\\/shopatoa.com\\\/ro\\\/?s={search_term_string}\"},\"query-input\":{\"@type\":\"PropertyValueSpecification\",\"valueRequired\":true,\"valueName\":\"search_term_string\"}}],\"inLanguage\":\"ro-RO\"},{\"@type\":\"Organization\",\"@id\":\"https:\\\/\\\/shopatoa.com\\\/ro\\\/#organization\",\"name\":\"SHOPATOA\",\"url\":\"https:\\\/\\\/shopatoa.com\\\/ro\\\/\",\"logo\":{\"@type\":\"ImageObject\",\"inLanguage\":\"ro-RO\",\"@id\":\"https:\\\/\\\/shopatoa.com\\\/ro\\\/#\\\/schema\\\/logo\\\/image\\\/\",\"url\":\"https:\\\/\\\/storage.googleapis.com\\\/cz-shopatoa-img\\\/ro\\\/b4dac915-shopatoa_logo.png\",\"contentUrl\":\"https:\\\/\\\/storage.googleapis.com\\\/cz-shopatoa-img\\\/ro\\\/b4dac915-shopatoa_logo.png\",\"width\":416,\"height\":63,\"caption\":\"SHOPATOA\"},\"image\":{\"@id\":\"https:\\\/\\\/shopatoa.com\\\/ro\\\/#\\\/schema\\\/logo\\\/image\\\/\"}}]}<\/script>\n<!-- \/ Yoast SEO plugin. -->","yoast_head_json":{"title":"Nivea Set de \u00eengrijire facial\u0103 Cellular Filler - SHOPATOA.COM","robots":{"index":"index","follow":"follow","max-snippet":"max-snippet:-1","max-image-preview":"max-image-preview:large","max-video-preview":"max-video-preview:-1"},"canonical":"https:\/\/shopatoa.com\/ro\/nivea-set-de-ingrijire-faciala-cellular-filler\/","og_locale":"ro_RO","og_type":"article","og_title":"Nivea Set de \u00eengrijire facial\u0103 Cellular Filler - SHOPATOA.COM","og_description":"V\u0103 \u00eentreba\u021bi cum s\u0103 reda\u021bi pielii elasticitatea \u0219i s\u0103 sc\u0103pa\u021bi de riduri? Ridurile nu sunt doar o consecin\u021b\u0103 natural\u0103 a \u00eemb\u0103tr\u00e2nirii pielii, ci \u0219i un semn al lipsei de hidratare. Formula lejer\u0103 \u0219i eficient\u0103 a serului de umplere nu doar c\u0103 umple pielea \u0219i reduce liniile fine \u0219i ridurile, ci \u0219i hidrateaz\u0103 intens pielea \u0219i...","og_url":"https:\/\/shopatoa.com\/ro\/nivea-set-de-ingrijire-faciala-cellular-filler\/","og_site_name":"SHOPATOA","article_modified_time":"2025-12-10T04:23:25+00:00","og_image":[{"width":800,"height":800,"url":"https:\/\/storage.googleapis.com\/cz-shopatoa-img\/ro\/ec2a1baf-unnamed-file.webp","type":"image\/webp"}],"twitter_card":"summary_large_image","twitter_misc":{"Timp estimat pentru citire":"1 minut"},"schema":{"@context":"https:\/\/schema.org","@graph":[{"@type":"WebPage","@id":"https:\/\/shopatoa.com\/ro\/nivea-set-de-ingrijire-faciala-cellular-filler\/","url":"https:\/\/shopatoa.com\/ro\/nivea-set-de-ingrijire-faciala-cellular-filler\/","name":"Nivea Set de \u00eengrijire facial\u0103 Cellular Filler - SHOPATOA.COM","isPartOf":{"@id":"https:\/\/shopatoa.com\/ro\/#website"},"primaryImageOfPage":{"@id":"https:\/\/shopatoa.com\/ro\/nivea-set-de-ingrijire-faciala-cellular-filler\/#primaryimage"},"image":{"@id":"https:\/\/shopatoa.com\/ro\/nivea-set-de-ingrijire-faciala-cellular-filler\/#primaryimage"},"thumbnailUrl":"https:\/\/storage.googleapis.com\/cz-shopatoa-img\/ro\/ec2a1baf-unnamed-file.webp","datePublished":"2025-04-26T00:16:57+00:00","dateModified":"2025-12-10T04:23:25+00:00","breadcrumb":{"@id":"https:\/\/shopatoa.com\/ro\/nivea-set-de-ingrijire-faciala-cellular-filler\/#breadcrumb"},"inLanguage":"ro-RO","potentialAction":[{"@type":"ReadAction","target":["https:\/\/shopatoa.com\/ro\/nivea-set-de-ingrijire-faciala-cellular-filler\/"]}]},{"@type":"ImageObject","inLanguage":"ro-RO","@id":"https:\/\/shopatoa.com\/ro\/nivea-set-de-ingrijire-faciala-cellular-filler\/#primaryimage","url":"https:\/\/storage.googleapis.com\/cz-shopatoa-img\/ro\/ec2a1baf-unnamed-file.webp","contentUrl":"https:\/\/storage.googleapis.com\/cz-shopatoa-img\/ro\/ec2a1baf-unnamed-file.webp","width":800,"height":800},{"@type":"BreadcrumbList","@id":"https:\/\/shopatoa.com\/ro\/nivea-set-de-ingrijire-faciala-cellular-filler\/#breadcrumb","itemListElement":[{"@type":"ListItem","position":1,"name":"Dom\u016f","item":"https:\/\/shopatoa.com\/ro\/"},{"@type":"ListItem","position":2,"name":"Shop","item":"https:\/\/shopatoa.com\/ro\/shop\/"},{"@type":"ListItem","position":3,"name":"Cosmetice","item":"https:\/\/shopatoa.com\/ro\/cosmetice\/"},{"@type":"ListItem","position":4,"name":"Produse cosmetice pentru piele","item":"https:\/\/shopatoa.com\/ro\/produse-cosmetice-pentru-piele\/"},{"@type":"ListItem","position":5,"name":"Produse cosmetice de \u00eengrijire a pielii","item":"https:\/\/shopatoa.com\/ro\/produse-cosmetice-de-ingrijire-a-pielii\/"},{"@type":"ListItem","position":6,"name":"Produse cosmetice pentru riduri \u0219i anti-\u00eemb\u0103tr\u00e2nire","item":"https:\/\/shopatoa.com\/ro\/produse-cosmetice-pentru-riduri-si-anti-imbatranire\/"},{"@type":"ListItem","position":7,"name":"Nivea Set de \u00eengrijire facial\u0103 Cellular Filler"}]},{"@type":"WebSite","@id":"https:\/\/shopatoa.com\/ro\/#website","url":"https:\/\/shopatoa.com\/ro\/","name":"SHOPATOA","description":"","publisher":{"@id":"https:\/\/shopatoa.com\/ro\/#organization"},"potentialAction":[{"@type":"SearchAction","target":{"@type":"EntryPoint","urlTemplate":"https:\/\/shopatoa.com\/ro\/?s={search_term_string}"},"query-input":{"@type":"PropertyValueSpecification","valueRequired":true,"valueName":"search_term_string"}}],"inLanguage":"ro-RO"},{"@type":"Organization","@id":"https:\/\/shopatoa.com\/ro\/#organization","name":"SHOPATOA","url":"https:\/\/shopatoa.com\/ro\/","logo":{"@type":"ImageObject","inLanguage":"ro-RO","@id":"https:\/\/shopatoa.com\/ro\/#\/schema\/logo\/image\/","url":"https:\/\/storage.googleapis.com\/cz-shopatoa-img\/ro\/b4dac915-shopatoa_logo.png","contentUrl":"https:\/\/storage.googleapis.com\/cz-shopatoa-img\/ro\/b4dac915-shopatoa_logo.png","width":416,"height":63,"caption":"SHOPATOA"},"image":{"@id":"https:\/\/shopatoa.com\/ro\/#\/schema\/logo\/image\/"}}]}},"_links":{"self":[{"href":"https:\/\/shopatoa.com\/ro\/wp-json\/wp\/v2\/product\/254923","targetHints":{"allow":["GET"]}}],"collection":[{"href":"https:\/\/shopatoa.com\/ro\/wp-json\/wp\/v2\/product"}],"about":[{"href":"https:\/\/shopatoa.com\/ro\/wp-json\/wp\/v2\/types\/product"}],"replies":[{"embeddable":true,"href":"https:\/\/shopatoa.com\/ro\/wp-json\/wp\/v2\/comments?post=254923"}],"wp:featuredmedia":[{"embeddable":true,"href":"https:\/\/shopatoa.com\/ro\/wp-json\/wp\/v2\/media\/254924"}],"wp:attachment":[{"href":"https:\/\/shopatoa.com\/ro\/wp-json\/wp\/v2\/media?parent=254923"}],"wp:term":[{"taxonomy":"product_brand","embeddable":true,"href":"https:\/\/shopatoa.com\/ro\/wp-json\/wp\/v2\/product_brand?post=254923"},{"taxonomy":"product_cat","embeddable":true,"href":"https:\/\/shopatoa.com\/ro\/wp-json\/wp\/v2\/product_cat?post=254923"},{"taxonomy":"product_tag","embeddable":true,"href":"https:\/\/shopatoa.com\/ro\/wp-json\/wp\/v2\/product_tag?post=254923"}],"curies":[{"name":"wp","href":"https:\/\/api.w.org\/{rel}","templated":true}]}}