{"id":254979,"date":"2025-04-26T02:31:04","date_gmt":"2025-04-26T00:31:04","guid":{"rendered":"https:\/\/shopatoa.com\/ro\/marvis-periuta-de-dinti-white-soft-toothbrush\/"},"modified":"2025-12-10T05:13:57","modified_gmt":"2025-12-10T04:13:57","slug":"marvis-periuta-de-dinti-white-soft-toothbrush","status":"publish","type":"product","link":"https:\/\/shopatoa.com\/ro\/marvis-periuta-de-dinti-white-soft-toothbrush\/","title":{"rendered":"Marvis Periu\u021ba de din\u021bi White Soft (Toothbrush)"},"content":{"rendered":"<p>Periu\u021ba de din\u021bi cu peri de nailon este ideal\u0103 pentru \u00eengrijirea bucal\u0103 zilnic\u0103. Stilul retro simplu \u0219i elegant se potrive\u0219te perfect cu marca florentin\u0103 Marvis. Datorit\u0103 carcasei practice, peria este perfect\u0103 at\u00e2t pentru uz casnic, c\u00e2t \u0219i pentru c\u0103l\u0103torii.<\/p>\n","protected":false},"excerpt":{"rendered":"<p>Periu\u021ba de din\u021bi cu peri de nailon este ideal\u0103 pentru \u00eengrijirea bucal\u0103 zilnic\u0103. Stilul retro simplu \u0219i elegant se potrive\u0219te perfect cu marca florentin\u0103 Marvis. Datorit\u0103 carcasei practice, peria este perfect\u0103 at\u00e2t pentru uz casnic, c\u00e2t \u0219i pentru c\u0103l\u0103torii.<\/p>\n","protected":false},"featured_media":254980,"comment_status":"closed","ping_status":"open","template":"","meta":{"_acf_changed":false,"_kadence_starter_templates_imported_post":false,"_kad_post_transparent":"","_kad_post_title":"","_kad_post_layout":"","_kad_post_sidebar_id":"","_kad_post_content_style":"","_kad_post_vertical_padding":"","_kad_post_feature":"","_kad_post_feature_position":"","_kad_post_header":false,"_kad_post_footer":false,"_kad_post_classname":""},"product_brand":[578],"product_cat":[246,709,746],"product_tag":[],"class_list":{"0":"post-254979","1":"product","2":"type-product","3":"status-publish","4":"has-post-thumbnail","6":"product_brand-marvis","7":"product_cat-cosmetice","8":"product_cat-ingrijirea-dentara","9":"product_cat-periute-de-dinti","11":"first","12":"instock","13":"sale","14":"product-type-external","15":"entry","16":"content-bg","17":"loop-entry"},"acf":[],"yoast_head":"<!-- This site is optimized with the Yoast SEO plugin v27.4 - https:\/\/yoast.com\/product\/yoast-seo-wordpress\/ -->\n<title>Marvis Periu\u021ba de din\u021bi White Soft (Toothbrush) - SHOPATOA.COM<\/title>\n<meta name=\"robots\" content=\"index, follow, max-snippet:-1, max-image-preview:large, max-video-preview:-1\" \/>\n<link rel=\"canonical\" href=\"https:\/\/shopatoa.com\/ro\/marvis-periuta-de-dinti-white-soft-toothbrush\/\" \/>\n<meta property=\"og:locale\" content=\"ro_RO\" \/>\n<meta property=\"og:type\" content=\"article\" \/>\n<meta property=\"og:title\" content=\"Marvis Periu\u021ba de din\u021bi White Soft (Toothbrush) - SHOPATOA.COM\" \/>\n<meta property=\"og:description\" content=\"Periu\u021ba de din\u021bi cu peri de nailon este ideal\u0103 pentru \u00eengrijirea bucal\u0103 zilnic\u0103. Stilul retro simplu \u0219i elegant se potrive\u0219te perfect cu marca florentin\u0103 Marvis. Datorit\u0103 carcasei practice, peria este perfect\u0103 at\u00e2t pentru uz casnic, c\u00e2t \u0219i pentru c\u0103l\u0103torii.\" \/>\n<meta property=\"og:url\" content=\"https:\/\/shopatoa.com\/ro\/marvis-periuta-de-dinti-white-soft-toothbrush\/\" \/>\n<meta property=\"og:site_name\" content=\"SHOPATOA\" \/>\n<meta property=\"article:modified_time\" content=\"2025-12-10T04:13:57+00:00\" \/>\n<meta property=\"og:image\" content=\"https:\/\/storage.googleapis.com\/cz-shopatoa-img\/ro\/e5e25fb4-unnamed-file.webp\" \/>\n\t<meta property=\"og:image:width\" content=\"800\" \/>\n\t<meta property=\"og:image:height\" content=\"800\" \/>\n\t<meta property=\"og:image:type\" content=\"image\/webp\" \/>\n<meta name=\"twitter:card\" content=\"summary_large_image\" \/>\n<script type=\"application\/ld+json\" class=\"yoast-schema-graph\">{\"@context\":\"https:\\\/\\\/schema.org\",\"@graph\":[{\"@type\":\"WebPage\",\"@id\":\"https:\\\/\\\/shopatoa.com\\\/ro\\\/marvis-periuta-de-dinti-white-soft-toothbrush\\\/\",\"url\":\"https:\\\/\\\/shopatoa.com\\\/ro\\\/marvis-periuta-de-dinti-white-soft-toothbrush\\\/\",\"name\":\"Marvis Periu\u021ba de din\u021bi White Soft (Toothbrush) - SHOPATOA.COM\",\"isPartOf\":{\"@id\":\"https:\\\/\\\/shopatoa.com\\\/ro\\\/#website\"},\"primaryImageOfPage\":{\"@id\":\"https:\\\/\\\/shopatoa.com\\\/ro\\\/marvis-periuta-de-dinti-white-soft-toothbrush\\\/#primaryimage\"},\"image\":{\"@id\":\"https:\\\/\\\/shopatoa.com\\\/ro\\\/marvis-periuta-de-dinti-white-soft-toothbrush\\\/#primaryimage\"},\"thumbnailUrl\":\"https:\\\/\\\/storage.googleapis.com\\\/cz-shopatoa-img\\\/ro\\\/e5e25fb4-unnamed-file.webp\",\"datePublished\":\"2025-04-26T00:31:04+00:00\",\"dateModified\":\"2025-12-10T04:13:57+00:00\",\"breadcrumb\":{\"@id\":\"https:\\\/\\\/shopatoa.com\\\/ro\\\/marvis-periuta-de-dinti-white-soft-toothbrush\\\/#breadcrumb\"},\"inLanguage\":\"ro-RO\",\"potentialAction\":[{\"@type\":\"ReadAction\",\"target\":[\"https:\\\/\\\/shopatoa.com\\\/ro\\\/marvis-periuta-de-dinti-white-soft-toothbrush\\\/\"]}]},{\"@type\":\"ImageObject\",\"inLanguage\":\"ro-RO\",\"@id\":\"https:\\\/\\\/shopatoa.com\\\/ro\\\/marvis-periuta-de-dinti-white-soft-toothbrush\\\/#primaryimage\",\"url\":\"https:\\\/\\\/storage.googleapis.com\\\/cz-shopatoa-img\\\/ro\\\/e5e25fb4-unnamed-file.webp\",\"contentUrl\":\"https:\\\/\\\/storage.googleapis.com\\\/cz-shopatoa-img\\\/ro\\\/e5e25fb4-unnamed-file.webp\",\"width\":800,\"height\":800},{\"@type\":\"BreadcrumbList\",\"@id\":\"https:\\\/\\\/shopatoa.com\\\/ro\\\/marvis-periuta-de-dinti-white-soft-toothbrush\\\/#breadcrumb\",\"itemListElement\":[{\"@type\":\"ListItem\",\"position\":1,\"name\":\"Dom\u016f\",\"item\":\"https:\\\/\\\/shopatoa.com\\\/ro\\\/\"},{\"@type\":\"ListItem\",\"position\":2,\"name\":\"Shop\",\"item\":\"https:\\\/\\\/shopatoa.com\\\/ro\\\/shop\\\/\"},{\"@type\":\"ListItem\",\"position\":3,\"name\":\"Cosmetice\",\"item\":\"https:\\\/\\\/shopatoa.com\\\/ro\\\/cosmetice\\\/\"},{\"@type\":\"ListItem\",\"position\":4,\"name\":\"\u00cengrijirea dentar\u0103\",\"item\":\"https:\\\/\\\/shopatoa.com\\\/ro\\\/ingrijirea-dentara\\\/\"},{\"@type\":\"ListItem\",\"position\":5,\"name\":\"Periu\u021be de din\u021bi\",\"item\":\"https:\\\/\\\/shopatoa.com\\\/ro\\\/periute-de-dinti\\\/\"},{\"@type\":\"ListItem\",\"position\":6,\"name\":\"Marvis Periu\u021ba de din\u021bi White Soft (Toothbrush)\"}]},{\"@type\":\"WebSite\",\"@id\":\"https:\\\/\\\/shopatoa.com\\\/ro\\\/#website\",\"url\":\"https:\\\/\\\/shopatoa.com\\\/ro\\\/\",\"name\":\"SHOPATOA\",\"description\":\"\",\"publisher\":{\"@id\":\"https:\\\/\\\/shopatoa.com\\\/ro\\\/#organization\"},\"potentialAction\":[{\"@type\":\"SearchAction\",\"target\":{\"@type\":\"EntryPoint\",\"urlTemplate\":\"https:\\\/\\\/shopatoa.com\\\/ro\\\/?s={search_term_string}\"},\"query-input\":{\"@type\":\"PropertyValueSpecification\",\"valueRequired\":true,\"valueName\":\"search_term_string\"}}],\"inLanguage\":\"ro-RO\"},{\"@type\":\"Organization\",\"@id\":\"https:\\\/\\\/shopatoa.com\\\/ro\\\/#organization\",\"name\":\"SHOPATOA\",\"url\":\"https:\\\/\\\/shopatoa.com\\\/ro\\\/\",\"logo\":{\"@type\":\"ImageObject\",\"inLanguage\":\"ro-RO\",\"@id\":\"https:\\\/\\\/shopatoa.com\\\/ro\\\/#\\\/schema\\\/logo\\\/image\\\/\",\"url\":\"https:\\\/\\\/storage.googleapis.com\\\/cz-shopatoa-img\\\/ro\\\/b4dac915-shopatoa_logo.png\",\"contentUrl\":\"https:\\\/\\\/storage.googleapis.com\\\/cz-shopatoa-img\\\/ro\\\/b4dac915-shopatoa_logo.png\",\"width\":416,\"height\":63,\"caption\":\"SHOPATOA\"},\"image\":{\"@id\":\"https:\\\/\\\/shopatoa.com\\\/ro\\\/#\\\/schema\\\/logo\\\/image\\\/\"}}]}<\/script>\n<!-- \/ Yoast SEO plugin. -->","yoast_head_json":{"title":"Marvis Periu\u021ba de din\u021bi White Soft (Toothbrush) - SHOPATOA.COM","robots":{"index":"index","follow":"follow","max-snippet":"max-snippet:-1","max-image-preview":"max-image-preview:large","max-video-preview":"max-video-preview:-1"},"canonical":"https:\/\/shopatoa.com\/ro\/marvis-periuta-de-dinti-white-soft-toothbrush\/","og_locale":"ro_RO","og_type":"article","og_title":"Marvis Periu\u021ba de din\u021bi White Soft (Toothbrush) - SHOPATOA.COM","og_description":"Periu\u021ba de din\u021bi cu peri de nailon este ideal\u0103 pentru \u00eengrijirea bucal\u0103 zilnic\u0103. Stilul retro simplu \u0219i elegant se potrive\u0219te perfect cu marca florentin\u0103 Marvis. Datorit\u0103 carcasei practice, peria este perfect\u0103 at\u00e2t pentru uz casnic, c\u00e2t \u0219i pentru c\u0103l\u0103torii.","og_url":"https:\/\/shopatoa.com\/ro\/marvis-periuta-de-dinti-white-soft-toothbrush\/","og_site_name":"SHOPATOA","article_modified_time":"2025-12-10T04:13:57+00:00","og_image":[{"width":800,"height":800,"url":"https:\/\/storage.googleapis.com\/cz-shopatoa-img\/ro\/e5e25fb4-unnamed-file.webp","type":"image\/webp"}],"twitter_card":"summary_large_image","schema":{"@context":"https:\/\/schema.org","@graph":[{"@type":"WebPage","@id":"https:\/\/shopatoa.com\/ro\/marvis-periuta-de-dinti-white-soft-toothbrush\/","url":"https:\/\/shopatoa.com\/ro\/marvis-periuta-de-dinti-white-soft-toothbrush\/","name":"Marvis Periu\u021ba de din\u021bi White Soft (Toothbrush) - SHOPATOA.COM","isPartOf":{"@id":"https:\/\/shopatoa.com\/ro\/#website"},"primaryImageOfPage":{"@id":"https:\/\/shopatoa.com\/ro\/marvis-periuta-de-dinti-white-soft-toothbrush\/#primaryimage"},"image":{"@id":"https:\/\/shopatoa.com\/ro\/marvis-periuta-de-dinti-white-soft-toothbrush\/#primaryimage"},"thumbnailUrl":"https:\/\/storage.googleapis.com\/cz-shopatoa-img\/ro\/e5e25fb4-unnamed-file.webp","datePublished":"2025-04-26T00:31:04+00:00","dateModified":"2025-12-10T04:13:57+00:00","breadcrumb":{"@id":"https:\/\/shopatoa.com\/ro\/marvis-periuta-de-dinti-white-soft-toothbrush\/#breadcrumb"},"inLanguage":"ro-RO","potentialAction":[{"@type":"ReadAction","target":["https:\/\/shopatoa.com\/ro\/marvis-periuta-de-dinti-white-soft-toothbrush\/"]}]},{"@type":"ImageObject","inLanguage":"ro-RO","@id":"https:\/\/shopatoa.com\/ro\/marvis-periuta-de-dinti-white-soft-toothbrush\/#primaryimage","url":"https:\/\/storage.googleapis.com\/cz-shopatoa-img\/ro\/e5e25fb4-unnamed-file.webp","contentUrl":"https:\/\/storage.googleapis.com\/cz-shopatoa-img\/ro\/e5e25fb4-unnamed-file.webp","width":800,"height":800},{"@type":"BreadcrumbList","@id":"https:\/\/shopatoa.com\/ro\/marvis-periuta-de-dinti-white-soft-toothbrush\/#breadcrumb","itemListElement":[{"@type":"ListItem","position":1,"name":"Dom\u016f","item":"https:\/\/shopatoa.com\/ro\/"},{"@type":"ListItem","position":2,"name":"Shop","item":"https:\/\/shopatoa.com\/ro\/shop\/"},{"@type":"ListItem","position":3,"name":"Cosmetice","item":"https:\/\/shopatoa.com\/ro\/cosmetice\/"},{"@type":"ListItem","position":4,"name":"\u00cengrijirea dentar\u0103","item":"https:\/\/shopatoa.com\/ro\/ingrijirea-dentara\/"},{"@type":"ListItem","position":5,"name":"Periu\u021be de din\u021bi","item":"https:\/\/shopatoa.com\/ro\/periute-de-dinti\/"},{"@type":"ListItem","position":6,"name":"Marvis Periu\u021ba de din\u021bi White Soft (Toothbrush)"}]},{"@type":"WebSite","@id":"https:\/\/shopatoa.com\/ro\/#website","url":"https:\/\/shopatoa.com\/ro\/","name":"SHOPATOA","description":"","publisher":{"@id":"https:\/\/shopatoa.com\/ro\/#organization"},"potentialAction":[{"@type":"SearchAction","target":{"@type":"EntryPoint","urlTemplate":"https:\/\/shopatoa.com\/ro\/?s={search_term_string}"},"query-input":{"@type":"PropertyValueSpecification","valueRequired":true,"valueName":"search_term_string"}}],"inLanguage":"ro-RO"},{"@type":"Organization","@id":"https:\/\/shopatoa.com\/ro\/#organization","name":"SHOPATOA","url":"https:\/\/shopatoa.com\/ro\/","logo":{"@type":"ImageObject","inLanguage":"ro-RO","@id":"https:\/\/shopatoa.com\/ro\/#\/schema\/logo\/image\/","url":"https:\/\/storage.googleapis.com\/cz-shopatoa-img\/ro\/b4dac915-shopatoa_logo.png","contentUrl":"https:\/\/storage.googleapis.com\/cz-shopatoa-img\/ro\/b4dac915-shopatoa_logo.png","width":416,"height":63,"caption":"SHOPATOA"},"image":{"@id":"https:\/\/shopatoa.com\/ro\/#\/schema\/logo\/image\/"}}]}},"_links":{"self":[{"href":"https:\/\/shopatoa.com\/ro\/wp-json\/wp\/v2\/product\/254979","targetHints":{"allow":["GET"]}}],"collection":[{"href":"https:\/\/shopatoa.com\/ro\/wp-json\/wp\/v2\/product"}],"about":[{"href":"https:\/\/shopatoa.com\/ro\/wp-json\/wp\/v2\/types\/product"}],"replies":[{"embeddable":true,"href":"https:\/\/shopatoa.com\/ro\/wp-json\/wp\/v2\/comments?post=254979"}],"wp:featuredmedia":[{"embeddable":true,"href":"https:\/\/shopatoa.com\/ro\/wp-json\/wp\/v2\/media\/254980"}],"wp:attachment":[{"href":"https:\/\/shopatoa.com\/ro\/wp-json\/wp\/v2\/media?parent=254979"}],"wp:term":[{"taxonomy":"product_brand","embeddable":true,"href":"https:\/\/shopatoa.com\/ro\/wp-json\/wp\/v2\/product_brand?post=254979"},{"taxonomy":"product_cat","embeddable":true,"href":"https:\/\/shopatoa.com\/ro\/wp-json\/wp\/v2\/product_cat?post=254979"},{"taxonomy":"product_tag","embeddable":true,"href":"https:\/\/shopatoa.com\/ro\/wp-json\/wp\/v2\/product_tag?post=254979"}],"curies":[{"name":"wp","href":"https:\/\/api.w.org\/{rel}","templated":true}]}}