{"id":255051,"date":"2025-04-26T02:46:42","date_gmt":"2025-04-26T00:46:42","guid":{"rendered":"https:\/\/shopatoa.com\/ro\/shu-uemura-spuma-de-styling-pentru-definirea-ondularilor-kaze-wave-curl-mousse-150-ml\/"},"modified":"2025-12-10T05:04:11","modified_gmt":"2025-12-10T04:04:11","slug":"shu-uemura-spuma-de-styling-pentru-definirea-ondularilor-kaze-wave-curl-mousse-150-ml","status":"publish","type":"product","link":"https:\/\/shopatoa.com\/ro\/shu-uemura-spuma-de-styling-pentru-definirea-ondularilor-kaze-wave-curl-mousse-150-ml\/","title":{"rendered":"Shu Uemura Spum\u0103 de styling pentru definirea ondul\u0103rilor Kaze Wave (Curl Mousse) 150 ml"},"content":{"rendered":"<p>Spuma de styling v\u0103 va oferi bucle perfect definite \u0219i ondul\u0103ri de plaj\u0103. Le ofer\u0103 fixare de lung\u0103 durat\u0103, moliciune, lejeritate \u0219i str\u0103lucire natural\u0103. Protejeaz\u0103 p\u0103rul de c\u0103ldur\u0103 \u0219i umiditate. previne despicarea p\u0103rului.<\/p>\n","protected":false},"excerpt":{"rendered":"<p>Spuma de styling v\u0103 va oferi bucle perfect definite \u0219i ondul\u0103ri de plaj\u0103. Le ofer\u0103 fixare de lung\u0103 durat\u0103, moliciune, lejeritate \u0219i str\u0103lucire natural\u0103. Protejeaz\u0103 p\u0103rul de c\u0103ldur\u0103 \u0219i umiditate. previne despicarea p\u0103rului.<\/p>\n","protected":false},"featured_media":255052,"comment_status":"closed","ping_status":"open","template":"","meta":{"_acf_changed":false,"_kadence_starter_templates_imported_post":false,"_kad_post_transparent":"","_kad_post_title":"","_kad_post_layout":"","_kad_post_sidebar_id":"","_kad_post_content_style":"","_kad_post_vertical_padding":"","_kad_post_feature":"","_kad_post_feature_position":"","_kad_post_header":false,"_kad_post_footer":false,"_kad_post_classname":""},"product_brand":[452],"product_cat":[246,667,623],"product_tag":[],"class_list":{"0":"post-255051","1":"product","2":"type-product","3":"status-publish","4":"has-post-thumbnail","6":"product_brand-shu-uemura","7":"product_cat-cosmetice","8":"product_cat-produse-cosmetice-de-styling","9":"product_cat-produse-cosmetice-pentru-par","11":"first","12":"instock","13":"sale","14":"product-type-external","15":"entry","16":"content-bg","17":"loop-entry"},"acf":[],"yoast_head":"<!-- This site is optimized with the Yoast SEO plugin v27.4 - https:\/\/yoast.com\/product\/yoast-seo-wordpress\/ -->\n<title>Shu Uemura Spum\u0103 de styling pentru definirea ondul\u0103rilor Kaze Wave (Curl Mousse) 150 ml - SHOPATOA.COM<\/title>\n<meta name=\"robots\" content=\"index, follow, max-snippet:-1, max-image-preview:large, max-video-preview:-1\" \/>\n<link rel=\"canonical\" href=\"https:\/\/shopatoa.com\/ro\/shu-uemura-spuma-de-styling-pentru-definirea-ondularilor-kaze-wave-curl-mousse-150-ml\/\" \/>\n<meta property=\"og:locale\" content=\"ro_RO\" \/>\n<meta property=\"og:type\" content=\"article\" \/>\n<meta property=\"og:title\" content=\"Shu Uemura Spum\u0103 de styling pentru definirea ondul\u0103rilor Kaze Wave (Curl Mousse) 150 ml - SHOPATOA.COM\" \/>\n<meta property=\"og:description\" content=\"Spuma de styling v\u0103 va oferi bucle perfect definite \u0219i ondul\u0103ri de plaj\u0103. Le ofer\u0103 fixare de lung\u0103 durat\u0103, moliciune, lejeritate \u0219i str\u0103lucire natural\u0103. Protejeaz\u0103 p\u0103rul de c\u0103ldur\u0103 \u0219i umiditate. previne despicarea p\u0103rului.\" \/>\n<meta property=\"og:url\" content=\"https:\/\/shopatoa.com\/ro\/shu-uemura-spuma-de-styling-pentru-definirea-ondularilor-kaze-wave-curl-mousse-150-ml\/\" \/>\n<meta property=\"og:site_name\" content=\"SHOPATOA\" \/>\n<meta property=\"article:modified_time\" content=\"2025-12-10T04:04:11+00:00\" \/>\n<meta property=\"og:image\" content=\"https:\/\/storage.googleapis.com\/cz-shopatoa-img\/ro\/c53a8838-unnamed-file.webp\" \/>\n\t<meta property=\"og:image:width\" content=\"800\" \/>\n\t<meta property=\"og:image:height\" content=\"800\" \/>\n\t<meta property=\"og:image:type\" content=\"image\/webp\" \/>\n<meta name=\"twitter:card\" content=\"summary_large_image\" \/>\n<script type=\"application\/ld+json\" class=\"yoast-schema-graph\">{\"@context\":\"https:\\\/\\\/schema.org\",\"@graph\":[{\"@type\":\"WebPage\",\"@id\":\"https:\\\/\\\/shopatoa.com\\\/ro\\\/shu-uemura-spuma-de-styling-pentru-definirea-ondularilor-kaze-wave-curl-mousse-150-ml\\\/\",\"url\":\"https:\\\/\\\/shopatoa.com\\\/ro\\\/shu-uemura-spuma-de-styling-pentru-definirea-ondularilor-kaze-wave-curl-mousse-150-ml\\\/\",\"name\":\"Shu Uemura Spum\u0103 de styling pentru definirea ondul\u0103rilor Kaze Wave (Curl Mousse) 150 ml - SHOPATOA.COM\",\"isPartOf\":{\"@id\":\"https:\\\/\\\/shopatoa.com\\\/ro\\\/#website\"},\"primaryImageOfPage\":{\"@id\":\"https:\\\/\\\/shopatoa.com\\\/ro\\\/shu-uemura-spuma-de-styling-pentru-definirea-ondularilor-kaze-wave-curl-mousse-150-ml\\\/#primaryimage\"},\"image\":{\"@id\":\"https:\\\/\\\/shopatoa.com\\\/ro\\\/shu-uemura-spuma-de-styling-pentru-definirea-ondularilor-kaze-wave-curl-mousse-150-ml\\\/#primaryimage\"},\"thumbnailUrl\":\"https:\\\/\\\/storage.googleapis.com\\\/cz-shopatoa-img\\\/ro\\\/c53a8838-unnamed-file.webp\",\"datePublished\":\"2025-04-26T00:46:42+00:00\",\"dateModified\":\"2025-12-10T04:04:11+00:00\",\"breadcrumb\":{\"@id\":\"https:\\\/\\\/shopatoa.com\\\/ro\\\/shu-uemura-spuma-de-styling-pentru-definirea-ondularilor-kaze-wave-curl-mousse-150-ml\\\/#breadcrumb\"},\"inLanguage\":\"ro-RO\",\"potentialAction\":[{\"@type\":\"ReadAction\",\"target\":[\"https:\\\/\\\/shopatoa.com\\\/ro\\\/shu-uemura-spuma-de-styling-pentru-definirea-ondularilor-kaze-wave-curl-mousse-150-ml\\\/\"]}]},{\"@type\":\"ImageObject\",\"inLanguage\":\"ro-RO\",\"@id\":\"https:\\\/\\\/shopatoa.com\\\/ro\\\/shu-uemura-spuma-de-styling-pentru-definirea-ondularilor-kaze-wave-curl-mousse-150-ml\\\/#primaryimage\",\"url\":\"https:\\\/\\\/storage.googleapis.com\\\/cz-shopatoa-img\\\/ro\\\/c53a8838-unnamed-file.webp\",\"contentUrl\":\"https:\\\/\\\/storage.googleapis.com\\\/cz-shopatoa-img\\\/ro\\\/c53a8838-unnamed-file.webp\",\"width\":800,\"height\":800},{\"@type\":\"BreadcrumbList\",\"@id\":\"https:\\\/\\\/shopatoa.com\\\/ro\\\/shu-uemura-spuma-de-styling-pentru-definirea-ondularilor-kaze-wave-curl-mousse-150-ml\\\/#breadcrumb\",\"itemListElement\":[{\"@type\":\"ListItem\",\"position\":1,\"name\":\"Dom\u016f\",\"item\":\"https:\\\/\\\/shopatoa.com\\\/ro\\\/\"},{\"@type\":\"ListItem\",\"position\":2,\"name\":\"Shop\",\"item\":\"https:\\\/\\\/shopatoa.com\\\/ro\\\/shop\\\/\"},{\"@type\":\"ListItem\",\"position\":3,\"name\":\"Cosmetice\",\"item\":\"https:\\\/\\\/shopatoa.com\\\/ro\\\/cosmetice\\\/\"},{\"@type\":\"ListItem\",\"position\":4,\"name\":\"Produse cosmetice pentru p\u0103r\",\"item\":\"https:\\\/\\\/shopatoa.com\\\/ro\\\/produse-cosmetice-pentru-par\\\/\"},{\"@type\":\"ListItem\",\"position\":5,\"name\":\"Produse cosmetice de styling\",\"item\":\"https:\\\/\\\/shopatoa.com\\\/ro\\\/produse-cosmetice-de-styling\\\/\"},{\"@type\":\"ListItem\",\"position\":6,\"name\":\"Shu Uemura Spum\u0103 de styling pentru definirea ondul\u0103rilor Kaze Wave (Curl Mousse) 150 ml\"}]},{\"@type\":\"WebSite\",\"@id\":\"https:\\\/\\\/shopatoa.com\\\/ro\\\/#website\",\"url\":\"https:\\\/\\\/shopatoa.com\\\/ro\\\/\",\"name\":\"SHOPATOA\",\"description\":\"\",\"publisher\":{\"@id\":\"https:\\\/\\\/shopatoa.com\\\/ro\\\/#organization\"},\"potentialAction\":[{\"@type\":\"SearchAction\",\"target\":{\"@type\":\"EntryPoint\",\"urlTemplate\":\"https:\\\/\\\/shopatoa.com\\\/ro\\\/?s={search_term_string}\"},\"query-input\":{\"@type\":\"PropertyValueSpecification\",\"valueRequired\":true,\"valueName\":\"search_term_string\"}}],\"inLanguage\":\"ro-RO\"},{\"@type\":\"Organization\",\"@id\":\"https:\\\/\\\/shopatoa.com\\\/ro\\\/#organization\",\"name\":\"SHOPATOA\",\"url\":\"https:\\\/\\\/shopatoa.com\\\/ro\\\/\",\"logo\":{\"@type\":\"ImageObject\",\"inLanguage\":\"ro-RO\",\"@id\":\"https:\\\/\\\/shopatoa.com\\\/ro\\\/#\\\/schema\\\/logo\\\/image\\\/\",\"url\":\"https:\\\/\\\/storage.googleapis.com\\\/cz-shopatoa-img\\\/ro\\\/b4dac915-shopatoa_logo.png\",\"contentUrl\":\"https:\\\/\\\/storage.googleapis.com\\\/cz-shopatoa-img\\\/ro\\\/b4dac915-shopatoa_logo.png\",\"width\":416,\"height\":63,\"caption\":\"SHOPATOA\"},\"image\":{\"@id\":\"https:\\\/\\\/shopatoa.com\\\/ro\\\/#\\\/schema\\\/logo\\\/image\\\/\"}}]}<\/script>\n<!-- \/ Yoast SEO plugin. -->","yoast_head_json":{"title":"Shu Uemura Spum\u0103 de styling pentru definirea ondul\u0103rilor Kaze Wave (Curl Mousse) 150 ml - SHOPATOA.COM","robots":{"index":"index","follow":"follow","max-snippet":"max-snippet:-1","max-image-preview":"max-image-preview:large","max-video-preview":"max-video-preview:-1"},"canonical":"https:\/\/shopatoa.com\/ro\/shu-uemura-spuma-de-styling-pentru-definirea-ondularilor-kaze-wave-curl-mousse-150-ml\/","og_locale":"ro_RO","og_type":"article","og_title":"Shu Uemura Spum\u0103 de styling pentru definirea ondul\u0103rilor Kaze Wave (Curl Mousse) 150 ml - SHOPATOA.COM","og_description":"Spuma de styling v\u0103 va oferi bucle perfect definite \u0219i ondul\u0103ri de plaj\u0103. Le ofer\u0103 fixare de lung\u0103 durat\u0103, moliciune, lejeritate \u0219i str\u0103lucire natural\u0103. Protejeaz\u0103 p\u0103rul de c\u0103ldur\u0103 \u0219i umiditate. previne despicarea p\u0103rului.","og_url":"https:\/\/shopatoa.com\/ro\/shu-uemura-spuma-de-styling-pentru-definirea-ondularilor-kaze-wave-curl-mousse-150-ml\/","og_site_name":"SHOPATOA","article_modified_time":"2025-12-10T04:04:11+00:00","og_image":[{"width":800,"height":800,"url":"https:\/\/storage.googleapis.com\/cz-shopatoa-img\/ro\/c53a8838-unnamed-file.webp","type":"image\/webp"}],"twitter_card":"summary_large_image","schema":{"@context":"https:\/\/schema.org","@graph":[{"@type":"WebPage","@id":"https:\/\/shopatoa.com\/ro\/shu-uemura-spuma-de-styling-pentru-definirea-ondularilor-kaze-wave-curl-mousse-150-ml\/","url":"https:\/\/shopatoa.com\/ro\/shu-uemura-spuma-de-styling-pentru-definirea-ondularilor-kaze-wave-curl-mousse-150-ml\/","name":"Shu Uemura Spum\u0103 de styling pentru definirea ondul\u0103rilor Kaze Wave (Curl Mousse) 150 ml - SHOPATOA.COM","isPartOf":{"@id":"https:\/\/shopatoa.com\/ro\/#website"},"primaryImageOfPage":{"@id":"https:\/\/shopatoa.com\/ro\/shu-uemura-spuma-de-styling-pentru-definirea-ondularilor-kaze-wave-curl-mousse-150-ml\/#primaryimage"},"image":{"@id":"https:\/\/shopatoa.com\/ro\/shu-uemura-spuma-de-styling-pentru-definirea-ondularilor-kaze-wave-curl-mousse-150-ml\/#primaryimage"},"thumbnailUrl":"https:\/\/storage.googleapis.com\/cz-shopatoa-img\/ro\/c53a8838-unnamed-file.webp","datePublished":"2025-04-26T00:46:42+00:00","dateModified":"2025-12-10T04:04:11+00:00","breadcrumb":{"@id":"https:\/\/shopatoa.com\/ro\/shu-uemura-spuma-de-styling-pentru-definirea-ondularilor-kaze-wave-curl-mousse-150-ml\/#breadcrumb"},"inLanguage":"ro-RO","potentialAction":[{"@type":"ReadAction","target":["https:\/\/shopatoa.com\/ro\/shu-uemura-spuma-de-styling-pentru-definirea-ondularilor-kaze-wave-curl-mousse-150-ml\/"]}]},{"@type":"ImageObject","inLanguage":"ro-RO","@id":"https:\/\/shopatoa.com\/ro\/shu-uemura-spuma-de-styling-pentru-definirea-ondularilor-kaze-wave-curl-mousse-150-ml\/#primaryimage","url":"https:\/\/storage.googleapis.com\/cz-shopatoa-img\/ro\/c53a8838-unnamed-file.webp","contentUrl":"https:\/\/storage.googleapis.com\/cz-shopatoa-img\/ro\/c53a8838-unnamed-file.webp","width":800,"height":800},{"@type":"BreadcrumbList","@id":"https:\/\/shopatoa.com\/ro\/shu-uemura-spuma-de-styling-pentru-definirea-ondularilor-kaze-wave-curl-mousse-150-ml\/#breadcrumb","itemListElement":[{"@type":"ListItem","position":1,"name":"Dom\u016f","item":"https:\/\/shopatoa.com\/ro\/"},{"@type":"ListItem","position":2,"name":"Shop","item":"https:\/\/shopatoa.com\/ro\/shop\/"},{"@type":"ListItem","position":3,"name":"Cosmetice","item":"https:\/\/shopatoa.com\/ro\/cosmetice\/"},{"@type":"ListItem","position":4,"name":"Produse cosmetice pentru p\u0103r","item":"https:\/\/shopatoa.com\/ro\/produse-cosmetice-pentru-par\/"},{"@type":"ListItem","position":5,"name":"Produse cosmetice de styling","item":"https:\/\/shopatoa.com\/ro\/produse-cosmetice-de-styling\/"},{"@type":"ListItem","position":6,"name":"Shu Uemura Spum\u0103 de styling pentru definirea ondul\u0103rilor Kaze Wave (Curl Mousse) 150 ml"}]},{"@type":"WebSite","@id":"https:\/\/shopatoa.com\/ro\/#website","url":"https:\/\/shopatoa.com\/ro\/","name":"SHOPATOA","description":"","publisher":{"@id":"https:\/\/shopatoa.com\/ro\/#organization"},"potentialAction":[{"@type":"SearchAction","target":{"@type":"EntryPoint","urlTemplate":"https:\/\/shopatoa.com\/ro\/?s={search_term_string}"},"query-input":{"@type":"PropertyValueSpecification","valueRequired":true,"valueName":"search_term_string"}}],"inLanguage":"ro-RO"},{"@type":"Organization","@id":"https:\/\/shopatoa.com\/ro\/#organization","name":"SHOPATOA","url":"https:\/\/shopatoa.com\/ro\/","logo":{"@type":"ImageObject","inLanguage":"ro-RO","@id":"https:\/\/shopatoa.com\/ro\/#\/schema\/logo\/image\/","url":"https:\/\/storage.googleapis.com\/cz-shopatoa-img\/ro\/b4dac915-shopatoa_logo.png","contentUrl":"https:\/\/storage.googleapis.com\/cz-shopatoa-img\/ro\/b4dac915-shopatoa_logo.png","width":416,"height":63,"caption":"SHOPATOA"},"image":{"@id":"https:\/\/shopatoa.com\/ro\/#\/schema\/logo\/image\/"}}]}},"_links":{"self":[{"href":"https:\/\/shopatoa.com\/ro\/wp-json\/wp\/v2\/product\/255051","targetHints":{"allow":["GET"]}}],"collection":[{"href":"https:\/\/shopatoa.com\/ro\/wp-json\/wp\/v2\/product"}],"about":[{"href":"https:\/\/shopatoa.com\/ro\/wp-json\/wp\/v2\/types\/product"}],"replies":[{"embeddable":true,"href":"https:\/\/shopatoa.com\/ro\/wp-json\/wp\/v2\/comments?post=255051"}],"wp:featuredmedia":[{"embeddable":true,"href":"https:\/\/shopatoa.com\/ro\/wp-json\/wp\/v2\/media\/255052"}],"wp:attachment":[{"href":"https:\/\/shopatoa.com\/ro\/wp-json\/wp\/v2\/media?parent=255051"}],"wp:term":[{"taxonomy":"product_brand","embeddable":true,"href":"https:\/\/shopatoa.com\/ro\/wp-json\/wp\/v2\/product_brand?post=255051"},{"taxonomy":"product_cat","embeddable":true,"href":"https:\/\/shopatoa.com\/ro\/wp-json\/wp\/v2\/product_cat?post=255051"},{"taxonomy":"product_tag","embeddable":true,"href":"https:\/\/shopatoa.com\/ro\/wp-json\/wp\/v2\/product_tag?post=255051"}],"curies":[{"name":"wp","href":"https:\/\/api.w.org\/{rel}","templated":true}]}}