{"id":255117,"date":"2025-04-26T03:01:24","date_gmt":"2025-04-26T01:01:24","guid":{"rendered":"https:\/\/shopatoa.com\/ro\/attitude-iluminator-cremos-in-baton-oceanly-highlighter-85-g-golden-rose\/"},"modified":"2025-11-06T20:36:08","modified_gmt":"2025-11-06T19:36:08","slug":"attitude-iluminator-cremos-in-baton-oceanly-highlighter-85-g-golden-rose","status":"publish","type":"product","link":"https:\/\/shopatoa.com\/ro\/attitude-iluminator-cremos-in-baton-oceanly-highlighter-85-g-golden-rose\/","title":{"rendered":"Attitude Iluminator cremos \u00een baton Oceanly (Highlighter) 8,5 g Golden Rose"},"content":{"rendered":"<p>Crema de iluminare compact\u0103 ofer\u0103 fe\u021bei un efect imediat de str\u0103lucire \u0219i str\u0103lucire. Consisten\u021ba iluminatorului este u\u0219oar\u0103, respirabil\u0103, u\u0219or de aplicat \u0219i arat\u0103 natural. Formula inovatoare con\u021bine ingrediente active precum fitoglicogen hidratant \u0219i extract de alge pentru o piele hidratata \u0219i supl\u0103.<\/p>\n","protected":false},"excerpt":{"rendered":"<p>Crema de iluminare compact\u0103 ofer\u0103 fe\u021bei un efect imediat de str\u0103lucire \u0219i str\u0103lucire. Consisten\u021ba iluminatorului este u\u0219oar\u0103, respirabil\u0103, u\u0219or de aplicat \u0219i arat\u0103 natural. Formula inovatoare con\u021bine ingrediente active precum fitoglicogen hidratant \u0219i extract de alge pentru o piele hidratata \u0219i supl\u0103.<\/p>\n","protected":false},"featured_media":255118,"comment_status":"closed","ping_status":"open","template":"","meta":{"_acf_changed":false,"_kadence_starter_templates_imported_post":false,"_kad_post_transparent":"","_kad_post_title":"","_kad_post_layout":"","_kad_post_sidebar_id":"","_kad_post_content_style":"","_kad_post_vertical_padding":"","_kad_post_feature":"","_kad_post_feature_position":"","_kad_post_header":false,"_kad_post_footer":false,"_kad_post_classname":""},"product_brand":[585],"product_cat":[686,246,609,616],"product_tag":[],"class_list":{"0":"post-255117","1":"product","2":"type-product","3":"status-publish","4":"has-post-thumbnail","6":"product_brand-attitude","7":"product_cat-corector-de-ten-set-contur","8":"product_cat-cosmetice","9":"product_cat-cosmetice-decorative","10":"product_cat-machiaj-pentru-fata","12":"first","13":"instock","14":"sale","15":"product-type-external","16":"entry","17":"content-bg","18":"loop-entry"},"acf":[],"yoast_head":"<!-- This site is optimized with the Yoast SEO plugin v27.3 - https:\/\/yoast.com\/product\/yoast-seo-wordpress\/ -->\n<title>Attitude Iluminator cremos \u00een baton Oceanly (Highlighter) 8,5 g Golden Rose - SHOPATOA.COM<\/title>\n<meta name=\"robots\" content=\"index, follow, max-snippet:-1, max-image-preview:large, max-video-preview:-1\" \/>\n<link rel=\"canonical\" href=\"https:\/\/shopatoa.com\/ro\/attitude-iluminator-cremos-in-baton-oceanly-highlighter-85-g-golden-rose\/\" \/>\n<meta property=\"og:locale\" content=\"ro_RO\" \/>\n<meta property=\"og:type\" content=\"article\" \/>\n<meta property=\"og:title\" content=\"Attitude Iluminator cremos \u00een baton Oceanly (Highlighter) 8,5 g Golden Rose - SHOPATOA.COM\" \/>\n<meta property=\"og:description\" content=\"Crema de iluminare compact\u0103 ofer\u0103 fe\u021bei un efect imediat de str\u0103lucire \u0219i str\u0103lucire. Consisten\u021ba iluminatorului este u\u0219oar\u0103, respirabil\u0103, u\u0219or de aplicat \u0219i arat\u0103 natural. Formula inovatoare con\u021bine ingrediente active precum fitoglicogen hidratant \u0219i extract de alge pentru o piele hidratata \u0219i supl\u0103.\" \/>\n<meta property=\"og:url\" content=\"https:\/\/shopatoa.com\/ro\/attitude-iluminator-cremos-in-baton-oceanly-highlighter-85-g-golden-rose\/\" \/>\n<meta property=\"og:site_name\" content=\"SHOPATOA\" \/>\n<meta property=\"article:modified_time\" content=\"2025-11-06T19:36:08+00:00\" \/>\n<meta property=\"og:image\" content=\"https:\/\/storage.googleapis.com\/cz-shopatoa-img\/ro\/e436a5bd-unnamed-file.webp\" \/>\n\t<meta property=\"og:image:width\" content=\"800\" \/>\n\t<meta property=\"og:image:height\" content=\"800\" \/>\n\t<meta property=\"og:image:type\" content=\"image\/webp\" \/>\n<meta name=\"twitter:card\" content=\"summary_large_image\" \/>\n<script type=\"application\/ld+json\" class=\"yoast-schema-graph\">{\"@context\":\"https:\\\/\\\/schema.org\",\"@graph\":[{\"@type\":\"WebPage\",\"@id\":\"https:\\\/\\\/shopatoa.com\\\/ro\\\/attitude-iluminator-cremos-in-baton-oceanly-highlighter-85-g-golden-rose\\\/\",\"url\":\"https:\\\/\\\/shopatoa.com\\\/ro\\\/attitude-iluminator-cremos-in-baton-oceanly-highlighter-85-g-golden-rose\\\/\",\"name\":\"Attitude Iluminator cremos \u00een baton Oceanly (Highlighter) 8,5 g Golden Rose - SHOPATOA.COM\",\"isPartOf\":{\"@id\":\"https:\\\/\\\/shopatoa.com\\\/ro\\\/#website\"},\"primaryImageOfPage\":{\"@id\":\"https:\\\/\\\/shopatoa.com\\\/ro\\\/attitude-iluminator-cremos-in-baton-oceanly-highlighter-85-g-golden-rose\\\/#primaryimage\"},\"image\":{\"@id\":\"https:\\\/\\\/shopatoa.com\\\/ro\\\/attitude-iluminator-cremos-in-baton-oceanly-highlighter-85-g-golden-rose\\\/#primaryimage\"},\"thumbnailUrl\":\"https:\\\/\\\/storage.googleapis.com\\\/cz-shopatoa-img\\\/ro\\\/e436a5bd-unnamed-file.webp\",\"datePublished\":\"2025-04-26T01:01:24+00:00\",\"dateModified\":\"2025-11-06T19:36:08+00:00\",\"breadcrumb\":{\"@id\":\"https:\\\/\\\/shopatoa.com\\\/ro\\\/attitude-iluminator-cremos-in-baton-oceanly-highlighter-85-g-golden-rose\\\/#breadcrumb\"},\"inLanguage\":\"ro-RO\",\"potentialAction\":[{\"@type\":\"ReadAction\",\"target\":[\"https:\\\/\\\/shopatoa.com\\\/ro\\\/attitude-iluminator-cremos-in-baton-oceanly-highlighter-85-g-golden-rose\\\/\"]}]},{\"@type\":\"ImageObject\",\"inLanguage\":\"ro-RO\",\"@id\":\"https:\\\/\\\/shopatoa.com\\\/ro\\\/attitude-iluminator-cremos-in-baton-oceanly-highlighter-85-g-golden-rose\\\/#primaryimage\",\"url\":\"https:\\\/\\\/storage.googleapis.com\\\/cz-shopatoa-img\\\/ro\\\/e436a5bd-unnamed-file.webp\",\"contentUrl\":\"https:\\\/\\\/storage.googleapis.com\\\/cz-shopatoa-img\\\/ro\\\/e436a5bd-unnamed-file.webp\",\"width\":800,\"height\":800},{\"@type\":\"BreadcrumbList\",\"@id\":\"https:\\\/\\\/shopatoa.com\\\/ro\\\/attitude-iluminator-cremos-in-baton-oceanly-highlighter-85-g-golden-rose\\\/#breadcrumb\",\"itemListElement\":[{\"@type\":\"ListItem\",\"position\":1,\"name\":\"Dom\u016f\",\"item\":\"https:\\\/\\\/shopatoa.com\\\/ro\\\/\"},{\"@type\":\"ListItem\",\"position\":2,\"name\":\"Shop\",\"item\":\"https:\\\/\\\/shopatoa.com\\\/ro\\\/shop\\\/\"},{\"@type\":\"ListItem\",\"position\":3,\"name\":\"Cosmetice\",\"item\":\"https:\\\/\\\/shopatoa.com\\\/ro\\\/cosmetice\\\/\"},{\"@type\":\"ListItem\",\"position\":4,\"name\":\"Cosmetice decorative\",\"item\":\"https:\\\/\\\/shopatoa.com\\\/ro\\\/cosmetice-decorative\\\/\"},{\"@type\":\"ListItem\",\"position\":5,\"name\":\"Machiaj pentru fa\u021ba\",\"item\":\"https:\\\/\\\/shopatoa.com\\\/ro\\\/machiaj-pentru-fata\\\/\"},{\"@type\":\"ListItem\",\"position\":6,\"name\":\"Corector de ten, set contur\",\"item\":\"https:\\\/\\\/shopatoa.com\\\/ro\\\/corector-de-ten-set-contur\\\/\"},{\"@type\":\"ListItem\",\"position\":7,\"name\":\"Attitude Iluminator cremos \u00een baton Oceanly (Highlighter) 8,5 g Golden Rose\"}]},{\"@type\":\"WebSite\",\"@id\":\"https:\\\/\\\/shopatoa.com\\\/ro\\\/#website\",\"url\":\"https:\\\/\\\/shopatoa.com\\\/ro\\\/\",\"name\":\"SHOPATOA\",\"description\":\"\",\"publisher\":{\"@id\":\"https:\\\/\\\/shopatoa.com\\\/ro\\\/#organization\"},\"potentialAction\":[{\"@type\":\"SearchAction\",\"target\":{\"@type\":\"EntryPoint\",\"urlTemplate\":\"https:\\\/\\\/shopatoa.com\\\/ro\\\/?s={search_term_string}\"},\"query-input\":{\"@type\":\"PropertyValueSpecification\",\"valueRequired\":true,\"valueName\":\"search_term_string\"}}],\"inLanguage\":\"ro-RO\"},{\"@type\":\"Organization\",\"@id\":\"https:\\\/\\\/shopatoa.com\\\/ro\\\/#organization\",\"name\":\"SHOPATOA\",\"url\":\"https:\\\/\\\/shopatoa.com\\\/ro\\\/\",\"logo\":{\"@type\":\"ImageObject\",\"inLanguage\":\"ro-RO\",\"@id\":\"https:\\\/\\\/shopatoa.com\\\/ro\\\/#\\\/schema\\\/logo\\\/image\\\/\",\"url\":\"https:\\\/\\\/storage.googleapis.com\\\/cz-shopatoa-img\\\/ro\\\/b4dac915-shopatoa_logo.png\",\"contentUrl\":\"https:\\\/\\\/storage.googleapis.com\\\/cz-shopatoa-img\\\/ro\\\/b4dac915-shopatoa_logo.png\",\"width\":416,\"height\":63,\"caption\":\"SHOPATOA\"},\"image\":{\"@id\":\"https:\\\/\\\/shopatoa.com\\\/ro\\\/#\\\/schema\\\/logo\\\/image\\\/\"}}]}<\/script>\n<!-- \/ Yoast SEO plugin. -->","yoast_head_json":{"title":"Attitude Iluminator cremos \u00een baton Oceanly (Highlighter) 8,5 g Golden Rose - SHOPATOA.COM","robots":{"index":"index","follow":"follow","max-snippet":"max-snippet:-1","max-image-preview":"max-image-preview:large","max-video-preview":"max-video-preview:-1"},"canonical":"https:\/\/shopatoa.com\/ro\/attitude-iluminator-cremos-in-baton-oceanly-highlighter-85-g-golden-rose\/","og_locale":"ro_RO","og_type":"article","og_title":"Attitude Iluminator cremos \u00een baton Oceanly (Highlighter) 8,5 g Golden Rose - SHOPATOA.COM","og_description":"Crema de iluminare compact\u0103 ofer\u0103 fe\u021bei un efect imediat de str\u0103lucire \u0219i str\u0103lucire. Consisten\u021ba iluminatorului este u\u0219oar\u0103, respirabil\u0103, u\u0219or de aplicat \u0219i arat\u0103 natural. Formula inovatoare con\u021bine ingrediente active precum fitoglicogen hidratant \u0219i extract de alge pentru o piele hidratata \u0219i supl\u0103.","og_url":"https:\/\/shopatoa.com\/ro\/attitude-iluminator-cremos-in-baton-oceanly-highlighter-85-g-golden-rose\/","og_site_name":"SHOPATOA","article_modified_time":"2025-11-06T19:36:08+00:00","og_image":[{"width":800,"height":800,"url":"https:\/\/storage.googleapis.com\/cz-shopatoa-img\/ro\/e436a5bd-unnamed-file.webp","type":"image\/webp"}],"twitter_card":"summary_large_image","schema":{"@context":"https:\/\/schema.org","@graph":[{"@type":"WebPage","@id":"https:\/\/shopatoa.com\/ro\/attitude-iluminator-cremos-in-baton-oceanly-highlighter-85-g-golden-rose\/","url":"https:\/\/shopatoa.com\/ro\/attitude-iluminator-cremos-in-baton-oceanly-highlighter-85-g-golden-rose\/","name":"Attitude Iluminator cremos \u00een baton Oceanly (Highlighter) 8,5 g Golden Rose - SHOPATOA.COM","isPartOf":{"@id":"https:\/\/shopatoa.com\/ro\/#website"},"primaryImageOfPage":{"@id":"https:\/\/shopatoa.com\/ro\/attitude-iluminator-cremos-in-baton-oceanly-highlighter-85-g-golden-rose\/#primaryimage"},"image":{"@id":"https:\/\/shopatoa.com\/ro\/attitude-iluminator-cremos-in-baton-oceanly-highlighter-85-g-golden-rose\/#primaryimage"},"thumbnailUrl":"https:\/\/storage.googleapis.com\/cz-shopatoa-img\/ro\/e436a5bd-unnamed-file.webp","datePublished":"2025-04-26T01:01:24+00:00","dateModified":"2025-11-06T19:36:08+00:00","breadcrumb":{"@id":"https:\/\/shopatoa.com\/ro\/attitude-iluminator-cremos-in-baton-oceanly-highlighter-85-g-golden-rose\/#breadcrumb"},"inLanguage":"ro-RO","potentialAction":[{"@type":"ReadAction","target":["https:\/\/shopatoa.com\/ro\/attitude-iluminator-cremos-in-baton-oceanly-highlighter-85-g-golden-rose\/"]}]},{"@type":"ImageObject","inLanguage":"ro-RO","@id":"https:\/\/shopatoa.com\/ro\/attitude-iluminator-cremos-in-baton-oceanly-highlighter-85-g-golden-rose\/#primaryimage","url":"https:\/\/storage.googleapis.com\/cz-shopatoa-img\/ro\/e436a5bd-unnamed-file.webp","contentUrl":"https:\/\/storage.googleapis.com\/cz-shopatoa-img\/ro\/e436a5bd-unnamed-file.webp","width":800,"height":800},{"@type":"BreadcrumbList","@id":"https:\/\/shopatoa.com\/ro\/attitude-iluminator-cremos-in-baton-oceanly-highlighter-85-g-golden-rose\/#breadcrumb","itemListElement":[{"@type":"ListItem","position":1,"name":"Dom\u016f","item":"https:\/\/shopatoa.com\/ro\/"},{"@type":"ListItem","position":2,"name":"Shop","item":"https:\/\/shopatoa.com\/ro\/shop\/"},{"@type":"ListItem","position":3,"name":"Cosmetice","item":"https:\/\/shopatoa.com\/ro\/cosmetice\/"},{"@type":"ListItem","position":4,"name":"Cosmetice decorative","item":"https:\/\/shopatoa.com\/ro\/cosmetice-decorative\/"},{"@type":"ListItem","position":5,"name":"Machiaj pentru fa\u021ba","item":"https:\/\/shopatoa.com\/ro\/machiaj-pentru-fata\/"},{"@type":"ListItem","position":6,"name":"Corector de ten, set contur","item":"https:\/\/shopatoa.com\/ro\/corector-de-ten-set-contur\/"},{"@type":"ListItem","position":7,"name":"Attitude Iluminator cremos \u00een baton Oceanly (Highlighter) 8,5 g Golden Rose"}]},{"@type":"WebSite","@id":"https:\/\/shopatoa.com\/ro\/#website","url":"https:\/\/shopatoa.com\/ro\/","name":"SHOPATOA","description":"","publisher":{"@id":"https:\/\/shopatoa.com\/ro\/#organization"},"potentialAction":[{"@type":"SearchAction","target":{"@type":"EntryPoint","urlTemplate":"https:\/\/shopatoa.com\/ro\/?s={search_term_string}"},"query-input":{"@type":"PropertyValueSpecification","valueRequired":true,"valueName":"search_term_string"}}],"inLanguage":"ro-RO"},{"@type":"Organization","@id":"https:\/\/shopatoa.com\/ro\/#organization","name":"SHOPATOA","url":"https:\/\/shopatoa.com\/ro\/","logo":{"@type":"ImageObject","inLanguage":"ro-RO","@id":"https:\/\/shopatoa.com\/ro\/#\/schema\/logo\/image\/","url":"https:\/\/storage.googleapis.com\/cz-shopatoa-img\/ro\/b4dac915-shopatoa_logo.png","contentUrl":"https:\/\/storage.googleapis.com\/cz-shopatoa-img\/ro\/b4dac915-shopatoa_logo.png","width":416,"height":63,"caption":"SHOPATOA"},"image":{"@id":"https:\/\/shopatoa.com\/ro\/#\/schema\/logo\/image\/"}}]}},"_links":{"self":[{"href":"https:\/\/shopatoa.com\/ro\/wp-json\/wp\/v2\/product\/255117","targetHints":{"allow":["GET"]}}],"collection":[{"href":"https:\/\/shopatoa.com\/ro\/wp-json\/wp\/v2\/product"}],"about":[{"href":"https:\/\/shopatoa.com\/ro\/wp-json\/wp\/v2\/types\/product"}],"replies":[{"embeddable":true,"href":"https:\/\/shopatoa.com\/ro\/wp-json\/wp\/v2\/comments?post=255117"}],"wp:featuredmedia":[{"embeddable":true,"href":"https:\/\/shopatoa.com\/ro\/wp-json\/wp\/v2\/media\/255118"}],"wp:attachment":[{"href":"https:\/\/shopatoa.com\/ro\/wp-json\/wp\/v2\/media?parent=255117"}],"wp:term":[{"taxonomy":"product_brand","embeddable":true,"href":"https:\/\/shopatoa.com\/ro\/wp-json\/wp\/v2\/product_brand?post=255117"},{"taxonomy":"product_cat","embeddable":true,"href":"https:\/\/shopatoa.com\/ro\/wp-json\/wp\/v2\/product_cat?post=255117"},{"taxonomy":"product_tag","embeddable":true,"href":"https:\/\/shopatoa.com\/ro\/wp-json\/wp\/v2\/product_tag?post=255117"}],"curies":[{"name":"wp","href":"https:\/\/api.w.org\/{rel}","templated":true}]}}