{"id":255121,"date":"2025-04-26T03:01:42","date_gmt":"2025-04-26T01:01:42","guid":{"rendered":"https:\/\/shopatoa.com\/ro\/attitude-stick-de-protectie-mineral-pentru-corp-orange-blossom-spf-30-sunly-mineral-sunscreen-stick-60-g\/"},"modified":"2025-12-10T04:54:21","modified_gmt":"2025-12-10T03:54:21","slug":"attitude-stick-de-protectie-mineral-pentru-corp-orange-blossom-spf-30-sunly-mineral-sunscreen-stick-60-g","status":"publish","type":"product","link":"https:\/\/shopatoa.com\/ro\/attitude-stick-de-protectie-mineral-pentru-corp-orange-blossom-spf-30-sunly-mineral-sunscreen-stick-60-g\/","title":{"rendered":"Attitude Stick de protec\u021bie mineral pentru corp Orange Blossom SPF 30 Sunly (Mineral Sunscreen Stick) 60 g"},"content":{"rendered":"<p>Crem\u0103 solar\u0103 mineral\u0103 hipoalergenic\u0103, 100% natural\u0103, vegan\u0103 sub form\u0103 de stick cu protec\u021bie ridicat\u0103 \u00eempotriva radia\u021biilor UVA \u0219i UVB SPF 30. Stickul con\u021bine ulei de cocos \u0219i unt de shea pentru o hidratare eficient\u0103 a pielii, precum \u0219i ingrediente protectoare de origine doar mineral\u0103 \u0219i vegetal\u0103. Crema are un parfum natural de flori de portocal. Stickul creeaz\u0103 o barier\u0103 u\u0219oar\u0103 pe piele care este protejat\u0103 de efectele negative ale razelor solare, f\u0103r\u0103 contactul cu substan\u021be sau substan\u021be chimice nocive. Substan\u021ba activ\u0103 este oxidul de zinc f\u0103r\u0103 nanoparticule, care ofer\u0103 protec\u021bie cu spectru larg.<\/p>\n","protected":false},"excerpt":{"rendered":"<p>Crem\u0103 solar\u0103 mineral\u0103 hipoalergenic\u0103, 100% natural\u0103, vegan\u0103 sub form\u0103 de stick cu protec\u021bie ridicat\u0103 \u00eempotriva radia\u021biilor UVA \u0219i UVB SPF 30. Stickul con\u021bine ulei de cocos \u0219i unt de shea pentru o hidratare eficient\u0103 a pielii, precum \u0219i ingrediente protectoare de origine doar mineral\u0103 \u0219i vegetal\u0103. Crema are un parfum natural de flori de portocal&#8230;.<\/p>\n","protected":false},"featured_media":255122,"comment_status":"closed","ping_status":"open","template":"","meta":{"_acf_changed":false,"_kadence_starter_templates_imported_post":false,"_kad_post_transparent":"","_kad_post_title":"","_kad_post_layout":"","_kad_post_sidebar_id":"","_kad_post_content_style":"","_kad_post_vertical_padding":"","_kad_post_feature":"","_kad_post_feature_position":"","_kad_post_header":false,"_kad_post_footer":false,"_kad_post_classname":""},"product_brand":[585],"product_cat":[246,642,643],"product_tag":[],"class_list":{"0":"post-255121","1":"product","2":"type-product","3":"status-publish","4":"has-post-thumbnail","6":"product_brand-attitude","7":"product_cat-cosmetice","8":"product_cat-cosmetice-de-protectie-solara","9":"product_cat-produse-pentru-bronzare","11":"first","12":"instock","13":"sale","14":"product-type-external","15":"entry","16":"content-bg","17":"loop-entry"},"acf":[],"yoast_head":"<!-- This site is optimized with the Yoast SEO plugin v27.3 - https:\/\/yoast.com\/product\/yoast-seo-wordpress\/ -->\n<title>Attitude Stick de protec\u021bie mineral pentru corp Orange Blossom SPF 30 Sunly (Mineral Sunscreen Stick) 60 g - SHOPATOA.COM<\/title>\n<meta name=\"robots\" content=\"index, follow, max-snippet:-1, max-image-preview:large, max-video-preview:-1\" \/>\n<link rel=\"canonical\" href=\"https:\/\/shopatoa.com\/ro\/attitude-stick-de-protectie-mineral-pentru-corp-orange-blossom-spf-30-sunly-mineral-sunscreen-stick-60-g\/\" \/>\n<meta property=\"og:locale\" content=\"ro_RO\" \/>\n<meta property=\"og:type\" content=\"article\" \/>\n<meta property=\"og:title\" content=\"Attitude Stick de protec\u021bie mineral pentru corp Orange Blossom SPF 30 Sunly (Mineral Sunscreen Stick) 60 g - SHOPATOA.COM\" \/>\n<meta property=\"og:description\" content=\"Crem\u0103 solar\u0103 mineral\u0103 hipoalergenic\u0103, 100% natural\u0103, vegan\u0103 sub form\u0103 de stick cu protec\u021bie ridicat\u0103 \u00eempotriva radia\u021biilor UVA \u0219i UVB SPF 30. Stickul con\u021bine ulei de cocos \u0219i unt de shea pentru o hidratare eficient\u0103 a pielii, precum \u0219i ingrediente protectoare de origine doar mineral\u0103 \u0219i vegetal\u0103. Crema are un parfum natural de flori de portocal....\" \/>\n<meta property=\"og:url\" content=\"https:\/\/shopatoa.com\/ro\/attitude-stick-de-protectie-mineral-pentru-corp-orange-blossom-spf-30-sunly-mineral-sunscreen-stick-60-g\/\" \/>\n<meta property=\"og:site_name\" content=\"SHOPATOA\" \/>\n<meta property=\"article:modified_time\" content=\"2025-12-10T03:54:21+00:00\" \/>\n<meta property=\"og:image\" content=\"https:\/\/storage.googleapis.com\/cz-shopatoa-img\/ro\/1ad47815-unnamed-file.webp\" \/>\n\t<meta property=\"og:image:width\" content=\"800\" \/>\n\t<meta property=\"og:image:height\" content=\"800\" \/>\n\t<meta property=\"og:image:type\" content=\"image\/webp\" \/>\n<meta name=\"twitter:card\" content=\"summary_large_image\" \/>\n<meta name=\"twitter:label1\" content=\"Timp estimat pentru citire\" \/>\n\t<meta name=\"twitter:data1\" content=\"1 minut\" \/>\n<script type=\"application\/ld+json\" class=\"yoast-schema-graph\">{\"@context\":\"https:\\\/\\\/schema.org\",\"@graph\":[{\"@type\":\"WebPage\",\"@id\":\"https:\\\/\\\/shopatoa.com\\\/ro\\\/attitude-stick-de-protectie-mineral-pentru-corp-orange-blossom-spf-30-sunly-mineral-sunscreen-stick-60-g\\\/\",\"url\":\"https:\\\/\\\/shopatoa.com\\\/ro\\\/attitude-stick-de-protectie-mineral-pentru-corp-orange-blossom-spf-30-sunly-mineral-sunscreen-stick-60-g\\\/\",\"name\":\"Attitude Stick de protec\u021bie mineral pentru corp Orange Blossom SPF 30 Sunly (Mineral Sunscreen Stick) 60 g - SHOPATOA.COM\",\"isPartOf\":{\"@id\":\"https:\\\/\\\/shopatoa.com\\\/ro\\\/#website\"},\"primaryImageOfPage\":{\"@id\":\"https:\\\/\\\/shopatoa.com\\\/ro\\\/attitude-stick-de-protectie-mineral-pentru-corp-orange-blossom-spf-30-sunly-mineral-sunscreen-stick-60-g\\\/#primaryimage\"},\"image\":{\"@id\":\"https:\\\/\\\/shopatoa.com\\\/ro\\\/attitude-stick-de-protectie-mineral-pentru-corp-orange-blossom-spf-30-sunly-mineral-sunscreen-stick-60-g\\\/#primaryimage\"},\"thumbnailUrl\":\"https:\\\/\\\/storage.googleapis.com\\\/cz-shopatoa-img\\\/ro\\\/1ad47815-unnamed-file.webp\",\"datePublished\":\"2025-04-26T01:01:42+00:00\",\"dateModified\":\"2025-12-10T03:54:21+00:00\",\"breadcrumb\":{\"@id\":\"https:\\\/\\\/shopatoa.com\\\/ro\\\/attitude-stick-de-protectie-mineral-pentru-corp-orange-blossom-spf-30-sunly-mineral-sunscreen-stick-60-g\\\/#breadcrumb\"},\"inLanguage\":\"ro-RO\",\"potentialAction\":[{\"@type\":\"ReadAction\",\"target\":[\"https:\\\/\\\/shopatoa.com\\\/ro\\\/attitude-stick-de-protectie-mineral-pentru-corp-orange-blossom-spf-30-sunly-mineral-sunscreen-stick-60-g\\\/\"]}]},{\"@type\":\"ImageObject\",\"inLanguage\":\"ro-RO\",\"@id\":\"https:\\\/\\\/shopatoa.com\\\/ro\\\/attitude-stick-de-protectie-mineral-pentru-corp-orange-blossom-spf-30-sunly-mineral-sunscreen-stick-60-g\\\/#primaryimage\",\"url\":\"https:\\\/\\\/storage.googleapis.com\\\/cz-shopatoa-img\\\/ro\\\/1ad47815-unnamed-file.webp\",\"contentUrl\":\"https:\\\/\\\/storage.googleapis.com\\\/cz-shopatoa-img\\\/ro\\\/1ad47815-unnamed-file.webp\",\"width\":800,\"height\":800},{\"@type\":\"BreadcrumbList\",\"@id\":\"https:\\\/\\\/shopatoa.com\\\/ro\\\/attitude-stick-de-protectie-mineral-pentru-corp-orange-blossom-spf-30-sunly-mineral-sunscreen-stick-60-g\\\/#breadcrumb\",\"itemListElement\":[{\"@type\":\"ListItem\",\"position\":1,\"name\":\"Dom\u016f\",\"item\":\"https:\\\/\\\/shopatoa.com\\\/ro\\\/\"},{\"@type\":\"ListItem\",\"position\":2,\"name\":\"Shop\",\"item\":\"https:\\\/\\\/shopatoa.com\\\/ro\\\/shop\\\/\"},{\"@type\":\"ListItem\",\"position\":3,\"name\":\"Cosmetice\",\"item\":\"https:\\\/\\\/shopatoa.com\\\/ro\\\/cosmetice\\\/\"},{\"@type\":\"ListItem\",\"position\":4,\"name\":\"Cosmetice de protec\u021bie solar\u0103\",\"item\":\"https:\\\/\\\/shopatoa.com\\\/ro\\\/cosmetice-de-protectie-solara\\\/\"},{\"@type\":\"ListItem\",\"position\":5,\"name\":\"Produse pentru bronzare\",\"item\":\"https:\\\/\\\/shopatoa.com\\\/ro\\\/produse-pentru-bronzare\\\/\"},{\"@type\":\"ListItem\",\"position\":6,\"name\":\"Attitude Stick de protec\u021bie mineral pentru corp Orange Blossom SPF 30 Sunly (Mineral Sunscreen Stick) 60 g\"}]},{\"@type\":\"WebSite\",\"@id\":\"https:\\\/\\\/shopatoa.com\\\/ro\\\/#website\",\"url\":\"https:\\\/\\\/shopatoa.com\\\/ro\\\/\",\"name\":\"SHOPATOA\",\"description\":\"\",\"publisher\":{\"@id\":\"https:\\\/\\\/shopatoa.com\\\/ro\\\/#organization\"},\"potentialAction\":[{\"@type\":\"SearchAction\",\"target\":{\"@type\":\"EntryPoint\",\"urlTemplate\":\"https:\\\/\\\/shopatoa.com\\\/ro\\\/?s={search_term_string}\"},\"query-input\":{\"@type\":\"PropertyValueSpecification\",\"valueRequired\":true,\"valueName\":\"search_term_string\"}}],\"inLanguage\":\"ro-RO\"},{\"@type\":\"Organization\",\"@id\":\"https:\\\/\\\/shopatoa.com\\\/ro\\\/#organization\",\"name\":\"SHOPATOA\",\"url\":\"https:\\\/\\\/shopatoa.com\\\/ro\\\/\",\"logo\":{\"@type\":\"ImageObject\",\"inLanguage\":\"ro-RO\",\"@id\":\"https:\\\/\\\/shopatoa.com\\\/ro\\\/#\\\/schema\\\/logo\\\/image\\\/\",\"url\":\"https:\\\/\\\/storage.googleapis.com\\\/cz-shopatoa-img\\\/ro\\\/b4dac915-shopatoa_logo.png\",\"contentUrl\":\"https:\\\/\\\/storage.googleapis.com\\\/cz-shopatoa-img\\\/ro\\\/b4dac915-shopatoa_logo.png\",\"width\":416,\"height\":63,\"caption\":\"SHOPATOA\"},\"image\":{\"@id\":\"https:\\\/\\\/shopatoa.com\\\/ro\\\/#\\\/schema\\\/logo\\\/image\\\/\"}}]}<\/script>\n<!-- \/ Yoast SEO plugin. -->","yoast_head_json":{"title":"Attitude Stick de protec\u021bie mineral pentru corp Orange Blossom SPF 30 Sunly (Mineral Sunscreen Stick) 60 g - SHOPATOA.COM","robots":{"index":"index","follow":"follow","max-snippet":"max-snippet:-1","max-image-preview":"max-image-preview:large","max-video-preview":"max-video-preview:-1"},"canonical":"https:\/\/shopatoa.com\/ro\/attitude-stick-de-protectie-mineral-pentru-corp-orange-blossom-spf-30-sunly-mineral-sunscreen-stick-60-g\/","og_locale":"ro_RO","og_type":"article","og_title":"Attitude Stick de protec\u021bie mineral pentru corp Orange Blossom SPF 30 Sunly (Mineral Sunscreen Stick) 60 g - SHOPATOA.COM","og_description":"Crem\u0103 solar\u0103 mineral\u0103 hipoalergenic\u0103, 100% natural\u0103, vegan\u0103 sub form\u0103 de stick cu protec\u021bie ridicat\u0103 \u00eempotriva radia\u021biilor UVA \u0219i UVB SPF 30. Stickul con\u021bine ulei de cocos \u0219i unt de shea pentru o hidratare eficient\u0103 a pielii, precum \u0219i ingrediente protectoare de origine doar mineral\u0103 \u0219i vegetal\u0103. Crema are un parfum natural de flori de portocal....","og_url":"https:\/\/shopatoa.com\/ro\/attitude-stick-de-protectie-mineral-pentru-corp-orange-blossom-spf-30-sunly-mineral-sunscreen-stick-60-g\/","og_site_name":"SHOPATOA","article_modified_time":"2025-12-10T03:54:21+00:00","og_image":[{"width":800,"height":800,"url":"https:\/\/storage.googleapis.com\/cz-shopatoa-img\/ro\/1ad47815-unnamed-file.webp","type":"image\/webp"}],"twitter_card":"summary_large_image","twitter_misc":{"Timp estimat pentru citire":"1 minut"},"schema":{"@context":"https:\/\/schema.org","@graph":[{"@type":"WebPage","@id":"https:\/\/shopatoa.com\/ro\/attitude-stick-de-protectie-mineral-pentru-corp-orange-blossom-spf-30-sunly-mineral-sunscreen-stick-60-g\/","url":"https:\/\/shopatoa.com\/ro\/attitude-stick-de-protectie-mineral-pentru-corp-orange-blossom-spf-30-sunly-mineral-sunscreen-stick-60-g\/","name":"Attitude Stick de protec\u021bie mineral pentru corp Orange Blossom SPF 30 Sunly (Mineral Sunscreen Stick) 60 g - SHOPATOA.COM","isPartOf":{"@id":"https:\/\/shopatoa.com\/ro\/#website"},"primaryImageOfPage":{"@id":"https:\/\/shopatoa.com\/ro\/attitude-stick-de-protectie-mineral-pentru-corp-orange-blossom-spf-30-sunly-mineral-sunscreen-stick-60-g\/#primaryimage"},"image":{"@id":"https:\/\/shopatoa.com\/ro\/attitude-stick-de-protectie-mineral-pentru-corp-orange-blossom-spf-30-sunly-mineral-sunscreen-stick-60-g\/#primaryimage"},"thumbnailUrl":"https:\/\/storage.googleapis.com\/cz-shopatoa-img\/ro\/1ad47815-unnamed-file.webp","datePublished":"2025-04-26T01:01:42+00:00","dateModified":"2025-12-10T03:54:21+00:00","breadcrumb":{"@id":"https:\/\/shopatoa.com\/ro\/attitude-stick-de-protectie-mineral-pentru-corp-orange-blossom-spf-30-sunly-mineral-sunscreen-stick-60-g\/#breadcrumb"},"inLanguage":"ro-RO","potentialAction":[{"@type":"ReadAction","target":["https:\/\/shopatoa.com\/ro\/attitude-stick-de-protectie-mineral-pentru-corp-orange-blossom-spf-30-sunly-mineral-sunscreen-stick-60-g\/"]}]},{"@type":"ImageObject","inLanguage":"ro-RO","@id":"https:\/\/shopatoa.com\/ro\/attitude-stick-de-protectie-mineral-pentru-corp-orange-blossom-spf-30-sunly-mineral-sunscreen-stick-60-g\/#primaryimage","url":"https:\/\/storage.googleapis.com\/cz-shopatoa-img\/ro\/1ad47815-unnamed-file.webp","contentUrl":"https:\/\/storage.googleapis.com\/cz-shopatoa-img\/ro\/1ad47815-unnamed-file.webp","width":800,"height":800},{"@type":"BreadcrumbList","@id":"https:\/\/shopatoa.com\/ro\/attitude-stick-de-protectie-mineral-pentru-corp-orange-blossom-spf-30-sunly-mineral-sunscreen-stick-60-g\/#breadcrumb","itemListElement":[{"@type":"ListItem","position":1,"name":"Dom\u016f","item":"https:\/\/shopatoa.com\/ro\/"},{"@type":"ListItem","position":2,"name":"Shop","item":"https:\/\/shopatoa.com\/ro\/shop\/"},{"@type":"ListItem","position":3,"name":"Cosmetice","item":"https:\/\/shopatoa.com\/ro\/cosmetice\/"},{"@type":"ListItem","position":4,"name":"Cosmetice de protec\u021bie solar\u0103","item":"https:\/\/shopatoa.com\/ro\/cosmetice-de-protectie-solara\/"},{"@type":"ListItem","position":5,"name":"Produse pentru bronzare","item":"https:\/\/shopatoa.com\/ro\/produse-pentru-bronzare\/"},{"@type":"ListItem","position":6,"name":"Attitude Stick de protec\u021bie mineral pentru corp Orange Blossom SPF 30 Sunly (Mineral Sunscreen Stick) 60 g"}]},{"@type":"WebSite","@id":"https:\/\/shopatoa.com\/ro\/#website","url":"https:\/\/shopatoa.com\/ro\/","name":"SHOPATOA","description":"","publisher":{"@id":"https:\/\/shopatoa.com\/ro\/#organization"},"potentialAction":[{"@type":"SearchAction","target":{"@type":"EntryPoint","urlTemplate":"https:\/\/shopatoa.com\/ro\/?s={search_term_string}"},"query-input":{"@type":"PropertyValueSpecification","valueRequired":true,"valueName":"search_term_string"}}],"inLanguage":"ro-RO"},{"@type":"Organization","@id":"https:\/\/shopatoa.com\/ro\/#organization","name":"SHOPATOA","url":"https:\/\/shopatoa.com\/ro\/","logo":{"@type":"ImageObject","inLanguage":"ro-RO","@id":"https:\/\/shopatoa.com\/ro\/#\/schema\/logo\/image\/","url":"https:\/\/storage.googleapis.com\/cz-shopatoa-img\/ro\/b4dac915-shopatoa_logo.png","contentUrl":"https:\/\/storage.googleapis.com\/cz-shopatoa-img\/ro\/b4dac915-shopatoa_logo.png","width":416,"height":63,"caption":"SHOPATOA"},"image":{"@id":"https:\/\/shopatoa.com\/ro\/#\/schema\/logo\/image\/"}}]}},"_links":{"self":[{"href":"https:\/\/shopatoa.com\/ro\/wp-json\/wp\/v2\/product\/255121","targetHints":{"allow":["GET"]}}],"collection":[{"href":"https:\/\/shopatoa.com\/ro\/wp-json\/wp\/v2\/product"}],"about":[{"href":"https:\/\/shopatoa.com\/ro\/wp-json\/wp\/v2\/types\/product"}],"replies":[{"embeddable":true,"href":"https:\/\/shopatoa.com\/ro\/wp-json\/wp\/v2\/comments?post=255121"}],"wp:featuredmedia":[{"embeddable":true,"href":"https:\/\/shopatoa.com\/ro\/wp-json\/wp\/v2\/media\/255122"}],"wp:attachment":[{"href":"https:\/\/shopatoa.com\/ro\/wp-json\/wp\/v2\/media?parent=255121"}],"wp:term":[{"taxonomy":"product_brand","embeddable":true,"href":"https:\/\/shopatoa.com\/ro\/wp-json\/wp\/v2\/product_brand?post=255121"},{"taxonomy":"product_cat","embeddable":true,"href":"https:\/\/shopatoa.com\/ro\/wp-json\/wp\/v2\/product_cat?post=255121"},{"taxonomy":"product_tag","embeddable":true,"href":"https:\/\/shopatoa.com\/ro\/wp-json\/wp\/v2\/product_tag?post=255121"}],"curies":[{"name":"wp","href":"https:\/\/api.w.org\/{rel}","templated":true}]}}