{"id":255145,"date":"2025-04-26T03:06:38","date_gmt":"2025-04-26T01:06:38","guid":{"rendered":"https:\/\/shopatoa.com\/ro\/dermacol-rimel-pentru-volum-just-mascara-extreme-volume-fast-effect-mascara-125-ml-black\/"},"modified":"2025-12-10T04:53:22","modified_gmt":"2025-12-10T03:53:22","slug":"dermacol-rimel-pentru-volum-just-mascara-extreme-volume-fast-effect-mascara-125-ml-black","status":"publish","type":"product","link":"https:\/\/shopatoa.com\/ro\/dermacol-rimel-pentru-volum-just-mascara-extreme-volume-fast-effect-mascara-125-ml-black\/","title":{"rendered":"Dermacol Rimel pentru volum Just Mascara (Extreme Volume &amp; Fast Effect Mascara) 12,5 ml Black"},"content":{"rendered":"<p>Ob\u021bine\u021bi un volum extrem al genelor cu rimelul Just Mascara. Separ\u0103 perfect genele, le onduleaz\u0103 \u0219i, datorit\u0103 unei perii speciale, \u00eembrac\u0103 cu culoare chiar \u0219i cea mai scurt\u0103 gean\u0103 din col\u021bul ochiului. Rimelul nu numai c\u0103 eviden\u021biaz\u0103 perfect genele, ci \u0219i le \u00eengrije\u0219te. \u0218i asta datorit\u0103 con\u021binutului de ulei de argan \u0219i migdale. R\u0103sf\u0103\u021ba\u021bi-v\u0103 cu gene perfecte toat\u0103 ziua.<\/p>\n","protected":false},"excerpt":{"rendered":"<p>Ob\u021bine\u021bi un volum extrem al genelor cu rimelul Just Mascara. Separ\u0103 perfect genele, le onduleaz\u0103 \u0219i, datorit\u0103 unei perii speciale, \u00eembrac\u0103 cu culoare chiar \u0219i cea mai scurt\u0103 gean\u0103 din col\u021bul ochiului. Rimelul nu numai c\u0103 eviden\u021biaz\u0103 perfect genele, ci \u0219i le \u00eengrije\u0219te. \u0218i asta datorit\u0103 con\u021binutului de ulei de argan \u0219i migdale. R\u0103sf\u0103\u021ba\u021bi-v\u0103 cu&#8230;<\/p>\n","protected":false},"featured_media":255146,"comment_status":"closed","ping_status":"open","template":"","meta":{"_acf_changed":false,"_kadence_starter_templates_imported_post":false,"_kad_post_transparent":"","_kad_post_title":"","_kad_post_layout":"","_kad_post_sidebar_id":"","_kad_post_content_style":"","_kad_post_vertical_padding":"","_kad_post_feature":"","_kad_post_feature_position":"","_kad_post_header":false,"_kad_post_footer":false,"_kad_post_classname":""},"product_brand":[126],"product_cat":[246,609,631,632],"product_tag":[],"class_list":{"0":"post-255145","1":"product","2":"type-product","3":"status-publish","4":"has-post-thumbnail","6":"product_brand-dermacol","7":"product_cat-cosmetice","8":"product_cat-cosmetice-decorative","9":"product_cat-machiaj-pentru-ochi","10":"product_cat-rimele","12":"first","13":"instock","14":"sale","15":"product-type-external","16":"entry","17":"content-bg","18":"loop-entry"},"acf":[],"yoast_head":"<!-- This site is optimized with the Yoast SEO plugin v27.3 - https:\/\/yoast.com\/product\/yoast-seo-wordpress\/ -->\n<title>Dermacol Rimel pentru volum Just Mascara (Extreme Volume &amp; Fast Effect Mascara) 12,5 ml Black - SHOPATOA.COM<\/title>\n<meta name=\"robots\" content=\"index, follow, max-snippet:-1, max-image-preview:large, max-video-preview:-1\" \/>\n<link rel=\"canonical\" href=\"https:\/\/shopatoa.com\/ro\/dermacol-rimel-pentru-volum-just-mascara-extreme-volume-fast-effect-mascara-125-ml-black\/\" \/>\n<meta property=\"og:locale\" content=\"ro_RO\" \/>\n<meta property=\"og:type\" content=\"article\" \/>\n<meta property=\"og:title\" content=\"Dermacol Rimel pentru volum Just Mascara (Extreme Volume &amp; Fast Effect Mascara) 12,5 ml Black - SHOPATOA.COM\" \/>\n<meta property=\"og:description\" content=\"Ob\u021bine\u021bi un volum extrem al genelor cu rimelul Just Mascara. Separ\u0103 perfect genele, le onduleaz\u0103 \u0219i, datorit\u0103 unei perii speciale, \u00eembrac\u0103 cu culoare chiar \u0219i cea mai scurt\u0103 gean\u0103 din col\u021bul ochiului. Rimelul nu numai c\u0103 eviden\u021biaz\u0103 perfect genele, ci \u0219i le \u00eengrije\u0219te. \u0218i asta datorit\u0103 con\u021binutului de ulei de argan \u0219i migdale. R\u0103sf\u0103\u021ba\u021bi-v\u0103 cu...\" \/>\n<meta property=\"og:url\" content=\"https:\/\/shopatoa.com\/ro\/dermacol-rimel-pentru-volum-just-mascara-extreme-volume-fast-effect-mascara-125-ml-black\/\" \/>\n<meta property=\"og:site_name\" content=\"SHOPATOA\" \/>\n<meta property=\"article:modified_time\" content=\"2025-12-10T03:53:22+00:00\" \/>\n<meta property=\"og:image\" content=\"https:\/\/storage.googleapis.com\/cz-shopatoa-img\/ro\/1409710f-unnamed-file.webp\" \/>\n\t<meta property=\"og:image:width\" content=\"800\" \/>\n\t<meta property=\"og:image:height\" content=\"800\" \/>\n\t<meta property=\"og:image:type\" content=\"image\/webp\" \/>\n<meta name=\"twitter:card\" content=\"summary_large_image\" \/>\n<script type=\"application\/ld+json\" class=\"yoast-schema-graph\">{\"@context\":\"https:\\\/\\\/schema.org\",\"@graph\":[{\"@type\":\"WebPage\",\"@id\":\"https:\\\/\\\/shopatoa.com\\\/ro\\\/dermacol-rimel-pentru-volum-just-mascara-extreme-volume-fast-effect-mascara-125-ml-black\\\/\",\"url\":\"https:\\\/\\\/shopatoa.com\\\/ro\\\/dermacol-rimel-pentru-volum-just-mascara-extreme-volume-fast-effect-mascara-125-ml-black\\\/\",\"name\":\"Dermacol Rimel pentru volum Just Mascara (Extreme Volume & Fast Effect Mascara) 12,5 ml Black - SHOPATOA.COM\",\"isPartOf\":{\"@id\":\"https:\\\/\\\/shopatoa.com\\\/ro\\\/#website\"},\"primaryImageOfPage\":{\"@id\":\"https:\\\/\\\/shopatoa.com\\\/ro\\\/dermacol-rimel-pentru-volum-just-mascara-extreme-volume-fast-effect-mascara-125-ml-black\\\/#primaryimage\"},\"image\":{\"@id\":\"https:\\\/\\\/shopatoa.com\\\/ro\\\/dermacol-rimel-pentru-volum-just-mascara-extreme-volume-fast-effect-mascara-125-ml-black\\\/#primaryimage\"},\"thumbnailUrl\":\"https:\\\/\\\/storage.googleapis.com\\\/cz-shopatoa-img\\\/ro\\\/1409710f-unnamed-file.webp\",\"datePublished\":\"2025-04-26T01:06:38+00:00\",\"dateModified\":\"2025-12-10T03:53:22+00:00\",\"breadcrumb\":{\"@id\":\"https:\\\/\\\/shopatoa.com\\\/ro\\\/dermacol-rimel-pentru-volum-just-mascara-extreme-volume-fast-effect-mascara-125-ml-black\\\/#breadcrumb\"},\"inLanguage\":\"ro-RO\",\"potentialAction\":[{\"@type\":\"ReadAction\",\"target\":[\"https:\\\/\\\/shopatoa.com\\\/ro\\\/dermacol-rimel-pentru-volum-just-mascara-extreme-volume-fast-effect-mascara-125-ml-black\\\/\"]}]},{\"@type\":\"ImageObject\",\"inLanguage\":\"ro-RO\",\"@id\":\"https:\\\/\\\/shopatoa.com\\\/ro\\\/dermacol-rimel-pentru-volum-just-mascara-extreme-volume-fast-effect-mascara-125-ml-black\\\/#primaryimage\",\"url\":\"https:\\\/\\\/storage.googleapis.com\\\/cz-shopatoa-img\\\/ro\\\/1409710f-unnamed-file.webp\",\"contentUrl\":\"https:\\\/\\\/storage.googleapis.com\\\/cz-shopatoa-img\\\/ro\\\/1409710f-unnamed-file.webp\",\"width\":800,\"height\":800},{\"@type\":\"BreadcrumbList\",\"@id\":\"https:\\\/\\\/shopatoa.com\\\/ro\\\/dermacol-rimel-pentru-volum-just-mascara-extreme-volume-fast-effect-mascara-125-ml-black\\\/#breadcrumb\",\"itemListElement\":[{\"@type\":\"ListItem\",\"position\":1,\"name\":\"Dom\u016f\",\"item\":\"https:\\\/\\\/shopatoa.com\\\/ro\\\/\"},{\"@type\":\"ListItem\",\"position\":2,\"name\":\"Shop\",\"item\":\"https:\\\/\\\/shopatoa.com\\\/ro\\\/shop\\\/\"},{\"@type\":\"ListItem\",\"position\":3,\"name\":\"Cosmetice\",\"item\":\"https:\\\/\\\/shopatoa.com\\\/ro\\\/cosmetice\\\/\"},{\"@type\":\"ListItem\",\"position\":4,\"name\":\"Cosmetice decorative\",\"item\":\"https:\\\/\\\/shopatoa.com\\\/ro\\\/cosmetice-decorative\\\/\"},{\"@type\":\"ListItem\",\"position\":5,\"name\":\"Machiaj pentru ochi\",\"item\":\"https:\\\/\\\/shopatoa.com\\\/ro\\\/machiaj-pentru-ochi\\\/\"},{\"@type\":\"ListItem\",\"position\":6,\"name\":\"Rimele\",\"item\":\"https:\\\/\\\/shopatoa.com\\\/ro\\\/rimele\\\/\"},{\"@type\":\"ListItem\",\"position\":7,\"name\":\"Dermacol Rimel pentru volum Just Mascara (Extreme Volume &amp; Fast Effect Mascara) 12,5 ml Black\"}]},{\"@type\":\"WebSite\",\"@id\":\"https:\\\/\\\/shopatoa.com\\\/ro\\\/#website\",\"url\":\"https:\\\/\\\/shopatoa.com\\\/ro\\\/\",\"name\":\"SHOPATOA\",\"description\":\"\",\"publisher\":{\"@id\":\"https:\\\/\\\/shopatoa.com\\\/ro\\\/#organization\"},\"potentialAction\":[{\"@type\":\"SearchAction\",\"target\":{\"@type\":\"EntryPoint\",\"urlTemplate\":\"https:\\\/\\\/shopatoa.com\\\/ro\\\/?s={search_term_string}\"},\"query-input\":{\"@type\":\"PropertyValueSpecification\",\"valueRequired\":true,\"valueName\":\"search_term_string\"}}],\"inLanguage\":\"ro-RO\"},{\"@type\":\"Organization\",\"@id\":\"https:\\\/\\\/shopatoa.com\\\/ro\\\/#organization\",\"name\":\"SHOPATOA\",\"url\":\"https:\\\/\\\/shopatoa.com\\\/ro\\\/\",\"logo\":{\"@type\":\"ImageObject\",\"inLanguage\":\"ro-RO\",\"@id\":\"https:\\\/\\\/shopatoa.com\\\/ro\\\/#\\\/schema\\\/logo\\\/image\\\/\",\"url\":\"https:\\\/\\\/storage.googleapis.com\\\/cz-shopatoa-img\\\/ro\\\/b4dac915-shopatoa_logo.png\",\"contentUrl\":\"https:\\\/\\\/storage.googleapis.com\\\/cz-shopatoa-img\\\/ro\\\/b4dac915-shopatoa_logo.png\",\"width\":416,\"height\":63,\"caption\":\"SHOPATOA\"},\"image\":{\"@id\":\"https:\\\/\\\/shopatoa.com\\\/ro\\\/#\\\/schema\\\/logo\\\/image\\\/\"}}]}<\/script>\n<!-- \/ Yoast SEO plugin. -->","yoast_head_json":{"title":"Dermacol Rimel pentru volum Just Mascara (Extreme Volume & Fast Effect Mascara) 12,5 ml Black - SHOPATOA.COM","robots":{"index":"index","follow":"follow","max-snippet":"max-snippet:-1","max-image-preview":"max-image-preview:large","max-video-preview":"max-video-preview:-1"},"canonical":"https:\/\/shopatoa.com\/ro\/dermacol-rimel-pentru-volum-just-mascara-extreme-volume-fast-effect-mascara-125-ml-black\/","og_locale":"ro_RO","og_type":"article","og_title":"Dermacol Rimel pentru volum Just Mascara (Extreme Volume & Fast Effect Mascara) 12,5 ml Black - SHOPATOA.COM","og_description":"Ob\u021bine\u021bi un volum extrem al genelor cu rimelul Just Mascara. Separ\u0103 perfect genele, le onduleaz\u0103 \u0219i, datorit\u0103 unei perii speciale, \u00eembrac\u0103 cu culoare chiar \u0219i cea mai scurt\u0103 gean\u0103 din col\u021bul ochiului. Rimelul nu numai c\u0103 eviden\u021biaz\u0103 perfect genele, ci \u0219i le \u00eengrije\u0219te. \u0218i asta datorit\u0103 con\u021binutului de ulei de argan \u0219i migdale. R\u0103sf\u0103\u021ba\u021bi-v\u0103 cu...","og_url":"https:\/\/shopatoa.com\/ro\/dermacol-rimel-pentru-volum-just-mascara-extreme-volume-fast-effect-mascara-125-ml-black\/","og_site_name":"SHOPATOA","article_modified_time":"2025-12-10T03:53:22+00:00","og_image":[{"width":800,"height":800,"url":"https:\/\/storage.googleapis.com\/cz-shopatoa-img\/ro\/1409710f-unnamed-file.webp","type":"image\/webp"}],"twitter_card":"summary_large_image","schema":{"@context":"https:\/\/schema.org","@graph":[{"@type":"WebPage","@id":"https:\/\/shopatoa.com\/ro\/dermacol-rimel-pentru-volum-just-mascara-extreme-volume-fast-effect-mascara-125-ml-black\/","url":"https:\/\/shopatoa.com\/ro\/dermacol-rimel-pentru-volum-just-mascara-extreme-volume-fast-effect-mascara-125-ml-black\/","name":"Dermacol Rimel pentru volum Just Mascara (Extreme Volume & Fast Effect Mascara) 12,5 ml Black - SHOPATOA.COM","isPartOf":{"@id":"https:\/\/shopatoa.com\/ro\/#website"},"primaryImageOfPage":{"@id":"https:\/\/shopatoa.com\/ro\/dermacol-rimel-pentru-volum-just-mascara-extreme-volume-fast-effect-mascara-125-ml-black\/#primaryimage"},"image":{"@id":"https:\/\/shopatoa.com\/ro\/dermacol-rimel-pentru-volum-just-mascara-extreme-volume-fast-effect-mascara-125-ml-black\/#primaryimage"},"thumbnailUrl":"https:\/\/storage.googleapis.com\/cz-shopatoa-img\/ro\/1409710f-unnamed-file.webp","datePublished":"2025-04-26T01:06:38+00:00","dateModified":"2025-12-10T03:53:22+00:00","breadcrumb":{"@id":"https:\/\/shopatoa.com\/ro\/dermacol-rimel-pentru-volum-just-mascara-extreme-volume-fast-effect-mascara-125-ml-black\/#breadcrumb"},"inLanguage":"ro-RO","potentialAction":[{"@type":"ReadAction","target":["https:\/\/shopatoa.com\/ro\/dermacol-rimel-pentru-volum-just-mascara-extreme-volume-fast-effect-mascara-125-ml-black\/"]}]},{"@type":"ImageObject","inLanguage":"ro-RO","@id":"https:\/\/shopatoa.com\/ro\/dermacol-rimel-pentru-volum-just-mascara-extreme-volume-fast-effect-mascara-125-ml-black\/#primaryimage","url":"https:\/\/storage.googleapis.com\/cz-shopatoa-img\/ro\/1409710f-unnamed-file.webp","contentUrl":"https:\/\/storage.googleapis.com\/cz-shopatoa-img\/ro\/1409710f-unnamed-file.webp","width":800,"height":800},{"@type":"BreadcrumbList","@id":"https:\/\/shopatoa.com\/ro\/dermacol-rimel-pentru-volum-just-mascara-extreme-volume-fast-effect-mascara-125-ml-black\/#breadcrumb","itemListElement":[{"@type":"ListItem","position":1,"name":"Dom\u016f","item":"https:\/\/shopatoa.com\/ro\/"},{"@type":"ListItem","position":2,"name":"Shop","item":"https:\/\/shopatoa.com\/ro\/shop\/"},{"@type":"ListItem","position":3,"name":"Cosmetice","item":"https:\/\/shopatoa.com\/ro\/cosmetice\/"},{"@type":"ListItem","position":4,"name":"Cosmetice decorative","item":"https:\/\/shopatoa.com\/ro\/cosmetice-decorative\/"},{"@type":"ListItem","position":5,"name":"Machiaj pentru ochi","item":"https:\/\/shopatoa.com\/ro\/machiaj-pentru-ochi\/"},{"@type":"ListItem","position":6,"name":"Rimele","item":"https:\/\/shopatoa.com\/ro\/rimele\/"},{"@type":"ListItem","position":7,"name":"Dermacol Rimel pentru volum Just Mascara (Extreme Volume &amp; Fast Effect Mascara) 12,5 ml Black"}]},{"@type":"WebSite","@id":"https:\/\/shopatoa.com\/ro\/#website","url":"https:\/\/shopatoa.com\/ro\/","name":"SHOPATOA","description":"","publisher":{"@id":"https:\/\/shopatoa.com\/ro\/#organization"},"potentialAction":[{"@type":"SearchAction","target":{"@type":"EntryPoint","urlTemplate":"https:\/\/shopatoa.com\/ro\/?s={search_term_string}"},"query-input":{"@type":"PropertyValueSpecification","valueRequired":true,"valueName":"search_term_string"}}],"inLanguage":"ro-RO"},{"@type":"Organization","@id":"https:\/\/shopatoa.com\/ro\/#organization","name":"SHOPATOA","url":"https:\/\/shopatoa.com\/ro\/","logo":{"@type":"ImageObject","inLanguage":"ro-RO","@id":"https:\/\/shopatoa.com\/ro\/#\/schema\/logo\/image\/","url":"https:\/\/storage.googleapis.com\/cz-shopatoa-img\/ro\/b4dac915-shopatoa_logo.png","contentUrl":"https:\/\/storage.googleapis.com\/cz-shopatoa-img\/ro\/b4dac915-shopatoa_logo.png","width":416,"height":63,"caption":"SHOPATOA"},"image":{"@id":"https:\/\/shopatoa.com\/ro\/#\/schema\/logo\/image\/"}}]}},"_links":{"self":[{"href":"https:\/\/shopatoa.com\/ro\/wp-json\/wp\/v2\/product\/255145","targetHints":{"allow":["GET"]}}],"collection":[{"href":"https:\/\/shopatoa.com\/ro\/wp-json\/wp\/v2\/product"}],"about":[{"href":"https:\/\/shopatoa.com\/ro\/wp-json\/wp\/v2\/types\/product"}],"replies":[{"embeddable":true,"href":"https:\/\/shopatoa.com\/ro\/wp-json\/wp\/v2\/comments?post=255145"}],"wp:featuredmedia":[{"embeddable":true,"href":"https:\/\/shopatoa.com\/ro\/wp-json\/wp\/v2\/media\/255146"}],"wp:attachment":[{"href":"https:\/\/shopatoa.com\/ro\/wp-json\/wp\/v2\/media?parent=255145"}],"wp:term":[{"taxonomy":"product_brand","embeddable":true,"href":"https:\/\/shopatoa.com\/ro\/wp-json\/wp\/v2\/product_brand?post=255145"},{"taxonomy":"product_cat","embeddable":true,"href":"https:\/\/shopatoa.com\/ro\/wp-json\/wp\/v2\/product_cat?post=255145"},{"taxonomy":"product_tag","embeddable":true,"href":"https:\/\/shopatoa.com\/ro\/wp-json\/wp\/v2\/product_tag?post=255145"}],"curies":[{"name":"wp","href":"https:\/\/api.w.org\/{rel}","templated":true}]}}